{"id":6517,"date":"2025-06-27T05:18:18","date_gmt":"2025-06-27T05:18:18","guid":{"rendered":"https:\/\/vitanet.al\/mjekesia-berthamore\/"},"modified":"2025-08-22T19:26:30","modified_gmt":"2025-08-22T19:26:30","slug":"mjekesia-berthamore","status":"publish","type":"page","link":"https:\/\/vitanet.al\/sq\/mjekesia-berthamore\/","title":{"rendered":"Mjek\u00ebsia b\u00ebrthamore"},"content":{"rendered":"\t\t<div data-elementor-type=\"wp-page\" data-elementor-id=\"6517\" class=\"elementor elementor-6517 elementor-5278\" data-elementor-post-type=\"page\">\n\t\t\t\t<div class=\"elementor-element elementor-element-7911416 e-flex e-con-boxed e-con e-parent\" data-id=\"7911416\" data-element_type=\"container\" data-e-type=\"container\" data-settings=\"{&quot;background_background&quot;:&quot;classic&quot;}\">\n\t\t\t\t\t<div class=\"e-con-inner\">\n\t\t<div class=\"elementor-element elementor-element-20ded03 e-con-full e-flex e-con e-child\" data-id=\"20ded03\" data-element_type=\"container\" data-e-type=\"container\">\n\t\t\t\t<div class=\"elementor-element elementor-element-2ce872e elementor-widget elementor-widget-heading\" data-id=\"2ce872e\" data-element_type=\"widget\" data-e-type=\"widget\" data-widget_type=\"heading.default\">\n\t\t\t\t<div class=\"elementor-widget-container\">\n\t\t\t\t\t<h1 class=\"elementor-heading-title elementor-size-default\">Mjek\u00ebsia b\u00ebrthamore<\/h1>\t\t\t\t<\/div>\n\t\t\t\t<\/div>\n\t\t\t\t<div class=\"elementor-element elementor-element-17890e3 elementor-widget elementor-widget-text-editor\" data-id=\"17890e3\" data-element_type=\"widget\" data-e-type=\"widget\" data-widget_type=\"text-editor.default\">\n\t\t\t\t<div class=\"elementor-widget-container\">\n\t\t\t\t\t\t\t\t\t<p>Vitanet \u00ebsht\u00eb kompania e par\u00eb n\u00eb Shqip\u00ebri q\u00eb licencohet p\u00ebr importin e mjek\u00ebsis\u00eb b\u00ebrthamore dhe radiofarmaceutik\u00ebve. N\u00ebn nj\u00eb licenc\u00eb t\u00eb posa\u00e7me, kompania furnizon produkte t\u00eb avancuara nga Monrol Turkey \u2013 nj\u00eb kompani Curium, duke sh\u00ebrbyer aktualisht institucione si Qendra Spitalore Universitare \u201eN\u00ebn\u00eb Tereza\u201c dhe Qendra Spitalore Rajonale e Tiran\u00ebs \u201eShefqet Ndroqi\u201c, n\u00eb partneritet me Institutin e Fizik\u00ebs B\u00ebrthamore t\u00eb Aplikuar. <\/p>\t\t\t\t\t\t\t\t<\/div>\n\t\t\t\t<\/div>\n\t\t\t\t<\/div>\n\t\t<div class=\"elementor-element elementor-element-abe6621 e-con-full e-flex e-con e-child\" data-id=\"abe6621\" data-element_type=\"container\" data-e-type=\"container\">\n\t\t\t\t<div class=\"elementor-element elementor-element-37a9665 elementor-widget elementor-widget-image\" data-id=\"37a9665\" data-element_type=\"widget\" data-e-type=\"widget\" data-widget_type=\"image.default\">\n\t\t\t\t<div class=\"elementor-widget-container\">\n\t\t\t\t\t\t\t\t\t\t\t\t\t\t\t<img fetchpriority=\"high\" decoding=\"async\" width=\"800\" height=\"534\" src=\"https:\/\/vitanet.al\/wp-content\/uploads\/2025\/07\/nuclear-medicine2-1024x683.webp\" class=\"attachment-large size-large wp-image-6437\" alt=\"\" srcset=\"https:\/\/vitanet.al\/wp-content\/uploads\/2025\/07\/nuclear-medicine2-1024x683.webp 1024w, https:\/\/vitanet.al\/wp-content\/uploads\/2025\/07\/nuclear-medicine2-300x200.webp 300w, https:\/\/vitanet.al\/wp-content\/uploads\/2025\/07\/nuclear-medicine2-768x512.webp 768w, https:\/\/vitanet.al\/wp-content\/uploads\/2025\/07\/nuclear-medicine2-1536x1025.webp 1536w, https:\/\/vitanet.al\/wp-content\/uploads\/2025\/07\/nuclear-medicine2-600x400.webp 600w, https:\/\/vitanet.al\/wp-content\/uploads\/2025\/07\/nuclear-medicine2.webp 1920w\" sizes=\"(max-width: 800px) 100vw, 800px\" \/>\t\t\t\t\t\t\t\t\t\t\t\t\t\t\t<\/div>\n\t\t\t\t<\/div>\n\t\t\t\t<\/div>\n\t\t\t\t\t<\/div>\n\t\t\t\t<\/div>\n\t\t<div class=\"elementor-element elementor-element-8882df4 e-flex e-con-boxed e-con e-parent\" data-id=\"8882df4\" data-element_type=\"container\" data-e-type=\"container\">\n\t\t\t\t\t<div class=\"e-con-inner\">\n\t\t<div class=\"elementor-element elementor-element-f8d3585 e-flex e-con-boxed e-con e-child\" data-id=\"f8d3585\" data-element_type=\"container\" data-e-type=\"container\">\n\t\t\t\t\t<div class=\"e-con-inner\">\n\t\t\t\t<div class=\"elementor-element elementor-element-6291442 elementor-widget elementor-widget-heading\" data-id=\"6291442\" data-element_type=\"widget\" data-e-type=\"widget\" data-widget_type=\"heading.default\">\n\t\t\t\t<div class=\"elementor-widget-container\">\n\t\t\t\t\t<h3 class=\"elementor-heading-title elementor-size-default\">Sh\u00ebrbimet tona<\/h3>\t\t\t\t<\/div>\n\t\t\t\t<\/div>\n\t\t\t\t<div class=\"elementor-element elementor-element-0cfec92 elementor-widget elementor-widget-heading\" data-id=\"0cfec92\" data-element_type=\"widget\" data-e-type=\"widget\" data-widget_type=\"heading.default\">\n\t\t\t\t<div class=\"elementor-widget-container\">\n\t\t\t\t\t<p class=\"elementor-heading-title elementor-size-default\">Ky tekst prezanton shkurtimisht vizitor\u00ebt me sh\u00ebrbimet tuaja kryesore.<\/p>\t\t\t\t<\/div>\n\t\t\t\t<\/div>\n\t\t\t\t\t<\/div>\n\t\t\t\t<\/div>\n\t\t<div class=\"elementor-element elementor-element-c0134f5 e-con-full e-flex e-con e-child\" data-id=\"c0134f5\" data-element_type=\"container\" data-e-type=\"container\">\n\t\t\t\t<div class=\"elementor-element elementor-element-4f2aa90 elementor-widget__width-initial elementor-widget-mobile__width-inherit elementor-position-top elementor-widget elementor-widget-image-box\" data-id=\"4f2aa90\" data-element_type=\"widget\" data-e-type=\"widget\" data-widget_type=\"image-box.default\">\n\t\t\t\t<div class=\"elementor-widget-container\">\n\t\t\t\t\t<div class=\"elementor-image-box-wrapper\"><figure class=\"elementor-image-box-img\"><a href=\"https:\/\/vitanet.al\/sq\/sherbime\/\" tabindex=\"-1\"><img decoding=\"async\" width=\"1920\" height=\"1280\" src=\"https:\/\/vitanet.al\/wp-content\/uploads\/2025\/07\/Pharmaceutical-Import-Export-Distribution.webp\" class=\"elementor-animation-grow attachment-full size-full wp-image-5814\" alt=\"\" srcset=\"https:\/\/vitanet.al\/wp-content\/uploads\/2025\/07\/Pharmaceutical-Import-Export-Distribution.webp 1920w, https:\/\/vitanet.al\/wp-content\/uploads\/2025\/07\/Pharmaceutical-Import-Export-Distribution-300x200.webp 300w, https:\/\/vitanet.al\/wp-content\/uploads\/2025\/07\/Pharmaceutical-Import-Export-Distribution-1024x683.webp 1024w, https:\/\/vitanet.al\/wp-content\/uploads\/2025\/07\/Pharmaceutical-Import-Export-Distribution-768x512.webp 768w, https:\/\/vitanet.al\/wp-content\/uploads\/2025\/07\/Pharmaceutical-Import-Export-Distribution-1536x1024.webp 1536w, https:\/\/vitanet.al\/wp-content\/uploads\/2025\/07\/Pharmaceutical-Import-Export-Distribution-600x400.webp 600w\" sizes=\"(max-width: 1920px) 100vw, 1920px\" \/><\/a><\/figure><div class=\"elementor-image-box-content\"><h4 class=\"elementor-image-box-title\"><a href=\"https:\/\/vitanet.al\/sq\/sherbime\/\">Import, eksport &amp; shp\u00ebrndarje farmaceutike<\/a><\/h4><p class=\"elementor-image-box-description\">Me nj\u00eb portofol t\u00eb fort\u00eb t\u00eb produkteve gjenerike dhe origjinale t\u00eb markave t\u00eb njohura, Vitanet renditet nd\u00ebr aktor\u00ebt kryesor\u00eb n\u00eb tregun farmaceutik shqiptar.<\/p><\/div><\/div>\t\t\t\t<\/div>\n\t\t\t\t<\/div>\n\t\t\t\t<div class=\"elementor-element elementor-element-50dc7db elementor-widget__width-initial elementor-widget-mobile__width-inherit elementor-position-top elementor-widget elementor-widget-image-box\" data-id=\"50dc7db\" data-element_type=\"widget\" data-e-type=\"widget\" data-widget_type=\"image-box.default\">\n\t\t\t\t<div class=\"elementor-widget-container\">\n\t\t\t\t\t<div class=\"elementor-image-box-wrapper\"><figure class=\"elementor-image-box-img\"><a href=\"https:\/\/vitanet.al\/sq\/pajisje-mjekesore-dhe-konsumable\/\" tabindex=\"-1\"><img decoding=\"async\" width=\"1920\" height=\"1280\" src=\"https:\/\/vitanet.al\/wp-content\/uploads\/2025\/07\/Medical-Devices-3.webp\" class=\"elementor-animation-grow attachment-full size-full wp-image-5799\" alt=\"\" srcset=\"https:\/\/vitanet.al\/wp-content\/uploads\/2025\/07\/Medical-Devices-3.webp 1920w, https:\/\/vitanet.al\/wp-content\/uploads\/2025\/07\/Medical-Devices-3-300x200.webp 300w, https:\/\/vitanet.al\/wp-content\/uploads\/2025\/07\/Medical-Devices-3-1024x683.webp 1024w, https:\/\/vitanet.al\/wp-content\/uploads\/2025\/07\/Medical-Devices-3-768x512.webp 768w, https:\/\/vitanet.al\/wp-content\/uploads\/2025\/07\/Medical-Devices-3-1536x1024.webp 1536w, https:\/\/vitanet.al\/wp-content\/uploads\/2025\/07\/Medical-Devices-3-600x400.webp 600w\" sizes=\"(max-width: 1920px) 100vw, 1920px\" \/><\/a><\/figure><div class=\"elementor-image-box-content\"><h4 class=\"elementor-image-box-title\"><a href=\"https:\/\/vitanet.al\/sq\/pajisje-mjekesore-dhe-konsumable\/\">Pajisje mjek\u00ebsore &amp; materiale konsumi<\/a><\/h4><p class=\"elementor-image-box-description\">Prej pes\u00eb vitesh, Vitanet \u00ebsht\u00eb zgjeruar n\u00eb importin dhe shp\u00ebrndarjen e materialeve mjek\u00ebsore t\u00eb konsumit, pajisjeve dhe aparaturave mjek\u00ebsore, kryesisht p\u00ebr sektorin spitalor. <\/p><\/div><\/div>\t\t\t\t<\/div>\n\t\t\t\t<\/div>\n\t\t\t\t<div class=\"elementor-element elementor-element-21d8547 elementor-widget__width-initial elementor-widget-mobile__width-inherit elementor-position-top elementor-widget elementor-widget-image-box\" data-id=\"21d8547\" data-element_type=\"widget\" data-e-type=\"widget\" data-widget_type=\"image-box.default\">\n\t\t\t\t<div class=\"elementor-widget-container\">\n\t\t\t\t\t<div class=\"elementor-image-box-wrapper\"><figure class=\"elementor-image-box-img\"><a href=\"https:\/\/vitanet.al\/sq\/mjekesia-berthamore\/\" tabindex=\"-1\"><img loading=\"lazy\" decoding=\"async\" width=\"1920\" height=\"1281\" src=\"https:\/\/vitanet.al\/wp-content\/uploads\/2025\/07\/nuclear-medicine2.webp\" class=\"elementor-animation-grow attachment-full size-full wp-image-5808\" alt=\"\" srcset=\"https:\/\/vitanet.al\/wp-content\/uploads\/2025\/07\/nuclear-medicine2.webp 1920w, https:\/\/vitanet.al\/wp-content\/uploads\/2025\/07\/nuclear-medicine2-300x200.webp 300w, https:\/\/vitanet.al\/wp-content\/uploads\/2025\/07\/nuclear-medicine2-1024x683.webp 1024w, https:\/\/vitanet.al\/wp-content\/uploads\/2025\/07\/nuclear-medicine2-768x512.webp 768w, https:\/\/vitanet.al\/wp-content\/uploads\/2025\/07\/nuclear-medicine2-1536x1025.webp 1536w, https:\/\/vitanet.al\/wp-content\/uploads\/2025\/07\/nuclear-medicine2-600x400.webp 600w\" sizes=\"(max-width: 1920px) 100vw, 1920px\" \/><\/a><\/figure><div class=\"elementor-image-box-content\"><h4 class=\"elementor-image-box-title\"><a href=\"https:\/\/vitanet.al\/sq\/mjekesia-berthamore\/\">Mjek\u00ebsia b\u00ebrthamore<\/a><\/h4><p class=\"elementor-image-box-description\">Q\u00eb nga viti i kaluar, Vitanet \u00ebsht\u00eb b\u00ebr\u00eb kompania e par\u00eb n\u00eb Shqip\u00ebri e licencuar p\u00ebr importin e produkteve t\u00eb mjek\u00ebsis\u00eb b\u00ebrthamore\/radiofarmaceutik\u00ebve.<\/p><\/div><\/div>\t\t\t\t<\/div>\n\t\t\t\t<\/div>\n\t\t\t\t<div class=\"elementor-element elementor-element-0f451af elementor-widget__width-initial elementor-widget-mobile__width-inherit elementor-position-top elementor-widget elementor-widget-image-box\" data-id=\"0f451af\" data-element_type=\"widget\" data-e-type=\"widget\" data-widget_type=\"image-box.default\">\n\t\t\t\t<div class=\"elementor-widget-container\">\n\t\t\t\t\t<div class=\"elementor-image-box-wrapper\"><figure class=\"elementor-image-box-img\"><a href=\"https:\/\/vitanet.al\/sq\/fusha-te-tjera-biznesi\/\" tabindex=\"-1\"><img loading=\"lazy\" decoding=\"async\" width=\"1920\" height=\"1280\" src=\"https:\/\/vitanet.al\/wp-content\/uploads\/2025\/07\/Business-areas.webp\" class=\"elementor-animation-grow attachment-full size-full wp-image-5845\" alt=\"\" srcset=\"https:\/\/vitanet.al\/wp-content\/uploads\/2025\/07\/Business-areas.webp 1920w, https:\/\/vitanet.al\/wp-content\/uploads\/2025\/07\/Business-areas-300x200.webp 300w, https:\/\/vitanet.al\/wp-content\/uploads\/2025\/07\/Business-areas-1024x683.webp 1024w, https:\/\/vitanet.al\/wp-content\/uploads\/2025\/07\/Business-areas-768x512.webp 768w, https:\/\/vitanet.al\/wp-content\/uploads\/2025\/07\/Business-areas-1536x1024.webp 1536w, https:\/\/vitanet.al\/wp-content\/uploads\/2025\/07\/Business-areas-600x400.webp 600w\" sizes=\"(max-width: 1920px) 100vw, 1920px\" \/><\/a><\/figure><div class=\"elementor-image-box-content\"><h4 class=\"elementor-image-box-title\"><a href=\"https:\/\/vitanet.al\/sq\/fusha-te-tjera-biznesi\/\">Fusha shtes\u00eb biznesi<\/a><\/h4><p class=\"elementor-image-box-description\">Fusha t\u00eb tjera tregtie \u2013 materiale didaktike, materiale elektorale, pajisje speciale sigurie, pajisje laboratorike p\u00ebr k\u00ebrkime shkencore.<\/p><\/div><\/div>\t\t\t\t<\/div>\n\t\t\t\t<\/div>\n\t\t\t\t<\/div>\n\t\t\t\t\t<\/div>\n\t\t\t\t<\/div>\n\t\t\t\t<\/div>\n\t\t","protected":false},"excerpt":{"rendered":"<p>Mjek\u00ebsia b\u00ebrthamore Vitanet \u00ebsht\u00eb kompania e par\u00eb n\u00eb Shqip\u00ebri q\u00eb licencohet p\u00ebr importin e mjek\u00ebsis\u00eb b\u00ebrthamore dhe radiofarmaceutik\u00ebve. N\u00ebn nj\u00eb licenc\u00eb t\u00eb posa\u00e7me, kompania furnizon produkte t\u00eb avancuara nga Monrol Turkey \u2013 nj\u00eb kompani Curium, duke sh\u00ebrbyer aktualisht institucione si Qendra Spitalore Universitare \u201eN\u00ebn\u00eb Tereza\u201c dhe Qendra Spitalore Rajonale e Tiran\u00ebs \u201eShefqet Ndroqi\u201c, n\u00eb partneritet [&hellip;]<\/p>\n","protected":false},"author":1,"featured_media":0,"parent":0,"menu_order":0,"comment_status":"closed","ping_status":"closed","template":"","meta":{"footnotes":""},"class_list":["post-6517","page","type-page","status-publish","hentry"],"yoast_head":"<!-- This site is optimized with the Yoast SEO plugin v27.4 - https:\/\/yoast.com\/product\/yoast-seo-wordpress\/ -->\n<title>Mjek\u00ebsia b\u00ebrthamore - VITANET ALBANIA<\/title>\n<meta name=\"robots\" content=\"index, follow, max-snippet:-1, max-image-preview:large, max-video-preview:-1\" \/>\n<link rel=\"canonical\" href=\"https:\/\/vitanet.al\/sq\/mjekesia-berthamore\/\" \/>\n<meta property=\"og:locale\" content=\"sq_AL\" \/>\n<meta property=\"og:type\" content=\"article\" \/>\n<meta property=\"og:title\" content=\"Mjek\u00ebsia b\u00ebrthamore - VITANET ALBANIA\" \/>\n<meta property=\"og:description\" content=\"Mjek\u00ebsia b\u00ebrthamore Vitanet \u00ebsht\u00eb kompania e par\u00eb n\u00eb Shqip\u00ebri q\u00eb licencohet p\u00ebr importin e mjek\u00ebsis\u00eb b\u00ebrthamore dhe radiofarmaceutik\u00ebve. N\u00ebn nj\u00eb licenc\u00eb t\u00eb posa\u00e7me, kompania furnizon produkte t\u00eb avancuara nga Monrol Turkey \u2013 nj\u00eb kompani Curium, duke sh\u00ebrbyer aktualisht institucione si Qendra Spitalore Universitare \u201eN\u00ebn\u00eb Tereza\u201c dhe Qendra Spitalore Rajonale e Tiran\u00ebs \u201eShefqet Ndroqi\u201c, n\u00eb partneritet [&hellip;]\" \/>\n<meta property=\"og:url\" content=\"https:\/\/vitanet.al\/sq\/mjekesia-berthamore\/\" \/>\n<meta property=\"og:site_name\" content=\"VITANET ALBANIA\" \/>\n<meta property=\"article:modified_time\" content=\"2025-08-22T19:26:30+00:00\" \/>\n<meta property=\"og:image\" content=\"https:\/\/vitanet.al\/wp-content\/uploads\/2025\/07\/nuclear-medicine2.webp\" \/>\n\t<meta property=\"og:image:width\" content=\"1920\" \/>\n\t<meta property=\"og:image:height\" content=\"1281\" \/>\n\t<meta property=\"og:image:type\" content=\"image\/webp\" \/>\n<meta name=\"twitter:card\" content=\"summary_large_image\" \/>\n<meta name=\"twitter:label1\" content=\"Est. reading time\" \/>\n\t<meta name=\"twitter:data1\" content=\"2 minutes\" \/>\n<script type=\"application\/ld+json\" class=\"yoast-schema-graph\">{\"@context\":\"https:\\\/\\\/schema.org\",\"@graph\":[{\"@type\":\"WebPage\",\"@id\":\"https:\\\/\\\/vitanet.al\\\/sq\\\/mjekesia-berthamore\\\/\",\"url\":\"https:\\\/\\\/vitanet.al\\\/sq\\\/mjekesia-berthamore\\\/\",\"name\":\"Mjek\u00ebsia b\u00ebrthamore - VITANET ALBANIA\",\"isPartOf\":{\"@id\":\"https:\\\/\\\/vitanet.al\\\/sq\\\/#website\"},\"primaryImageOfPage\":{\"@id\":\"https:\\\/\\\/vitanet.al\\\/sq\\\/mjekesia-berthamore\\\/#primaryimage\"},\"image\":{\"@id\":\"https:\\\/\\\/vitanet.al\\\/sq\\\/mjekesia-berthamore\\\/#primaryimage\"},\"thumbnailUrl\":\"https:\\\/\\\/vitanet.al\\\/wp-content\\\/uploads\\\/2025\\\/07\\\/nuclear-medicine2-1024x683.webp\",\"datePublished\":\"2025-06-27T05:18:18+00:00\",\"dateModified\":\"2025-08-22T19:26:30+00:00\",\"breadcrumb\":{\"@id\":\"https:\\\/\\\/vitanet.al\\\/sq\\\/mjekesia-berthamore\\\/#breadcrumb\"},\"inLanguage\":\"sq-AL\",\"potentialAction\":[{\"@type\":\"ReadAction\",\"target\":[\"https:\\\/\\\/vitanet.al\\\/sq\\\/mjekesia-berthamore\\\/\"]}]},{\"@type\":\"ImageObject\",\"inLanguage\":\"sq-AL\",\"@id\":\"https:\\\/\\\/vitanet.al\\\/sq\\\/mjekesia-berthamore\\\/#primaryimage\",\"url\":\"https:\\\/\\\/vitanet.al\\\/wp-content\\\/uploads\\\/2025\\\/07\\\/nuclear-medicine2-1024x683.webp\",\"contentUrl\":\"https:\\\/\\\/vitanet.al\\\/wp-content\\\/uploads\\\/2025\\\/07\\\/nuclear-medicine2-1024x683.webp\"},{\"@type\":\"BreadcrumbList\",\"@id\":\"https:\\\/\\\/vitanet.al\\\/sq\\\/mjekesia-berthamore\\\/#breadcrumb\",\"itemListElement\":[{\"@type\":\"ListItem\",\"position\":1,\"name\":\"Home\",\"item\":\"https:\\\/\\\/vitanet.al\\\/sq\\\/\"},{\"@type\":\"ListItem\",\"position\":2,\"name\":\"Mjek\u00ebsia b\u00ebrthamore\"}]},{\"@type\":\"WebSite\",\"@id\":\"https:\\\/\\\/vitanet.al\\\/sq\\\/#website\",\"url\":\"https:\\\/\\\/vitanet.al\\\/sq\\\/\",\"name\":\"VITANET ALBANIA\",\"description\":\"\",\"publisher\":{\"@id\":\"https:\\\/\\\/vitanet.al\\\/sq\\\/#organization\"},\"potentialAction\":[{\"@type\":\"SearchAction\",\"target\":{\"@type\":\"EntryPoint\",\"urlTemplate\":\"https:\\\/\\\/vitanet.al\\\/sq\\\/?s={search_term_string}\"},\"query-input\":{\"@type\":\"PropertyValueSpecification\",\"valueRequired\":true,\"valueName\":\"search_term_string\"}}],\"inLanguage\":\"sq-AL\"},{\"@type\":\"Organization\",\"@id\":\"https:\\\/\\\/vitanet.al\\\/sq\\\/#organization\",\"name\":\"VITANET ALBANIA\",\"url\":\"https:\\\/\\\/vitanet.al\\\/sq\\\/\",\"logo\":{\"@type\":\"ImageObject\",\"inLanguage\":\"sq-AL\",\"@id\":\"https:\\\/\\\/vitanet.al\\\/sq\\\/#\\\/schema\\\/logo\\\/image\\\/\",\"url\":\"https:\\\/\\\/vitanet.al\\\/wp-content\\\/uploads\\\/2022\\\/02\\\/Vitanet_Logo-scaled.webp\",\"contentUrl\":\"https:\\\/\\\/vitanet.al\\\/wp-content\\\/uploads\\\/2022\\\/02\\\/Vitanet_Logo-scaled.webp\",\"width\":2560,\"height\":714,\"caption\":\"VITANET ALBANIA\"},\"image\":{\"@id\":\"https:\\\/\\\/vitanet.al\\\/sq\\\/#\\\/schema\\\/logo\\\/image\\\/\"}}]}<\/script>\n<!-- \/ Yoast SEO plugin. -->","yoast_head_json":{"title":"Mjek\u00ebsia b\u00ebrthamore - VITANET ALBANIA","robots":{"index":"index","follow":"follow","max-snippet":"max-snippet:-1","max-image-preview":"max-image-preview:large","max-video-preview":"max-video-preview:-1"},"canonical":"https:\/\/vitanet.al\/sq\/mjekesia-berthamore\/","og_locale":"sq_AL","og_type":"article","og_title":"Mjek\u00ebsia b\u00ebrthamore - VITANET ALBANIA","og_description":"Mjek\u00ebsia b\u00ebrthamore Vitanet \u00ebsht\u00eb kompania e par\u00eb n\u00eb Shqip\u00ebri q\u00eb licencohet p\u00ebr importin e mjek\u00ebsis\u00eb b\u00ebrthamore dhe radiofarmaceutik\u00ebve. N\u00ebn nj\u00eb licenc\u00eb t\u00eb posa\u00e7me, kompania furnizon produkte t\u00eb avancuara nga Monrol Turkey \u2013 nj\u00eb kompani Curium, duke sh\u00ebrbyer aktualisht institucione si Qendra Spitalore Universitare \u201eN\u00ebn\u00eb Tereza\u201c dhe Qendra Spitalore Rajonale e Tiran\u00ebs \u201eShefqet Ndroqi\u201c, n\u00eb partneritet [&hellip;]","og_url":"https:\/\/vitanet.al\/sq\/mjekesia-berthamore\/","og_site_name":"VITANET ALBANIA","article_modified_time":"2025-08-22T19:26:30+00:00","og_image":[{"width":1920,"height":1281,"url":"https:\/\/vitanet.al\/wp-content\/uploads\/2025\/07\/nuclear-medicine2.webp","type":"image\/webp"}],"twitter_card":"summary_large_image","twitter_misc":{"Est. reading time":"2 minutes"},"schema":{"@context":"https:\/\/schema.org","@graph":[{"@type":"WebPage","@id":"https:\/\/vitanet.al\/sq\/mjekesia-berthamore\/","url":"https:\/\/vitanet.al\/sq\/mjekesia-berthamore\/","name":"Mjek\u00ebsia b\u00ebrthamore - VITANET ALBANIA","isPartOf":{"@id":"https:\/\/vitanet.al\/sq\/#website"},"primaryImageOfPage":{"@id":"https:\/\/vitanet.al\/sq\/mjekesia-berthamore\/#primaryimage"},"image":{"@id":"https:\/\/vitanet.al\/sq\/mjekesia-berthamore\/#primaryimage"},"thumbnailUrl":"https:\/\/vitanet.al\/wp-content\/uploads\/2025\/07\/nuclear-medicine2-1024x683.webp","datePublished":"2025-06-27T05:18:18+00:00","dateModified":"2025-08-22T19:26:30+00:00","breadcrumb":{"@id":"https:\/\/vitanet.al\/sq\/mjekesia-berthamore\/#breadcrumb"},"inLanguage":"sq-AL","potentialAction":[{"@type":"ReadAction","target":["https:\/\/vitanet.al\/sq\/mjekesia-berthamore\/"]}]},{"@type":"ImageObject","inLanguage":"sq-AL","@id":"https:\/\/vitanet.al\/sq\/mjekesia-berthamore\/#primaryimage","url":"https:\/\/vitanet.al\/wp-content\/uploads\/2025\/07\/nuclear-medicine2-1024x683.webp","contentUrl":"https:\/\/vitanet.al\/wp-content\/uploads\/2025\/07\/nuclear-medicine2-1024x683.webp"},{"@type":"BreadcrumbList","@id":"https:\/\/vitanet.al\/sq\/mjekesia-berthamore\/#breadcrumb","itemListElement":[{"@type":"ListItem","position":1,"name":"Home","item":"https:\/\/vitanet.al\/sq\/"},{"@type":"ListItem","position":2,"name":"Mjek\u00ebsia b\u00ebrthamore"}]},{"@type":"WebSite","@id":"https:\/\/vitanet.al\/sq\/#website","url":"https:\/\/vitanet.al\/sq\/","name":"VITANET ALBANIA","description":"","publisher":{"@id":"https:\/\/vitanet.al\/sq\/#organization"},"potentialAction":[{"@type":"SearchAction","target":{"@type":"EntryPoint","urlTemplate":"https:\/\/vitanet.al\/sq\/?s={search_term_string}"},"query-input":{"@type":"PropertyValueSpecification","valueRequired":true,"valueName":"search_term_string"}}],"inLanguage":"sq-AL"},{"@type":"Organization","@id":"https:\/\/vitanet.al\/sq\/#organization","name":"VITANET ALBANIA","url":"https:\/\/vitanet.al\/sq\/","logo":{"@type":"ImageObject","inLanguage":"sq-AL","@id":"https:\/\/vitanet.al\/sq\/#\/schema\/logo\/image\/","url":"https:\/\/vitanet.al\/wp-content\/uploads\/2022\/02\/Vitanet_Logo-scaled.webp","contentUrl":"https:\/\/vitanet.al\/wp-content\/uploads\/2022\/02\/Vitanet_Logo-scaled.webp","width":2560,"height":714,"caption":"VITANET ALBANIA"},"image":{"@id":"https:\/\/vitanet.al\/sq\/#\/schema\/logo\/image\/"}}]}},"_links":{"self":[{"href":"https:\/\/vitanet.al\/sq\/wp-json\/wp\/v2\/pages\/6517","targetHints":{"allow":["GET"]}}],"collection":[{"href":"https:\/\/vitanet.al\/sq\/wp-json\/wp\/v2\/pages"}],"about":[{"href":"https:\/\/vitanet.al\/sq\/wp-json\/wp\/v2\/types\/page"}],"author":[{"embeddable":true,"href":"https:\/\/vitanet.al\/sq\/wp-json\/wp\/v2\/users\/1"}],"replies":[{"embeddable":true,"href":"https:\/\/vitanet.al\/sq\/wp-json\/wp\/v2\/comments?post=6517"}],"version-history":[{"count":4,"href":"https:\/\/vitanet.al\/sq\/wp-json\/wp\/v2\/pages\/6517\/revisions"}],"predecessor-version":[{"id":6576,"href":"https:\/\/vitanet.al\/sq\/wp-json\/wp\/v2\/pages\/6517\/revisions\/6576"}],"wp:attachment":[{"href":"https:\/\/vitanet.al\/sq\/wp-json\/wp\/v2\/media?parent=6517"}],"curies":[{"name":"wp","href":"https:\/\/api.w.org\/{rel}","templated":true}]}}