{"id":6522,"date":"2025-06-27T05:20:37","date_gmt":"2025-06-27T05:20:37","guid":{"rendered":"https:\/\/vitanet.al\/fusha-te-tjera-biznesi\/"},"modified":"2025-08-22T19:27:41","modified_gmt":"2025-08-22T19:27:41","slug":"fusha-te-tjera-biznesi","status":"publish","type":"page","link":"https:\/\/vitanet.al\/sq\/fusha-te-tjera-biznesi\/","title":{"rendered":"Fusha t\u00eb tjera biznesi\u200b"},"content":{"rendered":"\t\t<div data-elementor-type=\"wp-page\" data-elementor-id=\"6522\" class=\"elementor elementor-6522 elementor-5284\" data-elementor-post-type=\"page\">\n\t\t\t\t<div class=\"elementor-element elementor-element-09b1b3c e-flex e-con-boxed e-con e-parent\" data-id=\"09b1b3c\" data-element_type=\"container\" data-e-type=\"container\" data-settings=\"{&quot;background_background&quot;:&quot;classic&quot;}\">\n\t\t\t\t\t<div class=\"e-con-inner\">\n\t\t<div class=\"elementor-element elementor-element-5f8a93c e-con-full e-flex e-con e-child\" data-id=\"5f8a93c\" data-element_type=\"container\" data-e-type=\"container\">\n\t\t\t\t<div class=\"elementor-element elementor-element-de6d211 elementor-widget elementor-widget-heading\" data-id=\"de6d211\" data-element_type=\"widget\" data-e-type=\"widget\" data-widget_type=\"heading.default\">\n\t\t\t\t<div class=\"elementor-widget-container\">\n\t\t\t\t\t<h1 class=\"elementor-heading-title elementor-size-default\">Fusha shtes\u00eb biznesi<\/h1>\t\t\t\t<\/div>\n\t\t\t\t<\/div>\n\t\t\t\t<div class=\"elementor-element elementor-element-ab0c0e5 elementor-widget elementor-widget-text-editor\" data-id=\"ab0c0e5\" data-element_type=\"widget\" data-e-type=\"widget\" data-widget_type=\"text-editor.default\">\n\t\t\t\t<div class=\"elementor-widget-container\">\n\t\t\t\t\t\t\t\t\t<p>P\u00ebrve\u00e7 fokusit t\u00eb saj kryesor n\u00eb kujdesin sh\u00ebndet\u00ebsor dhe farmaceutik\u00eb, Vitanet ka zgjeruar fush\u00ebveprimin e saj p\u00ebr t\u00eb p\u00ebrfshir\u00eb nj\u00eb gam\u00eb t\u00eb larmishme produktesh dhe zgjidhjesh t\u00eb p\u00ebrshtatura p\u00ebr nevojat e sektorit institucional dhe publik. Nga materialet edukative dhe furnizimet zgjedhore deri te pajisjet e avancuara t\u00eb siguris\u00eb dhe mjetet k\u00ebrkimore, Vitanet mb\u00ebshtet industri t\u00eb ndryshme me mallra t\u00eb besueshme dhe me cil\u00ebsi t\u00eb lart\u00eb\u2014duke demonstruar p\u00ebrshtatshm\u00ebrin\u00eb dhe angazhimin e saj p\u00ebr t&#8217;u sh\u00ebrbyer k\u00ebrkesave n\u00eb zhvillim t\u00eb tregut shqiptar.<\/p><p>Vitanet operon gjithashtu n\u00eb disa sektor\u00eb t\u00eb diversifikuar, duke p\u00ebrfshir\u00eb furnizimin me:<\/p><ul><li>Materiale edukative dhe didaktike<\/li><li>Materiale zgjedhore<\/li><li>Pajisje sigurie dhe mbrojt\u00ebse t\u00eb specializuara<\/li><li>Mjete laboratori dhe k\u00ebrkimore<\/li><li>Mallra p\u00ebr marketing, sport dhe arg\u00ebtim<\/li><li>Ky zgjerim pasqyron shkatht\u00ebsin\u00eb e kompanis\u00eb dhe rolin e saj n\u00eb rritje n\u00eb tregtin\u00eb e p\u00ebrgjithshme dhe furnizimin institucional.<\/li><\/ul>\t\t\t\t\t\t\t\t<\/div>\n\t\t\t\t<\/div>\n\t\t\t\t<\/div>\n\t\t<div class=\"elementor-element elementor-element-4fe092a e-con-full e-flex e-con e-child\" data-id=\"4fe092a\" data-element_type=\"container\" data-e-type=\"container\">\n\t\t\t\t<div class=\"elementor-element elementor-element-40789d7 elementor-widget elementor-widget-image\" data-id=\"40789d7\" data-element_type=\"widget\" data-e-type=\"widget\" data-widget_type=\"image.default\">\n\t\t\t\t<div class=\"elementor-widget-container\">\n\t\t\t\t\t\t\t\t\t\t\t\t\t\t\t<img fetchpriority=\"high\" decoding=\"async\" width=\"800\" height=\"534\" src=\"https:\/\/vitanet.al\/wp-content\/uploads\/2025\/06\/2148958363-1024x683.jpg\" class=\"attachment-large size-large wp-image-6389\" alt=\"\" srcset=\"https:\/\/vitanet.al\/wp-content\/uploads\/2025\/06\/2148958363-1024x683.jpg 1024w, https:\/\/vitanet.al\/wp-content\/uploads\/2025\/06\/2148958363-300x200.jpg 300w, https:\/\/vitanet.al\/wp-content\/uploads\/2025\/06\/2148958363-768x512.jpg 768w, https:\/\/vitanet.al\/wp-content\/uploads\/2025\/06\/2148958363-600x400.jpg 600w, https:\/\/vitanet.al\/wp-content\/uploads\/2025\/06\/2148958363.jpg 1500w\" sizes=\"(max-width: 800px) 100vw, 800px\" \/>\t\t\t\t\t\t\t\t\t\t\t\t\t\t\t<\/div>\n\t\t\t\t<\/div>\n\t\t\t\t<\/div>\n\t\t\t\t\t<\/div>\n\t\t\t\t<\/div>\n\t\t<div class=\"elementor-element elementor-element-8e9095d e-flex e-con-boxed e-con e-parent\" data-id=\"8e9095d\" data-element_type=\"container\" data-e-type=\"container\">\n\t\t\t\t\t<div class=\"e-con-inner\">\n\t\t<div class=\"elementor-element elementor-element-f74d600 e-flex e-con-boxed e-con e-child\" data-id=\"f74d600\" data-element_type=\"container\" data-e-type=\"container\">\n\t\t\t\t\t<div class=\"e-con-inner\">\n\t\t\t\t<div class=\"elementor-element elementor-element-607a0c3 elementor-widget elementor-widget-heading\" data-id=\"607a0c3\" data-element_type=\"widget\" data-e-type=\"widget\" data-widget_type=\"heading.default\">\n\t\t\t\t<div class=\"elementor-widget-container\">\n\t\t\t\t\t<h3 class=\"elementor-heading-title elementor-size-default\">Sh\u00ebrbimet tona<\/h3>\t\t\t\t<\/div>\n\t\t\t\t<\/div>\n\t\t\t\t<div class=\"elementor-element elementor-element-8722462 elementor-widget elementor-widget-heading\" data-id=\"8722462\" data-element_type=\"widget\" data-e-type=\"widget\" data-widget_type=\"heading.default\">\n\t\t\t\t<div class=\"elementor-widget-container\">\n\t\t\t\t\t<p class=\"elementor-heading-title elementor-size-default\">Ky tekst prezanton shkurtimisht vizitor\u00ebt me sh\u00ebrbimet tuaja kryesore.<\/p>\t\t\t\t<\/div>\n\t\t\t\t<\/div>\n\t\t\t\t\t<\/div>\n\t\t\t\t<\/div>\n\t\t<div class=\"elementor-element elementor-element-cd96f25 e-con-full e-flex e-con e-child\" data-id=\"cd96f25\" data-element_type=\"container\" data-e-type=\"container\">\n\t\t\t\t<div class=\"elementor-element elementor-element-5a95222 elementor-widget__width-initial elementor-widget-mobile__width-inherit elementor-position-top elementor-widget elementor-widget-image-box\" data-id=\"5a95222\" data-element_type=\"widget\" data-e-type=\"widget\" data-widget_type=\"image-box.default\">\n\t\t\t\t<div class=\"elementor-widget-container\">\n\t\t\t\t\t<div class=\"elementor-image-box-wrapper\"><figure class=\"elementor-image-box-img\"><a href=\"https:\/\/vitanet.al\/sq\/sherbime\/\" tabindex=\"-1\"><img decoding=\"async\" width=\"1920\" height=\"1280\" src=\"https:\/\/vitanet.al\/wp-content\/uploads\/2025\/07\/Pharmaceutical-Import-Export-Distribution.webp\" class=\"elementor-animation-grow attachment-full size-full wp-image-5814\" alt=\"\" srcset=\"https:\/\/vitanet.al\/wp-content\/uploads\/2025\/07\/Pharmaceutical-Import-Export-Distribution.webp 1920w, https:\/\/vitanet.al\/wp-content\/uploads\/2025\/07\/Pharmaceutical-Import-Export-Distribution-300x200.webp 300w, https:\/\/vitanet.al\/wp-content\/uploads\/2025\/07\/Pharmaceutical-Import-Export-Distribution-1024x683.webp 1024w, https:\/\/vitanet.al\/wp-content\/uploads\/2025\/07\/Pharmaceutical-Import-Export-Distribution-768x512.webp 768w, https:\/\/vitanet.al\/wp-content\/uploads\/2025\/07\/Pharmaceutical-Import-Export-Distribution-1536x1024.webp 1536w, https:\/\/vitanet.al\/wp-content\/uploads\/2025\/07\/Pharmaceutical-Import-Export-Distribution-600x400.webp 600w\" sizes=\"(max-width: 1920px) 100vw, 1920px\" \/><\/a><\/figure><div class=\"elementor-image-box-content\"><h4 class=\"elementor-image-box-title\"><a href=\"https:\/\/vitanet.al\/sq\/sherbime\/\">Import, eksport &amp; shp\u00ebrndarje farmaceutike<\/a><\/h4><p class=\"elementor-image-box-description\">Me nj\u00eb portofol t\u00eb fort\u00eb t\u00eb produkteve gjenerike dhe origjinale t\u00eb markave t\u00eb njohura, Vitanet renditet nd\u00ebr aktor\u00ebt kryesor\u00eb n\u00eb tregun farmaceutik shqiptar.<\/p><\/div><\/div>\t\t\t\t<\/div>\n\t\t\t\t<\/div>\n\t\t\t\t<div class=\"elementor-element elementor-element-696f7ff elementor-widget__width-initial elementor-widget-mobile__width-inherit elementor-position-top elementor-widget elementor-widget-image-box\" data-id=\"696f7ff\" data-element_type=\"widget\" data-e-type=\"widget\" data-widget_type=\"image-box.default\">\n\t\t\t\t<div class=\"elementor-widget-container\">\n\t\t\t\t\t<div class=\"elementor-image-box-wrapper\"><figure class=\"elementor-image-box-img\"><a href=\"https:\/\/vitanet.al\/sq\/pajisje-mjekesore-dhe-konsumable\/\" tabindex=\"-1\"><img decoding=\"async\" width=\"1920\" height=\"1280\" src=\"https:\/\/vitanet.al\/wp-content\/uploads\/2025\/07\/Medical-Devices-3.webp\" class=\"elementor-animation-grow attachment-full size-full wp-image-5799\" alt=\"\" srcset=\"https:\/\/vitanet.al\/wp-content\/uploads\/2025\/07\/Medical-Devices-3.webp 1920w, https:\/\/vitanet.al\/wp-content\/uploads\/2025\/07\/Medical-Devices-3-300x200.webp 300w, https:\/\/vitanet.al\/wp-content\/uploads\/2025\/07\/Medical-Devices-3-1024x683.webp 1024w, https:\/\/vitanet.al\/wp-content\/uploads\/2025\/07\/Medical-Devices-3-768x512.webp 768w, https:\/\/vitanet.al\/wp-content\/uploads\/2025\/07\/Medical-Devices-3-1536x1024.webp 1536w, https:\/\/vitanet.al\/wp-content\/uploads\/2025\/07\/Medical-Devices-3-600x400.webp 600w\" sizes=\"(max-width: 1920px) 100vw, 1920px\" \/><\/a><\/figure><div class=\"elementor-image-box-content\"><h4 class=\"elementor-image-box-title\"><a href=\"https:\/\/vitanet.al\/sq\/pajisje-mjekesore-dhe-konsumable\/\">Pajisje mjek\u00ebsore &amp; materiale konsumi<\/a><\/h4><p class=\"elementor-image-box-description\">Prej pes\u00eb vitesh, Vitanet \u00ebsht\u00eb zgjeruar n\u00eb importin dhe shp\u00ebrndarjen e materialeve mjek\u00ebsore t\u00eb konsumit, pajisjeve dhe aparaturave mjek\u00ebsore, kryesisht p\u00ebr sektorin spitalor. <\/p><\/div><\/div>\t\t\t\t<\/div>\n\t\t\t\t<\/div>\n\t\t\t\t<div class=\"elementor-element elementor-element-3cf0b21 elementor-widget__width-initial elementor-widget-mobile__width-inherit elementor-position-top elementor-widget elementor-widget-image-box\" data-id=\"3cf0b21\" data-element_type=\"widget\" data-e-type=\"widget\" data-widget_type=\"image-box.default\">\n\t\t\t\t<div class=\"elementor-widget-container\">\n\t\t\t\t\t<div class=\"elementor-image-box-wrapper\"><figure class=\"elementor-image-box-img\"><a href=\"https:\/\/vitanet.al\/sq\/mjekesia-berthamore\/\" tabindex=\"-1\"><img loading=\"lazy\" decoding=\"async\" width=\"1920\" height=\"1281\" src=\"https:\/\/vitanet.al\/wp-content\/uploads\/2025\/07\/nuclear-medicine2.webp\" class=\"elementor-animation-grow attachment-full size-full wp-image-5808\" alt=\"\" srcset=\"https:\/\/vitanet.al\/wp-content\/uploads\/2025\/07\/nuclear-medicine2.webp 1920w, https:\/\/vitanet.al\/wp-content\/uploads\/2025\/07\/nuclear-medicine2-300x200.webp 300w, https:\/\/vitanet.al\/wp-content\/uploads\/2025\/07\/nuclear-medicine2-1024x683.webp 1024w, https:\/\/vitanet.al\/wp-content\/uploads\/2025\/07\/nuclear-medicine2-768x512.webp 768w, https:\/\/vitanet.al\/wp-content\/uploads\/2025\/07\/nuclear-medicine2-1536x1025.webp 1536w, https:\/\/vitanet.al\/wp-content\/uploads\/2025\/07\/nuclear-medicine2-600x400.webp 600w\" sizes=\"(max-width: 1920px) 100vw, 1920px\" \/><\/a><\/figure><div class=\"elementor-image-box-content\"><h4 class=\"elementor-image-box-title\"><a href=\"https:\/\/vitanet.al\/sq\/mjekesia-berthamore\/\">Mjek\u00ebsia b\u00ebrthamore<\/a><\/h4><p class=\"elementor-image-box-description\">Q\u00eb nga viti i kaluar, Vitanet \u00ebsht\u00eb b\u00ebr\u00eb kompania e par\u00eb n\u00eb Shqip\u00ebri e licencuar p\u00ebr importin e produkteve t\u00eb mjek\u00ebsis\u00eb b\u00ebrthamore\/radiofarmaceutik\u00ebve.<\/p><\/div><\/div>\t\t\t\t<\/div>\n\t\t\t\t<\/div>\n\t\t\t\t<div class=\"elementor-element elementor-element-b8c0ebd elementor-widget__width-initial elementor-widget-mobile__width-inherit elementor-position-top elementor-widget elementor-widget-image-box\" data-id=\"b8c0ebd\" data-element_type=\"widget\" data-e-type=\"widget\" data-widget_type=\"image-box.default\">\n\t\t\t\t<div class=\"elementor-widget-container\">\n\t\t\t\t\t<div class=\"elementor-image-box-wrapper\"><figure class=\"elementor-image-box-img\"><a href=\"https:\/\/vitanet.al\/sq\/fusha-te-tjera-biznesi\/\" tabindex=\"-1\"><img loading=\"lazy\" decoding=\"async\" width=\"1920\" height=\"1280\" src=\"https:\/\/vitanet.al\/wp-content\/uploads\/2025\/07\/Business-areas.webp\" class=\"elementor-animation-grow attachment-full size-full wp-image-5845\" alt=\"\" srcset=\"https:\/\/vitanet.al\/wp-content\/uploads\/2025\/07\/Business-areas.webp 1920w, https:\/\/vitanet.al\/wp-content\/uploads\/2025\/07\/Business-areas-300x200.webp 300w, https:\/\/vitanet.al\/wp-content\/uploads\/2025\/07\/Business-areas-1024x683.webp 1024w, https:\/\/vitanet.al\/wp-content\/uploads\/2025\/07\/Business-areas-768x512.webp 768w, https:\/\/vitanet.al\/wp-content\/uploads\/2025\/07\/Business-areas-1536x1024.webp 1536w, https:\/\/vitanet.al\/wp-content\/uploads\/2025\/07\/Business-areas-600x400.webp 600w\" sizes=\"(max-width: 1920px) 100vw, 1920px\" \/><\/a><\/figure><div class=\"elementor-image-box-content\"><h4 class=\"elementor-image-box-title\"><a href=\"https:\/\/vitanet.al\/sq\/fusha-te-tjera-biznesi\/\">Fusha shtes\u00eb biznesi<\/a><\/h4><p class=\"elementor-image-box-description\">Fusha t\u00eb tjera tregtie \u2013 materiale didaktike, materiale elektorale, pajisje speciale sigurie, pajisje laboratorike p\u00ebr k\u00ebrkime shkencore.<\/p><\/div><\/div>\t\t\t\t<\/div>\n\t\t\t\t<\/div>\n\t\t\t\t<\/div>\n\t\t\t\t\t<\/div>\n\t\t\t\t<\/div>\n\t\t\t\t<\/div>\n\t\t","protected":false},"excerpt":{"rendered":"<p>Fusha shtes\u00eb biznesi P\u00ebrve\u00e7 fokusit t\u00eb saj kryesor n\u00eb kujdesin sh\u00ebndet\u00ebsor dhe farmaceutik\u00eb, Vitanet ka zgjeruar fush\u00ebveprimin e saj p\u00ebr t\u00eb p\u00ebrfshir\u00eb nj\u00eb gam\u00eb t\u00eb larmishme produktesh dhe zgjidhjesh t\u00eb p\u00ebrshtatura p\u00ebr nevojat e sektorit institucional dhe publik. Nga materialet edukative dhe furnizimet zgjedhore deri te pajisjet e avancuara t\u00eb siguris\u00eb dhe mjetet k\u00ebrkimore, Vitanet [&hellip;]<\/p>\n","protected":false},"author":1,"featured_media":0,"parent":0,"menu_order":0,"comment_status":"closed","ping_status":"closed","template":"","meta":{"footnotes":""},"class_list":["post-6522","page","type-page","status-publish","hentry"],"yoast_head":"<!-- This site is optimized with the Yoast SEO plugin v27.4 - https:\/\/yoast.com\/product\/yoast-seo-wordpress\/ -->\n<title>Fusha t\u00eb tjera biznesi\u200b - VITANET ALBANIA<\/title>\n<meta name=\"robots\" content=\"index, follow, max-snippet:-1, max-image-preview:large, max-video-preview:-1\" \/>\n<link rel=\"canonical\" href=\"https:\/\/vitanet.al\/sq\/fusha-te-tjera-biznesi\/\" \/>\n<meta property=\"og:locale\" content=\"sq_AL\" \/>\n<meta property=\"og:type\" content=\"article\" \/>\n<meta property=\"og:title\" content=\"Fusha t\u00eb tjera biznesi\u200b - VITANET ALBANIA\" \/>\n<meta property=\"og:description\" content=\"Fusha shtes\u00eb biznesi P\u00ebrve\u00e7 fokusit t\u00eb saj kryesor n\u00eb kujdesin sh\u00ebndet\u00ebsor dhe farmaceutik\u00eb, Vitanet ka zgjeruar fush\u00ebveprimin e saj p\u00ebr t\u00eb p\u00ebrfshir\u00eb nj\u00eb gam\u00eb t\u00eb larmishme produktesh dhe zgjidhjesh t\u00eb p\u00ebrshtatura p\u00ebr nevojat e sektorit institucional dhe publik. Nga materialet edukative dhe furnizimet zgjedhore deri te pajisjet e avancuara t\u00eb siguris\u00eb dhe mjetet k\u00ebrkimore, Vitanet [&hellip;]\" \/>\n<meta property=\"og:url\" content=\"https:\/\/vitanet.al\/sq\/fusha-te-tjera-biznesi\/\" \/>\n<meta property=\"og:site_name\" content=\"VITANET ALBANIA\" \/>\n<meta property=\"article:modified_time\" content=\"2025-08-22T19:27:41+00:00\" \/>\n<meta property=\"og:image\" content=\"https:\/\/vitanet.al\/wp-content\/uploads\/2025\/06\/2148958363.jpg\" \/>\n\t<meta property=\"og:image:width\" content=\"1500\" \/>\n\t<meta property=\"og:image:height\" content=\"1000\" \/>\n\t<meta property=\"og:image:type\" content=\"image\/jpeg\" \/>\n<meta name=\"twitter:card\" content=\"summary_large_image\" \/>\n<meta name=\"twitter:label1\" content=\"Est. reading time\" \/>\n\t<meta name=\"twitter:data1\" content=\"3 minutes\" \/>\n<script type=\"application\/ld+json\" class=\"yoast-schema-graph\">{\"@context\":\"https:\\\/\\\/schema.org\",\"@graph\":[{\"@type\":\"WebPage\",\"@id\":\"https:\\\/\\\/vitanet.al\\\/sq\\\/fusha-te-tjera-biznesi\\\/\",\"url\":\"https:\\\/\\\/vitanet.al\\\/sq\\\/fusha-te-tjera-biznesi\\\/\",\"name\":\"Fusha t\u00eb tjera biznesi\u200b - VITANET ALBANIA\",\"isPartOf\":{\"@id\":\"https:\\\/\\\/vitanet.al\\\/sq\\\/#website\"},\"primaryImageOfPage\":{\"@id\":\"https:\\\/\\\/vitanet.al\\\/sq\\\/fusha-te-tjera-biznesi\\\/#primaryimage\"},\"image\":{\"@id\":\"https:\\\/\\\/vitanet.al\\\/sq\\\/fusha-te-tjera-biznesi\\\/#primaryimage\"},\"thumbnailUrl\":\"https:\\\/\\\/vitanet.al\\\/wp-content\\\/uploads\\\/2025\\\/06\\\/2148958363-1024x683.jpg\",\"datePublished\":\"2025-06-27T05:20:37+00:00\",\"dateModified\":\"2025-08-22T19:27:41+00:00\",\"breadcrumb\":{\"@id\":\"https:\\\/\\\/vitanet.al\\\/sq\\\/fusha-te-tjera-biznesi\\\/#breadcrumb\"},\"inLanguage\":\"sq-AL\",\"potentialAction\":[{\"@type\":\"ReadAction\",\"target\":[\"https:\\\/\\\/vitanet.al\\\/sq\\\/fusha-te-tjera-biznesi\\\/\"]}]},{\"@type\":\"ImageObject\",\"inLanguage\":\"sq-AL\",\"@id\":\"https:\\\/\\\/vitanet.al\\\/sq\\\/fusha-te-tjera-biznesi\\\/#primaryimage\",\"url\":\"https:\\\/\\\/vitanet.al\\\/wp-content\\\/uploads\\\/2025\\\/06\\\/2148958363-1024x683.jpg\",\"contentUrl\":\"https:\\\/\\\/vitanet.al\\\/wp-content\\\/uploads\\\/2025\\\/06\\\/2148958363-1024x683.jpg\"},{\"@type\":\"BreadcrumbList\",\"@id\":\"https:\\\/\\\/vitanet.al\\\/sq\\\/fusha-te-tjera-biznesi\\\/#breadcrumb\",\"itemListElement\":[{\"@type\":\"ListItem\",\"position\":1,\"name\":\"Home\",\"item\":\"https:\\\/\\\/vitanet.al\\\/sq\\\/\"},{\"@type\":\"ListItem\",\"position\":2,\"name\":\"Fusha t\u00eb tjera biznesi\u200b\"}]},{\"@type\":\"WebSite\",\"@id\":\"https:\\\/\\\/vitanet.al\\\/sq\\\/#website\",\"url\":\"https:\\\/\\\/vitanet.al\\\/sq\\\/\",\"name\":\"VITANET ALBANIA\",\"description\":\"\",\"publisher\":{\"@id\":\"https:\\\/\\\/vitanet.al\\\/sq\\\/#organization\"},\"potentialAction\":[{\"@type\":\"SearchAction\",\"target\":{\"@type\":\"EntryPoint\",\"urlTemplate\":\"https:\\\/\\\/vitanet.al\\\/sq\\\/?s={search_term_string}\"},\"query-input\":{\"@type\":\"PropertyValueSpecification\",\"valueRequired\":true,\"valueName\":\"search_term_string\"}}],\"inLanguage\":\"sq-AL\"},{\"@type\":\"Organization\",\"@id\":\"https:\\\/\\\/vitanet.al\\\/sq\\\/#organization\",\"name\":\"VITANET ALBANIA\",\"url\":\"https:\\\/\\\/vitanet.al\\\/sq\\\/\",\"logo\":{\"@type\":\"ImageObject\",\"inLanguage\":\"sq-AL\",\"@id\":\"https:\\\/\\\/vitanet.al\\\/sq\\\/#\\\/schema\\\/logo\\\/image\\\/\",\"url\":\"https:\\\/\\\/vitanet.al\\\/wp-content\\\/uploads\\\/2022\\\/02\\\/Vitanet_Logo-scaled.webp\",\"contentUrl\":\"https:\\\/\\\/vitanet.al\\\/wp-content\\\/uploads\\\/2022\\\/02\\\/Vitanet_Logo-scaled.webp\",\"width\":2560,\"height\":714,\"caption\":\"VITANET ALBANIA\"},\"image\":{\"@id\":\"https:\\\/\\\/vitanet.al\\\/sq\\\/#\\\/schema\\\/logo\\\/image\\\/\"}}]}<\/script>\n<!-- \/ Yoast SEO plugin. -->","yoast_head_json":{"title":"Fusha t\u00eb tjera biznesi\u200b - VITANET ALBANIA","robots":{"index":"index","follow":"follow","max-snippet":"max-snippet:-1","max-image-preview":"max-image-preview:large","max-video-preview":"max-video-preview:-1"},"canonical":"https:\/\/vitanet.al\/sq\/fusha-te-tjera-biznesi\/","og_locale":"sq_AL","og_type":"article","og_title":"Fusha t\u00eb tjera biznesi\u200b - VITANET ALBANIA","og_description":"Fusha shtes\u00eb biznesi P\u00ebrve\u00e7 fokusit t\u00eb saj kryesor n\u00eb kujdesin sh\u00ebndet\u00ebsor dhe farmaceutik\u00eb, Vitanet ka zgjeruar fush\u00ebveprimin e saj p\u00ebr t\u00eb p\u00ebrfshir\u00eb nj\u00eb gam\u00eb t\u00eb larmishme produktesh dhe zgjidhjesh t\u00eb p\u00ebrshtatura p\u00ebr nevojat e sektorit institucional dhe publik. Nga materialet edukative dhe furnizimet zgjedhore deri te pajisjet e avancuara t\u00eb siguris\u00eb dhe mjetet k\u00ebrkimore, Vitanet [&hellip;]","og_url":"https:\/\/vitanet.al\/sq\/fusha-te-tjera-biznesi\/","og_site_name":"VITANET ALBANIA","article_modified_time":"2025-08-22T19:27:41+00:00","og_image":[{"width":1500,"height":1000,"url":"https:\/\/vitanet.al\/wp-content\/uploads\/2025\/06\/2148958363.jpg","type":"image\/jpeg"}],"twitter_card":"summary_large_image","twitter_misc":{"Est. reading time":"3 minutes"},"schema":{"@context":"https:\/\/schema.org","@graph":[{"@type":"WebPage","@id":"https:\/\/vitanet.al\/sq\/fusha-te-tjera-biznesi\/","url":"https:\/\/vitanet.al\/sq\/fusha-te-tjera-biznesi\/","name":"Fusha t\u00eb tjera biznesi\u200b - VITANET ALBANIA","isPartOf":{"@id":"https:\/\/vitanet.al\/sq\/#website"},"primaryImageOfPage":{"@id":"https:\/\/vitanet.al\/sq\/fusha-te-tjera-biznesi\/#primaryimage"},"image":{"@id":"https:\/\/vitanet.al\/sq\/fusha-te-tjera-biznesi\/#primaryimage"},"thumbnailUrl":"https:\/\/vitanet.al\/wp-content\/uploads\/2025\/06\/2148958363-1024x683.jpg","datePublished":"2025-06-27T05:20:37+00:00","dateModified":"2025-08-22T19:27:41+00:00","breadcrumb":{"@id":"https:\/\/vitanet.al\/sq\/fusha-te-tjera-biznesi\/#breadcrumb"},"inLanguage":"sq-AL","potentialAction":[{"@type":"ReadAction","target":["https:\/\/vitanet.al\/sq\/fusha-te-tjera-biznesi\/"]}]},{"@type":"ImageObject","inLanguage":"sq-AL","@id":"https:\/\/vitanet.al\/sq\/fusha-te-tjera-biznesi\/#primaryimage","url":"https:\/\/vitanet.al\/wp-content\/uploads\/2025\/06\/2148958363-1024x683.jpg","contentUrl":"https:\/\/vitanet.al\/wp-content\/uploads\/2025\/06\/2148958363-1024x683.jpg"},{"@type":"BreadcrumbList","@id":"https:\/\/vitanet.al\/sq\/fusha-te-tjera-biznesi\/#breadcrumb","itemListElement":[{"@type":"ListItem","position":1,"name":"Home","item":"https:\/\/vitanet.al\/sq\/"},{"@type":"ListItem","position":2,"name":"Fusha t\u00eb tjera biznesi\u200b"}]},{"@type":"WebSite","@id":"https:\/\/vitanet.al\/sq\/#website","url":"https:\/\/vitanet.al\/sq\/","name":"VITANET ALBANIA","description":"","publisher":{"@id":"https:\/\/vitanet.al\/sq\/#organization"},"potentialAction":[{"@type":"SearchAction","target":{"@type":"EntryPoint","urlTemplate":"https:\/\/vitanet.al\/sq\/?s={search_term_string}"},"query-input":{"@type":"PropertyValueSpecification","valueRequired":true,"valueName":"search_term_string"}}],"inLanguage":"sq-AL"},{"@type":"Organization","@id":"https:\/\/vitanet.al\/sq\/#organization","name":"VITANET ALBANIA","url":"https:\/\/vitanet.al\/sq\/","logo":{"@type":"ImageObject","inLanguage":"sq-AL","@id":"https:\/\/vitanet.al\/sq\/#\/schema\/logo\/image\/","url":"https:\/\/vitanet.al\/wp-content\/uploads\/2022\/02\/Vitanet_Logo-scaled.webp","contentUrl":"https:\/\/vitanet.al\/wp-content\/uploads\/2022\/02\/Vitanet_Logo-scaled.webp","width":2560,"height":714,"caption":"VITANET ALBANIA"},"image":{"@id":"https:\/\/vitanet.al\/sq\/#\/schema\/logo\/image\/"}}]}},"_links":{"self":[{"href":"https:\/\/vitanet.al\/sq\/wp-json\/wp\/v2\/pages\/6522","targetHints":{"allow":["GET"]}}],"collection":[{"href":"https:\/\/vitanet.al\/sq\/wp-json\/wp\/v2\/pages"}],"about":[{"href":"https:\/\/vitanet.al\/sq\/wp-json\/wp\/v2\/types\/page"}],"author":[{"embeddable":true,"href":"https:\/\/vitanet.al\/sq\/wp-json\/wp\/v2\/users\/1"}],"replies":[{"embeddable":true,"href":"https:\/\/vitanet.al\/sq\/wp-json\/wp\/v2\/comments?post=6522"}],"version-history":[{"count":4,"href":"https:\/\/vitanet.al\/sq\/wp-json\/wp\/v2\/pages\/6522\/revisions"}],"predecessor-version":[{"id":6579,"href":"https:\/\/vitanet.al\/sq\/wp-json\/wp\/v2\/pages\/6522\/revisions\/6579"}],"wp:attachment":[{"href":"https:\/\/vitanet.al\/sq\/wp-json\/wp\/v2\/media?parent=6522"}],"curies":[{"name":"wp","href":"https:\/\/api.w.org\/{rel}","templated":true}]}}