{"id":6502,"date":"2025-08-07T12:44:33","date_gmt":"2025-08-07T12:44:33","guid":{"rendered":"https:\/\/vitanet.al\/product\/proderm-shampo-0-12-muaj-400-ml\/"},"modified":"2025-08-07T12:44:33","modified_gmt":"2025-08-07T12:44:33","slug":"proderm-shampo-0-12-muaj-400-ml","status":"publish","type":"product","link":"https:\/\/vitanet.al\/sq\/product\/proderm-shampo-0-12-muaj-400-ml\/","title":{"rendered":"PRODERM SHAMPO 0-12 muaj 400 ML"},"content":{"rendered":"<p>Shampo Proderm p\u00ebr flok\u00ebt dhe trupin p\u00ebr f\u00ebmij\u00eb 0-12 muajsh me p\u00ebrmbajtje Vitamine E, nuk irriton syt\u00eb, me pH miq\u00ebsor p\u00ebr l\u00ebkur\u00ebn, pa sapun. Nuk p\u00ebrmban ngjyrues apo pastrues me baz\u00eb sulfate. P\u00ebrb\u00ebr\u00ebsit: Uj\u00eb, Glicerin, Kokamidopropil betaine, lauroil glutamate natriumi, Klorur Natriumi, Akrilate\/C10-30 Akil Akrilat Krospolimer, benzoate natriumi, kapril glikol, natriumi metil lauroil taurat, Parfum, Acid stearik, Acid citrik, Acid Laurik, Laurat natriumi, Acid Glutamik, Hidrokside natriumi, Tetrasodium EDTA, Natrium Metiltaurate, Tokoferil Acetat. Kujdes: Vet\u00ebm p\u00ebr p\u00ebrdorim t\u00eb jasht\u00ebm! I p\u00ebrshtatsh\u00ebm p\u00ebr p\u00ebrdorim t\u00eb shpesht\u00eb. Paketimi:400 ml     <\/p>\n","protected":false},"excerpt":{"rendered":"<p>Shampo Proderm p\u00ebr flok\u00ebt dhe trupin p\u00ebr f\u00ebmij\u00eb 0-12 muajsh me p\u00ebrmbajtje Vitamine E, nuk irriton syt\u00eb, me pH miq\u00ebsor p\u00ebr l\u00ebkur\u00ebn, pa sapun. Nuk p\u00ebrmban ngjyrues apo pastrues me baz\u00eb sulfate. P\u00ebrb\u00ebr\u00ebsit: Uj\u00eb, Glicerin, Kokamidopropil betaine, lauroil glutamate natriumi, Klorur Natriumi, Akrilate\/C10-30 Akil Akrilat Krospolimer, benzoate natriumi, kapril glikol, natriumi metil lauroil taurat, Parfum, Acid stearik, Acid citrik, Acid Laurik, Laurat natriumi, Acid Glutamik, Hidrokside natriumi, Tetrasodium EDTA, Natrium Metiltaurate, Tokoferil Acetat. Kujdes: Vet\u00ebm p\u00ebr p\u00ebrdorim t\u00eb jasht\u00ebm! I p\u00ebrshtatsh\u00ebm p\u00ebr p\u00ebrdorim t\u00eb shpesht\u00eb. Paketimi:400 ml     <\/p>\n","protected":false},"featured_media":6117,"template":"","meta":[],"product_brand":[88],"product_cat":[101],"product_tag":[],"class_list":{"0":"post-6502","1":"product","2":"type-product","3":"status-publish","4":"has-post-thumbnail","6":"product_brand-proderm","7":"product_cat-produkte-per-femije","9":"first","10":"instock","11":"shipping-taxable","12":"purchasable","13":"product-type-simple"},"yoast_head":"<!-- This site is optimized with the Yoast SEO plugin v27.5 - https:\/\/yoast.com\/product\/yoast-seo-wordpress\/ -->\n<title>PRODERM SHAMPO 0-12 muaj 400 ML - VITANET ALBANIA<\/title>\n<meta name=\"robots\" content=\"index, follow, max-snippet:-1, max-image-preview:large, max-video-preview:-1\" \/>\n<link rel=\"canonical\" href=\"https:\/\/vitanet.al\/sq\/product\/proderm-shampo-0-12-muaj-400-ml\/\" \/>\n<meta property=\"og:locale\" content=\"sq_AL\" \/>\n<meta property=\"og:type\" content=\"article\" \/>\n<meta property=\"og:title\" content=\"PRODERM SHAMPO 0-12 muaj 400 ML - VITANET ALBANIA\" \/>\n<meta property=\"og:description\" content=\"Shampo Proderm p\u00ebr flok\u00ebt dhe trupin p\u00ebr f\u00ebmij\u00eb 0-12 muajsh me p\u00ebrmbajtje Vitamine E, nuk irriton syt\u00eb, me pH miq\u00ebsor p\u00ebr l\u00ebkur\u00ebn, pa sapun. Nuk p\u00ebrmban ngjyrues apo pastrues me baz\u00eb sulfate. P\u00ebrb\u00ebr\u00ebsit: Uj\u00eb, Glicerin, Kokamidopropil betaine, lauroil glutamate natriumi, Klorur Natriumi, Akrilate\/C10-30 Akil Akrilat Krospolimer, benzoate natriumi, kapril glikol, natriumi metil lauroil taurat, Parfum, Acid stearik, Acid citrik, Acid Laurik, Laurat natriumi, Acid Glutamik, Hidrokside natriumi, Tetrasodium EDTA, Natrium Metiltaurate, Tokoferil Acetat. Kujdes: Vet\u00ebm p\u00ebr p\u00ebrdorim t\u00eb jasht\u00ebm! I p\u00ebrshtatsh\u00ebm p\u00ebr p\u00ebrdorim t\u00eb shpesht\u00eb. Paketimi:400 ml\" \/>\n<meta property=\"og:url\" content=\"https:\/\/vitanet.al\/sq\/product\/proderm-shampo-0-12-muaj-400-ml\/\" \/>\n<meta property=\"og:site_name\" content=\"VITANET ALBANIA\" \/>\n<meta property=\"og:image\" content=\"https:\/\/vitanet.al\/wp-content\/uploads\/2025\/08\/13.webp\" \/>\n\t<meta property=\"og:image:width\" content=\"1000\" \/>\n\t<meta property=\"og:image:height\" content=\"1000\" \/>\n\t<meta property=\"og:image:type\" content=\"image\/webp\" \/>\n<meta name=\"twitter:card\" content=\"summary_large_image\" \/>\n<meta name=\"twitter:label1\" content=\"Est. reading time\" \/>\n\t<meta name=\"twitter:data1\" content=\"1 minute\" \/>\n<script type=\"application\/ld+json\" class=\"yoast-schema-graph\">{\"@context\":\"https:\\\/\\\/schema.org\",\"@graph\":[{\"@type\":\"WebPage\",\"@id\":\"https:\\\/\\\/vitanet.al\\\/sq\\\/product\\\/proderm-shampo-0-12-muaj-400-ml\\\/\",\"url\":\"https:\\\/\\\/vitanet.al\\\/sq\\\/product\\\/proderm-shampo-0-12-muaj-400-ml\\\/\",\"name\":\"PRODERM SHAMPO 0-12 muaj 400 ML - VITANET ALBANIA\",\"isPartOf\":{\"@id\":\"https:\\\/\\\/vitanet.al\\\/sq\\\/#website\"},\"primaryImageOfPage\":{\"@id\":\"https:\\\/\\\/vitanet.al\\\/sq\\\/product\\\/proderm-shampo-0-12-muaj-400-ml\\\/#primaryimage\"},\"image\":{\"@id\":\"https:\\\/\\\/vitanet.al\\\/sq\\\/product\\\/proderm-shampo-0-12-muaj-400-ml\\\/#primaryimage\"},\"thumbnailUrl\":\"https:\\\/\\\/vitanet.al\\\/wp-content\\\/uploads\\\/2025\\\/08\\\/13.webp\",\"datePublished\":\"2025-08-07T12:44:33+00:00\",\"breadcrumb\":{\"@id\":\"https:\\\/\\\/vitanet.al\\\/sq\\\/product\\\/proderm-shampo-0-12-muaj-400-ml\\\/#breadcrumb\"},\"inLanguage\":\"sq-AL\",\"potentialAction\":[{\"@type\":\"ReadAction\",\"target\":[\"https:\\\/\\\/vitanet.al\\\/sq\\\/product\\\/proderm-shampo-0-12-muaj-400-ml\\\/\"]}]},{\"@type\":\"ImageObject\",\"inLanguage\":\"sq-AL\",\"@id\":\"https:\\\/\\\/vitanet.al\\\/sq\\\/product\\\/proderm-shampo-0-12-muaj-400-ml\\\/#primaryimage\",\"url\":\"https:\\\/\\\/vitanet.al\\\/wp-content\\\/uploads\\\/2025\\\/08\\\/13.webp\",\"contentUrl\":\"https:\\\/\\\/vitanet.al\\\/wp-content\\\/uploads\\\/2025\\\/08\\\/13.webp\",\"width\":1000,\"height\":1000},{\"@type\":\"BreadcrumbList\",\"@id\":\"https:\\\/\\\/vitanet.al\\\/sq\\\/product\\\/proderm-shampo-0-12-muaj-400-ml\\\/#breadcrumb\",\"itemListElement\":[{\"@type\":\"ListItem\",\"position\":1,\"name\":\"Home\",\"item\":\"https:\\\/\\\/vitanet.al\\\/sq\\\/\"},{\"@type\":\"ListItem\",\"position\":2,\"name\":\"Shop\",\"item\":\"https:\\\/\\\/vitanet.al\\\/sq\\\/shop\\\/\"},{\"@type\":\"ListItem\",\"position\":3,\"name\":\"PRODERM SHAMPO 0-12 muaj 400 ML\"}]},{\"@type\":\"WebSite\",\"@id\":\"https:\\\/\\\/vitanet.al\\\/sq\\\/#website\",\"url\":\"https:\\\/\\\/vitanet.al\\\/sq\\\/\",\"name\":\"VITANET ALBANIA\",\"description\":\"\",\"publisher\":{\"@id\":\"https:\\\/\\\/vitanet.al\\\/sq\\\/#organization\"},\"potentialAction\":[{\"@type\":\"SearchAction\",\"target\":{\"@type\":\"EntryPoint\",\"urlTemplate\":\"https:\\\/\\\/vitanet.al\\\/sq\\\/?s={search_term_string}\"},\"query-input\":{\"@type\":\"PropertyValueSpecification\",\"valueRequired\":true,\"valueName\":\"search_term_string\"}}],\"inLanguage\":\"sq-AL\"},{\"@type\":\"Organization\",\"@id\":\"https:\\\/\\\/vitanet.al\\\/sq\\\/#organization\",\"name\":\"VITANET ALBANIA\",\"url\":\"https:\\\/\\\/vitanet.al\\\/sq\\\/\",\"logo\":{\"@type\":\"ImageObject\",\"inLanguage\":\"sq-AL\",\"@id\":\"https:\\\/\\\/vitanet.al\\\/sq\\\/#\\\/schema\\\/logo\\\/image\\\/\",\"url\":\"https:\\\/\\\/vitanet.al\\\/wp-content\\\/uploads\\\/2022\\\/02\\\/Vitanet_Logo-scaled.webp\",\"contentUrl\":\"https:\\\/\\\/vitanet.al\\\/wp-content\\\/uploads\\\/2022\\\/02\\\/Vitanet_Logo-scaled.webp\",\"width\":2560,\"height\":714,\"caption\":\"VITANET ALBANIA\"},\"image\":{\"@id\":\"https:\\\/\\\/vitanet.al\\\/sq\\\/#\\\/schema\\\/logo\\\/image\\\/\"}}]}<\/script>\n<!-- \/ Yoast SEO plugin. -->","yoast_head_json":{"title":"PRODERM SHAMPO 0-12 muaj 400 ML - VITANET ALBANIA","robots":{"index":"index","follow":"follow","max-snippet":"max-snippet:-1","max-image-preview":"max-image-preview:large","max-video-preview":"max-video-preview:-1"},"canonical":"https:\/\/vitanet.al\/sq\/product\/proderm-shampo-0-12-muaj-400-ml\/","og_locale":"sq_AL","og_type":"article","og_title":"PRODERM SHAMPO 0-12 muaj 400 ML - VITANET ALBANIA","og_description":"Shampo Proderm p\u00ebr flok\u00ebt dhe trupin p\u00ebr f\u00ebmij\u00eb 0-12 muajsh me p\u00ebrmbajtje Vitamine E, nuk irriton syt\u00eb, me pH miq\u00ebsor p\u00ebr l\u00ebkur\u00ebn, pa sapun. Nuk p\u00ebrmban ngjyrues apo pastrues me baz\u00eb sulfate. P\u00ebrb\u00ebr\u00ebsit: Uj\u00eb, Glicerin, Kokamidopropil betaine, lauroil glutamate natriumi, Klorur Natriumi, Akrilate\/C10-30 Akil Akrilat Krospolimer, benzoate natriumi, kapril glikol, natriumi metil lauroil taurat, Parfum, Acid stearik, Acid citrik, Acid Laurik, Laurat natriumi, Acid Glutamik, Hidrokside natriumi, Tetrasodium EDTA, Natrium Metiltaurate, Tokoferil Acetat. Kujdes: Vet\u00ebm p\u00ebr p\u00ebrdorim t\u00eb jasht\u00ebm! I p\u00ebrshtatsh\u00ebm p\u00ebr p\u00ebrdorim t\u00eb shpesht\u00eb. Paketimi:400 ml","og_url":"https:\/\/vitanet.al\/sq\/product\/proderm-shampo-0-12-muaj-400-ml\/","og_site_name":"VITANET ALBANIA","og_image":[{"width":1000,"height":1000,"url":"https:\/\/vitanet.al\/wp-content\/uploads\/2025\/08\/13.webp","type":"image\/webp"}],"twitter_card":"summary_large_image","twitter_misc":{"Est. reading time":"1 minute"},"schema":{"@context":"https:\/\/schema.org","@graph":[{"@type":"WebPage","@id":"https:\/\/vitanet.al\/sq\/product\/proderm-shampo-0-12-muaj-400-ml\/","url":"https:\/\/vitanet.al\/sq\/product\/proderm-shampo-0-12-muaj-400-ml\/","name":"PRODERM SHAMPO 0-12 muaj 400 ML - VITANET ALBANIA","isPartOf":{"@id":"https:\/\/vitanet.al\/sq\/#website"},"primaryImageOfPage":{"@id":"https:\/\/vitanet.al\/sq\/product\/proderm-shampo-0-12-muaj-400-ml\/#primaryimage"},"image":{"@id":"https:\/\/vitanet.al\/sq\/product\/proderm-shampo-0-12-muaj-400-ml\/#primaryimage"},"thumbnailUrl":"https:\/\/vitanet.al\/wp-content\/uploads\/2025\/08\/13.webp","datePublished":"2025-08-07T12:44:33+00:00","breadcrumb":{"@id":"https:\/\/vitanet.al\/sq\/product\/proderm-shampo-0-12-muaj-400-ml\/#breadcrumb"},"inLanguage":"sq-AL","potentialAction":[{"@type":"ReadAction","target":["https:\/\/vitanet.al\/sq\/product\/proderm-shampo-0-12-muaj-400-ml\/"]}]},{"@type":"ImageObject","inLanguage":"sq-AL","@id":"https:\/\/vitanet.al\/sq\/product\/proderm-shampo-0-12-muaj-400-ml\/#primaryimage","url":"https:\/\/vitanet.al\/wp-content\/uploads\/2025\/08\/13.webp","contentUrl":"https:\/\/vitanet.al\/wp-content\/uploads\/2025\/08\/13.webp","width":1000,"height":1000},{"@type":"BreadcrumbList","@id":"https:\/\/vitanet.al\/sq\/product\/proderm-shampo-0-12-muaj-400-ml\/#breadcrumb","itemListElement":[{"@type":"ListItem","position":1,"name":"Home","item":"https:\/\/vitanet.al\/sq\/"},{"@type":"ListItem","position":2,"name":"Shop","item":"https:\/\/vitanet.al\/sq\/shop\/"},{"@type":"ListItem","position":3,"name":"PRODERM SHAMPO 0-12 muaj 400 ML"}]},{"@type":"WebSite","@id":"https:\/\/vitanet.al\/sq\/#website","url":"https:\/\/vitanet.al\/sq\/","name":"VITANET ALBANIA","description":"","publisher":{"@id":"https:\/\/vitanet.al\/sq\/#organization"},"potentialAction":[{"@type":"SearchAction","target":{"@type":"EntryPoint","urlTemplate":"https:\/\/vitanet.al\/sq\/?s={search_term_string}"},"query-input":{"@type":"PropertyValueSpecification","valueRequired":true,"valueName":"search_term_string"}}],"inLanguage":"sq-AL"},{"@type":"Organization","@id":"https:\/\/vitanet.al\/sq\/#organization","name":"VITANET ALBANIA","url":"https:\/\/vitanet.al\/sq\/","logo":{"@type":"ImageObject","inLanguage":"sq-AL","@id":"https:\/\/vitanet.al\/sq\/#\/schema\/logo\/image\/","url":"https:\/\/vitanet.al\/wp-content\/uploads\/2022\/02\/Vitanet_Logo-scaled.webp","contentUrl":"https:\/\/vitanet.al\/wp-content\/uploads\/2022\/02\/Vitanet_Logo-scaled.webp","width":2560,"height":714,"caption":"VITANET ALBANIA"},"image":{"@id":"https:\/\/vitanet.al\/sq\/#\/schema\/logo\/image\/"}}]}},"_links":{"self":[{"href":"https:\/\/vitanet.al\/sq\/wp-json\/wp\/v2\/product\/6502","targetHints":{"allow":["GET"]}}],"collection":[{"href":"https:\/\/vitanet.al\/sq\/wp-json\/wp\/v2\/product"}],"about":[{"href":"https:\/\/vitanet.al\/sq\/wp-json\/wp\/v2\/types\/product"}],"version-history":[{"count":0,"href":"https:\/\/vitanet.al\/sq\/wp-json\/wp\/v2\/product\/6502\/revisions"}],"wp:featuredmedia":[{"embeddable":true,"href":"https:\/\/vitanet.al\/sq\/wp-json\/wp\/v2\/media\/6117"}],"wp:attachment":[{"href":"https:\/\/vitanet.al\/sq\/wp-json\/wp\/v2\/media?parent=6502"}],"wp:term":[{"taxonomy":"product_brand","embeddable":true,"href":"https:\/\/vitanet.al\/sq\/wp-json\/wp\/v2\/product_brand?post=6502"},{"taxonomy":"product_cat","embeddable":true,"href":"https:\/\/vitanet.al\/sq\/wp-json\/wp\/v2\/product_cat?post=6502"},{"taxonomy":"product_tag","embeddable":true,"href":"https:\/\/vitanet.al\/sq\/wp-json\/wp\/v2\/product_tag?post=6502"}],"curies":[{"name":"wp","href":"https:\/\/api.w.org\/{rel}","templated":true}]}}