{"id":6532,"date":"2025-08-07T12:40:04","date_gmt":"2025-08-07T12:40:04","guid":{"rendered":"https:\/\/vitanet.al\/product\/vitamina-b12-klasike-60-tableta\/"},"modified":"2026-03-18T15:46:57","modified_gmt":"2026-03-18T15:46:57","slug":"vitamina-b12-klasike-60-tableta","status":"publish","type":"product","link":"https:\/\/vitanet.al\/sq\/product\/vitamina-b12-klasike-60-tableta\/","title":{"rendered":"VITAMINA B12 KLASIKE 60 TABLETA"},"content":{"rendered":"<p>Suplement ushqimor me vitamine B12 n\u00eb sasi 1000 \u03bcg (40000%)P\u00ebrdoret shpesh nga vegjetarian\u00ebt si suplement ushqimor.P\u00ebrb\u00ebr\u00ebsit: celuloz\u00eb mikrokristaline,veshje e kuqe,mono dhe digliceride nga acidet yndyrore, magnesium stearat dhe vitamin B 12. Dozimi: 1 tablet\u00eb para ushqimit n\u00eb m\u00ebngjes ose sipas rekomandimit t\u00eb mjekut.Nuk p\u00ebrmban sheqer,gluten, laktoz\u00eb,konservant\u00eb. <\/p>\n","protected":false},"excerpt":{"rendered":"<p>Suplement ushqimor me vitamine B12 n\u00eb sasi 1000 \u03bcg (40000%)P\u00ebrdoret shpesh nga vegjetarian\u00ebt si suplement ushqimor.P\u00ebrb\u00ebr\u00ebsit: celuloz\u00eb mikrokristaline,veshje e kuqe,mono dhe digliceride nga acidet yndyrore, magnesium stearat dhe vitamin B 12. Dozimi: 1 tablet\u00eb para ushqimit n\u00eb m\u00ebngjes ose sipas rekomandimit t\u00eb mjekut.Nuk p\u00ebrmban sheqer,gluten, laktoz\u00eb,konservant\u00eb. <\/p>\n","protected":false},"featured_media":8351,"template":"","meta":[],"product_brand":[],"product_cat":[120,102,122],"product_tag":[145,136,134,135,144],"class_list":{"0":"post-6532","1":"product","2":"type-product","3":"status-publish","4":"has-post-thumbnail","6":"product_cat-power-health","7":"product_cat-suplemente","8":"product_cat-suplemente-dhe-vitamina","9":"product_tag-b12","10":"product_tag-gama-platinum","11":"product_tag-power-health","12":"product_tag-power-of-nature","13":"product_tag-vitamina-b","15":"first","16":"instock","17":"shipping-taxable","18":"purchasable","19":"product-type-simple"},"yoast_head":"<!-- This site is optimized with the Yoast SEO plugin v27.3 - https:\/\/yoast.com\/product\/yoast-seo-wordpress\/ -->\n<title>VITAMINA B12 KLASIKE 60 TABLETA - VITANET ALBANIA<\/title>\n<meta name=\"robots\" content=\"index, follow, max-snippet:-1, max-image-preview:large, max-video-preview:-1\" \/>\n<link rel=\"canonical\" href=\"https:\/\/vitanet.al\/sq\/product\/vitamina-b12-klasike-60-tableta\/\" \/>\n<meta property=\"og:locale\" content=\"sq_AL\" \/>\n<meta property=\"og:type\" content=\"article\" \/>\n<meta property=\"og:title\" content=\"VITAMINA B12 KLASIKE 60 TABLETA - VITANET ALBANIA\" \/>\n<meta property=\"og:description\" content=\"Suplement ushqimor me vitamine B12 n\u00eb sasi 1000 \u03bcg (40000%)P\u00ebrdoret shpesh nga vegjetarian\u00ebt si suplement ushqimor.P\u00ebrb\u00ebr\u00ebsit: celuloz\u00eb mikrokristaline,veshje e kuqe,mono dhe digliceride nga acidet yndyrore, magnesium stearat dhe vitamin B 12. Dozimi: 1 tablet\u00eb para ushqimit n\u00eb m\u00ebngjes ose sipas rekomandimit t\u00eb mjekut.Nuk p\u00ebrmban sheqer,gluten, laktoz\u00eb,konservant\u00eb.\" \/>\n<meta property=\"og:url\" content=\"https:\/\/vitanet.al\/sq\/product\/vitamina-b12-klasike-60-tableta\/\" \/>\n<meta property=\"og:site_name\" content=\"VITANET ALBANIA\" \/>\n<meta property=\"article:modified_time\" content=\"2026-03-18T15:46:57+00:00\" \/>\n<meta property=\"og:image\" content=\"https:\/\/vitanet.al\/wp-content\/uploads\/2025\/08\/b-vit12-1.png\" \/>\n\t<meta property=\"og:image:width\" content=\"500\" \/>\n\t<meta property=\"og:image:height\" content=\"500\" \/>\n\t<meta property=\"og:image:type\" content=\"image\/png\" \/>\n<meta name=\"twitter:card\" content=\"summary_large_image\" \/>\n<script type=\"application\/ld+json\" class=\"yoast-schema-graph\">{\"@context\":\"https:\\\/\\\/schema.org\",\"@graph\":[{\"@type\":\"WebPage\",\"@id\":\"https:\\\/\\\/vitanet.al\\\/sq\\\/product\\\/vitamina-b12-klasike-60-tableta\\\/\",\"url\":\"https:\\\/\\\/vitanet.al\\\/sq\\\/product\\\/vitamina-b12-klasike-60-tableta\\\/\",\"name\":\"VITAMINA B12 KLASIKE 60 TABLETA - VITANET ALBANIA\",\"isPartOf\":{\"@id\":\"https:\\\/\\\/vitanet.al\\\/sq\\\/#website\"},\"primaryImageOfPage\":{\"@id\":\"https:\\\/\\\/vitanet.al\\\/sq\\\/product\\\/vitamina-b12-klasike-60-tableta\\\/#primaryimage\"},\"image\":{\"@id\":\"https:\\\/\\\/vitanet.al\\\/sq\\\/product\\\/vitamina-b12-klasike-60-tableta\\\/#primaryimage\"},\"thumbnailUrl\":\"https:\\\/\\\/vitanet.al\\\/wp-content\\\/uploads\\\/2025\\\/08\\\/b-vit12-1.png\",\"datePublished\":\"2025-08-07T12:40:04+00:00\",\"dateModified\":\"2026-03-18T15:46:57+00:00\",\"breadcrumb\":{\"@id\":\"https:\\\/\\\/vitanet.al\\\/sq\\\/product\\\/vitamina-b12-klasike-60-tableta\\\/#breadcrumb\"},\"inLanguage\":\"sq-AL\",\"potentialAction\":[{\"@type\":\"ReadAction\",\"target\":[\"https:\\\/\\\/vitanet.al\\\/sq\\\/product\\\/vitamina-b12-klasike-60-tableta\\\/\"]}]},{\"@type\":\"ImageObject\",\"inLanguage\":\"sq-AL\",\"@id\":\"https:\\\/\\\/vitanet.al\\\/sq\\\/product\\\/vitamina-b12-klasike-60-tableta\\\/#primaryimage\",\"url\":\"https:\\\/\\\/vitanet.al\\\/wp-content\\\/uploads\\\/2025\\\/08\\\/b-vit12-1.png\",\"contentUrl\":\"https:\\\/\\\/vitanet.al\\\/wp-content\\\/uploads\\\/2025\\\/08\\\/b-vit12-1.png\",\"width\":500,\"height\":500},{\"@type\":\"BreadcrumbList\",\"@id\":\"https:\\\/\\\/vitanet.al\\\/sq\\\/product\\\/vitamina-b12-klasike-60-tableta\\\/#breadcrumb\",\"itemListElement\":[{\"@type\":\"ListItem\",\"position\":1,\"name\":\"Home\",\"item\":\"https:\\\/\\\/vitanet.al\\\/sq\\\/\"},{\"@type\":\"ListItem\",\"position\":2,\"name\":\"Shop\",\"item\":\"https:\\\/\\\/vitanet.al\\\/sq\\\/shop\\\/\"},{\"@type\":\"ListItem\",\"position\":3,\"name\":\"VITAMINA B12 KLASIKE 60 TABLETA\"}]},{\"@type\":\"WebSite\",\"@id\":\"https:\\\/\\\/vitanet.al\\\/sq\\\/#website\",\"url\":\"https:\\\/\\\/vitanet.al\\\/sq\\\/\",\"name\":\"VITANET ALBANIA\",\"description\":\"\",\"publisher\":{\"@id\":\"https:\\\/\\\/vitanet.al\\\/sq\\\/#organization\"},\"potentialAction\":[{\"@type\":\"SearchAction\",\"target\":{\"@type\":\"EntryPoint\",\"urlTemplate\":\"https:\\\/\\\/vitanet.al\\\/sq\\\/?s={search_term_string}\"},\"query-input\":{\"@type\":\"PropertyValueSpecification\",\"valueRequired\":true,\"valueName\":\"search_term_string\"}}],\"inLanguage\":\"sq-AL\"},{\"@type\":\"Organization\",\"@id\":\"https:\\\/\\\/vitanet.al\\\/sq\\\/#organization\",\"name\":\"VITANET ALBANIA\",\"url\":\"https:\\\/\\\/vitanet.al\\\/sq\\\/\",\"logo\":{\"@type\":\"ImageObject\",\"inLanguage\":\"sq-AL\",\"@id\":\"https:\\\/\\\/vitanet.al\\\/sq\\\/#\\\/schema\\\/logo\\\/image\\\/\",\"url\":\"https:\\\/\\\/vitanet.al\\\/wp-content\\\/uploads\\\/2022\\\/02\\\/Vitanet_Logo-scaled.webp\",\"contentUrl\":\"https:\\\/\\\/vitanet.al\\\/wp-content\\\/uploads\\\/2022\\\/02\\\/Vitanet_Logo-scaled.webp\",\"width\":2560,\"height\":714,\"caption\":\"VITANET ALBANIA\"},\"image\":{\"@id\":\"https:\\\/\\\/vitanet.al\\\/sq\\\/#\\\/schema\\\/logo\\\/image\\\/\"}}]}<\/script>\n<!-- \/ Yoast SEO plugin. -->","yoast_head_json":{"title":"VITAMINA B12 KLASIKE 60 TABLETA - VITANET ALBANIA","robots":{"index":"index","follow":"follow","max-snippet":"max-snippet:-1","max-image-preview":"max-image-preview:large","max-video-preview":"max-video-preview:-1"},"canonical":"https:\/\/vitanet.al\/sq\/product\/vitamina-b12-klasike-60-tableta\/","og_locale":"sq_AL","og_type":"article","og_title":"VITAMINA B12 KLASIKE 60 TABLETA - VITANET ALBANIA","og_description":"Suplement ushqimor me vitamine B12 n\u00eb sasi 1000 \u03bcg (40000%)P\u00ebrdoret shpesh nga vegjetarian\u00ebt si suplement ushqimor.P\u00ebrb\u00ebr\u00ebsit: celuloz\u00eb mikrokristaline,veshje e kuqe,mono dhe digliceride nga acidet yndyrore, magnesium stearat dhe vitamin B 12. Dozimi: 1 tablet\u00eb para ushqimit n\u00eb m\u00ebngjes ose sipas rekomandimit t\u00eb mjekut.Nuk p\u00ebrmban sheqer,gluten, laktoz\u00eb,konservant\u00eb.","og_url":"https:\/\/vitanet.al\/sq\/product\/vitamina-b12-klasike-60-tableta\/","og_site_name":"VITANET ALBANIA","article_modified_time":"2026-03-18T15:46:57+00:00","og_image":[{"width":500,"height":500,"url":"https:\/\/vitanet.al\/wp-content\/uploads\/2025\/08\/b-vit12-1.png","type":"image\/png"}],"twitter_card":"summary_large_image","schema":{"@context":"https:\/\/schema.org","@graph":[{"@type":"WebPage","@id":"https:\/\/vitanet.al\/sq\/product\/vitamina-b12-klasike-60-tableta\/","url":"https:\/\/vitanet.al\/sq\/product\/vitamina-b12-klasike-60-tableta\/","name":"VITAMINA B12 KLASIKE 60 TABLETA - VITANET ALBANIA","isPartOf":{"@id":"https:\/\/vitanet.al\/sq\/#website"},"primaryImageOfPage":{"@id":"https:\/\/vitanet.al\/sq\/product\/vitamina-b12-klasike-60-tableta\/#primaryimage"},"image":{"@id":"https:\/\/vitanet.al\/sq\/product\/vitamina-b12-klasike-60-tableta\/#primaryimage"},"thumbnailUrl":"https:\/\/vitanet.al\/wp-content\/uploads\/2025\/08\/b-vit12-1.png","datePublished":"2025-08-07T12:40:04+00:00","dateModified":"2026-03-18T15:46:57+00:00","breadcrumb":{"@id":"https:\/\/vitanet.al\/sq\/product\/vitamina-b12-klasike-60-tableta\/#breadcrumb"},"inLanguage":"sq-AL","potentialAction":[{"@type":"ReadAction","target":["https:\/\/vitanet.al\/sq\/product\/vitamina-b12-klasike-60-tableta\/"]}]},{"@type":"ImageObject","inLanguage":"sq-AL","@id":"https:\/\/vitanet.al\/sq\/product\/vitamina-b12-klasike-60-tableta\/#primaryimage","url":"https:\/\/vitanet.al\/wp-content\/uploads\/2025\/08\/b-vit12-1.png","contentUrl":"https:\/\/vitanet.al\/wp-content\/uploads\/2025\/08\/b-vit12-1.png","width":500,"height":500},{"@type":"BreadcrumbList","@id":"https:\/\/vitanet.al\/sq\/product\/vitamina-b12-klasike-60-tableta\/#breadcrumb","itemListElement":[{"@type":"ListItem","position":1,"name":"Home","item":"https:\/\/vitanet.al\/sq\/"},{"@type":"ListItem","position":2,"name":"Shop","item":"https:\/\/vitanet.al\/sq\/shop\/"},{"@type":"ListItem","position":3,"name":"VITAMINA B12 KLASIKE 60 TABLETA"}]},{"@type":"WebSite","@id":"https:\/\/vitanet.al\/sq\/#website","url":"https:\/\/vitanet.al\/sq\/","name":"VITANET ALBANIA","description":"","publisher":{"@id":"https:\/\/vitanet.al\/sq\/#organization"},"potentialAction":[{"@type":"SearchAction","target":{"@type":"EntryPoint","urlTemplate":"https:\/\/vitanet.al\/sq\/?s={search_term_string}"},"query-input":{"@type":"PropertyValueSpecification","valueRequired":true,"valueName":"search_term_string"}}],"inLanguage":"sq-AL"},{"@type":"Organization","@id":"https:\/\/vitanet.al\/sq\/#organization","name":"VITANET ALBANIA","url":"https:\/\/vitanet.al\/sq\/","logo":{"@type":"ImageObject","inLanguage":"sq-AL","@id":"https:\/\/vitanet.al\/sq\/#\/schema\/logo\/image\/","url":"https:\/\/vitanet.al\/wp-content\/uploads\/2022\/02\/Vitanet_Logo-scaled.webp","contentUrl":"https:\/\/vitanet.al\/wp-content\/uploads\/2022\/02\/Vitanet_Logo-scaled.webp","width":2560,"height":714,"caption":"VITANET ALBANIA"},"image":{"@id":"https:\/\/vitanet.al\/sq\/#\/schema\/logo\/image\/"}}]}},"_links":{"self":[{"href":"https:\/\/vitanet.al\/sq\/wp-json\/wp\/v2\/product\/6532","targetHints":{"allow":["GET"]}}],"collection":[{"href":"https:\/\/vitanet.al\/sq\/wp-json\/wp\/v2\/product"}],"about":[{"href":"https:\/\/vitanet.al\/sq\/wp-json\/wp\/v2\/types\/product"}],"version-history":[{"count":1,"href":"https:\/\/vitanet.al\/sq\/wp-json\/wp\/v2\/product\/6532\/revisions"}],"predecessor-version":[{"id":8352,"href":"https:\/\/vitanet.al\/sq\/wp-json\/wp\/v2\/product\/6532\/revisions\/8352"}],"wp:featuredmedia":[{"embeddable":true,"href":"https:\/\/vitanet.al\/sq\/wp-json\/wp\/v2\/media\/8351"}],"wp:attachment":[{"href":"https:\/\/vitanet.al\/sq\/wp-json\/wp\/v2\/media?parent=6532"}],"wp:term":[{"taxonomy":"product_brand","embeddable":true,"href":"https:\/\/vitanet.al\/sq\/wp-json\/wp\/v2\/product_brand?post=6532"},{"taxonomy":"product_cat","embeddable":true,"href":"https:\/\/vitanet.al\/sq\/wp-json\/wp\/v2\/product_cat?post=6532"},{"taxonomy":"product_tag","embeddable":true,"href":"https:\/\/vitanet.al\/sq\/wp-json\/wp\/v2\/product_tag?post=6532"}],"curies":[{"name":"wp","href":"https:\/\/api.w.org\/{rel}","templated":true}]}}