{"id":6534,"date":"2025-08-07T12:36:19","date_gmt":"2025-08-07T12:36:19","guid":{"rendered":"https:\/\/vitanet.al\/product\/bulardi-junior-x-10-kapsula\/"},"modified":"2025-08-07T12:36:19","modified_gmt":"2025-08-07T12:36:19","slug":"bulardi-junior-x-10-kapsula","status":"publish","type":"product","link":"https:\/\/vitanet.al\/sq\/product\/bulardi-junior-x-10-kapsula\/","title":{"rendered":"BULARDI JUNIOR x 10 KAPSULA"},"content":{"rendered":"<p>BULARDI Junior Kapsul\u00eb \u00ebsht\u00eb nj\u00eb probiotik p\u00ebr f\u00ebmij\u00eb q\u00eb p\u00ebrmban kulture te liofilizuar Saccharomyces boulardii 250,0mg dhe Zink (citrat zinku) 5,0mg. Zinku kontribuon ne funksionimin normal t\u00eb sistemit imunitar si dhe redukton ashp\u00ebrsin\u00eb dhe koh\u00ebzgjatjen e diarres\u00eb.Pa ngjyrues artificial, \u00ebmb\u00eblsues, pa shije.Udh\u00ebzime p\u00ebr p\u00ebrdorim: Mbi mosh\u00ebn 3 vjec: 1-2 kapsula n\u00eb dit\u00eb. N\u00ebse \u00ebsht\u00eb e nevojshme kapsula mund t\u00eb hapet, p\u00ebrmbajtja hidhet n\u00eb nj\u00eb lug\u00eb \u00e7aji me pak l\u00ebng dhe pihet menj\u00ebher\u00eb. Paketimi:Kuti x 10 kapsula<\/p>\n","protected":false},"excerpt":{"rendered":"<p>BULARDI Junior Kapsul\u00eb \u00ebsht\u00eb nj\u00eb probiotik p\u00ebr f\u00ebmij\u00eb q\u00eb p\u00ebrmban kulture te liofilizuar Saccharomyces boulardii 250,0mg dhe Zink (citrat zinku) 5,0mg. Zinku kontribuon ne funksionimin normal t\u00eb sistemit imunitar si dhe redukton ashp\u00ebrsin\u00eb dhe koh\u00ebzgjatjen e diarres\u00eb.Pa ngjyrues artificial, \u00ebmb\u00eblsues, pa shije.Udh\u00ebzime p\u00ebr p\u00ebrdorim: Mbi mosh\u00ebn 3 vjec: 1-2 kapsula n\u00eb dit\u00eb. N\u00ebse \u00ebsht\u00eb e nevojshme kapsula mund t\u00eb hapet, p\u00ebrmbajtja hidhet n\u00eb nj\u00eb lug\u00eb \u00e7aji me pak l\u00ebng dhe pihet menj\u00ebher\u00eb. Paketimi:Kuti x 10 kapsula<\/p>\n","protected":false},"featured_media":6112,"template":"","meta":[],"product_brand":[82],"product_cat":[102],"product_tag":[],"class_list":{"0":"post-6534","1":"product","2":"type-product","3":"status-publish","4":"has-post-thumbnail","6":"product_brand-abela-pharm","7":"product_cat-suplemente","9":"first","10":"instock","11":"shipping-taxable","12":"purchasable","13":"product-type-simple"},"yoast_head":"<!-- This site is optimized with the Yoast SEO plugin v27.3 - https:\/\/yoast.com\/product\/yoast-seo-wordpress\/ -->\n<title>BULARDI JUNIOR x 10 KAPSULA - VITANET ALBANIA<\/title>\n<meta name=\"robots\" content=\"index, follow, max-snippet:-1, max-image-preview:large, max-video-preview:-1\" \/>\n<link rel=\"canonical\" href=\"https:\/\/vitanet.al\/sq\/product\/bulardi-junior-x-10-kapsula\/\" \/>\n<meta property=\"og:locale\" content=\"sq_AL\" \/>\n<meta property=\"og:type\" content=\"article\" \/>\n<meta property=\"og:title\" content=\"BULARDI JUNIOR x 10 KAPSULA - VITANET ALBANIA\" \/>\n<meta property=\"og:description\" content=\"BULARDI Junior Kapsul\u00eb \u00ebsht\u00eb nj\u00eb probiotik p\u00ebr f\u00ebmij\u00eb q\u00eb p\u00ebrmban kulture te liofilizuar Saccharomyces boulardii 250,0mg dhe Zink (citrat zinku) 5,0mg. Zinku kontribuon ne funksionimin normal t\u00eb sistemit imunitar si dhe redukton ashp\u00ebrsin\u00eb dhe koh\u00ebzgjatjen e diarres\u00eb.Pa ngjyrues artificial, \u00ebmb\u00eblsues, pa shije.Udh\u00ebzime p\u00ebr p\u00ebrdorim: Mbi mosh\u00ebn 3 vjec: 1-2 kapsula n\u00eb dit\u00eb. N\u00ebse \u00ebsht\u00eb e nevojshme kapsula mund t\u00eb hapet, p\u00ebrmbajtja hidhet n\u00eb nj\u00eb lug\u00eb \u00e7aji me pak l\u00ebng dhe pihet menj\u00ebher\u00eb. Paketimi:Kuti x 10 kapsula\" \/>\n<meta property=\"og:url\" content=\"https:\/\/vitanet.al\/sq\/product\/bulardi-junior-x-10-kapsula\/\" \/>\n<meta property=\"og:site_name\" content=\"VITANET ALBANIA\" \/>\n<meta property=\"og:image\" content=\"https:\/\/vitanet.al\/wp-content\/uploads\/2025\/08\/8.webp\" \/>\n\t<meta property=\"og:image:width\" content=\"1000\" \/>\n\t<meta property=\"og:image:height\" content=\"1000\" \/>\n\t<meta property=\"og:image:type\" content=\"image\/webp\" \/>\n<meta name=\"twitter:card\" content=\"summary_large_image\" \/>\n<script type=\"application\/ld+json\" class=\"yoast-schema-graph\">{\"@context\":\"https:\\\/\\\/schema.org\",\"@graph\":[{\"@type\":\"WebPage\",\"@id\":\"https:\\\/\\\/vitanet.al\\\/sq\\\/product\\\/bulardi-junior-x-10-kapsula\\\/\",\"url\":\"https:\\\/\\\/vitanet.al\\\/sq\\\/product\\\/bulardi-junior-x-10-kapsula\\\/\",\"name\":\"BULARDI JUNIOR x 10 KAPSULA - VITANET ALBANIA\",\"isPartOf\":{\"@id\":\"https:\\\/\\\/vitanet.al\\\/sq\\\/#website\"},\"primaryImageOfPage\":{\"@id\":\"https:\\\/\\\/vitanet.al\\\/sq\\\/product\\\/bulardi-junior-x-10-kapsula\\\/#primaryimage\"},\"image\":{\"@id\":\"https:\\\/\\\/vitanet.al\\\/sq\\\/product\\\/bulardi-junior-x-10-kapsula\\\/#primaryimage\"},\"thumbnailUrl\":\"https:\\\/\\\/vitanet.al\\\/wp-content\\\/uploads\\\/2025\\\/08\\\/8.webp\",\"datePublished\":\"2025-08-07T12:36:19+00:00\",\"breadcrumb\":{\"@id\":\"https:\\\/\\\/vitanet.al\\\/sq\\\/product\\\/bulardi-junior-x-10-kapsula\\\/#breadcrumb\"},\"inLanguage\":\"sq-AL\",\"potentialAction\":[{\"@type\":\"ReadAction\",\"target\":[\"https:\\\/\\\/vitanet.al\\\/sq\\\/product\\\/bulardi-junior-x-10-kapsula\\\/\"]}]},{\"@type\":\"ImageObject\",\"inLanguage\":\"sq-AL\",\"@id\":\"https:\\\/\\\/vitanet.al\\\/sq\\\/product\\\/bulardi-junior-x-10-kapsula\\\/#primaryimage\",\"url\":\"https:\\\/\\\/vitanet.al\\\/wp-content\\\/uploads\\\/2025\\\/08\\\/8.webp\",\"contentUrl\":\"https:\\\/\\\/vitanet.al\\\/wp-content\\\/uploads\\\/2025\\\/08\\\/8.webp\",\"width\":1000,\"height\":1000},{\"@type\":\"BreadcrumbList\",\"@id\":\"https:\\\/\\\/vitanet.al\\\/sq\\\/product\\\/bulardi-junior-x-10-kapsula\\\/#breadcrumb\",\"itemListElement\":[{\"@type\":\"ListItem\",\"position\":1,\"name\":\"Home\",\"item\":\"https:\\\/\\\/vitanet.al\\\/sq\\\/\"},{\"@type\":\"ListItem\",\"position\":2,\"name\":\"Shop\",\"item\":\"https:\\\/\\\/vitanet.al\\\/sq\\\/shop\\\/\"},{\"@type\":\"ListItem\",\"position\":3,\"name\":\"BULARDI JUNIOR x 10 KAPSULA\"}]},{\"@type\":\"WebSite\",\"@id\":\"https:\\\/\\\/vitanet.al\\\/sq\\\/#website\",\"url\":\"https:\\\/\\\/vitanet.al\\\/sq\\\/\",\"name\":\"VITANET ALBANIA\",\"description\":\"\",\"publisher\":{\"@id\":\"https:\\\/\\\/vitanet.al\\\/sq\\\/#organization\"},\"potentialAction\":[{\"@type\":\"SearchAction\",\"target\":{\"@type\":\"EntryPoint\",\"urlTemplate\":\"https:\\\/\\\/vitanet.al\\\/sq\\\/?s={search_term_string}\"},\"query-input\":{\"@type\":\"PropertyValueSpecification\",\"valueRequired\":true,\"valueName\":\"search_term_string\"}}],\"inLanguage\":\"sq-AL\"},{\"@type\":\"Organization\",\"@id\":\"https:\\\/\\\/vitanet.al\\\/sq\\\/#organization\",\"name\":\"VITANET ALBANIA\",\"url\":\"https:\\\/\\\/vitanet.al\\\/sq\\\/\",\"logo\":{\"@type\":\"ImageObject\",\"inLanguage\":\"sq-AL\",\"@id\":\"https:\\\/\\\/vitanet.al\\\/sq\\\/#\\\/schema\\\/logo\\\/image\\\/\",\"url\":\"https:\\\/\\\/vitanet.al\\\/wp-content\\\/uploads\\\/2022\\\/02\\\/Vitanet_Logo-scaled.webp\",\"contentUrl\":\"https:\\\/\\\/vitanet.al\\\/wp-content\\\/uploads\\\/2022\\\/02\\\/Vitanet_Logo-scaled.webp\",\"width\":2560,\"height\":714,\"caption\":\"VITANET ALBANIA\"},\"image\":{\"@id\":\"https:\\\/\\\/vitanet.al\\\/sq\\\/#\\\/schema\\\/logo\\\/image\\\/\"}}]}<\/script>\n<!-- \/ Yoast SEO plugin. -->","yoast_head_json":{"title":"BULARDI JUNIOR x 10 KAPSULA - VITANET ALBANIA","robots":{"index":"index","follow":"follow","max-snippet":"max-snippet:-1","max-image-preview":"max-image-preview:large","max-video-preview":"max-video-preview:-1"},"canonical":"https:\/\/vitanet.al\/sq\/product\/bulardi-junior-x-10-kapsula\/","og_locale":"sq_AL","og_type":"article","og_title":"BULARDI JUNIOR x 10 KAPSULA - VITANET ALBANIA","og_description":"BULARDI Junior Kapsul\u00eb \u00ebsht\u00eb nj\u00eb probiotik p\u00ebr f\u00ebmij\u00eb q\u00eb p\u00ebrmban kulture te liofilizuar Saccharomyces boulardii 250,0mg dhe Zink (citrat zinku) 5,0mg. Zinku kontribuon ne funksionimin normal t\u00eb sistemit imunitar si dhe redukton ashp\u00ebrsin\u00eb dhe koh\u00ebzgjatjen e diarres\u00eb.Pa ngjyrues artificial, \u00ebmb\u00eblsues, pa shije.Udh\u00ebzime p\u00ebr p\u00ebrdorim: Mbi mosh\u00ebn 3 vjec: 1-2 kapsula n\u00eb dit\u00eb. N\u00ebse \u00ebsht\u00eb e nevojshme kapsula mund t\u00eb hapet, p\u00ebrmbajtja hidhet n\u00eb nj\u00eb lug\u00eb \u00e7aji me pak l\u00ebng dhe pihet menj\u00ebher\u00eb. Paketimi:Kuti x 10 kapsula","og_url":"https:\/\/vitanet.al\/sq\/product\/bulardi-junior-x-10-kapsula\/","og_site_name":"VITANET ALBANIA","og_image":[{"width":1000,"height":1000,"url":"https:\/\/vitanet.al\/wp-content\/uploads\/2025\/08\/8.webp","type":"image\/webp"}],"twitter_card":"summary_large_image","schema":{"@context":"https:\/\/schema.org","@graph":[{"@type":"WebPage","@id":"https:\/\/vitanet.al\/sq\/product\/bulardi-junior-x-10-kapsula\/","url":"https:\/\/vitanet.al\/sq\/product\/bulardi-junior-x-10-kapsula\/","name":"BULARDI JUNIOR x 10 KAPSULA - VITANET ALBANIA","isPartOf":{"@id":"https:\/\/vitanet.al\/sq\/#website"},"primaryImageOfPage":{"@id":"https:\/\/vitanet.al\/sq\/product\/bulardi-junior-x-10-kapsula\/#primaryimage"},"image":{"@id":"https:\/\/vitanet.al\/sq\/product\/bulardi-junior-x-10-kapsula\/#primaryimage"},"thumbnailUrl":"https:\/\/vitanet.al\/wp-content\/uploads\/2025\/08\/8.webp","datePublished":"2025-08-07T12:36:19+00:00","breadcrumb":{"@id":"https:\/\/vitanet.al\/sq\/product\/bulardi-junior-x-10-kapsula\/#breadcrumb"},"inLanguage":"sq-AL","potentialAction":[{"@type":"ReadAction","target":["https:\/\/vitanet.al\/sq\/product\/bulardi-junior-x-10-kapsula\/"]}]},{"@type":"ImageObject","inLanguage":"sq-AL","@id":"https:\/\/vitanet.al\/sq\/product\/bulardi-junior-x-10-kapsula\/#primaryimage","url":"https:\/\/vitanet.al\/wp-content\/uploads\/2025\/08\/8.webp","contentUrl":"https:\/\/vitanet.al\/wp-content\/uploads\/2025\/08\/8.webp","width":1000,"height":1000},{"@type":"BreadcrumbList","@id":"https:\/\/vitanet.al\/sq\/product\/bulardi-junior-x-10-kapsula\/#breadcrumb","itemListElement":[{"@type":"ListItem","position":1,"name":"Home","item":"https:\/\/vitanet.al\/sq\/"},{"@type":"ListItem","position":2,"name":"Shop","item":"https:\/\/vitanet.al\/sq\/shop\/"},{"@type":"ListItem","position":3,"name":"BULARDI JUNIOR x 10 KAPSULA"}]},{"@type":"WebSite","@id":"https:\/\/vitanet.al\/sq\/#website","url":"https:\/\/vitanet.al\/sq\/","name":"VITANET ALBANIA","description":"","publisher":{"@id":"https:\/\/vitanet.al\/sq\/#organization"},"potentialAction":[{"@type":"SearchAction","target":{"@type":"EntryPoint","urlTemplate":"https:\/\/vitanet.al\/sq\/?s={search_term_string}"},"query-input":{"@type":"PropertyValueSpecification","valueRequired":true,"valueName":"search_term_string"}}],"inLanguage":"sq-AL"},{"@type":"Organization","@id":"https:\/\/vitanet.al\/sq\/#organization","name":"VITANET ALBANIA","url":"https:\/\/vitanet.al\/sq\/","logo":{"@type":"ImageObject","inLanguage":"sq-AL","@id":"https:\/\/vitanet.al\/sq\/#\/schema\/logo\/image\/","url":"https:\/\/vitanet.al\/wp-content\/uploads\/2022\/02\/Vitanet_Logo-scaled.webp","contentUrl":"https:\/\/vitanet.al\/wp-content\/uploads\/2022\/02\/Vitanet_Logo-scaled.webp","width":2560,"height":714,"caption":"VITANET ALBANIA"},"image":{"@id":"https:\/\/vitanet.al\/sq\/#\/schema\/logo\/image\/"}}]}},"_links":{"self":[{"href":"https:\/\/vitanet.al\/sq\/wp-json\/wp\/v2\/product\/6534","targetHints":{"allow":["GET"]}}],"collection":[{"href":"https:\/\/vitanet.al\/sq\/wp-json\/wp\/v2\/product"}],"about":[{"href":"https:\/\/vitanet.al\/sq\/wp-json\/wp\/v2\/types\/product"}],"version-history":[{"count":0,"href":"https:\/\/vitanet.al\/sq\/wp-json\/wp\/v2\/product\/6534\/revisions"}],"wp:featuredmedia":[{"embeddable":true,"href":"https:\/\/vitanet.al\/sq\/wp-json\/wp\/v2\/media\/6112"}],"wp:attachment":[{"href":"https:\/\/vitanet.al\/sq\/wp-json\/wp\/v2\/media?parent=6534"}],"wp:term":[{"taxonomy":"product_brand","embeddable":true,"href":"https:\/\/vitanet.al\/sq\/wp-json\/wp\/v2\/product_brand?post=6534"},{"taxonomy":"product_cat","embeddable":true,"href":"https:\/\/vitanet.al\/sq\/wp-json\/wp\/v2\/product_cat?post=6534"},{"taxonomy":"product_tag","embeddable":true,"href":"https:\/\/vitanet.al\/sq\/wp-json\/wp\/v2\/product_tag?post=6534"}],"curies":[{"name":"wp","href":"https:\/\/api.w.org\/{rel}","templated":true}]}}