{"id":6540,"date":"2025-08-07T12:27:00","date_gmt":"2025-08-07T12:27:00","guid":{"rendered":"https:\/\/vitanet.al\/product\/bebicol-pika-me-zink-10ml\/"},"modified":"2025-08-07T12:27:00","modified_gmt":"2025-08-07T12:27:00","slug":"bebicol-pika-me-zink-10ml","status":"publish","type":"product","link":"https:\/\/vitanet.al\/sq\/product\/bebicol-pika-me-zink-10ml\/","title":{"rendered":"BEBICOL PIKA ME ZINK 10ML"},"content":{"rendered":"<p>BebiCol me Zink<br \/>\nBebiCol zink me pika p\u00ebrmban kultur\u00ebn probiotike Lactobacillus rhamnosus GG n\u00eb nj\u00eb doz\u00eb efektive t\u00eb provuar prej 10 miliard\u00eb, zink dhe vitamin\u00eb D3. Probiotiku me pika BebiCol me zink rekomandohen q\u00eb n\u00eb dit\u00ebn e par\u00eb t\u00eb jet\u00ebs: n\u00eb diarre akute dhe diarre t\u00eb shkaktuar nga antibiotik\u00ebt, n\u00eb dermatit atopik, p\u00ebr ruajtjen e ekuilibrit t\u00eb mikrobiot\u00ebs s\u00eb zorr\u00ebve dhe forcimin e imunitetit. M\u00ebnyra e p\u00ebrdorimit p\u00ebr t\u00eb sapolindurit, foshnjat dhe f\u00ebmij\u00ebt: 14 pika nj\u00eb her\u00eb n\u00eb dit\u00eb. Tundeni para p\u00ebrdorimit. Paketimi: 10ml    <\/p>\n","protected":false},"excerpt":{"rendered":"<p>BebiCol me Zink<br \/>\nBebiCol zink me pika p\u00ebrmban kultur\u00ebn probiotike Lactobacillus rhamnosus GG n\u00eb nj\u00eb doz\u00eb efektive t\u00eb provuar prej 10 miliard\u00eb, zink dhe vitamin\u00eb D3. Probiotiku me pika BebiCol me zink rekomandohen q\u00eb n\u00eb dit\u00ebn e par\u00eb t\u00eb jet\u00ebs: n\u00eb diarre akute dhe diarre t\u00eb shkaktuar nga antibiotik\u00ebt, n\u00eb dermatit atopik, p\u00ebr ruajtjen e ekuilibrit t\u00eb mikrobiot\u00ebs s\u00eb zorr\u00ebve dhe forcimin e imunitetit. M\u00ebnyra e p\u00ebrdorimit p\u00ebr t\u00eb sapolindurit, foshnjat dhe f\u00ebmij\u00ebt: 14 pika nj\u00eb her\u00eb n\u00eb dit\u00eb. Tundeni para p\u00ebrdorimit. Paketimi: 10ml    <\/p>\n","protected":false},"featured_media":6109,"template":"","meta":[],"product_brand":[82],"product_cat":[102],"product_tag":[],"class_list":{"0":"post-6540","1":"product","2":"type-product","3":"status-publish","4":"has-post-thumbnail","6":"product_brand-abela-pharm","7":"product_cat-suplemente","9":"first","10":"instock","11":"shipping-taxable","12":"purchasable","13":"product-type-simple"},"yoast_head":"<!-- This site is optimized with the Yoast SEO plugin v27.3 - https:\/\/yoast.com\/product\/yoast-seo-wordpress\/ -->\n<title>BEBICOL PIKA ME ZINK 10ML - VITANET ALBANIA<\/title>\n<meta name=\"robots\" content=\"index, follow, max-snippet:-1, max-image-preview:large, max-video-preview:-1\" \/>\n<link rel=\"canonical\" href=\"https:\/\/vitanet.al\/sq\/product\/bebicol-pika-me-zink-10ml\/\" \/>\n<meta property=\"og:locale\" content=\"sq_AL\" \/>\n<meta property=\"og:type\" content=\"article\" \/>\n<meta property=\"og:title\" content=\"BEBICOL PIKA ME ZINK 10ML - VITANET ALBANIA\" \/>\n<meta property=\"og:description\" content=\"BebiCol me Zink BebiCol zink me pika p\u00ebrmban kultur\u00ebn probiotike Lactobacillus rhamnosus GG n\u00eb nj\u00eb doz\u00eb efektive t\u00eb provuar prej 10 miliard\u00eb, zink dhe vitamin\u00eb D3. Probiotiku me pika BebiCol me zink rekomandohen q\u00eb n\u00eb dit\u00ebn e par\u00eb t\u00eb jet\u00ebs: n\u00eb diarre akute dhe diarre t\u00eb shkaktuar nga antibiotik\u00ebt, n\u00eb dermatit atopik, p\u00ebr ruajtjen e ekuilibrit t\u00eb mikrobiot\u00ebs s\u00eb zorr\u00ebve dhe forcimin e imunitetit. M\u00ebnyra e p\u00ebrdorimit p\u00ebr t\u00eb sapolindurit, foshnjat dhe f\u00ebmij\u00ebt: 14 pika nj\u00eb her\u00eb n\u00eb dit\u00eb. Tundeni para p\u00ebrdorimit. Paketimi: 10ml\" \/>\n<meta property=\"og:url\" content=\"https:\/\/vitanet.al\/sq\/product\/bebicol-pika-me-zink-10ml\/\" \/>\n<meta property=\"og:site_name\" content=\"VITANET ALBANIA\" \/>\n<meta property=\"og:image\" content=\"https:\/\/vitanet.al\/wp-content\/uploads\/2025\/08\/5.webp\" \/>\n\t<meta property=\"og:image:width\" content=\"1000\" \/>\n\t<meta property=\"og:image:height\" content=\"1000\" \/>\n\t<meta property=\"og:image:type\" content=\"image\/webp\" \/>\n<meta name=\"twitter:card\" content=\"summary_large_image\" \/>\n<script type=\"application\/ld+json\" class=\"yoast-schema-graph\">{\"@context\":\"https:\\\/\\\/schema.org\",\"@graph\":[{\"@type\":\"WebPage\",\"@id\":\"https:\\\/\\\/vitanet.al\\\/sq\\\/product\\\/bebicol-pika-me-zink-10ml\\\/\",\"url\":\"https:\\\/\\\/vitanet.al\\\/sq\\\/product\\\/bebicol-pika-me-zink-10ml\\\/\",\"name\":\"BEBICOL PIKA ME ZINK 10ML - VITANET ALBANIA\",\"isPartOf\":{\"@id\":\"https:\\\/\\\/vitanet.al\\\/sq\\\/#website\"},\"primaryImageOfPage\":{\"@id\":\"https:\\\/\\\/vitanet.al\\\/sq\\\/product\\\/bebicol-pika-me-zink-10ml\\\/#primaryimage\"},\"image\":{\"@id\":\"https:\\\/\\\/vitanet.al\\\/sq\\\/product\\\/bebicol-pika-me-zink-10ml\\\/#primaryimage\"},\"thumbnailUrl\":\"https:\\\/\\\/vitanet.al\\\/wp-content\\\/uploads\\\/2025\\\/08\\\/5.webp\",\"datePublished\":\"2025-08-07T12:27:00+00:00\",\"breadcrumb\":{\"@id\":\"https:\\\/\\\/vitanet.al\\\/sq\\\/product\\\/bebicol-pika-me-zink-10ml\\\/#breadcrumb\"},\"inLanguage\":\"sq-AL\",\"potentialAction\":[{\"@type\":\"ReadAction\",\"target\":[\"https:\\\/\\\/vitanet.al\\\/sq\\\/product\\\/bebicol-pika-me-zink-10ml\\\/\"]}]},{\"@type\":\"ImageObject\",\"inLanguage\":\"sq-AL\",\"@id\":\"https:\\\/\\\/vitanet.al\\\/sq\\\/product\\\/bebicol-pika-me-zink-10ml\\\/#primaryimage\",\"url\":\"https:\\\/\\\/vitanet.al\\\/wp-content\\\/uploads\\\/2025\\\/08\\\/5.webp\",\"contentUrl\":\"https:\\\/\\\/vitanet.al\\\/wp-content\\\/uploads\\\/2025\\\/08\\\/5.webp\",\"width\":1000,\"height\":1000},{\"@type\":\"BreadcrumbList\",\"@id\":\"https:\\\/\\\/vitanet.al\\\/sq\\\/product\\\/bebicol-pika-me-zink-10ml\\\/#breadcrumb\",\"itemListElement\":[{\"@type\":\"ListItem\",\"position\":1,\"name\":\"Home\",\"item\":\"https:\\\/\\\/vitanet.al\\\/sq\\\/\"},{\"@type\":\"ListItem\",\"position\":2,\"name\":\"Shop\",\"item\":\"https:\\\/\\\/vitanet.al\\\/sq\\\/shop\\\/\"},{\"@type\":\"ListItem\",\"position\":3,\"name\":\"BEBICOL PIKA ME ZINK 10ML\"}]},{\"@type\":\"WebSite\",\"@id\":\"https:\\\/\\\/vitanet.al\\\/sq\\\/#website\",\"url\":\"https:\\\/\\\/vitanet.al\\\/sq\\\/\",\"name\":\"VITANET ALBANIA\",\"description\":\"\",\"publisher\":{\"@id\":\"https:\\\/\\\/vitanet.al\\\/sq\\\/#organization\"},\"potentialAction\":[{\"@type\":\"SearchAction\",\"target\":{\"@type\":\"EntryPoint\",\"urlTemplate\":\"https:\\\/\\\/vitanet.al\\\/sq\\\/?s={search_term_string}\"},\"query-input\":{\"@type\":\"PropertyValueSpecification\",\"valueRequired\":true,\"valueName\":\"search_term_string\"}}],\"inLanguage\":\"sq-AL\"},{\"@type\":\"Organization\",\"@id\":\"https:\\\/\\\/vitanet.al\\\/sq\\\/#organization\",\"name\":\"VITANET ALBANIA\",\"url\":\"https:\\\/\\\/vitanet.al\\\/sq\\\/\",\"logo\":{\"@type\":\"ImageObject\",\"inLanguage\":\"sq-AL\",\"@id\":\"https:\\\/\\\/vitanet.al\\\/sq\\\/#\\\/schema\\\/logo\\\/image\\\/\",\"url\":\"https:\\\/\\\/vitanet.al\\\/wp-content\\\/uploads\\\/2022\\\/02\\\/Vitanet_Logo-scaled.webp\",\"contentUrl\":\"https:\\\/\\\/vitanet.al\\\/wp-content\\\/uploads\\\/2022\\\/02\\\/Vitanet_Logo-scaled.webp\",\"width\":2560,\"height\":714,\"caption\":\"VITANET ALBANIA\"},\"image\":{\"@id\":\"https:\\\/\\\/vitanet.al\\\/sq\\\/#\\\/schema\\\/logo\\\/image\\\/\"}}]}<\/script>\n<!-- \/ Yoast SEO plugin. -->","yoast_head_json":{"title":"BEBICOL PIKA ME ZINK 10ML - VITANET ALBANIA","robots":{"index":"index","follow":"follow","max-snippet":"max-snippet:-1","max-image-preview":"max-image-preview:large","max-video-preview":"max-video-preview:-1"},"canonical":"https:\/\/vitanet.al\/sq\/product\/bebicol-pika-me-zink-10ml\/","og_locale":"sq_AL","og_type":"article","og_title":"BEBICOL PIKA ME ZINK 10ML - VITANET ALBANIA","og_description":"BebiCol me Zink BebiCol zink me pika p\u00ebrmban kultur\u00ebn probiotike Lactobacillus rhamnosus GG n\u00eb nj\u00eb doz\u00eb efektive t\u00eb provuar prej 10 miliard\u00eb, zink dhe vitamin\u00eb D3. Probiotiku me pika BebiCol me zink rekomandohen q\u00eb n\u00eb dit\u00ebn e par\u00eb t\u00eb jet\u00ebs: n\u00eb diarre akute dhe diarre t\u00eb shkaktuar nga antibiotik\u00ebt, n\u00eb dermatit atopik, p\u00ebr ruajtjen e ekuilibrit t\u00eb mikrobiot\u00ebs s\u00eb zorr\u00ebve dhe forcimin e imunitetit. M\u00ebnyra e p\u00ebrdorimit p\u00ebr t\u00eb sapolindurit, foshnjat dhe f\u00ebmij\u00ebt: 14 pika nj\u00eb her\u00eb n\u00eb dit\u00eb. Tundeni para p\u00ebrdorimit. Paketimi: 10ml","og_url":"https:\/\/vitanet.al\/sq\/product\/bebicol-pika-me-zink-10ml\/","og_site_name":"VITANET ALBANIA","og_image":[{"width":1000,"height":1000,"url":"https:\/\/vitanet.al\/wp-content\/uploads\/2025\/08\/5.webp","type":"image\/webp"}],"twitter_card":"summary_large_image","schema":{"@context":"https:\/\/schema.org","@graph":[{"@type":"WebPage","@id":"https:\/\/vitanet.al\/sq\/product\/bebicol-pika-me-zink-10ml\/","url":"https:\/\/vitanet.al\/sq\/product\/bebicol-pika-me-zink-10ml\/","name":"BEBICOL PIKA ME ZINK 10ML - VITANET ALBANIA","isPartOf":{"@id":"https:\/\/vitanet.al\/sq\/#website"},"primaryImageOfPage":{"@id":"https:\/\/vitanet.al\/sq\/product\/bebicol-pika-me-zink-10ml\/#primaryimage"},"image":{"@id":"https:\/\/vitanet.al\/sq\/product\/bebicol-pika-me-zink-10ml\/#primaryimage"},"thumbnailUrl":"https:\/\/vitanet.al\/wp-content\/uploads\/2025\/08\/5.webp","datePublished":"2025-08-07T12:27:00+00:00","breadcrumb":{"@id":"https:\/\/vitanet.al\/sq\/product\/bebicol-pika-me-zink-10ml\/#breadcrumb"},"inLanguage":"sq-AL","potentialAction":[{"@type":"ReadAction","target":["https:\/\/vitanet.al\/sq\/product\/bebicol-pika-me-zink-10ml\/"]}]},{"@type":"ImageObject","inLanguage":"sq-AL","@id":"https:\/\/vitanet.al\/sq\/product\/bebicol-pika-me-zink-10ml\/#primaryimage","url":"https:\/\/vitanet.al\/wp-content\/uploads\/2025\/08\/5.webp","contentUrl":"https:\/\/vitanet.al\/wp-content\/uploads\/2025\/08\/5.webp","width":1000,"height":1000},{"@type":"BreadcrumbList","@id":"https:\/\/vitanet.al\/sq\/product\/bebicol-pika-me-zink-10ml\/#breadcrumb","itemListElement":[{"@type":"ListItem","position":1,"name":"Home","item":"https:\/\/vitanet.al\/sq\/"},{"@type":"ListItem","position":2,"name":"Shop","item":"https:\/\/vitanet.al\/sq\/shop\/"},{"@type":"ListItem","position":3,"name":"BEBICOL PIKA ME ZINK 10ML"}]},{"@type":"WebSite","@id":"https:\/\/vitanet.al\/sq\/#website","url":"https:\/\/vitanet.al\/sq\/","name":"VITANET ALBANIA","description":"","publisher":{"@id":"https:\/\/vitanet.al\/sq\/#organization"},"potentialAction":[{"@type":"SearchAction","target":{"@type":"EntryPoint","urlTemplate":"https:\/\/vitanet.al\/sq\/?s={search_term_string}"},"query-input":{"@type":"PropertyValueSpecification","valueRequired":true,"valueName":"search_term_string"}}],"inLanguage":"sq-AL"},{"@type":"Organization","@id":"https:\/\/vitanet.al\/sq\/#organization","name":"VITANET ALBANIA","url":"https:\/\/vitanet.al\/sq\/","logo":{"@type":"ImageObject","inLanguage":"sq-AL","@id":"https:\/\/vitanet.al\/sq\/#\/schema\/logo\/image\/","url":"https:\/\/vitanet.al\/wp-content\/uploads\/2022\/02\/Vitanet_Logo-scaled.webp","contentUrl":"https:\/\/vitanet.al\/wp-content\/uploads\/2022\/02\/Vitanet_Logo-scaled.webp","width":2560,"height":714,"caption":"VITANET ALBANIA"},"image":{"@id":"https:\/\/vitanet.al\/sq\/#\/schema\/logo\/image\/"}}]}},"_links":{"self":[{"href":"https:\/\/vitanet.al\/sq\/wp-json\/wp\/v2\/product\/6540","targetHints":{"allow":["GET"]}}],"collection":[{"href":"https:\/\/vitanet.al\/sq\/wp-json\/wp\/v2\/product"}],"about":[{"href":"https:\/\/vitanet.al\/sq\/wp-json\/wp\/v2\/types\/product"}],"version-history":[{"count":0,"href":"https:\/\/vitanet.al\/sq\/wp-json\/wp\/v2\/product\/6540\/revisions"}],"wp:featuredmedia":[{"embeddable":true,"href":"https:\/\/vitanet.al\/sq\/wp-json\/wp\/v2\/media\/6109"}],"wp:attachment":[{"href":"https:\/\/vitanet.al\/sq\/wp-json\/wp\/v2\/media?parent=6540"}],"wp:term":[{"taxonomy":"product_brand","embeddable":true,"href":"https:\/\/vitanet.al\/sq\/wp-json\/wp\/v2\/product_brand?post=6540"},{"taxonomy":"product_cat","embeddable":true,"href":"https:\/\/vitanet.al\/sq\/wp-json\/wp\/v2\/product_cat?post=6540"},{"taxonomy":"product_tag","embeddable":true,"href":"https:\/\/vitanet.al\/sq\/wp-json\/wp\/v2\/product_tag?post=6540"}],"curies":[{"name":"wp","href":"https:\/\/api.w.org\/{rel}","templated":true}]}}