{"id":7430,"date":"2026-02-07T19:57:37","date_gmt":"2026-02-07T19:57:37","guid":{"rendered":"https:\/\/vitanet.al\/product\/koenzime-q10-klasike-30-kapsula\/"},"modified":"2026-03-10T15:57:32","modified_gmt":"2026-03-10T15:57:32","slug":"koenzime-q10-klasike-30-kapsula","status":"publish","type":"product","link":"https:\/\/vitanet.al\/sq\/product\/koenzime-q10-klasike-30-kapsula\/","title":{"rendered":"KOENZIM\u00cb Q10 KLASIKE 30 KAPSULA"},"content":{"rendered":"<p>Suplement ushqimor me koenzim\u00eb Q10 30 mg. Nuk p\u00ebrmban gluten, laktoz\u00eb dhe konservant\u00eb. Sasia: 30 kapsula t\u00eb buta. Dozimi: 1 kapsul\u00eb n\u00eb dit\u00eb n\u00eb m\u00ebngjes para ushqimit si suplement ushqimor ose sipas rekomandimit t\u00eb mjekut. Rekomandohet p\u00ebr atlet\u00ebt, vegjetarian\u00ebt dhe personat me munges\u00eb t\u00eb koenzim\u00ebs Q10. Mbaje n\u00eb nj\u00eb vend t\u00eb fresk\u00ebt dhe t\u00eb that\u00eb (deri n\u00eb 25 \u00b0C), larg f\u00ebmij\u00ebve.<\/p>\n","protected":false},"excerpt":{"rendered":"<p>Suplement ushqimor me koenzim\u00eb Q10 30 mg. Nuk p\u00ebrmban gluten, laktoz\u00eb dhe konservant\u00eb. Sasia: 30 kapsula t\u00eb buta. Dozimi: 1 kapsul\u00eb n\u00eb dit\u00eb n\u00eb m\u00ebngjes para ushqimit si suplement ushqimor ose sipas rekomandimit t\u00eb mjekut. Rekomandohet p\u00ebr atlet\u00ebt, vegjetarian\u00ebt dhe personat me munges\u00eb t\u00eb koenzim\u00ebs Q10. Mbaje n\u00eb nj\u00eb vend t\u00eb fresk\u00ebt dhe t\u00eb that\u00eb [&hellip;]<\/p>\n","protected":false},"featured_media":8299,"template":"","meta":[],"product_brand":[],"product_cat":[119,120,122],"product_tag":[],"class_list":{"0":"post-7430","1":"product","2":"type-product","3":"status-publish","4":"has-post-thumbnail","6":"product_cat-markat-tona","7":"product_cat-power-health","8":"product_cat-suplemente-dhe-vitamina","10":"first","11":"instock","12":"shipping-taxable","13":"purchasable","14":"product-type-simple"},"yoast_head":"<!-- This site is optimized with the Yoast SEO plugin v27.5 - https:\/\/yoast.com\/product\/yoast-seo-wordpress\/ -->\n<title>KOENZIM\u00cb Q10 KLASIKE 30 KAPSULA - VITANET ALBANIA<\/title>\n<meta name=\"robots\" content=\"index, follow, max-snippet:-1, max-image-preview:large, max-video-preview:-1\" \/>\n<link rel=\"canonical\" href=\"https:\/\/vitanet.al\/sq\/product\/koenzime-q10-klasike-30-kapsula\/\" \/>\n<meta property=\"og:locale\" content=\"sq_AL\" \/>\n<meta property=\"og:type\" content=\"article\" \/>\n<meta property=\"og:title\" content=\"KOENZIM\u00cb Q10 KLASIKE 30 KAPSULA - VITANET ALBANIA\" \/>\n<meta property=\"og:description\" content=\"Suplement ushqimor me koenzim\u00eb Q10 30 mg. Nuk p\u00ebrmban gluten, laktoz\u00eb dhe konservant\u00eb. Sasia: 30 kapsula t\u00eb buta. Dozimi: 1 kapsul\u00eb n\u00eb dit\u00eb n\u00eb m\u00ebngjes para ushqimit si suplement ushqimor ose sipas rekomandimit t\u00eb mjekut. Rekomandohet p\u00ebr atlet\u00ebt, vegjetarian\u00ebt dhe personat me munges\u00eb t\u00eb koenzim\u00ebs Q10. Mbaje n\u00eb nj\u00eb vend t\u00eb fresk\u00ebt dhe t\u00eb that\u00eb [&hellip;]\" \/>\n<meta property=\"og:url\" content=\"https:\/\/vitanet.al\/sq\/product\/koenzime-q10-klasike-30-kapsula\/\" \/>\n<meta property=\"og:site_name\" content=\"VITANET ALBANIA\" \/>\n<meta property=\"article:modified_time\" content=\"2026-03-10T15:57:32+00:00\" \/>\n<meta property=\"og:image\" content=\"https:\/\/vitanet.al\/wp-content\/uploads\/2026\/02\/CoenzymeQ10_2025_10.png\" \/>\n\t<meta property=\"og:image:width\" content=\"500\" \/>\n\t<meta property=\"og:image:height\" content=\"500\" \/>\n\t<meta property=\"og:image:type\" content=\"image\/png\" \/>\n<meta name=\"twitter:card\" content=\"summary_large_image\" \/>\n<script type=\"application\/ld+json\" class=\"yoast-schema-graph\">{\"@context\":\"https:\\\/\\\/schema.org\",\"@graph\":[{\"@type\":\"WebPage\",\"@id\":\"https:\\\/\\\/vitanet.al\\\/sq\\\/product\\\/koenzime-q10-klasike-30-kapsula\\\/\",\"url\":\"https:\\\/\\\/vitanet.al\\\/sq\\\/product\\\/koenzime-q10-klasike-30-kapsula\\\/\",\"name\":\"KOENZIM\u00cb Q10 KLASIKE 30 KAPSULA - VITANET ALBANIA\",\"isPartOf\":{\"@id\":\"https:\\\/\\\/vitanet.al\\\/sq\\\/#website\"},\"primaryImageOfPage\":{\"@id\":\"https:\\\/\\\/vitanet.al\\\/sq\\\/product\\\/koenzime-q10-klasike-30-kapsula\\\/#primaryimage\"},\"image\":{\"@id\":\"https:\\\/\\\/vitanet.al\\\/sq\\\/product\\\/koenzime-q10-klasike-30-kapsula\\\/#primaryimage\"},\"thumbnailUrl\":\"https:\\\/\\\/vitanet.al\\\/wp-content\\\/uploads\\\/2026\\\/02\\\/CoenzymeQ10_2025_10.png\",\"datePublished\":\"2026-02-07T19:57:37+00:00\",\"dateModified\":\"2026-03-10T15:57:32+00:00\",\"breadcrumb\":{\"@id\":\"https:\\\/\\\/vitanet.al\\\/sq\\\/product\\\/koenzime-q10-klasike-30-kapsula\\\/#breadcrumb\"},\"inLanguage\":\"sq-AL\",\"potentialAction\":[{\"@type\":\"ReadAction\",\"target\":[\"https:\\\/\\\/vitanet.al\\\/sq\\\/product\\\/koenzime-q10-klasike-30-kapsula\\\/\"]}]},{\"@type\":\"ImageObject\",\"inLanguage\":\"sq-AL\",\"@id\":\"https:\\\/\\\/vitanet.al\\\/sq\\\/product\\\/koenzime-q10-klasike-30-kapsula\\\/#primaryimage\",\"url\":\"https:\\\/\\\/vitanet.al\\\/wp-content\\\/uploads\\\/2026\\\/02\\\/CoenzymeQ10_2025_10.png\",\"contentUrl\":\"https:\\\/\\\/vitanet.al\\\/wp-content\\\/uploads\\\/2026\\\/02\\\/CoenzymeQ10_2025_10.png\",\"width\":500,\"height\":500},{\"@type\":\"BreadcrumbList\",\"@id\":\"https:\\\/\\\/vitanet.al\\\/sq\\\/product\\\/koenzime-q10-klasike-30-kapsula\\\/#breadcrumb\",\"itemListElement\":[{\"@type\":\"ListItem\",\"position\":1,\"name\":\"Home\",\"item\":\"https:\\\/\\\/vitanet.al\\\/sq\\\/\"},{\"@type\":\"ListItem\",\"position\":2,\"name\":\"Shop\",\"item\":\"https:\\\/\\\/vitanet.al\\\/sq\\\/shop\\\/\"},{\"@type\":\"ListItem\",\"position\":3,\"name\":\"KOENZIM\u00cb Q10 KLASIKE 30 KAPSULA\"}]},{\"@type\":\"WebSite\",\"@id\":\"https:\\\/\\\/vitanet.al\\\/sq\\\/#website\",\"url\":\"https:\\\/\\\/vitanet.al\\\/sq\\\/\",\"name\":\"VITANET ALBANIA\",\"description\":\"\",\"publisher\":{\"@id\":\"https:\\\/\\\/vitanet.al\\\/sq\\\/#organization\"},\"potentialAction\":[{\"@type\":\"SearchAction\",\"target\":{\"@type\":\"EntryPoint\",\"urlTemplate\":\"https:\\\/\\\/vitanet.al\\\/sq\\\/?s={search_term_string}\"},\"query-input\":{\"@type\":\"PropertyValueSpecification\",\"valueRequired\":true,\"valueName\":\"search_term_string\"}}],\"inLanguage\":\"sq-AL\"},{\"@type\":\"Organization\",\"@id\":\"https:\\\/\\\/vitanet.al\\\/sq\\\/#organization\",\"name\":\"VITANET ALBANIA\",\"url\":\"https:\\\/\\\/vitanet.al\\\/sq\\\/\",\"logo\":{\"@type\":\"ImageObject\",\"inLanguage\":\"sq-AL\",\"@id\":\"https:\\\/\\\/vitanet.al\\\/sq\\\/#\\\/schema\\\/logo\\\/image\\\/\",\"url\":\"https:\\\/\\\/vitanet.al\\\/wp-content\\\/uploads\\\/2022\\\/02\\\/Vitanet_Logo-scaled.webp\",\"contentUrl\":\"https:\\\/\\\/vitanet.al\\\/wp-content\\\/uploads\\\/2022\\\/02\\\/Vitanet_Logo-scaled.webp\",\"width\":2560,\"height\":714,\"caption\":\"VITANET ALBANIA\"},\"image\":{\"@id\":\"https:\\\/\\\/vitanet.al\\\/sq\\\/#\\\/schema\\\/logo\\\/image\\\/\"}}]}<\/script>\n<!-- \/ Yoast SEO plugin. -->","yoast_head_json":{"title":"KOENZIM\u00cb Q10 KLASIKE 30 KAPSULA - VITANET ALBANIA","robots":{"index":"index","follow":"follow","max-snippet":"max-snippet:-1","max-image-preview":"max-image-preview:large","max-video-preview":"max-video-preview:-1"},"canonical":"https:\/\/vitanet.al\/sq\/product\/koenzime-q10-klasike-30-kapsula\/","og_locale":"sq_AL","og_type":"article","og_title":"KOENZIM\u00cb Q10 KLASIKE 30 KAPSULA - VITANET ALBANIA","og_description":"Suplement ushqimor me koenzim\u00eb Q10 30 mg. Nuk p\u00ebrmban gluten, laktoz\u00eb dhe konservant\u00eb. Sasia: 30 kapsula t\u00eb buta. Dozimi: 1 kapsul\u00eb n\u00eb dit\u00eb n\u00eb m\u00ebngjes para ushqimit si suplement ushqimor ose sipas rekomandimit t\u00eb mjekut. Rekomandohet p\u00ebr atlet\u00ebt, vegjetarian\u00ebt dhe personat me munges\u00eb t\u00eb koenzim\u00ebs Q10. Mbaje n\u00eb nj\u00eb vend t\u00eb fresk\u00ebt dhe t\u00eb that\u00eb [&hellip;]","og_url":"https:\/\/vitanet.al\/sq\/product\/koenzime-q10-klasike-30-kapsula\/","og_site_name":"VITANET ALBANIA","article_modified_time":"2026-03-10T15:57:32+00:00","og_image":[{"width":500,"height":500,"url":"https:\/\/vitanet.al\/wp-content\/uploads\/2026\/02\/CoenzymeQ10_2025_10.png","type":"image\/png"}],"twitter_card":"summary_large_image","schema":{"@context":"https:\/\/schema.org","@graph":[{"@type":"WebPage","@id":"https:\/\/vitanet.al\/sq\/product\/koenzime-q10-klasike-30-kapsula\/","url":"https:\/\/vitanet.al\/sq\/product\/koenzime-q10-klasike-30-kapsula\/","name":"KOENZIM\u00cb Q10 KLASIKE 30 KAPSULA - VITANET ALBANIA","isPartOf":{"@id":"https:\/\/vitanet.al\/sq\/#website"},"primaryImageOfPage":{"@id":"https:\/\/vitanet.al\/sq\/product\/koenzime-q10-klasike-30-kapsula\/#primaryimage"},"image":{"@id":"https:\/\/vitanet.al\/sq\/product\/koenzime-q10-klasike-30-kapsula\/#primaryimage"},"thumbnailUrl":"https:\/\/vitanet.al\/wp-content\/uploads\/2026\/02\/CoenzymeQ10_2025_10.png","datePublished":"2026-02-07T19:57:37+00:00","dateModified":"2026-03-10T15:57:32+00:00","breadcrumb":{"@id":"https:\/\/vitanet.al\/sq\/product\/koenzime-q10-klasike-30-kapsula\/#breadcrumb"},"inLanguage":"sq-AL","potentialAction":[{"@type":"ReadAction","target":["https:\/\/vitanet.al\/sq\/product\/koenzime-q10-klasike-30-kapsula\/"]}]},{"@type":"ImageObject","inLanguage":"sq-AL","@id":"https:\/\/vitanet.al\/sq\/product\/koenzime-q10-klasike-30-kapsula\/#primaryimage","url":"https:\/\/vitanet.al\/wp-content\/uploads\/2026\/02\/CoenzymeQ10_2025_10.png","contentUrl":"https:\/\/vitanet.al\/wp-content\/uploads\/2026\/02\/CoenzymeQ10_2025_10.png","width":500,"height":500},{"@type":"BreadcrumbList","@id":"https:\/\/vitanet.al\/sq\/product\/koenzime-q10-klasike-30-kapsula\/#breadcrumb","itemListElement":[{"@type":"ListItem","position":1,"name":"Home","item":"https:\/\/vitanet.al\/sq\/"},{"@type":"ListItem","position":2,"name":"Shop","item":"https:\/\/vitanet.al\/sq\/shop\/"},{"@type":"ListItem","position":3,"name":"KOENZIM\u00cb Q10 KLASIKE 30 KAPSULA"}]},{"@type":"WebSite","@id":"https:\/\/vitanet.al\/sq\/#website","url":"https:\/\/vitanet.al\/sq\/","name":"VITANET ALBANIA","description":"","publisher":{"@id":"https:\/\/vitanet.al\/sq\/#organization"},"potentialAction":[{"@type":"SearchAction","target":{"@type":"EntryPoint","urlTemplate":"https:\/\/vitanet.al\/sq\/?s={search_term_string}"},"query-input":{"@type":"PropertyValueSpecification","valueRequired":true,"valueName":"search_term_string"}}],"inLanguage":"sq-AL"},{"@type":"Organization","@id":"https:\/\/vitanet.al\/sq\/#organization","name":"VITANET ALBANIA","url":"https:\/\/vitanet.al\/sq\/","logo":{"@type":"ImageObject","inLanguage":"sq-AL","@id":"https:\/\/vitanet.al\/sq\/#\/schema\/logo\/image\/","url":"https:\/\/vitanet.al\/wp-content\/uploads\/2022\/02\/Vitanet_Logo-scaled.webp","contentUrl":"https:\/\/vitanet.al\/wp-content\/uploads\/2022\/02\/Vitanet_Logo-scaled.webp","width":2560,"height":714,"caption":"VITANET ALBANIA"},"image":{"@id":"https:\/\/vitanet.al\/sq\/#\/schema\/logo\/image\/"}}]}},"_links":{"self":[{"href":"https:\/\/vitanet.al\/sq\/wp-json\/wp\/v2\/product\/7430","targetHints":{"allow":["GET"]}}],"collection":[{"href":"https:\/\/vitanet.al\/sq\/wp-json\/wp\/v2\/product"}],"about":[{"href":"https:\/\/vitanet.al\/sq\/wp-json\/wp\/v2\/types\/product"}],"version-history":[{"count":1,"href":"https:\/\/vitanet.al\/sq\/wp-json\/wp\/v2\/product\/7430\/revisions"}],"predecessor-version":[{"id":8300,"href":"https:\/\/vitanet.al\/sq\/wp-json\/wp\/v2\/product\/7430\/revisions\/8300"}],"wp:featuredmedia":[{"embeddable":true,"href":"https:\/\/vitanet.al\/sq\/wp-json\/wp\/v2\/media\/8299"}],"wp:attachment":[{"href":"https:\/\/vitanet.al\/sq\/wp-json\/wp\/v2\/media?parent=7430"}],"wp:term":[{"taxonomy":"product_brand","embeddable":true,"href":"https:\/\/vitanet.al\/sq\/wp-json\/wp\/v2\/product_brand?post=7430"},{"taxonomy":"product_cat","embeddable":true,"href":"https:\/\/vitanet.al\/sq\/wp-json\/wp\/v2\/product_cat?post=7430"},{"taxonomy":"product_tag","embeddable":true,"href":"https:\/\/vitanet.al\/sq\/wp-json\/wp\/v2\/product_tag?post=7430"}],"curies":[{"name":"wp","href":"https:\/\/api.w.org\/{rel}","templated":true}]}}