{"id":7436,"date":"2026-02-07T19:57:42","date_gmt":"2026-02-07T19:57:42","guid":{"rendered":"https:\/\/vitanet.al\/product\/hairtone-nails-skin-classics-x30-kapsula\/"},"modified":"2026-02-07T19:57:42","modified_gmt":"2026-02-07T19:57:42","slug":"hairtone-nails-skin-classics-x30-kapsula","status":"publish","type":"product","link":"https:\/\/vitanet.al\/sq\/product\/hairtone-nails-skin-classics-x30-kapsula\/","title":{"rendered":"HAIRTONE-NAILS-SKIN CLASSICS x30 KAPSULA"},"content":{"rendered":"<p>Suplement ushqimor q\u00eb p\u00ebrdoret n\u00eb rastin e r\u00ebnies s\u00eb flok\u00ebve dhe problemeve m\u00eb thonjt\u00eb dhe l\u00ebkur\u00ebn. Nuk p\u00ebrmban sheqer, gluten, laktoz\u00eb dhe konservant\u00eb. P\u00ebrmban: Vitamin\u00eb C 100mg \u2022 MSM 100mg \u2022 L-Cystein\u00eb 60mg \u2022 L-Methionin\u00eb 60mg \u2022 Esktrakt meli 50mg \u2022 Silic 50mg Vitamin\u00eb E 20mg \u2022 Acid pantotenik 20mg \u2022 Zink 10mg \u2022 Bak\u00ebr 2mg \u2022 Biotin\u00eb 100mg \u2022 Selenium 50mg.Sasia: 30 kapsula. Dozimi: 1 kapsul\u00eb n\u00eb dit\u00eb pas ushqimit ose sipas rekomandimit te mjekut.   <\/p>\n","protected":false},"excerpt":{"rendered":"<p>Suplement ushqimor q\u00eb p\u00ebrdoret n\u00eb rastin e r\u00ebnies s\u00eb flok\u00ebve dhe problemeve m\u00eb thonjt\u00eb dhe l\u00ebkur\u00ebn. Nuk p\u00ebrmban sheqer, gluten, laktoz\u00eb dhe konservant\u00eb. P\u00ebrmban: Vitamin\u00eb C 100mg \u2022 MSM 100mg \u2022 L-Cystein\u00eb 60mg \u2022 L-Methionin\u00eb 60mg \u2022 Esktrakt meli 50mg \u2022 Silic 50mg Vitamin\u00eb E 20mg \u2022 Acid pantotenik 20mg \u2022 Zink 10mg \u2022 Bak\u00ebr [&hellip;]<\/p>\n","protected":false},"featured_media":8295,"template":"","meta":[],"product_brand":[],"product_cat":[119,120,122],"product_tag":[],"class_list":{"0":"post-7436","1":"product","2":"type-product","3":"status-publish","4":"has-post-thumbnail","6":"product_cat-markat-tona","7":"product_cat-power-health","8":"product_cat-suplemente-dhe-vitamina","10":"first","11":"instock","12":"shipping-taxable","13":"purchasable","14":"product-type-simple"},"yoast_head":"<!-- This site is optimized with the Yoast SEO plugin v27.5 - https:\/\/yoast.com\/product\/yoast-seo-wordpress\/ -->\n<title>HAIRTONE-NAILS-SKIN CLASSICS x30 KAPSULA - VITANET ALBANIA<\/title>\n<meta name=\"robots\" content=\"index, follow, max-snippet:-1, max-image-preview:large, max-video-preview:-1\" \/>\n<link rel=\"canonical\" href=\"https:\/\/vitanet.al\/sq\/product\/hairtone-nails-skin-classics-x30-kapsula\/\" \/>\n<meta property=\"og:locale\" content=\"sq_AL\" \/>\n<meta property=\"og:type\" content=\"article\" \/>\n<meta property=\"og:title\" content=\"HAIRTONE-NAILS-SKIN CLASSICS x30 KAPSULA - VITANET ALBANIA\" \/>\n<meta property=\"og:description\" content=\"Suplement ushqimor q\u00eb p\u00ebrdoret n\u00eb rastin e r\u00ebnies s\u00eb flok\u00ebve dhe problemeve m\u00eb thonjt\u00eb dhe l\u00ebkur\u00ebn. Nuk p\u00ebrmban sheqer, gluten, laktoz\u00eb dhe konservant\u00eb. P\u00ebrmban: Vitamin\u00eb C 100mg \u2022 MSM 100mg \u2022 L-Cystein\u00eb 60mg \u2022 L-Methionin\u00eb 60mg \u2022 Esktrakt meli 50mg \u2022 Silic 50mg Vitamin\u00eb E 20mg \u2022 Acid pantotenik 20mg \u2022 Zink 10mg \u2022 Bak\u00ebr [&hellip;]\" \/>\n<meta property=\"og:url\" content=\"https:\/\/vitanet.al\/sq\/product\/hairtone-nails-skin-classics-x30-kapsula\/\" \/>\n<meta property=\"og:site_name\" content=\"VITANET ALBANIA\" \/>\n<meta property=\"og:image\" content=\"https:\/\/vitanet.al\/wp-content\/uploads\/2026\/02\/hair_skin_formula.jpg\" \/>\n\t<meta property=\"og:image:width\" content=\"500\" \/>\n\t<meta property=\"og:image:height\" content=\"500\" \/>\n\t<meta property=\"og:image:type\" content=\"image\/jpeg\" \/>\n<meta name=\"twitter:card\" content=\"summary_large_image\" \/>\n<script type=\"application\/ld+json\" class=\"yoast-schema-graph\">{\"@context\":\"https:\\\/\\\/schema.org\",\"@graph\":[{\"@type\":\"WebPage\",\"@id\":\"https:\\\/\\\/vitanet.al\\\/sq\\\/product\\\/hairtone-nails-skin-classics-x30-kapsula\\\/\",\"url\":\"https:\\\/\\\/vitanet.al\\\/sq\\\/product\\\/hairtone-nails-skin-classics-x30-kapsula\\\/\",\"name\":\"HAIRTONE-NAILS-SKIN CLASSICS x30 KAPSULA - VITANET ALBANIA\",\"isPartOf\":{\"@id\":\"https:\\\/\\\/vitanet.al\\\/sq\\\/#website\"},\"primaryImageOfPage\":{\"@id\":\"https:\\\/\\\/vitanet.al\\\/sq\\\/product\\\/hairtone-nails-skin-classics-x30-kapsula\\\/#primaryimage\"},\"image\":{\"@id\":\"https:\\\/\\\/vitanet.al\\\/sq\\\/product\\\/hairtone-nails-skin-classics-x30-kapsula\\\/#primaryimage\"},\"thumbnailUrl\":\"https:\\\/\\\/vitanet.al\\\/wp-content\\\/uploads\\\/2026\\\/02\\\/hair_skin_formula.jpg\",\"datePublished\":\"2026-02-07T19:57:42+00:00\",\"breadcrumb\":{\"@id\":\"https:\\\/\\\/vitanet.al\\\/sq\\\/product\\\/hairtone-nails-skin-classics-x30-kapsula\\\/#breadcrumb\"},\"inLanguage\":\"sq-AL\",\"potentialAction\":[{\"@type\":\"ReadAction\",\"target\":[\"https:\\\/\\\/vitanet.al\\\/sq\\\/product\\\/hairtone-nails-skin-classics-x30-kapsula\\\/\"]}]},{\"@type\":\"ImageObject\",\"inLanguage\":\"sq-AL\",\"@id\":\"https:\\\/\\\/vitanet.al\\\/sq\\\/product\\\/hairtone-nails-skin-classics-x30-kapsula\\\/#primaryimage\",\"url\":\"https:\\\/\\\/vitanet.al\\\/wp-content\\\/uploads\\\/2026\\\/02\\\/hair_skin_formula.jpg\",\"contentUrl\":\"https:\\\/\\\/vitanet.al\\\/wp-content\\\/uploads\\\/2026\\\/02\\\/hair_skin_formula.jpg\",\"width\":500,\"height\":500},{\"@type\":\"BreadcrumbList\",\"@id\":\"https:\\\/\\\/vitanet.al\\\/sq\\\/product\\\/hairtone-nails-skin-classics-x30-kapsula\\\/#breadcrumb\",\"itemListElement\":[{\"@type\":\"ListItem\",\"position\":1,\"name\":\"Home\",\"item\":\"https:\\\/\\\/vitanet.al\\\/sq\\\/\"},{\"@type\":\"ListItem\",\"position\":2,\"name\":\"Shop\",\"item\":\"https:\\\/\\\/vitanet.al\\\/sq\\\/shop\\\/\"},{\"@type\":\"ListItem\",\"position\":3,\"name\":\"HAIRTONE-NAILS-SKIN CLASSICS x30 KAPSULA\"}]},{\"@type\":\"WebSite\",\"@id\":\"https:\\\/\\\/vitanet.al\\\/sq\\\/#website\",\"url\":\"https:\\\/\\\/vitanet.al\\\/sq\\\/\",\"name\":\"VITANET ALBANIA\",\"description\":\"\",\"publisher\":{\"@id\":\"https:\\\/\\\/vitanet.al\\\/sq\\\/#organization\"},\"potentialAction\":[{\"@type\":\"SearchAction\",\"target\":{\"@type\":\"EntryPoint\",\"urlTemplate\":\"https:\\\/\\\/vitanet.al\\\/sq\\\/?s={search_term_string}\"},\"query-input\":{\"@type\":\"PropertyValueSpecification\",\"valueRequired\":true,\"valueName\":\"search_term_string\"}}],\"inLanguage\":\"sq-AL\"},{\"@type\":\"Organization\",\"@id\":\"https:\\\/\\\/vitanet.al\\\/sq\\\/#organization\",\"name\":\"VITANET ALBANIA\",\"url\":\"https:\\\/\\\/vitanet.al\\\/sq\\\/\",\"logo\":{\"@type\":\"ImageObject\",\"inLanguage\":\"sq-AL\",\"@id\":\"https:\\\/\\\/vitanet.al\\\/sq\\\/#\\\/schema\\\/logo\\\/image\\\/\",\"url\":\"https:\\\/\\\/vitanet.al\\\/wp-content\\\/uploads\\\/2022\\\/02\\\/Vitanet_Logo-scaled.webp\",\"contentUrl\":\"https:\\\/\\\/vitanet.al\\\/wp-content\\\/uploads\\\/2022\\\/02\\\/Vitanet_Logo-scaled.webp\",\"width\":2560,\"height\":714,\"caption\":\"VITANET ALBANIA\"},\"image\":{\"@id\":\"https:\\\/\\\/vitanet.al\\\/sq\\\/#\\\/schema\\\/logo\\\/image\\\/\"}}]}<\/script>\n<!-- \/ Yoast SEO plugin. -->","yoast_head_json":{"title":"HAIRTONE-NAILS-SKIN CLASSICS x30 KAPSULA - VITANET ALBANIA","robots":{"index":"index","follow":"follow","max-snippet":"max-snippet:-1","max-image-preview":"max-image-preview:large","max-video-preview":"max-video-preview:-1"},"canonical":"https:\/\/vitanet.al\/sq\/product\/hairtone-nails-skin-classics-x30-kapsula\/","og_locale":"sq_AL","og_type":"article","og_title":"HAIRTONE-NAILS-SKIN CLASSICS x30 KAPSULA - VITANET ALBANIA","og_description":"Suplement ushqimor q\u00eb p\u00ebrdoret n\u00eb rastin e r\u00ebnies s\u00eb flok\u00ebve dhe problemeve m\u00eb thonjt\u00eb dhe l\u00ebkur\u00ebn. Nuk p\u00ebrmban sheqer, gluten, laktoz\u00eb dhe konservant\u00eb. P\u00ebrmban: Vitamin\u00eb C 100mg \u2022 MSM 100mg \u2022 L-Cystein\u00eb 60mg \u2022 L-Methionin\u00eb 60mg \u2022 Esktrakt meli 50mg \u2022 Silic 50mg Vitamin\u00eb E 20mg \u2022 Acid pantotenik 20mg \u2022 Zink 10mg \u2022 Bak\u00ebr [&hellip;]","og_url":"https:\/\/vitanet.al\/sq\/product\/hairtone-nails-skin-classics-x30-kapsula\/","og_site_name":"VITANET ALBANIA","og_image":[{"width":500,"height":500,"url":"https:\/\/vitanet.al\/wp-content\/uploads\/2026\/02\/hair_skin_formula.jpg","type":"image\/jpeg"}],"twitter_card":"summary_large_image","schema":{"@context":"https:\/\/schema.org","@graph":[{"@type":"WebPage","@id":"https:\/\/vitanet.al\/sq\/product\/hairtone-nails-skin-classics-x30-kapsula\/","url":"https:\/\/vitanet.al\/sq\/product\/hairtone-nails-skin-classics-x30-kapsula\/","name":"HAIRTONE-NAILS-SKIN CLASSICS x30 KAPSULA - VITANET ALBANIA","isPartOf":{"@id":"https:\/\/vitanet.al\/sq\/#website"},"primaryImageOfPage":{"@id":"https:\/\/vitanet.al\/sq\/product\/hairtone-nails-skin-classics-x30-kapsula\/#primaryimage"},"image":{"@id":"https:\/\/vitanet.al\/sq\/product\/hairtone-nails-skin-classics-x30-kapsula\/#primaryimage"},"thumbnailUrl":"https:\/\/vitanet.al\/wp-content\/uploads\/2026\/02\/hair_skin_formula.jpg","datePublished":"2026-02-07T19:57:42+00:00","breadcrumb":{"@id":"https:\/\/vitanet.al\/sq\/product\/hairtone-nails-skin-classics-x30-kapsula\/#breadcrumb"},"inLanguage":"sq-AL","potentialAction":[{"@type":"ReadAction","target":["https:\/\/vitanet.al\/sq\/product\/hairtone-nails-skin-classics-x30-kapsula\/"]}]},{"@type":"ImageObject","inLanguage":"sq-AL","@id":"https:\/\/vitanet.al\/sq\/product\/hairtone-nails-skin-classics-x30-kapsula\/#primaryimage","url":"https:\/\/vitanet.al\/wp-content\/uploads\/2026\/02\/hair_skin_formula.jpg","contentUrl":"https:\/\/vitanet.al\/wp-content\/uploads\/2026\/02\/hair_skin_formula.jpg","width":500,"height":500},{"@type":"BreadcrumbList","@id":"https:\/\/vitanet.al\/sq\/product\/hairtone-nails-skin-classics-x30-kapsula\/#breadcrumb","itemListElement":[{"@type":"ListItem","position":1,"name":"Home","item":"https:\/\/vitanet.al\/sq\/"},{"@type":"ListItem","position":2,"name":"Shop","item":"https:\/\/vitanet.al\/sq\/shop\/"},{"@type":"ListItem","position":3,"name":"HAIRTONE-NAILS-SKIN CLASSICS x30 KAPSULA"}]},{"@type":"WebSite","@id":"https:\/\/vitanet.al\/sq\/#website","url":"https:\/\/vitanet.al\/sq\/","name":"VITANET ALBANIA","description":"","publisher":{"@id":"https:\/\/vitanet.al\/sq\/#organization"},"potentialAction":[{"@type":"SearchAction","target":{"@type":"EntryPoint","urlTemplate":"https:\/\/vitanet.al\/sq\/?s={search_term_string}"},"query-input":{"@type":"PropertyValueSpecification","valueRequired":true,"valueName":"search_term_string"}}],"inLanguage":"sq-AL"},{"@type":"Organization","@id":"https:\/\/vitanet.al\/sq\/#organization","name":"VITANET ALBANIA","url":"https:\/\/vitanet.al\/sq\/","logo":{"@type":"ImageObject","inLanguage":"sq-AL","@id":"https:\/\/vitanet.al\/sq\/#\/schema\/logo\/image\/","url":"https:\/\/vitanet.al\/wp-content\/uploads\/2022\/02\/Vitanet_Logo-scaled.webp","contentUrl":"https:\/\/vitanet.al\/wp-content\/uploads\/2022\/02\/Vitanet_Logo-scaled.webp","width":2560,"height":714,"caption":"VITANET ALBANIA"},"image":{"@id":"https:\/\/vitanet.al\/sq\/#\/schema\/logo\/image\/"}}]}},"_links":{"self":[{"href":"https:\/\/vitanet.al\/sq\/wp-json\/wp\/v2\/product\/7436","targetHints":{"allow":["GET"]}}],"collection":[{"href":"https:\/\/vitanet.al\/sq\/wp-json\/wp\/v2\/product"}],"about":[{"href":"https:\/\/vitanet.al\/sq\/wp-json\/wp\/v2\/types\/product"}],"version-history":[{"count":0,"href":"https:\/\/vitanet.al\/sq\/wp-json\/wp\/v2\/product\/7436\/revisions"}],"wp:featuredmedia":[{"embeddable":true,"href":"https:\/\/vitanet.al\/sq\/wp-json\/wp\/v2\/media\/8295"}],"wp:attachment":[{"href":"https:\/\/vitanet.al\/sq\/wp-json\/wp\/v2\/media?parent=7436"}],"wp:term":[{"taxonomy":"product_brand","embeddable":true,"href":"https:\/\/vitanet.al\/sq\/wp-json\/wp\/v2\/product_brand?post=7436"},{"taxonomy":"product_cat","embeddable":true,"href":"https:\/\/vitanet.al\/sq\/wp-json\/wp\/v2\/product_cat?post=7436"},{"taxonomy":"product_tag","embeddable":true,"href":"https:\/\/vitanet.al\/sq\/wp-json\/wp\/v2\/product_tag?post=7436"}],"curies":[{"name":"wp","href":"https:\/\/api.w.org\/{rel}","templated":true}]}}