{"id":7439,"date":"2026-02-07T19:57:51","date_gmt":"2026-02-07T19:57:51","guid":{"rendered":"https:\/\/vitanet.al\/product\/platinum-multimulti-time-classics-30s-tableta\/"},"modified":"2026-02-07T19:57:51","modified_gmt":"2026-02-07T19:57:51","slug":"platinum-multimulti-time-classics-30s-tableta","status":"publish","type":"product","link":"https:\/\/vitanet.al\/sq\/product\/platinum-multimulti-time-classics-30s-tableta\/","title":{"rendered":"PLATINUM MULTI+MULTI TIME CLASSICS 30s, TABLETA"},"content":{"rendered":"<p>Suplement ushqimor me p\u00ebrmbajtje multivitaminash, tableta me \u00e7lirim t\u00eb ngadalt\u00eb p\u00ebr p\u00ebrthithje optimale. P\u00ebrb\u00ebr\u00ebsit: Karbonat kalciumi 160 mg, celuloz\u00eb mikrokristaline, magnez 100 mg, hidroxipropilmetilceluloz\u00eb, vitamin\u00eb C 80 mg, Kapsula, karboksimetilceluloz\u00eb natriumi, mono dhe digliceride nga acidet yndyrore, hidroxipropilceluloz\u00eb, D-alfa tokoferol 12 mg, molibdat natriumi, hekur 5 mg, zink 5 mg, selen 30 \u03bcg, stearat magnezi, acid pantotenik 7.5 mg, mangan 2 mg, vitamin\u00eb A 800 \u03bcg, krom 50 \u03bcg, bak\u00ebr 0.5 mg, vitamin\u00eb B12 (2.5 \u03bcg), biotin\u00eb 50 \u03bcg, vitamin\u00eb B6 1.4 mg, riboflavin\u00eb, vitamin\u00eb B1 1.1 mg, vitamin\u00eb D3 7.5 \u03bcg, acid folik 300 \u03bcg, vitamin\u00eb B2 1.4 mg, molibden 50 \u03bcg. Nuk p\u00ebrmban gluten, laktoz\u00eb, konservant\u00eb dhe arom\u00eb. Dozimi: Mund t\u00eb p\u00ebrdoret 1 tablet\u00eb p\u00ebrpara ushqimit, ose sipas k\u00ebshill\u00ebs s\u00eb mjekut.<\/p>\n","protected":false},"excerpt":{"rendered":"<p>Suplement ushqimor me p\u00ebrmbajtje multivitaminash, tableta me \u00e7lirim t\u00eb ngadalt\u00eb p\u00ebr p\u00ebrthithje optimale. P\u00ebrb\u00ebr\u00ebsit: Karbonat kalciumi 160 mg, celuloz\u00eb mikrokristaline, magnez 100 mg, hidroxipropilmetilceluloz\u00eb, vitamin\u00eb C 80 mg, Kapsula, karboksimetilceluloz\u00eb natriumi, mono dhe digliceride nga acidet yndyrore, hidroxipropilceluloz\u00eb, D-alfa tokoferol 12 mg, molibdat natriumi, hekur 5 mg, zink 5 mg, selen 30 \u03bcg, stearat magnezi, [&hellip;]<\/p>\n","protected":false},"featured_media":8277,"template":"","meta":[],"product_brand":[],"product_cat":[119,120,122],"product_tag":[],"class_list":{"0":"post-7439","1":"product","2":"type-product","3":"status-publish","4":"has-post-thumbnail","6":"product_cat-markat-tona","7":"product_cat-power-health","8":"product_cat-suplemente-dhe-vitamina","10":"first","11":"instock","12":"shipping-taxable","13":"purchasable","14":"product-type-simple"},"yoast_head":"<!-- This site is optimized with the Yoast SEO plugin v27.5 - https:\/\/yoast.com\/product\/yoast-seo-wordpress\/ -->\n<title>PLATINUM MULTI+MULTI TIME CLASSICS 30s, TABLETA - VITANET ALBANIA<\/title>\n<meta name=\"robots\" content=\"index, follow, max-snippet:-1, max-image-preview:large, max-video-preview:-1\" \/>\n<link rel=\"canonical\" href=\"https:\/\/vitanet.al\/sq\/product\/platinum-multimulti-time-classics-30s-tableta\/\" \/>\n<meta property=\"og:locale\" content=\"sq_AL\" \/>\n<meta property=\"og:type\" content=\"article\" \/>\n<meta property=\"og:title\" content=\"PLATINUM MULTI+MULTI TIME CLASSICS 30s, TABLETA - VITANET ALBANIA\" \/>\n<meta property=\"og:description\" content=\"Suplement ushqimor me p\u00ebrmbajtje multivitaminash, tableta me \u00e7lirim t\u00eb ngadalt\u00eb p\u00ebr p\u00ebrthithje optimale. P\u00ebrb\u00ebr\u00ebsit: Karbonat kalciumi 160 mg, celuloz\u00eb mikrokristaline, magnez 100 mg, hidroxipropilmetilceluloz\u00eb, vitamin\u00eb C 80 mg, Kapsula, karboksimetilceluloz\u00eb natriumi, mono dhe digliceride nga acidet yndyrore, hidroxipropilceluloz\u00eb, D-alfa tokoferol 12 mg, molibdat natriumi, hekur 5 mg, zink 5 mg, selen 30 \u03bcg, stearat magnezi, [&hellip;]\" \/>\n<meta property=\"og:url\" content=\"https:\/\/vitanet.al\/sq\/product\/platinum-multimulti-time-classics-30s-tableta\/\" \/>\n<meta property=\"og:site_name\" content=\"VITANET ALBANIA\" \/>\n<meta property=\"og:image\" content=\"https:\/\/vitanet.al\/wp-content\/uploads\/2026\/02\/MultiMulti_Time_2025_07.png\" \/>\n\t<meta property=\"og:image:width\" content=\"500\" \/>\n\t<meta property=\"og:image:height\" content=\"500\" \/>\n\t<meta property=\"og:image:type\" content=\"image\/png\" \/>\n<meta name=\"twitter:card\" content=\"summary_large_image\" \/>\n<meta name=\"twitter:label1\" content=\"Est. reading time\" \/>\n\t<meta name=\"twitter:data1\" content=\"1 minute\" \/>\n<script type=\"application\/ld+json\" class=\"yoast-schema-graph\">{\"@context\":\"https:\\\/\\\/schema.org\",\"@graph\":[{\"@type\":\"WebPage\",\"@id\":\"https:\\\/\\\/vitanet.al\\\/sq\\\/product\\\/platinum-multimulti-time-classics-30s-tableta\\\/\",\"url\":\"https:\\\/\\\/vitanet.al\\\/sq\\\/product\\\/platinum-multimulti-time-classics-30s-tableta\\\/\",\"name\":\"PLATINUM MULTI+MULTI TIME CLASSICS 30s, TABLETA - VITANET ALBANIA\",\"isPartOf\":{\"@id\":\"https:\\\/\\\/vitanet.al\\\/sq\\\/#website\"},\"primaryImageOfPage\":{\"@id\":\"https:\\\/\\\/vitanet.al\\\/sq\\\/product\\\/platinum-multimulti-time-classics-30s-tableta\\\/#primaryimage\"},\"image\":{\"@id\":\"https:\\\/\\\/vitanet.al\\\/sq\\\/product\\\/platinum-multimulti-time-classics-30s-tableta\\\/#primaryimage\"},\"thumbnailUrl\":\"https:\\\/\\\/vitanet.al\\\/wp-content\\\/uploads\\\/2026\\\/02\\\/MultiMulti_Time_2025_07.png\",\"datePublished\":\"2026-02-07T19:57:51+00:00\",\"breadcrumb\":{\"@id\":\"https:\\\/\\\/vitanet.al\\\/sq\\\/product\\\/platinum-multimulti-time-classics-30s-tableta\\\/#breadcrumb\"},\"inLanguage\":\"sq-AL\",\"potentialAction\":[{\"@type\":\"ReadAction\",\"target\":[\"https:\\\/\\\/vitanet.al\\\/sq\\\/product\\\/platinum-multimulti-time-classics-30s-tableta\\\/\"]}]},{\"@type\":\"ImageObject\",\"inLanguage\":\"sq-AL\",\"@id\":\"https:\\\/\\\/vitanet.al\\\/sq\\\/product\\\/platinum-multimulti-time-classics-30s-tableta\\\/#primaryimage\",\"url\":\"https:\\\/\\\/vitanet.al\\\/wp-content\\\/uploads\\\/2026\\\/02\\\/MultiMulti_Time_2025_07.png\",\"contentUrl\":\"https:\\\/\\\/vitanet.al\\\/wp-content\\\/uploads\\\/2026\\\/02\\\/MultiMulti_Time_2025_07.png\",\"width\":500,\"height\":500},{\"@type\":\"BreadcrumbList\",\"@id\":\"https:\\\/\\\/vitanet.al\\\/sq\\\/product\\\/platinum-multimulti-time-classics-30s-tableta\\\/#breadcrumb\",\"itemListElement\":[{\"@type\":\"ListItem\",\"position\":1,\"name\":\"Home\",\"item\":\"https:\\\/\\\/vitanet.al\\\/sq\\\/\"},{\"@type\":\"ListItem\",\"position\":2,\"name\":\"Shop\",\"item\":\"https:\\\/\\\/vitanet.al\\\/sq\\\/shop\\\/\"},{\"@type\":\"ListItem\",\"position\":3,\"name\":\"PLATINUM MULTI+MULTI TIME CLASSICS 30s, TABLETA\"}]},{\"@type\":\"WebSite\",\"@id\":\"https:\\\/\\\/vitanet.al\\\/sq\\\/#website\",\"url\":\"https:\\\/\\\/vitanet.al\\\/sq\\\/\",\"name\":\"VITANET ALBANIA\",\"description\":\"\",\"publisher\":{\"@id\":\"https:\\\/\\\/vitanet.al\\\/sq\\\/#organization\"},\"potentialAction\":[{\"@type\":\"SearchAction\",\"target\":{\"@type\":\"EntryPoint\",\"urlTemplate\":\"https:\\\/\\\/vitanet.al\\\/sq\\\/?s={search_term_string}\"},\"query-input\":{\"@type\":\"PropertyValueSpecification\",\"valueRequired\":true,\"valueName\":\"search_term_string\"}}],\"inLanguage\":\"sq-AL\"},{\"@type\":\"Organization\",\"@id\":\"https:\\\/\\\/vitanet.al\\\/sq\\\/#organization\",\"name\":\"VITANET ALBANIA\",\"url\":\"https:\\\/\\\/vitanet.al\\\/sq\\\/\",\"logo\":{\"@type\":\"ImageObject\",\"inLanguage\":\"sq-AL\",\"@id\":\"https:\\\/\\\/vitanet.al\\\/sq\\\/#\\\/schema\\\/logo\\\/image\\\/\",\"url\":\"https:\\\/\\\/vitanet.al\\\/wp-content\\\/uploads\\\/2022\\\/02\\\/Vitanet_Logo-scaled.webp\",\"contentUrl\":\"https:\\\/\\\/vitanet.al\\\/wp-content\\\/uploads\\\/2022\\\/02\\\/Vitanet_Logo-scaled.webp\",\"width\":2560,\"height\":714,\"caption\":\"VITANET ALBANIA\"},\"image\":{\"@id\":\"https:\\\/\\\/vitanet.al\\\/sq\\\/#\\\/schema\\\/logo\\\/image\\\/\"}}]}<\/script>\n<!-- \/ Yoast SEO plugin. -->","yoast_head_json":{"title":"PLATINUM MULTI+MULTI TIME CLASSICS 30s, TABLETA - VITANET ALBANIA","robots":{"index":"index","follow":"follow","max-snippet":"max-snippet:-1","max-image-preview":"max-image-preview:large","max-video-preview":"max-video-preview:-1"},"canonical":"https:\/\/vitanet.al\/sq\/product\/platinum-multimulti-time-classics-30s-tableta\/","og_locale":"sq_AL","og_type":"article","og_title":"PLATINUM MULTI+MULTI TIME CLASSICS 30s, TABLETA - VITANET ALBANIA","og_description":"Suplement ushqimor me p\u00ebrmbajtje multivitaminash, tableta me \u00e7lirim t\u00eb ngadalt\u00eb p\u00ebr p\u00ebrthithje optimale. P\u00ebrb\u00ebr\u00ebsit: Karbonat kalciumi 160 mg, celuloz\u00eb mikrokristaline, magnez 100 mg, hidroxipropilmetilceluloz\u00eb, vitamin\u00eb C 80 mg, Kapsula, karboksimetilceluloz\u00eb natriumi, mono dhe digliceride nga acidet yndyrore, hidroxipropilceluloz\u00eb, D-alfa tokoferol 12 mg, molibdat natriumi, hekur 5 mg, zink 5 mg, selen 30 \u03bcg, stearat magnezi, [&hellip;]","og_url":"https:\/\/vitanet.al\/sq\/product\/platinum-multimulti-time-classics-30s-tableta\/","og_site_name":"VITANET ALBANIA","og_image":[{"width":500,"height":500,"url":"https:\/\/vitanet.al\/wp-content\/uploads\/2026\/02\/MultiMulti_Time_2025_07.png","type":"image\/png"}],"twitter_card":"summary_large_image","twitter_misc":{"Est. reading time":"1 minute"},"schema":{"@context":"https:\/\/schema.org","@graph":[{"@type":"WebPage","@id":"https:\/\/vitanet.al\/sq\/product\/platinum-multimulti-time-classics-30s-tableta\/","url":"https:\/\/vitanet.al\/sq\/product\/platinum-multimulti-time-classics-30s-tableta\/","name":"PLATINUM MULTI+MULTI TIME CLASSICS 30s, TABLETA - VITANET ALBANIA","isPartOf":{"@id":"https:\/\/vitanet.al\/sq\/#website"},"primaryImageOfPage":{"@id":"https:\/\/vitanet.al\/sq\/product\/platinum-multimulti-time-classics-30s-tableta\/#primaryimage"},"image":{"@id":"https:\/\/vitanet.al\/sq\/product\/platinum-multimulti-time-classics-30s-tableta\/#primaryimage"},"thumbnailUrl":"https:\/\/vitanet.al\/wp-content\/uploads\/2026\/02\/MultiMulti_Time_2025_07.png","datePublished":"2026-02-07T19:57:51+00:00","breadcrumb":{"@id":"https:\/\/vitanet.al\/sq\/product\/platinum-multimulti-time-classics-30s-tableta\/#breadcrumb"},"inLanguage":"sq-AL","potentialAction":[{"@type":"ReadAction","target":["https:\/\/vitanet.al\/sq\/product\/platinum-multimulti-time-classics-30s-tableta\/"]}]},{"@type":"ImageObject","inLanguage":"sq-AL","@id":"https:\/\/vitanet.al\/sq\/product\/platinum-multimulti-time-classics-30s-tableta\/#primaryimage","url":"https:\/\/vitanet.al\/wp-content\/uploads\/2026\/02\/MultiMulti_Time_2025_07.png","contentUrl":"https:\/\/vitanet.al\/wp-content\/uploads\/2026\/02\/MultiMulti_Time_2025_07.png","width":500,"height":500},{"@type":"BreadcrumbList","@id":"https:\/\/vitanet.al\/sq\/product\/platinum-multimulti-time-classics-30s-tableta\/#breadcrumb","itemListElement":[{"@type":"ListItem","position":1,"name":"Home","item":"https:\/\/vitanet.al\/sq\/"},{"@type":"ListItem","position":2,"name":"Shop","item":"https:\/\/vitanet.al\/sq\/shop\/"},{"@type":"ListItem","position":3,"name":"PLATINUM MULTI+MULTI TIME CLASSICS 30s, TABLETA"}]},{"@type":"WebSite","@id":"https:\/\/vitanet.al\/sq\/#website","url":"https:\/\/vitanet.al\/sq\/","name":"VITANET ALBANIA","description":"","publisher":{"@id":"https:\/\/vitanet.al\/sq\/#organization"},"potentialAction":[{"@type":"SearchAction","target":{"@type":"EntryPoint","urlTemplate":"https:\/\/vitanet.al\/sq\/?s={search_term_string}"},"query-input":{"@type":"PropertyValueSpecification","valueRequired":true,"valueName":"search_term_string"}}],"inLanguage":"sq-AL"},{"@type":"Organization","@id":"https:\/\/vitanet.al\/sq\/#organization","name":"VITANET ALBANIA","url":"https:\/\/vitanet.al\/sq\/","logo":{"@type":"ImageObject","inLanguage":"sq-AL","@id":"https:\/\/vitanet.al\/sq\/#\/schema\/logo\/image\/","url":"https:\/\/vitanet.al\/wp-content\/uploads\/2022\/02\/Vitanet_Logo-scaled.webp","contentUrl":"https:\/\/vitanet.al\/wp-content\/uploads\/2022\/02\/Vitanet_Logo-scaled.webp","width":2560,"height":714,"caption":"VITANET ALBANIA"},"image":{"@id":"https:\/\/vitanet.al\/sq\/#\/schema\/logo\/image\/"}}]}},"_links":{"self":[{"href":"https:\/\/vitanet.al\/sq\/wp-json\/wp\/v2\/product\/7439","targetHints":{"allow":["GET"]}}],"collection":[{"href":"https:\/\/vitanet.al\/sq\/wp-json\/wp\/v2\/product"}],"about":[{"href":"https:\/\/vitanet.al\/sq\/wp-json\/wp\/v2\/types\/product"}],"version-history":[{"count":0,"href":"https:\/\/vitanet.al\/sq\/wp-json\/wp\/v2\/product\/7439\/revisions"}],"wp:featuredmedia":[{"embeddable":true,"href":"https:\/\/vitanet.al\/sq\/wp-json\/wp\/v2\/media\/8277"}],"wp:attachment":[{"href":"https:\/\/vitanet.al\/sq\/wp-json\/wp\/v2\/media?parent=7439"}],"wp:term":[{"taxonomy":"product_brand","embeddable":true,"href":"https:\/\/vitanet.al\/sq\/wp-json\/wp\/v2\/product_brand?post=7439"},{"taxonomy":"product_cat","embeddable":true,"href":"https:\/\/vitanet.al\/sq\/wp-json\/wp\/v2\/product_cat?post=7439"},{"taxonomy":"product_tag","embeddable":true,"href":"https:\/\/vitanet.al\/sq\/wp-json\/wp\/v2\/product_tag?post=7439"}],"curies":[{"name":"wp","href":"https:\/\/api.w.org\/{rel}","templated":true}]}}