{"id":7440,"date":"2026-02-07T19:57:59","date_gmt":"2026-02-07T19:57:59","guid":{"rendered":"https:\/\/vitanet.al\/product\/vitamina-c-1000-mg\/"},"modified":"2026-03-10T15:58:56","modified_gmt":"2026-03-10T15:58:56","slug":"vitamina-c-1000-mg","status":"publish","type":"product","link":"https:\/\/vitanet.al\/sq\/product\/vitamina-c-1000-mg\/","title":{"rendered":"VITAMINA C 1000 MG"},"content":{"rendered":"<p>Vitamina C kontribuon n\u00eb funksionin normal t\u00eb sistemit imunitar dhe n\u00eb metabolizmin q\u00eb prodhon energji*. VIT-C p\u00ebrmban gjithashtu bioflavonoid\u00eb t\u00eb cil\u00ebt jan\u00eb nj\u00eb grup p\u00ebrb\u00ebr\u00ebsish polifenolik\u00eb me origjin\u00eb bimore, t\u00eb njohura p\u00ebr veprimin e tyre antioksidues, si dhe frutat e tr\u00ebndafilit q\u00eb jan\u00eb burim i mikronutrient\u00ebve t\u00eb ndrysh\u00ebm antioksidues. Tabletat VIT-C me l\u00ebshim me koh\u00eb prodhohen nga nj\u00eb proces i ve\u00e7ant\u00eb q\u00eb ruan vitamin\u00ebn C n\u00eb mikropeleta duke e lejuar at\u00eb t\u00eb \u00e7lirohet ngadal\u00eb. Kjo do t\u00eb thot\u00eb se p\u00ebrthithja e tij \u00ebsht\u00eb nj\u00eb proces i vazhduesh\u00ebm, pasi \u00e7lirimi gradual b\u00ebhet 4 deri n\u00eb 6 or\u00eb. K\u00ebshtu, efektet e dobishme t\u00eb vitamin\u00ebs C jan\u00eb t\u00eb disponueshme p\u00ebr trupin e njeriut p\u00ebr nj\u00eb periudh\u00eb t\u00eb q\u00ebndrueshme.<br \/>\nP\u00ebrdorimi: Merrni \u00e7do dit\u00eb 1 tablet\u00eb para vaktit, si shtes\u00eb ushqimore ose merrni sipas udh\u00ebzimeve t\u00eb mjekut tuaj.<\/p>\n","protected":false},"excerpt":{"rendered":"<p>Vitamina C kontribuon n\u00eb funksionin normal t\u00eb sistemit imunitar dhe n\u00eb metabolizmin q\u00eb prodhon energji*. VIT-C p\u00ebrmban gjithashtu bioflavonoid\u00eb t\u00eb cil\u00ebt jan\u00eb nj\u00eb grup p\u00ebrb\u00ebr\u00ebsish polifenolik\u00eb me origjin\u00eb bimore, t\u00eb njohura p\u00ebr veprimin e tyre antioksidues, si dhe frutat e tr\u00ebndafilit q\u00eb jan\u00eb burim i mikronutrient\u00ebve t\u00eb ndrysh\u00ebm antioksidues. Tabletat VIT-C me l\u00ebshim me koh\u00eb [&hellip;]<\/p>\n","protected":false},"featured_media":8302,"template":"","meta":[],"product_brand":[],"product_cat":[119,120,122],"product_tag":[],"class_list":{"0":"post-7440","1":"product","2":"type-product","3":"status-publish","4":"has-post-thumbnail","6":"product_cat-markat-tona","7":"product_cat-power-health","8":"product_cat-suplemente-dhe-vitamina","10":"first","11":"instock","12":"shipping-taxable","13":"purchasable","14":"product-type-simple"},"yoast_head":"<!-- This site is optimized with the Yoast SEO plugin v27.5 - https:\/\/yoast.com\/product\/yoast-seo-wordpress\/ -->\n<title>VITAMINA C 1000 MG - VITANET ALBANIA<\/title>\n<meta name=\"robots\" content=\"index, follow, max-snippet:-1, max-image-preview:large, max-video-preview:-1\" \/>\n<link rel=\"canonical\" href=\"https:\/\/vitanet.al\/sq\/product\/vitamina-c-1000-mg\/\" \/>\n<meta property=\"og:locale\" content=\"sq_AL\" \/>\n<meta property=\"og:type\" content=\"article\" \/>\n<meta property=\"og:title\" content=\"VITAMINA C 1000 MG - VITANET ALBANIA\" \/>\n<meta property=\"og:description\" content=\"Vitamina C kontribuon n\u00eb funksionin normal t\u00eb sistemit imunitar dhe n\u00eb metabolizmin q\u00eb prodhon energji*. VIT-C p\u00ebrmban gjithashtu bioflavonoid\u00eb t\u00eb cil\u00ebt jan\u00eb nj\u00eb grup p\u00ebrb\u00ebr\u00ebsish polifenolik\u00eb me origjin\u00eb bimore, t\u00eb njohura p\u00ebr veprimin e tyre antioksidues, si dhe frutat e tr\u00ebndafilit q\u00eb jan\u00eb burim i mikronutrient\u00ebve t\u00eb ndrysh\u00ebm antioksidues. Tabletat VIT-C me l\u00ebshim me koh\u00eb [&hellip;]\" \/>\n<meta property=\"og:url\" content=\"https:\/\/vitanet.al\/sq\/product\/vitamina-c-1000-mg\/\" \/>\n<meta property=\"og:site_name\" content=\"VITANET ALBANIA\" \/>\n<meta property=\"article:modified_time\" content=\"2026-03-10T15:58:56+00:00\" \/>\n<meta property=\"og:image\" content=\"https:\/\/vitanet.al\/wp-content\/uploads\/2026\/02\/Vitamin_C_1000mg_30s_2025_07-1.png\" \/>\n\t<meta property=\"og:image:width\" content=\"500\" \/>\n\t<meta property=\"og:image:height\" content=\"500\" \/>\n\t<meta property=\"og:image:type\" content=\"image\/png\" \/>\n<meta name=\"twitter:card\" content=\"summary_large_image\" \/>\n<meta name=\"twitter:label1\" content=\"Est. reading time\" \/>\n\t<meta name=\"twitter:data1\" content=\"1 minute\" \/>\n<script type=\"application\/ld+json\" class=\"yoast-schema-graph\">{\"@context\":\"https:\\\/\\\/schema.org\",\"@graph\":[{\"@type\":\"WebPage\",\"@id\":\"https:\\\/\\\/vitanet.al\\\/sq\\\/product\\\/vitamina-c-1000-mg\\\/\",\"url\":\"https:\\\/\\\/vitanet.al\\\/sq\\\/product\\\/vitamina-c-1000-mg\\\/\",\"name\":\"VITAMINA C 1000 MG - VITANET ALBANIA\",\"isPartOf\":{\"@id\":\"https:\\\/\\\/vitanet.al\\\/sq\\\/#website\"},\"primaryImageOfPage\":{\"@id\":\"https:\\\/\\\/vitanet.al\\\/sq\\\/product\\\/vitamina-c-1000-mg\\\/#primaryimage\"},\"image\":{\"@id\":\"https:\\\/\\\/vitanet.al\\\/sq\\\/product\\\/vitamina-c-1000-mg\\\/#primaryimage\"},\"thumbnailUrl\":\"https:\\\/\\\/vitanet.al\\\/wp-content\\\/uploads\\\/2026\\\/02\\\/Vitamin_C_1000mg_30s_2025_07-1.png\",\"datePublished\":\"2026-02-07T19:57:59+00:00\",\"dateModified\":\"2026-03-10T15:58:56+00:00\",\"breadcrumb\":{\"@id\":\"https:\\\/\\\/vitanet.al\\\/sq\\\/product\\\/vitamina-c-1000-mg\\\/#breadcrumb\"},\"inLanguage\":\"sq-AL\",\"potentialAction\":[{\"@type\":\"ReadAction\",\"target\":[\"https:\\\/\\\/vitanet.al\\\/sq\\\/product\\\/vitamina-c-1000-mg\\\/\"]}]},{\"@type\":\"ImageObject\",\"inLanguage\":\"sq-AL\",\"@id\":\"https:\\\/\\\/vitanet.al\\\/sq\\\/product\\\/vitamina-c-1000-mg\\\/#primaryimage\",\"url\":\"https:\\\/\\\/vitanet.al\\\/wp-content\\\/uploads\\\/2026\\\/02\\\/Vitamin_C_1000mg_30s_2025_07-1.png\",\"contentUrl\":\"https:\\\/\\\/vitanet.al\\\/wp-content\\\/uploads\\\/2026\\\/02\\\/Vitamin_C_1000mg_30s_2025_07-1.png\",\"width\":500,\"height\":500},{\"@type\":\"BreadcrumbList\",\"@id\":\"https:\\\/\\\/vitanet.al\\\/sq\\\/product\\\/vitamina-c-1000-mg\\\/#breadcrumb\",\"itemListElement\":[{\"@type\":\"ListItem\",\"position\":1,\"name\":\"Home\",\"item\":\"https:\\\/\\\/vitanet.al\\\/sq\\\/\"},{\"@type\":\"ListItem\",\"position\":2,\"name\":\"Shop\",\"item\":\"https:\\\/\\\/vitanet.al\\\/sq\\\/shop\\\/\"},{\"@type\":\"ListItem\",\"position\":3,\"name\":\"VITAMINA C 1000 MG\"}]},{\"@type\":\"WebSite\",\"@id\":\"https:\\\/\\\/vitanet.al\\\/sq\\\/#website\",\"url\":\"https:\\\/\\\/vitanet.al\\\/sq\\\/\",\"name\":\"VITANET ALBANIA\",\"description\":\"\",\"publisher\":{\"@id\":\"https:\\\/\\\/vitanet.al\\\/sq\\\/#organization\"},\"potentialAction\":[{\"@type\":\"SearchAction\",\"target\":{\"@type\":\"EntryPoint\",\"urlTemplate\":\"https:\\\/\\\/vitanet.al\\\/sq\\\/?s={search_term_string}\"},\"query-input\":{\"@type\":\"PropertyValueSpecification\",\"valueRequired\":true,\"valueName\":\"search_term_string\"}}],\"inLanguage\":\"sq-AL\"},{\"@type\":\"Organization\",\"@id\":\"https:\\\/\\\/vitanet.al\\\/sq\\\/#organization\",\"name\":\"VITANET ALBANIA\",\"url\":\"https:\\\/\\\/vitanet.al\\\/sq\\\/\",\"logo\":{\"@type\":\"ImageObject\",\"inLanguage\":\"sq-AL\",\"@id\":\"https:\\\/\\\/vitanet.al\\\/sq\\\/#\\\/schema\\\/logo\\\/image\\\/\",\"url\":\"https:\\\/\\\/vitanet.al\\\/wp-content\\\/uploads\\\/2022\\\/02\\\/Vitanet_Logo-scaled.webp\",\"contentUrl\":\"https:\\\/\\\/vitanet.al\\\/wp-content\\\/uploads\\\/2022\\\/02\\\/Vitanet_Logo-scaled.webp\",\"width\":2560,\"height\":714,\"caption\":\"VITANET ALBANIA\"},\"image\":{\"@id\":\"https:\\\/\\\/vitanet.al\\\/sq\\\/#\\\/schema\\\/logo\\\/image\\\/\"}}]}<\/script>\n<!-- \/ Yoast SEO plugin. -->","yoast_head_json":{"title":"VITAMINA C 1000 MG - VITANET ALBANIA","robots":{"index":"index","follow":"follow","max-snippet":"max-snippet:-1","max-image-preview":"max-image-preview:large","max-video-preview":"max-video-preview:-1"},"canonical":"https:\/\/vitanet.al\/sq\/product\/vitamina-c-1000-mg\/","og_locale":"sq_AL","og_type":"article","og_title":"VITAMINA C 1000 MG - VITANET ALBANIA","og_description":"Vitamina C kontribuon n\u00eb funksionin normal t\u00eb sistemit imunitar dhe n\u00eb metabolizmin q\u00eb prodhon energji*. VIT-C p\u00ebrmban gjithashtu bioflavonoid\u00eb t\u00eb cil\u00ebt jan\u00eb nj\u00eb grup p\u00ebrb\u00ebr\u00ebsish polifenolik\u00eb me origjin\u00eb bimore, t\u00eb njohura p\u00ebr veprimin e tyre antioksidues, si dhe frutat e tr\u00ebndafilit q\u00eb jan\u00eb burim i mikronutrient\u00ebve t\u00eb ndrysh\u00ebm antioksidues. Tabletat VIT-C me l\u00ebshim me koh\u00eb [&hellip;]","og_url":"https:\/\/vitanet.al\/sq\/product\/vitamina-c-1000-mg\/","og_site_name":"VITANET ALBANIA","article_modified_time":"2026-03-10T15:58:56+00:00","og_image":[{"width":500,"height":500,"url":"https:\/\/vitanet.al\/wp-content\/uploads\/2026\/02\/Vitamin_C_1000mg_30s_2025_07-1.png","type":"image\/png"}],"twitter_card":"summary_large_image","twitter_misc":{"Est. reading time":"1 minute"},"schema":{"@context":"https:\/\/schema.org","@graph":[{"@type":"WebPage","@id":"https:\/\/vitanet.al\/sq\/product\/vitamina-c-1000-mg\/","url":"https:\/\/vitanet.al\/sq\/product\/vitamina-c-1000-mg\/","name":"VITAMINA C 1000 MG - VITANET ALBANIA","isPartOf":{"@id":"https:\/\/vitanet.al\/sq\/#website"},"primaryImageOfPage":{"@id":"https:\/\/vitanet.al\/sq\/product\/vitamina-c-1000-mg\/#primaryimage"},"image":{"@id":"https:\/\/vitanet.al\/sq\/product\/vitamina-c-1000-mg\/#primaryimage"},"thumbnailUrl":"https:\/\/vitanet.al\/wp-content\/uploads\/2026\/02\/Vitamin_C_1000mg_30s_2025_07-1.png","datePublished":"2026-02-07T19:57:59+00:00","dateModified":"2026-03-10T15:58:56+00:00","breadcrumb":{"@id":"https:\/\/vitanet.al\/sq\/product\/vitamina-c-1000-mg\/#breadcrumb"},"inLanguage":"sq-AL","potentialAction":[{"@type":"ReadAction","target":["https:\/\/vitanet.al\/sq\/product\/vitamina-c-1000-mg\/"]}]},{"@type":"ImageObject","inLanguage":"sq-AL","@id":"https:\/\/vitanet.al\/sq\/product\/vitamina-c-1000-mg\/#primaryimage","url":"https:\/\/vitanet.al\/wp-content\/uploads\/2026\/02\/Vitamin_C_1000mg_30s_2025_07-1.png","contentUrl":"https:\/\/vitanet.al\/wp-content\/uploads\/2026\/02\/Vitamin_C_1000mg_30s_2025_07-1.png","width":500,"height":500},{"@type":"BreadcrumbList","@id":"https:\/\/vitanet.al\/sq\/product\/vitamina-c-1000-mg\/#breadcrumb","itemListElement":[{"@type":"ListItem","position":1,"name":"Home","item":"https:\/\/vitanet.al\/sq\/"},{"@type":"ListItem","position":2,"name":"Shop","item":"https:\/\/vitanet.al\/sq\/shop\/"},{"@type":"ListItem","position":3,"name":"VITAMINA C 1000 MG"}]},{"@type":"WebSite","@id":"https:\/\/vitanet.al\/sq\/#website","url":"https:\/\/vitanet.al\/sq\/","name":"VITANET ALBANIA","description":"","publisher":{"@id":"https:\/\/vitanet.al\/sq\/#organization"},"potentialAction":[{"@type":"SearchAction","target":{"@type":"EntryPoint","urlTemplate":"https:\/\/vitanet.al\/sq\/?s={search_term_string}"},"query-input":{"@type":"PropertyValueSpecification","valueRequired":true,"valueName":"search_term_string"}}],"inLanguage":"sq-AL"},{"@type":"Organization","@id":"https:\/\/vitanet.al\/sq\/#organization","name":"VITANET ALBANIA","url":"https:\/\/vitanet.al\/sq\/","logo":{"@type":"ImageObject","inLanguage":"sq-AL","@id":"https:\/\/vitanet.al\/sq\/#\/schema\/logo\/image\/","url":"https:\/\/vitanet.al\/wp-content\/uploads\/2022\/02\/Vitanet_Logo-scaled.webp","contentUrl":"https:\/\/vitanet.al\/wp-content\/uploads\/2022\/02\/Vitanet_Logo-scaled.webp","width":2560,"height":714,"caption":"VITANET ALBANIA"},"image":{"@id":"https:\/\/vitanet.al\/sq\/#\/schema\/logo\/image\/"}}]}},"_links":{"self":[{"href":"https:\/\/vitanet.al\/sq\/wp-json\/wp\/v2\/product\/7440","targetHints":{"allow":["GET"]}}],"collection":[{"href":"https:\/\/vitanet.al\/sq\/wp-json\/wp\/v2\/product"}],"about":[{"href":"https:\/\/vitanet.al\/sq\/wp-json\/wp\/v2\/types\/product"}],"version-history":[{"count":1,"href":"https:\/\/vitanet.al\/sq\/wp-json\/wp\/v2\/product\/7440\/revisions"}],"predecessor-version":[{"id":8303,"href":"https:\/\/vitanet.al\/sq\/wp-json\/wp\/v2\/product\/7440\/revisions\/8303"}],"wp:featuredmedia":[{"embeddable":true,"href":"https:\/\/vitanet.al\/sq\/wp-json\/wp\/v2\/media\/8302"}],"wp:attachment":[{"href":"https:\/\/vitanet.al\/sq\/wp-json\/wp\/v2\/media?parent=7440"}],"wp:term":[{"taxonomy":"product_brand","embeddable":true,"href":"https:\/\/vitanet.al\/sq\/wp-json\/wp\/v2\/product_brand?post=7440"},{"taxonomy":"product_cat","embeddable":true,"href":"https:\/\/vitanet.al\/sq\/wp-json\/wp\/v2\/product_cat?post=7440"},{"taxonomy":"product_tag","embeddable":true,"href":"https:\/\/vitanet.al\/sq\/wp-json\/wp\/v2\/product_tag?post=7440"}],"curies":[{"name":"wp","href":"https:\/\/api.w.org\/{rel}","templated":true}]}}