{"id":7443,"date":"2026-02-07T19:58:12","date_gmt":"2026-02-07T19:58:12","guid":{"rendered":"https:\/\/vitanet.al\/product\/magnesium-premium-x-60-kapsula\/"},"modified":"2026-03-10T14:28:59","modified_gmt":"2026-03-10T14:28:59","slug":"magnesium-premium-x-60-kapsula","status":"publish","type":"product","link":"https:\/\/vitanet.al\/sq\/product\/magnesium-premium-x-60-kapsula\/","title":{"rendered":"MAGNESIUM PREMIUM x 60 KAPSULA"},"content":{"rendered":"<p>Suplement ushqimor me magnez n\u00eb 5 forma t\u00eb ndryshme aktive (citrat, bisglicinat, taurat, karbonat, oksid) dhe vitamin\u00eb B6. Magnezi dhe vitamina B6 kontribuojn\u00eb n\u00eb metabolizmin normal q\u00eb jep energji, n\u00eb funksionimin normal t\u00eb sistemit nervor dhe n\u00eb funksionin normal psikologjik. Magnezi kontribuon n\u00eb sintez\u00ebn normale t\u00eb proteinave dhe n\u00eb funksionin normal t\u00eb muskujve, si dhe n\u00eb ekuilibrin e elektroliteve, nd\u00ebrsa vitamina B6 kontribuon n\u00eb metabolizmin normal t\u00eb proteinave dhe glikogjenit dhe n\u00eb rregullimin e aktivitetit hormonal. P\u00ebrdorimi: Merrni 1-2 kapsula n\u00eb dit\u00eb, mund\u00ebsisht para vaktit, si shtes\u00eb ushqimore ose sipas udh\u00ebzimeve t\u00eb mjekut tuaj.   <\/p>\n","protected":false},"excerpt":{"rendered":"<p>Suplement ushqimor me magnez n\u00eb 5 forma t\u00eb ndryshme aktive (citrat, bisglicinat, taurat, karbonat, oksid) dhe vitamin\u00eb B6. Magnezi dhe vitamina B6 kontribuojn\u00eb n\u00eb metabolizmin normal q\u00eb jep energji, n\u00eb funksionimin normal t\u00eb sistemit nervor dhe n\u00eb funksionin normal psikologjik. Magnezi kontribuon n\u00eb sintez\u00ebn normale t\u00eb proteinave dhe n\u00eb funksionin normal t\u00eb muskujve, si dhe [&hellip;]<\/p>\n","protected":false},"featured_media":8254,"template":"","meta":[],"product_brand":[],"product_cat":[119,120,102,122],"product_tag":[],"class_list":{"0":"post-7443","1":"product","2":"type-product","3":"status-publish","4":"has-post-thumbnail","6":"product_cat-markat-tona","7":"product_cat-power-health","8":"product_cat-suplemente","9":"product_cat-suplemente-dhe-vitamina","11":"first","12":"instock","13":"shipping-taxable","14":"purchasable","15":"product-type-simple"},"yoast_head":"<!-- This site is optimized with the Yoast SEO plugin v27.3 - https:\/\/yoast.com\/product\/yoast-seo-wordpress\/ -->\n<title>MAGNESIUM PREMIUM x 60 KAPSULA - VITANET ALBANIA<\/title>\n<meta name=\"robots\" content=\"index, follow, max-snippet:-1, max-image-preview:large, max-video-preview:-1\" \/>\n<link rel=\"canonical\" href=\"https:\/\/vitanet.al\/sq\/product\/magnesium-premium-x-60-kapsula\/\" \/>\n<meta property=\"og:locale\" content=\"sq_AL\" \/>\n<meta property=\"og:type\" content=\"article\" \/>\n<meta property=\"og:title\" content=\"MAGNESIUM PREMIUM x 60 KAPSULA - VITANET ALBANIA\" \/>\n<meta property=\"og:description\" content=\"Suplement ushqimor me magnez n\u00eb 5 forma t\u00eb ndryshme aktive (citrat, bisglicinat, taurat, karbonat, oksid) dhe vitamin\u00eb B6. Magnezi dhe vitamina B6 kontribuojn\u00eb n\u00eb metabolizmin normal q\u00eb jep energji, n\u00eb funksionimin normal t\u00eb sistemit nervor dhe n\u00eb funksionin normal psikologjik. Magnezi kontribuon n\u00eb sintez\u00ebn normale t\u00eb proteinave dhe n\u00eb funksionin normal t\u00eb muskujve, si dhe [&hellip;]\" \/>\n<meta property=\"og:url\" content=\"https:\/\/vitanet.al\/sq\/product\/magnesium-premium-x-60-kapsula\/\" \/>\n<meta property=\"og:site_name\" content=\"VITANET ALBANIA\" \/>\n<meta property=\"article:modified_time\" content=\"2026-03-10T14:28:59+00:00\" \/>\n<meta property=\"og:image\" content=\"https:\/\/vitanet.al\/wp-content\/uploads\/2026\/02\/magnesium_premium_5.png\" \/>\n\t<meta property=\"og:image:width\" content=\"500\" \/>\n\t<meta property=\"og:image:height\" content=\"500\" \/>\n\t<meta property=\"og:image:type\" content=\"image\/png\" \/>\n<meta name=\"twitter:card\" content=\"summary_large_image\" \/>\n<script type=\"application\/ld+json\" class=\"yoast-schema-graph\">{\"@context\":\"https:\\\/\\\/schema.org\",\"@graph\":[{\"@type\":\"WebPage\",\"@id\":\"https:\\\/\\\/vitanet.al\\\/sq\\\/product\\\/magnesium-premium-x-60-kapsula\\\/\",\"url\":\"https:\\\/\\\/vitanet.al\\\/sq\\\/product\\\/magnesium-premium-x-60-kapsula\\\/\",\"name\":\"MAGNESIUM PREMIUM x 60 KAPSULA - VITANET ALBANIA\",\"isPartOf\":{\"@id\":\"https:\\\/\\\/vitanet.al\\\/sq\\\/#website\"},\"primaryImageOfPage\":{\"@id\":\"https:\\\/\\\/vitanet.al\\\/sq\\\/product\\\/magnesium-premium-x-60-kapsula\\\/#primaryimage\"},\"image\":{\"@id\":\"https:\\\/\\\/vitanet.al\\\/sq\\\/product\\\/magnesium-premium-x-60-kapsula\\\/#primaryimage\"},\"thumbnailUrl\":\"https:\\\/\\\/vitanet.al\\\/wp-content\\\/uploads\\\/2026\\\/02\\\/magnesium_premium_5.png\",\"datePublished\":\"2026-02-07T19:58:12+00:00\",\"dateModified\":\"2026-03-10T14:28:59+00:00\",\"breadcrumb\":{\"@id\":\"https:\\\/\\\/vitanet.al\\\/sq\\\/product\\\/magnesium-premium-x-60-kapsula\\\/#breadcrumb\"},\"inLanguage\":\"sq-AL\",\"potentialAction\":[{\"@type\":\"ReadAction\",\"target\":[\"https:\\\/\\\/vitanet.al\\\/sq\\\/product\\\/magnesium-premium-x-60-kapsula\\\/\"]}]},{\"@type\":\"ImageObject\",\"inLanguage\":\"sq-AL\",\"@id\":\"https:\\\/\\\/vitanet.al\\\/sq\\\/product\\\/magnesium-premium-x-60-kapsula\\\/#primaryimage\",\"url\":\"https:\\\/\\\/vitanet.al\\\/wp-content\\\/uploads\\\/2026\\\/02\\\/magnesium_premium_5.png\",\"contentUrl\":\"https:\\\/\\\/vitanet.al\\\/wp-content\\\/uploads\\\/2026\\\/02\\\/magnesium_premium_5.png\",\"width\":500,\"height\":500},{\"@type\":\"BreadcrumbList\",\"@id\":\"https:\\\/\\\/vitanet.al\\\/sq\\\/product\\\/magnesium-premium-x-60-kapsula\\\/#breadcrumb\",\"itemListElement\":[{\"@type\":\"ListItem\",\"position\":1,\"name\":\"Home\",\"item\":\"https:\\\/\\\/vitanet.al\\\/sq\\\/\"},{\"@type\":\"ListItem\",\"position\":2,\"name\":\"Shop\",\"item\":\"https:\\\/\\\/vitanet.al\\\/sq\\\/shop\\\/\"},{\"@type\":\"ListItem\",\"position\":3,\"name\":\"MAGNESIUM PREMIUM x 60 KAPSULA\"}]},{\"@type\":\"WebSite\",\"@id\":\"https:\\\/\\\/vitanet.al\\\/sq\\\/#website\",\"url\":\"https:\\\/\\\/vitanet.al\\\/sq\\\/\",\"name\":\"VITANET ALBANIA\",\"description\":\"\",\"publisher\":{\"@id\":\"https:\\\/\\\/vitanet.al\\\/sq\\\/#organization\"},\"potentialAction\":[{\"@type\":\"SearchAction\",\"target\":{\"@type\":\"EntryPoint\",\"urlTemplate\":\"https:\\\/\\\/vitanet.al\\\/sq\\\/?s={search_term_string}\"},\"query-input\":{\"@type\":\"PropertyValueSpecification\",\"valueRequired\":true,\"valueName\":\"search_term_string\"}}],\"inLanguage\":\"sq-AL\"},{\"@type\":\"Organization\",\"@id\":\"https:\\\/\\\/vitanet.al\\\/sq\\\/#organization\",\"name\":\"VITANET ALBANIA\",\"url\":\"https:\\\/\\\/vitanet.al\\\/sq\\\/\",\"logo\":{\"@type\":\"ImageObject\",\"inLanguage\":\"sq-AL\",\"@id\":\"https:\\\/\\\/vitanet.al\\\/sq\\\/#\\\/schema\\\/logo\\\/image\\\/\",\"url\":\"https:\\\/\\\/vitanet.al\\\/wp-content\\\/uploads\\\/2022\\\/02\\\/Vitanet_Logo-scaled.webp\",\"contentUrl\":\"https:\\\/\\\/vitanet.al\\\/wp-content\\\/uploads\\\/2022\\\/02\\\/Vitanet_Logo-scaled.webp\",\"width\":2560,\"height\":714,\"caption\":\"VITANET ALBANIA\"},\"image\":{\"@id\":\"https:\\\/\\\/vitanet.al\\\/sq\\\/#\\\/schema\\\/logo\\\/image\\\/\"}}]}<\/script>\n<!-- \/ Yoast SEO plugin. -->","yoast_head_json":{"title":"MAGNESIUM PREMIUM x 60 KAPSULA - VITANET ALBANIA","robots":{"index":"index","follow":"follow","max-snippet":"max-snippet:-1","max-image-preview":"max-image-preview:large","max-video-preview":"max-video-preview:-1"},"canonical":"https:\/\/vitanet.al\/sq\/product\/magnesium-premium-x-60-kapsula\/","og_locale":"sq_AL","og_type":"article","og_title":"MAGNESIUM PREMIUM x 60 KAPSULA - VITANET ALBANIA","og_description":"Suplement ushqimor me magnez n\u00eb 5 forma t\u00eb ndryshme aktive (citrat, bisglicinat, taurat, karbonat, oksid) dhe vitamin\u00eb B6. Magnezi dhe vitamina B6 kontribuojn\u00eb n\u00eb metabolizmin normal q\u00eb jep energji, n\u00eb funksionimin normal t\u00eb sistemit nervor dhe n\u00eb funksionin normal psikologjik. Magnezi kontribuon n\u00eb sintez\u00ebn normale t\u00eb proteinave dhe n\u00eb funksionin normal t\u00eb muskujve, si dhe [&hellip;]","og_url":"https:\/\/vitanet.al\/sq\/product\/magnesium-premium-x-60-kapsula\/","og_site_name":"VITANET ALBANIA","article_modified_time":"2026-03-10T14:28:59+00:00","og_image":[{"width":500,"height":500,"url":"https:\/\/vitanet.al\/wp-content\/uploads\/2026\/02\/magnesium_premium_5.png","type":"image\/png"}],"twitter_card":"summary_large_image","schema":{"@context":"https:\/\/schema.org","@graph":[{"@type":"WebPage","@id":"https:\/\/vitanet.al\/sq\/product\/magnesium-premium-x-60-kapsula\/","url":"https:\/\/vitanet.al\/sq\/product\/magnesium-premium-x-60-kapsula\/","name":"MAGNESIUM PREMIUM x 60 KAPSULA - VITANET ALBANIA","isPartOf":{"@id":"https:\/\/vitanet.al\/sq\/#website"},"primaryImageOfPage":{"@id":"https:\/\/vitanet.al\/sq\/product\/magnesium-premium-x-60-kapsula\/#primaryimage"},"image":{"@id":"https:\/\/vitanet.al\/sq\/product\/magnesium-premium-x-60-kapsula\/#primaryimage"},"thumbnailUrl":"https:\/\/vitanet.al\/wp-content\/uploads\/2026\/02\/magnesium_premium_5.png","datePublished":"2026-02-07T19:58:12+00:00","dateModified":"2026-03-10T14:28:59+00:00","breadcrumb":{"@id":"https:\/\/vitanet.al\/sq\/product\/magnesium-premium-x-60-kapsula\/#breadcrumb"},"inLanguage":"sq-AL","potentialAction":[{"@type":"ReadAction","target":["https:\/\/vitanet.al\/sq\/product\/magnesium-premium-x-60-kapsula\/"]}]},{"@type":"ImageObject","inLanguage":"sq-AL","@id":"https:\/\/vitanet.al\/sq\/product\/magnesium-premium-x-60-kapsula\/#primaryimage","url":"https:\/\/vitanet.al\/wp-content\/uploads\/2026\/02\/magnesium_premium_5.png","contentUrl":"https:\/\/vitanet.al\/wp-content\/uploads\/2026\/02\/magnesium_premium_5.png","width":500,"height":500},{"@type":"BreadcrumbList","@id":"https:\/\/vitanet.al\/sq\/product\/magnesium-premium-x-60-kapsula\/#breadcrumb","itemListElement":[{"@type":"ListItem","position":1,"name":"Home","item":"https:\/\/vitanet.al\/sq\/"},{"@type":"ListItem","position":2,"name":"Shop","item":"https:\/\/vitanet.al\/sq\/shop\/"},{"@type":"ListItem","position":3,"name":"MAGNESIUM PREMIUM x 60 KAPSULA"}]},{"@type":"WebSite","@id":"https:\/\/vitanet.al\/sq\/#website","url":"https:\/\/vitanet.al\/sq\/","name":"VITANET ALBANIA","description":"","publisher":{"@id":"https:\/\/vitanet.al\/sq\/#organization"},"potentialAction":[{"@type":"SearchAction","target":{"@type":"EntryPoint","urlTemplate":"https:\/\/vitanet.al\/sq\/?s={search_term_string}"},"query-input":{"@type":"PropertyValueSpecification","valueRequired":true,"valueName":"search_term_string"}}],"inLanguage":"sq-AL"},{"@type":"Organization","@id":"https:\/\/vitanet.al\/sq\/#organization","name":"VITANET ALBANIA","url":"https:\/\/vitanet.al\/sq\/","logo":{"@type":"ImageObject","inLanguage":"sq-AL","@id":"https:\/\/vitanet.al\/sq\/#\/schema\/logo\/image\/","url":"https:\/\/vitanet.al\/wp-content\/uploads\/2022\/02\/Vitanet_Logo-scaled.webp","contentUrl":"https:\/\/vitanet.al\/wp-content\/uploads\/2022\/02\/Vitanet_Logo-scaled.webp","width":2560,"height":714,"caption":"VITANET ALBANIA"},"image":{"@id":"https:\/\/vitanet.al\/sq\/#\/schema\/logo\/image\/"}}]}},"_links":{"self":[{"href":"https:\/\/vitanet.al\/sq\/wp-json\/wp\/v2\/product\/7443","targetHints":{"allow":["GET"]}}],"collection":[{"href":"https:\/\/vitanet.al\/sq\/wp-json\/wp\/v2\/product"}],"about":[{"href":"https:\/\/vitanet.al\/sq\/wp-json\/wp\/v2\/types\/product"}],"version-history":[{"count":1,"href":"https:\/\/vitanet.al\/sq\/wp-json\/wp\/v2\/product\/7443\/revisions"}],"predecessor-version":[{"id":8255,"href":"https:\/\/vitanet.al\/sq\/wp-json\/wp\/v2\/product\/7443\/revisions\/8255"}],"wp:featuredmedia":[{"embeddable":true,"href":"https:\/\/vitanet.al\/sq\/wp-json\/wp\/v2\/media\/8254"}],"wp:attachment":[{"href":"https:\/\/vitanet.al\/sq\/wp-json\/wp\/v2\/media?parent=7443"}],"wp:term":[{"taxonomy":"product_brand","embeddable":true,"href":"https:\/\/vitanet.al\/sq\/wp-json\/wp\/v2\/product_brand?post=7443"},{"taxonomy":"product_cat","embeddable":true,"href":"https:\/\/vitanet.al\/sq\/wp-json\/wp\/v2\/product_cat?post=7443"},{"taxonomy":"product_tag","embeddable":true,"href":"https:\/\/vitanet.al\/sq\/wp-json\/wp\/v2\/product_tag?post=7443"}],"curies":[{"name":"wp","href":"https:\/\/api.w.org\/{rel}","templated":true}]}}