{"id":7446,"date":"2026-02-07T19:58:13","date_gmt":"2026-02-07T19:58:13","guid":{"rendered":"https:\/\/vitanet.al\/product\/shampo-fleriana-100ml\/"},"modified":"2026-02-07T19:58:13","modified_gmt":"2026-02-07T19:58:13","slug":"shampo-fleriana-100ml","status":"publish","type":"product","link":"https:\/\/vitanet.al\/sq\/product\/shampo-fleriana-100ml\/","title":{"rendered":"SHAMPO FLERIANA 100ML"},"content":{"rendered":"<p>Fleriana shampo 100 ml. Zgjidhja natyrale kund\u00ebr parazit\u00ebve t\u00eb kok\u00ebs. P\u00ebrmban p\u00ebrzierje t\u00eb vajit t\u00eb kokosit (bim\u00eb Cocos nucifera) i cili pengon rrug\u00ebt e frym\u00ebmarrjes s\u00eb parazit\u00ebve. Largon parazit\u00ebt, n\u00eb m\u00ebnyr\u00eb natyrale pengon kolonizimin e tyre dhe depozitimin e vez\u00ebve n\u00eb skalpin e kok\u00ebs. P\u00ebrdorimi: Tundeni mir\u00eb p\u00ebrpara p\u00ebrdorimit. \u20221. P\u00ebrdorimi n\u00eb flok\u00eb t\u00eb lagur: Pasi t\u00eb b\u00ebni ndarjen n\u00eb seksione t\u00eb flok\u00ebve aplikoni nj\u00eb sasi t\u00eb mjaftueshme (25 ml p\u00ebr flok\u00eb t\u00eb shkurt\u00ebr dhe 50 ml p\u00ebr flok\u00eb t\u00eb gjat\u00eb) n\u00eb flok\u00eb t\u00eb lagur, duke e masazhuar mir\u00eb. Sigurohuni q\u00eb ta p\u00ebrhapni shampon n\u00eb t\u00eb gjith\u00eb gjat\u00ebsin\u00eb nga rr\u00ebnja deri n\u00eb maj\u00eb, si dhe te l\u00ebkura mbrapa vesh\u00ebve dhe n\u00eb qaf\u00eb. L\u00ebreni p\u00ebr 15&#8242;-45&#8242; deri n\u00eb eliminimin e plot\u00eb t\u00eb parazit\u00ebve dhe t\u00eb vez\u00ebve t\u00eb tyre. Krihini flok\u00ebt me krehrin q\u00eb \u00ebsht\u00eb n\u00eb paketim. M\u00eb pas mund t\u00eb shp\u00eblani flok\u00ebt. 2. P\u00ebrdorimi n\u00eb flok\u00eb t\u00eb thar\u00eb: pas aplikimit mund t\u00eb b\u00ebhet shp\u00eblarja pas 8 or\u00ebsh ose dit\u00ebn e nes\u00ebrme. Ideale p\u00ebr f\u00ebmij\u00ebt mbi 6 muajsh dhe t\u00eb rriturit. Nuk p\u00ebrmban paraben, alkool. P\u00ebrmban parfum pa p\u00ebrmbajtje alergjen\u00ebsh.<\/p>\n","protected":false},"excerpt":{"rendered":"<p>Fleriana shampo 100 ml. Zgjidhja natyrale kund\u00ebr parazit\u00ebve t\u00eb kok\u00ebs. P\u00ebrmban p\u00ebrzierje t\u00eb vajit t\u00eb kokosit (bim\u00eb Cocos nucifera) i cili pengon rrug\u00ebt e frym\u00ebmarrjes s\u00eb parazit\u00ebve. Largon parazit\u00ebt, n\u00eb m\u00ebnyr\u00eb natyrale pengon kolonizimin e tyre dhe depozitimin e vez\u00ebve n\u00eb skalpin e kok\u00ebs. P\u00ebrdorimi: Tundeni mir\u00eb p\u00ebrpara p\u00ebrdorimit. \u20221. P\u00ebrdorimi n\u00eb flok\u00eb t\u00eb lagur: [&hellip;]<\/p>\n","protected":false},"featured_media":7347,"template":"","meta":[],"product_brand":[],"product_cat":[119,120,122],"product_tag":[],"class_list":{"0":"post-7446","1":"product","2":"type-product","3":"status-publish","4":"has-post-thumbnail","6":"product_cat-markat-tona","7":"product_cat-power-health","8":"product_cat-suplemente-dhe-vitamina","10":"first","11":"instock","12":"shipping-taxable","13":"purchasable","14":"product-type-simple"},"yoast_head":"<!-- This site is optimized with the Yoast SEO plugin v27.5 - https:\/\/yoast.com\/product\/yoast-seo-wordpress\/ -->\n<title>SHAMPO FLERIANA 100ML - VITANET ALBANIA<\/title>\n<meta name=\"robots\" content=\"index, follow, max-snippet:-1, max-image-preview:large, max-video-preview:-1\" \/>\n<link rel=\"canonical\" href=\"https:\/\/vitanet.al\/sq\/product\/shampo-fleriana-100ml\/\" \/>\n<meta property=\"og:locale\" content=\"sq_AL\" \/>\n<meta property=\"og:type\" content=\"article\" \/>\n<meta property=\"og:title\" content=\"SHAMPO FLERIANA 100ML - VITANET ALBANIA\" \/>\n<meta property=\"og:description\" content=\"Fleriana shampo 100 ml. Zgjidhja natyrale kund\u00ebr parazit\u00ebve t\u00eb kok\u00ebs. P\u00ebrmban p\u00ebrzierje t\u00eb vajit t\u00eb kokosit (bim\u00eb Cocos nucifera) i cili pengon rrug\u00ebt e frym\u00ebmarrjes s\u00eb parazit\u00ebve. Largon parazit\u00ebt, n\u00eb m\u00ebnyr\u00eb natyrale pengon kolonizimin e tyre dhe depozitimin e vez\u00ebve n\u00eb skalpin e kok\u00ebs. P\u00ebrdorimi: Tundeni mir\u00eb p\u00ebrpara p\u00ebrdorimit. \u20221. P\u00ebrdorimi n\u00eb flok\u00eb t\u00eb lagur: [&hellip;]\" \/>\n<meta property=\"og:url\" content=\"https:\/\/vitanet.al\/sq\/product\/shampo-fleriana-100ml\/\" \/>\n<meta property=\"og:site_name\" content=\"VITANET ALBANIA\" \/>\n<meta property=\"og:image\" content=\"https:\/\/vitanet.al\/wp-content\/uploads\/2026\/02\/5200102460817.png\" \/>\n\t<meta property=\"og:image:width\" content=\"244\" \/>\n\t<meta property=\"og:image:height\" content=\"297\" \/>\n\t<meta property=\"og:image:type\" content=\"image\/png\" \/>\n<meta name=\"twitter:card\" content=\"summary_large_image\" \/>\n<meta name=\"twitter:label1\" content=\"Est. reading time\" \/>\n\t<meta name=\"twitter:data1\" content=\"1 minute\" \/>\n<script type=\"application\/ld+json\" class=\"yoast-schema-graph\">{\"@context\":\"https:\\\/\\\/schema.org\",\"@graph\":[{\"@type\":\"WebPage\",\"@id\":\"https:\\\/\\\/vitanet.al\\\/sq\\\/product\\\/shampo-fleriana-100ml\\\/\",\"url\":\"https:\\\/\\\/vitanet.al\\\/sq\\\/product\\\/shampo-fleriana-100ml\\\/\",\"name\":\"SHAMPO FLERIANA 100ML - VITANET ALBANIA\",\"isPartOf\":{\"@id\":\"https:\\\/\\\/vitanet.al\\\/sq\\\/#website\"},\"primaryImageOfPage\":{\"@id\":\"https:\\\/\\\/vitanet.al\\\/sq\\\/product\\\/shampo-fleriana-100ml\\\/#primaryimage\"},\"image\":{\"@id\":\"https:\\\/\\\/vitanet.al\\\/sq\\\/product\\\/shampo-fleriana-100ml\\\/#primaryimage\"},\"thumbnailUrl\":\"https:\\\/\\\/vitanet.al\\\/wp-content\\\/uploads\\\/2026\\\/02\\\/5200102460817.png\",\"datePublished\":\"2026-02-07T19:58:13+00:00\",\"breadcrumb\":{\"@id\":\"https:\\\/\\\/vitanet.al\\\/sq\\\/product\\\/shampo-fleriana-100ml\\\/#breadcrumb\"},\"inLanguage\":\"sq-AL\",\"potentialAction\":[{\"@type\":\"ReadAction\",\"target\":[\"https:\\\/\\\/vitanet.al\\\/sq\\\/product\\\/shampo-fleriana-100ml\\\/\"]}]},{\"@type\":\"ImageObject\",\"inLanguage\":\"sq-AL\",\"@id\":\"https:\\\/\\\/vitanet.al\\\/sq\\\/product\\\/shampo-fleriana-100ml\\\/#primaryimage\",\"url\":\"https:\\\/\\\/vitanet.al\\\/wp-content\\\/uploads\\\/2026\\\/02\\\/5200102460817.png\",\"contentUrl\":\"https:\\\/\\\/vitanet.al\\\/wp-content\\\/uploads\\\/2026\\\/02\\\/5200102460817.png\",\"width\":244,\"height\":297},{\"@type\":\"BreadcrumbList\",\"@id\":\"https:\\\/\\\/vitanet.al\\\/sq\\\/product\\\/shampo-fleriana-100ml\\\/#breadcrumb\",\"itemListElement\":[{\"@type\":\"ListItem\",\"position\":1,\"name\":\"Home\",\"item\":\"https:\\\/\\\/vitanet.al\\\/sq\\\/\"},{\"@type\":\"ListItem\",\"position\":2,\"name\":\"Shop\",\"item\":\"https:\\\/\\\/vitanet.al\\\/sq\\\/shop\\\/\"},{\"@type\":\"ListItem\",\"position\":3,\"name\":\"SHAMPO FLERIANA 100ML\"}]},{\"@type\":\"WebSite\",\"@id\":\"https:\\\/\\\/vitanet.al\\\/sq\\\/#website\",\"url\":\"https:\\\/\\\/vitanet.al\\\/sq\\\/\",\"name\":\"VITANET ALBANIA\",\"description\":\"\",\"publisher\":{\"@id\":\"https:\\\/\\\/vitanet.al\\\/sq\\\/#organization\"},\"potentialAction\":[{\"@type\":\"SearchAction\",\"target\":{\"@type\":\"EntryPoint\",\"urlTemplate\":\"https:\\\/\\\/vitanet.al\\\/sq\\\/?s={search_term_string}\"},\"query-input\":{\"@type\":\"PropertyValueSpecification\",\"valueRequired\":true,\"valueName\":\"search_term_string\"}}],\"inLanguage\":\"sq-AL\"},{\"@type\":\"Organization\",\"@id\":\"https:\\\/\\\/vitanet.al\\\/sq\\\/#organization\",\"name\":\"VITANET ALBANIA\",\"url\":\"https:\\\/\\\/vitanet.al\\\/sq\\\/\",\"logo\":{\"@type\":\"ImageObject\",\"inLanguage\":\"sq-AL\",\"@id\":\"https:\\\/\\\/vitanet.al\\\/sq\\\/#\\\/schema\\\/logo\\\/image\\\/\",\"url\":\"https:\\\/\\\/vitanet.al\\\/wp-content\\\/uploads\\\/2022\\\/02\\\/Vitanet_Logo-scaled.webp\",\"contentUrl\":\"https:\\\/\\\/vitanet.al\\\/wp-content\\\/uploads\\\/2022\\\/02\\\/Vitanet_Logo-scaled.webp\",\"width\":2560,\"height\":714,\"caption\":\"VITANET ALBANIA\"},\"image\":{\"@id\":\"https:\\\/\\\/vitanet.al\\\/sq\\\/#\\\/schema\\\/logo\\\/image\\\/\"}}]}<\/script>\n<!-- \/ Yoast SEO plugin. -->","yoast_head_json":{"title":"SHAMPO FLERIANA 100ML - VITANET ALBANIA","robots":{"index":"index","follow":"follow","max-snippet":"max-snippet:-1","max-image-preview":"max-image-preview:large","max-video-preview":"max-video-preview:-1"},"canonical":"https:\/\/vitanet.al\/sq\/product\/shampo-fleriana-100ml\/","og_locale":"sq_AL","og_type":"article","og_title":"SHAMPO FLERIANA 100ML - VITANET ALBANIA","og_description":"Fleriana shampo 100 ml. Zgjidhja natyrale kund\u00ebr parazit\u00ebve t\u00eb kok\u00ebs. P\u00ebrmban p\u00ebrzierje t\u00eb vajit t\u00eb kokosit (bim\u00eb Cocos nucifera) i cili pengon rrug\u00ebt e frym\u00ebmarrjes s\u00eb parazit\u00ebve. Largon parazit\u00ebt, n\u00eb m\u00ebnyr\u00eb natyrale pengon kolonizimin e tyre dhe depozitimin e vez\u00ebve n\u00eb skalpin e kok\u00ebs. P\u00ebrdorimi: Tundeni mir\u00eb p\u00ebrpara p\u00ebrdorimit. \u20221. P\u00ebrdorimi n\u00eb flok\u00eb t\u00eb lagur: [&hellip;]","og_url":"https:\/\/vitanet.al\/sq\/product\/shampo-fleriana-100ml\/","og_site_name":"VITANET ALBANIA","og_image":[{"width":244,"height":297,"url":"https:\/\/vitanet.al\/wp-content\/uploads\/2026\/02\/5200102460817.png","type":"image\/png"}],"twitter_card":"summary_large_image","twitter_misc":{"Est. reading time":"1 minute"},"schema":{"@context":"https:\/\/schema.org","@graph":[{"@type":"WebPage","@id":"https:\/\/vitanet.al\/sq\/product\/shampo-fleriana-100ml\/","url":"https:\/\/vitanet.al\/sq\/product\/shampo-fleriana-100ml\/","name":"SHAMPO FLERIANA 100ML - VITANET ALBANIA","isPartOf":{"@id":"https:\/\/vitanet.al\/sq\/#website"},"primaryImageOfPage":{"@id":"https:\/\/vitanet.al\/sq\/product\/shampo-fleriana-100ml\/#primaryimage"},"image":{"@id":"https:\/\/vitanet.al\/sq\/product\/shampo-fleriana-100ml\/#primaryimage"},"thumbnailUrl":"https:\/\/vitanet.al\/wp-content\/uploads\/2026\/02\/5200102460817.png","datePublished":"2026-02-07T19:58:13+00:00","breadcrumb":{"@id":"https:\/\/vitanet.al\/sq\/product\/shampo-fleriana-100ml\/#breadcrumb"},"inLanguage":"sq-AL","potentialAction":[{"@type":"ReadAction","target":["https:\/\/vitanet.al\/sq\/product\/shampo-fleriana-100ml\/"]}]},{"@type":"ImageObject","inLanguage":"sq-AL","@id":"https:\/\/vitanet.al\/sq\/product\/shampo-fleriana-100ml\/#primaryimage","url":"https:\/\/vitanet.al\/wp-content\/uploads\/2026\/02\/5200102460817.png","contentUrl":"https:\/\/vitanet.al\/wp-content\/uploads\/2026\/02\/5200102460817.png","width":244,"height":297},{"@type":"BreadcrumbList","@id":"https:\/\/vitanet.al\/sq\/product\/shampo-fleriana-100ml\/#breadcrumb","itemListElement":[{"@type":"ListItem","position":1,"name":"Home","item":"https:\/\/vitanet.al\/sq\/"},{"@type":"ListItem","position":2,"name":"Shop","item":"https:\/\/vitanet.al\/sq\/shop\/"},{"@type":"ListItem","position":3,"name":"SHAMPO FLERIANA 100ML"}]},{"@type":"WebSite","@id":"https:\/\/vitanet.al\/sq\/#website","url":"https:\/\/vitanet.al\/sq\/","name":"VITANET ALBANIA","description":"","publisher":{"@id":"https:\/\/vitanet.al\/sq\/#organization"},"potentialAction":[{"@type":"SearchAction","target":{"@type":"EntryPoint","urlTemplate":"https:\/\/vitanet.al\/sq\/?s={search_term_string}"},"query-input":{"@type":"PropertyValueSpecification","valueRequired":true,"valueName":"search_term_string"}}],"inLanguage":"sq-AL"},{"@type":"Organization","@id":"https:\/\/vitanet.al\/sq\/#organization","name":"VITANET ALBANIA","url":"https:\/\/vitanet.al\/sq\/","logo":{"@type":"ImageObject","inLanguage":"sq-AL","@id":"https:\/\/vitanet.al\/sq\/#\/schema\/logo\/image\/","url":"https:\/\/vitanet.al\/wp-content\/uploads\/2022\/02\/Vitanet_Logo-scaled.webp","contentUrl":"https:\/\/vitanet.al\/wp-content\/uploads\/2022\/02\/Vitanet_Logo-scaled.webp","width":2560,"height":714,"caption":"VITANET ALBANIA"},"image":{"@id":"https:\/\/vitanet.al\/sq\/#\/schema\/logo\/image\/"}}]}},"_links":{"self":[{"href":"https:\/\/vitanet.al\/sq\/wp-json\/wp\/v2\/product\/7446","targetHints":{"allow":["GET"]}}],"collection":[{"href":"https:\/\/vitanet.al\/sq\/wp-json\/wp\/v2\/product"}],"about":[{"href":"https:\/\/vitanet.al\/sq\/wp-json\/wp\/v2\/types\/product"}],"version-history":[{"count":0,"href":"https:\/\/vitanet.al\/sq\/wp-json\/wp\/v2\/product\/7446\/revisions"}],"wp:featuredmedia":[{"embeddable":true,"href":"https:\/\/vitanet.al\/sq\/wp-json\/wp\/v2\/media\/7347"}],"wp:attachment":[{"href":"https:\/\/vitanet.al\/sq\/wp-json\/wp\/v2\/media?parent=7446"}],"wp:term":[{"taxonomy":"product_brand","embeddable":true,"href":"https:\/\/vitanet.al\/sq\/wp-json\/wp\/v2\/product_brand?post=7446"},{"taxonomy":"product_cat","embeddable":true,"href":"https:\/\/vitanet.al\/sq\/wp-json\/wp\/v2\/product_cat?post=7446"},{"taxonomy":"product_tag","embeddable":true,"href":"https:\/\/vitanet.al\/sq\/wp-json\/wp\/v2\/product_tag?post=7446"}],"curies":[{"name":"wp","href":"https:\/\/api.w.org\/{rel}","templated":true}]}}