{"id":7450,"date":"2026-02-07T19:58:15","date_gmt":"2026-02-07T19:58:15","guid":{"rendered":"https:\/\/vitanet.al\/product\/multi-multi-vitamine-c-500-mg-x-20\/"},"modified":"2026-02-07T19:58:15","modified_gmt":"2026-02-07T19:58:15","slug":"multi-multi-vitamine-c-500-mg-x-20","status":"publish","type":"product","link":"https:\/\/vitanet.al\/sq\/product\/multi-multi-vitamine-c-500-mg-x-20\/","title":{"rendered":"Multi Multi + VITAMIN\u00cb C 500 MG X 20"},"content":{"rendered":"<p>Suplement ushqimor q\u00eb p\u00ebrmban t\u00eb gjith\u00eb spektrin e vitaminave esenciale dhe element\u00ebve minerale. P\u00ebrb\u00ebrja: Vitamin\u00eb A 350\u03bcg, Vitamin\u00eb B1 1.1 \u03bcg, Vitamin\u00eb B2 1.6 \u03bcg, Niacin\u00eb 18 mg, acid pantotenik 6 mg, Vitamin\u00eb B6 1.5 \u03bcg, acid folik 200 \u03bcg, Vitamin\u00eb C 45 mg, Vitamin\u00eb D3 2.5 \u03bcg, Vitamin\u00eb E 10 mg, Biotin\u00eb 150\u03bcg, Vitamin\u00eb B12 1.4 \u03bcg, kal\u00e7ium 233 mg, Magnez 100 mg, jod 43.3 \u03bcg, Hekur 4.66 mg, Zink 3.16 mg. Tableta eferveshente me shije pjeshke dhe \u00ebmb\u00eblsues nga bima Stevia. P\u00ebrdorimi: T\u00eb rriturit marrin 1 tablet\u00eb n\u00eb dit\u00eb t\u00eb tretur n\u00eb nj\u00eb got\u00eb uji, si suplement ushqimor. Nuk p\u00ebrmban: sheqer, laktoz\u00eb, gluten, konservant\u00eb.   <\/p>\n","protected":false},"excerpt":{"rendered":"<p>Suplement ushqimor q\u00eb p\u00ebrmban t\u00eb gjith\u00eb spektrin e vitaminave esenciale dhe element\u00ebve minerale. P\u00ebrb\u00ebrja: Vitamin\u00eb A 350\u03bcg, Vitamin\u00eb B1 1.1 \u03bcg, Vitamin\u00eb B2 1.6 \u03bcg, Niacin\u00eb 18 mg, acid pantotenik 6 mg, Vitamin\u00eb B6 1.5 \u03bcg, acid folik 200 \u03bcg, Vitamin\u00eb C 45 mg, Vitamin\u00eb D3 2.5 \u03bcg, Vitamin\u00eb E 10 mg, Biotin\u00eb 150\u03bcg, Vitamin\u00eb [&hellip;]<\/p>\n","protected":false},"featured_media":7368,"template":"","meta":[],"product_brand":[],"product_cat":[119,120,122],"product_tag":[],"class_list":{"0":"post-7450","1":"product","2":"type-product","3":"status-publish","4":"has-post-thumbnail","6":"product_cat-markat-tona","7":"product_cat-power-health","8":"product_cat-suplemente-dhe-vitamina","10":"first","11":"instock","12":"shipping-taxable","13":"purchasable","14":"product-type-simple"},"yoast_head":"<!-- This site is optimized with the Yoast SEO plugin v27.5 - https:\/\/yoast.com\/product\/yoast-seo-wordpress\/ -->\n<title>Multi Multi + VITAMIN\u00cb C 500 MG X 20 - VITANET ALBANIA<\/title>\n<meta name=\"robots\" content=\"index, follow, max-snippet:-1, max-image-preview:large, max-video-preview:-1\" \/>\n<link rel=\"canonical\" href=\"https:\/\/vitanet.al\/sq\/product\/multi-multi-vitamine-c-500-mg-x-20\/\" \/>\n<meta property=\"og:locale\" content=\"sq_AL\" \/>\n<meta property=\"og:type\" content=\"article\" \/>\n<meta property=\"og:title\" content=\"Multi Multi + VITAMIN\u00cb C 500 MG X 20 - VITANET ALBANIA\" \/>\n<meta property=\"og:description\" content=\"Suplement ushqimor q\u00eb p\u00ebrmban t\u00eb gjith\u00eb spektrin e vitaminave esenciale dhe element\u00ebve minerale. P\u00ebrb\u00ebrja: Vitamin\u00eb A 350\u03bcg, Vitamin\u00eb B1 1.1 \u03bcg, Vitamin\u00eb B2 1.6 \u03bcg, Niacin\u00eb 18 mg, acid pantotenik 6 mg, Vitamin\u00eb B6 1.5 \u03bcg, acid folik 200 \u03bcg, Vitamin\u00eb C 45 mg, Vitamin\u00eb D3 2.5 \u03bcg, Vitamin\u00eb E 10 mg, Biotin\u00eb 150\u03bcg, Vitamin\u00eb [&hellip;]\" \/>\n<meta property=\"og:url\" content=\"https:\/\/vitanet.al\/sq\/product\/multi-multi-vitamine-c-500-mg-x-20\/\" \/>\n<meta property=\"og:site_name\" content=\"VITANET ALBANIA\" \/>\n<meta property=\"og:image\" content=\"https:\/\/vitanet.al\/wp-content\/uploads\/2026\/02\/5200321014877.png\" \/>\n\t<meta property=\"og:image:width\" content=\"187\" \/>\n\t<meta property=\"og:image:height\" content=\"226\" \/>\n\t<meta property=\"og:image:type\" content=\"image\/png\" \/>\n<meta name=\"twitter:card\" content=\"summary_large_image\" \/>\n<script type=\"application\/ld+json\" class=\"yoast-schema-graph\">{\"@context\":\"https:\\\/\\\/schema.org\",\"@graph\":[{\"@type\":\"WebPage\",\"@id\":\"https:\\\/\\\/vitanet.al\\\/sq\\\/product\\\/multi-multi-vitamine-c-500-mg-x-20\\\/\",\"url\":\"https:\\\/\\\/vitanet.al\\\/sq\\\/product\\\/multi-multi-vitamine-c-500-mg-x-20\\\/\",\"name\":\"Multi Multi + VITAMIN\u00cb C 500 MG X 20 - VITANET ALBANIA\",\"isPartOf\":{\"@id\":\"https:\\\/\\\/vitanet.al\\\/sq\\\/#website\"},\"primaryImageOfPage\":{\"@id\":\"https:\\\/\\\/vitanet.al\\\/sq\\\/product\\\/multi-multi-vitamine-c-500-mg-x-20\\\/#primaryimage\"},\"image\":{\"@id\":\"https:\\\/\\\/vitanet.al\\\/sq\\\/product\\\/multi-multi-vitamine-c-500-mg-x-20\\\/#primaryimage\"},\"thumbnailUrl\":\"https:\\\/\\\/vitanet.al\\\/wp-content\\\/uploads\\\/2026\\\/02\\\/5200321014877.png\",\"datePublished\":\"2026-02-07T19:58:15+00:00\",\"breadcrumb\":{\"@id\":\"https:\\\/\\\/vitanet.al\\\/sq\\\/product\\\/multi-multi-vitamine-c-500-mg-x-20\\\/#breadcrumb\"},\"inLanguage\":\"sq-AL\",\"potentialAction\":[{\"@type\":\"ReadAction\",\"target\":[\"https:\\\/\\\/vitanet.al\\\/sq\\\/product\\\/multi-multi-vitamine-c-500-mg-x-20\\\/\"]}]},{\"@type\":\"ImageObject\",\"inLanguage\":\"sq-AL\",\"@id\":\"https:\\\/\\\/vitanet.al\\\/sq\\\/product\\\/multi-multi-vitamine-c-500-mg-x-20\\\/#primaryimage\",\"url\":\"https:\\\/\\\/vitanet.al\\\/wp-content\\\/uploads\\\/2026\\\/02\\\/5200321014877.png\",\"contentUrl\":\"https:\\\/\\\/vitanet.al\\\/wp-content\\\/uploads\\\/2026\\\/02\\\/5200321014877.png\",\"width\":187,\"height\":226},{\"@type\":\"BreadcrumbList\",\"@id\":\"https:\\\/\\\/vitanet.al\\\/sq\\\/product\\\/multi-multi-vitamine-c-500-mg-x-20\\\/#breadcrumb\",\"itemListElement\":[{\"@type\":\"ListItem\",\"position\":1,\"name\":\"Home\",\"item\":\"https:\\\/\\\/vitanet.al\\\/sq\\\/\"},{\"@type\":\"ListItem\",\"position\":2,\"name\":\"Shop\",\"item\":\"https:\\\/\\\/vitanet.al\\\/sq\\\/shop\\\/\"},{\"@type\":\"ListItem\",\"position\":3,\"name\":\"Multi Multi + VITAMIN\u00cb C 500 MG X 20\"}]},{\"@type\":\"WebSite\",\"@id\":\"https:\\\/\\\/vitanet.al\\\/sq\\\/#website\",\"url\":\"https:\\\/\\\/vitanet.al\\\/sq\\\/\",\"name\":\"VITANET ALBANIA\",\"description\":\"\",\"publisher\":{\"@id\":\"https:\\\/\\\/vitanet.al\\\/sq\\\/#organization\"},\"potentialAction\":[{\"@type\":\"SearchAction\",\"target\":{\"@type\":\"EntryPoint\",\"urlTemplate\":\"https:\\\/\\\/vitanet.al\\\/sq\\\/?s={search_term_string}\"},\"query-input\":{\"@type\":\"PropertyValueSpecification\",\"valueRequired\":true,\"valueName\":\"search_term_string\"}}],\"inLanguage\":\"sq-AL\"},{\"@type\":\"Organization\",\"@id\":\"https:\\\/\\\/vitanet.al\\\/sq\\\/#organization\",\"name\":\"VITANET ALBANIA\",\"url\":\"https:\\\/\\\/vitanet.al\\\/sq\\\/\",\"logo\":{\"@type\":\"ImageObject\",\"inLanguage\":\"sq-AL\",\"@id\":\"https:\\\/\\\/vitanet.al\\\/sq\\\/#\\\/schema\\\/logo\\\/image\\\/\",\"url\":\"https:\\\/\\\/vitanet.al\\\/wp-content\\\/uploads\\\/2022\\\/02\\\/Vitanet_Logo-scaled.webp\",\"contentUrl\":\"https:\\\/\\\/vitanet.al\\\/wp-content\\\/uploads\\\/2022\\\/02\\\/Vitanet_Logo-scaled.webp\",\"width\":2560,\"height\":714,\"caption\":\"VITANET ALBANIA\"},\"image\":{\"@id\":\"https:\\\/\\\/vitanet.al\\\/sq\\\/#\\\/schema\\\/logo\\\/image\\\/\"}}]}<\/script>\n<!-- \/ Yoast SEO plugin. -->","yoast_head_json":{"title":"Multi Multi + VITAMIN\u00cb C 500 MG X 20 - VITANET ALBANIA","robots":{"index":"index","follow":"follow","max-snippet":"max-snippet:-1","max-image-preview":"max-image-preview:large","max-video-preview":"max-video-preview:-1"},"canonical":"https:\/\/vitanet.al\/sq\/product\/multi-multi-vitamine-c-500-mg-x-20\/","og_locale":"sq_AL","og_type":"article","og_title":"Multi Multi + VITAMIN\u00cb C 500 MG X 20 - VITANET ALBANIA","og_description":"Suplement ushqimor q\u00eb p\u00ebrmban t\u00eb gjith\u00eb spektrin e vitaminave esenciale dhe element\u00ebve minerale. P\u00ebrb\u00ebrja: Vitamin\u00eb A 350\u03bcg, Vitamin\u00eb B1 1.1 \u03bcg, Vitamin\u00eb B2 1.6 \u03bcg, Niacin\u00eb 18 mg, acid pantotenik 6 mg, Vitamin\u00eb B6 1.5 \u03bcg, acid folik 200 \u03bcg, Vitamin\u00eb C 45 mg, Vitamin\u00eb D3 2.5 \u03bcg, Vitamin\u00eb E 10 mg, Biotin\u00eb 150\u03bcg, Vitamin\u00eb [&hellip;]","og_url":"https:\/\/vitanet.al\/sq\/product\/multi-multi-vitamine-c-500-mg-x-20\/","og_site_name":"VITANET ALBANIA","og_image":[{"width":187,"height":226,"url":"https:\/\/vitanet.al\/wp-content\/uploads\/2026\/02\/5200321014877.png","type":"image\/png"}],"twitter_card":"summary_large_image","schema":{"@context":"https:\/\/schema.org","@graph":[{"@type":"WebPage","@id":"https:\/\/vitanet.al\/sq\/product\/multi-multi-vitamine-c-500-mg-x-20\/","url":"https:\/\/vitanet.al\/sq\/product\/multi-multi-vitamine-c-500-mg-x-20\/","name":"Multi Multi + VITAMIN\u00cb C 500 MG X 20 - VITANET ALBANIA","isPartOf":{"@id":"https:\/\/vitanet.al\/sq\/#website"},"primaryImageOfPage":{"@id":"https:\/\/vitanet.al\/sq\/product\/multi-multi-vitamine-c-500-mg-x-20\/#primaryimage"},"image":{"@id":"https:\/\/vitanet.al\/sq\/product\/multi-multi-vitamine-c-500-mg-x-20\/#primaryimage"},"thumbnailUrl":"https:\/\/vitanet.al\/wp-content\/uploads\/2026\/02\/5200321014877.png","datePublished":"2026-02-07T19:58:15+00:00","breadcrumb":{"@id":"https:\/\/vitanet.al\/sq\/product\/multi-multi-vitamine-c-500-mg-x-20\/#breadcrumb"},"inLanguage":"sq-AL","potentialAction":[{"@type":"ReadAction","target":["https:\/\/vitanet.al\/sq\/product\/multi-multi-vitamine-c-500-mg-x-20\/"]}]},{"@type":"ImageObject","inLanguage":"sq-AL","@id":"https:\/\/vitanet.al\/sq\/product\/multi-multi-vitamine-c-500-mg-x-20\/#primaryimage","url":"https:\/\/vitanet.al\/wp-content\/uploads\/2026\/02\/5200321014877.png","contentUrl":"https:\/\/vitanet.al\/wp-content\/uploads\/2026\/02\/5200321014877.png","width":187,"height":226},{"@type":"BreadcrumbList","@id":"https:\/\/vitanet.al\/sq\/product\/multi-multi-vitamine-c-500-mg-x-20\/#breadcrumb","itemListElement":[{"@type":"ListItem","position":1,"name":"Home","item":"https:\/\/vitanet.al\/sq\/"},{"@type":"ListItem","position":2,"name":"Shop","item":"https:\/\/vitanet.al\/sq\/shop\/"},{"@type":"ListItem","position":3,"name":"Multi Multi + VITAMIN\u00cb C 500 MG X 20"}]},{"@type":"WebSite","@id":"https:\/\/vitanet.al\/sq\/#website","url":"https:\/\/vitanet.al\/sq\/","name":"VITANET ALBANIA","description":"","publisher":{"@id":"https:\/\/vitanet.al\/sq\/#organization"},"potentialAction":[{"@type":"SearchAction","target":{"@type":"EntryPoint","urlTemplate":"https:\/\/vitanet.al\/sq\/?s={search_term_string}"},"query-input":{"@type":"PropertyValueSpecification","valueRequired":true,"valueName":"search_term_string"}}],"inLanguage":"sq-AL"},{"@type":"Organization","@id":"https:\/\/vitanet.al\/sq\/#organization","name":"VITANET ALBANIA","url":"https:\/\/vitanet.al\/sq\/","logo":{"@type":"ImageObject","inLanguage":"sq-AL","@id":"https:\/\/vitanet.al\/sq\/#\/schema\/logo\/image\/","url":"https:\/\/vitanet.al\/wp-content\/uploads\/2022\/02\/Vitanet_Logo-scaled.webp","contentUrl":"https:\/\/vitanet.al\/wp-content\/uploads\/2022\/02\/Vitanet_Logo-scaled.webp","width":2560,"height":714,"caption":"VITANET ALBANIA"},"image":{"@id":"https:\/\/vitanet.al\/sq\/#\/schema\/logo\/image\/"}}]}},"_links":{"self":[{"href":"https:\/\/vitanet.al\/sq\/wp-json\/wp\/v2\/product\/7450","targetHints":{"allow":["GET"]}}],"collection":[{"href":"https:\/\/vitanet.al\/sq\/wp-json\/wp\/v2\/product"}],"about":[{"href":"https:\/\/vitanet.al\/sq\/wp-json\/wp\/v2\/types\/product"}],"version-history":[{"count":0,"href":"https:\/\/vitanet.al\/sq\/wp-json\/wp\/v2\/product\/7450\/revisions"}],"wp:featuredmedia":[{"embeddable":true,"href":"https:\/\/vitanet.al\/sq\/wp-json\/wp\/v2\/media\/7368"}],"wp:attachment":[{"href":"https:\/\/vitanet.al\/sq\/wp-json\/wp\/v2\/media?parent=7450"}],"wp:term":[{"taxonomy":"product_brand","embeddable":true,"href":"https:\/\/vitanet.al\/sq\/wp-json\/wp\/v2\/product_brand?post=7450"},{"taxonomy":"product_cat","embeddable":true,"href":"https:\/\/vitanet.al\/sq\/wp-json\/wp\/v2\/product_cat?post=7450"},{"taxonomy":"product_tag","embeddable":true,"href":"https:\/\/vitanet.al\/sq\/wp-json\/wp\/v2\/product_tag?post=7450"}],"curies":[{"name":"wp","href":"https:\/\/api.w.org\/{rel}","templated":true}]}}