{"id":7452,"date":"2026-02-07T19:58:22","date_gmt":"2026-02-07T19:58:22","guid":{"rendered":"https:\/\/vitanet.al\/product\/vitamine-c-500mg-x36-tableta\/"},"modified":"2026-02-07T19:58:22","modified_gmt":"2026-02-07T19:58:22","slug":"vitamine-c-500mg-x36-tableta","status":"publish","type":"product","link":"https:\/\/vitanet.al\/sq\/product\/vitamine-c-500mg-x36-tableta\/","title":{"rendered":"VITAMIN\u00cb C-500MG x36 tableta"},"content":{"rendered":"<p>Tableta q\u00eb p\u00ebrtypen me 500 mg vitamin\u00eb C, me shije portokalli t\u00eb shk\u00eblqyer. Vitamina C \u00ebsht\u00eb nj\u00eb vitamin\u00eb e r\u00ebnd\u00ebsishme p\u00ebr forcimin e sistemit imunitar me veti t\u00eb fuqishme antioksidante. P\u00ebrb\u00ebrja: sorbitol, askorbat sodium, acid askorbik, mono dhe digliceride t\u00eb acideve yndyrore, arom\u00eb portokalli, aspartame, acesulfam dhe riboflavin\u00eb. \u00c7do tablet\u00eb p\u00ebrmban 500 mg Vitamin\u00eb C. Doza e sugjeruar: T\u00eb rriturit: p\u00ebrtypni 1 tablet\u00eb n\u00eb dit\u00eb si suplement ushqimor para ushqimit. Nuk p\u00ebrmban: gluten, konservant\u00eb, laktoz\u00eb dhe ngjyrues artificial\u00eb.<\/p>\n","protected":false},"excerpt":{"rendered":"<p>Tableta q\u00eb p\u00ebrtypen me 500 mg vitamin\u00eb C, me shije portokalli t\u00eb shk\u00eblqyer. Vitamina C \u00ebsht\u00eb nj\u00eb vitamin\u00eb e r\u00ebnd\u00ebsishme p\u00ebr forcimin e sistemit imunitar me veti t\u00eb fuqishme antioksidante. P\u00ebrb\u00ebrja: sorbitol, askorbat sodium, acid askorbik, mono dhe digliceride t\u00eb acideve yndyrore, arom\u00eb portokalli, aspartame, acesulfam dhe riboflavin\u00eb. \u00c7do tablet\u00eb p\u00ebrmban 500 mg Vitamin\u00eb C. [&hellip;]<\/p>\n","protected":false},"featured_media":7381,"template":"","meta":[],"product_brand":[],"product_cat":[119,120,122],"product_tag":[],"class_list":{"0":"post-7452","1":"product","2":"type-product","3":"status-publish","4":"has-post-thumbnail","6":"product_cat-markat-tona","7":"product_cat-power-health","8":"product_cat-suplemente-dhe-vitamina","10":"first","11":"instock","12":"shipping-taxable","13":"purchasable","14":"product-type-simple"},"yoast_head":"<!-- This site is optimized with the Yoast SEO plugin v27.5 - https:\/\/yoast.com\/product\/yoast-seo-wordpress\/ -->\n<title>VITAMIN\u00cb C-500MG x36 tableta - VITANET ALBANIA<\/title>\n<meta name=\"robots\" content=\"index, follow, max-snippet:-1, max-image-preview:large, max-video-preview:-1\" \/>\n<link rel=\"canonical\" href=\"https:\/\/vitanet.al\/sq\/product\/vitamine-c-500mg-x36-tableta\/\" \/>\n<meta property=\"og:locale\" content=\"sq_AL\" \/>\n<meta property=\"og:type\" content=\"article\" \/>\n<meta property=\"og:title\" content=\"VITAMIN\u00cb C-500MG x36 tableta - VITANET ALBANIA\" \/>\n<meta property=\"og:description\" content=\"Tableta q\u00eb p\u00ebrtypen me 500 mg vitamin\u00eb C, me shije portokalli t\u00eb shk\u00eblqyer. Vitamina C \u00ebsht\u00eb nj\u00eb vitamin\u00eb e r\u00ebnd\u00ebsishme p\u00ebr forcimin e sistemit imunitar me veti t\u00eb fuqishme antioksidante. P\u00ebrb\u00ebrja: sorbitol, askorbat sodium, acid askorbik, mono dhe digliceride t\u00eb acideve yndyrore, arom\u00eb portokalli, aspartame, acesulfam dhe riboflavin\u00eb. \u00c7do tablet\u00eb p\u00ebrmban 500 mg Vitamin\u00eb C. [&hellip;]\" \/>\n<meta property=\"og:url\" content=\"https:\/\/vitanet.al\/sq\/product\/vitamine-c-500mg-x36-tableta\/\" \/>\n<meta property=\"og:site_name\" content=\"VITANET ALBANIA\" \/>\n<meta property=\"og:image\" content=\"https:\/\/vitanet.al\/wp-content\/uploads\/2026\/02\/5200321011630.png\" \/>\n\t<meta property=\"og:image:width\" content=\"204\" \/>\n\t<meta property=\"og:image:height\" content=\"236\" \/>\n\t<meta property=\"og:image:type\" content=\"image\/png\" \/>\n<meta name=\"twitter:card\" content=\"summary_large_image\" \/>\n<script type=\"application\/ld+json\" class=\"yoast-schema-graph\">{\"@context\":\"https:\\\/\\\/schema.org\",\"@graph\":[{\"@type\":\"WebPage\",\"@id\":\"https:\\\/\\\/vitanet.al\\\/sq\\\/product\\\/vitamine-c-500mg-x36-tableta\\\/\",\"url\":\"https:\\\/\\\/vitanet.al\\\/sq\\\/product\\\/vitamine-c-500mg-x36-tableta\\\/\",\"name\":\"VITAMIN\u00cb C-500MG x36 tableta - VITANET ALBANIA\",\"isPartOf\":{\"@id\":\"https:\\\/\\\/vitanet.al\\\/sq\\\/#website\"},\"primaryImageOfPage\":{\"@id\":\"https:\\\/\\\/vitanet.al\\\/sq\\\/product\\\/vitamine-c-500mg-x36-tableta\\\/#primaryimage\"},\"image\":{\"@id\":\"https:\\\/\\\/vitanet.al\\\/sq\\\/product\\\/vitamine-c-500mg-x36-tableta\\\/#primaryimage\"},\"thumbnailUrl\":\"https:\\\/\\\/vitanet.al\\\/wp-content\\\/uploads\\\/2026\\\/02\\\/5200321011630.png\",\"datePublished\":\"2026-02-07T19:58:22+00:00\",\"breadcrumb\":{\"@id\":\"https:\\\/\\\/vitanet.al\\\/sq\\\/product\\\/vitamine-c-500mg-x36-tableta\\\/#breadcrumb\"},\"inLanguage\":\"sq-AL\",\"potentialAction\":[{\"@type\":\"ReadAction\",\"target\":[\"https:\\\/\\\/vitanet.al\\\/sq\\\/product\\\/vitamine-c-500mg-x36-tableta\\\/\"]}]},{\"@type\":\"ImageObject\",\"inLanguage\":\"sq-AL\",\"@id\":\"https:\\\/\\\/vitanet.al\\\/sq\\\/product\\\/vitamine-c-500mg-x36-tableta\\\/#primaryimage\",\"url\":\"https:\\\/\\\/vitanet.al\\\/wp-content\\\/uploads\\\/2026\\\/02\\\/5200321011630.png\",\"contentUrl\":\"https:\\\/\\\/vitanet.al\\\/wp-content\\\/uploads\\\/2026\\\/02\\\/5200321011630.png\",\"width\":204,\"height\":236},{\"@type\":\"BreadcrumbList\",\"@id\":\"https:\\\/\\\/vitanet.al\\\/sq\\\/product\\\/vitamine-c-500mg-x36-tableta\\\/#breadcrumb\",\"itemListElement\":[{\"@type\":\"ListItem\",\"position\":1,\"name\":\"Home\",\"item\":\"https:\\\/\\\/vitanet.al\\\/sq\\\/\"},{\"@type\":\"ListItem\",\"position\":2,\"name\":\"Shop\",\"item\":\"https:\\\/\\\/vitanet.al\\\/sq\\\/shop\\\/\"},{\"@type\":\"ListItem\",\"position\":3,\"name\":\"VITAMIN\u00cb C-500MG x36 tableta\"}]},{\"@type\":\"WebSite\",\"@id\":\"https:\\\/\\\/vitanet.al\\\/sq\\\/#website\",\"url\":\"https:\\\/\\\/vitanet.al\\\/sq\\\/\",\"name\":\"VITANET ALBANIA\",\"description\":\"\",\"publisher\":{\"@id\":\"https:\\\/\\\/vitanet.al\\\/sq\\\/#organization\"},\"potentialAction\":[{\"@type\":\"SearchAction\",\"target\":{\"@type\":\"EntryPoint\",\"urlTemplate\":\"https:\\\/\\\/vitanet.al\\\/sq\\\/?s={search_term_string}\"},\"query-input\":{\"@type\":\"PropertyValueSpecification\",\"valueRequired\":true,\"valueName\":\"search_term_string\"}}],\"inLanguage\":\"sq-AL\"},{\"@type\":\"Organization\",\"@id\":\"https:\\\/\\\/vitanet.al\\\/sq\\\/#organization\",\"name\":\"VITANET ALBANIA\",\"url\":\"https:\\\/\\\/vitanet.al\\\/sq\\\/\",\"logo\":{\"@type\":\"ImageObject\",\"inLanguage\":\"sq-AL\",\"@id\":\"https:\\\/\\\/vitanet.al\\\/sq\\\/#\\\/schema\\\/logo\\\/image\\\/\",\"url\":\"https:\\\/\\\/vitanet.al\\\/wp-content\\\/uploads\\\/2022\\\/02\\\/Vitanet_Logo-scaled.webp\",\"contentUrl\":\"https:\\\/\\\/vitanet.al\\\/wp-content\\\/uploads\\\/2022\\\/02\\\/Vitanet_Logo-scaled.webp\",\"width\":2560,\"height\":714,\"caption\":\"VITANET ALBANIA\"},\"image\":{\"@id\":\"https:\\\/\\\/vitanet.al\\\/sq\\\/#\\\/schema\\\/logo\\\/image\\\/\"}}]}<\/script>\n<!-- \/ Yoast SEO plugin. -->","yoast_head_json":{"title":"VITAMIN\u00cb C-500MG x36 tableta - VITANET ALBANIA","robots":{"index":"index","follow":"follow","max-snippet":"max-snippet:-1","max-image-preview":"max-image-preview:large","max-video-preview":"max-video-preview:-1"},"canonical":"https:\/\/vitanet.al\/sq\/product\/vitamine-c-500mg-x36-tableta\/","og_locale":"sq_AL","og_type":"article","og_title":"VITAMIN\u00cb C-500MG x36 tableta - VITANET ALBANIA","og_description":"Tableta q\u00eb p\u00ebrtypen me 500 mg vitamin\u00eb C, me shije portokalli t\u00eb shk\u00eblqyer. Vitamina C \u00ebsht\u00eb nj\u00eb vitamin\u00eb e r\u00ebnd\u00ebsishme p\u00ebr forcimin e sistemit imunitar me veti t\u00eb fuqishme antioksidante. P\u00ebrb\u00ebrja: sorbitol, askorbat sodium, acid askorbik, mono dhe digliceride t\u00eb acideve yndyrore, arom\u00eb portokalli, aspartame, acesulfam dhe riboflavin\u00eb. \u00c7do tablet\u00eb p\u00ebrmban 500 mg Vitamin\u00eb C. [&hellip;]","og_url":"https:\/\/vitanet.al\/sq\/product\/vitamine-c-500mg-x36-tableta\/","og_site_name":"VITANET ALBANIA","og_image":[{"width":204,"height":236,"url":"https:\/\/vitanet.al\/wp-content\/uploads\/2026\/02\/5200321011630.png","type":"image\/png"}],"twitter_card":"summary_large_image","schema":{"@context":"https:\/\/schema.org","@graph":[{"@type":"WebPage","@id":"https:\/\/vitanet.al\/sq\/product\/vitamine-c-500mg-x36-tableta\/","url":"https:\/\/vitanet.al\/sq\/product\/vitamine-c-500mg-x36-tableta\/","name":"VITAMIN\u00cb C-500MG x36 tableta - VITANET ALBANIA","isPartOf":{"@id":"https:\/\/vitanet.al\/sq\/#website"},"primaryImageOfPage":{"@id":"https:\/\/vitanet.al\/sq\/product\/vitamine-c-500mg-x36-tableta\/#primaryimage"},"image":{"@id":"https:\/\/vitanet.al\/sq\/product\/vitamine-c-500mg-x36-tableta\/#primaryimage"},"thumbnailUrl":"https:\/\/vitanet.al\/wp-content\/uploads\/2026\/02\/5200321011630.png","datePublished":"2026-02-07T19:58:22+00:00","breadcrumb":{"@id":"https:\/\/vitanet.al\/sq\/product\/vitamine-c-500mg-x36-tableta\/#breadcrumb"},"inLanguage":"sq-AL","potentialAction":[{"@type":"ReadAction","target":["https:\/\/vitanet.al\/sq\/product\/vitamine-c-500mg-x36-tableta\/"]}]},{"@type":"ImageObject","inLanguage":"sq-AL","@id":"https:\/\/vitanet.al\/sq\/product\/vitamine-c-500mg-x36-tableta\/#primaryimage","url":"https:\/\/vitanet.al\/wp-content\/uploads\/2026\/02\/5200321011630.png","contentUrl":"https:\/\/vitanet.al\/wp-content\/uploads\/2026\/02\/5200321011630.png","width":204,"height":236},{"@type":"BreadcrumbList","@id":"https:\/\/vitanet.al\/sq\/product\/vitamine-c-500mg-x36-tableta\/#breadcrumb","itemListElement":[{"@type":"ListItem","position":1,"name":"Home","item":"https:\/\/vitanet.al\/sq\/"},{"@type":"ListItem","position":2,"name":"Shop","item":"https:\/\/vitanet.al\/sq\/shop\/"},{"@type":"ListItem","position":3,"name":"VITAMIN\u00cb C-500MG x36 tableta"}]},{"@type":"WebSite","@id":"https:\/\/vitanet.al\/sq\/#website","url":"https:\/\/vitanet.al\/sq\/","name":"VITANET ALBANIA","description":"","publisher":{"@id":"https:\/\/vitanet.al\/sq\/#organization"},"potentialAction":[{"@type":"SearchAction","target":{"@type":"EntryPoint","urlTemplate":"https:\/\/vitanet.al\/sq\/?s={search_term_string}"},"query-input":{"@type":"PropertyValueSpecification","valueRequired":true,"valueName":"search_term_string"}}],"inLanguage":"sq-AL"},{"@type":"Organization","@id":"https:\/\/vitanet.al\/sq\/#organization","name":"VITANET ALBANIA","url":"https:\/\/vitanet.al\/sq\/","logo":{"@type":"ImageObject","inLanguage":"sq-AL","@id":"https:\/\/vitanet.al\/sq\/#\/schema\/logo\/image\/","url":"https:\/\/vitanet.al\/wp-content\/uploads\/2022\/02\/Vitanet_Logo-scaled.webp","contentUrl":"https:\/\/vitanet.al\/wp-content\/uploads\/2022\/02\/Vitanet_Logo-scaled.webp","width":2560,"height":714,"caption":"VITANET ALBANIA"},"image":{"@id":"https:\/\/vitanet.al\/sq\/#\/schema\/logo\/image\/"}}]}},"_links":{"self":[{"href":"https:\/\/vitanet.al\/sq\/wp-json\/wp\/v2\/product\/7452","targetHints":{"allow":["GET"]}}],"collection":[{"href":"https:\/\/vitanet.al\/sq\/wp-json\/wp\/v2\/product"}],"about":[{"href":"https:\/\/vitanet.al\/sq\/wp-json\/wp\/v2\/types\/product"}],"version-history":[{"count":0,"href":"https:\/\/vitanet.al\/sq\/wp-json\/wp\/v2\/product\/7452\/revisions"}],"wp:featuredmedia":[{"embeddable":true,"href":"https:\/\/vitanet.al\/sq\/wp-json\/wp\/v2\/media\/7381"}],"wp:attachment":[{"href":"https:\/\/vitanet.al\/sq\/wp-json\/wp\/v2\/media?parent=7452"}],"wp:term":[{"taxonomy":"product_brand","embeddable":true,"href":"https:\/\/vitanet.al\/sq\/wp-json\/wp\/v2\/product_brand?post=7452"},{"taxonomy":"product_cat","embeddable":true,"href":"https:\/\/vitanet.al\/sq\/wp-json\/wp\/v2\/product_cat?post=7452"},{"taxonomy":"product_tag","embeddable":true,"href":"https:\/\/vitanet.al\/sq\/wp-json\/wp\/v2\/product_tag?post=7452"}],"curies":[{"name":"wp","href":"https:\/\/api.w.org\/{rel}","templated":true}]}}