{"id":7455,"date":"2026-02-07T19:58:26","date_gmt":"2026-02-07T19:58:26","guid":{"rendered":"https:\/\/vitanet.al\/product\/balsam-dimri-45ml\/"},"modified":"2026-02-07T19:58:26","modified_gmt":"2026-02-07T19:58:26","slug":"balsam-dimri-45ml","status":"publish","type":"product","link":"https:\/\/vitanet.al\/sq\/product\/balsam-dimri-45ml\/","title":{"rendered":"BALSAM DIMRI 45ML"},"content":{"rendered":"<p>P\u00ebr funksionimin normal t\u00eb sistemit imunitar. Me ekstrakt nga gjethet e<br \/>\nullirit ,Olea europea \u2013 Olivactive\u00ae (standartizuar n\u00eb 20 % oleuropein\u00eb burim<br \/>\nnatyral i acidit elanolik), zinkut dhe Vitamin\u00ebs D3, t\u00eb cilat s\u00eb<br \/>\nbashku kontribuojn\u00eb p\u00ebr fuksionimin normal t\u00eb sistemit imunitar.<br \/>\nP\u00ebrdorimi: 1 tablet\u00eb p\u00ebr q\u00ebllime parandaluese; 2\u20103 kapsula kur jan\u00eb<br \/>\nshfaqur simptomat Nuk p\u00ebrmban:sheqer, gluten, konservant\u00eb, laktoz\u00eb,<br \/>\ndhe arom\u00eb artificial.<\/p>\n","protected":false},"excerpt":{"rendered":"<p>P\u00ebr funksionimin normal t\u00eb sistemit imunitar. Me ekstrakt nga gjethet e ullirit ,Olea europea \u2013 Olivactive\u00ae (standartizuar n\u00eb 20 % oleuropein\u00eb burim natyral i acidit elanolik), zinkut dhe Vitamin\u00ebs D3, t\u00eb cilat s\u00eb bashku kontribuojn\u00eb p\u00ebr fuksionimin normal t\u00eb sistemit imunitar. P\u00ebrdorimi: 1 tablet\u00eb p\u00ebr q\u00ebllime parandaluese; 2\u20103 kapsula kur jan\u00eb shfaqur simptomat Nuk p\u00ebrmban:sheqer, [&hellip;]<\/p>\n","protected":false},"featured_media":7417,"template":"","meta":[],"product_brand":[],"product_cat":[119,120,122],"product_tag":[],"class_list":{"0":"post-7455","1":"product","2":"type-product","3":"status-publish","4":"has-post-thumbnail","6":"product_cat-markat-tona","7":"product_cat-power-health","8":"product_cat-suplemente-dhe-vitamina","10":"first","11":"instock","12":"shipping-taxable","13":"purchasable","14":"product-type-simple"},"yoast_head":"<!-- This site is optimized with the Yoast SEO plugin v27.5 - https:\/\/yoast.com\/product\/yoast-seo-wordpress\/ -->\n<title>BALSAM DIMRI 45ML - VITANET ALBANIA<\/title>\n<meta name=\"robots\" content=\"index, follow, max-snippet:-1, max-image-preview:large, max-video-preview:-1\" \/>\n<link rel=\"canonical\" href=\"https:\/\/vitanet.al\/sq\/product\/balsam-dimri-45ml\/\" \/>\n<meta property=\"og:locale\" content=\"sq_AL\" \/>\n<meta property=\"og:type\" content=\"article\" \/>\n<meta property=\"og:title\" content=\"BALSAM DIMRI 45ML - VITANET ALBANIA\" \/>\n<meta property=\"og:description\" content=\"P\u00ebr funksionimin normal t\u00eb sistemit imunitar. Me ekstrakt nga gjethet e ullirit ,Olea europea \u2013 Olivactive\u00ae (standartizuar n\u00eb 20 % oleuropein\u00eb burim natyral i acidit elanolik), zinkut dhe Vitamin\u00ebs D3, t\u00eb cilat s\u00eb bashku kontribuojn\u00eb p\u00ebr fuksionimin normal t\u00eb sistemit imunitar. P\u00ebrdorimi: 1 tablet\u00eb p\u00ebr q\u00ebllime parandaluese; 2\u20103 kapsula kur jan\u00eb shfaqur simptomat Nuk p\u00ebrmban:sheqer, [&hellip;]\" \/>\n<meta property=\"og:url\" content=\"https:\/\/vitanet.al\/sq\/product\/balsam-dimri-45ml\/\" \/>\n<meta property=\"og:site_name\" content=\"VITANET ALBANIA\" \/>\n<meta property=\"og:image\" content=\"https:\/\/vitanet.al\/wp-content\/uploads\/2026\/02\/5200321007251.png\" \/>\n\t<meta property=\"og:image:width\" content=\"250\" \/>\n\t<meta property=\"og:image:height\" content=\"196\" \/>\n\t<meta property=\"og:image:type\" content=\"image\/png\" \/>\n<meta name=\"twitter:card\" content=\"summary_large_image\" \/>\n<script type=\"application\/ld+json\" class=\"yoast-schema-graph\">{\"@context\":\"https:\\\/\\\/schema.org\",\"@graph\":[{\"@type\":\"WebPage\",\"@id\":\"https:\\\/\\\/vitanet.al\\\/sq\\\/product\\\/balsam-dimri-45ml\\\/\",\"url\":\"https:\\\/\\\/vitanet.al\\\/sq\\\/product\\\/balsam-dimri-45ml\\\/\",\"name\":\"BALSAM DIMRI 45ML - VITANET ALBANIA\",\"isPartOf\":{\"@id\":\"https:\\\/\\\/vitanet.al\\\/sq\\\/#website\"},\"primaryImageOfPage\":{\"@id\":\"https:\\\/\\\/vitanet.al\\\/sq\\\/product\\\/balsam-dimri-45ml\\\/#primaryimage\"},\"image\":{\"@id\":\"https:\\\/\\\/vitanet.al\\\/sq\\\/product\\\/balsam-dimri-45ml\\\/#primaryimage\"},\"thumbnailUrl\":\"https:\\\/\\\/vitanet.al\\\/wp-content\\\/uploads\\\/2026\\\/02\\\/5200321007251.png\",\"datePublished\":\"2026-02-07T19:58:26+00:00\",\"breadcrumb\":{\"@id\":\"https:\\\/\\\/vitanet.al\\\/sq\\\/product\\\/balsam-dimri-45ml\\\/#breadcrumb\"},\"inLanguage\":\"sq-AL\",\"potentialAction\":[{\"@type\":\"ReadAction\",\"target\":[\"https:\\\/\\\/vitanet.al\\\/sq\\\/product\\\/balsam-dimri-45ml\\\/\"]}]},{\"@type\":\"ImageObject\",\"inLanguage\":\"sq-AL\",\"@id\":\"https:\\\/\\\/vitanet.al\\\/sq\\\/product\\\/balsam-dimri-45ml\\\/#primaryimage\",\"url\":\"https:\\\/\\\/vitanet.al\\\/wp-content\\\/uploads\\\/2026\\\/02\\\/5200321007251.png\",\"contentUrl\":\"https:\\\/\\\/vitanet.al\\\/wp-content\\\/uploads\\\/2026\\\/02\\\/5200321007251.png\",\"width\":250,\"height\":196},{\"@type\":\"BreadcrumbList\",\"@id\":\"https:\\\/\\\/vitanet.al\\\/sq\\\/product\\\/balsam-dimri-45ml\\\/#breadcrumb\",\"itemListElement\":[{\"@type\":\"ListItem\",\"position\":1,\"name\":\"Home\",\"item\":\"https:\\\/\\\/vitanet.al\\\/sq\\\/\"},{\"@type\":\"ListItem\",\"position\":2,\"name\":\"Shop\",\"item\":\"https:\\\/\\\/vitanet.al\\\/sq\\\/shop\\\/\"},{\"@type\":\"ListItem\",\"position\":3,\"name\":\"BALSAM DIMRI 45ML\"}]},{\"@type\":\"WebSite\",\"@id\":\"https:\\\/\\\/vitanet.al\\\/sq\\\/#website\",\"url\":\"https:\\\/\\\/vitanet.al\\\/sq\\\/\",\"name\":\"VITANET ALBANIA\",\"description\":\"\",\"publisher\":{\"@id\":\"https:\\\/\\\/vitanet.al\\\/sq\\\/#organization\"},\"potentialAction\":[{\"@type\":\"SearchAction\",\"target\":{\"@type\":\"EntryPoint\",\"urlTemplate\":\"https:\\\/\\\/vitanet.al\\\/sq\\\/?s={search_term_string}\"},\"query-input\":{\"@type\":\"PropertyValueSpecification\",\"valueRequired\":true,\"valueName\":\"search_term_string\"}}],\"inLanguage\":\"sq-AL\"},{\"@type\":\"Organization\",\"@id\":\"https:\\\/\\\/vitanet.al\\\/sq\\\/#organization\",\"name\":\"VITANET ALBANIA\",\"url\":\"https:\\\/\\\/vitanet.al\\\/sq\\\/\",\"logo\":{\"@type\":\"ImageObject\",\"inLanguage\":\"sq-AL\",\"@id\":\"https:\\\/\\\/vitanet.al\\\/sq\\\/#\\\/schema\\\/logo\\\/image\\\/\",\"url\":\"https:\\\/\\\/vitanet.al\\\/wp-content\\\/uploads\\\/2022\\\/02\\\/Vitanet_Logo-scaled.webp\",\"contentUrl\":\"https:\\\/\\\/vitanet.al\\\/wp-content\\\/uploads\\\/2022\\\/02\\\/Vitanet_Logo-scaled.webp\",\"width\":2560,\"height\":714,\"caption\":\"VITANET ALBANIA\"},\"image\":{\"@id\":\"https:\\\/\\\/vitanet.al\\\/sq\\\/#\\\/schema\\\/logo\\\/image\\\/\"}}]}<\/script>\n<!-- \/ Yoast SEO plugin. -->","yoast_head_json":{"title":"BALSAM DIMRI 45ML - VITANET ALBANIA","robots":{"index":"index","follow":"follow","max-snippet":"max-snippet:-1","max-image-preview":"max-image-preview:large","max-video-preview":"max-video-preview:-1"},"canonical":"https:\/\/vitanet.al\/sq\/product\/balsam-dimri-45ml\/","og_locale":"sq_AL","og_type":"article","og_title":"BALSAM DIMRI 45ML - VITANET ALBANIA","og_description":"P\u00ebr funksionimin normal t\u00eb sistemit imunitar. Me ekstrakt nga gjethet e ullirit ,Olea europea \u2013 Olivactive\u00ae (standartizuar n\u00eb 20 % oleuropein\u00eb burim natyral i acidit elanolik), zinkut dhe Vitamin\u00ebs D3, t\u00eb cilat s\u00eb bashku kontribuojn\u00eb p\u00ebr fuksionimin normal t\u00eb sistemit imunitar. P\u00ebrdorimi: 1 tablet\u00eb p\u00ebr q\u00ebllime parandaluese; 2\u20103 kapsula kur jan\u00eb shfaqur simptomat Nuk p\u00ebrmban:sheqer, [&hellip;]","og_url":"https:\/\/vitanet.al\/sq\/product\/balsam-dimri-45ml\/","og_site_name":"VITANET ALBANIA","og_image":[{"width":250,"height":196,"url":"https:\/\/vitanet.al\/wp-content\/uploads\/2026\/02\/5200321007251.png","type":"image\/png"}],"twitter_card":"summary_large_image","schema":{"@context":"https:\/\/schema.org","@graph":[{"@type":"WebPage","@id":"https:\/\/vitanet.al\/sq\/product\/balsam-dimri-45ml\/","url":"https:\/\/vitanet.al\/sq\/product\/balsam-dimri-45ml\/","name":"BALSAM DIMRI 45ML - VITANET ALBANIA","isPartOf":{"@id":"https:\/\/vitanet.al\/sq\/#website"},"primaryImageOfPage":{"@id":"https:\/\/vitanet.al\/sq\/product\/balsam-dimri-45ml\/#primaryimage"},"image":{"@id":"https:\/\/vitanet.al\/sq\/product\/balsam-dimri-45ml\/#primaryimage"},"thumbnailUrl":"https:\/\/vitanet.al\/wp-content\/uploads\/2026\/02\/5200321007251.png","datePublished":"2026-02-07T19:58:26+00:00","breadcrumb":{"@id":"https:\/\/vitanet.al\/sq\/product\/balsam-dimri-45ml\/#breadcrumb"},"inLanguage":"sq-AL","potentialAction":[{"@type":"ReadAction","target":["https:\/\/vitanet.al\/sq\/product\/balsam-dimri-45ml\/"]}]},{"@type":"ImageObject","inLanguage":"sq-AL","@id":"https:\/\/vitanet.al\/sq\/product\/balsam-dimri-45ml\/#primaryimage","url":"https:\/\/vitanet.al\/wp-content\/uploads\/2026\/02\/5200321007251.png","contentUrl":"https:\/\/vitanet.al\/wp-content\/uploads\/2026\/02\/5200321007251.png","width":250,"height":196},{"@type":"BreadcrumbList","@id":"https:\/\/vitanet.al\/sq\/product\/balsam-dimri-45ml\/#breadcrumb","itemListElement":[{"@type":"ListItem","position":1,"name":"Home","item":"https:\/\/vitanet.al\/sq\/"},{"@type":"ListItem","position":2,"name":"Shop","item":"https:\/\/vitanet.al\/sq\/shop\/"},{"@type":"ListItem","position":3,"name":"BALSAM DIMRI 45ML"}]},{"@type":"WebSite","@id":"https:\/\/vitanet.al\/sq\/#website","url":"https:\/\/vitanet.al\/sq\/","name":"VITANET ALBANIA","description":"","publisher":{"@id":"https:\/\/vitanet.al\/sq\/#organization"},"potentialAction":[{"@type":"SearchAction","target":{"@type":"EntryPoint","urlTemplate":"https:\/\/vitanet.al\/sq\/?s={search_term_string}"},"query-input":{"@type":"PropertyValueSpecification","valueRequired":true,"valueName":"search_term_string"}}],"inLanguage":"sq-AL"},{"@type":"Organization","@id":"https:\/\/vitanet.al\/sq\/#organization","name":"VITANET ALBANIA","url":"https:\/\/vitanet.al\/sq\/","logo":{"@type":"ImageObject","inLanguage":"sq-AL","@id":"https:\/\/vitanet.al\/sq\/#\/schema\/logo\/image\/","url":"https:\/\/vitanet.al\/wp-content\/uploads\/2022\/02\/Vitanet_Logo-scaled.webp","contentUrl":"https:\/\/vitanet.al\/wp-content\/uploads\/2022\/02\/Vitanet_Logo-scaled.webp","width":2560,"height":714,"caption":"VITANET ALBANIA"},"image":{"@id":"https:\/\/vitanet.al\/sq\/#\/schema\/logo\/image\/"}}]}},"_links":{"self":[{"href":"https:\/\/vitanet.al\/sq\/wp-json\/wp\/v2\/product\/7455","targetHints":{"allow":["GET"]}}],"collection":[{"href":"https:\/\/vitanet.al\/sq\/wp-json\/wp\/v2\/product"}],"about":[{"href":"https:\/\/vitanet.al\/sq\/wp-json\/wp\/v2\/types\/product"}],"version-history":[{"count":0,"href":"https:\/\/vitanet.al\/sq\/wp-json\/wp\/v2\/product\/7455\/revisions"}],"wp:featuredmedia":[{"embeddable":true,"href":"https:\/\/vitanet.al\/sq\/wp-json\/wp\/v2\/media\/7417"}],"wp:attachment":[{"href":"https:\/\/vitanet.al\/sq\/wp-json\/wp\/v2\/media?parent=7455"}],"wp:term":[{"taxonomy":"product_brand","embeddable":true,"href":"https:\/\/vitanet.al\/sq\/wp-json\/wp\/v2\/product_brand?post=7455"},{"taxonomy":"product_cat","embeddable":true,"href":"https:\/\/vitanet.al\/sq\/wp-json\/wp\/v2\/product_cat?post=7455"},{"taxonomy":"product_tag","embeddable":true,"href":"https:\/\/vitanet.al\/sq\/wp-json\/wp\/v2\/product_tag?post=7455"}],"curies":[{"name":"wp","href":"https:\/\/api.w.org\/{rel}","templated":true}]}}