{"id":7458,"date":"2026-02-07T19:57:50","date_gmt":"2026-02-07T19:57:50","guid":{"rendered":"https:\/\/vitanet.al\/product\/platinum-livapure-classics-30-tableta\/"},"modified":"2026-02-07T19:57:50","modified_gmt":"2026-02-07T19:57:50","slug":"platinum-livapure-classics-30-tableta","status":"publish","type":"product","link":"https:\/\/vitanet.al\/sq\/product\/platinum-livapure-classics-30-tableta\/","title":{"rendered":"PLATINUM LIVAPURE CLASSICS 30 tableta"},"content":{"rendered":"<p>Suplement ushqimor me p\u00ebrmbajtje t\u00eb ekstraktit t\u00eb gj\u00ebmba\u00e7it (240 mg silimarin\u00eb), 150mg kolin\u00eb, 120mg kal\u00e7ium, 0.28mg vitamin\u00eb B6, 40mcg acid folik, 0.5mcg Vitamin\u00eb B12. Suplement q\u00eb ndihmon n\u00eb funksionimin fiziologjik t\u00eb m\u00ebl\u00e7is\u00eb dhe metabolizmin e lipideve. Sasia: 30 tableta Dozimi: 1 tablet\u00eb n\u00eb dit\u00eb pas ushqimit ose sipas rekomandimit t\u00eb mjekut.  <\/p>\n","protected":false},"excerpt":{"rendered":"<p>Suplement ushqimor me p\u00ebrmbajtje t\u00eb ekstraktit t\u00eb gj\u00ebmba\u00e7it (240 mg silimarin\u00eb), 150mg kolin\u00eb, 120mg kal\u00e7ium, 0.28mg vitamin\u00eb B6, 40mcg acid folik, 0.5mcg Vitamin\u00eb B12. Suplement q\u00eb ndihmon n\u00eb funksionimin fiziologjik t\u00eb m\u00ebl\u00e7is\u00eb dhe metabolizmin e lipideve. Sasia: 30 tableta Dozimi: 1 tablet\u00eb n\u00eb dit\u00eb pas ushqimit ose sipas rekomandimit t\u00eb mjekut.<\/p>\n","protected":false},"featured_media":8297,"template":"","meta":[],"product_brand":[],"product_cat":[119,120,122],"product_tag":[],"class_list":{"0":"post-7458","1":"product","2":"type-product","3":"status-publish","4":"has-post-thumbnail","6":"product_cat-markat-tona","7":"product_cat-power-health","8":"product_cat-suplemente-dhe-vitamina","10":"first","11":"instock","12":"shipping-taxable","13":"purchasable","14":"product-type-simple"},"yoast_head":"<!-- This site is optimized with the Yoast SEO plugin v27.5 - https:\/\/yoast.com\/product\/yoast-seo-wordpress\/ -->\n<title>PLATINUM LIVAPURE CLASSICS 30 tableta - VITANET ALBANIA<\/title>\n<meta name=\"robots\" content=\"index, follow, max-snippet:-1, max-image-preview:large, max-video-preview:-1\" \/>\n<link rel=\"canonical\" href=\"https:\/\/vitanet.al\/sq\/product\/platinum-livapure-classics-30-tableta\/\" \/>\n<meta property=\"og:locale\" content=\"sq_AL\" \/>\n<meta property=\"og:type\" content=\"article\" \/>\n<meta property=\"og:title\" content=\"PLATINUM LIVAPURE CLASSICS 30 tableta - VITANET ALBANIA\" \/>\n<meta property=\"og:description\" content=\"Suplement ushqimor me p\u00ebrmbajtje t\u00eb ekstraktit t\u00eb gj\u00ebmba\u00e7it (240 mg silimarin\u00eb), 150mg kolin\u00eb, 120mg kal\u00e7ium, 0.28mg vitamin\u00eb B6, 40mcg acid folik, 0.5mcg Vitamin\u00eb B12. Suplement q\u00eb ndihmon n\u00eb funksionimin fiziologjik t\u00eb m\u00ebl\u00e7is\u00eb dhe metabolizmin e lipideve. Sasia: 30 tableta Dozimi: 1 tablet\u00eb n\u00eb dit\u00eb pas ushqimit ose sipas rekomandimit t\u00eb mjekut.\" \/>\n<meta property=\"og:url\" content=\"https:\/\/vitanet.al\/sq\/product\/platinum-livapure-classics-30-tableta\/\" \/>\n<meta property=\"og:site_name\" content=\"VITANET ALBANIA\" \/>\n<meta property=\"og:image\" content=\"https:\/\/vitanet.al\/wp-content\/uploads\/2026\/02\/Livapure.png\" \/>\n\t<meta property=\"og:image:width\" content=\"500\" \/>\n\t<meta property=\"og:image:height\" content=\"500\" \/>\n\t<meta property=\"og:image:type\" content=\"image\/png\" \/>\n<meta name=\"twitter:card\" content=\"summary_large_image\" \/>\n<script type=\"application\/ld+json\" class=\"yoast-schema-graph\">{\"@context\":\"https:\\\/\\\/schema.org\",\"@graph\":[{\"@type\":\"WebPage\",\"@id\":\"https:\\\/\\\/vitanet.al\\\/sq\\\/product\\\/platinum-livapure-classics-30-tableta\\\/\",\"url\":\"https:\\\/\\\/vitanet.al\\\/sq\\\/product\\\/platinum-livapure-classics-30-tableta\\\/\",\"name\":\"PLATINUM LIVAPURE CLASSICS 30 tableta - VITANET ALBANIA\",\"isPartOf\":{\"@id\":\"https:\\\/\\\/vitanet.al\\\/sq\\\/#website\"},\"primaryImageOfPage\":{\"@id\":\"https:\\\/\\\/vitanet.al\\\/sq\\\/product\\\/platinum-livapure-classics-30-tableta\\\/#primaryimage\"},\"image\":{\"@id\":\"https:\\\/\\\/vitanet.al\\\/sq\\\/product\\\/platinum-livapure-classics-30-tableta\\\/#primaryimage\"},\"thumbnailUrl\":\"https:\\\/\\\/vitanet.al\\\/wp-content\\\/uploads\\\/2026\\\/02\\\/Livapure.png\",\"datePublished\":\"2026-02-07T19:57:50+00:00\",\"breadcrumb\":{\"@id\":\"https:\\\/\\\/vitanet.al\\\/sq\\\/product\\\/platinum-livapure-classics-30-tableta\\\/#breadcrumb\"},\"inLanguage\":\"sq-AL\",\"potentialAction\":[{\"@type\":\"ReadAction\",\"target\":[\"https:\\\/\\\/vitanet.al\\\/sq\\\/product\\\/platinum-livapure-classics-30-tableta\\\/\"]}]},{\"@type\":\"ImageObject\",\"inLanguage\":\"sq-AL\",\"@id\":\"https:\\\/\\\/vitanet.al\\\/sq\\\/product\\\/platinum-livapure-classics-30-tableta\\\/#primaryimage\",\"url\":\"https:\\\/\\\/vitanet.al\\\/wp-content\\\/uploads\\\/2026\\\/02\\\/Livapure.png\",\"contentUrl\":\"https:\\\/\\\/vitanet.al\\\/wp-content\\\/uploads\\\/2026\\\/02\\\/Livapure.png\",\"width\":500,\"height\":500},{\"@type\":\"BreadcrumbList\",\"@id\":\"https:\\\/\\\/vitanet.al\\\/sq\\\/product\\\/platinum-livapure-classics-30-tableta\\\/#breadcrumb\",\"itemListElement\":[{\"@type\":\"ListItem\",\"position\":1,\"name\":\"Home\",\"item\":\"https:\\\/\\\/vitanet.al\\\/sq\\\/\"},{\"@type\":\"ListItem\",\"position\":2,\"name\":\"Shop\",\"item\":\"https:\\\/\\\/vitanet.al\\\/sq\\\/shop\\\/\"},{\"@type\":\"ListItem\",\"position\":3,\"name\":\"PLATINUM LIVAPURE CLASSICS 30 tableta\"}]},{\"@type\":\"WebSite\",\"@id\":\"https:\\\/\\\/vitanet.al\\\/sq\\\/#website\",\"url\":\"https:\\\/\\\/vitanet.al\\\/sq\\\/\",\"name\":\"VITANET ALBANIA\",\"description\":\"\",\"publisher\":{\"@id\":\"https:\\\/\\\/vitanet.al\\\/sq\\\/#organization\"},\"potentialAction\":[{\"@type\":\"SearchAction\",\"target\":{\"@type\":\"EntryPoint\",\"urlTemplate\":\"https:\\\/\\\/vitanet.al\\\/sq\\\/?s={search_term_string}\"},\"query-input\":{\"@type\":\"PropertyValueSpecification\",\"valueRequired\":true,\"valueName\":\"search_term_string\"}}],\"inLanguage\":\"sq-AL\"},{\"@type\":\"Organization\",\"@id\":\"https:\\\/\\\/vitanet.al\\\/sq\\\/#organization\",\"name\":\"VITANET ALBANIA\",\"url\":\"https:\\\/\\\/vitanet.al\\\/sq\\\/\",\"logo\":{\"@type\":\"ImageObject\",\"inLanguage\":\"sq-AL\",\"@id\":\"https:\\\/\\\/vitanet.al\\\/sq\\\/#\\\/schema\\\/logo\\\/image\\\/\",\"url\":\"https:\\\/\\\/vitanet.al\\\/wp-content\\\/uploads\\\/2022\\\/02\\\/Vitanet_Logo-scaled.webp\",\"contentUrl\":\"https:\\\/\\\/vitanet.al\\\/wp-content\\\/uploads\\\/2022\\\/02\\\/Vitanet_Logo-scaled.webp\",\"width\":2560,\"height\":714,\"caption\":\"VITANET ALBANIA\"},\"image\":{\"@id\":\"https:\\\/\\\/vitanet.al\\\/sq\\\/#\\\/schema\\\/logo\\\/image\\\/\"}}]}<\/script>\n<!-- \/ Yoast SEO plugin. -->","yoast_head_json":{"title":"PLATINUM LIVAPURE CLASSICS 30 tableta - VITANET ALBANIA","robots":{"index":"index","follow":"follow","max-snippet":"max-snippet:-1","max-image-preview":"max-image-preview:large","max-video-preview":"max-video-preview:-1"},"canonical":"https:\/\/vitanet.al\/sq\/product\/platinum-livapure-classics-30-tableta\/","og_locale":"sq_AL","og_type":"article","og_title":"PLATINUM LIVAPURE CLASSICS 30 tableta - VITANET ALBANIA","og_description":"Suplement ushqimor me p\u00ebrmbajtje t\u00eb ekstraktit t\u00eb gj\u00ebmba\u00e7it (240 mg silimarin\u00eb), 150mg kolin\u00eb, 120mg kal\u00e7ium, 0.28mg vitamin\u00eb B6, 40mcg acid folik, 0.5mcg Vitamin\u00eb B12. Suplement q\u00eb ndihmon n\u00eb funksionimin fiziologjik t\u00eb m\u00ebl\u00e7is\u00eb dhe metabolizmin e lipideve. Sasia: 30 tableta Dozimi: 1 tablet\u00eb n\u00eb dit\u00eb pas ushqimit ose sipas rekomandimit t\u00eb mjekut.","og_url":"https:\/\/vitanet.al\/sq\/product\/platinum-livapure-classics-30-tableta\/","og_site_name":"VITANET ALBANIA","og_image":[{"width":500,"height":500,"url":"https:\/\/vitanet.al\/wp-content\/uploads\/2026\/02\/Livapure.png","type":"image\/png"}],"twitter_card":"summary_large_image","schema":{"@context":"https:\/\/schema.org","@graph":[{"@type":"WebPage","@id":"https:\/\/vitanet.al\/sq\/product\/platinum-livapure-classics-30-tableta\/","url":"https:\/\/vitanet.al\/sq\/product\/platinum-livapure-classics-30-tableta\/","name":"PLATINUM LIVAPURE CLASSICS 30 tableta - VITANET ALBANIA","isPartOf":{"@id":"https:\/\/vitanet.al\/sq\/#website"},"primaryImageOfPage":{"@id":"https:\/\/vitanet.al\/sq\/product\/platinum-livapure-classics-30-tableta\/#primaryimage"},"image":{"@id":"https:\/\/vitanet.al\/sq\/product\/platinum-livapure-classics-30-tableta\/#primaryimage"},"thumbnailUrl":"https:\/\/vitanet.al\/wp-content\/uploads\/2026\/02\/Livapure.png","datePublished":"2026-02-07T19:57:50+00:00","breadcrumb":{"@id":"https:\/\/vitanet.al\/sq\/product\/platinum-livapure-classics-30-tableta\/#breadcrumb"},"inLanguage":"sq-AL","potentialAction":[{"@type":"ReadAction","target":["https:\/\/vitanet.al\/sq\/product\/platinum-livapure-classics-30-tableta\/"]}]},{"@type":"ImageObject","inLanguage":"sq-AL","@id":"https:\/\/vitanet.al\/sq\/product\/platinum-livapure-classics-30-tableta\/#primaryimage","url":"https:\/\/vitanet.al\/wp-content\/uploads\/2026\/02\/Livapure.png","contentUrl":"https:\/\/vitanet.al\/wp-content\/uploads\/2026\/02\/Livapure.png","width":500,"height":500},{"@type":"BreadcrumbList","@id":"https:\/\/vitanet.al\/sq\/product\/platinum-livapure-classics-30-tableta\/#breadcrumb","itemListElement":[{"@type":"ListItem","position":1,"name":"Home","item":"https:\/\/vitanet.al\/sq\/"},{"@type":"ListItem","position":2,"name":"Shop","item":"https:\/\/vitanet.al\/sq\/shop\/"},{"@type":"ListItem","position":3,"name":"PLATINUM LIVAPURE CLASSICS 30 tableta"}]},{"@type":"WebSite","@id":"https:\/\/vitanet.al\/sq\/#website","url":"https:\/\/vitanet.al\/sq\/","name":"VITANET ALBANIA","description":"","publisher":{"@id":"https:\/\/vitanet.al\/sq\/#organization"},"potentialAction":[{"@type":"SearchAction","target":{"@type":"EntryPoint","urlTemplate":"https:\/\/vitanet.al\/sq\/?s={search_term_string}"},"query-input":{"@type":"PropertyValueSpecification","valueRequired":true,"valueName":"search_term_string"}}],"inLanguage":"sq-AL"},{"@type":"Organization","@id":"https:\/\/vitanet.al\/sq\/#organization","name":"VITANET ALBANIA","url":"https:\/\/vitanet.al\/sq\/","logo":{"@type":"ImageObject","inLanguage":"sq-AL","@id":"https:\/\/vitanet.al\/sq\/#\/schema\/logo\/image\/","url":"https:\/\/vitanet.al\/wp-content\/uploads\/2022\/02\/Vitanet_Logo-scaled.webp","contentUrl":"https:\/\/vitanet.al\/wp-content\/uploads\/2022\/02\/Vitanet_Logo-scaled.webp","width":2560,"height":714,"caption":"VITANET ALBANIA"},"image":{"@id":"https:\/\/vitanet.al\/sq\/#\/schema\/logo\/image\/"}}]}},"_links":{"self":[{"href":"https:\/\/vitanet.al\/sq\/wp-json\/wp\/v2\/product\/7458","targetHints":{"allow":["GET"]}}],"collection":[{"href":"https:\/\/vitanet.al\/sq\/wp-json\/wp\/v2\/product"}],"about":[{"href":"https:\/\/vitanet.al\/sq\/wp-json\/wp\/v2\/types\/product"}],"version-history":[{"count":0,"href":"https:\/\/vitanet.al\/sq\/wp-json\/wp\/v2\/product\/7458\/revisions"}],"wp:featuredmedia":[{"embeddable":true,"href":"https:\/\/vitanet.al\/sq\/wp-json\/wp\/v2\/media\/8297"}],"wp:attachment":[{"href":"https:\/\/vitanet.al\/sq\/wp-json\/wp\/v2\/media?parent=7458"}],"wp:term":[{"taxonomy":"product_brand","embeddable":true,"href":"https:\/\/vitanet.al\/sq\/wp-json\/wp\/v2\/product_brand?post=7458"},{"taxonomy":"product_cat","embeddable":true,"href":"https:\/\/vitanet.al\/sq\/wp-json\/wp\/v2\/product_cat?post=7458"},{"taxonomy":"product_tag","embeddable":true,"href":"https:\/\/vitanet.al\/sq\/wp-json\/wp\/v2\/product_tag?post=7458"}],"curies":[{"name":"wp","href":"https:\/\/api.w.org\/{rel}","templated":true}]}}