{"id":7459,"date":"2026-02-07T19:58:24","date_gmt":"2026-02-07T19:58:24","guid":{"rendered":"https:\/\/vitanet.al\/product\/hydrolytes-20s-vitamina-c-500-mg-x-20\/"},"modified":"2026-02-07T19:58:24","modified_gmt":"2026-02-07T19:58:24","slug":"hydrolytes-20s-vitamina-c-500-mg-x-20","status":"publish","type":"product","link":"https:\/\/vitanet.al\/sq\/product\/hydrolytes-20s-vitamina-c-500-mg-x-20\/","title":{"rendered":"HYDROLYTES 20s + VITAMINA C 500 MG X 20"},"content":{"rendered":"<p>1. Suplemente me p\u00ebrmbajtje elektrolit\u00ebsh. Udh\u00ebzime p\u00ebr p\u00ebrdorimin: 1 deri n\u00eb 2 tableta n\u00eb dit\u00eb t\u00eb tretura n\u00eb nj\u00eb got\u00eb uj\u00eb, para ushqimit, si nj\u00eb suplement ushqimor. Nuk p\u00ebrmban: gluten, laktoz\u00eb dhe konservant\u00eb. 2. N\u00eb paketim me Vitamin\u00ebn C 500 mg, Suplement ushqimor me sasi 500 mg t\u00eb vitamin\u00ebs C. Vitamina C \u00ebsht\u00eb nj\u00eb antioksidant natyral q\u00eb forcon sistemin imunitar, kontribuon n\u00eb sintez\u00ebn e kolagjenit, p\u00ebrb\u00ebr\u00ebs i r\u00ebnd\u00ebsish\u00ebm i l\u00ebkur\u00ebs, gingivave, indit lidhor, kockave dhe en\u00ebve t\u00eb gjakut. P\u00ebrb\u00ebr\u00ebsit: Acid askorbik, acid citrik, sodium hidrogjen karbonat, sorbitol, inulin\u00eb, shije portokalli, pluhur nga rr\u00ebnj\u00ebt e panxharit, glikozide steviol, acesulfam K, betakaroten. P\u00ebrdorimi: T\u00eb rriturit marrin 1 tablet\u00eb n\u00eb dit\u00eb t\u00eb tretur n\u00eb nj\u00eb got\u00eb uji, para ushqimit, si suplement ushqimor. Nuk p\u00ebrmban: sheqer, laktoz\u00eb, gluten, konservant\u00eb dhe ngjyrues artificial.    <\/p>\n","protected":false},"excerpt":{"rendered":"<p>1. Suplemente me p\u00ebrmbajtje elektrolit\u00ebsh. Udh\u00ebzime p\u00ebr p\u00ebrdorimin: 1 deri n\u00eb 2 tableta n\u00eb dit\u00eb t\u00eb tretura n\u00eb nj\u00eb got\u00eb uj\u00eb, para ushqimit, si nj\u00eb suplement ushqimor. Nuk p\u00ebrmban: gluten, laktoz\u00eb dhe konservant\u00eb. 2. N\u00eb paketim me Vitamin\u00ebn C 500 mg, Suplement ushqimor me sasi 500 mg t\u00eb vitamin\u00ebs C. Vitamina C \u00ebsht\u00eb nj\u00eb antioksidant [&hellip;]<\/p>\n","protected":false},"featured_media":7393,"template":"","meta":[],"product_brand":[],"product_cat":[119,120,122],"product_tag":[],"class_list":{"0":"post-7459","1":"product","2":"type-product","3":"status-publish","4":"has-post-thumbnail","6":"product_cat-markat-tona","7":"product_cat-power-health","8":"product_cat-suplemente-dhe-vitamina","10":"first","11":"instock","12":"shipping-taxable","13":"purchasable","14":"product-type-simple"},"yoast_head":"<!-- This site is optimized with the Yoast SEO plugin v27.5 - https:\/\/yoast.com\/product\/yoast-seo-wordpress\/ -->\n<title>HYDROLYTES 20s + VITAMINA C 500 MG X 20 - VITANET ALBANIA<\/title>\n<meta name=\"robots\" content=\"index, follow, max-snippet:-1, max-image-preview:large, max-video-preview:-1\" \/>\n<link rel=\"canonical\" href=\"https:\/\/vitanet.al\/sq\/product\/hydrolytes-20s-vitamina-c-500-mg-x-20\/\" \/>\n<meta property=\"og:locale\" content=\"sq_AL\" \/>\n<meta property=\"og:type\" content=\"article\" \/>\n<meta property=\"og:title\" content=\"HYDROLYTES 20s + VITAMINA C 500 MG X 20 - VITANET ALBANIA\" \/>\n<meta property=\"og:description\" content=\"1. Suplemente me p\u00ebrmbajtje elektrolit\u00ebsh. Udh\u00ebzime p\u00ebr p\u00ebrdorimin: 1 deri n\u00eb 2 tableta n\u00eb dit\u00eb t\u00eb tretura n\u00eb nj\u00eb got\u00eb uj\u00eb, para ushqimit, si nj\u00eb suplement ushqimor. Nuk p\u00ebrmban: gluten, laktoz\u00eb dhe konservant\u00eb. 2. N\u00eb paketim me Vitamin\u00ebn C 500 mg, Suplement ushqimor me sasi 500 mg t\u00eb vitamin\u00ebs C. Vitamina C \u00ebsht\u00eb nj\u00eb antioksidant [&hellip;]\" \/>\n<meta property=\"og:url\" content=\"https:\/\/vitanet.al\/sq\/product\/hydrolytes-20s-vitamina-c-500-mg-x-20\/\" \/>\n<meta property=\"og:site_name\" content=\"VITANET ALBANIA\" \/>\n<meta property=\"og:image\" content=\"https:\/\/vitanet.al\/wp-content\/uploads\/2026\/02\/5200321011128.png\" \/>\n\t<meta property=\"og:image:width\" content=\"203\" \/>\n\t<meta property=\"og:image:height\" content=\"284\" \/>\n\t<meta property=\"og:image:type\" content=\"image\/png\" \/>\n<meta name=\"twitter:card\" content=\"summary_large_image\" \/>\n<meta name=\"twitter:label1\" content=\"Est. reading time\" \/>\n\t<meta name=\"twitter:data1\" content=\"1 minute\" \/>\n<script type=\"application\/ld+json\" class=\"yoast-schema-graph\">{\"@context\":\"https:\\\/\\\/schema.org\",\"@graph\":[{\"@type\":\"WebPage\",\"@id\":\"https:\\\/\\\/vitanet.al\\\/sq\\\/product\\\/hydrolytes-20s-vitamina-c-500-mg-x-20\\\/\",\"url\":\"https:\\\/\\\/vitanet.al\\\/sq\\\/product\\\/hydrolytes-20s-vitamina-c-500-mg-x-20\\\/\",\"name\":\"HYDROLYTES 20s + VITAMINA C 500 MG X 20 - VITANET ALBANIA\",\"isPartOf\":{\"@id\":\"https:\\\/\\\/vitanet.al\\\/sq\\\/#website\"},\"primaryImageOfPage\":{\"@id\":\"https:\\\/\\\/vitanet.al\\\/sq\\\/product\\\/hydrolytes-20s-vitamina-c-500-mg-x-20\\\/#primaryimage\"},\"image\":{\"@id\":\"https:\\\/\\\/vitanet.al\\\/sq\\\/product\\\/hydrolytes-20s-vitamina-c-500-mg-x-20\\\/#primaryimage\"},\"thumbnailUrl\":\"https:\\\/\\\/vitanet.al\\\/wp-content\\\/uploads\\\/2026\\\/02\\\/5200321011128.png\",\"datePublished\":\"2026-02-07T19:58:24+00:00\",\"breadcrumb\":{\"@id\":\"https:\\\/\\\/vitanet.al\\\/sq\\\/product\\\/hydrolytes-20s-vitamina-c-500-mg-x-20\\\/#breadcrumb\"},\"inLanguage\":\"sq-AL\",\"potentialAction\":[{\"@type\":\"ReadAction\",\"target\":[\"https:\\\/\\\/vitanet.al\\\/sq\\\/product\\\/hydrolytes-20s-vitamina-c-500-mg-x-20\\\/\"]}]},{\"@type\":\"ImageObject\",\"inLanguage\":\"sq-AL\",\"@id\":\"https:\\\/\\\/vitanet.al\\\/sq\\\/product\\\/hydrolytes-20s-vitamina-c-500-mg-x-20\\\/#primaryimage\",\"url\":\"https:\\\/\\\/vitanet.al\\\/wp-content\\\/uploads\\\/2026\\\/02\\\/5200321011128.png\",\"contentUrl\":\"https:\\\/\\\/vitanet.al\\\/wp-content\\\/uploads\\\/2026\\\/02\\\/5200321011128.png\",\"width\":203,\"height\":284},{\"@type\":\"BreadcrumbList\",\"@id\":\"https:\\\/\\\/vitanet.al\\\/sq\\\/product\\\/hydrolytes-20s-vitamina-c-500-mg-x-20\\\/#breadcrumb\",\"itemListElement\":[{\"@type\":\"ListItem\",\"position\":1,\"name\":\"Home\",\"item\":\"https:\\\/\\\/vitanet.al\\\/sq\\\/\"},{\"@type\":\"ListItem\",\"position\":2,\"name\":\"Shop\",\"item\":\"https:\\\/\\\/vitanet.al\\\/sq\\\/shop\\\/\"},{\"@type\":\"ListItem\",\"position\":3,\"name\":\"HYDROLYTES 20s + VITAMINA C 500 MG X 20\"}]},{\"@type\":\"WebSite\",\"@id\":\"https:\\\/\\\/vitanet.al\\\/sq\\\/#website\",\"url\":\"https:\\\/\\\/vitanet.al\\\/sq\\\/\",\"name\":\"VITANET ALBANIA\",\"description\":\"\",\"publisher\":{\"@id\":\"https:\\\/\\\/vitanet.al\\\/sq\\\/#organization\"},\"potentialAction\":[{\"@type\":\"SearchAction\",\"target\":{\"@type\":\"EntryPoint\",\"urlTemplate\":\"https:\\\/\\\/vitanet.al\\\/sq\\\/?s={search_term_string}\"},\"query-input\":{\"@type\":\"PropertyValueSpecification\",\"valueRequired\":true,\"valueName\":\"search_term_string\"}}],\"inLanguage\":\"sq-AL\"},{\"@type\":\"Organization\",\"@id\":\"https:\\\/\\\/vitanet.al\\\/sq\\\/#organization\",\"name\":\"VITANET ALBANIA\",\"url\":\"https:\\\/\\\/vitanet.al\\\/sq\\\/\",\"logo\":{\"@type\":\"ImageObject\",\"inLanguage\":\"sq-AL\",\"@id\":\"https:\\\/\\\/vitanet.al\\\/sq\\\/#\\\/schema\\\/logo\\\/image\\\/\",\"url\":\"https:\\\/\\\/vitanet.al\\\/wp-content\\\/uploads\\\/2022\\\/02\\\/Vitanet_Logo-scaled.webp\",\"contentUrl\":\"https:\\\/\\\/vitanet.al\\\/wp-content\\\/uploads\\\/2022\\\/02\\\/Vitanet_Logo-scaled.webp\",\"width\":2560,\"height\":714,\"caption\":\"VITANET ALBANIA\"},\"image\":{\"@id\":\"https:\\\/\\\/vitanet.al\\\/sq\\\/#\\\/schema\\\/logo\\\/image\\\/\"}}]}<\/script>\n<!-- \/ Yoast SEO plugin. -->","yoast_head_json":{"title":"HYDROLYTES 20s + VITAMINA C 500 MG X 20 - VITANET ALBANIA","robots":{"index":"index","follow":"follow","max-snippet":"max-snippet:-1","max-image-preview":"max-image-preview:large","max-video-preview":"max-video-preview:-1"},"canonical":"https:\/\/vitanet.al\/sq\/product\/hydrolytes-20s-vitamina-c-500-mg-x-20\/","og_locale":"sq_AL","og_type":"article","og_title":"HYDROLYTES 20s + VITAMINA C 500 MG X 20 - VITANET ALBANIA","og_description":"1. Suplemente me p\u00ebrmbajtje elektrolit\u00ebsh. Udh\u00ebzime p\u00ebr p\u00ebrdorimin: 1 deri n\u00eb 2 tableta n\u00eb dit\u00eb t\u00eb tretura n\u00eb nj\u00eb got\u00eb uj\u00eb, para ushqimit, si nj\u00eb suplement ushqimor. Nuk p\u00ebrmban: gluten, laktoz\u00eb dhe konservant\u00eb. 2. N\u00eb paketim me Vitamin\u00ebn C 500 mg, Suplement ushqimor me sasi 500 mg t\u00eb vitamin\u00ebs C. Vitamina C \u00ebsht\u00eb nj\u00eb antioksidant [&hellip;]","og_url":"https:\/\/vitanet.al\/sq\/product\/hydrolytes-20s-vitamina-c-500-mg-x-20\/","og_site_name":"VITANET ALBANIA","og_image":[{"width":203,"height":284,"url":"https:\/\/vitanet.al\/wp-content\/uploads\/2026\/02\/5200321011128.png","type":"image\/png"}],"twitter_card":"summary_large_image","twitter_misc":{"Est. reading time":"1 minute"},"schema":{"@context":"https:\/\/schema.org","@graph":[{"@type":"WebPage","@id":"https:\/\/vitanet.al\/sq\/product\/hydrolytes-20s-vitamina-c-500-mg-x-20\/","url":"https:\/\/vitanet.al\/sq\/product\/hydrolytes-20s-vitamina-c-500-mg-x-20\/","name":"HYDROLYTES 20s + VITAMINA C 500 MG X 20 - VITANET ALBANIA","isPartOf":{"@id":"https:\/\/vitanet.al\/sq\/#website"},"primaryImageOfPage":{"@id":"https:\/\/vitanet.al\/sq\/product\/hydrolytes-20s-vitamina-c-500-mg-x-20\/#primaryimage"},"image":{"@id":"https:\/\/vitanet.al\/sq\/product\/hydrolytes-20s-vitamina-c-500-mg-x-20\/#primaryimage"},"thumbnailUrl":"https:\/\/vitanet.al\/wp-content\/uploads\/2026\/02\/5200321011128.png","datePublished":"2026-02-07T19:58:24+00:00","breadcrumb":{"@id":"https:\/\/vitanet.al\/sq\/product\/hydrolytes-20s-vitamina-c-500-mg-x-20\/#breadcrumb"},"inLanguage":"sq-AL","potentialAction":[{"@type":"ReadAction","target":["https:\/\/vitanet.al\/sq\/product\/hydrolytes-20s-vitamina-c-500-mg-x-20\/"]}]},{"@type":"ImageObject","inLanguage":"sq-AL","@id":"https:\/\/vitanet.al\/sq\/product\/hydrolytes-20s-vitamina-c-500-mg-x-20\/#primaryimage","url":"https:\/\/vitanet.al\/wp-content\/uploads\/2026\/02\/5200321011128.png","contentUrl":"https:\/\/vitanet.al\/wp-content\/uploads\/2026\/02\/5200321011128.png","width":203,"height":284},{"@type":"BreadcrumbList","@id":"https:\/\/vitanet.al\/sq\/product\/hydrolytes-20s-vitamina-c-500-mg-x-20\/#breadcrumb","itemListElement":[{"@type":"ListItem","position":1,"name":"Home","item":"https:\/\/vitanet.al\/sq\/"},{"@type":"ListItem","position":2,"name":"Shop","item":"https:\/\/vitanet.al\/sq\/shop\/"},{"@type":"ListItem","position":3,"name":"HYDROLYTES 20s + VITAMINA C 500 MG X 20"}]},{"@type":"WebSite","@id":"https:\/\/vitanet.al\/sq\/#website","url":"https:\/\/vitanet.al\/sq\/","name":"VITANET ALBANIA","description":"","publisher":{"@id":"https:\/\/vitanet.al\/sq\/#organization"},"potentialAction":[{"@type":"SearchAction","target":{"@type":"EntryPoint","urlTemplate":"https:\/\/vitanet.al\/sq\/?s={search_term_string}"},"query-input":{"@type":"PropertyValueSpecification","valueRequired":true,"valueName":"search_term_string"}}],"inLanguage":"sq-AL"},{"@type":"Organization","@id":"https:\/\/vitanet.al\/sq\/#organization","name":"VITANET ALBANIA","url":"https:\/\/vitanet.al\/sq\/","logo":{"@type":"ImageObject","inLanguage":"sq-AL","@id":"https:\/\/vitanet.al\/sq\/#\/schema\/logo\/image\/","url":"https:\/\/vitanet.al\/wp-content\/uploads\/2022\/02\/Vitanet_Logo-scaled.webp","contentUrl":"https:\/\/vitanet.al\/wp-content\/uploads\/2022\/02\/Vitanet_Logo-scaled.webp","width":2560,"height":714,"caption":"VITANET ALBANIA"},"image":{"@id":"https:\/\/vitanet.al\/sq\/#\/schema\/logo\/image\/"}}]}},"_links":{"self":[{"href":"https:\/\/vitanet.al\/sq\/wp-json\/wp\/v2\/product\/7459","targetHints":{"allow":["GET"]}}],"collection":[{"href":"https:\/\/vitanet.al\/sq\/wp-json\/wp\/v2\/product"}],"about":[{"href":"https:\/\/vitanet.al\/sq\/wp-json\/wp\/v2\/types\/product"}],"version-history":[{"count":0,"href":"https:\/\/vitanet.al\/sq\/wp-json\/wp\/v2\/product\/7459\/revisions"}],"wp:featuredmedia":[{"embeddable":true,"href":"https:\/\/vitanet.al\/sq\/wp-json\/wp\/v2\/media\/7393"}],"wp:attachment":[{"href":"https:\/\/vitanet.al\/sq\/wp-json\/wp\/v2\/media?parent=7459"}],"wp:term":[{"taxonomy":"product_brand","embeddable":true,"href":"https:\/\/vitanet.al\/sq\/wp-json\/wp\/v2\/product_brand?post=7459"},{"taxonomy":"product_cat","embeddable":true,"href":"https:\/\/vitanet.al\/sq\/wp-json\/wp\/v2\/product_cat?post=7459"},{"taxonomy":"product_tag","embeddable":true,"href":"https:\/\/vitanet.al\/sq\/wp-json\/wp\/v2\/product_tag?post=7459"}],"curies":[{"name":"wp","href":"https:\/\/api.w.org\/{rel}","templated":true}]}}