{"id":7460,"date":"2026-02-07T19:58:14","date_gmt":"2026-02-07T19:58:14","guid":{"rendered":"https:\/\/vitanet.al\/product\/magnesium-direct-sticks-x-30\/"},"modified":"2026-03-18T15:54:25","modified_gmt":"2026-03-18T15:54:25","slug":"magnesium-direct-sticks-x-30","status":"publish","type":"product","link":"https:\/\/vitanet.al\/sq\/product\/magnesium-direct-sticks-x-30\/","title":{"rendered":"MAGNESIUM DIRECT STICKS X 30"},"content":{"rendered":"<p>MAGNESIUM DIRECT (350 mg) GRANULA Q\u00cb TRETEN N\u00cb GOJ\u00cb<br \/>\nSuplement ushqimor me magnez dhe vitamin\u00eb B6, t\u00eb cil\u00ebt kontribuojn\u00eb n\u00eb metabolizmin e energjis\u00eb dhe funksionimin e sistemit nervor. Magnezi ndihmon n\u00eb pak\u00ebsimin e lodhjes, ekuilibrin elektrolitik, si dhe n\u00eb funksionimin normal muskular e psikologjik. Vitamina B6 ndikon n\u00eb metabolizmin e proteinave e glikogjenit dhe n\u00eb rregullimin e aktivitetit hormonal.<br \/>\nP\u00ebrmban: 350 mg magnez (150 mg citrat magnezi dhe 200 mg oksid magnezi) dhe 2 mg vitamin\u00eb B6.<br \/>\nP\u00ebrdorimi: T\u00eb rriturit: Nj\u00eb bustin\u00eb n\u00eb dit\u00eb, hidhe direkt n\u00eb goj\u00eb, pa pasur nevoj\u00eb p\u00ebr uj\u00eb. Pa gluten, laktoz\u00eb, konservues apo ngjyrues artificial\u00eb. Me \u00ebmb\u00eblsues. I p\u00ebrshtatsh\u00ebm p\u00ebr vegan\u00ebt. Shije e k\u00ebndshme. Paketimi: 30 bustina.  <\/p>\n","protected":false},"excerpt":{"rendered":"<p>MAGNESIUM DIRECT (350 mg) GRANULA Q\u00cb TRETEN N\u00cb GOJ\u00cb Suplement ushqimor me magnez dhe vitamin\u00eb B6, t\u00eb cil\u00ebt kontribuojn\u00eb n\u00eb metabolizmin e energjis\u00eb dhe funksionimin e sistemit nervor. Magnezi ndihmon n\u00eb pak\u00ebsimin e lodhjes, ekuilibrin elektrolitik, si dhe n\u00eb funksionimin normal muskular e psikologjik. Vitamina B6 ndikon n\u00eb metabolizmin e proteinave e glikogjenit dhe n\u00eb [&hellip;]<\/p>\n","protected":false},"featured_media":8354,"template":"","meta":[],"product_brand":[],"product_cat":[119,120,102,122],"product_tag":[136,139,134,135],"class_list":{"0":"post-7460","1":"product","2":"type-product","3":"status-publish","4":"has-post-thumbnail","6":"product_cat-markat-tona","7":"product_cat-power-health","8":"product_cat-suplemente","9":"product_cat-suplemente-dhe-vitamina","10":"product_tag-gama-platinum","11":"product_tag-magnez-premium","12":"product_tag-power-health","13":"product_tag-power-of-nature","15":"first","16":"instock","17":"shipping-taxable","18":"purchasable","19":"product-type-simple"},"yoast_head":"<!-- This site is optimized with the Yoast SEO plugin v27.3 - https:\/\/yoast.com\/product\/yoast-seo-wordpress\/ -->\n<title>MAGNESIUM DIRECT STICKS X 30 - VITANET ALBANIA<\/title>\n<meta name=\"robots\" content=\"index, follow, max-snippet:-1, max-image-preview:large, max-video-preview:-1\" \/>\n<link rel=\"canonical\" href=\"https:\/\/vitanet.al\/sq\/product\/magnesium-direct-sticks-x-30\/\" \/>\n<meta property=\"og:locale\" content=\"sq_AL\" \/>\n<meta property=\"og:type\" content=\"article\" \/>\n<meta property=\"og:title\" content=\"MAGNESIUM DIRECT STICKS X 30 - VITANET ALBANIA\" \/>\n<meta property=\"og:description\" content=\"MAGNESIUM DIRECT (350 mg) GRANULA Q\u00cb TRETEN N\u00cb GOJ\u00cb Suplement ushqimor me magnez dhe vitamin\u00eb B6, t\u00eb cil\u00ebt kontribuojn\u00eb n\u00eb metabolizmin e energjis\u00eb dhe funksionimin e sistemit nervor. Magnezi ndihmon n\u00eb pak\u00ebsimin e lodhjes, ekuilibrin elektrolitik, si dhe n\u00eb funksionimin normal muskular e psikologjik. Vitamina B6 ndikon n\u00eb metabolizmin e proteinave e glikogjenit dhe n\u00eb [&hellip;]\" \/>\n<meta property=\"og:url\" content=\"https:\/\/vitanet.al\/sq\/product\/magnesium-direct-sticks-x-30\/\" \/>\n<meta property=\"og:site_name\" content=\"VITANET ALBANIA\" \/>\n<meta property=\"article:modified_time\" content=\"2026-03-18T15:54:25+00:00\" \/>\n<meta property=\"og:image\" content=\"https:\/\/vitanet.al\/wp-content\/uploads\/2026\/02\/ALB_4129-e1773849140170.jpg\" \/>\n\t<meta property=\"og:image:width\" content=\"1080\" \/>\n\t<meta property=\"og:image:height\" content=\"1080\" \/>\n\t<meta property=\"og:image:type\" content=\"image\/jpeg\" \/>\n<meta name=\"twitter:card\" content=\"summary_large_image\" \/>\n<meta name=\"twitter:label1\" content=\"Est. reading time\" \/>\n\t<meta name=\"twitter:data1\" content=\"1 minute\" \/>\n<script type=\"application\/ld+json\" class=\"yoast-schema-graph\">{\"@context\":\"https:\\\/\\\/schema.org\",\"@graph\":[{\"@type\":\"WebPage\",\"@id\":\"https:\\\/\\\/vitanet.al\\\/sq\\\/product\\\/magnesium-direct-sticks-x-30\\\/\",\"url\":\"https:\\\/\\\/vitanet.al\\\/sq\\\/product\\\/magnesium-direct-sticks-x-30\\\/\",\"name\":\"MAGNESIUM DIRECT STICKS X 30 - VITANET ALBANIA\",\"isPartOf\":{\"@id\":\"https:\\\/\\\/vitanet.al\\\/sq\\\/#website\"},\"primaryImageOfPage\":{\"@id\":\"https:\\\/\\\/vitanet.al\\\/sq\\\/product\\\/magnesium-direct-sticks-x-30\\\/#primaryimage\"},\"image\":{\"@id\":\"https:\\\/\\\/vitanet.al\\\/sq\\\/product\\\/magnesium-direct-sticks-x-30\\\/#primaryimage\"},\"thumbnailUrl\":\"https:\\\/\\\/vitanet.al\\\/wp-content\\\/uploads\\\/2026\\\/02\\\/ALB_4129-e1773849140170.jpg\",\"datePublished\":\"2026-02-07T19:58:14+00:00\",\"dateModified\":\"2026-03-18T15:54:25+00:00\",\"breadcrumb\":{\"@id\":\"https:\\\/\\\/vitanet.al\\\/sq\\\/product\\\/magnesium-direct-sticks-x-30\\\/#breadcrumb\"},\"inLanguage\":\"sq-AL\",\"potentialAction\":[{\"@type\":\"ReadAction\",\"target\":[\"https:\\\/\\\/vitanet.al\\\/sq\\\/product\\\/magnesium-direct-sticks-x-30\\\/\"]}]},{\"@type\":\"ImageObject\",\"inLanguage\":\"sq-AL\",\"@id\":\"https:\\\/\\\/vitanet.al\\\/sq\\\/product\\\/magnesium-direct-sticks-x-30\\\/#primaryimage\",\"url\":\"https:\\\/\\\/vitanet.al\\\/wp-content\\\/uploads\\\/2026\\\/02\\\/ALB_4129-e1773849140170.jpg\",\"contentUrl\":\"https:\\\/\\\/vitanet.al\\\/wp-content\\\/uploads\\\/2026\\\/02\\\/ALB_4129-e1773849140170.jpg\",\"width\":1080,\"height\":1080},{\"@type\":\"BreadcrumbList\",\"@id\":\"https:\\\/\\\/vitanet.al\\\/sq\\\/product\\\/magnesium-direct-sticks-x-30\\\/#breadcrumb\",\"itemListElement\":[{\"@type\":\"ListItem\",\"position\":1,\"name\":\"Home\",\"item\":\"https:\\\/\\\/vitanet.al\\\/sq\\\/\"},{\"@type\":\"ListItem\",\"position\":2,\"name\":\"Shop\",\"item\":\"https:\\\/\\\/vitanet.al\\\/sq\\\/shop\\\/\"},{\"@type\":\"ListItem\",\"position\":3,\"name\":\"MAGNESIUM DIRECT STICKS X 30\"}]},{\"@type\":\"WebSite\",\"@id\":\"https:\\\/\\\/vitanet.al\\\/sq\\\/#website\",\"url\":\"https:\\\/\\\/vitanet.al\\\/sq\\\/\",\"name\":\"VITANET ALBANIA\",\"description\":\"\",\"publisher\":{\"@id\":\"https:\\\/\\\/vitanet.al\\\/sq\\\/#organization\"},\"potentialAction\":[{\"@type\":\"SearchAction\",\"target\":{\"@type\":\"EntryPoint\",\"urlTemplate\":\"https:\\\/\\\/vitanet.al\\\/sq\\\/?s={search_term_string}\"},\"query-input\":{\"@type\":\"PropertyValueSpecification\",\"valueRequired\":true,\"valueName\":\"search_term_string\"}}],\"inLanguage\":\"sq-AL\"},{\"@type\":\"Organization\",\"@id\":\"https:\\\/\\\/vitanet.al\\\/sq\\\/#organization\",\"name\":\"VITANET ALBANIA\",\"url\":\"https:\\\/\\\/vitanet.al\\\/sq\\\/\",\"logo\":{\"@type\":\"ImageObject\",\"inLanguage\":\"sq-AL\",\"@id\":\"https:\\\/\\\/vitanet.al\\\/sq\\\/#\\\/schema\\\/logo\\\/image\\\/\",\"url\":\"https:\\\/\\\/vitanet.al\\\/wp-content\\\/uploads\\\/2022\\\/02\\\/Vitanet_Logo-scaled.webp\",\"contentUrl\":\"https:\\\/\\\/vitanet.al\\\/wp-content\\\/uploads\\\/2022\\\/02\\\/Vitanet_Logo-scaled.webp\",\"width\":2560,\"height\":714,\"caption\":\"VITANET ALBANIA\"},\"image\":{\"@id\":\"https:\\\/\\\/vitanet.al\\\/sq\\\/#\\\/schema\\\/logo\\\/image\\\/\"}}]}<\/script>\n<!-- \/ Yoast SEO plugin. -->","yoast_head_json":{"title":"MAGNESIUM DIRECT STICKS X 30 - VITANET ALBANIA","robots":{"index":"index","follow":"follow","max-snippet":"max-snippet:-1","max-image-preview":"max-image-preview:large","max-video-preview":"max-video-preview:-1"},"canonical":"https:\/\/vitanet.al\/sq\/product\/magnesium-direct-sticks-x-30\/","og_locale":"sq_AL","og_type":"article","og_title":"MAGNESIUM DIRECT STICKS X 30 - VITANET ALBANIA","og_description":"MAGNESIUM DIRECT (350 mg) GRANULA Q\u00cb TRETEN N\u00cb GOJ\u00cb Suplement ushqimor me magnez dhe vitamin\u00eb B6, t\u00eb cil\u00ebt kontribuojn\u00eb n\u00eb metabolizmin e energjis\u00eb dhe funksionimin e sistemit nervor. Magnezi ndihmon n\u00eb pak\u00ebsimin e lodhjes, ekuilibrin elektrolitik, si dhe n\u00eb funksionimin normal muskular e psikologjik. Vitamina B6 ndikon n\u00eb metabolizmin e proteinave e glikogjenit dhe n\u00eb [&hellip;]","og_url":"https:\/\/vitanet.al\/sq\/product\/magnesium-direct-sticks-x-30\/","og_site_name":"VITANET ALBANIA","article_modified_time":"2026-03-18T15:54:25+00:00","og_image":[{"width":1080,"height":1080,"url":"https:\/\/vitanet.al\/wp-content\/uploads\/2026\/02\/ALB_4129-e1773849140170.jpg","type":"image\/jpeg"}],"twitter_card":"summary_large_image","twitter_misc":{"Est. reading time":"1 minute"},"schema":{"@context":"https:\/\/schema.org","@graph":[{"@type":"WebPage","@id":"https:\/\/vitanet.al\/sq\/product\/magnesium-direct-sticks-x-30\/","url":"https:\/\/vitanet.al\/sq\/product\/magnesium-direct-sticks-x-30\/","name":"MAGNESIUM DIRECT STICKS X 30 - VITANET ALBANIA","isPartOf":{"@id":"https:\/\/vitanet.al\/sq\/#website"},"primaryImageOfPage":{"@id":"https:\/\/vitanet.al\/sq\/product\/magnesium-direct-sticks-x-30\/#primaryimage"},"image":{"@id":"https:\/\/vitanet.al\/sq\/product\/magnesium-direct-sticks-x-30\/#primaryimage"},"thumbnailUrl":"https:\/\/vitanet.al\/wp-content\/uploads\/2026\/02\/ALB_4129-e1773849140170.jpg","datePublished":"2026-02-07T19:58:14+00:00","dateModified":"2026-03-18T15:54:25+00:00","breadcrumb":{"@id":"https:\/\/vitanet.al\/sq\/product\/magnesium-direct-sticks-x-30\/#breadcrumb"},"inLanguage":"sq-AL","potentialAction":[{"@type":"ReadAction","target":["https:\/\/vitanet.al\/sq\/product\/magnesium-direct-sticks-x-30\/"]}]},{"@type":"ImageObject","inLanguage":"sq-AL","@id":"https:\/\/vitanet.al\/sq\/product\/magnesium-direct-sticks-x-30\/#primaryimage","url":"https:\/\/vitanet.al\/wp-content\/uploads\/2026\/02\/ALB_4129-e1773849140170.jpg","contentUrl":"https:\/\/vitanet.al\/wp-content\/uploads\/2026\/02\/ALB_4129-e1773849140170.jpg","width":1080,"height":1080},{"@type":"BreadcrumbList","@id":"https:\/\/vitanet.al\/sq\/product\/magnesium-direct-sticks-x-30\/#breadcrumb","itemListElement":[{"@type":"ListItem","position":1,"name":"Home","item":"https:\/\/vitanet.al\/sq\/"},{"@type":"ListItem","position":2,"name":"Shop","item":"https:\/\/vitanet.al\/sq\/shop\/"},{"@type":"ListItem","position":3,"name":"MAGNESIUM DIRECT STICKS X 30"}]},{"@type":"WebSite","@id":"https:\/\/vitanet.al\/sq\/#website","url":"https:\/\/vitanet.al\/sq\/","name":"VITANET ALBANIA","description":"","publisher":{"@id":"https:\/\/vitanet.al\/sq\/#organization"},"potentialAction":[{"@type":"SearchAction","target":{"@type":"EntryPoint","urlTemplate":"https:\/\/vitanet.al\/sq\/?s={search_term_string}"},"query-input":{"@type":"PropertyValueSpecification","valueRequired":true,"valueName":"search_term_string"}}],"inLanguage":"sq-AL"},{"@type":"Organization","@id":"https:\/\/vitanet.al\/sq\/#organization","name":"VITANET ALBANIA","url":"https:\/\/vitanet.al\/sq\/","logo":{"@type":"ImageObject","inLanguage":"sq-AL","@id":"https:\/\/vitanet.al\/sq\/#\/schema\/logo\/image\/","url":"https:\/\/vitanet.al\/wp-content\/uploads\/2022\/02\/Vitanet_Logo-scaled.webp","contentUrl":"https:\/\/vitanet.al\/wp-content\/uploads\/2022\/02\/Vitanet_Logo-scaled.webp","width":2560,"height":714,"caption":"VITANET ALBANIA"},"image":{"@id":"https:\/\/vitanet.al\/sq\/#\/schema\/logo\/image\/"}}]}},"_links":{"self":[{"href":"https:\/\/vitanet.al\/sq\/wp-json\/wp\/v2\/product\/7460","targetHints":{"allow":["GET"]}}],"collection":[{"href":"https:\/\/vitanet.al\/sq\/wp-json\/wp\/v2\/product"}],"about":[{"href":"https:\/\/vitanet.al\/sq\/wp-json\/wp\/v2\/types\/product"}],"version-history":[{"count":1,"href":"https:\/\/vitanet.al\/sq\/wp-json\/wp\/v2\/product\/7460\/revisions"}],"predecessor-version":[{"id":8360,"href":"https:\/\/vitanet.al\/sq\/wp-json\/wp\/v2\/product\/7460\/revisions\/8360"}],"wp:featuredmedia":[{"embeddable":true,"href":"https:\/\/vitanet.al\/sq\/wp-json\/wp\/v2\/media\/8354"}],"wp:attachment":[{"href":"https:\/\/vitanet.al\/sq\/wp-json\/wp\/v2\/media?parent=7460"}],"wp:term":[{"taxonomy":"product_brand","embeddable":true,"href":"https:\/\/vitanet.al\/sq\/wp-json\/wp\/v2\/product_brand?post=7460"},{"taxonomy":"product_cat","embeddable":true,"href":"https:\/\/vitanet.al\/sq\/wp-json\/wp\/v2\/product_cat?post=7460"},{"taxonomy":"product_tag","embeddable":true,"href":"https:\/\/vitanet.al\/sq\/wp-json\/wp\/v2\/product_tag?post=7460"}],"curies":[{"name":"wp","href":"https:\/\/api.w.org\/{rel}","templated":true}]}}