{"id":7461,"date":"2026-02-07T19:58:24","date_gmt":"2026-02-07T19:58:24","guid":{"rendered":"https:\/\/vitanet.al\/product\/echinacea-vitamina-c-500-mg\/"},"modified":"2026-02-07T19:58:24","modified_gmt":"2026-02-07T19:58:24","slug":"echinacea-vitamina-c-500-mg","status":"publish","type":"product","link":"https:\/\/vitanet.al\/sq\/product\/echinacea-vitamina-c-500-mg\/","title":{"rendered":"ECHINACEA+ VITAMINA C 500 MG"},"content":{"rendered":"<p>1. Suplement ushqimor me baz\u00eb bim\u00ebn e Echinacea. P\u00ebrmban gjithashtu zink dhe vitamin\u00eb C, t\u00eb cilat kan\u00eb efekt antioksidant dhe rrisin imunitetin. Vitamina C ndikon n\u00eb uljen e lodhjes. Kujdes: Nuk duhet t\u00eb konsumohet nga pacient\u00eb me s\u00ebmundje autoimune dhe f\u00ebmij\u00eb n\u00ebn mosh\u00ebn 12 vje\u00e7. 2. N\u00eb paketim me Vitamin\u00ebn C 500 mg, Suplement ushqimor me sasi 500mg t\u00eb vitamin\u00ebs C. Vitamina C \u00ebsht\u00eb nj\u00eb antioksidant natyral q\u00eb forcon sistemin imunitar, kontribuon n\u00eb sintez\u00ebn e kolagjenit, p\u00ebrb\u00ebr\u00ebs i r\u00ebnd\u00ebsish\u00ebm i l\u00ebkur\u00ebs, gingivave, indit lidhor, kockave dhe en\u00ebve t\u00eb gjakut. P\u00ebrb\u00ebr\u00ebsit: Acid askorbik, acid citrik, sodium hidrogjen karbonat, sorbitol, inulin\u00eb, shije portokalli, pluhur nga rr\u00ebnj\u00ebt e panxharit, glikozide steviol, acesulfam K, betakaroten. P\u00ebrdorimi: T\u00eb rriturit marrin 1 tablet\u00eb n\u00eb dit\u00eb t\u00eb tretur n\u00eb nj\u00eb got\u00eb uji, para ushqimit, si suplement ushqimor. Nuk p\u00ebrmban: sheqer, laktoz\u00eb, gluten, konservant\u00eb dhe ngjyrues artificial.    <\/p>\n","protected":false},"excerpt":{"rendered":"<p>1. Suplement ushqimor me baz\u00eb bim\u00ebn e Echinacea. P\u00ebrmban gjithashtu zink dhe vitamin\u00eb C, t\u00eb cilat kan\u00eb efekt antioksidant dhe rrisin imunitetin. Vitamina C ndikon n\u00eb uljen e lodhjes. Kujdes: Nuk duhet t\u00eb konsumohet nga pacient\u00eb me s\u00ebmundje autoimune dhe f\u00ebmij\u00eb n\u00ebn mosh\u00ebn 12 vje\u00e7. 2. N\u00eb paketim me Vitamin\u00ebn C 500 mg, Suplement ushqimor [&hellip;]<\/p>\n","protected":false},"featured_media":7397,"template":"","meta":[],"product_brand":[],"product_cat":[119,120,122],"product_tag":[],"class_list":{"0":"post-7461","1":"product","2":"type-product","3":"status-publish","4":"has-post-thumbnail","6":"product_cat-markat-tona","7":"product_cat-power-health","8":"product_cat-suplemente-dhe-vitamina","10":"first","11":"instock","12":"shipping-taxable","13":"purchasable","14":"product-type-simple"},"yoast_head":"<!-- This site is optimized with the Yoast SEO plugin v27.5 - https:\/\/yoast.com\/product\/yoast-seo-wordpress\/ -->\n<title>ECHINACEA+ VITAMINA C 500 MG - VITANET ALBANIA<\/title>\n<meta name=\"robots\" content=\"index, follow, max-snippet:-1, max-image-preview:large, max-video-preview:-1\" \/>\n<link rel=\"canonical\" href=\"https:\/\/vitanet.al\/sq\/product\/echinacea-vitamina-c-500-mg\/\" \/>\n<meta property=\"og:locale\" content=\"sq_AL\" \/>\n<meta property=\"og:type\" content=\"article\" \/>\n<meta property=\"og:title\" content=\"ECHINACEA+ VITAMINA C 500 MG - VITANET ALBANIA\" \/>\n<meta property=\"og:description\" content=\"1. Suplement ushqimor me baz\u00eb bim\u00ebn e Echinacea. P\u00ebrmban gjithashtu zink dhe vitamin\u00eb C, t\u00eb cilat kan\u00eb efekt antioksidant dhe rrisin imunitetin. Vitamina C ndikon n\u00eb uljen e lodhjes. Kujdes: Nuk duhet t\u00eb konsumohet nga pacient\u00eb me s\u00ebmundje autoimune dhe f\u00ebmij\u00eb n\u00ebn mosh\u00ebn 12 vje\u00e7. 2. N\u00eb paketim me Vitamin\u00ebn C 500 mg, Suplement ushqimor [&hellip;]\" \/>\n<meta property=\"og:url\" content=\"https:\/\/vitanet.al\/sq\/product\/echinacea-vitamina-c-500-mg\/\" \/>\n<meta property=\"og:site_name\" content=\"VITANET ALBANIA\" \/>\n<meta property=\"og:image\" content=\"https:\/\/vitanet.al\/wp-content\/uploads\/2026\/02\/5200321015607.png\" \/>\n\t<meta property=\"og:image:width\" content=\"239\" \/>\n\t<meta property=\"og:image:height\" content=\"331\" \/>\n\t<meta property=\"og:image:type\" content=\"image\/png\" \/>\n<meta name=\"twitter:card\" content=\"summary_large_image\" \/>\n<meta name=\"twitter:label1\" content=\"Est. reading time\" \/>\n\t<meta name=\"twitter:data1\" content=\"1 minute\" \/>\n<script type=\"application\/ld+json\" class=\"yoast-schema-graph\">{\"@context\":\"https:\\\/\\\/schema.org\",\"@graph\":[{\"@type\":\"WebPage\",\"@id\":\"https:\\\/\\\/vitanet.al\\\/sq\\\/product\\\/echinacea-vitamina-c-500-mg\\\/\",\"url\":\"https:\\\/\\\/vitanet.al\\\/sq\\\/product\\\/echinacea-vitamina-c-500-mg\\\/\",\"name\":\"ECHINACEA+ VITAMINA C 500 MG - VITANET ALBANIA\",\"isPartOf\":{\"@id\":\"https:\\\/\\\/vitanet.al\\\/sq\\\/#website\"},\"primaryImageOfPage\":{\"@id\":\"https:\\\/\\\/vitanet.al\\\/sq\\\/product\\\/echinacea-vitamina-c-500-mg\\\/#primaryimage\"},\"image\":{\"@id\":\"https:\\\/\\\/vitanet.al\\\/sq\\\/product\\\/echinacea-vitamina-c-500-mg\\\/#primaryimage\"},\"thumbnailUrl\":\"https:\\\/\\\/vitanet.al\\\/wp-content\\\/uploads\\\/2026\\\/02\\\/5200321015607.png\",\"datePublished\":\"2026-02-07T19:58:24+00:00\",\"breadcrumb\":{\"@id\":\"https:\\\/\\\/vitanet.al\\\/sq\\\/product\\\/echinacea-vitamina-c-500-mg\\\/#breadcrumb\"},\"inLanguage\":\"sq-AL\",\"potentialAction\":[{\"@type\":\"ReadAction\",\"target\":[\"https:\\\/\\\/vitanet.al\\\/sq\\\/product\\\/echinacea-vitamina-c-500-mg\\\/\"]}]},{\"@type\":\"ImageObject\",\"inLanguage\":\"sq-AL\",\"@id\":\"https:\\\/\\\/vitanet.al\\\/sq\\\/product\\\/echinacea-vitamina-c-500-mg\\\/#primaryimage\",\"url\":\"https:\\\/\\\/vitanet.al\\\/wp-content\\\/uploads\\\/2026\\\/02\\\/5200321015607.png\",\"contentUrl\":\"https:\\\/\\\/vitanet.al\\\/wp-content\\\/uploads\\\/2026\\\/02\\\/5200321015607.png\",\"width\":239,\"height\":331},{\"@type\":\"BreadcrumbList\",\"@id\":\"https:\\\/\\\/vitanet.al\\\/sq\\\/product\\\/echinacea-vitamina-c-500-mg\\\/#breadcrumb\",\"itemListElement\":[{\"@type\":\"ListItem\",\"position\":1,\"name\":\"Home\",\"item\":\"https:\\\/\\\/vitanet.al\\\/sq\\\/\"},{\"@type\":\"ListItem\",\"position\":2,\"name\":\"Shop\",\"item\":\"https:\\\/\\\/vitanet.al\\\/sq\\\/shop\\\/\"},{\"@type\":\"ListItem\",\"position\":3,\"name\":\"ECHINACEA+ VITAMINA C 500 MG\"}]},{\"@type\":\"WebSite\",\"@id\":\"https:\\\/\\\/vitanet.al\\\/sq\\\/#website\",\"url\":\"https:\\\/\\\/vitanet.al\\\/sq\\\/\",\"name\":\"VITANET ALBANIA\",\"description\":\"\",\"publisher\":{\"@id\":\"https:\\\/\\\/vitanet.al\\\/sq\\\/#organization\"},\"potentialAction\":[{\"@type\":\"SearchAction\",\"target\":{\"@type\":\"EntryPoint\",\"urlTemplate\":\"https:\\\/\\\/vitanet.al\\\/sq\\\/?s={search_term_string}\"},\"query-input\":{\"@type\":\"PropertyValueSpecification\",\"valueRequired\":true,\"valueName\":\"search_term_string\"}}],\"inLanguage\":\"sq-AL\"},{\"@type\":\"Organization\",\"@id\":\"https:\\\/\\\/vitanet.al\\\/sq\\\/#organization\",\"name\":\"VITANET ALBANIA\",\"url\":\"https:\\\/\\\/vitanet.al\\\/sq\\\/\",\"logo\":{\"@type\":\"ImageObject\",\"inLanguage\":\"sq-AL\",\"@id\":\"https:\\\/\\\/vitanet.al\\\/sq\\\/#\\\/schema\\\/logo\\\/image\\\/\",\"url\":\"https:\\\/\\\/vitanet.al\\\/wp-content\\\/uploads\\\/2022\\\/02\\\/Vitanet_Logo-scaled.webp\",\"contentUrl\":\"https:\\\/\\\/vitanet.al\\\/wp-content\\\/uploads\\\/2022\\\/02\\\/Vitanet_Logo-scaled.webp\",\"width\":2560,\"height\":714,\"caption\":\"VITANET ALBANIA\"},\"image\":{\"@id\":\"https:\\\/\\\/vitanet.al\\\/sq\\\/#\\\/schema\\\/logo\\\/image\\\/\"}}]}<\/script>\n<!-- \/ Yoast SEO plugin. -->","yoast_head_json":{"title":"ECHINACEA+ VITAMINA C 500 MG - VITANET ALBANIA","robots":{"index":"index","follow":"follow","max-snippet":"max-snippet:-1","max-image-preview":"max-image-preview:large","max-video-preview":"max-video-preview:-1"},"canonical":"https:\/\/vitanet.al\/sq\/product\/echinacea-vitamina-c-500-mg\/","og_locale":"sq_AL","og_type":"article","og_title":"ECHINACEA+ VITAMINA C 500 MG - VITANET ALBANIA","og_description":"1. Suplement ushqimor me baz\u00eb bim\u00ebn e Echinacea. P\u00ebrmban gjithashtu zink dhe vitamin\u00eb C, t\u00eb cilat kan\u00eb efekt antioksidant dhe rrisin imunitetin. Vitamina C ndikon n\u00eb uljen e lodhjes. Kujdes: Nuk duhet t\u00eb konsumohet nga pacient\u00eb me s\u00ebmundje autoimune dhe f\u00ebmij\u00eb n\u00ebn mosh\u00ebn 12 vje\u00e7. 2. N\u00eb paketim me Vitamin\u00ebn C 500 mg, Suplement ushqimor [&hellip;]","og_url":"https:\/\/vitanet.al\/sq\/product\/echinacea-vitamina-c-500-mg\/","og_site_name":"VITANET ALBANIA","og_image":[{"width":239,"height":331,"url":"https:\/\/vitanet.al\/wp-content\/uploads\/2026\/02\/5200321015607.png","type":"image\/png"}],"twitter_card":"summary_large_image","twitter_misc":{"Est. reading time":"1 minute"},"schema":{"@context":"https:\/\/schema.org","@graph":[{"@type":"WebPage","@id":"https:\/\/vitanet.al\/sq\/product\/echinacea-vitamina-c-500-mg\/","url":"https:\/\/vitanet.al\/sq\/product\/echinacea-vitamina-c-500-mg\/","name":"ECHINACEA+ VITAMINA C 500 MG - VITANET ALBANIA","isPartOf":{"@id":"https:\/\/vitanet.al\/sq\/#website"},"primaryImageOfPage":{"@id":"https:\/\/vitanet.al\/sq\/product\/echinacea-vitamina-c-500-mg\/#primaryimage"},"image":{"@id":"https:\/\/vitanet.al\/sq\/product\/echinacea-vitamina-c-500-mg\/#primaryimage"},"thumbnailUrl":"https:\/\/vitanet.al\/wp-content\/uploads\/2026\/02\/5200321015607.png","datePublished":"2026-02-07T19:58:24+00:00","breadcrumb":{"@id":"https:\/\/vitanet.al\/sq\/product\/echinacea-vitamina-c-500-mg\/#breadcrumb"},"inLanguage":"sq-AL","potentialAction":[{"@type":"ReadAction","target":["https:\/\/vitanet.al\/sq\/product\/echinacea-vitamina-c-500-mg\/"]}]},{"@type":"ImageObject","inLanguage":"sq-AL","@id":"https:\/\/vitanet.al\/sq\/product\/echinacea-vitamina-c-500-mg\/#primaryimage","url":"https:\/\/vitanet.al\/wp-content\/uploads\/2026\/02\/5200321015607.png","contentUrl":"https:\/\/vitanet.al\/wp-content\/uploads\/2026\/02\/5200321015607.png","width":239,"height":331},{"@type":"BreadcrumbList","@id":"https:\/\/vitanet.al\/sq\/product\/echinacea-vitamina-c-500-mg\/#breadcrumb","itemListElement":[{"@type":"ListItem","position":1,"name":"Home","item":"https:\/\/vitanet.al\/sq\/"},{"@type":"ListItem","position":2,"name":"Shop","item":"https:\/\/vitanet.al\/sq\/shop\/"},{"@type":"ListItem","position":3,"name":"ECHINACEA+ VITAMINA C 500 MG"}]},{"@type":"WebSite","@id":"https:\/\/vitanet.al\/sq\/#website","url":"https:\/\/vitanet.al\/sq\/","name":"VITANET ALBANIA","description":"","publisher":{"@id":"https:\/\/vitanet.al\/sq\/#organization"},"potentialAction":[{"@type":"SearchAction","target":{"@type":"EntryPoint","urlTemplate":"https:\/\/vitanet.al\/sq\/?s={search_term_string}"},"query-input":{"@type":"PropertyValueSpecification","valueRequired":true,"valueName":"search_term_string"}}],"inLanguage":"sq-AL"},{"@type":"Organization","@id":"https:\/\/vitanet.al\/sq\/#organization","name":"VITANET ALBANIA","url":"https:\/\/vitanet.al\/sq\/","logo":{"@type":"ImageObject","inLanguage":"sq-AL","@id":"https:\/\/vitanet.al\/sq\/#\/schema\/logo\/image\/","url":"https:\/\/vitanet.al\/wp-content\/uploads\/2022\/02\/Vitanet_Logo-scaled.webp","contentUrl":"https:\/\/vitanet.al\/wp-content\/uploads\/2022\/02\/Vitanet_Logo-scaled.webp","width":2560,"height":714,"caption":"VITANET ALBANIA"},"image":{"@id":"https:\/\/vitanet.al\/sq\/#\/schema\/logo\/image\/"}}]}},"_links":{"self":[{"href":"https:\/\/vitanet.al\/sq\/wp-json\/wp\/v2\/product\/7461","targetHints":{"allow":["GET"]}}],"collection":[{"href":"https:\/\/vitanet.al\/sq\/wp-json\/wp\/v2\/product"}],"about":[{"href":"https:\/\/vitanet.al\/sq\/wp-json\/wp\/v2\/types\/product"}],"version-history":[{"count":0,"href":"https:\/\/vitanet.al\/sq\/wp-json\/wp\/v2\/product\/7461\/revisions"}],"wp:featuredmedia":[{"embeddable":true,"href":"https:\/\/vitanet.al\/sq\/wp-json\/wp\/v2\/media\/7397"}],"wp:attachment":[{"href":"https:\/\/vitanet.al\/sq\/wp-json\/wp\/v2\/media?parent=7461"}],"wp:term":[{"taxonomy":"product_brand","embeddable":true,"href":"https:\/\/vitanet.al\/sq\/wp-json\/wp\/v2\/product_brand?post=7461"},{"taxonomy":"product_cat","embeddable":true,"href":"https:\/\/vitanet.al\/sq\/wp-json\/wp\/v2\/product_cat?post=7461"},{"taxonomy":"product_tag","embeddable":true,"href":"https:\/\/vitanet.al\/sq\/wp-json\/wp\/v2\/product_tag?post=7461"}],"curies":[{"name":"wp","href":"https:\/\/api.w.org\/{rel}","templated":true}]}}