{"id":7466,"date":"2026-02-07T19:58:23","date_gmt":"2026-02-07T19:58:23","guid":{"rendered":"https:\/\/vitanet.al\/product\/vita-c-per-femije-x30s\/"},"modified":"2026-02-07T19:58:23","modified_gmt":"2026-02-07T19:58:23","slug":"vita-c-per-femije-x30s","status":"publish","type":"product","link":"https:\/\/vitanet.al\/sq\/product\/vita-c-per-femije-x30s\/","title":{"rendered":"VITA-C P\u00cbR F\u00cbMIJ\u00cb x30s"},"content":{"rendered":"<p>Suplement ushqimor me p\u00ebrmbajtje vitamin\u00eb C p\u00ebr f\u00ebmij\u00eb. P\u00ebrb\u00ebr\u00ebsit: Sorbitol, Inulin\u00eb, Vitamin\u00eb C, Mono dhe digliceride t\u00eb acideve yndyrore, arom\u00eb portokalli, beta karoten, magnezium n\u00eb trajt\u00eb kripe t\u00eb acideve yndyrore, Aspartam*, Acesulfam K.*\u00c7do tablet\u00eb p\u00ebrmban 100mg Vitamin\u00eb C (222% D.D.R.*) *D.D.R.: Doza e Rekomanduar Ditore: Merrni 1 tablet\u00eb t\u00eb p\u00ebrtypshme n\u00eb dit\u00eb, mund\u00ebsisht para ushqimit, si suplement ushqimor. Mos p\u00ebrdorni suplemente ushqimore gjat\u00eb shtatzanis\u00eb dhe periudh\u00ebs s\u00eb laktacionit pa u konsultuar m\u00eb par\u00eb me mjekun. Mos e kaloni doz\u00ebn e rekomanduar ditore. Burim natyral i fenilalanin\u00ebs. Pa gluten, laktoz\u00eb dhe konservant\u00eb.<\/p>\n","protected":false},"excerpt":{"rendered":"<p>Suplement ushqimor me p\u00ebrmbajtje vitamin\u00eb C p\u00ebr f\u00ebmij\u00eb. P\u00ebrb\u00ebr\u00ebsit: Sorbitol, Inulin\u00eb, Vitamin\u00eb C, Mono dhe digliceride t\u00eb acideve yndyrore, arom\u00eb portokalli, beta karoten, magnezium n\u00eb trajt\u00eb kripe t\u00eb acideve yndyrore, Aspartam*, Acesulfam K.*\u00c7do tablet\u00eb p\u00ebrmban 100mg Vitamin\u00eb C (222% D.D.R.*) *D.D.R.: Doza e Rekomanduar Ditore: Merrni 1 tablet\u00eb t\u00eb p\u00ebrtypshme n\u00eb dit\u00eb, mund\u00ebsisht para ushqimit, [&hellip;]<\/p>\n","protected":false},"featured_media":7389,"template":"","meta":[],"product_brand":[],"product_cat":[119,120,122],"product_tag":[],"class_list":{"0":"post-7466","1":"product","2":"type-product","3":"status-publish","4":"has-post-thumbnail","6":"product_cat-markat-tona","7":"product_cat-power-health","8":"product_cat-suplemente-dhe-vitamina","10":"first","11":"instock","12":"shipping-taxable","13":"purchasable","14":"product-type-simple"},"yoast_head":"<!-- This site is optimized with the Yoast SEO plugin v27.5 - https:\/\/yoast.com\/product\/yoast-seo-wordpress\/ -->\n<title>VITA-C P\u00cbR F\u00cbMIJ\u00cb x30s - VITANET ALBANIA<\/title>\n<meta name=\"robots\" content=\"index, follow, max-snippet:-1, max-image-preview:large, max-video-preview:-1\" \/>\n<link rel=\"canonical\" href=\"https:\/\/vitanet.al\/sq\/product\/vita-c-per-femije-x30s\/\" \/>\n<meta property=\"og:locale\" content=\"sq_AL\" \/>\n<meta property=\"og:type\" content=\"article\" \/>\n<meta property=\"og:title\" content=\"VITA-C P\u00cbR F\u00cbMIJ\u00cb x30s - VITANET ALBANIA\" \/>\n<meta property=\"og:description\" content=\"Suplement ushqimor me p\u00ebrmbajtje vitamin\u00eb C p\u00ebr f\u00ebmij\u00eb. P\u00ebrb\u00ebr\u00ebsit: Sorbitol, Inulin\u00eb, Vitamin\u00eb C, Mono dhe digliceride t\u00eb acideve yndyrore, arom\u00eb portokalli, beta karoten, magnezium n\u00eb trajt\u00eb kripe t\u00eb acideve yndyrore, Aspartam*, Acesulfam K.*\u00c7do tablet\u00eb p\u00ebrmban 100mg Vitamin\u00eb C (222% D.D.R.*) *D.D.R.: Doza e Rekomanduar Ditore: Merrni 1 tablet\u00eb t\u00eb p\u00ebrtypshme n\u00eb dit\u00eb, mund\u00ebsisht para ushqimit, [&hellip;]\" \/>\n<meta property=\"og:url\" content=\"https:\/\/vitanet.al\/sq\/product\/vita-c-per-femije-x30s\/\" \/>\n<meta property=\"og:site_name\" content=\"VITANET ALBANIA\" \/>\n<meta property=\"og:image\" content=\"https:\/\/vitanet.al\/wp-content\/uploads\/2026\/02\/5200321011623.png\" \/>\n\t<meta property=\"og:image:width\" content=\"233\" \/>\n\t<meta property=\"og:image:height\" content=\"214\" \/>\n\t<meta property=\"og:image:type\" content=\"image\/png\" \/>\n<meta name=\"twitter:card\" content=\"summary_large_image\" \/>\n<meta name=\"twitter:label1\" content=\"Est. reading time\" \/>\n\t<meta name=\"twitter:data1\" content=\"1 minute\" \/>\n<script type=\"application\/ld+json\" class=\"yoast-schema-graph\">{\"@context\":\"https:\\\/\\\/schema.org\",\"@graph\":[{\"@type\":\"WebPage\",\"@id\":\"https:\\\/\\\/vitanet.al\\\/sq\\\/product\\\/vita-c-per-femije-x30s\\\/\",\"url\":\"https:\\\/\\\/vitanet.al\\\/sq\\\/product\\\/vita-c-per-femije-x30s\\\/\",\"name\":\"VITA-C P\u00cbR F\u00cbMIJ\u00cb x30s - VITANET ALBANIA\",\"isPartOf\":{\"@id\":\"https:\\\/\\\/vitanet.al\\\/sq\\\/#website\"},\"primaryImageOfPage\":{\"@id\":\"https:\\\/\\\/vitanet.al\\\/sq\\\/product\\\/vita-c-per-femije-x30s\\\/#primaryimage\"},\"image\":{\"@id\":\"https:\\\/\\\/vitanet.al\\\/sq\\\/product\\\/vita-c-per-femije-x30s\\\/#primaryimage\"},\"thumbnailUrl\":\"https:\\\/\\\/vitanet.al\\\/wp-content\\\/uploads\\\/2026\\\/02\\\/5200321011623.png\",\"datePublished\":\"2026-02-07T19:58:23+00:00\",\"breadcrumb\":{\"@id\":\"https:\\\/\\\/vitanet.al\\\/sq\\\/product\\\/vita-c-per-femije-x30s\\\/#breadcrumb\"},\"inLanguage\":\"sq-AL\",\"potentialAction\":[{\"@type\":\"ReadAction\",\"target\":[\"https:\\\/\\\/vitanet.al\\\/sq\\\/product\\\/vita-c-per-femije-x30s\\\/\"]}]},{\"@type\":\"ImageObject\",\"inLanguage\":\"sq-AL\",\"@id\":\"https:\\\/\\\/vitanet.al\\\/sq\\\/product\\\/vita-c-per-femije-x30s\\\/#primaryimage\",\"url\":\"https:\\\/\\\/vitanet.al\\\/wp-content\\\/uploads\\\/2026\\\/02\\\/5200321011623.png\",\"contentUrl\":\"https:\\\/\\\/vitanet.al\\\/wp-content\\\/uploads\\\/2026\\\/02\\\/5200321011623.png\",\"width\":233,\"height\":214},{\"@type\":\"BreadcrumbList\",\"@id\":\"https:\\\/\\\/vitanet.al\\\/sq\\\/product\\\/vita-c-per-femije-x30s\\\/#breadcrumb\",\"itemListElement\":[{\"@type\":\"ListItem\",\"position\":1,\"name\":\"Home\",\"item\":\"https:\\\/\\\/vitanet.al\\\/sq\\\/\"},{\"@type\":\"ListItem\",\"position\":2,\"name\":\"Shop\",\"item\":\"https:\\\/\\\/vitanet.al\\\/sq\\\/shop\\\/\"},{\"@type\":\"ListItem\",\"position\":3,\"name\":\"VITA-C P\u00cbR F\u00cbMIJ\u00cb x30s\"}]},{\"@type\":\"WebSite\",\"@id\":\"https:\\\/\\\/vitanet.al\\\/sq\\\/#website\",\"url\":\"https:\\\/\\\/vitanet.al\\\/sq\\\/\",\"name\":\"VITANET ALBANIA\",\"description\":\"\",\"publisher\":{\"@id\":\"https:\\\/\\\/vitanet.al\\\/sq\\\/#organization\"},\"potentialAction\":[{\"@type\":\"SearchAction\",\"target\":{\"@type\":\"EntryPoint\",\"urlTemplate\":\"https:\\\/\\\/vitanet.al\\\/sq\\\/?s={search_term_string}\"},\"query-input\":{\"@type\":\"PropertyValueSpecification\",\"valueRequired\":true,\"valueName\":\"search_term_string\"}}],\"inLanguage\":\"sq-AL\"},{\"@type\":\"Organization\",\"@id\":\"https:\\\/\\\/vitanet.al\\\/sq\\\/#organization\",\"name\":\"VITANET ALBANIA\",\"url\":\"https:\\\/\\\/vitanet.al\\\/sq\\\/\",\"logo\":{\"@type\":\"ImageObject\",\"inLanguage\":\"sq-AL\",\"@id\":\"https:\\\/\\\/vitanet.al\\\/sq\\\/#\\\/schema\\\/logo\\\/image\\\/\",\"url\":\"https:\\\/\\\/vitanet.al\\\/wp-content\\\/uploads\\\/2022\\\/02\\\/Vitanet_Logo-scaled.webp\",\"contentUrl\":\"https:\\\/\\\/vitanet.al\\\/wp-content\\\/uploads\\\/2022\\\/02\\\/Vitanet_Logo-scaled.webp\",\"width\":2560,\"height\":714,\"caption\":\"VITANET ALBANIA\"},\"image\":{\"@id\":\"https:\\\/\\\/vitanet.al\\\/sq\\\/#\\\/schema\\\/logo\\\/image\\\/\"}}]}<\/script>\n<!-- \/ Yoast SEO plugin. -->","yoast_head_json":{"title":"VITA-C P\u00cbR F\u00cbMIJ\u00cb x30s - VITANET ALBANIA","robots":{"index":"index","follow":"follow","max-snippet":"max-snippet:-1","max-image-preview":"max-image-preview:large","max-video-preview":"max-video-preview:-1"},"canonical":"https:\/\/vitanet.al\/sq\/product\/vita-c-per-femije-x30s\/","og_locale":"sq_AL","og_type":"article","og_title":"VITA-C P\u00cbR F\u00cbMIJ\u00cb x30s - VITANET ALBANIA","og_description":"Suplement ushqimor me p\u00ebrmbajtje vitamin\u00eb C p\u00ebr f\u00ebmij\u00eb. P\u00ebrb\u00ebr\u00ebsit: Sorbitol, Inulin\u00eb, Vitamin\u00eb C, Mono dhe digliceride t\u00eb acideve yndyrore, arom\u00eb portokalli, beta karoten, magnezium n\u00eb trajt\u00eb kripe t\u00eb acideve yndyrore, Aspartam*, Acesulfam K.*\u00c7do tablet\u00eb p\u00ebrmban 100mg Vitamin\u00eb C (222% D.D.R.*) *D.D.R.: Doza e Rekomanduar Ditore: Merrni 1 tablet\u00eb t\u00eb p\u00ebrtypshme n\u00eb dit\u00eb, mund\u00ebsisht para ushqimit, [&hellip;]","og_url":"https:\/\/vitanet.al\/sq\/product\/vita-c-per-femije-x30s\/","og_site_name":"VITANET ALBANIA","og_image":[{"width":233,"height":214,"url":"https:\/\/vitanet.al\/wp-content\/uploads\/2026\/02\/5200321011623.png","type":"image\/png"}],"twitter_card":"summary_large_image","twitter_misc":{"Est. reading time":"1 minute"},"schema":{"@context":"https:\/\/schema.org","@graph":[{"@type":"WebPage","@id":"https:\/\/vitanet.al\/sq\/product\/vita-c-per-femije-x30s\/","url":"https:\/\/vitanet.al\/sq\/product\/vita-c-per-femije-x30s\/","name":"VITA-C P\u00cbR F\u00cbMIJ\u00cb x30s - VITANET ALBANIA","isPartOf":{"@id":"https:\/\/vitanet.al\/sq\/#website"},"primaryImageOfPage":{"@id":"https:\/\/vitanet.al\/sq\/product\/vita-c-per-femije-x30s\/#primaryimage"},"image":{"@id":"https:\/\/vitanet.al\/sq\/product\/vita-c-per-femije-x30s\/#primaryimage"},"thumbnailUrl":"https:\/\/vitanet.al\/wp-content\/uploads\/2026\/02\/5200321011623.png","datePublished":"2026-02-07T19:58:23+00:00","breadcrumb":{"@id":"https:\/\/vitanet.al\/sq\/product\/vita-c-per-femije-x30s\/#breadcrumb"},"inLanguage":"sq-AL","potentialAction":[{"@type":"ReadAction","target":["https:\/\/vitanet.al\/sq\/product\/vita-c-per-femije-x30s\/"]}]},{"@type":"ImageObject","inLanguage":"sq-AL","@id":"https:\/\/vitanet.al\/sq\/product\/vita-c-per-femije-x30s\/#primaryimage","url":"https:\/\/vitanet.al\/wp-content\/uploads\/2026\/02\/5200321011623.png","contentUrl":"https:\/\/vitanet.al\/wp-content\/uploads\/2026\/02\/5200321011623.png","width":233,"height":214},{"@type":"BreadcrumbList","@id":"https:\/\/vitanet.al\/sq\/product\/vita-c-per-femije-x30s\/#breadcrumb","itemListElement":[{"@type":"ListItem","position":1,"name":"Home","item":"https:\/\/vitanet.al\/sq\/"},{"@type":"ListItem","position":2,"name":"Shop","item":"https:\/\/vitanet.al\/sq\/shop\/"},{"@type":"ListItem","position":3,"name":"VITA-C P\u00cbR F\u00cbMIJ\u00cb x30s"}]},{"@type":"WebSite","@id":"https:\/\/vitanet.al\/sq\/#website","url":"https:\/\/vitanet.al\/sq\/","name":"VITANET ALBANIA","description":"","publisher":{"@id":"https:\/\/vitanet.al\/sq\/#organization"},"potentialAction":[{"@type":"SearchAction","target":{"@type":"EntryPoint","urlTemplate":"https:\/\/vitanet.al\/sq\/?s={search_term_string}"},"query-input":{"@type":"PropertyValueSpecification","valueRequired":true,"valueName":"search_term_string"}}],"inLanguage":"sq-AL"},{"@type":"Organization","@id":"https:\/\/vitanet.al\/sq\/#organization","name":"VITANET ALBANIA","url":"https:\/\/vitanet.al\/sq\/","logo":{"@type":"ImageObject","inLanguage":"sq-AL","@id":"https:\/\/vitanet.al\/sq\/#\/schema\/logo\/image\/","url":"https:\/\/vitanet.al\/wp-content\/uploads\/2022\/02\/Vitanet_Logo-scaled.webp","contentUrl":"https:\/\/vitanet.al\/wp-content\/uploads\/2022\/02\/Vitanet_Logo-scaled.webp","width":2560,"height":714,"caption":"VITANET ALBANIA"},"image":{"@id":"https:\/\/vitanet.al\/sq\/#\/schema\/logo\/image\/"}}]}},"_links":{"self":[{"href":"https:\/\/vitanet.al\/sq\/wp-json\/wp\/v2\/product\/7466","targetHints":{"allow":["GET"]}}],"collection":[{"href":"https:\/\/vitanet.al\/sq\/wp-json\/wp\/v2\/product"}],"about":[{"href":"https:\/\/vitanet.al\/sq\/wp-json\/wp\/v2\/types\/product"}],"version-history":[{"count":0,"href":"https:\/\/vitanet.al\/sq\/wp-json\/wp\/v2\/product\/7466\/revisions"}],"wp:featuredmedia":[{"embeddable":true,"href":"https:\/\/vitanet.al\/sq\/wp-json\/wp\/v2\/media\/7389"}],"wp:attachment":[{"href":"https:\/\/vitanet.al\/sq\/wp-json\/wp\/v2\/media?parent=7466"}],"wp:term":[{"taxonomy":"product_brand","embeddable":true,"href":"https:\/\/vitanet.al\/sq\/wp-json\/wp\/v2\/product_brand?post=7466"},{"taxonomy":"product_cat","embeddable":true,"href":"https:\/\/vitanet.al\/sq\/wp-json\/wp\/v2\/product_cat?post=7466"},{"taxonomy":"product_tag","embeddable":true,"href":"https:\/\/vitanet.al\/sq\/wp-json\/wp\/v2\/product_tag?post=7466"}],"curies":[{"name":"wp","href":"https:\/\/api.w.org\/{rel}","templated":true}]}}