{"id":7552,"date":"2026-02-09T11:28:23","date_gmt":"2026-02-09T11:28:23","guid":{"rendered":"https:\/\/vitanet.al\/product\/b-vital-totale-2-tubi-x-20-tableta-eferveshente\/"},"modified":"2026-02-09T11:28:23","modified_gmt":"2026-02-09T11:28:23","slug":"b-vital-totale-2-tubi-x-20-tableta-eferveshente","status":"publish","type":"product","link":"https:\/\/vitanet.al\/sq\/product\/b-vital-totale-2-tubi-x-20-tableta-eferveshente\/","title":{"rendered":"B-VITAL TOTALE 2 TUBI x 20 TABLETA EFERVESHENTE."},"content":{"rendered":"<p>B VITAL TOTALE TABLETA EFERVESHENTE X 20. T\u00eb gjitha vitaminat B dhe acidi folik, n\u00eb doza t\u00eb balancuara, n\u00eb ve\u00e7anti p\u00ebrmban nivelin e duhur ditor t\u00eb acidit folik p\u00ebr grat\u00eb shtatz\u00ebna. Acidi folik kontribuon n\u00eb rritjen e indeve t\u00eb n\u00ebn\u00ebs gjat\u00eb shtatz\u00ebnis\u00eb dhe n\u00eb formimin e rruazave t\u00eb gjakut. Vitamina B 12 kontribuon n\u00eb eritropoez\u00eb, nd\u00ebrsa vitamina B 6 s\u00eb bashku me B 12 ndikon n\u00eb metabolizmin e homocistein\u00ebs. Vitamina B 1, B 2, B 6 dhe B 12 kontribuon p\u00ebr nj\u00eb metaboliz\u00ebm normal energjitik. Pa gluten, laktoz\u00eb. Me fruktoz\u00eb dhe \u00ebmb\u00eblsues. P\u00ebrb\u00ebrja: Inositol 100 mg -Acid pantotenik 18 mg , Vitamin\u00eb B6 9.5mg, Vitamin\u00eb B2 10 mg, Vitamin\u00eb B1 10mg, Acid folik 400mcg, Vitamin\u00eb B12 25mcg. P\u00ebrdorimi: Nj\u00eb tablet\u00eb e cila tretet n\u00eb nj\u00eb got\u00eb uj\u00eb.       <\/p>\n","protected":false},"excerpt":{"rendered":"<p>B VITAL TOTALE TABLETA EFERVESHENTE X 20. T\u00eb gjitha vitaminat B dhe acidi folik, n\u00eb doza t\u00eb balancuara, n\u00eb ve\u00e7anti p\u00ebrmban nivelin e duhur ditor t\u00eb acidit folik p\u00ebr grat\u00eb shtatz\u00ebna. Acidi folik kontribuon n\u00eb rritjen e indeve t\u00eb n\u00ebn\u00ebs gjat\u00eb shtatz\u00ebnis\u00eb dhe n\u00eb formimin e rruazave t\u00eb gjakut. Vitamina B 12 kontribuon n\u00eb eritropoez\u00eb, [&hellip;]<\/p>\n","protected":false},"featured_media":8315,"template":"","meta":[],"product_brand":[],"product_cat":[119,124,102],"product_tag":[],"class_list":{"0":"post-7552","1":"product","2":"type-product","3":"status-publish","4":"has-post-thumbnail","6":"product_cat-markat-tona","7":"product_cat-pharmaline","8":"product_cat-suplemente","10":"first","11":"instock","12":"shipping-taxable","13":"purchasable","14":"product-type-simple"},"yoast_head":"<!-- This site is optimized with the Yoast SEO plugin v27.3 - https:\/\/yoast.com\/product\/yoast-seo-wordpress\/ -->\n<title>B-VITAL TOTALE 2 TUBI x 20 TABLETA EFERVESHENTE. - VITANET ALBANIA<\/title>\n<meta name=\"robots\" content=\"index, follow, max-snippet:-1, max-image-preview:large, max-video-preview:-1\" \/>\n<link rel=\"canonical\" href=\"https:\/\/vitanet.al\/sq\/product\/b-vital-totale-2-tubi-x-20-tableta-eferveshente\/\" \/>\n<meta property=\"og:locale\" content=\"sq_AL\" \/>\n<meta property=\"og:type\" content=\"article\" \/>\n<meta property=\"og:title\" content=\"B-VITAL TOTALE 2 TUBI x 20 TABLETA EFERVESHENTE. - VITANET ALBANIA\" \/>\n<meta property=\"og:description\" content=\"B VITAL TOTALE TABLETA EFERVESHENTE X 20. T\u00eb gjitha vitaminat B dhe acidi folik, n\u00eb doza t\u00eb balancuara, n\u00eb ve\u00e7anti p\u00ebrmban nivelin e duhur ditor t\u00eb acidit folik p\u00ebr grat\u00eb shtatz\u00ebna. Acidi folik kontribuon n\u00eb rritjen e indeve t\u00eb n\u00ebn\u00ebs gjat\u00eb shtatz\u00ebnis\u00eb dhe n\u00eb formimin e rruazave t\u00eb gjakut. Vitamina B 12 kontribuon n\u00eb eritropoez\u00eb, [&hellip;]\" \/>\n<meta property=\"og:url\" content=\"https:\/\/vitanet.al\/sq\/product\/b-vital-totale-2-tubi-x-20-tableta-eferveshente\/\" \/>\n<meta property=\"og:site_name\" content=\"VITANET ALBANIA\" \/>\n<meta property=\"og:image\" content=\"https:\/\/vitanet.al\/wp-content\/uploads\/2026\/02\/Bvital-Totale-Efferveshente.jpg\" \/>\n\t<meta property=\"og:image:width\" content=\"1199\" \/>\n\t<meta property=\"og:image:height\" content=\"789\" \/>\n\t<meta property=\"og:image:type\" content=\"image\/jpeg\" \/>\n<meta name=\"twitter:card\" content=\"summary_large_image\" \/>\n<meta name=\"twitter:label1\" content=\"Est. reading time\" \/>\n\t<meta name=\"twitter:data1\" content=\"1 minute\" \/>\n<script type=\"application\/ld+json\" class=\"yoast-schema-graph\">{\"@context\":\"https:\\\/\\\/schema.org\",\"@graph\":[{\"@type\":\"WebPage\",\"@id\":\"https:\\\/\\\/vitanet.al\\\/sq\\\/product\\\/b-vital-totale-2-tubi-x-20-tableta-eferveshente\\\/\",\"url\":\"https:\\\/\\\/vitanet.al\\\/sq\\\/product\\\/b-vital-totale-2-tubi-x-20-tableta-eferveshente\\\/\",\"name\":\"B-VITAL TOTALE 2 TUBI x 20 TABLETA EFERVESHENTE. - VITANET ALBANIA\",\"isPartOf\":{\"@id\":\"https:\\\/\\\/vitanet.al\\\/sq\\\/#website\"},\"primaryImageOfPage\":{\"@id\":\"https:\\\/\\\/vitanet.al\\\/sq\\\/product\\\/b-vital-totale-2-tubi-x-20-tableta-eferveshente\\\/#primaryimage\"},\"image\":{\"@id\":\"https:\\\/\\\/vitanet.al\\\/sq\\\/product\\\/b-vital-totale-2-tubi-x-20-tableta-eferveshente\\\/#primaryimage\"},\"thumbnailUrl\":\"https:\\\/\\\/vitanet.al\\\/wp-content\\\/uploads\\\/2026\\\/02\\\/Bvital-Totale-Efferveshente.jpg\",\"datePublished\":\"2026-02-09T11:28:23+00:00\",\"breadcrumb\":{\"@id\":\"https:\\\/\\\/vitanet.al\\\/sq\\\/product\\\/b-vital-totale-2-tubi-x-20-tableta-eferveshente\\\/#breadcrumb\"},\"inLanguage\":\"sq-AL\",\"potentialAction\":[{\"@type\":\"ReadAction\",\"target\":[\"https:\\\/\\\/vitanet.al\\\/sq\\\/product\\\/b-vital-totale-2-tubi-x-20-tableta-eferveshente\\\/\"]}]},{\"@type\":\"ImageObject\",\"inLanguage\":\"sq-AL\",\"@id\":\"https:\\\/\\\/vitanet.al\\\/sq\\\/product\\\/b-vital-totale-2-tubi-x-20-tableta-eferveshente\\\/#primaryimage\",\"url\":\"https:\\\/\\\/vitanet.al\\\/wp-content\\\/uploads\\\/2026\\\/02\\\/Bvital-Totale-Efferveshente.jpg\",\"contentUrl\":\"https:\\\/\\\/vitanet.al\\\/wp-content\\\/uploads\\\/2026\\\/02\\\/Bvital-Totale-Efferveshente.jpg\",\"width\":1199,\"height\":789},{\"@type\":\"BreadcrumbList\",\"@id\":\"https:\\\/\\\/vitanet.al\\\/sq\\\/product\\\/b-vital-totale-2-tubi-x-20-tableta-eferveshente\\\/#breadcrumb\",\"itemListElement\":[{\"@type\":\"ListItem\",\"position\":1,\"name\":\"Home\",\"item\":\"https:\\\/\\\/vitanet.al\\\/sq\\\/\"},{\"@type\":\"ListItem\",\"position\":2,\"name\":\"Shop\",\"item\":\"https:\\\/\\\/vitanet.al\\\/sq\\\/shop\\\/\"},{\"@type\":\"ListItem\",\"position\":3,\"name\":\"B-VITAL TOTALE 2 TUBI x 20 TABLETA EFERVESHENTE.\"}]},{\"@type\":\"WebSite\",\"@id\":\"https:\\\/\\\/vitanet.al\\\/sq\\\/#website\",\"url\":\"https:\\\/\\\/vitanet.al\\\/sq\\\/\",\"name\":\"VITANET ALBANIA\",\"description\":\"\",\"publisher\":{\"@id\":\"https:\\\/\\\/vitanet.al\\\/sq\\\/#organization\"},\"potentialAction\":[{\"@type\":\"SearchAction\",\"target\":{\"@type\":\"EntryPoint\",\"urlTemplate\":\"https:\\\/\\\/vitanet.al\\\/sq\\\/?s={search_term_string}\"},\"query-input\":{\"@type\":\"PropertyValueSpecification\",\"valueRequired\":true,\"valueName\":\"search_term_string\"}}],\"inLanguage\":\"sq-AL\"},{\"@type\":\"Organization\",\"@id\":\"https:\\\/\\\/vitanet.al\\\/sq\\\/#organization\",\"name\":\"VITANET ALBANIA\",\"url\":\"https:\\\/\\\/vitanet.al\\\/sq\\\/\",\"logo\":{\"@type\":\"ImageObject\",\"inLanguage\":\"sq-AL\",\"@id\":\"https:\\\/\\\/vitanet.al\\\/sq\\\/#\\\/schema\\\/logo\\\/image\\\/\",\"url\":\"https:\\\/\\\/vitanet.al\\\/wp-content\\\/uploads\\\/2022\\\/02\\\/Vitanet_Logo-scaled.webp\",\"contentUrl\":\"https:\\\/\\\/vitanet.al\\\/wp-content\\\/uploads\\\/2022\\\/02\\\/Vitanet_Logo-scaled.webp\",\"width\":2560,\"height\":714,\"caption\":\"VITANET ALBANIA\"},\"image\":{\"@id\":\"https:\\\/\\\/vitanet.al\\\/sq\\\/#\\\/schema\\\/logo\\\/image\\\/\"}}]}<\/script>\n<!-- \/ Yoast SEO plugin. -->","yoast_head_json":{"title":"B-VITAL TOTALE 2 TUBI x 20 TABLETA EFERVESHENTE. - VITANET ALBANIA","robots":{"index":"index","follow":"follow","max-snippet":"max-snippet:-1","max-image-preview":"max-image-preview:large","max-video-preview":"max-video-preview:-1"},"canonical":"https:\/\/vitanet.al\/sq\/product\/b-vital-totale-2-tubi-x-20-tableta-eferveshente\/","og_locale":"sq_AL","og_type":"article","og_title":"B-VITAL TOTALE 2 TUBI x 20 TABLETA EFERVESHENTE. - VITANET ALBANIA","og_description":"B VITAL TOTALE TABLETA EFERVESHENTE X 20. T\u00eb gjitha vitaminat B dhe acidi folik, n\u00eb doza t\u00eb balancuara, n\u00eb ve\u00e7anti p\u00ebrmban nivelin e duhur ditor t\u00eb acidit folik p\u00ebr grat\u00eb shtatz\u00ebna. Acidi folik kontribuon n\u00eb rritjen e indeve t\u00eb n\u00ebn\u00ebs gjat\u00eb shtatz\u00ebnis\u00eb dhe n\u00eb formimin e rruazave t\u00eb gjakut. Vitamina B 12 kontribuon n\u00eb eritropoez\u00eb, [&hellip;]","og_url":"https:\/\/vitanet.al\/sq\/product\/b-vital-totale-2-tubi-x-20-tableta-eferveshente\/","og_site_name":"VITANET ALBANIA","og_image":[{"width":1199,"height":789,"url":"https:\/\/vitanet.al\/wp-content\/uploads\/2026\/02\/Bvital-Totale-Efferveshente.jpg","type":"image\/jpeg"}],"twitter_card":"summary_large_image","twitter_misc":{"Est. reading time":"1 minute"},"schema":{"@context":"https:\/\/schema.org","@graph":[{"@type":"WebPage","@id":"https:\/\/vitanet.al\/sq\/product\/b-vital-totale-2-tubi-x-20-tableta-eferveshente\/","url":"https:\/\/vitanet.al\/sq\/product\/b-vital-totale-2-tubi-x-20-tableta-eferveshente\/","name":"B-VITAL TOTALE 2 TUBI x 20 TABLETA EFERVESHENTE. - VITANET ALBANIA","isPartOf":{"@id":"https:\/\/vitanet.al\/sq\/#website"},"primaryImageOfPage":{"@id":"https:\/\/vitanet.al\/sq\/product\/b-vital-totale-2-tubi-x-20-tableta-eferveshente\/#primaryimage"},"image":{"@id":"https:\/\/vitanet.al\/sq\/product\/b-vital-totale-2-tubi-x-20-tableta-eferveshente\/#primaryimage"},"thumbnailUrl":"https:\/\/vitanet.al\/wp-content\/uploads\/2026\/02\/Bvital-Totale-Efferveshente.jpg","datePublished":"2026-02-09T11:28:23+00:00","breadcrumb":{"@id":"https:\/\/vitanet.al\/sq\/product\/b-vital-totale-2-tubi-x-20-tableta-eferveshente\/#breadcrumb"},"inLanguage":"sq-AL","potentialAction":[{"@type":"ReadAction","target":["https:\/\/vitanet.al\/sq\/product\/b-vital-totale-2-tubi-x-20-tableta-eferveshente\/"]}]},{"@type":"ImageObject","inLanguage":"sq-AL","@id":"https:\/\/vitanet.al\/sq\/product\/b-vital-totale-2-tubi-x-20-tableta-eferveshente\/#primaryimage","url":"https:\/\/vitanet.al\/wp-content\/uploads\/2026\/02\/Bvital-Totale-Efferveshente.jpg","contentUrl":"https:\/\/vitanet.al\/wp-content\/uploads\/2026\/02\/Bvital-Totale-Efferveshente.jpg","width":1199,"height":789},{"@type":"BreadcrumbList","@id":"https:\/\/vitanet.al\/sq\/product\/b-vital-totale-2-tubi-x-20-tableta-eferveshente\/#breadcrumb","itemListElement":[{"@type":"ListItem","position":1,"name":"Home","item":"https:\/\/vitanet.al\/sq\/"},{"@type":"ListItem","position":2,"name":"Shop","item":"https:\/\/vitanet.al\/sq\/shop\/"},{"@type":"ListItem","position":3,"name":"B-VITAL TOTALE 2 TUBI x 20 TABLETA EFERVESHENTE."}]},{"@type":"WebSite","@id":"https:\/\/vitanet.al\/sq\/#website","url":"https:\/\/vitanet.al\/sq\/","name":"VITANET ALBANIA","description":"","publisher":{"@id":"https:\/\/vitanet.al\/sq\/#organization"},"potentialAction":[{"@type":"SearchAction","target":{"@type":"EntryPoint","urlTemplate":"https:\/\/vitanet.al\/sq\/?s={search_term_string}"},"query-input":{"@type":"PropertyValueSpecification","valueRequired":true,"valueName":"search_term_string"}}],"inLanguage":"sq-AL"},{"@type":"Organization","@id":"https:\/\/vitanet.al\/sq\/#organization","name":"VITANET ALBANIA","url":"https:\/\/vitanet.al\/sq\/","logo":{"@type":"ImageObject","inLanguage":"sq-AL","@id":"https:\/\/vitanet.al\/sq\/#\/schema\/logo\/image\/","url":"https:\/\/vitanet.al\/wp-content\/uploads\/2022\/02\/Vitanet_Logo-scaled.webp","contentUrl":"https:\/\/vitanet.al\/wp-content\/uploads\/2022\/02\/Vitanet_Logo-scaled.webp","width":2560,"height":714,"caption":"VITANET ALBANIA"},"image":{"@id":"https:\/\/vitanet.al\/sq\/#\/schema\/logo\/image\/"}}]}},"_links":{"self":[{"href":"https:\/\/vitanet.al\/sq\/wp-json\/wp\/v2\/product\/7552","targetHints":{"allow":["GET"]}}],"collection":[{"href":"https:\/\/vitanet.al\/sq\/wp-json\/wp\/v2\/product"}],"about":[{"href":"https:\/\/vitanet.al\/sq\/wp-json\/wp\/v2\/types\/product"}],"version-history":[{"count":0,"href":"https:\/\/vitanet.al\/sq\/wp-json\/wp\/v2\/product\/7552\/revisions"}],"wp:featuredmedia":[{"embeddable":true,"href":"https:\/\/vitanet.al\/sq\/wp-json\/wp\/v2\/media\/8315"}],"wp:attachment":[{"href":"https:\/\/vitanet.al\/sq\/wp-json\/wp\/v2\/media?parent=7552"}],"wp:term":[{"taxonomy":"product_brand","embeddable":true,"href":"https:\/\/vitanet.al\/sq\/wp-json\/wp\/v2\/product_brand?post=7552"},{"taxonomy":"product_cat","embeddable":true,"href":"https:\/\/vitanet.al\/sq\/wp-json\/wp\/v2\/product_cat?post=7552"},{"taxonomy":"product_tag","embeddable":true,"href":"https:\/\/vitanet.al\/sq\/wp-json\/wp\/v2\/product_tag?post=7552"}],"curies":[{"name":"wp","href":"https:\/\/api.w.org\/{rel}","templated":true}]}}