{"id":7558,"date":"2026-02-09T11:28:31","date_gmt":"2026-02-09T11:28:31","guid":{"rendered":"https:\/\/vitanet.al\/product\/b-vital-zgjidhje-totale-100-ml\/"},"modified":"2026-02-09T11:28:31","modified_gmt":"2026-02-09T11:28:31","slug":"b-vital-zgjidhje-totale-100-ml","status":"publish","type":"product","link":"https:\/\/vitanet.al\/sq\/product\/b-vital-zgjidhje-totale-100-ml\/","title":{"rendered":"B-VITAL ZGJIDHJE TOTALE 100 ML"},"content":{"rendered":"<p>B-VITAL ZGJIDHJE TOTALE 100 ML. T\u00eb gjitha vitaminat B dhe acidi folik, n\u00eb doza t\u00eb balancuara, n\u00eb ve\u00e7anti p\u00ebrmban nivelin e duhur ditor t\u00eb acidit folik p\u00ebr grat\u00eb shtatz\u00ebna. Acidi folik kontribuon n\u00eb rritjen e indeve t\u00eb n\u00ebn\u00ebs gjat\u00eb shtatz\u00ebnis\u00eb dhe n\u00eb formimin e gjakut. Vitamina B12 kontribuon n\u00eb eritropoez\u00eb, nd\u00ebrsa vitamina B6 s\u00eb bashku me B12 ndikon n\u00eb metabolizmin e homocistein\u00ebs. Vitaminat B1, B2, B6 dhe B12 kontribuojn\u00eb p\u00ebr nj\u00eb metaboliz\u00ebm normal energjitik. Pa gluten, laktoz\u00eb. Me fruktoz\u00eb dhe \u00ebmb\u00eblsues. P\u00ebrb\u00ebrja: Inositol 100 mg &#8211; Acid pantotenik 18 mg, Vitamin\u00eb B6 9.5 mg &#8211; Vitamin\u00eb B2 &#8211; 10 mg, Vitamin\u00eb B1 &#8211; 10 mg, Acid folik 400 mcg, Vitamin\u00eb B12 &#8211; 25 mcg. P\u00ebrdorimi: 10 ml n\u00eb dit\u00eb. Tundeni para p\u00ebrdorimit.<\/p>\n","protected":false},"excerpt":{"rendered":"<p>B-VITAL ZGJIDHJE TOTALE 100 ML. T\u00eb gjitha vitaminat B dhe acidi folik, n\u00eb doza t\u00eb balancuara, n\u00eb ve\u00e7anti p\u00ebrmban nivelin e duhur ditor t\u00eb acidit folik p\u00ebr grat\u00eb shtatz\u00ebna. Acidi folik kontribuon n\u00eb rritjen e indeve t\u00eb n\u00ebn\u00ebs gjat\u00eb shtatz\u00ebnis\u00eb dhe n\u00eb formimin e gjakut. Vitamina B12 kontribuon n\u00eb eritropoez\u00eb, nd\u00ebrsa vitamina B6 s\u00eb bashku [&hellip;]<\/p>\n","protected":false},"featured_media":8445,"template":"","meta":[],"product_brand":[],"product_cat":[119,124,102],"product_tag":[],"class_list":{"0":"post-7558","1":"product","2":"type-product","3":"status-publish","4":"has-post-thumbnail","6":"product_cat-markat-tona","7":"product_cat-pharmaline","8":"product_cat-suplemente","10":"first","11":"instock","12":"shipping-taxable","13":"purchasable","14":"product-type-simple"},"yoast_head":"<!-- This site is optimized with the Yoast SEO plugin v27.3 - https:\/\/yoast.com\/product\/yoast-seo-wordpress\/ -->\n<title>B-VITAL ZGJIDHJE TOTALE 100 ML - VITANET ALBANIA<\/title>\n<meta name=\"robots\" content=\"index, follow, max-snippet:-1, max-image-preview:large, max-video-preview:-1\" \/>\n<link rel=\"canonical\" href=\"https:\/\/vitanet.al\/sq\/product\/b-vital-zgjidhje-totale-100-ml\/\" \/>\n<meta property=\"og:locale\" content=\"sq_AL\" \/>\n<meta property=\"og:type\" content=\"article\" \/>\n<meta property=\"og:title\" content=\"B-VITAL ZGJIDHJE TOTALE 100 ML - VITANET ALBANIA\" \/>\n<meta property=\"og:description\" content=\"B-VITAL ZGJIDHJE TOTALE 100 ML. T\u00eb gjitha vitaminat B dhe acidi folik, n\u00eb doza t\u00eb balancuara, n\u00eb ve\u00e7anti p\u00ebrmban nivelin e duhur ditor t\u00eb acidit folik p\u00ebr grat\u00eb shtatz\u00ebna. Acidi folik kontribuon n\u00eb rritjen e indeve t\u00eb n\u00ebn\u00ebs gjat\u00eb shtatz\u00ebnis\u00eb dhe n\u00eb formimin e gjakut. Vitamina B12 kontribuon n\u00eb eritropoez\u00eb, nd\u00ebrsa vitamina B6 s\u00eb bashku [&hellip;]\" \/>\n<meta property=\"og:url\" content=\"https:\/\/vitanet.al\/sq\/product\/b-vital-zgjidhje-totale-100-ml\/\" \/>\n<meta property=\"og:site_name\" content=\"VITANET ALBANIA\" \/>\n<meta property=\"og:image\" content=\"https:\/\/vitanet.al\/wp-content\/uploads\/2026\/02\/B-vital-totale-soluzione-orale-100ml-735x735-1.webp\" \/>\n\t<meta property=\"og:image:width\" content=\"735\" \/>\n\t<meta property=\"og:image:height\" content=\"735\" \/>\n\t<meta property=\"og:image:type\" content=\"image\/webp\" \/>\n<meta name=\"twitter:card\" content=\"summary_large_image\" \/>\n<meta name=\"twitter:label1\" content=\"Est. reading time\" \/>\n\t<meta name=\"twitter:data1\" content=\"1 minute\" \/>\n<script type=\"application\/ld+json\" class=\"yoast-schema-graph\">{\"@context\":\"https:\\\/\\\/schema.org\",\"@graph\":[{\"@type\":\"WebPage\",\"@id\":\"https:\\\/\\\/vitanet.al\\\/sq\\\/product\\\/b-vital-zgjidhje-totale-100-ml\\\/\",\"url\":\"https:\\\/\\\/vitanet.al\\\/sq\\\/product\\\/b-vital-zgjidhje-totale-100-ml\\\/\",\"name\":\"B-VITAL ZGJIDHJE TOTALE 100 ML - VITANET ALBANIA\",\"isPartOf\":{\"@id\":\"https:\\\/\\\/vitanet.al\\\/sq\\\/#website\"},\"primaryImageOfPage\":{\"@id\":\"https:\\\/\\\/vitanet.al\\\/sq\\\/product\\\/b-vital-zgjidhje-totale-100-ml\\\/#primaryimage\"},\"image\":{\"@id\":\"https:\\\/\\\/vitanet.al\\\/sq\\\/product\\\/b-vital-zgjidhje-totale-100-ml\\\/#primaryimage\"},\"thumbnailUrl\":\"https:\\\/\\\/vitanet.al\\\/wp-content\\\/uploads\\\/2026\\\/02\\\/B-vital-totale-soluzione-orale-100ml-735x735-1.webp\",\"datePublished\":\"2026-02-09T11:28:31+00:00\",\"breadcrumb\":{\"@id\":\"https:\\\/\\\/vitanet.al\\\/sq\\\/product\\\/b-vital-zgjidhje-totale-100-ml\\\/#breadcrumb\"},\"inLanguage\":\"sq-AL\",\"potentialAction\":[{\"@type\":\"ReadAction\",\"target\":[\"https:\\\/\\\/vitanet.al\\\/sq\\\/product\\\/b-vital-zgjidhje-totale-100-ml\\\/\"]}]},{\"@type\":\"ImageObject\",\"inLanguage\":\"sq-AL\",\"@id\":\"https:\\\/\\\/vitanet.al\\\/sq\\\/product\\\/b-vital-zgjidhje-totale-100-ml\\\/#primaryimage\",\"url\":\"https:\\\/\\\/vitanet.al\\\/wp-content\\\/uploads\\\/2026\\\/02\\\/B-vital-totale-soluzione-orale-100ml-735x735-1.webp\",\"contentUrl\":\"https:\\\/\\\/vitanet.al\\\/wp-content\\\/uploads\\\/2026\\\/02\\\/B-vital-totale-soluzione-orale-100ml-735x735-1.webp\",\"width\":735,\"height\":735},{\"@type\":\"BreadcrumbList\",\"@id\":\"https:\\\/\\\/vitanet.al\\\/sq\\\/product\\\/b-vital-zgjidhje-totale-100-ml\\\/#breadcrumb\",\"itemListElement\":[{\"@type\":\"ListItem\",\"position\":1,\"name\":\"Home\",\"item\":\"https:\\\/\\\/vitanet.al\\\/sq\\\/\"},{\"@type\":\"ListItem\",\"position\":2,\"name\":\"Shop\",\"item\":\"https:\\\/\\\/vitanet.al\\\/sq\\\/shop\\\/\"},{\"@type\":\"ListItem\",\"position\":3,\"name\":\"B-VITAL ZGJIDHJE TOTALE 100 ML\"}]},{\"@type\":\"WebSite\",\"@id\":\"https:\\\/\\\/vitanet.al\\\/sq\\\/#website\",\"url\":\"https:\\\/\\\/vitanet.al\\\/sq\\\/\",\"name\":\"VITANET ALBANIA\",\"description\":\"\",\"publisher\":{\"@id\":\"https:\\\/\\\/vitanet.al\\\/sq\\\/#organization\"},\"potentialAction\":[{\"@type\":\"SearchAction\",\"target\":{\"@type\":\"EntryPoint\",\"urlTemplate\":\"https:\\\/\\\/vitanet.al\\\/sq\\\/?s={search_term_string}\"},\"query-input\":{\"@type\":\"PropertyValueSpecification\",\"valueRequired\":true,\"valueName\":\"search_term_string\"}}],\"inLanguage\":\"sq-AL\"},{\"@type\":\"Organization\",\"@id\":\"https:\\\/\\\/vitanet.al\\\/sq\\\/#organization\",\"name\":\"VITANET ALBANIA\",\"url\":\"https:\\\/\\\/vitanet.al\\\/sq\\\/\",\"logo\":{\"@type\":\"ImageObject\",\"inLanguage\":\"sq-AL\",\"@id\":\"https:\\\/\\\/vitanet.al\\\/sq\\\/#\\\/schema\\\/logo\\\/image\\\/\",\"url\":\"https:\\\/\\\/vitanet.al\\\/wp-content\\\/uploads\\\/2022\\\/02\\\/Vitanet_Logo-scaled.webp\",\"contentUrl\":\"https:\\\/\\\/vitanet.al\\\/wp-content\\\/uploads\\\/2022\\\/02\\\/Vitanet_Logo-scaled.webp\",\"width\":2560,\"height\":714,\"caption\":\"VITANET ALBANIA\"},\"image\":{\"@id\":\"https:\\\/\\\/vitanet.al\\\/sq\\\/#\\\/schema\\\/logo\\\/image\\\/\"}}]}<\/script>\n<!-- \/ Yoast SEO plugin. -->","yoast_head_json":{"title":"B-VITAL ZGJIDHJE TOTALE 100 ML - VITANET ALBANIA","robots":{"index":"index","follow":"follow","max-snippet":"max-snippet:-1","max-image-preview":"max-image-preview:large","max-video-preview":"max-video-preview:-1"},"canonical":"https:\/\/vitanet.al\/sq\/product\/b-vital-zgjidhje-totale-100-ml\/","og_locale":"sq_AL","og_type":"article","og_title":"B-VITAL ZGJIDHJE TOTALE 100 ML - VITANET ALBANIA","og_description":"B-VITAL ZGJIDHJE TOTALE 100 ML. T\u00eb gjitha vitaminat B dhe acidi folik, n\u00eb doza t\u00eb balancuara, n\u00eb ve\u00e7anti p\u00ebrmban nivelin e duhur ditor t\u00eb acidit folik p\u00ebr grat\u00eb shtatz\u00ebna. Acidi folik kontribuon n\u00eb rritjen e indeve t\u00eb n\u00ebn\u00ebs gjat\u00eb shtatz\u00ebnis\u00eb dhe n\u00eb formimin e gjakut. Vitamina B12 kontribuon n\u00eb eritropoez\u00eb, nd\u00ebrsa vitamina B6 s\u00eb bashku [&hellip;]","og_url":"https:\/\/vitanet.al\/sq\/product\/b-vital-zgjidhje-totale-100-ml\/","og_site_name":"VITANET ALBANIA","og_image":[{"width":735,"height":735,"url":"https:\/\/vitanet.al\/wp-content\/uploads\/2026\/02\/B-vital-totale-soluzione-orale-100ml-735x735-1.webp","type":"image\/webp"}],"twitter_card":"summary_large_image","twitter_misc":{"Est. reading time":"1 minute"},"schema":{"@context":"https:\/\/schema.org","@graph":[{"@type":"WebPage","@id":"https:\/\/vitanet.al\/sq\/product\/b-vital-zgjidhje-totale-100-ml\/","url":"https:\/\/vitanet.al\/sq\/product\/b-vital-zgjidhje-totale-100-ml\/","name":"B-VITAL ZGJIDHJE TOTALE 100 ML - VITANET ALBANIA","isPartOf":{"@id":"https:\/\/vitanet.al\/sq\/#website"},"primaryImageOfPage":{"@id":"https:\/\/vitanet.al\/sq\/product\/b-vital-zgjidhje-totale-100-ml\/#primaryimage"},"image":{"@id":"https:\/\/vitanet.al\/sq\/product\/b-vital-zgjidhje-totale-100-ml\/#primaryimage"},"thumbnailUrl":"https:\/\/vitanet.al\/wp-content\/uploads\/2026\/02\/B-vital-totale-soluzione-orale-100ml-735x735-1.webp","datePublished":"2026-02-09T11:28:31+00:00","breadcrumb":{"@id":"https:\/\/vitanet.al\/sq\/product\/b-vital-zgjidhje-totale-100-ml\/#breadcrumb"},"inLanguage":"sq-AL","potentialAction":[{"@type":"ReadAction","target":["https:\/\/vitanet.al\/sq\/product\/b-vital-zgjidhje-totale-100-ml\/"]}]},{"@type":"ImageObject","inLanguage":"sq-AL","@id":"https:\/\/vitanet.al\/sq\/product\/b-vital-zgjidhje-totale-100-ml\/#primaryimage","url":"https:\/\/vitanet.al\/wp-content\/uploads\/2026\/02\/B-vital-totale-soluzione-orale-100ml-735x735-1.webp","contentUrl":"https:\/\/vitanet.al\/wp-content\/uploads\/2026\/02\/B-vital-totale-soluzione-orale-100ml-735x735-1.webp","width":735,"height":735},{"@type":"BreadcrumbList","@id":"https:\/\/vitanet.al\/sq\/product\/b-vital-zgjidhje-totale-100-ml\/#breadcrumb","itemListElement":[{"@type":"ListItem","position":1,"name":"Home","item":"https:\/\/vitanet.al\/sq\/"},{"@type":"ListItem","position":2,"name":"Shop","item":"https:\/\/vitanet.al\/sq\/shop\/"},{"@type":"ListItem","position":3,"name":"B-VITAL ZGJIDHJE TOTALE 100 ML"}]},{"@type":"WebSite","@id":"https:\/\/vitanet.al\/sq\/#website","url":"https:\/\/vitanet.al\/sq\/","name":"VITANET ALBANIA","description":"","publisher":{"@id":"https:\/\/vitanet.al\/sq\/#organization"},"potentialAction":[{"@type":"SearchAction","target":{"@type":"EntryPoint","urlTemplate":"https:\/\/vitanet.al\/sq\/?s={search_term_string}"},"query-input":{"@type":"PropertyValueSpecification","valueRequired":true,"valueName":"search_term_string"}}],"inLanguage":"sq-AL"},{"@type":"Organization","@id":"https:\/\/vitanet.al\/sq\/#organization","name":"VITANET ALBANIA","url":"https:\/\/vitanet.al\/sq\/","logo":{"@type":"ImageObject","inLanguage":"sq-AL","@id":"https:\/\/vitanet.al\/sq\/#\/schema\/logo\/image\/","url":"https:\/\/vitanet.al\/wp-content\/uploads\/2022\/02\/Vitanet_Logo-scaled.webp","contentUrl":"https:\/\/vitanet.al\/wp-content\/uploads\/2022\/02\/Vitanet_Logo-scaled.webp","width":2560,"height":714,"caption":"VITANET ALBANIA"},"image":{"@id":"https:\/\/vitanet.al\/sq\/#\/schema\/logo\/image\/"}}]}},"_links":{"self":[{"href":"https:\/\/vitanet.al\/sq\/wp-json\/wp\/v2\/product\/7558","targetHints":{"allow":["GET"]}}],"collection":[{"href":"https:\/\/vitanet.al\/sq\/wp-json\/wp\/v2\/product"}],"about":[{"href":"https:\/\/vitanet.al\/sq\/wp-json\/wp\/v2\/types\/product"}],"version-history":[{"count":0,"href":"https:\/\/vitanet.al\/sq\/wp-json\/wp\/v2\/product\/7558\/revisions"}],"wp:featuredmedia":[{"embeddable":true,"href":"https:\/\/vitanet.al\/sq\/wp-json\/wp\/v2\/media\/8445"}],"wp:attachment":[{"href":"https:\/\/vitanet.al\/sq\/wp-json\/wp\/v2\/media?parent=7558"}],"wp:term":[{"taxonomy":"product_brand","embeddable":true,"href":"https:\/\/vitanet.al\/sq\/wp-json\/wp\/v2\/product_brand?post=7558"},{"taxonomy":"product_cat","embeddable":true,"href":"https:\/\/vitanet.al\/sq\/wp-json\/wp\/v2\/product_cat?post=7558"},{"taxonomy":"product_tag","embeddable":true,"href":"https:\/\/vitanet.al\/sq\/wp-json\/wp\/v2\/product_tag?post=7558"}],"curies":[{"name":"wp","href":"https:\/\/api.w.org\/{rel}","templated":true}]}}