{"id":7559,"date":"2026-02-09T11:28:31","date_gmt":"2026-02-09T11:28:31","guid":{"rendered":"https:\/\/vitanet.al\/product\/enterovital-x-10-flakone-orale\/"},"modified":"2026-02-09T11:29:27","modified_gmt":"2026-02-09T11:29:27","slug":"enterovital-x-10-flakone-orale","status":"publish","type":"product","link":"https:\/\/vitanet.al\/sq\/product\/enterovital-x-10-flakone-orale\/","title":{"rendered":"ENTEROVITAL x 10 FLAKON\u00cb ORAL\u00cb"},"content":{"rendered":"<p>ENTEROVITAL X 10 FLAKONE. P\u00ebrmban 10 flakon\u00eb monodoz\u00eb. P\u00ebrmban fermente laktike t\u00eb liofilizuar 7,5 mld, Inulin\u00eb 1.2g, Laktoferin\u00eb 50mg. Indikohet n\u00eb rastet e diares\u00eb, trajtimit me antibiotik\u00eb, n\u00eb rastet e r\u00ebnies s\u00eb imunitetit. P\u00ebrdorimi: 1 ose 2 flakon\u00eb n\u00eb dit\u00eb sipas nevoj\u00ebs.<\/p>\n","protected":false},"excerpt":{"rendered":"<p>ENTEROVITAL X 10 FLAKONE. P\u00ebrmban 10 flakon\u00eb monodoz\u00eb. P\u00ebrmban fermente laktike t\u00eb liofilizuar 7,5 mld, Inulin\u00eb 1.2g, Laktoferin\u00eb 50mg. Indikohet n\u00eb rastet e diares\u00eb, trajtimit me antibiotik\u00eb, n\u00eb rastet e r\u00ebnies s\u00eb imunitetit. P\u00ebrdorimi: 1 ose 2 flakon\u00eb n\u00eb dit\u00eb sipas nevoj\u00ebs.<\/p>\n","protected":false},"featured_media":8437,"template":"","meta":[],"product_brand":[],"product_cat":[119,124,102,122],"product_tag":[],"class_list":{"0":"post-7559","1":"product","2":"type-product","3":"status-publish","4":"has-post-thumbnail","6":"product_cat-markat-tona","7":"product_cat-pharmaline","8":"product_cat-suplemente","9":"product_cat-suplemente-dhe-vitamina","11":"first","12":"instock","13":"shipping-taxable","14":"purchasable","15":"product-type-simple"},"yoast_head":"<!-- This site is optimized with the Yoast SEO plugin v27.3 - https:\/\/yoast.com\/product\/yoast-seo-wordpress\/ -->\n<title>ENTEROVITAL x 10 FLAKON\u00cb ORAL\u00cb - VITANET ALBANIA<\/title>\n<meta name=\"robots\" content=\"index, follow, max-snippet:-1, max-image-preview:large, max-video-preview:-1\" \/>\n<link rel=\"canonical\" href=\"https:\/\/vitanet.al\/sq\/product\/enterovital-x-10-flakone-orale\/\" \/>\n<meta property=\"og:locale\" content=\"sq_AL\" \/>\n<meta property=\"og:type\" content=\"article\" \/>\n<meta property=\"og:title\" content=\"ENTEROVITAL x 10 FLAKON\u00cb ORAL\u00cb - VITANET ALBANIA\" \/>\n<meta property=\"og:description\" content=\"ENTEROVITAL X 10 FLAKONE. P\u00ebrmban 10 flakon\u00eb monodoz\u00eb. P\u00ebrmban fermente laktike t\u00eb liofilizuar 7,5 mld, Inulin\u00eb 1.2g, Laktoferin\u00eb 50mg. Indikohet n\u00eb rastet e diares\u00eb, trajtimit me antibiotik\u00eb, n\u00eb rastet e r\u00ebnies s\u00eb imunitetit. P\u00ebrdorimi: 1 ose 2 flakon\u00eb n\u00eb dit\u00eb sipas nevoj\u00ebs.\" \/>\n<meta property=\"og:url\" content=\"https:\/\/vitanet.al\/sq\/product\/enterovital-x-10-flakone-orale\/\" \/>\n<meta property=\"og:site_name\" content=\"VITANET ALBANIA\" \/>\n<meta property=\"article:modified_time\" content=\"2026-02-09T11:29:27+00:00\" \/>\n<meta property=\"og:image\" content=\"https:\/\/vitanet.al\/wp-content\/uploads\/2026\/02\/986042479-enterovital-8f-os-10ml.webp\" \/>\n\t<meta property=\"og:image:width\" content=\"600\" \/>\n\t<meta property=\"og:image:height\" content=\"600\" \/>\n\t<meta property=\"og:image:type\" content=\"image\/webp\" \/>\n<meta name=\"twitter:card\" content=\"summary_large_image\" \/>\n<script type=\"application\/ld+json\" class=\"yoast-schema-graph\">{\"@context\":\"https:\\\/\\\/schema.org\",\"@graph\":[{\"@type\":\"WebPage\",\"@id\":\"https:\\\/\\\/vitanet.al\\\/sq\\\/product\\\/enterovital-x-10-flakone-orale\\\/\",\"url\":\"https:\\\/\\\/vitanet.al\\\/sq\\\/product\\\/enterovital-x-10-flakone-orale\\\/\",\"name\":\"ENTEROVITAL x 10 FLAKON\u00cb ORAL\u00cb - VITANET ALBANIA\",\"isPartOf\":{\"@id\":\"https:\\\/\\\/vitanet.al\\\/sq\\\/#website\"},\"primaryImageOfPage\":{\"@id\":\"https:\\\/\\\/vitanet.al\\\/sq\\\/product\\\/enterovital-x-10-flakone-orale\\\/#primaryimage\"},\"image\":{\"@id\":\"https:\\\/\\\/vitanet.al\\\/sq\\\/product\\\/enterovital-x-10-flakone-orale\\\/#primaryimage\"},\"thumbnailUrl\":\"https:\\\/\\\/vitanet.al\\\/wp-content\\\/uploads\\\/2026\\\/02\\\/986042479-enterovital-8f-os-10ml.webp\",\"datePublished\":\"2026-02-09T11:28:31+00:00\",\"dateModified\":\"2026-02-09T11:29:27+00:00\",\"breadcrumb\":{\"@id\":\"https:\\\/\\\/vitanet.al\\\/sq\\\/product\\\/enterovital-x-10-flakone-orale\\\/#breadcrumb\"},\"inLanguage\":\"sq-AL\",\"potentialAction\":[{\"@type\":\"ReadAction\",\"target\":[\"https:\\\/\\\/vitanet.al\\\/sq\\\/product\\\/enterovital-x-10-flakone-orale\\\/\"]}]},{\"@type\":\"ImageObject\",\"inLanguage\":\"sq-AL\",\"@id\":\"https:\\\/\\\/vitanet.al\\\/sq\\\/product\\\/enterovital-x-10-flakone-orale\\\/#primaryimage\",\"url\":\"https:\\\/\\\/vitanet.al\\\/wp-content\\\/uploads\\\/2026\\\/02\\\/986042479-enterovital-8f-os-10ml.webp\",\"contentUrl\":\"https:\\\/\\\/vitanet.al\\\/wp-content\\\/uploads\\\/2026\\\/02\\\/986042479-enterovital-8f-os-10ml.webp\",\"width\":600,\"height\":600},{\"@type\":\"BreadcrumbList\",\"@id\":\"https:\\\/\\\/vitanet.al\\\/sq\\\/product\\\/enterovital-x-10-flakone-orale\\\/#breadcrumb\",\"itemListElement\":[{\"@type\":\"ListItem\",\"position\":1,\"name\":\"Home\",\"item\":\"https:\\\/\\\/vitanet.al\\\/sq\\\/\"},{\"@type\":\"ListItem\",\"position\":2,\"name\":\"Shop\",\"item\":\"https:\\\/\\\/vitanet.al\\\/sq\\\/shop\\\/\"},{\"@type\":\"ListItem\",\"position\":3,\"name\":\"ENTEROVITAL x 10 FLAKON\u00cb ORAL\u00cb\"}]},{\"@type\":\"WebSite\",\"@id\":\"https:\\\/\\\/vitanet.al\\\/sq\\\/#website\",\"url\":\"https:\\\/\\\/vitanet.al\\\/sq\\\/\",\"name\":\"VITANET ALBANIA\",\"description\":\"\",\"publisher\":{\"@id\":\"https:\\\/\\\/vitanet.al\\\/sq\\\/#organization\"},\"potentialAction\":[{\"@type\":\"SearchAction\",\"target\":{\"@type\":\"EntryPoint\",\"urlTemplate\":\"https:\\\/\\\/vitanet.al\\\/sq\\\/?s={search_term_string}\"},\"query-input\":{\"@type\":\"PropertyValueSpecification\",\"valueRequired\":true,\"valueName\":\"search_term_string\"}}],\"inLanguage\":\"sq-AL\"},{\"@type\":\"Organization\",\"@id\":\"https:\\\/\\\/vitanet.al\\\/sq\\\/#organization\",\"name\":\"VITANET ALBANIA\",\"url\":\"https:\\\/\\\/vitanet.al\\\/sq\\\/\",\"logo\":{\"@type\":\"ImageObject\",\"inLanguage\":\"sq-AL\",\"@id\":\"https:\\\/\\\/vitanet.al\\\/sq\\\/#\\\/schema\\\/logo\\\/image\\\/\",\"url\":\"https:\\\/\\\/vitanet.al\\\/wp-content\\\/uploads\\\/2022\\\/02\\\/Vitanet_Logo-scaled.webp\",\"contentUrl\":\"https:\\\/\\\/vitanet.al\\\/wp-content\\\/uploads\\\/2022\\\/02\\\/Vitanet_Logo-scaled.webp\",\"width\":2560,\"height\":714,\"caption\":\"VITANET ALBANIA\"},\"image\":{\"@id\":\"https:\\\/\\\/vitanet.al\\\/sq\\\/#\\\/schema\\\/logo\\\/image\\\/\"}}]}<\/script>\n<!-- \/ Yoast SEO plugin. -->","yoast_head_json":{"title":"ENTEROVITAL x 10 FLAKON\u00cb ORAL\u00cb - VITANET ALBANIA","robots":{"index":"index","follow":"follow","max-snippet":"max-snippet:-1","max-image-preview":"max-image-preview:large","max-video-preview":"max-video-preview:-1"},"canonical":"https:\/\/vitanet.al\/sq\/product\/enterovital-x-10-flakone-orale\/","og_locale":"sq_AL","og_type":"article","og_title":"ENTEROVITAL x 10 FLAKON\u00cb ORAL\u00cb - VITANET ALBANIA","og_description":"ENTEROVITAL X 10 FLAKONE. P\u00ebrmban 10 flakon\u00eb monodoz\u00eb. P\u00ebrmban fermente laktike t\u00eb liofilizuar 7,5 mld, Inulin\u00eb 1.2g, Laktoferin\u00eb 50mg. Indikohet n\u00eb rastet e diares\u00eb, trajtimit me antibiotik\u00eb, n\u00eb rastet e r\u00ebnies s\u00eb imunitetit. P\u00ebrdorimi: 1 ose 2 flakon\u00eb n\u00eb dit\u00eb sipas nevoj\u00ebs.","og_url":"https:\/\/vitanet.al\/sq\/product\/enterovital-x-10-flakone-orale\/","og_site_name":"VITANET ALBANIA","article_modified_time":"2026-02-09T11:29:27+00:00","og_image":[{"width":600,"height":600,"url":"https:\/\/vitanet.al\/wp-content\/uploads\/2026\/02\/986042479-enterovital-8f-os-10ml.webp","type":"image\/webp"}],"twitter_card":"summary_large_image","schema":{"@context":"https:\/\/schema.org","@graph":[{"@type":"WebPage","@id":"https:\/\/vitanet.al\/sq\/product\/enterovital-x-10-flakone-orale\/","url":"https:\/\/vitanet.al\/sq\/product\/enterovital-x-10-flakone-orale\/","name":"ENTEROVITAL x 10 FLAKON\u00cb ORAL\u00cb - VITANET ALBANIA","isPartOf":{"@id":"https:\/\/vitanet.al\/sq\/#website"},"primaryImageOfPage":{"@id":"https:\/\/vitanet.al\/sq\/product\/enterovital-x-10-flakone-orale\/#primaryimage"},"image":{"@id":"https:\/\/vitanet.al\/sq\/product\/enterovital-x-10-flakone-orale\/#primaryimage"},"thumbnailUrl":"https:\/\/vitanet.al\/wp-content\/uploads\/2026\/02\/986042479-enterovital-8f-os-10ml.webp","datePublished":"2026-02-09T11:28:31+00:00","dateModified":"2026-02-09T11:29:27+00:00","breadcrumb":{"@id":"https:\/\/vitanet.al\/sq\/product\/enterovital-x-10-flakone-orale\/#breadcrumb"},"inLanguage":"sq-AL","potentialAction":[{"@type":"ReadAction","target":["https:\/\/vitanet.al\/sq\/product\/enterovital-x-10-flakone-orale\/"]}]},{"@type":"ImageObject","inLanguage":"sq-AL","@id":"https:\/\/vitanet.al\/sq\/product\/enterovital-x-10-flakone-orale\/#primaryimage","url":"https:\/\/vitanet.al\/wp-content\/uploads\/2026\/02\/986042479-enterovital-8f-os-10ml.webp","contentUrl":"https:\/\/vitanet.al\/wp-content\/uploads\/2026\/02\/986042479-enterovital-8f-os-10ml.webp","width":600,"height":600},{"@type":"BreadcrumbList","@id":"https:\/\/vitanet.al\/sq\/product\/enterovital-x-10-flakone-orale\/#breadcrumb","itemListElement":[{"@type":"ListItem","position":1,"name":"Home","item":"https:\/\/vitanet.al\/sq\/"},{"@type":"ListItem","position":2,"name":"Shop","item":"https:\/\/vitanet.al\/sq\/shop\/"},{"@type":"ListItem","position":3,"name":"ENTEROVITAL x 10 FLAKON\u00cb ORAL\u00cb"}]},{"@type":"WebSite","@id":"https:\/\/vitanet.al\/sq\/#website","url":"https:\/\/vitanet.al\/sq\/","name":"VITANET ALBANIA","description":"","publisher":{"@id":"https:\/\/vitanet.al\/sq\/#organization"},"potentialAction":[{"@type":"SearchAction","target":{"@type":"EntryPoint","urlTemplate":"https:\/\/vitanet.al\/sq\/?s={search_term_string}"},"query-input":{"@type":"PropertyValueSpecification","valueRequired":true,"valueName":"search_term_string"}}],"inLanguage":"sq-AL"},{"@type":"Organization","@id":"https:\/\/vitanet.al\/sq\/#organization","name":"VITANET ALBANIA","url":"https:\/\/vitanet.al\/sq\/","logo":{"@type":"ImageObject","inLanguage":"sq-AL","@id":"https:\/\/vitanet.al\/sq\/#\/schema\/logo\/image\/","url":"https:\/\/vitanet.al\/wp-content\/uploads\/2022\/02\/Vitanet_Logo-scaled.webp","contentUrl":"https:\/\/vitanet.al\/wp-content\/uploads\/2022\/02\/Vitanet_Logo-scaled.webp","width":2560,"height":714,"caption":"VITANET ALBANIA"},"image":{"@id":"https:\/\/vitanet.al\/sq\/#\/schema\/logo\/image\/"}}]}},"_links":{"self":[{"href":"https:\/\/vitanet.al\/sq\/wp-json\/wp\/v2\/product\/7559","targetHints":{"allow":["GET"]}}],"collection":[{"href":"https:\/\/vitanet.al\/sq\/wp-json\/wp\/v2\/product"}],"about":[{"href":"https:\/\/vitanet.al\/sq\/wp-json\/wp\/v2\/types\/product"}],"version-history":[{"count":1,"href":"https:\/\/vitanet.al\/sq\/wp-json\/wp\/v2\/product\/7559\/revisions"}],"predecessor-version":[{"id":7560,"href":"https:\/\/vitanet.al\/sq\/wp-json\/wp\/v2\/product\/7559\/revisions\/7560"}],"wp:featuredmedia":[{"embeddable":true,"href":"https:\/\/vitanet.al\/sq\/wp-json\/wp\/v2\/media\/8437"}],"wp:attachment":[{"href":"https:\/\/vitanet.al\/sq\/wp-json\/wp\/v2\/media?parent=7559"}],"wp:term":[{"taxonomy":"product_brand","embeddable":true,"href":"https:\/\/vitanet.al\/sq\/wp-json\/wp\/v2\/product_brand?post=7559"},{"taxonomy":"product_cat","embeddable":true,"href":"https:\/\/vitanet.al\/sq\/wp-json\/wp\/v2\/product_cat?post=7559"},{"taxonomy":"product_tag","embeddable":true,"href":"https:\/\/vitanet.al\/sq\/wp-json\/wp\/v2\/product_tag?post=7559"}],"curies":[{"name":"wp","href":"https:\/\/api.w.org\/{rel}","templated":true}]}}