{"id":7562,"date":"2026-02-09T11:28:32","date_gmt":"2026-02-09T11:28:32","guid":{"rendered":"https:\/\/vitanet.al\/product\/enterovital-2-5-g-x-10-bustina\/"},"modified":"2026-03-25T12:56:39","modified_gmt":"2026-03-25T12:56:39","slug":"enterovital-2-5-g-x-10-bustina","status":"publish","type":"product","link":"https:\/\/vitanet.al\/sq\/product\/enterovital-2-5-g-x-10-bustina\/","title":{"rendered":"ENTEROVITAL 2.5 G x 10 BUSTINA"},"content":{"rendered":"<p>ENTEROVITAL 2.5 G x 10 BUSTINA p\u00ebrmban: Fermente laktike 10 mld, Inulin\u00eb 1.5g, Laktoferin\u00eb 50mg. P\u00ebrdorimi: 1 bustin\u00eb n\u00eb dit\u00eb e tretur n\u00eb goj\u00eb ose n\u00eb pak uje ose pije t\u00eb tjera jo t\u00eb ngrohta. K\u00ebshillohet t\u00eb merret mund\u00ebsisht larg vakteve.  <\/p>\n","protected":false},"excerpt":{"rendered":"<p>ENTEROVITAL 2.5 G x 10 BUSTINA p\u00ebrmban: Fermente laktike 10 mld, Inulin\u00eb 1.5g, Laktoferin\u00eb 50mg. P\u00ebrdorimi: 1 bustin\u00eb n\u00eb dit\u00eb e tretur n\u00eb goj\u00eb ose n\u00eb pak uje ose pije t\u00eb tjera jo t\u00eb ngrohta. K\u00ebshillohet t\u00eb merret mund\u00ebsisht larg vakteve.<\/p>\n","protected":false},"featured_media":8449,"template":"","meta":[],"product_brand":[],"product_cat":[119,124,102],"product_tag":[],"class_list":{"0":"post-7562","1":"product","2":"type-product","3":"status-publish","4":"has-post-thumbnail","6":"product_cat-markat-tona","7":"product_cat-pharmaline","8":"product_cat-suplemente","10":"first","11":"instock","12":"shipping-taxable","13":"purchasable","14":"product-type-simple"},"yoast_head":"<!-- This site is optimized with the Yoast SEO plugin v27.3 - https:\/\/yoast.com\/product\/yoast-seo-wordpress\/ -->\n<title>ENTEROVITAL 2.5 G x 10 BUSTINA - VITANET ALBANIA<\/title>\n<meta name=\"robots\" content=\"index, follow, max-snippet:-1, max-image-preview:large, max-video-preview:-1\" \/>\n<link rel=\"canonical\" href=\"https:\/\/vitanet.al\/sq\/product\/enterovital-2-5-g-x-10-bustina\/\" \/>\n<meta property=\"og:locale\" content=\"sq_AL\" \/>\n<meta property=\"og:type\" content=\"article\" \/>\n<meta property=\"og:title\" content=\"ENTEROVITAL 2.5 G x 10 BUSTINA - VITANET ALBANIA\" \/>\n<meta property=\"og:description\" content=\"ENTEROVITAL 2.5 G x 10 BUSTINA p\u00ebrmban: Fermente laktike 10 mld, Inulin\u00eb 1.5g, Laktoferin\u00eb 50mg. P\u00ebrdorimi: 1 bustin\u00eb n\u00eb dit\u00eb e tretur n\u00eb goj\u00eb ose n\u00eb pak uje ose pije t\u00eb tjera jo t\u00eb ngrohta. K\u00ebshillohet t\u00eb merret mund\u00ebsisht larg vakteve.\" \/>\n<meta property=\"og:url\" content=\"https:\/\/vitanet.al\/sq\/product\/enterovital-2-5-g-x-10-bustina\/\" \/>\n<meta property=\"og:site_name\" content=\"VITANET ALBANIA\" \/>\n<meta property=\"article:modified_time\" content=\"2026-03-25T12:56:39+00:00\" \/>\n<meta property=\"og:image\" content=\"https:\/\/vitanet.al\/wp-content\/uploads\/2026\/02\/986042481-enterovital-sol-orosolub10bust.webp\" \/>\n\t<meta property=\"og:image:width\" content=\"600\" \/>\n\t<meta property=\"og:image:height\" content=\"600\" \/>\n\t<meta property=\"og:image:type\" content=\"image\/webp\" \/>\n<meta name=\"twitter:card\" content=\"summary_large_image\" \/>\n<script type=\"application\/ld+json\" class=\"yoast-schema-graph\">{\"@context\":\"https:\\\/\\\/schema.org\",\"@graph\":[{\"@type\":\"WebPage\",\"@id\":\"https:\\\/\\\/vitanet.al\\\/sq\\\/product\\\/enterovital-2-5-g-x-10-bustina\\\/\",\"url\":\"https:\\\/\\\/vitanet.al\\\/sq\\\/product\\\/enterovital-2-5-g-x-10-bustina\\\/\",\"name\":\"ENTEROVITAL 2.5 G x 10 BUSTINA - VITANET ALBANIA\",\"isPartOf\":{\"@id\":\"https:\\\/\\\/vitanet.al\\\/sq\\\/#website\"},\"primaryImageOfPage\":{\"@id\":\"https:\\\/\\\/vitanet.al\\\/sq\\\/product\\\/enterovital-2-5-g-x-10-bustina\\\/#primaryimage\"},\"image\":{\"@id\":\"https:\\\/\\\/vitanet.al\\\/sq\\\/product\\\/enterovital-2-5-g-x-10-bustina\\\/#primaryimage\"},\"thumbnailUrl\":\"https:\\\/\\\/vitanet.al\\\/wp-content\\\/uploads\\\/2026\\\/02\\\/986042481-enterovital-sol-orosolub10bust.webp\",\"datePublished\":\"2026-02-09T11:28:32+00:00\",\"dateModified\":\"2026-03-25T12:56:39+00:00\",\"breadcrumb\":{\"@id\":\"https:\\\/\\\/vitanet.al\\\/sq\\\/product\\\/enterovital-2-5-g-x-10-bustina\\\/#breadcrumb\"},\"inLanguage\":\"sq-AL\",\"potentialAction\":[{\"@type\":\"ReadAction\",\"target\":[\"https:\\\/\\\/vitanet.al\\\/sq\\\/product\\\/enterovital-2-5-g-x-10-bustina\\\/\"]}]},{\"@type\":\"ImageObject\",\"inLanguage\":\"sq-AL\",\"@id\":\"https:\\\/\\\/vitanet.al\\\/sq\\\/product\\\/enterovital-2-5-g-x-10-bustina\\\/#primaryimage\",\"url\":\"https:\\\/\\\/vitanet.al\\\/wp-content\\\/uploads\\\/2026\\\/02\\\/986042481-enterovital-sol-orosolub10bust.webp\",\"contentUrl\":\"https:\\\/\\\/vitanet.al\\\/wp-content\\\/uploads\\\/2026\\\/02\\\/986042481-enterovital-sol-orosolub10bust.webp\",\"width\":600,\"height\":600},{\"@type\":\"BreadcrumbList\",\"@id\":\"https:\\\/\\\/vitanet.al\\\/sq\\\/product\\\/enterovital-2-5-g-x-10-bustina\\\/#breadcrumb\",\"itemListElement\":[{\"@type\":\"ListItem\",\"position\":1,\"name\":\"Home\",\"item\":\"https:\\\/\\\/vitanet.al\\\/sq\\\/\"},{\"@type\":\"ListItem\",\"position\":2,\"name\":\"Shop\",\"item\":\"https:\\\/\\\/vitanet.al\\\/sq\\\/shop\\\/\"},{\"@type\":\"ListItem\",\"position\":3,\"name\":\"ENTEROVITAL 2.5 G x 10 BUSTINA\"}]},{\"@type\":\"WebSite\",\"@id\":\"https:\\\/\\\/vitanet.al\\\/sq\\\/#website\",\"url\":\"https:\\\/\\\/vitanet.al\\\/sq\\\/\",\"name\":\"VITANET ALBANIA\",\"description\":\"\",\"publisher\":{\"@id\":\"https:\\\/\\\/vitanet.al\\\/sq\\\/#organization\"},\"potentialAction\":[{\"@type\":\"SearchAction\",\"target\":{\"@type\":\"EntryPoint\",\"urlTemplate\":\"https:\\\/\\\/vitanet.al\\\/sq\\\/?s={search_term_string}\"},\"query-input\":{\"@type\":\"PropertyValueSpecification\",\"valueRequired\":true,\"valueName\":\"search_term_string\"}}],\"inLanguage\":\"sq-AL\"},{\"@type\":\"Organization\",\"@id\":\"https:\\\/\\\/vitanet.al\\\/sq\\\/#organization\",\"name\":\"VITANET ALBANIA\",\"url\":\"https:\\\/\\\/vitanet.al\\\/sq\\\/\",\"logo\":{\"@type\":\"ImageObject\",\"inLanguage\":\"sq-AL\",\"@id\":\"https:\\\/\\\/vitanet.al\\\/sq\\\/#\\\/schema\\\/logo\\\/image\\\/\",\"url\":\"https:\\\/\\\/vitanet.al\\\/wp-content\\\/uploads\\\/2022\\\/02\\\/Vitanet_Logo-scaled.webp\",\"contentUrl\":\"https:\\\/\\\/vitanet.al\\\/wp-content\\\/uploads\\\/2022\\\/02\\\/Vitanet_Logo-scaled.webp\",\"width\":2560,\"height\":714,\"caption\":\"VITANET ALBANIA\"},\"image\":{\"@id\":\"https:\\\/\\\/vitanet.al\\\/sq\\\/#\\\/schema\\\/logo\\\/image\\\/\"}}]}<\/script>\n<!-- \/ Yoast SEO plugin. -->","yoast_head_json":{"title":"ENTEROVITAL 2.5 G x 10 BUSTINA - VITANET ALBANIA","robots":{"index":"index","follow":"follow","max-snippet":"max-snippet:-1","max-image-preview":"max-image-preview:large","max-video-preview":"max-video-preview:-1"},"canonical":"https:\/\/vitanet.al\/sq\/product\/enterovital-2-5-g-x-10-bustina\/","og_locale":"sq_AL","og_type":"article","og_title":"ENTEROVITAL 2.5 G x 10 BUSTINA - VITANET ALBANIA","og_description":"ENTEROVITAL 2.5 G x 10 BUSTINA p\u00ebrmban: Fermente laktike 10 mld, Inulin\u00eb 1.5g, Laktoferin\u00eb 50mg. P\u00ebrdorimi: 1 bustin\u00eb n\u00eb dit\u00eb e tretur n\u00eb goj\u00eb ose n\u00eb pak uje ose pije t\u00eb tjera jo t\u00eb ngrohta. K\u00ebshillohet t\u00eb merret mund\u00ebsisht larg vakteve.","og_url":"https:\/\/vitanet.al\/sq\/product\/enterovital-2-5-g-x-10-bustina\/","og_site_name":"VITANET ALBANIA","article_modified_time":"2026-03-25T12:56:39+00:00","og_image":[{"width":600,"height":600,"url":"https:\/\/vitanet.al\/wp-content\/uploads\/2026\/02\/986042481-enterovital-sol-orosolub10bust.webp","type":"image\/webp"}],"twitter_card":"summary_large_image","schema":{"@context":"https:\/\/schema.org","@graph":[{"@type":"WebPage","@id":"https:\/\/vitanet.al\/sq\/product\/enterovital-2-5-g-x-10-bustina\/","url":"https:\/\/vitanet.al\/sq\/product\/enterovital-2-5-g-x-10-bustina\/","name":"ENTEROVITAL 2.5 G x 10 BUSTINA - VITANET ALBANIA","isPartOf":{"@id":"https:\/\/vitanet.al\/sq\/#website"},"primaryImageOfPage":{"@id":"https:\/\/vitanet.al\/sq\/product\/enterovital-2-5-g-x-10-bustina\/#primaryimage"},"image":{"@id":"https:\/\/vitanet.al\/sq\/product\/enterovital-2-5-g-x-10-bustina\/#primaryimage"},"thumbnailUrl":"https:\/\/vitanet.al\/wp-content\/uploads\/2026\/02\/986042481-enterovital-sol-orosolub10bust.webp","datePublished":"2026-02-09T11:28:32+00:00","dateModified":"2026-03-25T12:56:39+00:00","breadcrumb":{"@id":"https:\/\/vitanet.al\/sq\/product\/enterovital-2-5-g-x-10-bustina\/#breadcrumb"},"inLanguage":"sq-AL","potentialAction":[{"@type":"ReadAction","target":["https:\/\/vitanet.al\/sq\/product\/enterovital-2-5-g-x-10-bustina\/"]}]},{"@type":"ImageObject","inLanguage":"sq-AL","@id":"https:\/\/vitanet.al\/sq\/product\/enterovital-2-5-g-x-10-bustina\/#primaryimage","url":"https:\/\/vitanet.al\/wp-content\/uploads\/2026\/02\/986042481-enterovital-sol-orosolub10bust.webp","contentUrl":"https:\/\/vitanet.al\/wp-content\/uploads\/2026\/02\/986042481-enterovital-sol-orosolub10bust.webp","width":600,"height":600},{"@type":"BreadcrumbList","@id":"https:\/\/vitanet.al\/sq\/product\/enterovital-2-5-g-x-10-bustina\/#breadcrumb","itemListElement":[{"@type":"ListItem","position":1,"name":"Home","item":"https:\/\/vitanet.al\/sq\/"},{"@type":"ListItem","position":2,"name":"Shop","item":"https:\/\/vitanet.al\/sq\/shop\/"},{"@type":"ListItem","position":3,"name":"ENTEROVITAL 2.5 G x 10 BUSTINA"}]},{"@type":"WebSite","@id":"https:\/\/vitanet.al\/sq\/#website","url":"https:\/\/vitanet.al\/sq\/","name":"VITANET ALBANIA","description":"","publisher":{"@id":"https:\/\/vitanet.al\/sq\/#organization"},"potentialAction":[{"@type":"SearchAction","target":{"@type":"EntryPoint","urlTemplate":"https:\/\/vitanet.al\/sq\/?s={search_term_string}"},"query-input":{"@type":"PropertyValueSpecification","valueRequired":true,"valueName":"search_term_string"}}],"inLanguage":"sq-AL"},{"@type":"Organization","@id":"https:\/\/vitanet.al\/sq\/#organization","name":"VITANET ALBANIA","url":"https:\/\/vitanet.al\/sq\/","logo":{"@type":"ImageObject","inLanguage":"sq-AL","@id":"https:\/\/vitanet.al\/sq\/#\/schema\/logo\/image\/","url":"https:\/\/vitanet.al\/wp-content\/uploads\/2022\/02\/Vitanet_Logo-scaled.webp","contentUrl":"https:\/\/vitanet.al\/wp-content\/uploads\/2022\/02\/Vitanet_Logo-scaled.webp","width":2560,"height":714,"caption":"VITANET ALBANIA"},"image":{"@id":"https:\/\/vitanet.al\/sq\/#\/schema\/logo\/image\/"}}]}},"_links":{"self":[{"href":"https:\/\/vitanet.al\/sq\/wp-json\/wp\/v2\/product\/7562","targetHints":{"allow":["GET"]}}],"collection":[{"href":"https:\/\/vitanet.al\/sq\/wp-json\/wp\/v2\/product"}],"about":[{"href":"https:\/\/vitanet.al\/sq\/wp-json\/wp\/v2\/types\/product"}],"version-history":[{"count":1,"href":"https:\/\/vitanet.al\/sq\/wp-json\/wp\/v2\/product\/7562\/revisions"}],"predecessor-version":[{"id":8450,"href":"https:\/\/vitanet.al\/sq\/wp-json\/wp\/v2\/product\/7562\/revisions\/8450"}],"wp:featuredmedia":[{"embeddable":true,"href":"https:\/\/vitanet.al\/sq\/wp-json\/wp\/v2\/media\/8449"}],"wp:attachment":[{"href":"https:\/\/vitanet.al\/sq\/wp-json\/wp\/v2\/media?parent=7562"}],"wp:term":[{"taxonomy":"product_brand","embeddable":true,"href":"https:\/\/vitanet.al\/sq\/wp-json\/wp\/v2\/product_brand?post=7562"},{"taxonomy":"product_cat","embeddable":true,"href":"https:\/\/vitanet.al\/sq\/wp-json\/wp\/v2\/product_cat?post=7562"},{"taxonomy":"product_tag","embeddable":true,"href":"https:\/\/vitanet.al\/sq\/wp-json\/wp\/v2\/product_tag?post=7562"}],"curies":[{"name":"wp","href":"https:\/\/api.w.org\/{rel}","templated":true}]}}