{"id":7563,"date":"2026-02-09T11:28:32","date_gmt":"2026-02-09T11:28:32","guid":{"rendered":"https:\/\/vitanet.al\/product\/enterovital-gocce\/"},"modified":"2026-02-09T11:28:32","modified_gmt":"2026-02-09T11:28:32","slug":"enterovital-gocce","status":"publish","type":"product","link":"https:\/\/vitanet.al\/sq\/product\/enterovital-gocce\/","title":{"rendered":"ENTEROVITAL GOCCE"},"content":{"rendered":"<p>Suplement ushqimor per femije i fermenteve t\u00eb gjalla laktike me veprim probiotik. Enterovital 0+ p\u00ebrb\u00ebhet nga Lactobacillus rhamnosus GG (ATCC 53103), Bifidobacterium brevis (M-16V) dhe vitamin\u00ebs D3. Enterovital 0+ promovon ekuilibrin e flor\u00ebs bakteriale t\u00eb zorr\u00ebve fal\u00eb lidhjes midis Lactobacillus rhamnosus GG (ATCC 53103) dhe Bifidobacterium brevis (M-16V). Enterovital 0+ gjithashtu kontribuon n\u00eb ruajtjen e kockave dhe dh\u00ebmb\u00ebve t\u00eb sh\u00ebndetsh\u00ebm dhe n\u00eb funksionimin normal t\u00eb sistemit imunitar fal\u00eb vitamin\u00ebs D3. Perdorimi: 10 pika n\u00eb dit\u00eb, mund\u00ebsisht nd\u00ebrmjet vakteve, t\u00eb administrohen direkt n\u00eb goj\u00eb ose t\u00eb p\u00ebrzihen me pak uj\u00eb ose qum\u00ebsht, jo t\u00eb nxeht\u00eb (maksimumi 37 grade celsiuc). Shkundni mir\u00eb shishen p\u00ebrpara p\u00ebrdorimit.     <\/p>\n","protected":false},"excerpt":{"rendered":"<p>Suplement ushqimor per femije i fermenteve t\u00eb gjalla laktike me veprim probiotik. Enterovital 0+ p\u00ebrb\u00ebhet nga Lactobacillus rhamnosus GG (ATCC 53103), Bifidobacterium brevis (M-16V) dhe vitamin\u00ebs D3. Enterovital 0+ promovon ekuilibrin e flor\u00ebs bakteriale t\u00eb zorr\u00ebve fal\u00eb lidhjes midis Lactobacillus rhamnosus GG (ATCC 53103) dhe Bifidobacterium brevis (M-16V). Enterovital 0+ gjithashtu kontribuon n\u00eb ruajtjen e [&hellip;]<\/p>\n","protected":false},"featured_media":7487,"template":"","meta":[],"product_brand":[],"product_cat":[119,124,102],"product_tag":[],"class_list":{"0":"post-7563","1":"product","2":"type-product","3":"status-publish","4":"has-post-thumbnail","6":"product_cat-markat-tona","7":"product_cat-pharmaline","8":"product_cat-suplemente","10":"first","11":"instock","12":"shipping-taxable","13":"purchasable","14":"product-type-simple"},"yoast_head":"<!-- This site is optimized with the Yoast SEO plugin v27.3 - https:\/\/yoast.com\/product\/yoast-seo-wordpress\/ -->\n<title>ENTEROVITAL GOCCE - VITANET ALBANIA<\/title>\n<meta name=\"robots\" content=\"index, follow, max-snippet:-1, max-image-preview:large, max-video-preview:-1\" \/>\n<link rel=\"canonical\" href=\"https:\/\/vitanet.al\/sq\/product\/enterovital-gocce\/\" \/>\n<meta property=\"og:locale\" content=\"sq_AL\" \/>\n<meta property=\"og:type\" content=\"article\" \/>\n<meta property=\"og:title\" content=\"ENTEROVITAL GOCCE - VITANET ALBANIA\" \/>\n<meta property=\"og:description\" content=\"Suplement ushqimor per femije i fermenteve t\u00eb gjalla laktike me veprim probiotik. Enterovital 0+ p\u00ebrb\u00ebhet nga Lactobacillus rhamnosus GG (ATCC 53103), Bifidobacterium brevis (M-16V) dhe vitamin\u00ebs D3. Enterovital 0+ promovon ekuilibrin e flor\u00ebs bakteriale t\u00eb zorr\u00ebve fal\u00eb lidhjes midis Lactobacillus rhamnosus GG (ATCC 53103) dhe Bifidobacterium brevis (M-16V). Enterovital 0+ gjithashtu kontribuon n\u00eb ruajtjen e [&hellip;]\" \/>\n<meta property=\"og:url\" content=\"https:\/\/vitanet.al\/sq\/product\/enterovital-gocce\/\" \/>\n<meta property=\"og:site_name\" content=\"VITANET ALBANIA\" \/>\n<meta property=\"og:image\" content=\"https:\/\/vitanet.al\/wp-content\/uploads\/2026\/02\/XDCN3X.png\" \/>\n\t<meta property=\"og:image:width\" content=\"166\" \/>\n\t<meta property=\"og:image:height\" content=\"207\" \/>\n\t<meta property=\"og:image:type\" content=\"image\/png\" \/>\n<meta name=\"twitter:card\" content=\"summary_large_image\" \/>\n<meta name=\"twitter:label1\" content=\"Est. reading time\" \/>\n\t<meta name=\"twitter:data1\" content=\"1 minute\" \/>\n<script type=\"application\/ld+json\" class=\"yoast-schema-graph\">{\"@context\":\"https:\\\/\\\/schema.org\",\"@graph\":[{\"@type\":\"WebPage\",\"@id\":\"https:\\\/\\\/vitanet.al\\\/sq\\\/product\\\/enterovital-gocce\\\/\",\"url\":\"https:\\\/\\\/vitanet.al\\\/sq\\\/product\\\/enterovital-gocce\\\/\",\"name\":\"ENTEROVITAL GOCCE - VITANET ALBANIA\",\"isPartOf\":{\"@id\":\"https:\\\/\\\/vitanet.al\\\/sq\\\/#website\"},\"primaryImageOfPage\":{\"@id\":\"https:\\\/\\\/vitanet.al\\\/sq\\\/product\\\/enterovital-gocce\\\/#primaryimage\"},\"image\":{\"@id\":\"https:\\\/\\\/vitanet.al\\\/sq\\\/product\\\/enterovital-gocce\\\/#primaryimage\"},\"thumbnailUrl\":\"https:\\\/\\\/vitanet.al\\\/wp-content\\\/uploads\\\/2026\\\/02\\\/XDCN3X.png\",\"datePublished\":\"2026-02-09T11:28:32+00:00\",\"breadcrumb\":{\"@id\":\"https:\\\/\\\/vitanet.al\\\/sq\\\/product\\\/enterovital-gocce\\\/#breadcrumb\"},\"inLanguage\":\"sq-AL\",\"potentialAction\":[{\"@type\":\"ReadAction\",\"target\":[\"https:\\\/\\\/vitanet.al\\\/sq\\\/product\\\/enterovital-gocce\\\/\"]}]},{\"@type\":\"ImageObject\",\"inLanguage\":\"sq-AL\",\"@id\":\"https:\\\/\\\/vitanet.al\\\/sq\\\/product\\\/enterovital-gocce\\\/#primaryimage\",\"url\":\"https:\\\/\\\/vitanet.al\\\/wp-content\\\/uploads\\\/2026\\\/02\\\/XDCN3X.png\",\"contentUrl\":\"https:\\\/\\\/vitanet.al\\\/wp-content\\\/uploads\\\/2026\\\/02\\\/XDCN3X.png\",\"width\":166,\"height\":207},{\"@type\":\"BreadcrumbList\",\"@id\":\"https:\\\/\\\/vitanet.al\\\/sq\\\/product\\\/enterovital-gocce\\\/#breadcrumb\",\"itemListElement\":[{\"@type\":\"ListItem\",\"position\":1,\"name\":\"Home\",\"item\":\"https:\\\/\\\/vitanet.al\\\/sq\\\/\"},{\"@type\":\"ListItem\",\"position\":2,\"name\":\"Shop\",\"item\":\"https:\\\/\\\/vitanet.al\\\/sq\\\/shop\\\/\"},{\"@type\":\"ListItem\",\"position\":3,\"name\":\"ENTEROVITAL GOCCE\"}]},{\"@type\":\"WebSite\",\"@id\":\"https:\\\/\\\/vitanet.al\\\/sq\\\/#website\",\"url\":\"https:\\\/\\\/vitanet.al\\\/sq\\\/\",\"name\":\"VITANET ALBANIA\",\"description\":\"\",\"publisher\":{\"@id\":\"https:\\\/\\\/vitanet.al\\\/sq\\\/#organization\"},\"potentialAction\":[{\"@type\":\"SearchAction\",\"target\":{\"@type\":\"EntryPoint\",\"urlTemplate\":\"https:\\\/\\\/vitanet.al\\\/sq\\\/?s={search_term_string}\"},\"query-input\":{\"@type\":\"PropertyValueSpecification\",\"valueRequired\":true,\"valueName\":\"search_term_string\"}}],\"inLanguage\":\"sq-AL\"},{\"@type\":\"Organization\",\"@id\":\"https:\\\/\\\/vitanet.al\\\/sq\\\/#organization\",\"name\":\"VITANET ALBANIA\",\"url\":\"https:\\\/\\\/vitanet.al\\\/sq\\\/\",\"logo\":{\"@type\":\"ImageObject\",\"inLanguage\":\"sq-AL\",\"@id\":\"https:\\\/\\\/vitanet.al\\\/sq\\\/#\\\/schema\\\/logo\\\/image\\\/\",\"url\":\"https:\\\/\\\/vitanet.al\\\/wp-content\\\/uploads\\\/2022\\\/02\\\/Vitanet_Logo-scaled.webp\",\"contentUrl\":\"https:\\\/\\\/vitanet.al\\\/wp-content\\\/uploads\\\/2022\\\/02\\\/Vitanet_Logo-scaled.webp\",\"width\":2560,\"height\":714,\"caption\":\"VITANET ALBANIA\"},\"image\":{\"@id\":\"https:\\\/\\\/vitanet.al\\\/sq\\\/#\\\/schema\\\/logo\\\/image\\\/\"}}]}<\/script>\n<!-- \/ Yoast SEO plugin. -->","yoast_head_json":{"title":"ENTEROVITAL GOCCE - VITANET ALBANIA","robots":{"index":"index","follow":"follow","max-snippet":"max-snippet:-1","max-image-preview":"max-image-preview:large","max-video-preview":"max-video-preview:-1"},"canonical":"https:\/\/vitanet.al\/sq\/product\/enterovital-gocce\/","og_locale":"sq_AL","og_type":"article","og_title":"ENTEROVITAL GOCCE - VITANET ALBANIA","og_description":"Suplement ushqimor per femije i fermenteve t\u00eb gjalla laktike me veprim probiotik. Enterovital 0+ p\u00ebrb\u00ebhet nga Lactobacillus rhamnosus GG (ATCC 53103), Bifidobacterium brevis (M-16V) dhe vitamin\u00ebs D3. Enterovital 0+ promovon ekuilibrin e flor\u00ebs bakteriale t\u00eb zorr\u00ebve fal\u00eb lidhjes midis Lactobacillus rhamnosus GG (ATCC 53103) dhe Bifidobacterium brevis (M-16V). Enterovital 0+ gjithashtu kontribuon n\u00eb ruajtjen e [&hellip;]","og_url":"https:\/\/vitanet.al\/sq\/product\/enterovital-gocce\/","og_site_name":"VITANET ALBANIA","og_image":[{"width":166,"height":207,"url":"https:\/\/vitanet.al\/wp-content\/uploads\/2026\/02\/XDCN3X.png","type":"image\/png"}],"twitter_card":"summary_large_image","twitter_misc":{"Est. reading time":"1 minute"},"schema":{"@context":"https:\/\/schema.org","@graph":[{"@type":"WebPage","@id":"https:\/\/vitanet.al\/sq\/product\/enterovital-gocce\/","url":"https:\/\/vitanet.al\/sq\/product\/enterovital-gocce\/","name":"ENTEROVITAL GOCCE - VITANET ALBANIA","isPartOf":{"@id":"https:\/\/vitanet.al\/sq\/#website"},"primaryImageOfPage":{"@id":"https:\/\/vitanet.al\/sq\/product\/enterovital-gocce\/#primaryimage"},"image":{"@id":"https:\/\/vitanet.al\/sq\/product\/enterovital-gocce\/#primaryimage"},"thumbnailUrl":"https:\/\/vitanet.al\/wp-content\/uploads\/2026\/02\/XDCN3X.png","datePublished":"2026-02-09T11:28:32+00:00","breadcrumb":{"@id":"https:\/\/vitanet.al\/sq\/product\/enterovital-gocce\/#breadcrumb"},"inLanguage":"sq-AL","potentialAction":[{"@type":"ReadAction","target":["https:\/\/vitanet.al\/sq\/product\/enterovital-gocce\/"]}]},{"@type":"ImageObject","inLanguage":"sq-AL","@id":"https:\/\/vitanet.al\/sq\/product\/enterovital-gocce\/#primaryimage","url":"https:\/\/vitanet.al\/wp-content\/uploads\/2026\/02\/XDCN3X.png","contentUrl":"https:\/\/vitanet.al\/wp-content\/uploads\/2026\/02\/XDCN3X.png","width":166,"height":207},{"@type":"BreadcrumbList","@id":"https:\/\/vitanet.al\/sq\/product\/enterovital-gocce\/#breadcrumb","itemListElement":[{"@type":"ListItem","position":1,"name":"Home","item":"https:\/\/vitanet.al\/sq\/"},{"@type":"ListItem","position":2,"name":"Shop","item":"https:\/\/vitanet.al\/sq\/shop\/"},{"@type":"ListItem","position":3,"name":"ENTEROVITAL GOCCE"}]},{"@type":"WebSite","@id":"https:\/\/vitanet.al\/sq\/#website","url":"https:\/\/vitanet.al\/sq\/","name":"VITANET ALBANIA","description":"","publisher":{"@id":"https:\/\/vitanet.al\/sq\/#organization"},"potentialAction":[{"@type":"SearchAction","target":{"@type":"EntryPoint","urlTemplate":"https:\/\/vitanet.al\/sq\/?s={search_term_string}"},"query-input":{"@type":"PropertyValueSpecification","valueRequired":true,"valueName":"search_term_string"}}],"inLanguage":"sq-AL"},{"@type":"Organization","@id":"https:\/\/vitanet.al\/sq\/#organization","name":"VITANET ALBANIA","url":"https:\/\/vitanet.al\/sq\/","logo":{"@type":"ImageObject","inLanguage":"sq-AL","@id":"https:\/\/vitanet.al\/sq\/#\/schema\/logo\/image\/","url":"https:\/\/vitanet.al\/wp-content\/uploads\/2022\/02\/Vitanet_Logo-scaled.webp","contentUrl":"https:\/\/vitanet.al\/wp-content\/uploads\/2022\/02\/Vitanet_Logo-scaled.webp","width":2560,"height":714,"caption":"VITANET ALBANIA"},"image":{"@id":"https:\/\/vitanet.al\/sq\/#\/schema\/logo\/image\/"}}]}},"_links":{"self":[{"href":"https:\/\/vitanet.al\/sq\/wp-json\/wp\/v2\/product\/7563","targetHints":{"allow":["GET"]}}],"collection":[{"href":"https:\/\/vitanet.al\/sq\/wp-json\/wp\/v2\/product"}],"about":[{"href":"https:\/\/vitanet.al\/sq\/wp-json\/wp\/v2\/types\/product"}],"version-history":[{"count":0,"href":"https:\/\/vitanet.al\/sq\/wp-json\/wp\/v2\/product\/7563\/revisions"}],"wp:featuredmedia":[{"embeddable":true,"href":"https:\/\/vitanet.al\/sq\/wp-json\/wp\/v2\/media\/7487"}],"wp:attachment":[{"href":"https:\/\/vitanet.al\/sq\/wp-json\/wp\/v2\/media?parent=7563"}],"wp:term":[{"taxonomy":"product_brand","embeddable":true,"href":"https:\/\/vitanet.al\/sq\/wp-json\/wp\/v2\/product_brand?post=7563"},{"taxonomy":"product_cat","embeddable":true,"href":"https:\/\/vitanet.al\/sq\/wp-json\/wp\/v2\/product_cat?post=7563"},{"taxonomy":"product_tag","embeddable":true,"href":"https:\/\/vitanet.al\/sq\/wp-json\/wp\/v2\/product_tag?post=7563"}],"curies":[{"name":"wp","href":"https:\/\/api.w.org\/{rel}","templated":true}]}}