{"id":7565,"date":"2026-02-09T11:28:46","date_gmt":"2026-02-09T11:28:46","guid":{"rendered":"https:\/\/vitanet.al\/product\/viscoflu-10-fiale-x-5ml\/"},"modified":"2026-03-18T15:59:30","modified_gmt":"2026-03-18T15:59:30","slug":"viscoflu-10-fiale-x-5ml","status":"publish","type":"product","link":"https:\/\/vitanet.al\/sq\/product\/viscoflu-10-fiale-x-5ml\/","title":{"rendered":"VISCOFLU 10 FIALE x 5ML"},"content":{"rendered":"<p>VISCOFLU 10 AMPULA x 5 ML P\u00ebrmban: NaCl 3% + N-acetilcistein\u00eb 300 mg. Tret\u00ebsir\u00eb hipertonike p\u00ebr nebulizim dhe inhalim. Doza e rekomanduar: Nebulizatori: 1 ampul\u00eb p\u00ebr \u00e7do seanc\u00eb, 1-2 seanca n\u00eb dit\u00eb p\u00ebr 5-10 dit\u00eb. Instilim dhe larje e vesh\u00ebve ose hund\u00ebs: 1\/2 ampul\u00eb ose 1 ampul\u00eb p\u00ebr \u00e7do seanc\u00eb. Instilim endotrakeo-bronkial: 1 ampul\u00eb p\u00ebr \u00e7do seanc\u00eb, 1-2 seanca n\u00eb dit\u00eb. <\/p>\n","protected":false},"excerpt":{"rendered":"<p>VISCOFLU 10 AMPULA x 5 ML P\u00ebrmban: NaCl 3% + N-acetilcistein\u00eb 300 mg. Tret\u00ebsir\u00eb hipertonike p\u00ebr nebulizim dhe inhalim. Doza e rekomanduar: Nebulizatori: 1 ampul\u00eb p\u00ebr \u00e7do seanc\u00eb, 1-2 seanca n\u00eb dit\u00eb p\u00ebr 5-10 dit\u00eb. Instilim dhe larje e vesh\u00ebve ose hund\u00ebs: 1\/2 ampul\u00eb ose 1 ampul\u00eb p\u00ebr \u00e7do seanc\u00eb. Instilim endotrakeo-bronkial: 1 ampul\u00eb p\u00ebr [&hellip;]<\/p>\n","protected":false},"featured_media":8365,"template":"","meta":[],"product_brand":[],"product_cat":[119,124,102],"product_tag":[156,152,155],"class_list":{"0":"post-7565","1":"product","2":"type-product","3":"status-publish","4":"has-post-thumbnail","6":"product_cat-markat-tona","7":"product_cat-pharmaline","8":"product_cat-suplemente","9":"product_tag-ampula","10":"product_tag-pharmaline","11":"product_tag-viscoflu","13":"first","14":"instock","15":"shipping-taxable","16":"purchasable","17":"product-type-simple"},"yoast_head":"<!-- This site is optimized with the Yoast SEO plugin v27.3 - https:\/\/yoast.com\/product\/yoast-seo-wordpress\/ -->\n<title>VISCOFLU 10 FIALE x 5ML - VITANET ALBANIA<\/title>\n<meta name=\"robots\" content=\"index, follow, max-snippet:-1, max-image-preview:large, max-video-preview:-1\" \/>\n<link rel=\"canonical\" href=\"https:\/\/vitanet.al\/sq\/product\/viscoflu-10-fiale-x-5ml\/\" \/>\n<meta property=\"og:locale\" content=\"sq_AL\" \/>\n<meta property=\"og:type\" content=\"article\" \/>\n<meta property=\"og:title\" content=\"VISCOFLU 10 FIALE x 5ML - VITANET ALBANIA\" \/>\n<meta property=\"og:description\" content=\"VISCOFLU 10 AMPULA x 5 ML P\u00ebrmban: NaCl 3% + N-acetilcistein\u00eb 300 mg. Tret\u00ebsir\u00eb hipertonike p\u00ebr nebulizim dhe inhalim. Doza e rekomanduar: Nebulizatori: 1 ampul\u00eb p\u00ebr \u00e7do seanc\u00eb, 1-2 seanca n\u00eb dit\u00eb p\u00ebr 5-10 dit\u00eb. Instilim dhe larje e vesh\u00ebve ose hund\u00ebs: 1\/2 ampul\u00eb ose 1 ampul\u00eb p\u00ebr \u00e7do seanc\u00eb. Instilim endotrakeo-bronkial: 1 ampul\u00eb p\u00ebr [&hellip;]\" \/>\n<meta property=\"og:url\" content=\"https:\/\/vitanet.al\/sq\/product\/viscoflu-10-fiale-x-5ml\/\" \/>\n<meta property=\"og:site_name\" content=\"VITANET ALBANIA\" \/>\n<meta property=\"article:modified_time\" content=\"2026-03-18T15:59:30+00:00\" \/>\n<meta property=\"og:image\" content=\"https:\/\/vitanet.al\/wp-content\/uploads\/2026\/02\/Viscoflu-10-fiale.jpg\" \/>\n\t<meta property=\"og:image:width\" content=\"900\" \/>\n\t<meta property=\"og:image:height\" content=\"900\" \/>\n\t<meta property=\"og:image:type\" content=\"image\/jpeg\" \/>\n<meta name=\"twitter:card\" content=\"summary_large_image\" \/>\n<script type=\"application\/ld+json\" class=\"yoast-schema-graph\">{\"@context\":\"https:\\\/\\\/schema.org\",\"@graph\":[{\"@type\":\"WebPage\",\"@id\":\"https:\\\/\\\/vitanet.al\\\/sq\\\/product\\\/viscoflu-10-fiale-x-5ml\\\/\",\"url\":\"https:\\\/\\\/vitanet.al\\\/sq\\\/product\\\/viscoflu-10-fiale-x-5ml\\\/\",\"name\":\"VISCOFLU 10 FIALE x 5ML - VITANET ALBANIA\",\"isPartOf\":{\"@id\":\"https:\\\/\\\/vitanet.al\\\/sq\\\/#website\"},\"primaryImageOfPage\":{\"@id\":\"https:\\\/\\\/vitanet.al\\\/sq\\\/product\\\/viscoflu-10-fiale-x-5ml\\\/#primaryimage\"},\"image\":{\"@id\":\"https:\\\/\\\/vitanet.al\\\/sq\\\/product\\\/viscoflu-10-fiale-x-5ml\\\/#primaryimage\"},\"thumbnailUrl\":\"https:\\\/\\\/vitanet.al\\\/wp-content\\\/uploads\\\/2026\\\/02\\\/Viscoflu-10-fiale.jpg\",\"datePublished\":\"2026-02-09T11:28:46+00:00\",\"dateModified\":\"2026-03-18T15:59:30+00:00\",\"breadcrumb\":{\"@id\":\"https:\\\/\\\/vitanet.al\\\/sq\\\/product\\\/viscoflu-10-fiale-x-5ml\\\/#breadcrumb\"},\"inLanguage\":\"sq-AL\",\"potentialAction\":[{\"@type\":\"ReadAction\",\"target\":[\"https:\\\/\\\/vitanet.al\\\/sq\\\/product\\\/viscoflu-10-fiale-x-5ml\\\/\"]}]},{\"@type\":\"ImageObject\",\"inLanguage\":\"sq-AL\",\"@id\":\"https:\\\/\\\/vitanet.al\\\/sq\\\/product\\\/viscoflu-10-fiale-x-5ml\\\/#primaryimage\",\"url\":\"https:\\\/\\\/vitanet.al\\\/wp-content\\\/uploads\\\/2026\\\/02\\\/Viscoflu-10-fiale.jpg\",\"contentUrl\":\"https:\\\/\\\/vitanet.al\\\/wp-content\\\/uploads\\\/2026\\\/02\\\/Viscoflu-10-fiale.jpg\",\"width\":900,\"height\":900},{\"@type\":\"BreadcrumbList\",\"@id\":\"https:\\\/\\\/vitanet.al\\\/sq\\\/product\\\/viscoflu-10-fiale-x-5ml\\\/#breadcrumb\",\"itemListElement\":[{\"@type\":\"ListItem\",\"position\":1,\"name\":\"Home\",\"item\":\"https:\\\/\\\/vitanet.al\\\/sq\\\/\"},{\"@type\":\"ListItem\",\"position\":2,\"name\":\"Shop\",\"item\":\"https:\\\/\\\/vitanet.al\\\/sq\\\/shop\\\/\"},{\"@type\":\"ListItem\",\"position\":3,\"name\":\"VISCOFLU 10 FIALE x 5ML\"}]},{\"@type\":\"WebSite\",\"@id\":\"https:\\\/\\\/vitanet.al\\\/sq\\\/#website\",\"url\":\"https:\\\/\\\/vitanet.al\\\/sq\\\/\",\"name\":\"VITANET ALBANIA\",\"description\":\"\",\"publisher\":{\"@id\":\"https:\\\/\\\/vitanet.al\\\/sq\\\/#organization\"},\"potentialAction\":[{\"@type\":\"SearchAction\",\"target\":{\"@type\":\"EntryPoint\",\"urlTemplate\":\"https:\\\/\\\/vitanet.al\\\/sq\\\/?s={search_term_string}\"},\"query-input\":{\"@type\":\"PropertyValueSpecification\",\"valueRequired\":true,\"valueName\":\"search_term_string\"}}],\"inLanguage\":\"sq-AL\"},{\"@type\":\"Organization\",\"@id\":\"https:\\\/\\\/vitanet.al\\\/sq\\\/#organization\",\"name\":\"VITANET ALBANIA\",\"url\":\"https:\\\/\\\/vitanet.al\\\/sq\\\/\",\"logo\":{\"@type\":\"ImageObject\",\"inLanguage\":\"sq-AL\",\"@id\":\"https:\\\/\\\/vitanet.al\\\/sq\\\/#\\\/schema\\\/logo\\\/image\\\/\",\"url\":\"https:\\\/\\\/vitanet.al\\\/wp-content\\\/uploads\\\/2022\\\/02\\\/Vitanet_Logo-scaled.webp\",\"contentUrl\":\"https:\\\/\\\/vitanet.al\\\/wp-content\\\/uploads\\\/2022\\\/02\\\/Vitanet_Logo-scaled.webp\",\"width\":2560,\"height\":714,\"caption\":\"VITANET ALBANIA\"},\"image\":{\"@id\":\"https:\\\/\\\/vitanet.al\\\/sq\\\/#\\\/schema\\\/logo\\\/image\\\/\"}}]}<\/script>\n<!-- \/ Yoast SEO plugin. -->","yoast_head_json":{"title":"VISCOFLU 10 FIALE x 5ML - VITANET ALBANIA","robots":{"index":"index","follow":"follow","max-snippet":"max-snippet:-1","max-image-preview":"max-image-preview:large","max-video-preview":"max-video-preview:-1"},"canonical":"https:\/\/vitanet.al\/sq\/product\/viscoflu-10-fiale-x-5ml\/","og_locale":"sq_AL","og_type":"article","og_title":"VISCOFLU 10 FIALE x 5ML - VITANET ALBANIA","og_description":"VISCOFLU 10 AMPULA x 5 ML P\u00ebrmban: NaCl 3% + N-acetilcistein\u00eb 300 mg. Tret\u00ebsir\u00eb hipertonike p\u00ebr nebulizim dhe inhalim. Doza e rekomanduar: Nebulizatori: 1 ampul\u00eb p\u00ebr \u00e7do seanc\u00eb, 1-2 seanca n\u00eb dit\u00eb p\u00ebr 5-10 dit\u00eb. Instilim dhe larje e vesh\u00ebve ose hund\u00ebs: 1\/2 ampul\u00eb ose 1 ampul\u00eb p\u00ebr \u00e7do seanc\u00eb. Instilim endotrakeo-bronkial: 1 ampul\u00eb p\u00ebr [&hellip;]","og_url":"https:\/\/vitanet.al\/sq\/product\/viscoflu-10-fiale-x-5ml\/","og_site_name":"VITANET ALBANIA","article_modified_time":"2026-03-18T15:59:30+00:00","og_image":[{"width":900,"height":900,"url":"https:\/\/vitanet.al\/wp-content\/uploads\/2026\/02\/Viscoflu-10-fiale.jpg","type":"image\/jpeg"}],"twitter_card":"summary_large_image","schema":{"@context":"https:\/\/schema.org","@graph":[{"@type":"WebPage","@id":"https:\/\/vitanet.al\/sq\/product\/viscoflu-10-fiale-x-5ml\/","url":"https:\/\/vitanet.al\/sq\/product\/viscoflu-10-fiale-x-5ml\/","name":"VISCOFLU 10 FIALE x 5ML - VITANET ALBANIA","isPartOf":{"@id":"https:\/\/vitanet.al\/sq\/#website"},"primaryImageOfPage":{"@id":"https:\/\/vitanet.al\/sq\/product\/viscoflu-10-fiale-x-5ml\/#primaryimage"},"image":{"@id":"https:\/\/vitanet.al\/sq\/product\/viscoflu-10-fiale-x-5ml\/#primaryimage"},"thumbnailUrl":"https:\/\/vitanet.al\/wp-content\/uploads\/2026\/02\/Viscoflu-10-fiale.jpg","datePublished":"2026-02-09T11:28:46+00:00","dateModified":"2026-03-18T15:59:30+00:00","breadcrumb":{"@id":"https:\/\/vitanet.al\/sq\/product\/viscoflu-10-fiale-x-5ml\/#breadcrumb"},"inLanguage":"sq-AL","potentialAction":[{"@type":"ReadAction","target":["https:\/\/vitanet.al\/sq\/product\/viscoflu-10-fiale-x-5ml\/"]}]},{"@type":"ImageObject","inLanguage":"sq-AL","@id":"https:\/\/vitanet.al\/sq\/product\/viscoflu-10-fiale-x-5ml\/#primaryimage","url":"https:\/\/vitanet.al\/wp-content\/uploads\/2026\/02\/Viscoflu-10-fiale.jpg","contentUrl":"https:\/\/vitanet.al\/wp-content\/uploads\/2026\/02\/Viscoflu-10-fiale.jpg","width":900,"height":900},{"@type":"BreadcrumbList","@id":"https:\/\/vitanet.al\/sq\/product\/viscoflu-10-fiale-x-5ml\/#breadcrumb","itemListElement":[{"@type":"ListItem","position":1,"name":"Home","item":"https:\/\/vitanet.al\/sq\/"},{"@type":"ListItem","position":2,"name":"Shop","item":"https:\/\/vitanet.al\/sq\/shop\/"},{"@type":"ListItem","position":3,"name":"VISCOFLU 10 FIALE x 5ML"}]},{"@type":"WebSite","@id":"https:\/\/vitanet.al\/sq\/#website","url":"https:\/\/vitanet.al\/sq\/","name":"VITANET ALBANIA","description":"","publisher":{"@id":"https:\/\/vitanet.al\/sq\/#organization"},"potentialAction":[{"@type":"SearchAction","target":{"@type":"EntryPoint","urlTemplate":"https:\/\/vitanet.al\/sq\/?s={search_term_string}"},"query-input":{"@type":"PropertyValueSpecification","valueRequired":true,"valueName":"search_term_string"}}],"inLanguage":"sq-AL"},{"@type":"Organization","@id":"https:\/\/vitanet.al\/sq\/#organization","name":"VITANET ALBANIA","url":"https:\/\/vitanet.al\/sq\/","logo":{"@type":"ImageObject","inLanguage":"sq-AL","@id":"https:\/\/vitanet.al\/sq\/#\/schema\/logo\/image\/","url":"https:\/\/vitanet.al\/wp-content\/uploads\/2022\/02\/Vitanet_Logo-scaled.webp","contentUrl":"https:\/\/vitanet.al\/wp-content\/uploads\/2022\/02\/Vitanet_Logo-scaled.webp","width":2560,"height":714,"caption":"VITANET ALBANIA"},"image":{"@id":"https:\/\/vitanet.al\/sq\/#\/schema\/logo\/image\/"}}]}},"_links":{"self":[{"href":"https:\/\/vitanet.al\/sq\/wp-json\/wp\/v2\/product\/7565","targetHints":{"allow":["GET"]}}],"collection":[{"href":"https:\/\/vitanet.al\/sq\/wp-json\/wp\/v2\/product"}],"about":[{"href":"https:\/\/vitanet.al\/sq\/wp-json\/wp\/v2\/types\/product"}],"version-history":[{"count":1,"href":"https:\/\/vitanet.al\/sq\/wp-json\/wp\/v2\/product\/7565\/revisions"}],"predecessor-version":[{"id":8366,"href":"https:\/\/vitanet.al\/sq\/wp-json\/wp\/v2\/product\/7565\/revisions\/8366"}],"wp:featuredmedia":[{"embeddable":true,"href":"https:\/\/vitanet.al\/sq\/wp-json\/wp\/v2\/media\/8365"}],"wp:attachment":[{"href":"https:\/\/vitanet.al\/sq\/wp-json\/wp\/v2\/media?parent=7565"}],"wp:term":[{"taxonomy":"product_brand","embeddable":true,"href":"https:\/\/vitanet.al\/sq\/wp-json\/wp\/v2\/product_brand?post=7565"},{"taxonomy":"product_cat","embeddable":true,"href":"https:\/\/vitanet.al\/sq\/wp-json\/wp\/v2\/product_cat?post=7565"},{"taxonomy":"product_tag","embeddable":true,"href":"https:\/\/vitanet.al\/sq\/wp-json\/wp\/v2\/product_tag?post=7565"}],"curies":[{"name":"wp","href":"https:\/\/api.w.org\/{rel}","templated":true}]}}