{"id":7566,"date":"2026-02-09T11:28:47","date_gmt":"2026-02-09T11:28:47","guid":{"rendered":"https:\/\/vitanet.al\/product\/viscoflu-sprej-nazal-30ml\/"},"modified":"2026-03-25T12:57:49","modified_gmt":"2026-03-25T12:57:49","slug":"viscoflu-sprej-nazal-30ml","status":"publish","type":"product","link":"https:\/\/vitanet.al\/sq\/product\/viscoflu-sprej-nazal-30ml\/","title":{"rendered":"VISCOFLU SPREJ NAZAL 30ML"},"content":{"rendered":"<p>VISCOFLU SPREJ NAZAL 30ML<br \/>\nP\u00ebrb\u00ebr\u00ebsit aktiv\u00eb: \u00cbsht\u00eb nj\u00eb solucion hipertonik i NaCl 3% + n-acetilcistein\u00eb n\u00eb nj\u00eb pH fiziologjik.<br \/>\nIndikacionet: Viscoflu p\u00ebrdoret p\u00ebr tretjen e sekrecioneve t\u00eb hund\u00ebs, duke p\u00ebrmir\u00ebsuar simptomat e infeksioneve t\u00eb sip\u00ebrme respiratore. Viscoflu p\u00ebrdoret p\u00ebr fluidifikimin dhe reduktimin mekanik t\u00eb mukusit dhe sekrecioneve mukopurulente n\u00eb kavitetet nazale dhe n\u00eb sinuset paranazale, duke p\u00ebrmir\u00ebsuar simptomat e inflamacionit akut, subakut dhe kronik t\u00eb rrug\u00ebve t\u00eb sip\u00ebrme respiratore.<br \/>\nDozimi i rekomanduar: Mund t\u00eb p\u00ebrdoret 2-3 sprucime n\u00eb \u00e7do vrim\u00eb t\u00eb hund\u00ebs 2 ose 3 her\u00eb n\u00eb dit\u00eb p\u00ebr jo m\u00eb shum\u00eb se 10 dit\u00eb rresht.<\/p>\n","protected":false},"excerpt":{"rendered":"<p>VISCOFLU SPREJ NAZAL 30ML P\u00ebrb\u00ebr\u00ebsit aktiv\u00eb: \u00cbsht\u00eb nj\u00eb solucion hipertonik i NaCl 3% + n-acetilcistein\u00eb n\u00eb nj\u00eb pH fiziologjik. Indikacionet: Viscoflu p\u00ebrdoret p\u00ebr tretjen e sekrecioneve t\u00eb hund\u00ebs, duke p\u00ebrmir\u00ebsuar simptomat e infeksioneve t\u00eb sip\u00ebrme respiratore. Viscoflu p\u00ebrdoret p\u00ebr fluidifikimin dhe reduktimin mekanik t\u00eb mukusit dhe sekrecioneve mukopurulente n\u00eb kavitetet nazale dhe n\u00eb sinuset paranazale, [&hellip;]<\/p>\n","protected":false},"featured_media":8452,"template":"","meta":[],"product_brand":[],"product_cat":[119,124,102],"product_tag":[],"class_list":{"0":"post-7566","1":"product","2":"type-product","3":"status-publish","4":"has-post-thumbnail","6":"product_cat-markat-tona","7":"product_cat-pharmaline","8":"product_cat-suplemente","10":"first","11":"instock","12":"shipping-taxable","13":"purchasable","14":"product-type-simple"},"yoast_head":"<!-- This site is optimized with the Yoast SEO plugin v27.3 - https:\/\/yoast.com\/product\/yoast-seo-wordpress\/ -->\n<title>VISCOFLU SPREJ NAZAL 30ML - VITANET ALBANIA<\/title>\n<meta name=\"robots\" content=\"index, follow, max-snippet:-1, max-image-preview:large, max-video-preview:-1\" \/>\n<link rel=\"canonical\" href=\"https:\/\/vitanet.al\/sq\/product\/viscoflu-sprej-nazal-30ml\/\" \/>\n<meta property=\"og:locale\" content=\"sq_AL\" \/>\n<meta property=\"og:type\" content=\"article\" \/>\n<meta property=\"og:title\" content=\"VISCOFLU SPREJ NAZAL 30ML - VITANET ALBANIA\" \/>\n<meta property=\"og:description\" content=\"VISCOFLU SPREJ NAZAL 30ML P\u00ebrb\u00ebr\u00ebsit aktiv\u00eb: \u00cbsht\u00eb nj\u00eb solucion hipertonik i NaCl 3% + n-acetilcistein\u00eb n\u00eb nj\u00eb pH fiziologjik. Indikacionet: Viscoflu p\u00ebrdoret p\u00ebr tretjen e sekrecioneve t\u00eb hund\u00ebs, duke p\u00ebrmir\u00ebsuar simptomat e infeksioneve t\u00eb sip\u00ebrme respiratore. Viscoflu p\u00ebrdoret p\u00ebr fluidifikimin dhe reduktimin mekanik t\u00eb mukusit dhe sekrecioneve mukopurulente n\u00eb kavitetet nazale dhe n\u00eb sinuset paranazale, [&hellip;]\" \/>\n<meta property=\"og:url\" content=\"https:\/\/vitanet.al\/sq\/product\/viscoflu-sprej-nazal-30ml\/\" \/>\n<meta property=\"og:site_name\" content=\"VITANET ALBANIA\" \/>\n<meta property=\"article:modified_time\" content=\"2026-03-25T12:57:49+00:00\" \/>\n<meta property=\"og:image\" content=\"https:\/\/vitanet.al\/wp-content\/uploads\/2026\/02\/viscoflu_spray_nasale_-_1844081.webp\" \/>\n\t<meta property=\"og:image:width\" content=\"700\" \/>\n\t<meta property=\"og:image:height\" content=\"700\" \/>\n\t<meta property=\"og:image:type\" content=\"image\/webp\" \/>\n<meta name=\"twitter:card\" content=\"summary_large_image\" \/>\n<meta name=\"twitter:label1\" content=\"Est. reading time\" \/>\n\t<meta name=\"twitter:data1\" content=\"1 minute\" \/>\n<script type=\"application\/ld+json\" class=\"yoast-schema-graph\">{\"@context\":\"https:\\\/\\\/schema.org\",\"@graph\":[{\"@type\":\"WebPage\",\"@id\":\"https:\\\/\\\/vitanet.al\\\/sq\\\/product\\\/viscoflu-sprej-nazal-30ml\\\/\",\"url\":\"https:\\\/\\\/vitanet.al\\\/sq\\\/product\\\/viscoflu-sprej-nazal-30ml\\\/\",\"name\":\"VISCOFLU SPREJ NAZAL 30ML - VITANET ALBANIA\",\"isPartOf\":{\"@id\":\"https:\\\/\\\/vitanet.al\\\/sq\\\/#website\"},\"primaryImageOfPage\":{\"@id\":\"https:\\\/\\\/vitanet.al\\\/sq\\\/product\\\/viscoflu-sprej-nazal-30ml\\\/#primaryimage\"},\"image\":{\"@id\":\"https:\\\/\\\/vitanet.al\\\/sq\\\/product\\\/viscoflu-sprej-nazal-30ml\\\/#primaryimage\"},\"thumbnailUrl\":\"https:\\\/\\\/vitanet.al\\\/wp-content\\\/uploads\\\/2026\\\/02\\\/viscoflu_spray_nasale_-_1844081.webp\",\"datePublished\":\"2026-02-09T11:28:47+00:00\",\"dateModified\":\"2026-03-25T12:57:49+00:00\",\"breadcrumb\":{\"@id\":\"https:\\\/\\\/vitanet.al\\\/sq\\\/product\\\/viscoflu-sprej-nazal-30ml\\\/#breadcrumb\"},\"inLanguage\":\"sq-AL\",\"potentialAction\":[{\"@type\":\"ReadAction\",\"target\":[\"https:\\\/\\\/vitanet.al\\\/sq\\\/product\\\/viscoflu-sprej-nazal-30ml\\\/\"]}]},{\"@type\":\"ImageObject\",\"inLanguage\":\"sq-AL\",\"@id\":\"https:\\\/\\\/vitanet.al\\\/sq\\\/product\\\/viscoflu-sprej-nazal-30ml\\\/#primaryimage\",\"url\":\"https:\\\/\\\/vitanet.al\\\/wp-content\\\/uploads\\\/2026\\\/02\\\/viscoflu_spray_nasale_-_1844081.webp\",\"contentUrl\":\"https:\\\/\\\/vitanet.al\\\/wp-content\\\/uploads\\\/2026\\\/02\\\/viscoflu_spray_nasale_-_1844081.webp\",\"width\":700,\"height\":700},{\"@type\":\"BreadcrumbList\",\"@id\":\"https:\\\/\\\/vitanet.al\\\/sq\\\/product\\\/viscoflu-sprej-nazal-30ml\\\/#breadcrumb\",\"itemListElement\":[{\"@type\":\"ListItem\",\"position\":1,\"name\":\"Home\",\"item\":\"https:\\\/\\\/vitanet.al\\\/sq\\\/\"},{\"@type\":\"ListItem\",\"position\":2,\"name\":\"Shop\",\"item\":\"https:\\\/\\\/vitanet.al\\\/sq\\\/shop\\\/\"},{\"@type\":\"ListItem\",\"position\":3,\"name\":\"VISCOFLU SPREJ NAZAL 30ML\"}]},{\"@type\":\"WebSite\",\"@id\":\"https:\\\/\\\/vitanet.al\\\/sq\\\/#website\",\"url\":\"https:\\\/\\\/vitanet.al\\\/sq\\\/\",\"name\":\"VITANET ALBANIA\",\"description\":\"\",\"publisher\":{\"@id\":\"https:\\\/\\\/vitanet.al\\\/sq\\\/#organization\"},\"potentialAction\":[{\"@type\":\"SearchAction\",\"target\":{\"@type\":\"EntryPoint\",\"urlTemplate\":\"https:\\\/\\\/vitanet.al\\\/sq\\\/?s={search_term_string}\"},\"query-input\":{\"@type\":\"PropertyValueSpecification\",\"valueRequired\":true,\"valueName\":\"search_term_string\"}}],\"inLanguage\":\"sq-AL\"},{\"@type\":\"Organization\",\"@id\":\"https:\\\/\\\/vitanet.al\\\/sq\\\/#organization\",\"name\":\"VITANET ALBANIA\",\"url\":\"https:\\\/\\\/vitanet.al\\\/sq\\\/\",\"logo\":{\"@type\":\"ImageObject\",\"inLanguage\":\"sq-AL\",\"@id\":\"https:\\\/\\\/vitanet.al\\\/sq\\\/#\\\/schema\\\/logo\\\/image\\\/\",\"url\":\"https:\\\/\\\/vitanet.al\\\/wp-content\\\/uploads\\\/2022\\\/02\\\/Vitanet_Logo-scaled.webp\",\"contentUrl\":\"https:\\\/\\\/vitanet.al\\\/wp-content\\\/uploads\\\/2022\\\/02\\\/Vitanet_Logo-scaled.webp\",\"width\":2560,\"height\":714,\"caption\":\"VITANET ALBANIA\"},\"image\":{\"@id\":\"https:\\\/\\\/vitanet.al\\\/sq\\\/#\\\/schema\\\/logo\\\/image\\\/\"}}]}<\/script>\n<!-- \/ Yoast SEO plugin. -->","yoast_head_json":{"title":"VISCOFLU SPREJ NAZAL 30ML - VITANET ALBANIA","robots":{"index":"index","follow":"follow","max-snippet":"max-snippet:-1","max-image-preview":"max-image-preview:large","max-video-preview":"max-video-preview:-1"},"canonical":"https:\/\/vitanet.al\/sq\/product\/viscoflu-sprej-nazal-30ml\/","og_locale":"sq_AL","og_type":"article","og_title":"VISCOFLU SPREJ NAZAL 30ML - VITANET ALBANIA","og_description":"VISCOFLU SPREJ NAZAL 30ML P\u00ebrb\u00ebr\u00ebsit aktiv\u00eb: \u00cbsht\u00eb nj\u00eb solucion hipertonik i NaCl 3% + n-acetilcistein\u00eb n\u00eb nj\u00eb pH fiziologjik. Indikacionet: Viscoflu p\u00ebrdoret p\u00ebr tretjen e sekrecioneve t\u00eb hund\u00ebs, duke p\u00ebrmir\u00ebsuar simptomat e infeksioneve t\u00eb sip\u00ebrme respiratore. Viscoflu p\u00ebrdoret p\u00ebr fluidifikimin dhe reduktimin mekanik t\u00eb mukusit dhe sekrecioneve mukopurulente n\u00eb kavitetet nazale dhe n\u00eb sinuset paranazale, [&hellip;]","og_url":"https:\/\/vitanet.al\/sq\/product\/viscoflu-sprej-nazal-30ml\/","og_site_name":"VITANET ALBANIA","article_modified_time":"2026-03-25T12:57:49+00:00","og_image":[{"width":700,"height":700,"url":"https:\/\/vitanet.al\/wp-content\/uploads\/2026\/02\/viscoflu_spray_nasale_-_1844081.webp","type":"image\/webp"}],"twitter_card":"summary_large_image","twitter_misc":{"Est. reading time":"1 minute"},"schema":{"@context":"https:\/\/schema.org","@graph":[{"@type":"WebPage","@id":"https:\/\/vitanet.al\/sq\/product\/viscoflu-sprej-nazal-30ml\/","url":"https:\/\/vitanet.al\/sq\/product\/viscoflu-sprej-nazal-30ml\/","name":"VISCOFLU SPREJ NAZAL 30ML - VITANET ALBANIA","isPartOf":{"@id":"https:\/\/vitanet.al\/sq\/#website"},"primaryImageOfPage":{"@id":"https:\/\/vitanet.al\/sq\/product\/viscoflu-sprej-nazal-30ml\/#primaryimage"},"image":{"@id":"https:\/\/vitanet.al\/sq\/product\/viscoflu-sprej-nazal-30ml\/#primaryimage"},"thumbnailUrl":"https:\/\/vitanet.al\/wp-content\/uploads\/2026\/02\/viscoflu_spray_nasale_-_1844081.webp","datePublished":"2026-02-09T11:28:47+00:00","dateModified":"2026-03-25T12:57:49+00:00","breadcrumb":{"@id":"https:\/\/vitanet.al\/sq\/product\/viscoflu-sprej-nazal-30ml\/#breadcrumb"},"inLanguage":"sq-AL","potentialAction":[{"@type":"ReadAction","target":["https:\/\/vitanet.al\/sq\/product\/viscoflu-sprej-nazal-30ml\/"]}]},{"@type":"ImageObject","inLanguage":"sq-AL","@id":"https:\/\/vitanet.al\/sq\/product\/viscoflu-sprej-nazal-30ml\/#primaryimage","url":"https:\/\/vitanet.al\/wp-content\/uploads\/2026\/02\/viscoflu_spray_nasale_-_1844081.webp","contentUrl":"https:\/\/vitanet.al\/wp-content\/uploads\/2026\/02\/viscoflu_spray_nasale_-_1844081.webp","width":700,"height":700},{"@type":"BreadcrumbList","@id":"https:\/\/vitanet.al\/sq\/product\/viscoflu-sprej-nazal-30ml\/#breadcrumb","itemListElement":[{"@type":"ListItem","position":1,"name":"Home","item":"https:\/\/vitanet.al\/sq\/"},{"@type":"ListItem","position":2,"name":"Shop","item":"https:\/\/vitanet.al\/sq\/shop\/"},{"@type":"ListItem","position":3,"name":"VISCOFLU SPREJ NAZAL 30ML"}]},{"@type":"WebSite","@id":"https:\/\/vitanet.al\/sq\/#website","url":"https:\/\/vitanet.al\/sq\/","name":"VITANET ALBANIA","description":"","publisher":{"@id":"https:\/\/vitanet.al\/sq\/#organization"},"potentialAction":[{"@type":"SearchAction","target":{"@type":"EntryPoint","urlTemplate":"https:\/\/vitanet.al\/sq\/?s={search_term_string}"},"query-input":{"@type":"PropertyValueSpecification","valueRequired":true,"valueName":"search_term_string"}}],"inLanguage":"sq-AL"},{"@type":"Organization","@id":"https:\/\/vitanet.al\/sq\/#organization","name":"VITANET ALBANIA","url":"https:\/\/vitanet.al\/sq\/","logo":{"@type":"ImageObject","inLanguage":"sq-AL","@id":"https:\/\/vitanet.al\/sq\/#\/schema\/logo\/image\/","url":"https:\/\/vitanet.al\/wp-content\/uploads\/2022\/02\/Vitanet_Logo-scaled.webp","contentUrl":"https:\/\/vitanet.al\/wp-content\/uploads\/2022\/02\/Vitanet_Logo-scaled.webp","width":2560,"height":714,"caption":"VITANET ALBANIA"},"image":{"@id":"https:\/\/vitanet.al\/sq\/#\/schema\/logo\/image\/"}}]}},"_links":{"self":[{"href":"https:\/\/vitanet.al\/sq\/wp-json\/wp\/v2\/product\/7566","targetHints":{"allow":["GET"]}}],"collection":[{"href":"https:\/\/vitanet.al\/sq\/wp-json\/wp\/v2\/product"}],"about":[{"href":"https:\/\/vitanet.al\/sq\/wp-json\/wp\/v2\/types\/product"}],"version-history":[{"count":1,"href":"https:\/\/vitanet.al\/sq\/wp-json\/wp\/v2\/product\/7566\/revisions"}],"predecessor-version":[{"id":7567,"href":"https:\/\/vitanet.al\/sq\/wp-json\/wp\/v2\/product\/7566\/revisions\/7567"}],"wp:featuredmedia":[{"embeddable":true,"href":"https:\/\/vitanet.al\/sq\/wp-json\/wp\/v2\/media\/8452"}],"wp:attachment":[{"href":"https:\/\/vitanet.al\/sq\/wp-json\/wp\/v2\/media?parent=7566"}],"wp:term":[{"taxonomy":"product_brand","embeddable":true,"href":"https:\/\/vitanet.al\/sq\/wp-json\/wp\/v2\/product_brand?post=7566"},{"taxonomy":"product_cat","embeddable":true,"href":"https:\/\/vitanet.al\/sq\/wp-json\/wp\/v2\/product_cat?post=7566"},{"taxonomy":"product_tag","embeddable":true,"href":"https:\/\/vitanet.al\/sq\/wp-json\/wp\/v2\/product_tag?post=7566"}],"curies":[{"name":"wp","href":"https:\/\/api.w.org\/{rel}","templated":true}]}}