{"id":7571,"date":"2026-02-09T11:28:50","date_gmt":"2026-02-09T11:28:50","guid":{"rendered":"https:\/\/vitanet.al\/product\/macrostip-psyllium-x-14-stick-pack\/"},"modified":"2026-03-24T14:49:29","modified_gmt":"2026-03-24T14:49:29","slug":"macrostip-psyllium-x-14-stick-pack","status":"publish","type":"product","link":"https:\/\/vitanet.al\/sq\/product\/macrostip-psyllium-x-14-stick-pack\/","title":{"rendered":"MACROSTIP PSYLLIUM x 14 STICK PACK"},"content":{"rendered":"<p>Macrostip solucion 250 ml. P\u00ebrb\u00ebr\u00ebsit aktiv\u00eb: Nj\u00eb flakon 250 ml p\u00ebrmban 125 g makrogol 4000. Indikacionet: Trajtimi i konstipacionit kronik; Fekaloma (konstipacion i r\u00ebnd\u00eb me grumbullim t\u00eb jasht\u00ebqitjes n\u00eb rektum dhe\/ose zorr\u00eb t\u00eb trash\u00eb, i konfirmuar nga ekzaminimi fizik i barkut dhe rektumit); Dozimi i rekomanduar: T\u00eb rriturit dhe f\u00ebmij\u00ebt mbi 8 vje\u00e7: 20-40 ml n\u00eb dit\u00eb; F\u00ebmij\u00ebt nga 4 deri n\u00eb 7 vje\u00e7: 15-30 ml n\u00eb dit\u00eb; F\u00ebmij\u00ebt nga 2 deri n\u00eb 3 vje\u00e7: 10-15 ml n\u00eb dit\u00eb; foshnjat nga 6 muaj deri n\u00eb 7 vje\u00e7 (pesha trupore &gt; 7 kg): 5-10 ml n\u00eb dit\u00eb.  <\/p>\n","protected":false},"excerpt":{"rendered":"<p>Macrostip solucion 250 ml. P\u00ebrb\u00ebr\u00ebsit aktiv\u00eb: Nj\u00eb flakon 250 ml p\u00ebrmban 125 g makrogol 4000. Indikacionet: Trajtimi i konstipacionit kronik; Fekaloma (konstipacion i r\u00ebnd\u00eb me grumbullim t\u00eb jasht\u00ebqitjes n\u00eb rektum dhe\/ose zorr\u00eb t\u00eb trash\u00eb, i konfirmuar nga ekzaminimi fizik i barkut dhe rektumit); Dozimi i rekomanduar: T\u00eb rriturit dhe f\u00ebmij\u00ebt mbi 8 vje\u00e7: 20-40 ml [&hellip;]<\/p>\n","protected":false},"featured_media":8440,"template":"","meta":[],"product_brand":[],"product_cat":[119,124,102],"product_tag":[],"class_list":{"0":"post-7571","1":"product","2":"type-product","3":"status-publish","4":"has-post-thumbnail","6":"product_cat-markat-tona","7":"product_cat-pharmaline","8":"product_cat-suplemente","10":"first","11":"instock","12":"shipping-taxable","13":"purchasable","14":"product-type-simple"},"yoast_head":"<!-- This site is optimized with the Yoast SEO plugin v27.3 - https:\/\/yoast.com\/product\/yoast-seo-wordpress\/ -->\n<title>MACROSTIP PSYLLIUM x 14 STICK PACK - VITANET ALBANIA<\/title>\n<meta name=\"robots\" content=\"index, follow, max-snippet:-1, max-image-preview:large, max-video-preview:-1\" \/>\n<link rel=\"canonical\" href=\"https:\/\/vitanet.al\/sq\/product\/macrostip-psyllium-x-14-stick-pack\/\" \/>\n<meta property=\"og:locale\" content=\"sq_AL\" \/>\n<meta property=\"og:type\" content=\"article\" \/>\n<meta property=\"og:title\" content=\"MACROSTIP PSYLLIUM x 14 STICK PACK - VITANET ALBANIA\" \/>\n<meta property=\"og:description\" content=\"Macrostip solucion 250 ml. P\u00ebrb\u00ebr\u00ebsit aktiv\u00eb: Nj\u00eb flakon 250 ml p\u00ebrmban 125 g makrogol 4000. Indikacionet: Trajtimi i konstipacionit kronik; Fekaloma (konstipacion i r\u00ebnd\u00eb me grumbullim t\u00eb jasht\u00ebqitjes n\u00eb rektum dhe\/ose zorr\u00eb t\u00eb trash\u00eb, i konfirmuar nga ekzaminimi fizik i barkut dhe rektumit); Dozimi i rekomanduar: T\u00eb rriturit dhe f\u00ebmij\u00ebt mbi 8 vje\u00e7: 20-40 ml [&hellip;]\" \/>\n<meta property=\"og:url\" content=\"https:\/\/vitanet.al\/sq\/product\/macrostip-psyllium-x-14-stick-pack\/\" \/>\n<meta property=\"og:site_name\" content=\"VITANET ALBANIA\" \/>\n<meta property=\"article:modified_time\" content=\"2026-03-24T14:49:29+00:00\" \/>\n<meta property=\"og:image\" content=\"https:\/\/vitanet.al\/wp-content\/uploads\/2026\/02\/macrostip_psyllium_14_bustine.webp\" \/>\n\t<meta property=\"og:image:width\" content=\"450\" \/>\n\t<meta property=\"og:image:height\" content=\"314\" \/>\n\t<meta property=\"og:image:type\" content=\"image\/webp\" \/>\n<meta name=\"twitter:card\" content=\"summary_large_image\" \/>\n<script type=\"application\/ld+json\" class=\"yoast-schema-graph\">{\"@context\":\"https:\\\/\\\/schema.org\",\"@graph\":[{\"@type\":\"WebPage\",\"@id\":\"https:\\\/\\\/vitanet.al\\\/sq\\\/product\\\/macrostip-psyllium-x-14-stick-pack\\\/\",\"url\":\"https:\\\/\\\/vitanet.al\\\/sq\\\/product\\\/macrostip-psyllium-x-14-stick-pack\\\/\",\"name\":\"MACROSTIP PSYLLIUM x 14 STICK PACK - VITANET ALBANIA\",\"isPartOf\":{\"@id\":\"https:\\\/\\\/vitanet.al\\\/sq\\\/#website\"},\"primaryImageOfPage\":{\"@id\":\"https:\\\/\\\/vitanet.al\\\/sq\\\/product\\\/macrostip-psyllium-x-14-stick-pack\\\/#primaryimage\"},\"image\":{\"@id\":\"https:\\\/\\\/vitanet.al\\\/sq\\\/product\\\/macrostip-psyllium-x-14-stick-pack\\\/#primaryimage\"},\"thumbnailUrl\":\"https:\\\/\\\/vitanet.al\\\/wp-content\\\/uploads\\\/2026\\\/02\\\/macrostip_psyllium_14_bustine.webp\",\"datePublished\":\"2026-02-09T11:28:50+00:00\",\"dateModified\":\"2026-03-24T14:49:29+00:00\",\"breadcrumb\":{\"@id\":\"https:\\\/\\\/vitanet.al\\\/sq\\\/product\\\/macrostip-psyllium-x-14-stick-pack\\\/#breadcrumb\"},\"inLanguage\":\"sq-AL\",\"potentialAction\":[{\"@type\":\"ReadAction\",\"target\":[\"https:\\\/\\\/vitanet.al\\\/sq\\\/product\\\/macrostip-psyllium-x-14-stick-pack\\\/\"]}]},{\"@type\":\"ImageObject\",\"inLanguage\":\"sq-AL\",\"@id\":\"https:\\\/\\\/vitanet.al\\\/sq\\\/product\\\/macrostip-psyllium-x-14-stick-pack\\\/#primaryimage\",\"url\":\"https:\\\/\\\/vitanet.al\\\/wp-content\\\/uploads\\\/2026\\\/02\\\/macrostip_psyllium_14_bustine.webp\",\"contentUrl\":\"https:\\\/\\\/vitanet.al\\\/wp-content\\\/uploads\\\/2026\\\/02\\\/macrostip_psyllium_14_bustine.webp\",\"width\":450,\"height\":314},{\"@type\":\"BreadcrumbList\",\"@id\":\"https:\\\/\\\/vitanet.al\\\/sq\\\/product\\\/macrostip-psyllium-x-14-stick-pack\\\/#breadcrumb\",\"itemListElement\":[{\"@type\":\"ListItem\",\"position\":1,\"name\":\"Home\",\"item\":\"https:\\\/\\\/vitanet.al\\\/sq\\\/\"},{\"@type\":\"ListItem\",\"position\":2,\"name\":\"Shop\",\"item\":\"https:\\\/\\\/vitanet.al\\\/sq\\\/shop\\\/\"},{\"@type\":\"ListItem\",\"position\":3,\"name\":\"MACROSTIP PSYLLIUM x 14 STICK PACK\"}]},{\"@type\":\"WebSite\",\"@id\":\"https:\\\/\\\/vitanet.al\\\/sq\\\/#website\",\"url\":\"https:\\\/\\\/vitanet.al\\\/sq\\\/\",\"name\":\"VITANET ALBANIA\",\"description\":\"\",\"publisher\":{\"@id\":\"https:\\\/\\\/vitanet.al\\\/sq\\\/#organization\"},\"potentialAction\":[{\"@type\":\"SearchAction\",\"target\":{\"@type\":\"EntryPoint\",\"urlTemplate\":\"https:\\\/\\\/vitanet.al\\\/sq\\\/?s={search_term_string}\"},\"query-input\":{\"@type\":\"PropertyValueSpecification\",\"valueRequired\":true,\"valueName\":\"search_term_string\"}}],\"inLanguage\":\"sq-AL\"},{\"@type\":\"Organization\",\"@id\":\"https:\\\/\\\/vitanet.al\\\/sq\\\/#organization\",\"name\":\"VITANET ALBANIA\",\"url\":\"https:\\\/\\\/vitanet.al\\\/sq\\\/\",\"logo\":{\"@type\":\"ImageObject\",\"inLanguage\":\"sq-AL\",\"@id\":\"https:\\\/\\\/vitanet.al\\\/sq\\\/#\\\/schema\\\/logo\\\/image\\\/\",\"url\":\"https:\\\/\\\/vitanet.al\\\/wp-content\\\/uploads\\\/2022\\\/02\\\/Vitanet_Logo-scaled.webp\",\"contentUrl\":\"https:\\\/\\\/vitanet.al\\\/wp-content\\\/uploads\\\/2022\\\/02\\\/Vitanet_Logo-scaled.webp\",\"width\":2560,\"height\":714,\"caption\":\"VITANET ALBANIA\"},\"image\":{\"@id\":\"https:\\\/\\\/vitanet.al\\\/sq\\\/#\\\/schema\\\/logo\\\/image\\\/\"}}]}<\/script>\n<!-- \/ Yoast SEO plugin. -->","yoast_head_json":{"title":"MACROSTIP PSYLLIUM x 14 STICK PACK - VITANET ALBANIA","robots":{"index":"index","follow":"follow","max-snippet":"max-snippet:-1","max-image-preview":"max-image-preview:large","max-video-preview":"max-video-preview:-1"},"canonical":"https:\/\/vitanet.al\/sq\/product\/macrostip-psyllium-x-14-stick-pack\/","og_locale":"sq_AL","og_type":"article","og_title":"MACROSTIP PSYLLIUM x 14 STICK PACK - VITANET ALBANIA","og_description":"Macrostip solucion 250 ml. P\u00ebrb\u00ebr\u00ebsit aktiv\u00eb: Nj\u00eb flakon 250 ml p\u00ebrmban 125 g makrogol 4000. Indikacionet: Trajtimi i konstipacionit kronik; Fekaloma (konstipacion i r\u00ebnd\u00eb me grumbullim t\u00eb jasht\u00ebqitjes n\u00eb rektum dhe\/ose zorr\u00eb t\u00eb trash\u00eb, i konfirmuar nga ekzaminimi fizik i barkut dhe rektumit); Dozimi i rekomanduar: T\u00eb rriturit dhe f\u00ebmij\u00ebt mbi 8 vje\u00e7: 20-40 ml [&hellip;]","og_url":"https:\/\/vitanet.al\/sq\/product\/macrostip-psyllium-x-14-stick-pack\/","og_site_name":"VITANET ALBANIA","article_modified_time":"2026-03-24T14:49:29+00:00","og_image":[{"width":450,"height":314,"url":"https:\/\/vitanet.al\/wp-content\/uploads\/2026\/02\/macrostip_psyllium_14_bustine.webp","type":"image\/webp"}],"twitter_card":"summary_large_image","schema":{"@context":"https:\/\/schema.org","@graph":[{"@type":"WebPage","@id":"https:\/\/vitanet.al\/sq\/product\/macrostip-psyllium-x-14-stick-pack\/","url":"https:\/\/vitanet.al\/sq\/product\/macrostip-psyllium-x-14-stick-pack\/","name":"MACROSTIP PSYLLIUM x 14 STICK PACK - VITANET ALBANIA","isPartOf":{"@id":"https:\/\/vitanet.al\/sq\/#website"},"primaryImageOfPage":{"@id":"https:\/\/vitanet.al\/sq\/product\/macrostip-psyllium-x-14-stick-pack\/#primaryimage"},"image":{"@id":"https:\/\/vitanet.al\/sq\/product\/macrostip-psyllium-x-14-stick-pack\/#primaryimage"},"thumbnailUrl":"https:\/\/vitanet.al\/wp-content\/uploads\/2026\/02\/macrostip_psyllium_14_bustine.webp","datePublished":"2026-02-09T11:28:50+00:00","dateModified":"2026-03-24T14:49:29+00:00","breadcrumb":{"@id":"https:\/\/vitanet.al\/sq\/product\/macrostip-psyllium-x-14-stick-pack\/#breadcrumb"},"inLanguage":"sq-AL","potentialAction":[{"@type":"ReadAction","target":["https:\/\/vitanet.al\/sq\/product\/macrostip-psyllium-x-14-stick-pack\/"]}]},{"@type":"ImageObject","inLanguage":"sq-AL","@id":"https:\/\/vitanet.al\/sq\/product\/macrostip-psyllium-x-14-stick-pack\/#primaryimage","url":"https:\/\/vitanet.al\/wp-content\/uploads\/2026\/02\/macrostip_psyllium_14_bustine.webp","contentUrl":"https:\/\/vitanet.al\/wp-content\/uploads\/2026\/02\/macrostip_psyllium_14_bustine.webp","width":450,"height":314},{"@type":"BreadcrumbList","@id":"https:\/\/vitanet.al\/sq\/product\/macrostip-psyllium-x-14-stick-pack\/#breadcrumb","itemListElement":[{"@type":"ListItem","position":1,"name":"Home","item":"https:\/\/vitanet.al\/sq\/"},{"@type":"ListItem","position":2,"name":"Shop","item":"https:\/\/vitanet.al\/sq\/shop\/"},{"@type":"ListItem","position":3,"name":"MACROSTIP PSYLLIUM x 14 STICK PACK"}]},{"@type":"WebSite","@id":"https:\/\/vitanet.al\/sq\/#website","url":"https:\/\/vitanet.al\/sq\/","name":"VITANET ALBANIA","description":"","publisher":{"@id":"https:\/\/vitanet.al\/sq\/#organization"},"potentialAction":[{"@type":"SearchAction","target":{"@type":"EntryPoint","urlTemplate":"https:\/\/vitanet.al\/sq\/?s={search_term_string}"},"query-input":{"@type":"PropertyValueSpecification","valueRequired":true,"valueName":"search_term_string"}}],"inLanguage":"sq-AL"},{"@type":"Organization","@id":"https:\/\/vitanet.al\/sq\/#organization","name":"VITANET ALBANIA","url":"https:\/\/vitanet.al\/sq\/","logo":{"@type":"ImageObject","inLanguage":"sq-AL","@id":"https:\/\/vitanet.al\/sq\/#\/schema\/logo\/image\/","url":"https:\/\/vitanet.al\/wp-content\/uploads\/2022\/02\/Vitanet_Logo-scaled.webp","contentUrl":"https:\/\/vitanet.al\/wp-content\/uploads\/2022\/02\/Vitanet_Logo-scaled.webp","width":2560,"height":714,"caption":"VITANET ALBANIA"},"image":{"@id":"https:\/\/vitanet.al\/sq\/#\/schema\/logo\/image\/"}}]}},"_links":{"self":[{"href":"https:\/\/vitanet.al\/sq\/wp-json\/wp\/v2\/product\/7571","targetHints":{"allow":["GET"]}}],"collection":[{"href":"https:\/\/vitanet.al\/sq\/wp-json\/wp\/v2\/product"}],"about":[{"href":"https:\/\/vitanet.al\/sq\/wp-json\/wp\/v2\/types\/product"}],"version-history":[{"count":1,"href":"https:\/\/vitanet.al\/sq\/wp-json\/wp\/v2\/product\/7571\/revisions"}],"predecessor-version":[{"id":8442,"href":"https:\/\/vitanet.al\/sq\/wp-json\/wp\/v2\/product\/7571\/revisions\/8442"}],"wp:featuredmedia":[{"embeddable":true,"href":"https:\/\/vitanet.al\/sq\/wp-json\/wp\/v2\/media\/8440"}],"wp:attachment":[{"href":"https:\/\/vitanet.al\/sq\/wp-json\/wp\/v2\/media?parent=7571"}],"wp:term":[{"taxonomy":"product_brand","embeddable":true,"href":"https:\/\/vitanet.al\/sq\/wp-json\/wp\/v2\/product_brand?post=7571"},{"taxonomy":"product_cat","embeddable":true,"href":"https:\/\/vitanet.al\/sq\/wp-json\/wp\/v2\/product_cat?post=7571"},{"taxonomy":"product_tag","embeddable":true,"href":"https:\/\/vitanet.al\/sq\/wp-json\/wp\/v2\/product_tag?post=7571"}],"curies":[{"name":"wp","href":"https:\/\/api.w.org\/{rel}","templated":true}]}}