{"id":7576,"date":"2026-02-09T11:28:47","date_gmt":"2026-02-09T11:28:47","guid":{"rendered":"https:\/\/vitanet.al\/product\/catidral-plus-x-12-bustina\/"},"modified":"2026-03-18T16:02:17","modified_gmt":"2026-03-18T16:02:17","slug":"catidral-plus-x-12-bustina","status":"publish","type":"product","link":"https:\/\/vitanet.al\/sq\/product\/catidral-plus-x-12-bustina\/","title":{"rendered":"CATIDRAL PLUS X 12 BUSTINA"},"content":{"rendered":"<p>Nj\u00eb bustin\u00eb CATIDRAL Plus p\u00ebrmban diosmektit dhe elektrolite. K\u00ebshtu, CATIDRAL Plus mund t\u00eb zvog\u00ebloj\u00eb rrezikun e dehidrimit nga diarreja dhe t\u00eb ndihmoj\u00eb n\u00eb rikthimin e ekuilibrit hidrosalin, fal\u00eb doz\u00ebs s\u00eb balancuar t\u00eb elektroliteve. Dozimi i rekomanduar: T\u00eb rriturit: 1 bustin\u00eb n\u00eb 50\u2013100 ml uj\u00eb, 2\u20133 her\u00eb n\u00eb dit\u00eb p\u00ebr maksimumi 10 dit\u00eb. F\u00ebmij\u00ebt: N\u00ebn 1 vje\u00e7: 1 bustin\u00eb n\u00eb dit\u00eb p\u00ebr maksimumi 10 dit\u00eb. Midis 1 dhe 2 vje\u00e7: 1\u20132 bustina n\u00eb dit\u00eb p\u00ebr maksimumi 10 dit\u00eb. Mbi 2 vje\u00e7: 2\u20133 bustina n\u00eb dit\u00eb p\u00ebr maksimumi 10 dit\u00eb. P\u00ebr 3 dit\u00ebt e para: F\u00ebmij\u00ebt &gt; 2 vje\u00e7: deri n\u00eb 4 bustina n\u00eb dit\u00eb. T\u00eb rriturit: deri n\u00eb 6 bustina n\u00eb dit\u00eb. M\u00eb pas vazhdo me doz\u00eb t\u00eb p\u00ebrgjysmuar deri n\u00eb ndalimin e plot\u00eb t\u00eb diarres\u00eb.     <\/p>\n","protected":false},"excerpt":{"rendered":"<p>Nj\u00eb bustin\u00eb CATIDRAL Plus p\u00ebrmban diosmektit dhe elektrolite. K\u00ebshtu, CATIDRAL Plus mund t\u00eb zvog\u00ebloj\u00eb rrezikun e dehidrimit nga diarreja dhe t\u00eb ndihmoj\u00eb n\u00eb rikthimin e ekuilibrit hidrosalin, fal\u00eb doz\u00ebs s\u00eb balancuar t\u00eb elektroliteve. Dozimi i rekomanduar: T\u00eb rriturit: 1 bustin\u00eb n\u00eb 50\u2013100 ml uj\u00eb, 2\u20133 her\u00eb n\u00eb dit\u00eb p\u00ebr maksimumi 10 dit\u00eb. F\u00ebmij\u00ebt: N\u00ebn 1 [&hellip;]<\/p>\n","protected":false},"featured_media":8368,"template":"","meta":[],"product_brand":[],"product_cat":[119,124,102],"product_tag":[158,152],"class_list":{"0":"post-7576","1":"product","2":"type-product","3":"status-publish","4":"has-post-thumbnail","6":"product_cat-markat-tona","7":"product_cat-pharmaline","8":"product_cat-suplemente","9":"product_tag-catidral","10":"product_tag-pharmaline","12":"first","13":"instock","14":"shipping-taxable","15":"purchasable","16":"product-type-simple"},"yoast_head":"<!-- This site is optimized with the Yoast SEO plugin v27.3 - https:\/\/yoast.com\/product\/yoast-seo-wordpress\/ -->\n<title>CATIDRAL PLUS X 12 BUSTINA - VITANET ALBANIA<\/title>\n<meta name=\"robots\" content=\"index, follow, max-snippet:-1, max-image-preview:large, max-video-preview:-1\" \/>\n<link rel=\"canonical\" href=\"https:\/\/vitanet.al\/sq\/product\/catidral-plus-x-12-bustina\/\" \/>\n<meta property=\"og:locale\" content=\"sq_AL\" \/>\n<meta property=\"og:type\" content=\"article\" \/>\n<meta property=\"og:title\" content=\"CATIDRAL PLUS X 12 BUSTINA - VITANET ALBANIA\" \/>\n<meta property=\"og:description\" content=\"Nj\u00eb bustin\u00eb CATIDRAL Plus p\u00ebrmban diosmektit dhe elektrolite. K\u00ebshtu, CATIDRAL Plus mund t\u00eb zvog\u00ebloj\u00eb rrezikun e dehidrimit nga diarreja dhe t\u00eb ndihmoj\u00eb n\u00eb rikthimin e ekuilibrit hidrosalin, fal\u00eb doz\u00ebs s\u00eb balancuar t\u00eb elektroliteve. Dozimi i rekomanduar: T\u00eb rriturit: 1 bustin\u00eb n\u00eb 50\u2013100 ml uj\u00eb, 2\u20133 her\u00eb n\u00eb dit\u00eb p\u00ebr maksimumi 10 dit\u00eb. F\u00ebmij\u00ebt: N\u00ebn 1 [&hellip;]\" \/>\n<meta property=\"og:url\" content=\"https:\/\/vitanet.al\/sq\/product\/catidral-plus-x-12-bustina\/\" \/>\n<meta property=\"og:site_name\" content=\"VITANET ALBANIA\" \/>\n<meta property=\"article:modified_time\" content=\"2026-03-18T16:02:17+00:00\" \/>\n<meta property=\"og:image\" content=\"https:\/\/vitanet.al\/wp-content\/uploads\/2026\/02\/Catidral-Plus_0.jpeg\" \/>\n\t<meta property=\"og:image:width\" content=\"1000\" \/>\n\t<meta property=\"og:image:height\" content=\"646\" \/>\n\t<meta property=\"og:image:type\" content=\"image\/jpeg\" \/>\n<meta name=\"twitter:card\" content=\"summary_large_image\" \/>\n<meta name=\"twitter:label1\" content=\"Est. reading time\" \/>\n\t<meta name=\"twitter:data1\" content=\"1 minute\" \/>\n<script type=\"application\/ld+json\" class=\"yoast-schema-graph\">{\"@context\":\"https:\\\/\\\/schema.org\",\"@graph\":[{\"@type\":\"WebPage\",\"@id\":\"https:\\\/\\\/vitanet.al\\\/sq\\\/product\\\/catidral-plus-x-12-bustina\\\/\",\"url\":\"https:\\\/\\\/vitanet.al\\\/sq\\\/product\\\/catidral-plus-x-12-bustina\\\/\",\"name\":\"CATIDRAL PLUS X 12 BUSTINA - VITANET ALBANIA\",\"isPartOf\":{\"@id\":\"https:\\\/\\\/vitanet.al\\\/sq\\\/#website\"},\"primaryImageOfPage\":{\"@id\":\"https:\\\/\\\/vitanet.al\\\/sq\\\/product\\\/catidral-plus-x-12-bustina\\\/#primaryimage\"},\"image\":{\"@id\":\"https:\\\/\\\/vitanet.al\\\/sq\\\/product\\\/catidral-plus-x-12-bustina\\\/#primaryimage\"},\"thumbnailUrl\":\"https:\\\/\\\/vitanet.al\\\/wp-content\\\/uploads\\\/2026\\\/02\\\/Catidral-Plus_0.jpeg\",\"datePublished\":\"2026-02-09T11:28:47+00:00\",\"dateModified\":\"2026-03-18T16:02:17+00:00\",\"breadcrumb\":{\"@id\":\"https:\\\/\\\/vitanet.al\\\/sq\\\/product\\\/catidral-plus-x-12-bustina\\\/#breadcrumb\"},\"inLanguage\":\"sq-AL\",\"potentialAction\":[{\"@type\":\"ReadAction\",\"target\":[\"https:\\\/\\\/vitanet.al\\\/sq\\\/product\\\/catidral-plus-x-12-bustina\\\/\"]}]},{\"@type\":\"ImageObject\",\"inLanguage\":\"sq-AL\",\"@id\":\"https:\\\/\\\/vitanet.al\\\/sq\\\/product\\\/catidral-plus-x-12-bustina\\\/#primaryimage\",\"url\":\"https:\\\/\\\/vitanet.al\\\/wp-content\\\/uploads\\\/2026\\\/02\\\/Catidral-Plus_0.jpeg\",\"contentUrl\":\"https:\\\/\\\/vitanet.al\\\/wp-content\\\/uploads\\\/2026\\\/02\\\/Catidral-Plus_0.jpeg\",\"width\":1000,\"height\":646},{\"@type\":\"BreadcrumbList\",\"@id\":\"https:\\\/\\\/vitanet.al\\\/sq\\\/product\\\/catidral-plus-x-12-bustina\\\/#breadcrumb\",\"itemListElement\":[{\"@type\":\"ListItem\",\"position\":1,\"name\":\"Home\",\"item\":\"https:\\\/\\\/vitanet.al\\\/sq\\\/\"},{\"@type\":\"ListItem\",\"position\":2,\"name\":\"Shop\",\"item\":\"https:\\\/\\\/vitanet.al\\\/sq\\\/shop\\\/\"},{\"@type\":\"ListItem\",\"position\":3,\"name\":\"CATIDRAL PLUS X 12 BUSTINA\"}]},{\"@type\":\"WebSite\",\"@id\":\"https:\\\/\\\/vitanet.al\\\/sq\\\/#website\",\"url\":\"https:\\\/\\\/vitanet.al\\\/sq\\\/\",\"name\":\"VITANET ALBANIA\",\"description\":\"\",\"publisher\":{\"@id\":\"https:\\\/\\\/vitanet.al\\\/sq\\\/#organization\"},\"potentialAction\":[{\"@type\":\"SearchAction\",\"target\":{\"@type\":\"EntryPoint\",\"urlTemplate\":\"https:\\\/\\\/vitanet.al\\\/sq\\\/?s={search_term_string}\"},\"query-input\":{\"@type\":\"PropertyValueSpecification\",\"valueRequired\":true,\"valueName\":\"search_term_string\"}}],\"inLanguage\":\"sq-AL\"},{\"@type\":\"Organization\",\"@id\":\"https:\\\/\\\/vitanet.al\\\/sq\\\/#organization\",\"name\":\"VITANET ALBANIA\",\"url\":\"https:\\\/\\\/vitanet.al\\\/sq\\\/\",\"logo\":{\"@type\":\"ImageObject\",\"inLanguage\":\"sq-AL\",\"@id\":\"https:\\\/\\\/vitanet.al\\\/sq\\\/#\\\/schema\\\/logo\\\/image\\\/\",\"url\":\"https:\\\/\\\/vitanet.al\\\/wp-content\\\/uploads\\\/2022\\\/02\\\/Vitanet_Logo-scaled.webp\",\"contentUrl\":\"https:\\\/\\\/vitanet.al\\\/wp-content\\\/uploads\\\/2022\\\/02\\\/Vitanet_Logo-scaled.webp\",\"width\":2560,\"height\":714,\"caption\":\"VITANET ALBANIA\"},\"image\":{\"@id\":\"https:\\\/\\\/vitanet.al\\\/sq\\\/#\\\/schema\\\/logo\\\/image\\\/\"}}]}<\/script>\n<!-- \/ Yoast SEO plugin. -->","yoast_head_json":{"title":"CATIDRAL PLUS X 12 BUSTINA - VITANET ALBANIA","robots":{"index":"index","follow":"follow","max-snippet":"max-snippet:-1","max-image-preview":"max-image-preview:large","max-video-preview":"max-video-preview:-1"},"canonical":"https:\/\/vitanet.al\/sq\/product\/catidral-plus-x-12-bustina\/","og_locale":"sq_AL","og_type":"article","og_title":"CATIDRAL PLUS X 12 BUSTINA - VITANET ALBANIA","og_description":"Nj\u00eb bustin\u00eb CATIDRAL Plus p\u00ebrmban diosmektit dhe elektrolite. K\u00ebshtu, CATIDRAL Plus mund t\u00eb zvog\u00ebloj\u00eb rrezikun e dehidrimit nga diarreja dhe t\u00eb ndihmoj\u00eb n\u00eb rikthimin e ekuilibrit hidrosalin, fal\u00eb doz\u00ebs s\u00eb balancuar t\u00eb elektroliteve. Dozimi i rekomanduar: T\u00eb rriturit: 1 bustin\u00eb n\u00eb 50\u2013100 ml uj\u00eb, 2\u20133 her\u00eb n\u00eb dit\u00eb p\u00ebr maksimumi 10 dit\u00eb. F\u00ebmij\u00ebt: N\u00ebn 1 [&hellip;]","og_url":"https:\/\/vitanet.al\/sq\/product\/catidral-plus-x-12-bustina\/","og_site_name":"VITANET ALBANIA","article_modified_time":"2026-03-18T16:02:17+00:00","og_image":[{"width":1000,"height":646,"url":"https:\/\/vitanet.al\/wp-content\/uploads\/2026\/02\/Catidral-Plus_0.jpeg","type":"image\/jpeg"}],"twitter_card":"summary_large_image","twitter_misc":{"Est. reading time":"1 minute"},"schema":{"@context":"https:\/\/schema.org","@graph":[{"@type":"WebPage","@id":"https:\/\/vitanet.al\/sq\/product\/catidral-plus-x-12-bustina\/","url":"https:\/\/vitanet.al\/sq\/product\/catidral-plus-x-12-bustina\/","name":"CATIDRAL PLUS X 12 BUSTINA - VITANET ALBANIA","isPartOf":{"@id":"https:\/\/vitanet.al\/sq\/#website"},"primaryImageOfPage":{"@id":"https:\/\/vitanet.al\/sq\/product\/catidral-plus-x-12-bustina\/#primaryimage"},"image":{"@id":"https:\/\/vitanet.al\/sq\/product\/catidral-plus-x-12-bustina\/#primaryimage"},"thumbnailUrl":"https:\/\/vitanet.al\/wp-content\/uploads\/2026\/02\/Catidral-Plus_0.jpeg","datePublished":"2026-02-09T11:28:47+00:00","dateModified":"2026-03-18T16:02:17+00:00","breadcrumb":{"@id":"https:\/\/vitanet.al\/sq\/product\/catidral-plus-x-12-bustina\/#breadcrumb"},"inLanguage":"sq-AL","potentialAction":[{"@type":"ReadAction","target":["https:\/\/vitanet.al\/sq\/product\/catidral-plus-x-12-bustina\/"]}]},{"@type":"ImageObject","inLanguage":"sq-AL","@id":"https:\/\/vitanet.al\/sq\/product\/catidral-plus-x-12-bustina\/#primaryimage","url":"https:\/\/vitanet.al\/wp-content\/uploads\/2026\/02\/Catidral-Plus_0.jpeg","contentUrl":"https:\/\/vitanet.al\/wp-content\/uploads\/2026\/02\/Catidral-Plus_0.jpeg","width":1000,"height":646},{"@type":"BreadcrumbList","@id":"https:\/\/vitanet.al\/sq\/product\/catidral-plus-x-12-bustina\/#breadcrumb","itemListElement":[{"@type":"ListItem","position":1,"name":"Home","item":"https:\/\/vitanet.al\/sq\/"},{"@type":"ListItem","position":2,"name":"Shop","item":"https:\/\/vitanet.al\/sq\/shop\/"},{"@type":"ListItem","position":3,"name":"CATIDRAL PLUS X 12 BUSTINA"}]},{"@type":"WebSite","@id":"https:\/\/vitanet.al\/sq\/#website","url":"https:\/\/vitanet.al\/sq\/","name":"VITANET ALBANIA","description":"","publisher":{"@id":"https:\/\/vitanet.al\/sq\/#organization"},"potentialAction":[{"@type":"SearchAction","target":{"@type":"EntryPoint","urlTemplate":"https:\/\/vitanet.al\/sq\/?s={search_term_string}"},"query-input":{"@type":"PropertyValueSpecification","valueRequired":true,"valueName":"search_term_string"}}],"inLanguage":"sq-AL"},{"@type":"Organization","@id":"https:\/\/vitanet.al\/sq\/#organization","name":"VITANET ALBANIA","url":"https:\/\/vitanet.al\/sq\/","logo":{"@type":"ImageObject","inLanguage":"sq-AL","@id":"https:\/\/vitanet.al\/sq\/#\/schema\/logo\/image\/","url":"https:\/\/vitanet.al\/wp-content\/uploads\/2022\/02\/Vitanet_Logo-scaled.webp","contentUrl":"https:\/\/vitanet.al\/wp-content\/uploads\/2022\/02\/Vitanet_Logo-scaled.webp","width":2560,"height":714,"caption":"VITANET ALBANIA"},"image":{"@id":"https:\/\/vitanet.al\/sq\/#\/schema\/logo\/image\/"}}]}},"_links":{"self":[{"href":"https:\/\/vitanet.al\/sq\/wp-json\/wp\/v2\/product\/7576","targetHints":{"allow":["GET"]}}],"collection":[{"href":"https:\/\/vitanet.al\/sq\/wp-json\/wp\/v2\/product"}],"about":[{"href":"https:\/\/vitanet.al\/sq\/wp-json\/wp\/v2\/types\/product"}],"version-history":[{"count":2,"href":"https:\/\/vitanet.al\/sq\/wp-json\/wp\/v2\/product\/7576\/revisions"}],"predecessor-version":[{"id":8370,"href":"https:\/\/vitanet.al\/sq\/wp-json\/wp\/v2\/product\/7576\/revisions\/8370"}],"wp:featuredmedia":[{"embeddable":true,"href":"https:\/\/vitanet.al\/sq\/wp-json\/wp\/v2\/media\/8368"}],"wp:attachment":[{"href":"https:\/\/vitanet.al\/sq\/wp-json\/wp\/v2\/media?parent=7576"}],"wp:term":[{"taxonomy":"product_brand","embeddable":true,"href":"https:\/\/vitanet.al\/sq\/wp-json\/wp\/v2\/product_brand?post=7576"},{"taxonomy":"product_cat","embeddable":true,"href":"https:\/\/vitanet.al\/sq\/wp-json\/wp\/v2\/product_cat?post=7576"},{"taxonomy":"product_tag","embeddable":true,"href":"https:\/\/vitanet.al\/sq\/wp-json\/wp\/v2\/product_tag?post=7576"}],"curies":[{"name":"wp","href":"https:\/\/api.w.org\/{rel}","templated":true}]}}