{"id":7578,"date":"2026-02-09T11:28:45","date_gmt":"2026-02-09T11:28:45","guid":{"rendered":"https:\/\/vitanet.al\/product\/venolen-idrogel-100-ml\/"},"modified":"2026-03-18T16:22:29","modified_gmt":"2026-03-18T16:22:29","slug":"venolen-idrogel-100-ml","status":"publish","type":"product","link":"https:\/\/vitanet.al\/sq\/product\/venolen-idrogel-100-ml\/","title":{"rendered":"VENOLEN IDROGEL 100 ML"},"content":{"rendered":"<p>VENOLEN IDROGEL P\u00ebrb\u00ebrja:Trokserutin\u00eb 1%, Eskin\u00eb (ekstrakt g\u00ebshtenje e eg\u00ebr me efekt inhibues t\u00eb kanaleve t\u00eb kalcciumit), Glukozaminoglikani 0.6 g (hidraton dhe promovon elasticitetin dhe tropizimin e l\u00ebkur\u00ebs). Indikacionet:Venolen Idrogel \u00ebsht\u00eb xhel me efekt hidratues dhe rifreskues q\u00eb p\u00ebrmir\u00ebson atrofizimin e l\u00ebkur\u00ebs duke rritur elasticitetin e indeve. Redukton lodhjen, r\u00ebndimin dhe edem\u00ebn e k\u00ebmb\u00ebve , P\u00ebrdorimi: 2-3 her\u00eb n\u00eb dit\u00eb n\u00eb l\u00ebkur\u00eb jo t\u00eb d\u00ebmtuar, xheli aplikohet me an\u00eb t\u00eb nj\u00eb masazhimi t\u00eb leht\u00eb nga pjesa e poshtme n\u00eb pjes\u00ebn e sip\u00ebrme deri n\u00eb p\u00ebrthithje t\u00eb plot\u00eb.  <\/p>\n","protected":false},"excerpt":{"rendered":"<p>VENOLEN IDROGEL P\u00ebrb\u00ebrja:Trokserutin\u00eb 1%, Eskin\u00eb (ekstrakt g\u00ebshtenje e eg\u00ebr me efekt inhibues t\u00eb kanaleve t\u00eb kalcciumit), Glukozaminoglikani 0.6 g (hidraton dhe promovon elasticitetin dhe tropizimin e l\u00ebkur\u00ebs). Indikacionet:Venolen Idrogel \u00ebsht\u00eb xhel me efekt hidratues dhe rifreskues q\u00eb p\u00ebrmir\u00ebson atrofizimin e l\u00ebkur\u00ebs duke rritur elasticitetin e indeve. Redukton lodhjen, r\u00ebndimin dhe edem\u00ebn e k\u00ebmb\u00ebve , P\u00ebrdorimi: [&hellip;]<\/p>\n","protected":false},"featured_media":8386,"template":"","meta":[],"product_brand":[],"product_cat":[119,124,102],"product_tag":[172,152,170],"class_list":{"0":"post-7578","1":"product","2":"type-product","3":"status-publish","4":"has-post-thumbnail","6":"product_cat-markat-tona","7":"product_cat-pharmaline","8":"product_cat-suplemente","9":"product_tag-idrogjel","10":"product_tag-pharmaline","11":"product_tag-venolen","13":"first","14":"instock","15":"shipping-taxable","16":"purchasable","17":"product-type-simple"},"yoast_head":"<!-- This site is optimized with the Yoast SEO plugin v27.3 - https:\/\/yoast.com\/product\/yoast-seo-wordpress\/ -->\n<title>VENOLEN IDROGEL 100 ML - VITANET ALBANIA<\/title>\n<meta name=\"robots\" content=\"index, follow, max-snippet:-1, max-image-preview:large, max-video-preview:-1\" \/>\n<link rel=\"canonical\" href=\"https:\/\/vitanet.al\/sq\/product\/venolen-idrogel-100-ml\/\" \/>\n<meta property=\"og:locale\" content=\"sq_AL\" \/>\n<meta property=\"og:type\" content=\"article\" \/>\n<meta property=\"og:title\" content=\"VENOLEN IDROGEL 100 ML - VITANET ALBANIA\" \/>\n<meta property=\"og:description\" content=\"VENOLEN IDROGEL P\u00ebrb\u00ebrja:Trokserutin\u00eb 1%, Eskin\u00eb (ekstrakt g\u00ebshtenje e eg\u00ebr me efekt inhibues t\u00eb kanaleve t\u00eb kalcciumit), Glukozaminoglikani 0.6 g (hidraton dhe promovon elasticitetin dhe tropizimin e l\u00ebkur\u00ebs). Indikacionet:Venolen Idrogel \u00ebsht\u00eb xhel me efekt hidratues dhe rifreskues q\u00eb p\u00ebrmir\u00ebson atrofizimin e l\u00ebkur\u00ebs duke rritur elasticitetin e indeve. Redukton lodhjen, r\u00ebndimin dhe edem\u00ebn e k\u00ebmb\u00ebve , P\u00ebrdorimi: [&hellip;]\" \/>\n<meta property=\"og:url\" content=\"https:\/\/vitanet.al\/sq\/product\/venolen-idrogel-100-ml\/\" \/>\n<meta property=\"og:site_name\" content=\"VITANET ALBANIA\" \/>\n<meta property=\"article:modified_time\" content=\"2026-03-18T16:22:29+00:00\" \/>\n<meta property=\"og:image\" content=\"https:\/\/vitanet.al\/wp-content\/uploads\/2026\/02\/Venolen-idrogel-ENG.jpg\" \/>\n\t<meta property=\"og:image:width\" content=\"1200\" \/>\n\t<meta property=\"og:image:height\" content=\"505\" \/>\n\t<meta property=\"og:image:type\" content=\"image\/jpeg\" \/>\n<meta name=\"twitter:card\" content=\"summary_large_image\" \/>\n<meta name=\"twitter:label1\" content=\"Est. reading time\" \/>\n\t<meta name=\"twitter:data1\" content=\"1 minute\" \/>\n<script type=\"application\/ld+json\" class=\"yoast-schema-graph\">{\"@context\":\"https:\\\/\\\/schema.org\",\"@graph\":[{\"@type\":\"WebPage\",\"@id\":\"https:\\\/\\\/vitanet.al\\\/sq\\\/product\\\/venolen-idrogel-100-ml\\\/\",\"url\":\"https:\\\/\\\/vitanet.al\\\/sq\\\/product\\\/venolen-idrogel-100-ml\\\/\",\"name\":\"VENOLEN IDROGEL 100 ML - VITANET ALBANIA\",\"isPartOf\":{\"@id\":\"https:\\\/\\\/vitanet.al\\\/sq\\\/#website\"},\"primaryImageOfPage\":{\"@id\":\"https:\\\/\\\/vitanet.al\\\/sq\\\/product\\\/venolen-idrogel-100-ml\\\/#primaryimage\"},\"image\":{\"@id\":\"https:\\\/\\\/vitanet.al\\\/sq\\\/product\\\/venolen-idrogel-100-ml\\\/#primaryimage\"},\"thumbnailUrl\":\"https:\\\/\\\/vitanet.al\\\/wp-content\\\/uploads\\\/2026\\\/02\\\/Venolen-idrogel-ENG.jpg\",\"datePublished\":\"2026-02-09T11:28:45+00:00\",\"dateModified\":\"2026-03-18T16:22:29+00:00\",\"breadcrumb\":{\"@id\":\"https:\\\/\\\/vitanet.al\\\/sq\\\/product\\\/venolen-idrogel-100-ml\\\/#breadcrumb\"},\"inLanguage\":\"sq-AL\",\"potentialAction\":[{\"@type\":\"ReadAction\",\"target\":[\"https:\\\/\\\/vitanet.al\\\/sq\\\/product\\\/venolen-idrogel-100-ml\\\/\"]}]},{\"@type\":\"ImageObject\",\"inLanguage\":\"sq-AL\",\"@id\":\"https:\\\/\\\/vitanet.al\\\/sq\\\/product\\\/venolen-idrogel-100-ml\\\/#primaryimage\",\"url\":\"https:\\\/\\\/vitanet.al\\\/wp-content\\\/uploads\\\/2026\\\/02\\\/Venolen-idrogel-ENG.jpg\",\"contentUrl\":\"https:\\\/\\\/vitanet.al\\\/wp-content\\\/uploads\\\/2026\\\/02\\\/Venolen-idrogel-ENG.jpg\",\"width\":1200,\"height\":505},{\"@type\":\"BreadcrumbList\",\"@id\":\"https:\\\/\\\/vitanet.al\\\/sq\\\/product\\\/venolen-idrogel-100-ml\\\/#breadcrumb\",\"itemListElement\":[{\"@type\":\"ListItem\",\"position\":1,\"name\":\"Home\",\"item\":\"https:\\\/\\\/vitanet.al\\\/sq\\\/\"},{\"@type\":\"ListItem\",\"position\":2,\"name\":\"Shop\",\"item\":\"https:\\\/\\\/vitanet.al\\\/sq\\\/shop\\\/\"},{\"@type\":\"ListItem\",\"position\":3,\"name\":\"VENOLEN IDROGEL 100 ML\"}]},{\"@type\":\"WebSite\",\"@id\":\"https:\\\/\\\/vitanet.al\\\/sq\\\/#website\",\"url\":\"https:\\\/\\\/vitanet.al\\\/sq\\\/\",\"name\":\"VITANET ALBANIA\",\"description\":\"\",\"publisher\":{\"@id\":\"https:\\\/\\\/vitanet.al\\\/sq\\\/#organization\"},\"potentialAction\":[{\"@type\":\"SearchAction\",\"target\":{\"@type\":\"EntryPoint\",\"urlTemplate\":\"https:\\\/\\\/vitanet.al\\\/sq\\\/?s={search_term_string}\"},\"query-input\":{\"@type\":\"PropertyValueSpecification\",\"valueRequired\":true,\"valueName\":\"search_term_string\"}}],\"inLanguage\":\"sq-AL\"},{\"@type\":\"Organization\",\"@id\":\"https:\\\/\\\/vitanet.al\\\/sq\\\/#organization\",\"name\":\"VITANET ALBANIA\",\"url\":\"https:\\\/\\\/vitanet.al\\\/sq\\\/\",\"logo\":{\"@type\":\"ImageObject\",\"inLanguage\":\"sq-AL\",\"@id\":\"https:\\\/\\\/vitanet.al\\\/sq\\\/#\\\/schema\\\/logo\\\/image\\\/\",\"url\":\"https:\\\/\\\/vitanet.al\\\/wp-content\\\/uploads\\\/2022\\\/02\\\/Vitanet_Logo-scaled.webp\",\"contentUrl\":\"https:\\\/\\\/vitanet.al\\\/wp-content\\\/uploads\\\/2022\\\/02\\\/Vitanet_Logo-scaled.webp\",\"width\":2560,\"height\":714,\"caption\":\"VITANET ALBANIA\"},\"image\":{\"@id\":\"https:\\\/\\\/vitanet.al\\\/sq\\\/#\\\/schema\\\/logo\\\/image\\\/\"}}]}<\/script>\n<!-- \/ Yoast SEO plugin. -->","yoast_head_json":{"title":"VENOLEN IDROGEL 100 ML - VITANET ALBANIA","robots":{"index":"index","follow":"follow","max-snippet":"max-snippet:-1","max-image-preview":"max-image-preview:large","max-video-preview":"max-video-preview:-1"},"canonical":"https:\/\/vitanet.al\/sq\/product\/venolen-idrogel-100-ml\/","og_locale":"sq_AL","og_type":"article","og_title":"VENOLEN IDROGEL 100 ML - VITANET ALBANIA","og_description":"VENOLEN IDROGEL P\u00ebrb\u00ebrja:Trokserutin\u00eb 1%, Eskin\u00eb (ekstrakt g\u00ebshtenje e eg\u00ebr me efekt inhibues t\u00eb kanaleve t\u00eb kalcciumit), Glukozaminoglikani 0.6 g (hidraton dhe promovon elasticitetin dhe tropizimin e l\u00ebkur\u00ebs). Indikacionet:Venolen Idrogel \u00ebsht\u00eb xhel me efekt hidratues dhe rifreskues q\u00eb p\u00ebrmir\u00ebson atrofizimin e l\u00ebkur\u00ebs duke rritur elasticitetin e indeve. Redukton lodhjen, r\u00ebndimin dhe edem\u00ebn e k\u00ebmb\u00ebve , P\u00ebrdorimi: [&hellip;]","og_url":"https:\/\/vitanet.al\/sq\/product\/venolen-idrogel-100-ml\/","og_site_name":"VITANET ALBANIA","article_modified_time":"2026-03-18T16:22:29+00:00","og_image":[{"width":1200,"height":505,"url":"https:\/\/vitanet.al\/wp-content\/uploads\/2026\/02\/Venolen-idrogel-ENG.jpg","type":"image\/jpeg"}],"twitter_card":"summary_large_image","twitter_misc":{"Est. reading time":"1 minute"},"schema":{"@context":"https:\/\/schema.org","@graph":[{"@type":"WebPage","@id":"https:\/\/vitanet.al\/sq\/product\/venolen-idrogel-100-ml\/","url":"https:\/\/vitanet.al\/sq\/product\/venolen-idrogel-100-ml\/","name":"VENOLEN IDROGEL 100 ML - VITANET ALBANIA","isPartOf":{"@id":"https:\/\/vitanet.al\/sq\/#website"},"primaryImageOfPage":{"@id":"https:\/\/vitanet.al\/sq\/product\/venolen-idrogel-100-ml\/#primaryimage"},"image":{"@id":"https:\/\/vitanet.al\/sq\/product\/venolen-idrogel-100-ml\/#primaryimage"},"thumbnailUrl":"https:\/\/vitanet.al\/wp-content\/uploads\/2026\/02\/Venolen-idrogel-ENG.jpg","datePublished":"2026-02-09T11:28:45+00:00","dateModified":"2026-03-18T16:22:29+00:00","breadcrumb":{"@id":"https:\/\/vitanet.al\/sq\/product\/venolen-idrogel-100-ml\/#breadcrumb"},"inLanguage":"sq-AL","potentialAction":[{"@type":"ReadAction","target":["https:\/\/vitanet.al\/sq\/product\/venolen-idrogel-100-ml\/"]}]},{"@type":"ImageObject","inLanguage":"sq-AL","@id":"https:\/\/vitanet.al\/sq\/product\/venolen-idrogel-100-ml\/#primaryimage","url":"https:\/\/vitanet.al\/wp-content\/uploads\/2026\/02\/Venolen-idrogel-ENG.jpg","contentUrl":"https:\/\/vitanet.al\/wp-content\/uploads\/2026\/02\/Venolen-idrogel-ENG.jpg","width":1200,"height":505},{"@type":"BreadcrumbList","@id":"https:\/\/vitanet.al\/sq\/product\/venolen-idrogel-100-ml\/#breadcrumb","itemListElement":[{"@type":"ListItem","position":1,"name":"Home","item":"https:\/\/vitanet.al\/sq\/"},{"@type":"ListItem","position":2,"name":"Shop","item":"https:\/\/vitanet.al\/sq\/shop\/"},{"@type":"ListItem","position":3,"name":"VENOLEN IDROGEL 100 ML"}]},{"@type":"WebSite","@id":"https:\/\/vitanet.al\/sq\/#website","url":"https:\/\/vitanet.al\/sq\/","name":"VITANET ALBANIA","description":"","publisher":{"@id":"https:\/\/vitanet.al\/sq\/#organization"},"potentialAction":[{"@type":"SearchAction","target":{"@type":"EntryPoint","urlTemplate":"https:\/\/vitanet.al\/sq\/?s={search_term_string}"},"query-input":{"@type":"PropertyValueSpecification","valueRequired":true,"valueName":"search_term_string"}}],"inLanguage":"sq-AL"},{"@type":"Organization","@id":"https:\/\/vitanet.al\/sq\/#organization","name":"VITANET ALBANIA","url":"https:\/\/vitanet.al\/sq\/","logo":{"@type":"ImageObject","inLanguage":"sq-AL","@id":"https:\/\/vitanet.al\/sq\/#\/schema\/logo\/image\/","url":"https:\/\/vitanet.al\/wp-content\/uploads\/2022\/02\/Vitanet_Logo-scaled.webp","contentUrl":"https:\/\/vitanet.al\/wp-content\/uploads\/2022\/02\/Vitanet_Logo-scaled.webp","width":2560,"height":714,"caption":"VITANET ALBANIA"},"image":{"@id":"https:\/\/vitanet.al\/sq\/#\/schema\/logo\/image\/"}}]}},"_links":{"self":[{"href":"https:\/\/vitanet.al\/sq\/wp-json\/wp\/v2\/product\/7578","targetHints":{"allow":["GET"]}}],"collection":[{"href":"https:\/\/vitanet.al\/sq\/wp-json\/wp\/v2\/product"}],"about":[{"href":"https:\/\/vitanet.al\/sq\/wp-json\/wp\/v2\/types\/product"}],"version-history":[{"count":1,"href":"https:\/\/vitanet.al\/sq\/wp-json\/wp\/v2\/product\/7578\/revisions"}],"predecessor-version":[{"id":8388,"href":"https:\/\/vitanet.al\/sq\/wp-json\/wp\/v2\/product\/7578\/revisions\/8388"}],"wp:featuredmedia":[{"embeddable":true,"href":"https:\/\/vitanet.al\/sq\/wp-json\/wp\/v2\/media\/8386"}],"wp:attachment":[{"href":"https:\/\/vitanet.al\/sq\/wp-json\/wp\/v2\/media?parent=7578"}],"wp:term":[{"taxonomy":"product_brand","embeddable":true,"href":"https:\/\/vitanet.al\/sq\/wp-json\/wp\/v2\/product_brand?post=7578"},{"taxonomy":"product_cat","embeddable":true,"href":"https:\/\/vitanet.al\/sq\/wp-json\/wp\/v2\/product_cat?post=7578"},{"taxonomy":"product_tag","embeddable":true,"href":"https:\/\/vitanet.al\/sq\/wp-json\/wp\/v2\/product_tag?post=7578"}],"curies":[{"name":"wp","href":"https:\/\/api.w.org\/{rel}","templated":true}]}}