{"id":7579,"date":"2026-02-09T11:28:34","date_gmt":"2026-02-09T11:28:34","guid":{"rendered":"https:\/\/vitanet.al\/product\/venolen-plus-x-20-tableta\/"},"modified":"2026-03-18T16:20:55","modified_gmt":"2026-03-18T16:20:55","slug":"venolen-plus-x-20-tableta","status":"publish","type":"product","link":"https:\/\/vitanet.al\/sq\/product\/venolen-plus-x-20-tableta\/","title":{"rendered":"VENOLEN PLUS x 20 TABLETA"},"content":{"rendered":"<p>VENOLEN PLUS x 20 TABLETA P\u00ebrb\u00ebrja: \u03bcSMIN plus (diosmin\u00eb e mikronizuar) 375 mg nga e cila diosmin\u00eb 300 mg (me efekt venotonik, rrit rezistenc\u00ebn venoze), Trokserutin\u00eb 300 mg (vazoprotektore, redukton p\u00ebrshkrueshm\u00ebrin\u00eb kapilare), Ekstrakt g\u00ebshtenje 100 mg (ndikon n\u00eb mikroqarkullimin), Vitamin\u00eb C 25 mg (me efekt antioksidant, ndikon n\u00eb formimin e kolagjenit, duke siguruar funksionimin normal t\u00eb en\u00ebve t\u00eb gjakut). Indikacionet: Indikohet n\u00eb rastet e limfedem\u00ebs, nd\u00ebrhyrjeve kirurgjikale, imobilizimeve dhe mavijosjeve nga traumat. Vepron shpejt n\u00eb dhimbjet dhe edemat lokale, mund t\u00eb p\u00ebrdoret gjat\u00eb shtatz\u00ebnis\u00eb. P\u00ebrdorimi: Nj\u00eb tablet\u00eb n\u00eb dit\u00eb.   <\/p>\n","protected":false},"excerpt":{"rendered":"<p>VENOLEN PLUS x 20 TABLETA P\u00ebrb\u00ebrja: \u03bcSMIN plus (diosmin\u00eb e mikronizuar) 375 mg nga e cila diosmin\u00eb 300 mg (me efekt venotonik, rrit rezistenc\u00ebn venoze), Trokserutin\u00eb 300 mg (vazoprotektore, redukton p\u00ebrshkrueshm\u00ebrin\u00eb kapilare), Ekstrakt g\u00ebshtenje 100 mg (ndikon n\u00eb mikroqarkullimin), Vitamin\u00eb C 25 mg (me efekt antioksidant, ndikon n\u00eb formimin e kolagjenit, duke siguruar funksionimin normal [&hellip;]<\/p>\n","protected":false},"featured_media":8384,"template":"","meta":[],"product_brand":[],"product_cat":[119,124,102],"product_tag":[152,170],"class_list":{"0":"post-7579","1":"product","2":"type-product","3":"status-publish","4":"has-post-thumbnail","6":"product_cat-markat-tona","7":"product_cat-pharmaline","8":"product_cat-suplemente","9":"product_tag-pharmaline","10":"product_tag-venolen","12":"first","13":"instock","14":"shipping-taxable","15":"purchasable","16":"product-type-simple"},"yoast_head":"<!-- This site is optimized with the Yoast SEO plugin v27.3 - https:\/\/yoast.com\/product\/yoast-seo-wordpress\/ -->\n<title>VENOLEN PLUS x 20 TABLETA - VITANET ALBANIA<\/title>\n<meta name=\"robots\" content=\"index, follow, max-snippet:-1, max-image-preview:large, max-video-preview:-1\" \/>\n<link rel=\"canonical\" href=\"https:\/\/vitanet.al\/sq\/product\/venolen-plus-x-20-tableta\/\" \/>\n<meta property=\"og:locale\" content=\"sq_AL\" \/>\n<meta property=\"og:type\" content=\"article\" \/>\n<meta property=\"og:title\" content=\"VENOLEN PLUS x 20 TABLETA - VITANET ALBANIA\" \/>\n<meta property=\"og:description\" content=\"VENOLEN PLUS x 20 TABLETA P\u00ebrb\u00ebrja: \u03bcSMIN plus (diosmin\u00eb e mikronizuar) 375 mg nga e cila diosmin\u00eb 300 mg (me efekt venotonik, rrit rezistenc\u00ebn venoze), Trokserutin\u00eb 300 mg (vazoprotektore, redukton p\u00ebrshkrueshm\u00ebrin\u00eb kapilare), Ekstrakt g\u00ebshtenje 100 mg (ndikon n\u00eb mikroqarkullimin), Vitamin\u00eb C 25 mg (me efekt antioksidant, ndikon n\u00eb formimin e kolagjenit, duke siguruar funksionimin normal [&hellip;]\" \/>\n<meta property=\"og:url\" content=\"https:\/\/vitanet.al\/sq\/product\/venolen-plus-x-20-tableta\/\" \/>\n<meta property=\"og:site_name\" content=\"VITANET ALBANIA\" \/>\n<meta property=\"article:modified_time\" content=\"2026-03-18T16:20:55+00:00\" \/>\n<meta property=\"og:image\" content=\"https:\/\/vitanet.al\/wp-content\/uploads\/2026\/02\/Venolen-plus-ENG.jpg\" \/>\n\t<meta property=\"og:image:width\" content=\"1200\" \/>\n\t<meta property=\"og:image:height\" content=\"628\" \/>\n\t<meta property=\"og:image:type\" content=\"image\/jpeg\" \/>\n<meta name=\"twitter:card\" content=\"summary_large_image\" \/>\n<script type=\"application\/ld+json\" class=\"yoast-schema-graph\">{\"@context\":\"https:\\\/\\\/schema.org\",\"@graph\":[{\"@type\":\"WebPage\",\"@id\":\"https:\\\/\\\/vitanet.al\\\/sq\\\/product\\\/venolen-plus-x-20-tableta\\\/\",\"url\":\"https:\\\/\\\/vitanet.al\\\/sq\\\/product\\\/venolen-plus-x-20-tableta\\\/\",\"name\":\"VENOLEN PLUS x 20 TABLETA - VITANET ALBANIA\",\"isPartOf\":{\"@id\":\"https:\\\/\\\/vitanet.al\\\/sq\\\/#website\"},\"primaryImageOfPage\":{\"@id\":\"https:\\\/\\\/vitanet.al\\\/sq\\\/product\\\/venolen-plus-x-20-tableta\\\/#primaryimage\"},\"image\":{\"@id\":\"https:\\\/\\\/vitanet.al\\\/sq\\\/product\\\/venolen-plus-x-20-tableta\\\/#primaryimage\"},\"thumbnailUrl\":\"https:\\\/\\\/vitanet.al\\\/wp-content\\\/uploads\\\/2026\\\/02\\\/Venolen-plus-ENG.jpg\",\"datePublished\":\"2026-02-09T11:28:34+00:00\",\"dateModified\":\"2026-03-18T16:20:55+00:00\",\"breadcrumb\":{\"@id\":\"https:\\\/\\\/vitanet.al\\\/sq\\\/product\\\/venolen-plus-x-20-tableta\\\/#breadcrumb\"},\"inLanguage\":\"sq-AL\",\"potentialAction\":[{\"@type\":\"ReadAction\",\"target\":[\"https:\\\/\\\/vitanet.al\\\/sq\\\/product\\\/venolen-plus-x-20-tableta\\\/\"]}]},{\"@type\":\"ImageObject\",\"inLanguage\":\"sq-AL\",\"@id\":\"https:\\\/\\\/vitanet.al\\\/sq\\\/product\\\/venolen-plus-x-20-tableta\\\/#primaryimage\",\"url\":\"https:\\\/\\\/vitanet.al\\\/wp-content\\\/uploads\\\/2026\\\/02\\\/Venolen-plus-ENG.jpg\",\"contentUrl\":\"https:\\\/\\\/vitanet.al\\\/wp-content\\\/uploads\\\/2026\\\/02\\\/Venolen-plus-ENG.jpg\",\"width\":1200,\"height\":628},{\"@type\":\"BreadcrumbList\",\"@id\":\"https:\\\/\\\/vitanet.al\\\/sq\\\/product\\\/venolen-plus-x-20-tableta\\\/#breadcrumb\",\"itemListElement\":[{\"@type\":\"ListItem\",\"position\":1,\"name\":\"Home\",\"item\":\"https:\\\/\\\/vitanet.al\\\/sq\\\/\"},{\"@type\":\"ListItem\",\"position\":2,\"name\":\"Shop\",\"item\":\"https:\\\/\\\/vitanet.al\\\/sq\\\/shop\\\/\"},{\"@type\":\"ListItem\",\"position\":3,\"name\":\"VENOLEN PLUS x 20 TABLETA\"}]},{\"@type\":\"WebSite\",\"@id\":\"https:\\\/\\\/vitanet.al\\\/sq\\\/#website\",\"url\":\"https:\\\/\\\/vitanet.al\\\/sq\\\/\",\"name\":\"VITANET ALBANIA\",\"description\":\"\",\"publisher\":{\"@id\":\"https:\\\/\\\/vitanet.al\\\/sq\\\/#organization\"},\"potentialAction\":[{\"@type\":\"SearchAction\",\"target\":{\"@type\":\"EntryPoint\",\"urlTemplate\":\"https:\\\/\\\/vitanet.al\\\/sq\\\/?s={search_term_string}\"},\"query-input\":{\"@type\":\"PropertyValueSpecification\",\"valueRequired\":true,\"valueName\":\"search_term_string\"}}],\"inLanguage\":\"sq-AL\"},{\"@type\":\"Organization\",\"@id\":\"https:\\\/\\\/vitanet.al\\\/sq\\\/#organization\",\"name\":\"VITANET ALBANIA\",\"url\":\"https:\\\/\\\/vitanet.al\\\/sq\\\/\",\"logo\":{\"@type\":\"ImageObject\",\"inLanguage\":\"sq-AL\",\"@id\":\"https:\\\/\\\/vitanet.al\\\/sq\\\/#\\\/schema\\\/logo\\\/image\\\/\",\"url\":\"https:\\\/\\\/vitanet.al\\\/wp-content\\\/uploads\\\/2022\\\/02\\\/Vitanet_Logo-scaled.webp\",\"contentUrl\":\"https:\\\/\\\/vitanet.al\\\/wp-content\\\/uploads\\\/2022\\\/02\\\/Vitanet_Logo-scaled.webp\",\"width\":2560,\"height\":714,\"caption\":\"VITANET ALBANIA\"},\"image\":{\"@id\":\"https:\\\/\\\/vitanet.al\\\/sq\\\/#\\\/schema\\\/logo\\\/image\\\/\"}}]}<\/script>\n<!-- \/ Yoast SEO plugin. -->","yoast_head_json":{"title":"VENOLEN PLUS x 20 TABLETA - VITANET ALBANIA","robots":{"index":"index","follow":"follow","max-snippet":"max-snippet:-1","max-image-preview":"max-image-preview:large","max-video-preview":"max-video-preview:-1"},"canonical":"https:\/\/vitanet.al\/sq\/product\/venolen-plus-x-20-tableta\/","og_locale":"sq_AL","og_type":"article","og_title":"VENOLEN PLUS x 20 TABLETA - VITANET ALBANIA","og_description":"VENOLEN PLUS x 20 TABLETA P\u00ebrb\u00ebrja: \u03bcSMIN plus (diosmin\u00eb e mikronizuar) 375 mg nga e cila diosmin\u00eb 300 mg (me efekt venotonik, rrit rezistenc\u00ebn venoze), Trokserutin\u00eb 300 mg (vazoprotektore, redukton p\u00ebrshkrueshm\u00ebrin\u00eb kapilare), Ekstrakt g\u00ebshtenje 100 mg (ndikon n\u00eb mikroqarkullimin), Vitamin\u00eb C 25 mg (me efekt antioksidant, ndikon n\u00eb formimin e kolagjenit, duke siguruar funksionimin normal [&hellip;]","og_url":"https:\/\/vitanet.al\/sq\/product\/venolen-plus-x-20-tableta\/","og_site_name":"VITANET ALBANIA","article_modified_time":"2026-03-18T16:20:55+00:00","og_image":[{"width":1200,"height":628,"url":"https:\/\/vitanet.al\/wp-content\/uploads\/2026\/02\/Venolen-plus-ENG.jpg","type":"image\/jpeg"}],"twitter_card":"summary_large_image","schema":{"@context":"https:\/\/schema.org","@graph":[{"@type":"WebPage","@id":"https:\/\/vitanet.al\/sq\/product\/venolen-plus-x-20-tableta\/","url":"https:\/\/vitanet.al\/sq\/product\/venolen-plus-x-20-tableta\/","name":"VENOLEN PLUS x 20 TABLETA - VITANET ALBANIA","isPartOf":{"@id":"https:\/\/vitanet.al\/sq\/#website"},"primaryImageOfPage":{"@id":"https:\/\/vitanet.al\/sq\/product\/venolen-plus-x-20-tableta\/#primaryimage"},"image":{"@id":"https:\/\/vitanet.al\/sq\/product\/venolen-plus-x-20-tableta\/#primaryimage"},"thumbnailUrl":"https:\/\/vitanet.al\/wp-content\/uploads\/2026\/02\/Venolen-plus-ENG.jpg","datePublished":"2026-02-09T11:28:34+00:00","dateModified":"2026-03-18T16:20:55+00:00","breadcrumb":{"@id":"https:\/\/vitanet.al\/sq\/product\/venolen-plus-x-20-tableta\/#breadcrumb"},"inLanguage":"sq-AL","potentialAction":[{"@type":"ReadAction","target":["https:\/\/vitanet.al\/sq\/product\/venolen-plus-x-20-tableta\/"]}]},{"@type":"ImageObject","inLanguage":"sq-AL","@id":"https:\/\/vitanet.al\/sq\/product\/venolen-plus-x-20-tableta\/#primaryimage","url":"https:\/\/vitanet.al\/wp-content\/uploads\/2026\/02\/Venolen-plus-ENG.jpg","contentUrl":"https:\/\/vitanet.al\/wp-content\/uploads\/2026\/02\/Venolen-plus-ENG.jpg","width":1200,"height":628},{"@type":"BreadcrumbList","@id":"https:\/\/vitanet.al\/sq\/product\/venolen-plus-x-20-tableta\/#breadcrumb","itemListElement":[{"@type":"ListItem","position":1,"name":"Home","item":"https:\/\/vitanet.al\/sq\/"},{"@type":"ListItem","position":2,"name":"Shop","item":"https:\/\/vitanet.al\/sq\/shop\/"},{"@type":"ListItem","position":3,"name":"VENOLEN PLUS x 20 TABLETA"}]},{"@type":"WebSite","@id":"https:\/\/vitanet.al\/sq\/#website","url":"https:\/\/vitanet.al\/sq\/","name":"VITANET ALBANIA","description":"","publisher":{"@id":"https:\/\/vitanet.al\/sq\/#organization"},"potentialAction":[{"@type":"SearchAction","target":{"@type":"EntryPoint","urlTemplate":"https:\/\/vitanet.al\/sq\/?s={search_term_string}"},"query-input":{"@type":"PropertyValueSpecification","valueRequired":true,"valueName":"search_term_string"}}],"inLanguage":"sq-AL"},{"@type":"Organization","@id":"https:\/\/vitanet.al\/sq\/#organization","name":"VITANET ALBANIA","url":"https:\/\/vitanet.al\/sq\/","logo":{"@type":"ImageObject","inLanguage":"sq-AL","@id":"https:\/\/vitanet.al\/sq\/#\/schema\/logo\/image\/","url":"https:\/\/vitanet.al\/wp-content\/uploads\/2022\/02\/Vitanet_Logo-scaled.webp","contentUrl":"https:\/\/vitanet.al\/wp-content\/uploads\/2022\/02\/Vitanet_Logo-scaled.webp","width":2560,"height":714,"caption":"VITANET ALBANIA"},"image":{"@id":"https:\/\/vitanet.al\/sq\/#\/schema\/logo\/image\/"}}]}},"_links":{"self":[{"href":"https:\/\/vitanet.al\/sq\/wp-json\/wp\/v2\/product\/7579","targetHints":{"allow":["GET"]}}],"collection":[{"href":"https:\/\/vitanet.al\/sq\/wp-json\/wp\/v2\/product"}],"about":[{"href":"https:\/\/vitanet.al\/sq\/wp-json\/wp\/v2\/types\/product"}],"version-history":[{"count":1,"href":"https:\/\/vitanet.al\/sq\/wp-json\/wp\/v2\/product\/7579\/revisions"}],"predecessor-version":[{"id":8387,"href":"https:\/\/vitanet.al\/sq\/wp-json\/wp\/v2\/product\/7579\/revisions\/8387"}],"wp:featuredmedia":[{"embeddable":true,"href":"https:\/\/vitanet.al\/sq\/wp-json\/wp\/v2\/media\/8384"}],"wp:attachment":[{"href":"https:\/\/vitanet.al\/sq\/wp-json\/wp\/v2\/media?parent=7579"}],"wp:term":[{"taxonomy":"product_brand","embeddable":true,"href":"https:\/\/vitanet.al\/sq\/wp-json\/wp\/v2\/product_brand?post=7579"},{"taxonomy":"product_cat","embeddable":true,"href":"https:\/\/vitanet.al\/sq\/wp-json\/wp\/v2\/product_cat?post=7579"},{"taxonomy":"product_tag","embeddable":true,"href":"https:\/\/vitanet.al\/sq\/wp-json\/wp\/v2\/product_tag?post=7579"}],"curies":[{"name":"wp","href":"https:\/\/api.w.org\/{rel}","templated":true}]}}