{"id":7668,"date":"2026-02-11T21:08:32","date_gmt":"2026-02-11T21:08:32","guid":{"rendered":"https:\/\/vitanet.al\/product\/cilinder-alumini-3l\/"},"modified":"2026-02-11T21:08:32","modified_gmt":"2026-02-11T21:08:32","slug":"cilinder-alumini-3l","status":"publish","type":"product","link":"https:\/\/vitanet.al\/sq\/product\/cilinder-alumini-3l\/","title":{"rendered":"CILIND\u00cbR ALUMINI 3L"},"content":{"rendered":"<p>Cilind\u00ebr alumini 3 litra me oksigjen mjek\u00ebsor &#8211; pajisje mjek\u00ebsore p\u00ebr mbajtjen e oksigjenit mjek\u00ebsor me presion 200 bar. Pesha e cilindrit bosh \u00ebsht\u00eb 11,5 kg, nd\u00ebrsa i mbushur me oksigjen \u00ebsht\u00eb 6 kg.<\/p>\n","protected":false},"excerpt":{"rendered":"<p>Cilind\u00ebr alumini 3 litra me oksigjen mjek\u00ebsor &#8211; pajisje mjek\u00ebsore p\u00ebr mbajtjen e oksigjenit mjek\u00ebsor me presion 200 bar. Pesha e cilindrit bosh \u00ebsht\u00eb 11,5 kg, nd\u00ebrsa i mbushur me oksigjen \u00ebsht\u00eb 6 kg.<\/p>\n","protected":false},"featured_media":0,"template":"","meta":[],"product_brand":[],"product_cat":[119,126,127],"product_tag":[],"class_list":{"0":"post-7668","1":"product","2":"type-product","3":"status-publish","5":"product_cat-markat-tona","6":"product_cat-mobiak","7":"product_cat-pajisje-mjekesore","9":"first","10":"instock","11":"shipping-taxable","12":"purchasable","13":"product-type-simple"},"yoast_head":"<!-- This site is optimized with the Yoast SEO plugin v27.5 - https:\/\/yoast.com\/product\/yoast-seo-wordpress\/ -->\n<title>CILIND\u00cbR ALUMINI 3L - VITANET ALBANIA<\/title>\n<meta name=\"robots\" content=\"index, follow, max-snippet:-1, max-image-preview:large, max-video-preview:-1\" \/>\n<link rel=\"canonical\" href=\"https:\/\/vitanet.al\/sq\/product\/cilinder-alumini-3l\/\" \/>\n<meta property=\"og:locale\" content=\"sq_AL\" \/>\n<meta property=\"og:type\" content=\"article\" \/>\n<meta property=\"og:title\" content=\"CILIND\u00cbR ALUMINI 3L - VITANET ALBANIA\" \/>\n<meta property=\"og:description\" content=\"Cilind\u00ebr alumini 3 litra me oksigjen mjek\u00ebsor &#8211; pajisje mjek\u00ebsore p\u00ebr mbajtjen e oksigjenit mjek\u00ebsor me presion 200 bar. Pesha e cilindrit bosh \u00ebsht\u00eb 11,5 kg, nd\u00ebrsa i mbushur me oksigjen \u00ebsht\u00eb 6 kg.\" \/>\n<meta property=\"og:url\" content=\"https:\/\/vitanet.al\/sq\/product\/cilinder-alumini-3l\/\" \/>\n<meta property=\"og:site_name\" content=\"VITANET ALBANIA\" \/>\n<meta name=\"twitter:card\" content=\"summary_large_image\" \/>\n<script type=\"application\/ld+json\" class=\"yoast-schema-graph\">{\"@context\":\"https:\\\/\\\/schema.org\",\"@graph\":[{\"@type\":\"WebPage\",\"@id\":\"https:\\\/\\\/vitanet.al\\\/sq\\\/product\\\/cilinder-alumini-3l\\\/\",\"url\":\"https:\\\/\\\/vitanet.al\\\/sq\\\/product\\\/cilinder-alumini-3l\\\/\",\"name\":\"CILIND\u00cbR ALUMINI 3L - VITANET ALBANIA\",\"isPartOf\":{\"@id\":\"https:\\\/\\\/vitanet.al\\\/sq\\\/#website\"},\"datePublished\":\"2026-02-11T21:08:32+00:00\",\"breadcrumb\":{\"@id\":\"https:\\\/\\\/vitanet.al\\\/sq\\\/product\\\/cilinder-alumini-3l\\\/#breadcrumb\"},\"inLanguage\":\"sq-AL\",\"potentialAction\":[{\"@type\":\"ReadAction\",\"target\":[\"https:\\\/\\\/vitanet.al\\\/sq\\\/product\\\/cilinder-alumini-3l\\\/\"]}]},{\"@type\":\"BreadcrumbList\",\"@id\":\"https:\\\/\\\/vitanet.al\\\/sq\\\/product\\\/cilinder-alumini-3l\\\/#breadcrumb\",\"itemListElement\":[{\"@type\":\"ListItem\",\"position\":1,\"name\":\"Home\",\"item\":\"https:\\\/\\\/vitanet.al\\\/sq\\\/\"},{\"@type\":\"ListItem\",\"position\":2,\"name\":\"Shop\",\"item\":\"https:\\\/\\\/vitanet.al\\\/sq\\\/shop\\\/\"},{\"@type\":\"ListItem\",\"position\":3,\"name\":\"CILIND\u00cbR ALUMINI 3L\"}]},{\"@type\":\"WebSite\",\"@id\":\"https:\\\/\\\/vitanet.al\\\/sq\\\/#website\",\"url\":\"https:\\\/\\\/vitanet.al\\\/sq\\\/\",\"name\":\"VITANET ALBANIA\",\"description\":\"\",\"publisher\":{\"@id\":\"https:\\\/\\\/vitanet.al\\\/sq\\\/#organization\"},\"potentialAction\":[{\"@type\":\"SearchAction\",\"target\":{\"@type\":\"EntryPoint\",\"urlTemplate\":\"https:\\\/\\\/vitanet.al\\\/sq\\\/?s={search_term_string}\"},\"query-input\":{\"@type\":\"PropertyValueSpecification\",\"valueRequired\":true,\"valueName\":\"search_term_string\"}}],\"inLanguage\":\"sq-AL\"},{\"@type\":\"Organization\",\"@id\":\"https:\\\/\\\/vitanet.al\\\/sq\\\/#organization\",\"name\":\"VITANET ALBANIA\",\"url\":\"https:\\\/\\\/vitanet.al\\\/sq\\\/\",\"logo\":{\"@type\":\"ImageObject\",\"inLanguage\":\"sq-AL\",\"@id\":\"https:\\\/\\\/vitanet.al\\\/sq\\\/#\\\/schema\\\/logo\\\/image\\\/\",\"url\":\"https:\\\/\\\/vitanet.al\\\/wp-content\\\/uploads\\\/2022\\\/02\\\/Vitanet_Logo-scaled.webp\",\"contentUrl\":\"https:\\\/\\\/vitanet.al\\\/wp-content\\\/uploads\\\/2022\\\/02\\\/Vitanet_Logo-scaled.webp\",\"width\":2560,\"height\":714,\"caption\":\"VITANET ALBANIA\"},\"image\":{\"@id\":\"https:\\\/\\\/vitanet.al\\\/sq\\\/#\\\/schema\\\/logo\\\/image\\\/\"}}]}<\/script>\n<!-- \/ Yoast SEO plugin. -->","yoast_head_json":{"title":"CILIND\u00cbR ALUMINI 3L - VITANET ALBANIA","robots":{"index":"index","follow":"follow","max-snippet":"max-snippet:-1","max-image-preview":"max-image-preview:large","max-video-preview":"max-video-preview:-1"},"canonical":"https:\/\/vitanet.al\/sq\/product\/cilinder-alumini-3l\/","og_locale":"sq_AL","og_type":"article","og_title":"CILIND\u00cbR ALUMINI 3L - VITANET ALBANIA","og_description":"Cilind\u00ebr alumini 3 litra me oksigjen mjek\u00ebsor &#8211; pajisje mjek\u00ebsore p\u00ebr mbajtjen e oksigjenit mjek\u00ebsor me presion 200 bar. Pesha e cilindrit bosh \u00ebsht\u00eb 11,5 kg, nd\u00ebrsa i mbushur me oksigjen \u00ebsht\u00eb 6 kg.","og_url":"https:\/\/vitanet.al\/sq\/product\/cilinder-alumini-3l\/","og_site_name":"VITANET ALBANIA","twitter_card":"summary_large_image","schema":{"@context":"https:\/\/schema.org","@graph":[{"@type":"WebPage","@id":"https:\/\/vitanet.al\/sq\/product\/cilinder-alumini-3l\/","url":"https:\/\/vitanet.al\/sq\/product\/cilinder-alumini-3l\/","name":"CILIND\u00cbR ALUMINI 3L - VITANET ALBANIA","isPartOf":{"@id":"https:\/\/vitanet.al\/sq\/#website"},"datePublished":"2026-02-11T21:08:32+00:00","breadcrumb":{"@id":"https:\/\/vitanet.al\/sq\/product\/cilinder-alumini-3l\/#breadcrumb"},"inLanguage":"sq-AL","potentialAction":[{"@type":"ReadAction","target":["https:\/\/vitanet.al\/sq\/product\/cilinder-alumini-3l\/"]}]},{"@type":"BreadcrumbList","@id":"https:\/\/vitanet.al\/sq\/product\/cilinder-alumini-3l\/#breadcrumb","itemListElement":[{"@type":"ListItem","position":1,"name":"Home","item":"https:\/\/vitanet.al\/sq\/"},{"@type":"ListItem","position":2,"name":"Shop","item":"https:\/\/vitanet.al\/sq\/shop\/"},{"@type":"ListItem","position":3,"name":"CILIND\u00cbR ALUMINI 3L"}]},{"@type":"WebSite","@id":"https:\/\/vitanet.al\/sq\/#website","url":"https:\/\/vitanet.al\/sq\/","name":"VITANET ALBANIA","description":"","publisher":{"@id":"https:\/\/vitanet.al\/sq\/#organization"},"potentialAction":[{"@type":"SearchAction","target":{"@type":"EntryPoint","urlTemplate":"https:\/\/vitanet.al\/sq\/?s={search_term_string}"},"query-input":{"@type":"PropertyValueSpecification","valueRequired":true,"valueName":"search_term_string"}}],"inLanguage":"sq-AL"},{"@type":"Organization","@id":"https:\/\/vitanet.al\/sq\/#organization","name":"VITANET ALBANIA","url":"https:\/\/vitanet.al\/sq\/","logo":{"@type":"ImageObject","inLanguage":"sq-AL","@id":"https:\/\/vitanet.al\/sq\/#\/schema\/logo\/image\/","url":"https:\/\/vitanet.al\/wp-content\/uploads\/2022\/02\/Vitanet_Logo-scaled.webp","contentUrl":"https:\/\/vitanet.al\/wp-content\/uploads\/2022\/02\/Vitanet_Logo-scaled.webp","width":2560,"height":714,"caption":"VITANET ALBANIA"},"image":{"@id":"https:\/\/vitanet.al\/sq\/#\/schema\/logo\/image\/"}}]}},"_links":{"self":[{"href":"https:\/\/vitanet.al\/sq\/wp-json\/wp\/v2\/product\/7668","targetHints":{"allow":["GET"]}}],"collection":[{"href":"https:\/\/vitanet.al\/sq\/wp-json\/wp\/v2\/product"}],"about":[{"href":"https:\/\/vitanet.al\/sq\/wp-json\/wp\/v2\/types\/product"}],"version-history":[{"count":0,"href":"https:\/\/vitanet.al\/sq\/wp-json\/wp\/v2\/product\/7668\/revisions"}],"wp:attachment":[{"href":"https:\/\/vitanet.al\/sq\/wp-json\/wp\/v2\/media?parent=7668"}],"wp:term":[{"taxonomy":"product_brand","embeddable":true,"href":"https:\/\/vitanet.al\/sq\/wp-json\/wp\/v2\/product_brand?post=7668"},{"taxonomy":"product_cat","embeddable":true,"href":"https:\/\/vitanet.al\/sq\/wp-json\/wp\/v2\/product_cat?post=7668"},{"taxonomy":"product_tag","embeddable":true,"href":"https:\/\/vitanet.al\/sq\/wp-json\/wp\/v2\/product_tag?post=7668"}],"curies":[{"name":"wp","href":"https:\/\/api.w.org\/{rel}","templated":true}]}}