{"id":7702,"date":"2026-02-11T21:08:35","date_gmt":"2026-02-11T21:08:35","guid":{"rendered":"https:\/\/vitanet.al\/product\/koncentrator-mobiak-ar-5\/"},"modified":"2026-02-11T21:08:35","modified_gmt":"2026-02-11T21:08:35","slug":"koncentrator-mobiak-ar-5","status":"publish","type":"product","link":"https:\/\/vitanet.al\/sq\/product\/koncentrator-mobiak-ar-5\/","title":{"rendered":"KONCENTRATOR MOBIAK AR-5"},"content":{"rendered":"<p>Koncentrator oksigjeni me ekran t\u00eb madh LCD 3,5&#8243;. Koha e pun\u00ebs (10 min-5 or\u00eb). Vet\u00eb-diagnostikim gjat\u00eb ndezjes. Nd\u00ebrrim i thjesht\u00eb i filtrave pa vegla t\u00eb posa\u00e7me. Sistem alarmi p\u00ebr mbinxehjen, past\u00ebrtin\u00eb e ul\u00ebt etj. Shkalla e rrjedhjes 1-5 l\/min, past\u00ebrtia 93\u00b13%. Fuqia 390 W, niveli i zhurm\u00ebs dB (A) \u226440 dBA, pesha 13,9 kg.      <\/p>\n","protected":false},"excerpt":{"rendered":"<p>Koncentrator oksigjeni me ekran t\u00eb madh LCD 3,5&#8243;. Koha e pun\u00ebs (10 min-5 or\u00eb). Vet\u00eb-diagnostikim gjat\u00eb ndezjes. Nd\u00ebrrim i thjesht\u00eb i filtrave pa vegla t\u00eb posa\u00e7me. Sistem alarmi p\u00ebr mbinxehjen, past\u00ebrtin\u00eb e ul\u00ebt etj. Shkalla e rrjedhjes 1-5 l\/min, past\u00ebrtia 93\u00b13%. Fuqia 390 W, niveli i zhurm\u00ebs dB (A) \u226440 dBA, pesha 13,9 kg.<\/p>\n","protected":false},"featured_media":7594,"template":"","meta":[],"product_brand":[],"product_cat":[119,126,127],"product_tag":[],"class_list":{"0":"post-7702","1":"product","2":"type-product","3":"status-publish","4":"has-post-thumbnail","6":"product_cat-markat-tona","7":"product_cat-mobiak","8":"product_cat-pajisje-mjekesore","10":"first","11":"instock","12":"shipping-taxable","13":"purchasable","14":"product-type-simple"},"yoast_head":"<!-- This site is optimized with the Yoast SEO plugin v27.5 - https:\/\/yoast.com\/product\/yoast-seo-wordpress\/ -->\n<title>KONCENTRATOR MOBIAK AR-5 - VITANET ALBANIA<\/title>\n<meta name=\"robots\" content=\"index, follow, max-snippet:-1, max-image-preview:large, max-video-preview:-1\" \/>\n<link rel=\"canonical\" href=\"https:\/\/vitanet.al\/sq\/product\/koncentrator-mobiak-ar-5\/\" \/>\n<meta property=\"og:locale\" content=\"sq_AL\" \/>\n<meta property=\"og:type\" content=\"article\" \/>\n<meta property=\"og:title\" content=\"KONCENTRATOR MOBIAK AR-5 - VITANET ALBANIA\" \/>\n<meta property=\"og:description\" content=\"Koncentrator oksigjeni me ekran t\u00eb madh LCD 3,5&#8243;. Koha e pun\u00ebs (10 min-5 or\u00eb). Vet\u00eb-diagnostikim gjat\u00eb ndezjes. Nd\u00ebrrim i thjesht\u00eb i filtrave pa vegla t\u00eb posa\u00e7me. Sistem alarmi p\u00ebr mbinxehjen, past\u00ebrtin\u00eb e ul\u00ebt etj. Shkalla e rrjedhjes 1-5 l\/min, past\u00ebrtia 93\u00b13%. Fuqia 390 W, niveli i zhurm\u00ebs dB (A) \u226440 dBA, pesha 13,9 kg.\" \/>\n<meta property=\"og:url\" content=\"https:\/\/vitanet.al\/sq\/product\/koncentrator-mobiak-ar-5\/\" \/>\n<meta property=\"og:site_name\" content=\"VITANET ALBANIA\" \/>\n<meta property=\"og:image\" content=\"https:\/\/vitanet.al\/wp-content\/uploads\/2026\/02\/804199.png\" \/>\n\t<meta property=\"og:image:width\" content=\"149\" \/>\n\t<meta property=\"og:image:height\" content=\"222\" \/>\n\t<meta property=\"og:image:type\" content=\"image\/png\" \/>\n<meta name=\"twitter:card\" content=\"summary_large_image\" \/>\n<script type=\"application\/ld+json\" class=\"yoast-schema-graph\">{\"@context\":\"https:\\\/\\\/schema.org\",\"@graph\":[{\"@type\":\"WebPage\",\"@id\":\"https:\\\/\\\/vitanet.al\\\/sq\\\/product\\\/koncentrator-mobiak-ar-5\\\/\",\"url\":\"https:\\\/\\\/vitanet.al\\\/sq\\\/product\\\/koncentrator-mobiak-ar-5\\\/\",\"name\":\"KONCENTRATOR MOBIAK AR-5 - VITANET ALBANIA\",\"isPartOf\":{\"@id\":\"https:\\\/\\\/vitanet.al\\\/sq\\\/#website\"},\"primaryImageOfPage\":{\"@id\":\"https:\\\/\\\/vitanet.al\\\/sq\\\/product\\\/koncentrator-mobiak-ar-5\\\/#primaryimage\"},\"image\":{\"@id\":\"https:\\\/\\\/vitanet.al\\\/sq\\\/product\\\/koncentrator-mobiak-ar-5\\\/#primaryimage\"},\"thumbnailUrl\":\"https:\\\/\\\/vitanet.al\\\/wp-content\\\/uploads\\\/2026\\\/02\\\/804199.png\",\"datePublished\":\"2026-02-11T21:08:35+00:00\",\"breadcrumb\":{\"@id\":\"https:\\\/\\\/vitanet.al\\\/sq\\\/product\\\/koncentrator-mobiak-ar-5\\\/#breadcrumb\"},\"inLanguage\":\"sq-AL\",\"potentialAction\":[{\"@type\":\"ReadAction\",\"target\":[\"https:\\\/\\\/vitanet.al\\\/sq\\\/product\\\/koncentrator-mobiak-ar-5\\\/\"]}]},{\"@type\":\"ImageObject\",\"inLanguage\":\"sq-AL\",\"@id\":\"https:\\\/\\\/vitanet.al\\\/sq\\\/product\\\/koncentrator-mobiak-ar-5\\\/#primaryimage\",\"url\":\"https:\\\/\\\/vitanet.al\\\/wp-content\\\/uploads\\\/2026\\\/02\\\/804199.png\",\"contentUrl\":\"https:\\\/\\\/vitanet.al\\\/wp-content\\\/uploads\\\/2026\\\/02\\\/804199.png\",\"width\":149,\"height\":222},{\"@type\":\"BreadcrumbList\",\"@id\":\"https:\\\/\\\/vitanet.al\\\/sq\\\/product\\\/koncentrator-mobiak-ar-5\\\/#breadcrumb\",\"itemListElement\":[{\"@type\":\"ListItem\",\"position\":1,\"name\":\"Home\",\"item\":\"https:\\\/\\\/vitanet.al\\\/sq\\\/\"},{\"@type\":\"ListItem\",\"position\":2,\"name\":\"Shop\",\"item\":\"https:\\\/\\\/vitanet.al\\\/sq\\\/shop\\\/\"},{\"@type\":\"ListItem\",\"position\":3,\"name\":\"KONCENTRATOR MOBIAK AR-5\"}]},{\"@type\":\"WebSite\",\"@id\":\"https:\\\/\\\/vitanet.al\\\/sq\\\/#website\",\"url\":\"https:\\\/\\\/vitanet.al\\\/sq\\\/\",\"name\":\"VITANET ALBANIA\",\"description\":\"\",\"publisher\":{\"@id\":\"https:\\\/\\\/vitanet.al\\\/sq\\\/#organization\"},\"potentialAction\":[{\"@type\":\"SearchAction\",\"target\":{\"@type\":\"EntryPoint\",\"urlTemplate\":\"https:\\\/\\\/vitanet.al\\\/sq\\\/?s={search_term_string}\"},\"query-input\":{\"@type\":\"PropertyValueSpecification\",\"valueRequired\":true,\"valueName\":\"search_term_string\"}}],\"inLanguage\":\"sq-AL\"},{\"@type\":\"Organization\",\"@id\":\"https:\\\/\\\/vitanet.al\\\/sq\\\/#organization\",\"name\":\"VITANET ALBANIA\",\"url\":\"https:\\\/\\\/vitanet.al\\\/sq\\\/\",\"logo\":{\"@type\":\"ImageObject\",\"inLanguage\":\"sq-AL\",\"@id\":\"https:\\\/\\\/vitanet.al\\\/sq\\\/#\\\/schema\\\/logo\\\/image\\\/\",\"url\":\"https:\\\/\\\/vitanet.al\\\/wp-content\\\/uploads\\\/2022\\\/02\\\/Vitanet_Logo-scaled.webp\",\"contentUrl\":\"https:\\\/\\\/vitanet.al\\\/wp-content\\\/uploads\\\/2022\\\/02\\\/Vitanet_Logo-scaled.webp\",\"width\":2560,\"height\":714,\"caption\":\"VITANET ALBANIA\"},\"image\":{\"@id\":\"https:\\\/\\\/vitanet.al\\\/sq\\\/#\\\/schema\\\/logo\\\/image\\\/\"}}]}<\/script>\n<!-- \/ Yoast SEO plugin. -->","yoast_head_json":{"title":"KONCENTRATOR MOBIAK AR-5 - VITANET ALBANIA","robots":{"index":"index","follow":"follow","max-snippet":"max-snippet:-1","max-image-preview":"max-image-preview:large","max-video-preview":"max-video-preview:-1"},"canonical":"https:\/\/vitanet.al\/sq\/product\/koncentrator-mobiak-ar-5\/","og_locale":"sq_AL","og_type":"article","og_title":"KONCENTRATOR MOBIAK AR-5 - VITANET ALBANIA","og_description":"Koncentrator oksigjeni me ekran t\u00eb madh LCD 3,5&#8243;. Koha e pun\u00ebs (10 min-5 or\u00eb). Vet\u00eb-diagnostikim gjat\u00eb ndezjes. Nd\u00ebrrim i thjesht\u00eb i filtrave pa vegla t\u00eb posa\u00e7me. Sistem alarmi p\u00ebr mbinxehjen, past\u00ebrtin\u00eb e ul\u00ebt etj. Shkalla e rrjedhjes 1-5 l\/min, past\u00ebrtia 93\u00b13%. Fuqia 390 W, niveli i zhurm\u00ebs dB (A) \u226440 dBA, pesha 13,9 kg.","og_url":"https:\/\/vitanet.al\/sq\/product\/koncentrator-mobiak-ar-5\/","og_site_name":"VITANET ALBANIA","og_image":[{"width":149,"height":222,"url":"https:\/\/vitanet.al\/wp-content\/uploads\/2026\/02\/804199.png","type":"image\/png"}],"twitter_card":"summary_large_image","schema":{"@context":"https:\/\/schema.org","@graph":[{"@type":"WebPage","@id":"https:\/\/vitanet.al\/sq\/product\/koncentrator-mobiak-ar-5\/","url":"https:\/\/vitanet.al\/sq\/product\/koncentrator-mobiak-ar-5\/","name":"KONCENTRATOR MOBIAK AR-5 - VITANET ALBANIA","isPartOf":{"@id":"https:\/\/vitanet.al\/sq\/#website"},"primaryImageOfPage":{"@id":"https:\/\/vitanet.al\/sq\/product\/koncentrator-mobiak-ar-5\/#primaryimage"},"image":{"@id":"https:\/\/vitanet.al\/sq\/product\/koncentrator-mobiak-ar-5\/#primaryimage"},"thumbnailUrl":"https:\/\/vitanet.al\/wp-content\/uploads\/2026\/02\/804199.png","datePublished":"2026-02-11T21:08:35+00:00","breadcrumb":{"@id":"https:\/\/vitanet.al\/sq\/product\/koncentrator-mobiak-ar-5\/#breadcrumb"},"inLanguage":"sq-AL","potentialAction":[{"@type":"ReadAction","target":["https:\/\/vitanet.al\/sq\/product\/koncentrator-mobiak-ar-5\/"]}]},{"@type":"ImageObject","inLanguage":"sq-AL","@id":"https:\/\/vitanet.al\/sq\/product\/koncentrator-mobiak-ar-5\/#primaryimage","url":"https:\/\/vitanet.al\/wp-content\/uploads\/2026\/02\/804199.png","contentUrl":"https:\/\/vitanet.al\/wp-content\/uploads\/2026\/02\/804199.png","width":149,"height":222},{"@type":"BreadcrumbList","@id":"https:\/\/vitanet.al\/sq\/product\/koncentrator-mobiak-ar-5\/#breadcrumb","itemListElement":[{"@type":"ListItem","position":1,"name":"Home","item":"https:\/\/vitanet.al\/sq\/"},{"@type":"ListItem","position":2,"name":"Shop","item":"https:\/\/vitanet.al\/sq\/shop\/"},{"@type":"ListItem","position":3,"name":"KONCENTRATOR MOBIAK AR-5"}]},{"@type":"WebSite","@id":"https:\/\/vitanet.al\/sq\/#website","url":"https:\/\/vitanet.al\/sq\/","name":"VITANET ALBANIA","description":"","publisher":{"@id":"https:\/\/vitanet.al\/sq\/#organization"},"potentialAction":[{"@type":"SearchAction","target":{"@type":"EntryPoint","urlTemplate":"https:\/\/vitanet.al\/sq\/?s={search_term_string}"},"query-input":{"@type":"PropertyValueSpecification","valueRequired":true,"valueName":"search_term_string"}}],"inLanguage":"sq-AL"},{"@type":"Organization","@id":"https:\/\/vitanet.al\/sq\/#organization","name":"VITANET ALBANIA","url":"https:\/\/vitanet.al\/sq\/","logo":{"@type":"ImageObject","inLanguage":"sq-AL","@id":"https:\/\/vitanet.al\/sq\/#\/schema\/logo\/image\/","url":"https:\/\/vitanet.al\/wp-content\/uploads\/2022\/02\/Vitanet_Logo-scaled.webp","contentUrl":"https:\/\/vitanet.al\/wp-content\/uploads\/2022\/02\/Vitanet_Logo-scaled.webp","width":2560,"height":714,"caption":"VITANET ALBANIA"},"image":{"@id":"https:\/\/vitanet.al\/sq\/#\/schema\/logo\/image\/"}}]}},"_links":{"self":[{"href":"https:\/\/vitanet.al\/sq\/wp-json\/wp\/v2\/product\/7702","targetHints":{"allow":["GET"]}}],"collection":[{"href":"https:\/\/vitanet.al\/sq\/wp-json\/wp\/v2\/product"}],"about":[{"href":"https:\/\/vitanet.al\/sq\/wp-json\/wp\/v2\/types\/product"}],"version-history":[{"count":0,"href":"https:\/\/vitanet.al\/sq\/wp-json\/wp\/v2\/product\/7702\/revisions"}],"wp:featuredmedia":[{"embeddable":true,"href":"https:\/\/vitanet.al\/sq\/wp-json\/wp\/v2\/media\/7594"}],"wp:attachment":[{"href":"https:\/\/vitanet.al\/sq\/wp-json\/wp\/v2\/media?parent=7702"}],"wp:term":[{"taxonomy":"product_brand","embeddable":true,"href":"https:\/\/vitanet.al\/sq\/wp-json\/wp\/v2\/product_brand?post=7702"},{"taxonomy":"product_cat","embeddable":true,"href":"https:\/\/vitanet.al\/sq\/wp-json\/wp\/v2\/product_cat?post=7702"},{"taxonomy":"product_tag","embeddable":true,"href":"https:\/\/vitanet.al\/sq\/wp-json\/wp\/v2\/product_tag?post=7702"}],"curies":[{"name":"wp","href":"https:\/\/api.w.org\/{rel}","templated":true}]}}