{"id":7773,"date":"2026-02-11T21:08:36","date_gmt":"2026-02-11T21:08:36","guid":{"rendered":"https:\/\/vitanet.al\/product\/oksimeter-gishti-my-spo2-me-kellef\/"},"modified":"2026-02-11T21:08:36","modified_gmt":"2026-02-11T21:08:36","slug":"oksimeter-gishti-my-spo2-me-kellef","status":"publish","type":"product","link":"https:\/\/vitanet.al\/sq\/product\/oksimeter-gishti-my-spo2-me-kellef\/","title":{"rendered":"OKSIMET\u00cbR GISHTI MY SPO2+ ME K\u00cbLL\u00cbF"},"content":{"rendered":"<p>Pajisje mjek\u00ebsore p\u00ebr gishtin q\u00eb mat saturimin e oksigjenit 35-100%. Fiket automatikisht 5 sek. pas p\u00ebrdorimit. T\u00eb p\u00ebrfshira: nj\u00eb k\u00ebll\u00ebf me zinxhir dhe nj\u00eb mbrojt\u00ebs silikoni. Ekrani: LED me nj\u00eb ngjyr\u00eb. Diapazoni i matjes s\u00eb saturimit t\u00eb oksigjenit: 35-100%.<\/p>\n","protected":false},"excerpt":{"rendered":"<p>Pajisje mjek\u00ebsore p\u00ebr gishtin q\u00eb mat saturimin e oksigjenit 35-100%. Fiket automatikisht 5 sek. pas p\u00ebrdorimit. T\u00eb p\u00ebrfshira: nj\u00eb k\u00ebll\u00ebf me zinxhir dhe nj\u00eb mbrojt\u00ebs silikoni. Ekrani: LED me nj\u00eb ngjyr\u00eb. Diapazoni i matjes s\u00eb saturimit t\u00eb oksigjenit: 35-100%.<\/p>\n","protected":false},"featured_media":7606,"template":"","meta":[],"product_brand":[],"product_cat":[119,126,127],"product_tag":[],"class_list":{"0":"post-7773","1":"product","2":"type-product","3":"status-publish","4":"has-post-thumbnail","6":"product_cat-markat-tona","7":"product_cat-mobiak","8":"product_cat-pajisje-mjekesore","10":"first","11":"instock","12":"shipping-taxable","13":"purchasable","14":"product-type-simple"},"yoast_head":"<!-- This site is optimized with the Yoast SEO plugin v27.5 - https:\/\/yoast.com\/product\/yoast-seo-wordpress\/ -->\n<title>OKSIMET\u00cbR GISHTI MY SPO2+ ME K\u00cbLL\u00cbF - VITANET ALBANIA<\/title>\n<meta name=\"robots\" content=\"index, follow, max-snippet:-1, max-image-preview:large, max-video-preview:-1\" \/>\n<link rel=\"canonical\" href=\"https:\/\/vitanet.al\/sq\/product\/oksimeter-gishti-my-spo2-me-kellef\/\" \/>\n<meta property=\"og:locale\" content=\"sq_AL\" \/>\n<meta property=\"og:type\" content=\"article\" \/>\n<meta property=\"og:title\" content=\"OKSIMET\u00cbR GISHTI MY SPO2+ ME K\u00cbLL\u00cbF - VITANET ALBANIA\" \/>\n<meta property=\"og:description\" content=\"Pajisje mjek\u00ebsore p\u00ebr gishtin q\u00eb mat saturimin e oksigjenit 35-100%. Fiket automatikisht 5 sek. pas p\u00ebrdorimit. T\u00eb p\u00ebrfshira: nj\u00eb k\u00ebll\u00ebf me zinxhir dhe nj\u00eb mbrojt\u00ebs silikoni. Ekrani: LED me nj\u00eb ngjyr\u00eb. Diapazoni i matjes s\u00eb saturimit t\u00eb oksigjenit: 35-100%.\" \/>\n<meta property=\"og:url\" content=\"https:\/\/vitanet.al\/sq\/product\/oksimeter-gishti-my-spo2-me-kellef\/\" \/>\n<meta property=\"og:site_name\" content=\"VITANET ALBANIA\" \/>\n<meta property=\"og:image\" content=\"https:\/\/vitanet.al\/wp-content\/uploads\/2026\/02\/801023.png\" \/>\n\t<meta property=\"og:image:width\" content=\"213\" \/>\n\t<meta property=\"og:image:height\" content=\"145\" \/>\n\t<meta property=\"og:image:type\" content=\"image\/png\" \/>\n<meta name=\"twitter:card\" content=\"summary_large_image\" \/>\n<script type=\"application\/ld+json\" class=\"yoast-schema-graph\">{\"@context\":\"https:\\\/\\\/schema.org\",\"@graph\":[{\"@type\":\"WebPage\",\"@id\":\"https:\\\/\\\/vitanet.al\\\/sq\\\/product\\\/oksimeter-gishti-my-spo2-me-kellef\\\/\",\"url\":\"https:\\\/\\\/vitanet.al\\\/sq\\\/product\\\/oksimeter-gishti-my-spo2-me-kellef\\\/\",\"name\":\"OKSIMET\u00cbR GISHTI MY SPO2+ ME K\u00cbLL\u00cbF - VITANET ALBANIA\",\"isPartOf\":{\"@id\":\"https:\\\/\\\/vitanet.al\\\/sq\\\/#website\"},\"primaryImageOfPage\":{\"@id\":\"https:\\\/\\\/vitanet.al\\\/sq\\\/product\\\/oksimeter-gishti-my-spo2-me-kellef\\\/#primaryimage\"},\"image\":{\"@id\":\"https:\\\/\\\/vitanet.al\\\/sq\\\/product\\\/oksimeter-gishti-my-spo2-me-kellef\\\/#primaryimage\"},\"thumbnailUrl\":\"https:\\\/\\\/vitanet.al\\\/wp-content\\\/uploads\\\/2026\\\/02\\\/801023.png\",\"datePublished\":\"2026-02-11T21:08:36+00:00\",\"breadcrumb\":{\"@id\":\"https:\\\/\\\/vitanet.al\\\/sq\\\/product\\\/oksimeter-gishti-my-spo2-me-kellef\\\/#breadcrumb\"},\"inLanguage\":\"sq-AL\",\"potentialAction\":[{\"@type\":\"ReadAction\",\"target\":[\"https:\\\/\\\/vitanet.al\\\/sq\\\/product\\\/oksimeter-gishti-my-spo2-me-kellef\\\/\"]}]},{\"@type\":\"ImageObject\",\"inLanguage\":\"sq-AL\",\"@id\":\"https:\\\/\\\/vitanet.al\\\/sq\\\/product\\\/oksimeter-gishti-my-spo2-me-kellef\\\/#primaryimage\",\"url\":\"https:\\\/\\\/vitanet.al\\\/wp-content\\\/uploads\\\/2026\\\/02\\\/801023.png\",\"contentUrl\":\"https:\\\/\\\/vitanet.al\\\/wp-content\\\/uploads\\\/2026\\\/02\\\/801023.png\",\"width\":213,\"height\":145},{\"@type\":\"BreadcrumbList\",\"@id\":\"https:\\\/\\\/vitanet.al\\\/sq\\\/product\\\/oksimeter-gishti-my-spo2-me-kellef\\\/#breadcrumb\",\"itemListElement\":[{\"@type\":\"ListItem\",\"position\":1,\"name\":\"Home\",\"item\":\"https:\\\/\\\/vitanet.al\\\/sq\\\/\"},{\"@type\":\"ListItem\",\"position\":2,\"name\":\"Shop\",\"item\":\"https:\\\/\\\/vitanet.al\\\/sq\\\/shop\\\/\"},{\"@type\":\"ListItem\",\"position\":3,\"name\":\"OKSIMET\u00cbR GISHTI MY SPO2+ ME K\u00cbLL\u00cbF\"}]},{\"@type\":\"WebSite\",\"@id\":\"https:\\\/\\\/vitanet.al\\\/sq\\\/#website\",\"url\":\"https:\\\/\\\/vitanet.al\\\/sq\\\/\",\"name\":\"VITANET ALBANIA\",\"description\":\"\",\"publisher\":{\"@id\":\"https:\\\/\\\/vitanet.al\\\/sq\\\/#organization\"},\"potentialAction\":[{\"@type\":\"SearchAction\",\"target\":{\"@type\":\"EntryPoint\",\"urlTemplate\":\"https:\\\/\\\/vitanet.al\\\/sq\\\/?s={search_term_string}\"},\"query-input\":{\"@type\":\"PropertyValueSpecification\",\"valueRequired\":true,\"valueName\":\"search_term_string\"}}],\"inLanguage\":\"sq-AL\"},{\"@type\":\"Organization\",\"@id\":\"https:\\\/\\\/vitanet.al\\\/sq\\\/#organization\",\"name\":\"VITANET ALBANIA\",\"url\":\"https:\\\/\\\/vitanet.al\\\/sq\\\/\",\"logo\":{\"@type\":\"ImageObject\",\"inLanguage\":\"sq-AL\",\"@id\":\"https:\\\/\\\/vitanet.al\\\/sq\\\/#\\\/schema\\\/logo\\\/image\\\/\",\"url\":\"https:\\\/\\\/vitanet.al\\\/wp-content\\\/uploads\\\/2022\\\/02\\\/Vitanet_Logo-scaled.webp\",\"contentUrl\":\"https:\\\/\\\/vitanet.al\\\/wp-content\\\/uploads\\\/2022\\\/02\\\/Vitanet_Logo-scaled.webp\",\"width\":2560,\"height\":714,\"caption\":\"VITANET ALBANIA\"},\"image\":{\"@id\":\"https:\\\/\\\/vitanet.al\\\/sq\\\/#\\\/schema\\\/logo\\\/image\\\/\"}}]}<\/script>\n<!-- \/ Yoast SEO plugin. -->","yoast_head_json":{"title":"OKSIMET\u00cbR GISHTI MY SPO2+ ME K\u00cbLL\u00cbF - VITANET ALBANIA","robots":{"index":"index","follow":"follow","max-snippet":"max-snippet:-1","max-image-preview":"max-image-preview:large","max-video-preview":"max-video-preview:-1"},"canonical":"https:\/\/vitanet.al\/sq\/product\/oksimeter-gishti-my-spo2-me-kellef\/","og_locale":"sq_AL","og_type":"article","og_title":"OKSIMET\u00cbR GISHTI MY SPO2+ ME K\u00cbLL\u00cbF - VITANET ALBANIA","og_description":"Pajisje mjek\u00ebsore p\u00ebr gishtin q\u00eb mat saturimin e oksigjenit 35-100%. Fiket automatikisht 5 sek. pas p\u00ebrdorimit. T\u00eb p\u00ebrfshira: nj\u00eb k\u00ebll\u00ebf me zinxhir dhe nj\u00eb mbrojt\u00ebs silikoni. Ekrani: LED me nj\u00eb ngjyr\u00eb. Diapazoni i matjes s\u00eb saturimit t\u00eb oksigjenit: 35-100%.","og_url":"https:\/\/vitanet.al\/sq\/product\/oksimeter-gishti-my-spo2-me-kellef\/","og_site_name":"VITANET ALBANIA","og_image":[{"width":213,"height":145,"url":"https:\/\/vitanet.al\/wp-content\/uploads\/2026\/02\/801023.png","type":"image\/png"}],"twitter_card":"summary_large_image","schema":{"@context":"https:\/\/schema.org","@graph":[{"@type":"WebPage","@id":"https:\/\/vitanet.al\/sq\/product\/oksimeter-gishti-my-spo2-me-kellef\/","url":"https:\/\/vitanet.al\/sq\/product\/oksimeter-gishti-my-spo2-me-kellef\/","name":"OKSIMET\u00cbR GISHTI MY SPO2+ ME K\u00cbLL\u00cbF - VITANET ALBANIA","isPartOf":{"@id":"https:\/\/vitanet.al\/sq\/#website"},"primaryImageOfPage":{"@id":"https:\/\/vitanet.al\/sq\/product\/oksimeter-gishti-my-spo2-me-kellef\/#primaryimage"},"image":{"@id":"https:\/\/vitanet.al\/sq\/product\/oksimeter-gishti-my-spo2-me-kellef\/#primaryimage"},"thumbnailUrl":"https:\/\/vitanet.al\/wp-content\/uploads\/2026\/02\/801023.png","datePublished":"2026-02-11T21:08:36+00:00","breadcrumb":{"@id":"https:\/\/vitanet.al\/sq\/product\/oksimeter-gishti-my-spo2-me-kellef\/#breadcrumb"},"inLanguage":"sq-AL","potentialAction":[{"@type":"ReadAction","target":["https:\/\/vitanet.al\/sq\/product\/oksimeter-gishti-my-spo2-me-kellef\/"]}]},{"@type":"ImageObject","inLanguage":"sq-AL","@id":"https:\/\/vitanet.al\/sq\/product\/oksimeter-gishti-my-spo2-me-kellef\/#primaryimage","url":"https:\/\/vitanet.al\/wp-content\/uploads\/2026\/02\/801023.png","contentUrl":"https:\/\/vitanet.al\/wp-content\/uploads\/2026\/02\/801023.png","width":213,"height":145},{"@type":"BreadcrumbList","@id":"https:\/\/vitanet.al\/sq\/product\/oksimeter-gishti-my-spo2-me-kellef\/#breadcrumb","itemListElement":[{"@type":"ListItem","position":1,"name":"Home","item":"https:\/\/vitanet.al\/sq\/"},{"@type":"ListItem","position":2,"name":"Shop","item":"https:\/\/vitanet.al\/sq\/shop\/"},{"@type":"ListItem","position":3,"name":"OKSIMET\u00cbR GISHTI MY SPO2+ ME K\u00cbLL\u00cbF"}]},{"@type":"WebSite","@id":"https:\/\/vitanet.al\/sq\/#website","url":"https:\/\/vitanet.al\/sq\/","name":"VITANET ALBANIA","description":"","publisher":{"@id":"https:\/\/vitanet.al\/sq\/#organization"},"potentialAction":[{"@type":"SearchAction","target":{"@type":"EntryPoint","urlTemplate":"https:\/\/vitanet.al\/sq\/?s={search_term_string}"},"query-input":{"@type":"PropertyValueSpecification","valueRequired":true,"valueName":"search_term_string"}}],"inLanguage":"sq-AL"},{"@type":"Organization","@id":"https:\/\/vitanet.al\/sq\/#organization","name":"VITANET ALBANIA","url":"https:\/\/vitanet.al\/sq\/","logo":{"@type":"ImageObject","inLanguage":"sq-AL","@id":"https:\/\/vitanet.al\/sq\/#\/schema\/logo\/image\/","url":"https:\/\/vitanet.al\/wp-content\/uploads\/2022\/02\/Vitanet_Logo-scaled.webp","contentUrl":"https:\/\/vitanet.al\/wp-content\/uploads\/2022\/02\/Vitanet_Logo-scaled.webp","width":2560,"height":714,"caption":"VITANET ALBANIA"},"image":{"@id":"https:\/\/vitanet.al\/sq\/#\/schema\/logo\/image\/"}}]}},"_links":{"self":[{"href":"https:\/\/vitanet.al\/sq\/wp-json\/wp\/v2\/product\/7773","targetHints":{"allow":["GET"]}}],"collection":[{"href":"https:\/\/vitanet.al\/sq\/wp-json\/wp\/v2\/product"}],"about":[{"href":"https:\/\/vitanet.al\/sq\/wp-json\/wp\/v2\/types\/product"}],"version-history":[{"count":0,"href":"https:\/\/vitanet.al\/sq\/wp-json\/wp\/v2\/product\/7773\/revisions"}],"wp:featuredmedia":[{"embeddable":true,"href":"https:\/\/vitanet.al\/sq\/wp-json\/wp\/v2\/media\/7606"}],"wp:attachment":[{"href":"https:\/\/vitanet.al\/sq\/wp-json\/wp\/v2\/media?parent=7773"}],"wp:term":[{"taxonomy":"product_brand","embeddable":true,"href":"https:\/\/vitanet.al\/sq\/wp-json\/wp\/v2\/product_brand?post=7773"},{"taxonomy":"product_cat","embeddable":true,"href":"https:\/\/vitanet.al\/sq\/wp-json\/wp\/v2\/product_cat?post=7773"},{"taxonomy":"product_tag","embeddable":true,"href":"https:\/\/vitanet.al\/sq\/wp-json\/wp\/v2\/product_tag?post=7773"}],"curies":[{"name":"wp","href":"https:\/\/api.w.org\/{rel}","templated":true}]}}