{"id":7861,"date":"2026-02-11T21:08:47","date_gmt":"2026-02-11T21:08:47","guid":{"rendered":"https:\/\/vitanet.al\/product\/karrige-me-rrota-basic-iv-per-ambiente-te-brendshme\/"},"modified":"2026-02-11T21:08:47","modified_gmt":"2026-02-11T21:08:47","slug":"karrige-me-rrota-basic-iv-per-ambiente-te-brendshme","status":"publish","type":"product","link":"https:\/\/vitanet.al\/sq\/product\/karrige-me-rrota-basic-iv-per-ambiente-te-brendshme\/","title":{"rendered":"KARRIGE ME RROTA BASIC IV &#8211; P\u00cbR AMBIENTE T\u00cb BRENDSHME"},"content":{"rendered":"<p>Karrige me rrota p\u00ebr ambiente t\u00eb<br \/>\nbrendshme me gjer\u00ebsi ndenj\u00ebseje 46 cm, skelet \u00e7eliku dhe rrota solide radiale. Ngjyr\u00eb karbon ose e zez\u00eb (sipas<br \/>\ndisponueshm\u00ebris\u00eb). Ndenj\u00ebse prej p\u00eblhure. Mb\u00ebshtet\u00ebset e krah\u00ebve dhe k\u00ebmb\u00ebve jan\u00eb fikse.   <\/p>\n","protected":false},"excerpt":{"rendered":"<p>Karrige me rrota p\u00ebr ambiente t\u00eb brendshme me gjer\u00ebsi ndenj\u00ebseje 46 cm, skelet \u00e7eliku dhe rrota solide radiale. Ngjyr\u00eb karbon ose e zez\u00eb (sipas disponueshm\u00ebris\u00eb). Ndenj\u00ebse prej p\u00eblhure. Mb\u00ebshtet\u00ebset e krah\u00ebve dhe k\u00ebmb\u00ebve jan\u00eb fikse.<\/p>\n","protected":false},"featured_media":7646,"template":"","meta":[],"product_brand":[],"product_cat":[119,126,127],"product_tag":[],"class_list":{"0":"post-7861","1":"product","2":"type-product","3":"status-publish","4":"has-post-thumbnail","6":"product_cat-markat-tona","7":"product_cat-mobiak","8":"product_cat-pajisje-mjekesore","10":"first","11":"instock","12":"shipping-taxable","13":"purchasable","14":"product-type-simple"},"yoast_head":"<!-- This site is optimized with the Yoast SEO plugin v27.5 - https:\/\/yoast.com\/product\/yoast-seo-wordpress\/ -->\n<title>KARRIGE ME RROTA BASIC IV - P\u00cbR AMBIENTE T\u00cb BRENDSHME - VITANET ALBANIA<\/title>\n<meta name=\"robots\" content=\"index, follow, max-snippet:-1, max-image-preview:large, max-video-preview:-1\" \/>\n<link rel=\"canonical\" href=\"https:\/\/vitanet.al\/sq\/product\/karrige-me-rrota-basic-iv-per-ambiente-te-brendshme\/\" \/>\n<meta property=\"og:locale\" content=\"sq_AL\" \/>\n<meta property=\"og:type\" content=\"article\" \/>\n<meta property=\"og:title\" content=\"KARRIGE ME RROTA BASIC IV - P\u00cbR AMBIENTE T\u00cb BRENDSHME - VITANET ALBANIA\" \/>\n<meta property=\"og:description\" content=\"Karrige me rrota p\u00ebr ambiente t\u00eb brendshme me gjer\u00ebsi ndenj\u00ebseje 46 cm, skelet \u00e7eliku dhe rrota solide radiale. Ngjyr\u00eb karbon ose e zez\u00eb (sipas disponueshm\u00ebris\u00eb). Ndenj\u00ebse prej p\u00eblhure. Mb\u00ebshtet\u00ebset e krah\u00ebve dhe k\u00ebmb\u00ebve jan\u00eb fikse.\" \/>\n<meta property=\"og:url\" content=\"https:\/\/vitanet.al\/sq\/product\/karrige-me-rrota-basic-iv-per-ambiente-te-brendshme\/\" \/>\n<meta property=\"og:site_name\" content=\"VITANET ALBANIA\" \/>\n<meta property=\"og:image\" content=\"https:\/\/vitanet.al\/wp-content\/uploads\/2026\/02\/810170.png\" \/>\n\t<meta property=\"og:image:width\" content=\"146\" \/>\n\t<meta property=\"og:image:height\" content=\"152\" \/>\n\t<meta property=\"og:image:type\" content=\"image\/png\" \/>\n<meta name=\"twitter:card\" content=\"summary_large_image\" \/>\n<script type=\"application\/ld+json\" class=\"yoast-schema-graph\">{\"@context\":\"https:\\\/\\\/schema.org\",\"@graph\":[{\"@type\":\"WebPage\",\"@id\":\"https:\\\/\\\/vitanet.al\\\/sq\\\/product\\\/karrige-me-rrota-basic-iv-per-ambiente-te-brendshme\\\/\",\"url\":\"https:\\\/\\\/vitanet.al\\\/sq\\\/product\\\/karrige-me-rrota-basic-iv-per-ambiente-te-brendshme\\\/\",\"name\":\"KARRIGE ME RROTA BASIC IV - P\u00cbR AMBIENTE T\u00cb BRENDSHME - VITANET ALBANIA\",\"isPartOf\":{\"@id\":\"https:\\\/\\\/vitanet.al\\\/sq\\\/#website\"},\"primaryImageOfPage\":{\"@id\":\"https:\\\/\\\/vitanet.al\\\/sq\\\/product\\\/karrige-me-rrota-basic-iv-per-ambiente-te-brendshme\\\/#primaryimage\"},\"image\":{\"@id\":\"https:\\\/\\\/vitanet.al\\\/sq\\\/product\\\/karrige-me-rrota-basic-iv-per-ambiente-te-brendshme\\\/#primaryimage\"},\"thumbnailUrl\":\"https:\\\/\\\/vitanet.al\\\/wp-content\\\/uploads\\\/2026\\\/02\\\/810170.png\",\"datePublished\":\"2026-02-11T21:08:47+00:00\",\"breadcrumb\":{\"@id\":\"https:\\\/\\\/vitanet.al\\\/sq\\\/product\\\/karrige-me-rrota-basic-iv-per-ambiente-te-brendshme\\\/#breadcrumb\"},\"inLanguage\":\"sq-AL\",\"potentialAction\":[{\"@type\":\"ReadAction\",\"target\":[\"https:\\\/\\\/vitanet.al\\\/sq\\\/product\\\/karrige-me-rrota-basic-iv-per-ambiente-te-brendshme\\\/\"]}]},{\"@type\":\"ImageObject\",\"inLanguage\":\"sq-AL\",\"@id\":\"https:\\\/\\\/vitanet.al\\\/sq\\\/product\\\/karrige-me-rrota-basic-iv-per-ambiente-te-brendshme\\\/#primaryimage\",\"url\":\"https:\\\/\\\/vitanet.al\\\/wp-content\\\/uploads\\\/2026\\\/02\\\/810170.png\",\"contentUrl\":\"https:\\\/\\\/vitanet.al\\\/wp-content\\\/uploads\\\/2026\\\/02\\\/810170.png\",\"width\":146,\"height\":152},{\"@type\":\"BreadcrumbList\",\"@id\":\"https:\\\/\\\/vitanet.al\\\/sq\\\/product\\\/karrige-me-rrota-basic-iv-per-ambiente-te-brendshme\\\/#breadcrumb\",\"itemListElement\":[{\"@type\":\"ListItem\",\"position\":1,\"name\":\"Home\",\"item\":\"https:\\\/\\\/vitanet.al\\\/sq\\\/\"},{\"@type\":\"ListItem\",\"position\":2,\"name\":\"Shop\",\"item\":\"https:\\\/\\\/vitanet.al\\\/sq\\\/shop\\\/\"},{\"@type\":\"ListItem\",\"position\":3,\"name\":\"KARRIGE ME RROTA BASIC IV &#8211; P\u00cbR AMBIENTE T\u00cb BRENDSHME\"}]},{\"@type\":\"WebSite\",\"@id\":\"https:\\\/\\\/vitanet.al\\\/sq\\\/#website\",\"url\":\"https:\\\/\\\/vitanet.al\\\/sq\\\/\",\"name\":\"VITANET ALBANIA\",\"description\":\"\",\"publisher\":{\"@id\":\"https:\\\/\\\/vitanet.al\\\/sq\\\/#organization\"},\"potentialAction\":[{\"@type\":\"SearchAction\",\"target\":{\"@type\":\"EntryPoint\",\"urlTemplate\":\"https:\\\/\\\/vitanet.al\\\/sq\\\/?s={search_term_string}\"},\"query-input\":{\"@type\":\"PropertyValueSpecification\",\"valueRequired\":true,\"valueName\":\"search_term_string\"}}],\"inLanguage\":\"sq-AL\"},{\"@type\":\"Organization\",\"@id\":\"https:\\\/\\\/vitanet.al\\\/sq\\\/#organization\",\"name\":\"VITANET ALBANIA\",\"url\":\"https:\\\/\\\/vitanet.al\\\/sq\\\/\",\"logo\":{\"@type\":\"ImageObject\",\"inLanguage\":\"sq-AL\",\"@id\":\"https:\\\/\\\/vitanet.al\\\/sq\\\/#\\\/schema\\\/logo\\\/image\\\/\",\"url\":\"https:\\\/\\\/vitanet.al\\\/wp-content\\\/uploads\\\/2022\\\/02\\\/Vitanet_Logo-scaled.webp\",\"contentUrl\":\"https:\\\/\\\/vitanet.al\\\/wp-content\\\/uploads\\\/2022\\\/02\\\/Vitanet_Logo-scaled.webp\",\"width\":2560,\"height\":714,\"caption\":\"VITANET ALBANIA\"},\"image\":{\"@id\":\"https:\\\/\\\/vitanet.al\\\/sq\\\/#\\\/schema\\\/logo\\\/image\\\/\"}}]}<\/script>\n<!-- \/ Yoast SEO plugin. -->","yoast_head_json":{"title":"KARRIGE ME RROTA BASIC IV - P\u00cbR AMBIENTE T\u00cb BRENDSHME - VITANET ALBANIA","robots":{"index":"index","follow":"follow","max-snippet":"max-snippet:-1","max-image-preview":"max-image-preview:large","max-video-preview":"max-video-preview:-1"},"canonical":"https:\/\/vitanet.al\/sq\/product\/karrige-me-rrota-basic-iv-per-ambiente-te-brendshme\/","og_locale":"sq_AL","og_type":"article","og_title":"KARRIGE ME RROTA BASIC IV - P\u00cbR AMBIENTE T\u00cb BRENDSHME - VITANET ALBANIA","og_description":"Karrige me rrota p\u00ebr ambiente t\u00eb brendshme me gjer\u00ebsi ndenj\u00ebseje 46 cm, skelet \u00e7eliku dhe rrota solide radiale. Ngjyr\u00eb karbon ose e zez\u00eb (sipas disponueshm\u00ebris\u00eb). Ndenj\u00ebse prej p\u00eblhure. Mb\u00ebshtet\u00ebset e krah\u00ebve dhe k\u00ebmb\u00ebve jan\u00eb fikse.","og_url":"https:\/\/vitanet.al\/sq\/product\/karrige-me-rrota-basic-iv-per-ambiente-te-brendshme\/","og_site_name":"VITANET ALBANIA","og_image":[{"width":146,"height":152,"url":"https:\/\/vitanet.al\/wp-content\/uploads\/2026\/02\/810170.png","type":"image\/png"}],"twitter_card":"summary_large_image","schema":{"@context":"https:\/\/schema.org","@graph":[{"@type":"WebPage","@id":"https:\/\/vitanet.al\/sq\/product\/karrige-me-rrota-basic-iv-per-ambiente-te-brendshme\/","url":"https:\/\/vitanet.al\/sq\/product\/karrige-me-rrota-basic-iv-per-ambiente-te-brendshme\/","name":"KARRIGE ME RROTA BASIC IV - P\u00cbR AMBIENTE T\u00cb BRENDSHME - VITANET ALBANIA","isPartOf":{"@id":"https:\/\/vitanet.al\/sq\/#website"},"primaryImageOfPage":{"@id":"https:\/\/vitanet.al\/sq\/product\/karrige-me-rrota-basic-iv-per-ambiente-te-brendshme\/#primaryimage"},"image":{"@id":"https:\/\/vitanet.al\/sq\/product\/karrige-me-rrota-basic-iv-per-ambiente-te-brendshme\/#primaryimage"},"thumbnailUrl":"https:\/\/vitanet.al\/wp-content\/uploads\/2026\/02\/810170.png","datePublished":"2026-02-11T21:08:47+00:00","breadcrumb":{"@id":"https:\/\/vitanet.al\/sq\/product\/karrige-me-rrota-basic-iv-per-ambiente-te-brendshme\/#breadcrumb"},"inLanguage":"sq-AL","potentialAction":[{"@type":"ReadAction","target":["https:\/\/vitanet.al\/sq\/product\/karrige-me-rrota-basic-iv-per-ambiente-te-brendshme\/"]}]},{"@type":"ImageObject","inLanguage":"sq-AL","@id":"https:\/\/vitanet.al\/sq\/product\/karrige-me-rrota-basic-iv-per-ambiente-te-brendshme\/#primaryimage","url":"https:\/\/vitanet.al\/wp-content\/uploads\/2026\/02\/810170.png","contentUrl":"https:\/\/vitanet.al\/wp-content\/uploads\/2026\/02\/810170.png","width":146,"height":152},{"@type":"BreadcrumbList","@id":"https:\/\/vitanet.al\/sq\/product\/karrige-me-rrota-basic-iv-per-ambiente-te-brendshme\/#breadcrumb","itemListElement":[{"@type":"ListItem","position":1,"name":"Home","item":"https:\/\/vitanet.al\/sq\/"},{"@type":"ListItem","position":2,"name":"Shop","item":"https:\/\/vitanet.al\/sq\/shop\/"},{"@type":"ListItem","position":3,"name":"KARRIGE ME RROTA BASIC IV &#8211; P\u00cbR AMBIENTE T\u00cb BRENDSHME"}]},{"@type":"WebSite","@id":"https:\/\/vitanet.al\/sq\/#website","url":"https:\/\/vitanet.al\/sq\/","name":"VITANET ALBANIA","description":"","publisher":{"@id":"https:\/\/vitanet.al\/sq\/#organization"},"potentialAction":[{"@type":"SearchAction","target":{"@type":"EntryPoint","urlTemplate":"https:\/\/vitanet.al\/sq\/?s={search_term_string}"},"query-input":{"@type":"PropertyValueSpecification","valueRequired":true,"valueName":"search_term_string"}}],"inLanguage":"sq-AL"},{"@type":"Organization","@id":"https:\/\/vitanet.al\/sq\/#organization","name":"VITANET ALBANIA","url":"https:\/\/vitanet.al\/sq\/","logo":{"@type":"ImageObject","inLanguage":"sq-AL","@id":"https:\/\/vitanet.al\/sq\/#\/schema\/logo\/image\/","url":"https:\/\/vitanet.al\/wp-content\/uploads\/2022\/02\/Vitanet_Logo-scaled.webp","contentUrl":"https:\/\/vitanet.al\/wp-content\/uploads\/2022\/02\/Vitanet_Logo-scaled.webp","width":2560,"height":714,"caption":"VITANET ALBANIA"},"image":{"@id":"https:\/\/vitanet.al\/sq\/#\/schema\/logo\/image\/"}}]}},"_links":{"self":[{"href":"https:\/\/vitanet.al\/sq\/wp-json\/wp\/v2\/product\/7861","targetHints":{"allow":["GET"]}}],"collection":[{"href":"https:\/\/vitanet.al\/sq\/wp-json\/wp\/v2\/product"}],"about":[{"href":"https:\/\/vitanet.al\/sq\/wp-json\/wp\/v2\/types\/product"}],"version-history":[{"count":0,"href":"https:\/\/vitanet.al\/sq\/wp-json\/wp\/v2\/product\/7861\/revisions"}],"wp:featuredmedia":[{"embeddable":true,"href":"https:\/\/vitanet.al\/sq\/wp-json\/wp\/v2\/media\/7646"}],"wp:attachment":[{"href":"https:\/\/vitanet.al\/sq\/wp-json\/wp\/v2\/media?parent=7861"}],"wp:term":[{"taxonomy":"product_brand","embeddable":true,"href":"https:\/\/vitanet.al\/sq\/wp-json\/wp\/v2\/product_brand?post=7861"},{"taxonomy":"product_cat","embeddable":true,"href":"https:\/\/vitanet.al\/sq\/wp-json\/wp\/v2\/product_cat?post=7861"},{"taxonomy":"product_tag","embeddable":true,"href":"https:\/\/vitanet.al\/sq\/wp-json\/wp\/v2\/product_tag?post=7861"}],"curies":[{"name":"wp","href":"https:\/\/api.w.org\/{rel}","templated":true}]}}