{"id":7870,"date":"2026-02-11T21:09:18","date_gmt":"2026-02-11T21:09:18","guid":{"rendered":"https:\/\/vitanet.al\/product\/bastun-i-rregullueshem-me-baze-vetembajtese-dhe-drite-led\/"},"modified":"2026-02-11T21:09:18","modified_gmt":"2026-02-11T21:09:18","slug":"bastun-i-rregullueshem-me-baze-vetembajtese-dhe-drite-led","status":"publish","type":"product","link":"https:\/\/vitanet.al\/sq\/product\/bastun-i-rregullueshem-me-baze-vetembajtese-dhe-drite-led\/","title":{"rendered":"BASTUN I RREGULLUESH\u00cbM ME BAZ\u00cb VET\u00cbMBAJT\u00cbSE DHE DRIT\u00cb LED"},"content":{"rendered":"<p>Bastun i rregulluesh\u00ebm me baz\u00eb vet\u00ebmbajt\u00ebse dhe drit\u00eb LED. Ngjyr\u00eb e zez\u00eb. P\u00ebrdor 2 bateri AA. Pesha maksimale: 100 kg.    <\/p>\n","protected":false},"excerpt":{"rendered":"<p>Bastun i rregulluesh\u00ebm me baz\u00eb vet\u00ebmbajt\u00ebse dhe drit\u00eb LED. Ngjyr\u00eb e zez\u00eb. P\u00ebrdor 2 bateri AA. Pesha maksimale: 100 kg.<\/p>\n","protected":false},"featured_media":7732,"template":"","meta":[],"product_brand":[],"product_cat":[119,126,127],"product_tag":[],"class_list":{"0":"post-7870","1":"product","2":"type-product","3":"status-publish","4":"has-post-thumbnail","6":"product_cat-markat-tona","7":"product_cat-mobiak","8":"product_cat-pajisje-mjekesore","10":"first","11":"instock","12":"shipping-taxable","13":"purchasable","14":"product-type-simple"},"yoast_head":"<!-- This site is optimized with the Yoast SEO plugin v27.5 - https:\/\/yoast.com\/product\/yoast-seo-wordpress\/ -->\n<title>BASTUN I RREGULLUESH\u00cbM ME BAZ\u00cb VET\u00cbMBAJT\u00cbSE DHE DRIT\u00cb LED - VITANET ALBANIA<\/title>\n<meta name=\"robots\" content=\"index, follow, max-snippet:-1, max-image-preview:large, max-video-preview:-1\" \/>\n<link rel=\"canonical\" href=\"https:\/\/vitanet.al\/sq\/product\/bastun-i-rregullueshem-me-baze-vetembajtese-dhe-drite-led\/\" \/>\n<meta property=\"og:locale\" content=\"sq_AL\" \/>\n<meta property=\"og:type\" content=\"article\" \/>\n<meta property=\"og:title\" content=\"BASTUN I RREGULLUESH\u00cbM ME BAZ\u00cb VET\u00cbMBAJT\u00cbSE DHE DRIT\u00cb LED - VITANET ALBANIA\" \/>\n<meta property=\"og:description\" content=\"Bastun i rregulluesh\u00ebm me baz\u00eb vet\u00ebmbajt\u00ebse dhe drit\u00eb LED. Ngjyr\u00eb e zez\u00eb. P\u00ebrdor 2 bateri AA. Pesha maksimale: 100 kg.\" \/>\n<meta property=\"og:url\" content=\"https:\/\/vitanet.al\/sq\/product\/bastun-i-rregullueshem-me-baze-vetembajtese-dhe-drite-led\/\" \/>\n<meta property=\"og:site_name\" content=\"VITANET ALBANIA\" \/>\n<meta property=\"og:image\" content=\"https:\/\/vitanet.al\/wp-content\/uploads\/2026\/02\/810207.png\" \/>\n\t<meta property=\"og:image:width\" content=\"219\" \/>\n\t<meta property=\"og:image:height\" content=\"166\" \/>\n\t<meta property=\"og:image:type\" content=\"image\/png\" \/>\n<meta name=\"twitter:card\" content=\"summary_large_image\" \/>\n<script type=\"application\/ld+json\" class=\"yoast-schema-graph\">{\"@context\":\"https:\\\/\\\/schema.org\",\"@graph\":[{\"@type\":\"WebPage\",\"@id\":\"https:\\\/\\\/vitanet.al\\\/sq\\\/product\\\/bastun-i-rregullueshem-me-baze-vetembajtese-dhe-drite-led\\\/\",\"url\":\"https:\\\/\\\/vitanet.al\\\/sq\\\/product\\\/bastun-i-rregullueshem-me-baze-vetembajtese-dhe-drite-led\\\/\",\"name\":\"BASTUN I RREGULLUESH\u00cbM ME BAZ\u00cb VET\u00cbMBAJT\u00cbSE DHE DRIT\u00cb LED - VITANET ALBANIA\",\"isPartOf\":{\"@id\":\"https:\\\/\\\/vitanet.al\\\/sq\\\/#website\"},\"primaryImageOfPage\":{\"@id\":\"https:\\\/\\\/vitanet.al\\\/sq\\\/product\\\/bastun-i-rregullueshem-me-baze-vetembajtese-dhe-drite-led\\\/#primaryimage\"},\"image\":{\"@id\":\"https:\\\/\\\/vitanet.al\\\/sq\\\/product\\\/bastun-i-rregullueshem-me-baze-vetembajtese-dhe-drite-led\\\/#primaryimage\"},\"thumbnailUrl\":\"https:\\\/\\\/vitanet.al\\\/wp-content\\\/uploads\\\/2026\\\/02\\\/810207.png\",\"datePublished\":\"2026-02-11T21:09:18+00:00\",\"breadcrumb\":{\"@id\":\"https:\\\/\\\/vitanet.al\\\/sq\\\/product\\\/bastun-i-rregullueshem-me-baze-vetembajtese-dhe-drite-led\\\/#breadcrumb\"},\"inLanguage\":\"sq-AL\",\"potentialAction\":[{\"@type\":\"ReadAction\",\"target\":[\"https:\\\/\\\/vitanet.al\\\/sq\\\/product\\\/bastun-i-rregullueshem-me-baze-vetembajtese-dhe-drite-led\\\/\"]}]},{\"@type\":\"ImageObject\",\"inLanguage\":\"sq-AL\",\"@id\":\"https:\\\/\\\/vitanet.al\\\/sq\\\/product\\\/bastun-i-rregullueshem-me-baze-vetembajtese-dhe-drite-led\\\/#primaryimage\",\"url\":\"https:\\\/\\\/vitanet.al\\\/wp-content\\\/uploads\\\/2026\\\/02\\\/810207.png\",\"contentUrl\":\"https:\\\/\\\/vitanet.al\\\/wp-content\\\/uploads\\\/2026\\\/02\\\/810207.png\",\"width\":219,\"height\":166},{\"@type\":\"BreadcrumbList\",\"@id\":\"https:\\\/\\\/vitanet.al\\\/sq\\\/product\\\/bastun-i-rregullueshem-me-baze-vetembajtese-dhe-drite-led\\\/#breadcrumb\",\"itemListElement\":[{\"@type\":\"ListItem\",\"position\":1,\"name\":\"Home\",\"item\":\"https:\\\/\\\/vitanet.al\\\/sq\\\/\"},{\"@type\":\"ListItem\",\"position\":2,\"name\":\"Shop\",\"item\":\"https:\\\/\\\/vitanet.al\\\/sq\\\/shop\\\/\"},{\"@type\":\"ListItem\",\"position\":3,\"name\":\"BASTUN I RREGULLUESH\u00cbM ME BAZ\u00cb VET\u00cbMBAJT\u00cbSE DHE DRIT\u00cb LED\"}]},{\"@type\":\"WebSite\",\"@id\":\"https:\\\/\\\/vitanet.al\\\/sq\\\/#website\",\"url\":\"https:\\\/\\\/vitanet.al\\\/sq\\\/\",\"name\":\"VITANET ALBANIA\",\"description\":\"\",\"publisher\":{\"@id\":\"https:\\\/\\\/vitanet.al\\\/sq\\\/#organization\"},\"potentialAction\":[{\"@type\":\"SearchAction\",\"target\":{\"@type\":\"EntryPoint\",\"urlTemplate\":\"https:\\\/\\\/vitanet.al\\\/sq\\\/?s={search_term_string}\"},\"query-input\":{\"@type\":\"PropertyValueSpecification\",\"valueRequired\":true,\"valueName\":\"search_term_string\"}}],\"inLanguage\":\"sq-AL\"},{\"@type\":\"Organization\",\"@id\":\"https:\\\/\\\/vitanet.al\\\/sq\\\/#organization\",\"name\":\"VITANET ALBANIA\",\"url\":\"https:\\\/\\\/vitanet.al\\\/sq\\\/\",\"logo\":{\"@type\":\"ImageObject\",\"inLanguage\":\"sq-AL\",\"@id\":\"https:\\\/\\\/vitanet.al\\\/sq\\\/#\\\/schema\\\/logo\\\/image\\\/\",\"url\":\"https:\\\/\\\/vitanet.al\\\/wp-content\\\/uploads\\\/2022\\\/02\\\/Vitanet_Logo-scaled.webp\",\"contentUrl\":\"https:\\\/\\\/vitanet.al\\\/wp-content\\\/uploads\\\/2022\\\/02\\\/Vitanet_Logo-scaled.webp\",\"width\":2560,\"height\":714,\"caption\":\"VITANET ALBANIA\"},\"image\":{\"@id\":\"https:\\\/\\\/vitanet.al\\\/sq\\\/#\\\/schema\\\/logo\\\/image\\\/\"}}]}<\/script>\n<!-- \/ Yoast SEO plugin. -->","yoast_head_json":{"title":"BASTUN I RREGULLUESH\u00cbM ME BAZ\u00cb VET\u00cbMBAJT\u00cbSE DHE DRIT\u00cb LED - VITANET ALBANIA","robots":{"index":"index","follow":"follow","max-snippet":"max-snippet:-1","max-image-preview":"max-image-preview:large","max-video-preview":"max-video-preview:-1"},"canonical":"https:\/\/vitanet.al\/sq\/product\/bastun-i-rregullueshem-me-baze-vetembajtese-dhe-drite-led\/","og_locale":"sq_AL","og_type":"article","og_title":"BASTUN I RREGULLUESH\u00cbM ME BAZ\u00cb VET\u00cbMBAJT\u00cbSE DHE DRIT\u00cb LED - VITANET ALBANIA","og_description":"Bastun i rregulluesh\u00ebm me baz\u00eb vet\u00ebmbajt\u00ebse dhe drit\u00eb LED. Ngjyr\u00eb e zez\u00eb. P\u00ebrdor 2 bateri AA. Pesha maksimale: 100 kg.","og_url":"https:\/\/vitanet.al\/sq\/product\/bastun-i-rregullueshem-me-baze-vetembajtese-dhe-drite-led\/","og_site_name":"VITANET ALBANIA","og_image":[{"width":219,"height":166,"url":"https:\/\/vitanet.al\/wp-content\/uploads\/2026\/02\/810207.png","type":"image\/png"}],"twitter_card":"summary_large_image","schema":{"@context":"https:\/\/schema.org","@graph":[{"@type":"WebPage","@id":"https:\/\/vitanet.al\/sq\/product\/bastun-i-rregullueshem-me-baze-vetembajtese-dhe-drite-led\/","url":"https:\/\/vitanet.al\/sq\/product\/bastun-i-rregullueshem-me-baze-vetembajtese-dhe-drite-led\/","name":"BASTUN I RREGULLUESH\u00cbM ME BAZ\u00cb VET\u00cbMBAJT\u00cbSE DHE DRIT\u00cb LED - VITANET ALBANIA","isPartOf":{"@id":"https:\/\/vitanet.al\/sq\/#website"},"primaryImageOfPage":{"@id":"https:\/\/vitanet.al\/sq\/product\/bastun-i-rregullueshem-me-baze-vetembajtese-dhe-drite-led\/#primaryimage"},"image":{"@id":"https:\/\/vitanet.al\/sq\/product\/bastun-i-rregullueshem-me-baze-vetembajtese-dhe-drite-led\/#primaryimage"},"thumbnailUrl":"https:\/\/vitanet.al\/wp-content\/uploads\/2026\/02\/810207.png","datePublished":"2026-02-11T21:09:18+00:00","breadcrumb":{"@id":"https:\/\/vitanet.al\/sq\/product\/bastun-i-rregullueshem-me-baze-vetembajtese-dhe-drite-led\/#breadcrumb"},"inLanguage":"sq-AL","potentialAction":[{"@type":"ReadAction","target":["https:\/\/vitanet.al\/sq\/product\/bastun-i-rregullueshem-me-baze-vetembajtese-dhe-drite-led\/"]}]},{"@type":"ImageObject","inLanguage":"sq-AL","@id":"https:\/\/vitanet.al\/sq\/product\/bastun-i-rregullueshem-me-baze-vetembajtese-dhe-drite-led\/#primaryimage","url":"https:\/\/vitanet.al\/wp-content\/uploads\/2026\/02\/810207.png","contentUrl":"https:\/\/vitanet.al\/wp-content\/uploads\/2026\/02\/810207.png","width":219,"height":166},{"@type":"BreadcrumbList","@id":"https:\/\/vitanet.al\/sq\/product\/bastun-i-rregullueshem-me-baze-vetembajtese-dhe-drite-led\/#breadcrumb","itemListElement":[{"@type":"ListItem","position":1,"name":"Home","item":"https:\/\/vitanet.al\/sq\/"},{"@type":"ListItem","position":2,"name":"Shop","item":"https:\/\/vitanet.al\/sq\/shop\/"},{"@type":"ListItem","position":3,"name":"BASTUN I RREGULLUESH\u00cbM ME BAZ\u00cb VET\u00cbMBAJT\u00cbSE DHE DRIT\u00cb LED"}]},{"@type":"WebSite","@id":"https:\/\/vitanet.al\/sq\/#website","url":"https:\/\/vitanet.al\/sq\/","name":"VITANET ALBANIA","description":"","publisher":{"@id":"https:\/\/vitanet.al\/sq\/#organization"},"potentialAction":[{"@type":"SearchAction","target":{"@type":"EntryPoint","urlTemplate":"https:\/\/vitanet.al\/sq\/?s={search_term_string}"},"query-input":{"@type":"PropertyValueSpecification","valueRequired":true,"valueName":"search_term_string"}}],"inLanguage":"sq-AL"},{"@type":"Organization","@id":"https:\/\/vitanet.al\/sq\/#organization","name":"VITANET ALBANIA","url":"https:\/\/vitanet.al\/sq\/","logo":{"@type":"ImageObject","inLanguage":"sq-AL","@id":"https:\/\/vitanet.al\/sq\/#\/schema\/logo\/image\/","url":"https:\/\/vitanet.al\/wp-content\/uploads\/2022\/02\/Vitanet_Logo-scaled.webp","contentUrl":"https:\/\/vitanet.al\/wp-content\/uploads\/2022\/02\/Vitanet_Logo-scaled.webp","width":2560,"height":714,"caption":"VITANET ALBANIA"},"image":{"@id":"https:\/\/vitanet.al\/sq\/#\/schema\/logo\/image\/"}}]}},"_links":{"self":[{"href":"https:\/\/vitanet.al\/sq\/wp-json\/wp\/v2\/product\/7870","targetHints":{"allow":["GET"]}}],"collection":[{"href":"https:\/\/vitanet.al\/sq\/wp-json\/wp\/v2\/product"}],"about":[{"href":"https:\/\/vitanet.al\/sq\/wp-json\/wp\/v2\/types\/product"}],"version-history":[{"count":0,"href":"https:\/\/vitanet.al\/sq\/wp-json\/wp\/v2\/product\/7870\/revisions"}],"wp:featuredmedia":[{"embeddable":true,"href":"https:\/\/vitanet.al\/sq\/wp-json\/wp\/v2\/media\/7732"}],"wp:attachment":[{"href":"https:\/\/vitanet.al\/sq\/wp-json\/wp\/v2\/media?parent=7870"}],"wp:term":[{"taxonomy":"product_brand","embeddable":true,"href":"https:\/\/vitanet.al\/sq\/wp-json\/wp\/v2\/product_brand?post=7870"},{"taxonomy":"product_cat","embeddable":true,"href":"https:\/\/vitanet.al\/sq\/wp-json\/wp\/v2\/product_cat?post=7870"},{"taxonomy":"product_tag","embeddable":true,"href":"https:\/\/vitanet.al\/sq\/wp-json\/wp\/v2\/product_tag?post=7870"}],"curies":[{"name":"wp","href":"https:\/\/api.w.org\/{rel}","templated":true}]}}