{"id":7921,"date":"2026-02-11T21:09:58","date_gmt":"2026-02-11T21:09:58","guid":{"rendered":"https:\/\/vitanet.al\/product\/top-cando-me-ngjyra\/"},"modified":"2026-02-11T21:09:58","modified_gmt":"2026-02-11T21:09:58","slug":"top-cando-me-ngjyra","status":"publish","type":"product","link":"https:\/\/vitanet.al\/sq\/product\/top-cando-me-ngjyra\/","title":{"rendered":"TOP CANDO ME NGJYRA"},"content":{"rendered":"<p>Top CanDo \u2013 ushtrues dore p\u00ebr rikthimin e forc\u00ebs, shkatht\u00ebsis\u00eb, l\u00ebvizshm\u00ebris\u00eb dhe aft\u00ebsive motorike. Mund t\u00eb ngrohet ose ftohet p\u00ebr terapi termike. I disponuesh\u00ebm n\u00eb 6 ngjyra p\u00ebr ushtrime progresive, sipas nivelit t\u00eb rezistenc\u00ebs. \u00c7do nivel \u00ebsht\u00eb i disponuesh\u00ebm n\u00eb form\u00eb topi ose veze. Topi p\u00ebrballon temperaturat nga -60 \u00b0C deri n\u00eb 75 \u00b0C.    <\/p>\n","protected":false},"excerpt":{"rendered":"<p>Top CanDo \u2013 ushtrues dore p\u00ebr rikthimin e forc\u00ebs, shkatht\u00ebsis\u00eb, l\u00ebvizshm\u00ebris\u00eb dhe aft\u00ebsive motorike. Mund t\u00eb ngrohet ose ftohet p\u00ebr terapi termike. I disponuesh\u00ebm n\u00eb 6 ngjyra p\u00ebr ushtrime progresive, sipas nivelit t\u00eb rezistenc\u00ebs. \u00c7do nivel \u00ebsht\u00eb i disponuesh\u00ebm n\u00eb form\u00eb topi ose veze. Topi p\u00ebrballon temperaturat nga -60 \u00b0C deri n\u00eb 75 \u00b0C.<\/p>\n","protected":false},"featured_media":0,"template":"","meta":[],"product_brand":[],"product_cat":[119,126,127],"product_tag":[],"class_list":{"0":"post-7921","1":"product","2":"type-product","3":"status-publish","5":"product_cat-markat-tona","6":"product_cat-mobiak","7":"product_cat-pajisje-mjekesore","9":"first","10":"instock","11":"shipping-taxable","12":"purchasable","13":"product-type-simple"},"yoast_head":"<!-- This site is optimized with the Yoast SEO plugin v27.5 - https:\/\/yoast.com\/product\/yoast-seo-wordpress\/ -->\n<title>TOP CANDO ME NGJYRA - VITANET ALBANIA<\/title>\n<meta name=\"robots\" content=\"index, follow, max-snippet:-1, max-image-preview:large, max-video-preview:-1\" \/>\n<link rel=\"canonical\" href=\"https:\/\/vitanet.al\/sq\/product\/top-cando-me-ngjyra\/\" \/>\n<meta property=\"og:locale\" content=\"sq_AL\" \/>\n<meta property=\"og:type\" content=\"article\" \/>\n<meta property=\"og:title\" content=\"TOP CANDO ME NGJYRA - VITANET ALBANIA\" \/>\n<meta property=\"og:description\" content=\"Top CanDo \u2013 ushtrues dore p\u00ebr rikthimin e forc\u00ebs, shkatht\u00ebsis\u00eb, l\u00ebvizshm\u00ebris\u00eb dhe aft\u00ebsive motorike. Mund t\u00eb ngrohet ose ftohet p\u00ebr terapi termike. I disponuesh\u00ebm n\u00eb 6 ngjyra p\u00ebr ushtrime progresive, sipas nivelit t\u00eb rezistenc\u00ebs. \u00c7do nivel \u00ebsht\u00eb i disponuesh\u00ebm n\u00eb form\u00eb topi ose veze. Topi p\u00ebrballon temperaturat nga -60 \u00b0C deri n\u00eb 75 \u00b0C.\" \/>\n<meta property=\"og:url\" content=\"https:\/\/vitanet.al\/sq\/product\/top-cando-me-ngjyra\/\" \/>\n<meta property=\"og:site_name\" content=\"VITANET ALBANIA\" \/>\n<meta name=\"twitter:card\" content=\"summary_large_image\" \/>\n<script type=\"application\/ld+json\" class=\"yoast-schema-graph\">{\"@context\":\"https:\\\/\\\/schema.org\",\"@graph\":[{\"@type\":\"WebPage\",\"@id\":\"https:\\\/\\\/vitanet.al\\\/sq\\\/product\\\/top-cando-me-ngjyra\\\/\",\"url\":\"https:\\\/\\\/vitanet.al\\\/sq\\\/product\\\/top-cando-me-ngjyra\\\/\",\"name\":\"TOP CANDO ME NGJYRA - VITANET ALBANIA\",\"isPartOf\":{\"@id\":\"https:\\\/\\\/vitanet.al\\\/sq\\\/#website\"},\"datePublished\":\"2026-02-11T21:09:58+00:00\",\"breadcrumb\":{\"@id\":\"https:\\\/\\\/vitanet.al\\\/sq\\\/product\\\/top-cando-me-ngjyra\\\/#breadcrumb\"},\"inLanguage\":\"sq-AL\",\"potentialAction\":[{\"@type\":\"ReadAction\",\"target\":[\"https:\\\/\\\/vitanet.al\\\/sq\\\/product\\\/top-cando-me-ngjyra\\\/\"]}]},{\"@type\":\"BreadcrumbList\",\"@id\":\"https:\\\/\\\/vitanet.al\\\/sq\\\/product\\\/top-cando-me-ngjyra\\\/#breadcrumb\",\"itemListElement\":[{\"@type\":\"ListItem\",\"position\":1,\"name\":\"Home\",\"item\":\"https:\\\/\\\/vitanet.al\\\/sq\\\/\"},{\"@type\":\"ListItem\",\"position\":2,\"name\":\"Shop\",\"item\":\"https:\\\/\\\/vitanet.al\\\/sq\\\/shop\\\/\"},{\"@type\":\"ListItem\",\"position\":3,\"name\":\"TOP CANDO ME NGJYRA\"}]},{\"@type\":\"WebSite\",\"@id\":\"https:\\\/\\\/vitanet.al\\\/sq\\\/#website\",\"url\":\"https:\\\/\\\/vitanet.al\\\/sq\\\/\",\"name\":\"VITANET ALBANIA\",\"description\":\"\",\"publisher\":{\"@id\":\"https:\\\/\\\/vitanet.al\\\/sq\\\/#organization\"},\"potentialAction\":[{\"@type\":\"SearchAction\",\"target\":{\"@type\":\"EntryPoint\",\"urlTemplate\":\"https:\\\/\\\/vitanet.al\\\/sq\\\/?s={search_term_string}\"},\"query-input\":{\"@type\":\"PropertyValueSpecification\",\"valueRequired\":true,\"valueName\":\"search_term_string\"}}],\"inLanguage\":\"sq-AL\"},{\"@type\":\"Organization\",\"@id\":\"https:\\\/\\\/vitanet.al\\\/sq\\\/#organization\",\"name\":\"VITANET ALBANIA\",\"url\":\"https:\\\/\\\/vitanet.al\\\/sq\\\/\",\"logo\":{\"@type\":\"ImageObject\",\"inLanguage\":\"sq-AL\",\"@id\":\"https:\\\/\\\/vitanet.al\\\/sq\\\/#\\\/schema\\\/logo\\\/image\\\/\",\"url\":\"https:\\\/\\\/vitanet.al\\\/wp-content\\\/uploads\\\/2022\\\/02\\\/Vitanet_Logo-scaled.webp\",\"contentUrl\":\"https:\\\/\\\/vitanet.al\\\/wp-content\\\/uploads\\\/2022\\\/02\\\/Vitanet_Logo-scaled.webp\",\"width\":2560,\"height\":714,\"caption\":\"VITANET ALBANIA\"},\"image\":{\"@id\":\"https:\\\/\\\/vitanet.al\\\/sq\\\/#\\\/schema\\\/logo\\\/image\\\/\"}}]}<\/script>\n<!-- \/ Yoast SEO plugin. -->","yoast_head_json":{"title":"TOP CANDO ME NGJYRA - VITANET ALBANIA","robots":{"index":"index","follow":"follow","max-snippet":"max-snippet:-1","max-image-preview":"max-image-preview:large","max-video-preview":"max-video-preview:-1"},"canonical":"https:\/\/vitanet.al\/sq\/product\/top-cando-me-ngjyra\/","og_locale":"sq_AL","og_type":"article","og_title":"TOP CANDO ME NGJYRA - VITANET ALBANIA","og_description":"Top CanDo \u2013 ushtrues dore p\u00ebr rikthimin e forc\u00ebs, shkatht\u00ebsis\u00eb, l\u00ebvizshm\u00ebris\u00eb dhe aft\u00ebsive motorike. Mund t\u00eb ngrohet ose ftohet p\u00ebr terapi termike. I disponuesh\u00ebm n\u00eb 6 ngjyra p\u00ebr ushtrime progresive, sipas nivelit t\u00eb rezistenc\u00ebs. \u00c7do nivel \u00ebsht\u00eb i disponuesh\u00ebm n\u00eb form\u00eb topi ose veze. Topi p\u00ebrballon temperaturat nga -60 \u00b0C deri n\u00eb 75 \u00b0C.","og_url":"https:\/\/vitanet.al\/sq\/product\/top-cando-me-ngjyra\/","og_site_name":"VITANET ALBANIA","twitter_card":"summary_large_image","schema":{"@context":"https:\/\/schema.org","@graph":[{"@type":"WebPage","@id":"https:\/\/vitanet.al\/sq\/product\/top-cando-me-ngjyra\/","url":"https:\/\/vitanet.al\/sq\/product\/top-cando-me-ngjyra\/","name":"TOP CANDO ME NGJYRA - VITANET ALBANIA","isPartOf":{"@id":"https:\/\/vitanet.al\/sq\/#website"},"datePublished":"2026-02-11T21:09:58+00:00","breadcrumb":{"@id":"https:\/\/vitanet.al\/sq\/product\/top-cando-me-ngjyra\/#breadcrumb"},"inLanguage":"sq-AL","potentialAction":[{"@type":"ReadAction","target":["https:\/\/vitanet.al\/sq\/product\/top-cando-me-ngjyra\/"]}]},{"@type":"BreadcrumbList","@id":"https:\/\/vitanet.al\/sq\/product\/top-cando-me-ngjyra\/#breadcrumb","itemListElement":[{"@type":"ListItem","position":1,"name":"Home","item":"https:\/\/vitanet.al\/sq\/"},{"@type":"ListItem","position":2,"name":"Shop","item":"https:\/\/vitanet.al\/sq\/shop\/"},{"@type":"ListItem","position":3,"name":"TOP CANDO ME NGJYRA"}]},{"@type":"WebSite","@id":"https:\/\/vitanet.al\/sq\/#website","url":"https:\/\/vitanet.al\/sq\/","name":"VITANET ALBANIA","description":"","publisher":{"@id":"https:\/\/vitanet.al\/sq\/#organization"},"potentialAction":[{"@type":"SearchAction","target":{"@type":"EntryPoint","urlTemplate":"https:\/\/vitanet.al\/sq\/?s={search_term_string}"},"query-input":{"@type":"PropertyValueSpecification","valueRequired":true,"valueName":"search_term_string"}}],"inLanguage":"sq-AL"},{"@type":"Organization","@id":"https:\/\/vitanet.al\/sq\/#organization","name":"VITANET ALBANIA","url":"https:\/\/vitanet.al\/sq\/","logo":{"@type":"ImageObject","inLanguage":"sq-AL","@id":"https:\/\/vitanet.al\/sq\/#\/schema\/logo\/image\/","url":"https:\/\/vitanet.al\/wp-content\/uploads\/2022\/02\/Vitanet_Logo-scaled.webp","contentUrl":"https:\/\/vitanet.al\/wp-content\/uploads\/2022\/02\/Vitanet_Logo-scaled.webp","width":2560,"height":714,"caption":"VITANET ALBANIA"},"image":{"@id":"https:\/\/vitanet.al\/sq\/#\/schema\/logo\/image\/"}}]}},"_links":{"self":[{"href":"https:\/\/vitanet.al\/sq\/wp-json\/wp\/v2\/product\/7921","targetHints":{"allow":["GET"]}}],"collection":[{"href":"https:\/\/vitanet.al\/sq\/wp-json\/wp\/v2\/product"}],"about":[{"href":"https:\/\/vitanet.al\/sq\/wp-json\/wp\/v2\/types\/product"}],"version-history":[{"count":0,"href":"https:\/\/vitanet.al\/sq\/wp-json\/wp\/v2\/product\/7921\/revisions"}],"wp:attachment":[{"href":"https:\/\/vitanet.al\/sq\/wp-json\/wp\/v2\/media?parent=7921"}],"wp:term":[{"taxonomy":"product_brand","embeddable":true,"href":"https:\/\/vitanet.al\/sq\/wp-json\/wp\/v2\/product_brand?post=7921"},{"taxonomy":"product_cat","embeddable":true,"href":"https:\/\/vitanet.al\/sq\/wp-json\/wp\/v2\/product_cat?post=7921"},{"taxonomy":"product_tag","embeddable":true,"href":"https:\/\/vitanet.al\/sq\/wp-json\/wp\/v2\/product_tag?post=7921"}],"curies":[{"name":"wp","href":"https:\/\/api.w.org\/{rel}","templated":true}]}}