{"id":7946,"date":"2026-02-15T15:35:16","date_gmt":"2026-02-15T15:35:16","guid":{"rendered":"https:\/\/vitanet.al\/product\/locion-ag-per-vete-bronzim-te-menjehershem-177ml-2\/"},"modified":"2026-02-15T15:35:16","modified_gmt":"2026-02-15T15:35:16","slug":"locion-ag-per-vete-bronzim-te-menjehershem-177ml-2","status":"publish","type":"product","link":"https:\/\/vitanet.al\/sq\/product\/locion-ag-per-vete-bronzim-te-menjehershem-177ml-2\/","title":{"rendered":"LOCION AG P\u00cbR VET\u00cb-BRONZIM T\u00cb MENJ\u00cbHERSH\u00cbM 177ML"},"content":{"rendered":"<p>P\u00ebrfitoni ngjyr\u00eb t\u00eb menj\u00ebhershme dhe natyrale me koleksionin Australian Gold Instant Sunless. Ky koleksion kombinon bronzuesit me zbut\u00ebsit e l\u00ebkur\u00ebs p\u00ebr t\u00eb ushqyer dhe zbutur p\u00ebr nj\u00eb nuanc\u00eb m\u00eb t\u00eb q\u00ebndrueshme bronzi, nuk l\u00eb asnj\u00eb shenj\u00eb, rezultat q\u00eb zgjat 24h, me arom\u00eb flladi tropikal.<br \/>\nPaketimi: 177ml <\/p>\n","protected":false},"excerpt":{"rendered":"<p>P\u00ebrfitoni ngjyr\u00eb t\u00eb menj\u00ebhershme dhe natyrale me koleksionin Australian Gold Instant Sunless. Ky koleksion kombinon bronzuesit me zbut\u00ebsit e l\u00ebkur\u00ebs p\u00ebr t\u00eb ushqyer dhe zbutur p\u00ebr nj\u00eb nuanc\u00eb m\u00eb t\u00eb q\u00ebndrueshme bronzi, nuk l\u00eb asnj\u00eb shenj\u00eb, rezultat q\u00eb zgjat 24h, me arom\u00eb flladi tropikal. Paketimi: 177ml<\/p>\n","protected":false},"featured_media":0,"template":"","meta":[],"product_brand":[],"product_cat":[129,103,119],"product_tag":[],"class_list":{"0":"post-7946","1":"product","2":"type-product","3":"status-publish","5":"product_cat-australian-gold","6":"product_cat-locion-vete-bronzues","7":"product_cat-markat-tona","9":"first","10":"instock","11":"shipping-taxable","12":"purchasable","13":"product-type-simple"},"yoast_head":"<!-- This site is optimized with the Yoast SEO plugin v27.4 - https:\/\/yoast.com\/product\/yoast-seo-wordpress\/ -->\n<title>LOCION AG P\u00cbR VET\u00cb-BRONZIM T\u00cb MENJ\u00cbHERSH\u00cbM 177ML - VITANET ALBANIA<\/title>\n<meta name=\"robots\" content=\"index, follow, max-snippet:-1, max-image-preview:large, max-video-preview:-1\" \/>\n<link rel=\"canonical\" href=\"https:\/\/vitanet.al\/sq\/product\/locion-ag-per-vete-bronzim-te-menjehershem-177ml-2\/\" \/>\n<meta property=\"og:locale\" content=\"sq_AL\" \/>\n<meta property=\"og:type\" content=\"article\" \/>\n<meta property=\"og:title\" content=\"LOCION AG P\u00cbR VET\u00cb-BRONZIM T\u00cb MENJ\u00cbHERSH\u00cbM 177ML - VITANET ALBANIA\" \/>\n<meta property=\"og:description\" content=\"P\u00ebrfitoni ngjyr\u00eb t\u00eb menj\u00ebhershme dhe natyrale me koleksionin Australian Gold Instant Sunless. Ky koleksion kombinon bronzuesit me zbut\u00ebsit e l\u00ebkur\u00ebs p\u00ebr t\u00eb ushqyer dhe zbutur p\u00ebr nj\u00eb nuanc\u00eb m\u00eb t\u00eb q\u00ebndrueshme bronzi, nuk l\u00eb asnj\u00eb shenj\u00eb, rezultat q\u00eb zgjat 24h, me arom\u00eb flladi tropikal. Paketimi: 177ml\" \/>\n<meta property=\"og:url\" content=\"https:\/\/vitanet.al\/sq\/product\/locion-ag-per-vete-bronzim-te-menjehershem-177ml-2\/\" \/>\n<meta property=\"og:site_name\" content=\"VITANET ALBANIA\" \/>\n<meta name=\"twitter:card\" content=\"summary_large_image\" \/>\n<script type=\"application\/ld+json\" class=\"yoast-schema-graph\">{\"@context\":\"https:\\\/\\\/schema.org\",\"@graph\":[{\"@type\":\"WebPage\",\"@id\":\"https:\\\/\\\/vitanet.al\\\/sq\\\/product\\\/locion-ag-per-vete-bronzim-te-menjehershem-177ml-2\\\/\",\"url\":\"https:\\\/\\\/vitanet.al\\\/sq\\\/product\\\/locion-ag-per-vete-bronzim-te-menjehershem-177ml-2\\\/\",\"name\":\"LOCION AG P\u00cbR VET\u00cb-BRONZIM T\u00cb MENJ\u00cbHERSH\u00cbM 177ML - VITANET ALBANIA\",\"isPartOf\":{\"@id\":\"https:\\\/\\\/vitanet.al\\\/sq\\\/#website\"},\"datePublished\":\"2026-02-15T15:35:16+00:00\",\"breadcrumb\":{\"@id\":\"https:\\\/\\\/vitanet.al\\\/sq\\\/product\\\/locion-ag-per-vete-bronzim-te-menjehershem-177ml-2\\\/#breadcrumb\"},\"inLanguage\":\"sq-AL\",\"potentialAction\":[{\"@type\":\"ReadAction\",\"target\":[\"https:\\\/\\\/vitanet.al\\\/sq\\\/product\\\/locion-ag-per-vete-bronzim-te-menjehershem-177ml-2\\\/\"]}]},{\"@type\":\"BreadcrumbList\",\"@id\":\"https:\\\/\\\/vitanet.al\\\/sq\\\/product\\\/locion-ag-per-vete-bronzim-te-menjehershem-177ml-2\\\/#breadcrumb\",\"itemListElement\":[{\"@type\":\"ListItem\",\"position\":1,\"name\":\"Home\",\"item\":\"https:\\\/\\\/vitanet.al\\\/sq\\\/\"},{\"@type\":\"ListItem\",\"position\":2,\"name\":\"Shop\",\"item\":\"https:\\\/\\\/vitanet.al\\\/sq\\\/shop\\\/\"},{\"@type\":\"ListItem\",\"position\":3,\"name\":\"LOCION AG P\u00cbR VET\u00cb-BRONZIM T\u00cb MENJ\u00cbHERSH\u00cbM 177ML\"}]},{\"@type\":\"WebSite\",\"@id\":\"https:\\\/\\\/vitanet.al\\\/sq\\\/#website\",\"url\":\"https:\\\/\\\/vitanet.al\\\/sq\\\/\",\"name\":\"VITANET ALBANIA\",\"description\":\"\",\"publisher\":{\"@id\":\"https:\\\/\\\/vitanet.al\\\/sq\\\/#organization\"},\"potentialAction\":[{\"@type\":\"SearchAction\",\"target\":{\"@type\":\"EntryPoint\",\"urlTemplate\":\"https:\\\/\\\/vitanet.al\\\/sq\\\/?s={search_term_string}\"},\"query-input\":{\"@type\":\"PropertyValueSpecification\",\"valueRequired\":true,\"valueName\":\"search_term_string\"}}],\"inLanguage\":\"sq-AL\"},{\"@type\":\"Organization\",\"@id\":\"https:\\\/\\\/vitanet.al\\\/sq\\\/#organization\",\"name\":\"VITANET ALBANIA\",\"url\":\"https:\\\/\\\/vitanet.al\\\/sq\\\/\",\"logo\":{\"@type\":\"ImageObject\",\"inLanguage\":\"sq-AL\",\"@id\":\"https:\\\/\\\/vitanet.al\\\/sq\\\/#\\\/schema\\\/logo\\\/image\\\/\",\"url\":\"https:\\\/\\\/vitanet.al\\\/wp-content\\\/uploads\\\/2022\\\/02\\\/Vitanet_Logo-scaled.webp\",\"contentUrl\":\"https:\\\/\\\/vitanet.al\\\/wp-content\\\/uploads\\\/2022\\\/02\\\/Vitanet_Logo-scaled.webp\",\"width\":2560,\"height\":714,\"caption\":\"VITANET ALBANIA\"},\"image\":{\"@id\":\"https:\\\/\\\/vitanet.al\\\/sq\\\/#\\\/schema\\\/logo\\\/image\\\/\"}}]}<\/script>\n<!-- \/ Yoast SEO plugin. -->","yoast_head_json":{"title":"LOCION AG P\u00cbR VET\u00cb-BRONZIM T\u00cb MENJ\u00cbHERSH\u00cbM 177ML - VITANET ALBANIA","robots":{"index":"index","follow":"follow","max-snippet":"max-snippet:-1","max-image-preview":"max-image-preview:large","max-video-preview":"max-video-preview:-1"},"canonical":"https:\/\/vitanet.al\/sq\/product\/locion-ag-per-vete-bronzim-te-menjehershem-177ml-2\/","og_locale":"sq_AL","og_type":"article","og_title":"LOCION AG P\u00cbR VET\u00cb-BRONZIM T\u00cb MENJ\u00cbHERSH\u00cbM 177ML - VITANET ALBANIA","og_description":"P\u00ebrfitoni ngjyr\u00eb t\u00eb menj\u00ebhershme dhe natyrale me koleksionin Australian Gold Instant Sunless. Ky koleksion kombinon bronzuesit me zbut\u00ebsit e l\u00ebkur\u00ebs p\u00ebr t\u00eb ushqyer dhe zbutur p\u00ebr nj\u00eb nuanc\u00eb m\u00eb t\u00eb q\u00ebndrueshme bronzi, nuk l\u00eb asnj\u00eb shenj\u00eb, rezultat q\u00eb zgjat 24h, me arom\u00eb flladi tropikal. Paketimi: 177ml","og_url":"https:\/\/vitanet.al\/sq\/product\/locion-ag-per-vete-bronzim-te-menjehershem-177ml-2\/","og_site_name":"VITANET ALBANIA","twitter_card":"summary_large_image","schema":{"@context":"https:\/\/schema.org","@graph":[{"@type":"WebPage","@id":"https:\/\/vitanet.al\/sq\/product\/locion-ag-per-vete-bronzim-te-menjehershem-177ml-2\/","url":"https:\/\/vitanet.al\/sq\/product\/locion-ag-per-vete-bronzim-te-menjehershem-177ml-2\/","name":"LOCION AG P\u00cbR VET\u00cb-BRONZIM T\u00cb MENJ\u00cbHERSH\u00cbM 177ML - VITANET ALBANIA","isPartOf":{"@id":"https:\/\/vitanet.al\/sq\/#website"},"datePublished":"2026-02-15T15:35:16+00:00","breadcrumb":{"@id":"https:\/\/vitanet.al\/sq\/product\/locion-ag-per-vete-bronzim-te-menjehershem-177ml-2\/#breadcrumb"},"inLanguage":"sq-AL","potentialAction":[{"@type":"ReadAction","target":["https:\/\/vitanet.al\/sq\/product\/locion-ag-per-vete-bronzim-te-menjehershem-177ml-2\/"]}]},{"@type":"BreadcrumbList","@id":"https:\/\/vitanet.al\/sq\/product\/locion-ag-per-vete-bronzim-te-menjehershem-177ml-2\/#breadcrumb","itemListElement":[{"@type":"ListItem","position":1,"name":"Home","item":"https:\/\/vitanet.al\/sq\/"},{"@type":"ListItem","position":2,"name":"Shop","item":"https:\/\/vitanet.al\/sq\/shop\/"},{"@type":"ListItem","position":3,"name":"LOCION AG P\u00cbR VET\u00cb-BRONZIM T\u00cb MENJ\u00cbHERSH\u00cbM 177ML"}]},{"@type":"WebSite","@id":"https:\/\/vitanet.al\/sq\/#website","url":"https:\/\/vitanet.al\/sq\/","name":"VITANET ALBANIA","description":"","publisher":{"@id":"https:\/\/vitanet.al\/sq\/#organization"},"potentialAction":[{"@type":"SearchAction","target":{"@type":"EntryPoint","urlTemplate":"https:\/\/vitanet.al\/sq\/?s={search_term_string}"},"query-input":{"@type":"PropertyValueSpecification","valueRequired":true,"valueName":"search_term_string"}}],"inLanguage":"sq-AL"},{"@type":"Organization","@id":"https:\/\/vitanet.al\/sq\/#organization","name":"VITANET ALBANIA","url":"https:\/\/vitanet.al\/sq\/","logo":{"@type":"ImageObject","inLanguage":"sq-AL","@id":"https:\/\/vitanet.al\/sq\/#\/schema\/logo\/image\/","url":"https:\/\/vitanet.al\/wp-content\/uploads\/2022\/02\/Vitanet_Logo-scaled.webp","contentUrl":"https:\/\/vitanet.al\/wp-content\/uploads\/2022\/02\/Vitanet_Logo-scaled.webp","width":2560,"height":714,"caption":"VITANET ALBANIA"},"image":{"@id":"https:\/\/vitanet.al\/sq\/#\/schema\/logo\/image\/"}}]}},"_links":{"self":[{"href":"https:\/\/vitanet.al\/sq\/wp-json\/wp\/v2\/product\/7946","targetHints":{"allow":["GET"]}}],"collection":[{"href":"https:\/\/vitanet.al\/sq\/wp-json\/wp\/v2\/product"}],"about":[{"href":"https:\/\/vitanet.al\/sq\/wp-json\/wp\/v2\/types\/product"}],"version-history":[{"count":0,"href":"https:\/\/vitanet.al\/sq\/wp-json\/wp\/v2\/product\/7946\/revisions"}],"wp:attachment":[{"href":"https:\/\/vitanet.al\/sq\/wp-json\/wp\/v2\/media?parent=7946"}],"wp:term":[{"taxonomy":"product_brand","embeddable":true,"href":"https:\/\/vitanet.al\/sq\/wp-json\/wp\/v2\/product_brand?post=7946"},{"taxonomy":"product_cat","embeddable":true,"href":"https:\/\/vitanet.al\/sq\/wp-json\/wp\/v2\/product_cat?post=7946"},{"taxonomy":"product_tag","embeddable":true,"href":"https:\/\/vitanet.al\/sq\/wp-json\/wp\/v2\/product_tag?post=7946"}],"curies":[{"name":"wp","href":"https:\/\/api.w.org\/{rel}","templated":true}]}}