{"id":7948,"date":"2026-02-15T15:35:24","date_gmt":"2026-02-15T15:35:24","guid":{"rendered":"https:\/\/vitanet.al\/product\/bronz-dielli-133ml-2\/"},"modified":"2026-03-10T13:52:27","modified_gmt":"2026-03-10T13:52:27","slug":"bronz-dielli-133ml-2","status":"publish","type":"product","link":"https:\/\/vitanet.al\/sq\/product\/bronz-dielli-133ml-2\/","title":{"rendered":"BRONZ DIELLI 133ML"},"content":{"rendered":"<p>Locion p\u00ebr nxirje t\u00eb err\u00ebt me nj\u00eb formul\u00eb t\u00eb fuqishme bronzi natyral q\u00eb siguron menj\u00ebher\u00eb nj\u00eb nxirje t\u00eb err\u00ebt tropikale pa njolla dhe vija. P\u00ebrmban p\u00ebrqindje t\u00eb lart\u00eb t\u00eb ekstrakteve t\u00eb arr\u00ebs s\u00eb zez\u00eb p\u00ebr rezultat perfekt. Gjalpi Shea p\u00ebr l\u00ebkur\u00eb t\u00eb but\u00eb, vitamina A\/E (p\u00ebr linjat e holla dhe rrudhat), vaji i arr\u00ebs dhe ekstraktet e vaniljes jan\u00eb p\u00ebrb\u00ebr\u00ebs t\u00eb shk\u00eblqyer p\u00ebr kujdesin e l\u00ebkur\u00ebs. Aroma e shijshme \u201eOrange Dream\u201c.    Paketimi: 133 ml<\/p>\n","protected":false},"excerpt":{"rendered":"<p>Locion p\u00ebr nxirje t\u00eb err\u00ebt me nj\u00eb formul\u00eb t\u00eb fuqishme bronzi natyral q\u00eb siguron menj\u00ebher\u00eb nj\u00eb nxirje t\u00eb err\u00ebt tropikale pa njolla dhe vija. P\u00ebrmban p\u00ebrqindje t\u00eb lart\u00eb t\u00eb ekstrakteve t\u00eb arr\u00ebs s\u00eb zez\u00eb p\u00ebr rezultat perfekt. Gjalpi Shea p\u00ebr l\u00ebkur\u00eb t\u00eb but\u00eb, vitamina A\/E (p\u00ebr linjat e holla dhe rrudhat), vaji i arr\u00ebs dhe [&hellip;]<\/p>\n","protected":false},"featured_media":8234,"template":"","meta":[],"product_brand":[],"product_cat":[129,103,119],"product_tag":[],"class_list":{"0":"post-7948","1":"product","2":"type-product","3":"status-publish","4":"has-post-thumbnail","6":"product_cat-australian-gold","7":"product_cat-locion-vete-bronzues","8":"product_cat-markat-tona","10":"first","11":"instock","12":"shipping-taxable","13":"purchasable","14":"product-type-simple"},"yoast_head":"<!-- This site is optimized with the Yoast SEO plugin v27.4 - https:\/\/yoast.com\/product\/yoast-seo-wordpress\/ -->\n<title>BRONZ DIELLI 133ML - VITANET ALBANIA<\/title>\n<meta name=\"robots\" content=\"index, follow, max-snippet:-1, max-image-preview:large, max-video-preview:-1\" \/>\n<link rel=\"canonical\" href=\"https:\/\/vitanet.al\/sq\/product\/bronz-dielli-133ml-2\/\" \/>\n<meta property=\"og:locale\" content=\"sq_AL\" \/>\n<meta property=\"og:type\" content=\"article\" \/>\n<meta property=\"og:title\" content=\"BRONZ DIELLI 133ML - VITANET ALBANIA\" \/>\n<meta property=\"og:description\" content=\"Locion p\u00ebr nxirje t\u00eb err\u00ebt me nj\u00eb formul\u00eb t\u00eb fuqishme bronzi natyral q\u00eb siguron menj\u00ebher\u00eb nj\u00eb nxirje t\u00eb err\u00ebt tropikale pa njolla dhe vija. P\u00ebrmban p\u00ebrqindje t\u00eb lart\u00eb t\u00eb ekstrakteve t\u00eb arr\u00ebs s\u00eb zez\u00eb p\u00ebr rezultat perfekt. Gjalpi Shea p\u00ebr l\u00ebkur\u00eb t\u00eb but\u00eb, vitamina A\/E (p\u00ebr linjat e holla dhe rrudhat), vaji i arr\u00ebs dhe [&hellip;]\" \/>\n<meta property=\"og:url\" content=\"https:\/\/vitanet.al\/sq\/product\/bronz-dielli-133ml-2\/\" \/>\n<meta property=\"og:site_name\" content=\"VITANET ALBANIA\" \/>\n<meta property=\"article:modified_time\" content=\"2026-03-10T13:52:27+00:00\" \/>\n<meta property=\"og:image\" content=\"https:\/\/vitanet.al\/wp-content\/uploads\/2026\/02\/ALB_4308-e1773146146852.jpg\" \/>\n\t<meta property=\"og:image:width\" content=\"1080\" \/>\n\t<meta property=\"og:image:height\" content=\"1080\" \/>\n\t<meta property=\"og:image:type\" content=\"image\/jpeg\" \/>\n<meta name=\"twitter:card\" content=\"summary_large_image\" \/>\n<script type=\"application\/ld+json\" class=\"yoast-schema-graph\">{\"@context\":\"https:\\\/\\\/schema.org\",\"@graph\":[{\"@type\":\"WebPage\",\"@id\":\"https:\\\/\\\/vitanet.al\\\/sq\\\/product\\\/bronz-dielli-133ml-2\\\/\",\"url\":\"https:\\\/\\\/vitanet.al\\\/sq\\\/product\\\/bronz-dielli-133ml-2\\\/\",\"name\":\"BRONZ DIELLI 133ML - VITANET ALBANIA\",\"isPartOf\":{\"@id\":\"https:\\\/\\\/vitanet.al\\\/sq\\\/#website\"},\"primaryImageOfPage\":{\"@id\":\"https:\\\/\\\/vitanet.al\\\/sq\\\/product\\\/bronz-dielli-133ml-2\\\/#primaryimage\"},\"image\":{\"@id\":\"https:\\\/\\\/vitanet.al\\\/sq\\\/product\\\/bronz-dielli-133ml-2\\\/#primaryimage\"},\"thumbnailUrl\":\"https:\\\/\\\/vitanet.al\\\/wp-content\\\/uploads\\\/2026\\\/02\\\/ALB_4308-e1773146146852.jpg\",\"datePublished\":\"2026-02-15T15:35:24+00:00\",\"dateModified\":\"2026-03-10T13:52:27+00:00\",\"breadcrumb\":{\"@id\":\"https:\\\/\\\/vitanet.al\\\/sq\\\/product\\\/bronz-dielli-133ml-2\\\/#breadcrumb\"},\"inLanguage\":\"sq-AL\",\"potentialAction\":[{\"@type\":\"ReadAction\",\"target\":[\"https:\\\/\\\/vitanet.al\\\/sq\\\/product\\\/bronz-dielli-133ml-2\\\/\"]}]},{\"@type\":\"ImageObject\",\"inLanguage\":\"sq-AL\",\"@id\":\"https:\\\/\\\/vitanet.al\\\/sq\\\/product\\\/bronz-dielli-133ml-2\\\/#primaryimage\",\"url\":\"https:\\\/\\\/vitanet.al\\\/wp-content\\\/uploads\\\/2026\\\/02\\\/ALB_4308-e1773146146852.jpg\",\"contentUrl\":\"https:\\\/\\\/vitanet.al\\\/wp-content\\\/uploads\\\/2026\\\/02\\\/ALB_4308-e1773146146852.jpg\",\"width\":1080,\"height\":1080},{\"@type\":\"BreadcrumbList\",\"@id\":\"https:\\\/\\\/vitanet.al\\\/sq\\\/product\\\/bronz-dielli-133ml-2\\\/#breadcrumb\",\"itemListElement\":[{\"@type\":\"ListItem\",\"position\":1,\"name\":\"Home\",\"item\":\"https:\\\/\\\/vitanet.al\\\/sq\\\/\"},{\"@type\":\"ListItem\",\"position\":2,\"name\":\"Shop\",\"item\":\"https:\\\/\\\/vitanet.al\\\/sq\\\/shop\\\/\"},{\"@type\":\"ListItem\",\"position\":3,\"name\":\"BRONZ DIELLI 133ML\"}]},{\"@type\":\"WebSite\",\"@id\":\"https:\\\/\\\/vitanet.al\\\/sq\\\/#website\",\"url\":\"https:\\\/\\\/vitanet.al\\\/sq\\\/\",\"name\":\"VITANET ALBANIA\",\"description\":\"\",\"publisher\":{\"@id\":\"https:\\\/\\\/vitanet.al\\\/sq\\\/#organization\"},\"potentialAction\":[{\"@type\":\"SearchAction\",\"target\":{\"@type\":\"EntryPoint\",\"urlTemplate\":\"https:\\\/\\\/vitanet.al\\\/sq\\\/?s={search_term_string}\"},\"query-input\":{\"@type\":\"PropertyValueSpecification\",\"valueRequired\":true,\"valueName\":\"search_term_string\"}}],\"inLanguage\":\"sq-AL\"},{\"@type\":\"Organization\",\"@id\":\"https:\\\/\\\/vitanet.al\\\/sq\\\/#organization\",\"name\":\"VITANET ALBANIA\",\"url\":\"https:\\\/\\\/vitanet.al\\\/sq\\\/\",\"logo\":{\"@type\":\"ImageObject\",\"inLanguage\":\"sq-AL\",\"@id\":\"https:\\\/\\\/vitanet.al\\\/sq\\\/#\\\/schema\\\/logo\\\/image\\\/\",\"url\":\"https:\\\/\\\/vitanet.al\\\/wp-content\\\/uploads\\\/2022\\\/02\\\/Vitanet_Logo-scaled.webp\",\"contentUrl\":\"https:\\\/\\\/vitanet.al\\\/wp-content\\\/uploads\\\/2022\\\/02\\\/Vitanet_Logo-scaled.webp\",\"width\":2560,\"height\":714,\"caption\":\"VITANET ALBANIA\"},\"image\":{\"@id\":\"https:\\\/\\\/vitanet.al\\\/sq\\\/#\\\/schema\\\/logo\\\/image\\\/\"}}]}<\/script>\n<!-- \/ Yoast SEO plugin. -->","yoast_head_json":{"title":"BRONZ DIELLI 133ML - VITANET ALBANIA","robots":{"index":"index","follow":"follow","max-snippet":"max-snippet:-1","max-image-preview":"max-image-preview:large","max-video-preview":"max-video-preview:-1"},"canonical":"https:\/\/vitanet.al\/sq\/product\/bronz-dielli-133ml-2\/","og_locale":"sq_AL","og_type":"article","og_title":"BRONZ DIELLI 133ML - VITANET ALBANIA","og_description":"Locion p\u00ebr nxirje t\u00eb err\u00ebt me nj\u00eb formul\u00eb t\u00eb fuqishme bronzi natyral q\u00eb siguron menj\u00ebher\u00eb nj\u00eb nxirje t\u00eb err\u00ebt tropikale pa njolla dhe vija. P\u00ebrmban p\u00ebrqindje t\u00eb lart\u00eb t\u00eb ekstrakteve t\u00eb arr\u00ebs s\u00eb zez\u00eb p\u00ebr rezultat perfekt. Gjalpi Shea p\u00ebr l\u00ebkur\u00eb t\u00eb but\u00eb, vitamina A\/E (p\u00ebr linjat e holla dhe rrudhat), vaji i arr\u00ebs dhe [&hellip;]","og_url":"https:\/\/vitanet.al\/sq\/product\/bronz-dielli-133ml-2\/","og_site_name":"VITANET ALBANIA","article_modified_time":"2026-03-10T13:52:27+00:00","og_image":[{"width":1080,"height":1080,"url":"https:\/\/vitanet.al\/wp-content\/uploads\/2026\/02\/ALB_4308-e1773146146852.jpg","type":"image\/jpeg"}],"twitter_card":"summary_large_image","schema":{"@context":"https:\/\/schema.org","@graph":[{"@type":"WebPage","@id":"https:\/\/vitanet.al\/sq\/product\/bronz-dielli-133ml-2\/","url":"https:\/\/vitanet.al\/sq\/product\/bronz-dielli-133ml-2\/","name":"BRONZ DIELLI 133ML - VITANET ALBANIA","isPartOf":{"@id":"https:\/\/vitanet.al\/sq\/#website"},"primaryImageOfPage":{"@id":"https:\/\/vitanet.al\/sq\/product\/bronz-dielli-133ml-2\/#primaryimage"},"image":{"@id":"https:\/\/vitanet.al\/sq\/product\/bronz-dielli-133ml-2\/#primaryimage"},"thumbnailUrl":"https:\/\/vitanet.al\/wp-content\/uploads\/2026\/02\/ALB_4308-e1773146146852.jpg","datePublished":"2026-02-15T15:35:24+00:00","dateModified":"2026-03-10T13:52:27+00:00","breadcrumb":{"@id":"https:\/\/vitanet.al\/sq\/product\/bronz-dielli-133ml-2\/#breadcrumb"},"inLanguage":"sq-AL","potentialAction":[{"@type":"ReadAction","target":["https:\/\/vitanet.al\/sq\/product\/bronz-dielli-133ml-2\/"]}]},{"@type":"ImageObject","inLanguage":"sq-AL","@id":"https:\/\/vitanet.al\/sq\/product\/bronz-dielli-133ml-2\/#primaryimage","url":"https:\/\/vitanet.al\/wp-content\/uploads\/2026\/02\/ALB_4308-e1773146146852.jpg","contentUrl":"https:\/\/vitanet.al\/wp-content\/uploads\/2026\/02\/ALB_4308-e1773146146852.jpg","width":1080,"height":1080},{"@type":"BreadcrumbList","@id":"https:\/\/vitanet.al\/sq\/product\/bronz-dielli-133ml-2\/#breadcrumb","itemListElement":[{"@type":"ListItem","position":1,"name":"Home","item":"https:\/\/vitanet.al\/sq\/"},{"@type":"ListItem","position":2,"name":"Shop","item":"https:\/\/vitanet.al\/sq\/shop\/"},{"@type":"ListItem","position":3,"name":"BRONZ DIELLI 133ML"}]},{"@type":"WebSite","@id":"https:\/\/vitanet.al\/sq\/#website","url":"https:\/\/vitanet.al\/sq\/","name":"VITANET ALBANIA","description":"","publisher":{"@id":"https:\/\/vitanet.al\/sq\/#organization"},"potentialAction":[{"@type":"SearchAction","target":{"@type":"EntryPoint","urlTemplate":"https:\/\/vitanet.al\/sq\/?s={search_term_string}"},"query-input":{"@type":"PropertyValueSpecification","valueRequired":true,"valueName":"search_term_string"}}],"inLanguage":"sq-AL"},{"@type":"Organization","@id":"https:\/\/vitanet.al\/sq\/#organization","name":"VITANET ALBANIA","url":"https:\/\/vitanet.al\/sq\/","logo":{"@type":"ImageObject","inLanguage":"sq-AL","@id":"https:\/\/vitanet.al\/sq\/#\/schema\/logo\/image\/","url":"https:\/\/vitanet.al\/wp-content\/uploads\/2022\/02\/Vitanet_Logo-scaled.webp","contentUrl":"https:\/\/vitanet.al\/wp-content\/uploads\/2022\/02\/Vitanet_Logo-scaled.webp","width":2560,"height":714,"caption":"VITANET ALBANIA"},"image":{"@id":"https:\/\/vitanet.al\/sq\/#\/schema\/logo\/image\/"}}]}},"_links":{"self":[{"href":"https:\/\/vitanet.al\/sq\/wp-json\/wp\/v2\/product\/7948","targetHints":{"allow":["GET"]}}],"collection":[{"href":"https:\/\/vitanet.al\/sq\/wp-json\/wp\/v2\/product"}],"about":[{"href":"https:\/\/vitanet.al\/sq\/wp-json\/wp\/v2\/types\/product"}],"version-history":[{"count":2,"href":"https:\/\/vitanet.al\/sq\/wp-json\/wp\/v2\/product\/7948\/revisions"}],"predecessor-version":[{"id":8235,"href":"https:\/\/vitanet.al\/sq\/wp-json\/wp\/v2\/product\/7948\/revisions\/8235"}],"wp:featuredmedia":[{"embeddable":true,"href":"https:\/\/vitanet.al\/sq\/wp-json\/wp\/v2\/media\/8234"}],"wp:attachment":[{"href":"https:\/\/vitanet.al\/sq\/wp-json\/wp\/v2\/media?parent=7948"}],"wp:term":[{"taxonomy":"product_brand","embeddable":true,"href":"https:\/\/vitanet.al\/sq\/wp-json\/wp\/v2\/product_brand?post=7948"},{"taxonomy":"product_cat","embeddable":true,"href":"https:\/\/vitanet.al\/sq\/wp-json\/wp\/v2\/product_cat?post=7948"},{"taxonomy":"product_tag","embeddable":true,"href":"https:\/\/vitanet.al\/sq\/wp-json\/wp\/v2\/product_tag?post=7948"}],"curies":[{"name":"wp","href":"https:\/\/api.w.org\/{rel}","templated":true}]}}