{"id":7965,"date":"2026-02-15T15:35:33","date_gmt":"2026-02-15T15:35:33","guid":{"rendered":"https:\/\/vitanet.al\/product\/spf50-face-self-tanner-lotion-88ml\/"},"modified":"2026-03-09T15:27:05","modified_gmt":"2026-03-09T15:27:05","slug":"spf50-face-self-tanner-lotion-88ml","status":"publish","type":"product","link":"https:\/\/vitanet.al\/sq\/product\/spf50-face-self-tanner-lotion-88ml\/","title":{"rendered":"SPF50 FACE+ SELF TANNER LOTION 88ML"},"content":{"rendered":"<p>Jepi l\u00ebkur\u00ebs nj\u00eb ngjyr\u00eb t\u00eb bukur e t\u00eb art\u00eb duke u mbrojtur n\u00eb m\u00ebnyr\u00eb t\u00eb p\u00ebrkryer. Kjo formul\u00eb e re p\u00ebr fytyr\u00ebn \u00ebsht\u00eb e pasur me antioksidant\u00eb q\u00eb zvog\u00eblojn\u00eb rrezikun e plakjes s\u00eb parakohshme. Ngjyra e menj\u00ebhershme karamel i jep l\u00ebkur\u00ebs nj\u00eb shk\u00eblqim t\u00eb pasur e t\u00eb art\u00eb p\u00ebr nj\u00eb nuanc\u00eb t\u00eb menj\u00ebhershme. Aroma: Cocoa Dreams. Aplikojeni p\u00ebrpara ekspozimit n\u00eb diell. Riaplikojeni shpesh p\u00ebr t\u00eb ruajtur mbrojtjen, ve\u00e7an\u00ebrisht pas djersitjes, notit ose fshirjes me peshqir.<br \/>\nPaketimi: 88 ml     <\/p>\n","protected":false},"excerpt":{"rendered":"<p>Jepi l\u00ebkur\u00ebs nj\u00eb ngjyr\u00eb t\u00eb bukur e t\u00eb art\u00eb duke u mbrojtur n\u00eb m\u00ebnyr\u00eb t\u00eb p\u00ebrkryer. Kjo formul\u00eb e re p\u00ebr fytyr\u00ebn \u00ebsht\u00eb e pasur me antioksidant\u00eb q\u00eb zvog\u00eblojn\u00eb rrezikun e plakjes s\u00eb parakohshme. Ngjyra e menj\u00ebhershme karamel i jep l\u00ebkur\u00ebs nj\u00eb shk\u00eblqim t\u00eb pasur e t\u00eb art\u00eb p\u00ebr nj\u00eb nuanc\u00eb t\u00eb menj\u00ebhershme. Aroma: Cocoa [&hellip;]<\/p>\n","protected":false},"featured_media":8218,"template":"","meta":[],"product_brand":[],"product_cat":[129,103,119],"product_tag":[],"class_list":{"0":"post-7965","1":"product","2":"type-product","3":"status-publish","4":"has-post-thumbnail","6":"product_cat-australian-gold","7":"product_cat-locion-vete-bronzues","8":"product_cat-markat-tona","10":"first","11":"instock","12":"shipping-taxable","13":"purchasable","14":"product-type-simple"},"yoast_head":"<!-- This site is optimized with the Yoast SEO plugin v27.4 - https:\/\/yoast.com\/product\/yoast-seo-wordpress\/ -->\n<title>SPF50 FACE+ SELF TANNER LOTION 88ML - VITANET ALBANIA<\/title>\n<meta name=\"robots\" content=\"index, follow, max-snippet:-1, max-image-preview:large, max-video-preview:-1\" \/>\n<link rel=\"canonical\" href=\"https:\/\/vitanet.al\/sq\/product\/spf50-face-self-tanner-lotion-88ml\/\" \/>\n<meta property=\"og:locale\" content=\"sq_AL\" \/>\n<meta property=\"og:type\" content=\"article\" \/>\n<meta property=\"og:title\" content=\"SPF50 FACE+ SELF TANNER LOTION 88ML - VITANET ALBANIA\" \/>\n<meta property=\"og:description\" content=\"Jepi l\u00ebkur\u00ebs nj\u00eb ngjyr\u00eb t\u00eb bukur e t\u00eb art\u00eb duke u mbrojtur n\u00eb m\u00ebnyr\u00eb t\u00eb p\u00ebrkryer. Kjo formul\u00eb e re p\u00ebr fytyr\u00ebn \u00ebsht\u00eb e pasur me antioksidant\u00eb q\u00eb zvog\u00eblojn\u00eb rrezikun e plakjes s\u00eb parakohshme. Ngjyra e menj\u00ebhershme karamel i jep l\u00ebkur\u00ebs nj\u00eb shk\u00eblqim t\u00eb pasur e t\u00eb art\u00eb p\u00ebr nj\u00eb nuanc\u00eb t\u00eb menj\u00ebhershme. Aroma: Cocoa [&hellip;]\" \/>\n<meta property=\"og:url\" content=\"https:\/\/vitanet.al\/sq\/product\/spf50-face-self-tanner-lotion-88ml\/\" \/>\n<meta property=\"og:site_name\" content=\"VITANET ALBANIA\" \/>\n<meta property=\"article:modified_time\" content=\"2026-03-09T15:27:05+00:00\" \/>\n<meta property=\"og:image\" content=\"https:\/\/vitanet.al\/wp-content\/uploads\/2026\/02\/ALB_4309-e1773069993962.jpg\" \/>\n\t<meta property=\"og:image:width\" content=\"1080\" \/>\n\t<meta property=\"og:image:height\" content=\"1080\" \/>\n\t<meta property=\"og:image:type\" content=\"image\/jpeg\" \/>\n<meta name=\"twitter:card\" content=\"summary_large_image\" \/>\n<script type=\"application\/ld+json\" class=\"yoast-schema-graph\">{\"@context\":\"https:\\\/\\\/schema.org\",\"@graph\":[{\"@type\":\"WebPage\",\"@id\":\"https:\\\/\\\/vitanet.al\\\/sq\\\/product\\\/spf50-face-self-tanner-lotion-88ml\\\/\",\"url\":\"https:\\\/\\\/vitanet.al\\\/sq\\\/product\\\/spf50-face-self-tanner-lotion-88ml\\\/\",\"name\":\"SPF50 FACE+ SELF TANNER LOTION 88ML - VITANET ALBANIA\",\"isPartOf\":{\"@id\":\"https:\\\/\\\/vitanet.al\\\/sq\\\/#website\"},\"primaryImageOfPage\":{\"@id\":\"https:\\\/\\\/vitanet.al\\\/sq\\\/product\\\/spf50-face-self-tanner-lotion-88ml\\\/#primaryimage\"},\"image\":{\"@id\":\"https:\\\/\\\/vitanet.al\\\/sq\\\/product\\\/spf50-face-self-tanner-lotion-88ml\\\/#primaryimage\"},\"thumbnailUrl\":\"https:\\\/\\\/vitanet.al\\\/wp-content\\\/uploads\\\/2026\\\/02\\\/ALB_4309-e1773069993962.jpg\",\"datePublished\":\"2026-02-15T15:35:33+00:00\",\"dateModified\":\"2026-03-09T15:27:05+00:00\",\"breadcrumb\":{\"@id\":\"https:\\\/\\\/vitanet.al\\\/sq\\\/product\\\/spf50-face-self-tanner-lotion-88ml\\\/#breadcrumb\"},\"inLanguage\":\"sq-AL\",\"potentialAction\":[{\"@type\":\"ReadAction\",\"target\":[\"https:\\\/\\\/vitanet.al\\\/sq\\\/product\\\/spf50-face-self-tanner-lotion-88ml\\\/\"]}]},{\"@type\":\"ImageObject\",\"inLanguage\":\"sq-AL\",\"@id\":\"https:\\\/\\\/vitanet.al\\\/sq\\\/product\\\/spf50-face-self-tanner-lotion-88ml\\\/#primaryimage\",\"url\":\"https:\\\/\\\/vitanet.al\\\/wp-content\\\/uploads\\\/2026\\\/02\\\/ALB_4309-e1773069993962.jpg\",\"contentUrl\":\"https:\\\/\\\/vitanet.al\\\/wp-content\\\/uploads\\\/2026\\\/02\\\/ALB_4309-e1773069993962.jpg\",\"width\":1080,\"height\":1080},{\"@type\":\"BreadcrumbList\",\"@id\":\"https:\\\/\\\/vitanet.al\\\/sq\\\/product\\\/spf50-face-self-tanner-lotion-88ml\\\/#breadcrumb\",\"itemListElement\":[{\"@type\":\"ListItem\",\"position\":1,\"name\":\"Home\",\"item\":\"https:\\\/\\\/vitanet.al\\\/sq\\\/\"},{\"@type\":\"ListItem\",\"position\":2,\"name\":\"Shop\",\"item\":\"https:\\\/\\\/vitanet.al\\\/sq\\\/shop\\\/\"},{\"@type\":\"ListItem\",\"position\":3,\"name\":\"SPF50 FACE+ SELF TANNER LOTION 88ML\"}]},{\"@type\":\"WebSite\",\"@id\":\"https:\\\/\\\/vitanet.al\\\/sq\\\/#website\",\"url\":\"https:\\\/\\\/vitanet.al\\\/sq\\\/\",\"name\":\"VITANET ALBANIA\",\"description\":\"\",\"publisher\":{\"@id\":\"https:\\\/\\\/vitanet.al\\\/sq\\\/#organization\"},\"potentialAction\":[{\"@type\":\"SearchAction\",\"target\":{\"@type\":\"EntryPoint\",\"urlTemplate\":\"https:\\\/\\\/vitanet.al\\\/sq\\\/?s={search_term_string}\"},\"query-input\":{\"@type\":\"PropertyValueSpecification\",\"valueRequired\":true,\"valueName\":\"search_term_string\"}}],\"inLanguage\":\"sq-AL\"},{\"@type\":\"Organization\",\"@id\":\"https:\\\/\\\/vitanet.al\\\/sq\\\/#organization\",\"name\":\"VITANET ALBANIA\",\"url\":\"https:\\\/\\\/vitanet.al\\\/sq\\\/\",\"logo\":{\"@type\":\"ImageObject\",\"inLanguage\":\"sq-AL\",\"@id\":\"https:\\\/\\\/vitanet.al\\\/sq\\\/#\\\/schema\\\/logo\\\/image\\\/\",\"url\":\"https:\\\/\\\/vitanet.al\\\/wp-content\\\/uploads\\\/2022\\\/02\\\/Vitanet_Logo-scaled.webp\",\"contentUrl\":\"https:\\\/\\\/vitanet.al\\\/wp-content\\\/uploads\\\/2022\\\/02\\\/Vitanet_Logo-scaled.webp\",\"width\":2560,\"height\":714,\"caption\":\"VITANET ALBANIA\"},\"image\":{\"@id\":\"https:\\\/\\\/vitanet.al\\\/sq\\\/#\\\/schema\\\/logo\\\/image\\\/\"}}]}<\/script>\n<!-- \/ Yoast SEO plugin. -->","yoast_head_json":{"title":"SPF50 FACE+ SELF TANNER LOTION 88ML - VITANET ALBANIA","robots":{"index":"index","follow":"follow","max-snippet":"max-snippet:-1","max-image-preview":"max-image-preview:large","max-video-preview":"max-video-preview:-1"},"canonical":"https:\/\/vitanet.al\/sq\/product\/spf50-face-self-tanner-lotion-88ml\/","og_locale":"sq_AL","og_type":"article","og_title":"SPF50 FACE+ SELF TANNER LOTION 88ML - VITANET ALBANIA","og_description":"Jepi l\u00ebkur\u00ebs nj\u00eb ngjyr\u00eb t\u00eb bukur e t\u00eb art\u00eb duke u mbrojtur n\u00eb m\u00ebnyr\u00eb t\u00eb p\u00ebrkryer. Kjo formul\u00eb e re p\u00ebr fytyr\u00ebn \u00ebsht\u00eb e pasur me antioksidant\u00eb q\u00eb zvog\u00eblojn\u00eb rrezikun e plakjes s\u00eb parakohshme. Ngjyra e menj\u00ebhershme karamel i jep l\u00ebkur\u00ebs nj\u00eb shk\u00eblqim t\u00eb pasur e t\u00eb art\u00eb p\u00ebr nj\u00eb nuanc\u00eb t\u00eb menj\u00ebhershme. Aroma: Cocoa [&hellip;]","og_url":"https:\/\/vitanet.al\/sq\/product\/spf50-face-self-tanner-lotion-88ml\/","og_site_name":"VITANET ALBANIA","article_modified_time":"2026-03-09T15:27:05+00:00","og_image":[{"width":1080,"height":1080,"url":"https:\/\/vitanet.al\/wp-content\/uploads\/2026\/02\/ALB_4309-e1773069993962.jpg","type":"image\/jpeg"}],"twitter_card":"summary_large_image","schema":{"@context":"https:\/\/schema.org","@graph":[{"@type":"WebPage","@id":"https:\/\/vitanet.al\/sq\/product\/spf50-face-self-tanner-lotion-88ml\/","url":"https:\/\/vitanet.al\/sq\/product\/spf50-face-self-tanner-lotion-88ml\/","name":"SPF50 FACE+ SELF TANNER LOTION 88ML - VITANET ALBANIA","isPartOf":{"@id":"https:\/\/vitanet.al\/sq\/#website"},"primaryImageOfPage":{"@id":"https:\/\/vitanet.al\/sq\/product\/spf50-face-self-tanner-lotion-88ml\/#primaryimage"},"image":{"@id":"https:\/\/vitanet.al\/sq\/product\/spf50-face-self-tanner-lotion-88ml\/#primaryimage"},"thumbnailUrl":"https:\/\/vitanet.al\/wp-content\/uploads\/2026\/02\/ALB_4309-e1773069993962.jpg","datePublished":"2026-02-15T15:35:33+00:00","dateModified":"2026-03-09T15:27:05+00:00","breadcrumb":{"@id":"https:\/\/vitanet.al\/sq\/product\/spf50-face-self-tanner-lotion-88ml\/#breadcrumb"},"inLanguage":"sq-AL","potentialAction":[{"@type":"ReadAction","target":["https:\/\/vitanet.al\/sq\/product\/spf50-face-self-tanner-lotion-88ml\/"]}]},{"@type":"ImageObject","inLanguage":"sq-AL","@id":"https:\/\/vitanet.al\/sq\/product\/spf50-face-self-tanner-lotion-88ml\/#primaryimage","url":"https:\/\/vitanet.al\/wp-content\/uploads\/2026\/02\/ALB_4309-e1773069993962.jpg","contentUrl":"https:\/\/vitanet.al\/wp-content\/uploads\/2026\/02\/ALB_4309-e1773069993962.jpg","width":1080,"height":1080},{"@type":"BreadcrumbList","@id":"https:\/\/vitanet.al\/sq\/product\/spf50-face-self-tanner-lotion-88ml\/#breadcrumb","itemListElement":[{"@type":"ListItem","position":1,"name":"Home","item":"https:\/\/vitanet.al\/sq\/"},{"@type":"ListItem","position":2,"name":"Shop","item":"https:\/\/vitanet.al\/sq\/shop\/"},{"@type":"ListItem","position":3,"name":"SPF50 FACE+ SELF TANNER LOTION 88ML"}]},{"@type":"WebSite","@id":"https:\/\/vitanet.al\/sq\/#website","url":"https:\/\/vitanet.al\/sq\/","name":"VITANET ALBANIA","description":"","publisher":{"@id":"https:\/\/vitanet.al\/sq\/#organization"},"potentialAction":[{"@type":"SearchAction","target":{"@type":"EntryPoint","urlTemplate":"https:\/\/vitanet.al\/sq\/?s={search_term_string}"},"query-input":{"@type":"PropertyValueSpecification","valueRequired":true,"valueName":"search_term_string"}}],"inLanguage":"sq-AL"},{"@type":"Organization","@id":"https:\/\/vitanet.al\/sq\/#organization","name":"VITANET ALBANIA","url":"https:\/\/vitanet.al\/sq\/","logo":{"@type":"ImageObject","inLanguage":"sq-AL","@id":"https:\/\/vitanet.al\/sq\/#\/schema\/logo\/image\/","url":"https:\/\/vitanet.al\/wp-content\/uploads\/2022\/02\/Vitanet_Logo-scaled.webp","contentUrl":"https:\/\/vitanet.al\/wp-content\/uploads\/2022\/02\/Vitanet_Logo-scaled.webp","width":2560,"height":714,"caption":"VITANET ALBANIA"},"image":{"@id":"https:\/\/vitanet.al\/sq\/#\/schema\/logo\/image\/"}}]}},"_links":{"self":[{"href":"https:\/\/vitanet.al\/sq\/wp-json\/wp\/v2\/product\/7965","targetHints":{"allow":["GET"]}}],"collection":[{"href":"https:\/\/vitanet.al\/sq\/wp-json\/wp\/v2\/product"}],"about":[{"href":"https:\/\/vitanet.al\/sq\/wp-json\/wp\/v2\/types\/product"}],"version-history":[{"count":1,"href":"https:\/\/vitanet.al\/sq\/wp-json\/wp\/v2\/product\/7965\/revisions"}],"predecessor-version":[{"id":7966,"href":"https:\/\/vitanet.al\/sq\/wp-json\/wp\/v2\/product\/7965\/revisions\/7966"}],"wp:featuredmedia":[{"embeddable":true,"href":"https:\/\/vitanet.al\/sq\/wp-json\/wp\/v2\/media\/8218"}],"wp:attachment":[{"href":"https:\/\/vitanet.al\/sq\/wp-json\/wp\/v2\/media?parent=7965"}],"wp:term":[{"taxonomy":"product_brand","embeddable":true,"href":"https:\/\/vitanet.al\/sq\/wp-json\/wp\/v2\/product_brand?post=7965"},{"taxonomy":"product_cat","embeddable":true,"href":"https:\/\/vitanet.al\/sq\/wp-json\/wp\/v2\/product_cat?post=7965"},{"taxonomy":"product_tag","embeddable":true,"href":"https:\/\/vitanet.al\/sq\/wp-json\/wp\/v2\/product_tag?post=7965"}],"curies":[{"name":"wp","href":"https:\/\/api.w.org\/{rel}","templated":true}]}}