{"id":8002,"date":"2026-02-15T15:36:04","date_gmt":"2026-02-15T15:36:04","guid":{"rendered":"https:\/\/vitanet.al\/product\/australian-gold-botanical-spf50-locion-mineral-me-ngjyre-per-fytyren-medium-tan-89-ml\/"},"modified":"2026-03-09T15:23:57","modified_gmt":"2026-03-09T15:23:57","slug":"australian-gold-botanical-spf50-locion-mineral-me-ngjyre-per-fytyren-medium-tan-89-ml","status":"publish","type":"product","link":"https:\/\/vitanet.al\/sq\/product\/australian-gold-botanical-spf50-locion-mineral-me-ngjyre-per-fytyren-medium-tan-89-ml\/","title":{"rendered":"AUSTRALIAN GOLD BOTANICAL SPF50 TINTED FACE MINERAL LOTION &#8211; MEDIUM TAN 89 ML"},"content":{"rendered":"<p>Australian Gold\u00ae Botanical SPF 50 Tinted Face Mineral Lotion \u00ebsht\u00eb m\u00eb shum\u00eb se thjesht mbrojtje e fuqishme nga dielli &#8211; \u00ebsht\u00eb kujdes i but\u00eb p\u00ebr l\u00ebkur\u00ebn t\u00ebnde. Ky locion mbrojt\u00ebs jo-kimik ofron nj\u00eb ndjesi freskie luksoze dhe t\u00eb past\u00ebr, nd\u00ebrsa nuanca delikate p\u00ebrshtatet plot\u00ebsisht me tonet e l\u00ebkur\u00ebs nga mesatare n\u00eb t\u00eb err\u00ebt. I krijuar posa\u00e7\u00ebrisht p\u00ebr l\u00ebkur\u00ebn e ndjeshme t\u00eb fytyr\u00ebs, ky krem BB nuk bllokon poret dhe \u00ebsht\u00eb pa arom\u00eb. I pasur me vitamina dhe antioksidant\u00eb nga p\u00ebrb\u00ebr\u00ebs botanik\u00eb australian\u00eb, t\u00eb lejon t\u00eb shijosh diellin i mbrojtur nga rrezet UVA dhe UVB, si dhe \u00ebsht\u00eb rezistent ndaj ujit deri n\u00eb 80 minuta.<br \/>\nPaketimi: 89 ml   <\/p>\n","protected":false},"excerpt":{"rendered":"<p>Australian Gold\u00ae Botanical SPF 50 Tinted Face Mineral Lotion \u00ebsht\u00eb m\u00eb shum\u00eb se thjesht mbrojtje e fuqishme nga dielli &#8211; \u00ebsht\u00eb kujdes i but\u00eb p\u00ebr l\u00ebkur\u00ebn t\u00ebnde. Ky locion mbrojt\u00ebs jo-kimik ofron nj\u00eb ndjesi freskie luksoze dhe t\u00eb past\u00ebr, nd\u00ebrsa nuanca delikate p\u00ebrshtatet plot\u00ebsisht me tonet e l\u00ebkur\u00ebs nga mesatare n\u00eb t\u00eb err\u00ebt. I krijuar [&hellip;]<\/p>\n","protected":false},"featured_media":8207,"template":"","meta":[],"product_brand":[],"product_cat":[129,103,119],"product_tag":[],"class_list":{"0":"post-8002","1":"product","2":"type-product","3":"status-publish","4":"has-post-thumbnail","6":"product_cat-australian-gold","7":"product_cat-locion-vete-bronzues","8":"product_cat-markat-tona","10":"first","11":"instock","12":"shipping-taxable","13":"purchasable","14":"product-type-simple"},"yoast_head":"<!-- This site is optimized with the Yoast SEO plugin v27.4 - https:\/\/yoast.com\/product\/yoast-seo-wordpress\/ -->\n<title>AUSTRALIAN GOLD BOTANICAL SPF50 TINTED FACE MINERAL LOTION - MEDIUM TAN 89 ML - VITANET ALBANIA<\/title>\n<meta name=\"robots\" content=\"index, follow, max-snippet:-1, max-image-preview:large, max-video-preview:-1\" \/>\n<link rel=\"canonical\" href=\"https:\/\/vitanet.al\/sq\/product\/australian-gold-botanical-spf50-locion-mineral-me-ngjyre-per-fytyren-medium-tan-89-ml\/\" \/>\n<meta property=\"og:locale\" content=\"sq_AL\" \/>\n<meta property=\"og:type\" content=\"article\" \/>\n<meta property=\"og:title\" content=\"AUSTRALIAN GOLD BOTANICAL SPF50 TINTED FACE MINERAL LOTION - MEDIUM TAN 89 ML - VITANET ALBANIA\" \/>\n<meta property=\"og:description\" content=\"Australian Gold\u00ae Botanical SPF 50 Tinted Face Mineral Lotion \u00ebsht\u00eb m\u00eb shum\u00eb se thjesht mbrojtje e fuqishme nga dielli &#8211; \u00ebsht\u00eb kujdes i but\u00eb p\u00ebr l\u00ebkur\u00ebn t\u00ebnde. Ky locion mbrojt\u00ebs jo-kimik ofron nj\u00eb ndjesi freskie luksoze dhe t\u00eb past\u00ebr, nd\u00ebrsa nuanca delikate p\u00ebrshtatet plot\u00ebsisht me tonet e l\u00ebkur\u00ebs nga mesatare n\u00eb t\u00eb err\u00ebt. I krijuar [&hellip;]\" \/>\n<meta property=\"og:url\" content=\"https:\/\/vitanet.al\/sq\/product\/australian-gold-botanical-spf50-locion-mineral-me-ngjyre-per-fytyren-medium-tan-89-ml\/\" \/>\n<meta property=\"og:site_name\" content=\"VITANET ALBANIA\" \/>\n<meta property=\"article:modified_time\" content=\"2026-03-09T15:23:57+00:00\" \/>\n<meta property=\"og:image\" content=\"https:\/\/vitanet.al\/wp-content\/uploads\/2026\/02\/ALB_4314-e1773069676203.jpg\" \/>\n\t<meta property=\"og:image:width\" content=\"1080\" \/>\n\t<meta property=\"og:image:height\" content=\"1080\" \/>\n\t<meta property=\"og:image:type\" content=\"image\/jpeg\" \/>\n<meta name=\"twitter:card\" content=\"summary_large_image\" \/>\n<meta name=\"twitter:label1\" content=\"Est. reading time\" \/>\n\t<meta name=\"twitter:data1\" content=\"1 minute\" \/>\n<script type=\"application\/ld+json\" class=\"yoast-schema-graph\">{\"@context\":\"https:\\\/\\\/schema.org\",\"@graph\":[{\"@type\":\"WebPage\",\"@id\":\"https:\\\/\\\/vitanet.al\\\/sq\\\/product\\\/australian-gold-botanical-spf50-locion-mineral-me-ngjyre-per-fytyren-medium-tan-89-ml\\\/\",\"url\":\"https:\\\/\\\/vitanet.al\\\/sq\\\/product\\\/australian-gold-botanical-spf50-locion-mineral-me-ngjyre-per-fytyren-medium-tan-89-ml\\\/\",\"name\":\"AUSTRALIAN GOLD BOTANICAL SPF50 TINTED FACE MINERAL LOTION - MEDIUM TAN 89 ML - VITANET ALBANIA\",\"isPartOf\":{\"@id\":\"https:\\\/\\\/vitanet.al\\\/sq\\\/#website\"},\"primaryImageOfPage\":{\"@id\":\"https:\\\/\\\/vitanet.al\\\/sq\\\/product\\\/australian-gold-botanical-spf50-locion-mineral-me-ngjyre-per-fytyren-medium-tan-89-ml\\\/#primaryimage\"},\"image\":{\"@id\":\"https:\\\/\\\/vitanet.al\\\/sq\\\/product\\\/australian-gold-botanical-spf50-locion-mineral-me-ngjyre-per-fytyren-medium-tan-89-ml\\\/#primaryimage\"},\"thumbnailUrl\":\"https:\\\/\\\/vitanet.al\\\/wp-content\\\/uploads\\\/2026\\\/02\\\/ALB_4314-e1773069676203.jpg\",\"datePublished\":\"2026-02-15T15:36:04+00:00\",\"dateModified\":\"2026-03-09T15:23:57+00:00\",\"breadcrumb\":{\"@id\":\"https:\\\/\\\/vitanet.al\\\/sq\\\/product\\\/australian-gold-botanical-spf50-locion-mineral-me-ngjyre-per-fytyren-medium-tan-89-ml\\\/#breadcrumb\"},\"inLanguage\":\"sq-AL\",\"potentialAction\":[{\"@type\":\"ReadAction\",\"target\":[\"https:\\\/\\\/vitanet.al\\\/sq\\\/product\\\/australian-gold-botanical-spf50-locion-mineral-me-ngjyre-per-fytyren-medium-tan-89-ml\\\/\"]}]},{\"@type\":\"ImageObject\",\"inLanguage\":\"sq-AL\",\"@id\":\"https:\\\/\\\/vitanet.al\\\/sq\\\/product\\\/australian-gold-botanical-spf50-locion-mineral-me-ngjyre-per-fytyren-medium-tan-89-ml\\\/#primaryimage\",\"url\":\"https:\\\/\\\/vitanet.al\\\/wp-content\\\/uploads\\\/2026\\\/02\\\/ALB_4314-e1773069676203.jpg\",\"contentUrl\":\"https:\\\/\\\/vitanet.al\\\/wp-content\\\/uploads\\\/2026\\\/02\\\/ALB_4314-e1773069676203.jpg\",\"width\":1080,\"height\":1080},{\"@type\":\"BreadcrumbList\",\"@id\":\"https:\\\/\\\/vitanet.al\\\/sq\\\/product\\\/australian-gold-botanical-spf50-locion-mineral-me-ngjyre-per-fytyren-medium-tan-89-ml\\\/#breadcrumb\",\"itemListElement\":[{\"@type\":\"ListItem\",\"position\":1,\"name\":\"Home\",\"item\":\"https:\\\/\\\/vitanet.al\\\/sq\\\/\"},{\"@type\":\"ListItem\",\"position\":2,\"name\":\"Shop\",\"item\":\"https:\\\/\\\/vitanet.al\\\/sq\\\/shop\\\/\"},{\"@type\":\"ListItem\",\"position\":3,\"name\":\"AUSTRALIAN GOLD BOTANICAL SPF50 TINTED FACE MINERAL LOTION &#8211; MEDIUM TAN 89 ML\"}]},{\"@type\":\"WebSite\",\"@id\":\"https:\\\/\\\/vitanet.al\\\/sq\\\/#website\",\"url\":\"https:\\\/\\\/vitanet.al\\\/sq\\\/\",\"name\":\"VITANET ALBANIA\",\"description\":\"\",\"publisher\":{\"@id\":\"https:\\\/\\\/vitanet.al\\\/sq\\\/#organization\"},\"potentialAction\":[{\"@type\":\"SearchAction\",\"target\":{\"@type\":\"EntryPoint\",\"urlTemplate\":\"https:\\\/\\\/vitanet.al\\\/sq\\\/?s={search_term_string}\"},\"query-input\":{\"@type\":\"PropertyValueSpecification\",\"valueRequired\":true,\"valueName\":\"search_term_string\"}}],\"inLanguage\":\"sq-AL\"},{\"@type\":\"Organization\",\"@id\":\"https:\\\/\\\/vitanet.al\\\/sq\\\/#organization\",\"name\":\"VITANET ALBANIA\",\"url\":\"https:\\\/\\\/vitanet.al\\\/sq\\\/\",\"logo\":{\"@type\":\"ImageObject\",\"inLanguage\":\"sq-AL\",\"@id\":\"https:\\\/\\\/vitanet.al\\\/sq\\\/#\\\/schema\\\/logo\\\/image\\\/\",\"url\":\"https:\\\/\\\/vitanet.al\\\/wp-content\\\/uploads\\\/2022\\\/02\\\/Vitanet_Logo-scaled.webp\",\"contentUrl\":\"https:\\\/\\\/vitanet.al\\\/wp-content\\\/uploads\\\/2022\\\/02\\\/Vitanet_Logo-scaled.webp\",\"width\":2560,\"height\":714,\"caption\":\"VITANET ALBANIA\"},\"image\":{\"@id\":\"https:\\\/\\\/vitanet.al\\\/sq\\\/#\\\/schema\\\/logo\\\/image\\\/\"}}]}<\/script>\n<!-- \/ Yoast SEO plugin. -->","yoast_head_json":{"title":"AUSTRALIAN GOLD BOTANICAL SPF50 TINTED FACE MINERAL LOTION - MEDIUM TAN 89 ML - VITANET ALBANIA","robots":{"index":"index","follow":"follow","max-snippet":"max-snippet:-1","max-image-preview":"max-image-preview:large","max-video-preview":"max-video-preview:-1"},"canonical":"https:\/\/vitanet.al\/sq\/product\/australian-gold-botanical-spf50-locion-mineral-me-ngjyre-per-fytyren-medium-tan-89-ml\/","og_locale":"sq_AL","og_type":"article","og_title":"AUSTRALIAN GOLD BOTANICAL SPF50 TINTED FACE MINERAL LOTION - MEDIUM TAN 89 ML - VITANET ALBANIA","og_description":"Australian Gold\u00ae Botanical SPF 50 Tinted Face Mineral Lotion \u00ebsht\u00eb m\u00eb shum\u00eb se thjesht mbrojtje e fuqishme nga dielli &#8211; \u00ebsht\u00eb kujdes i but\u00eb p\u00ebr l\u00ebkur\u00ebn t\u00ebnde. Ky locion mbrojt\u00ebs jo-kimik ofron nj\u00eb ndjesi freskie luksoze dhe t\u00eb past\u00ebr, nd\u00ebrsa nuanca delikate p\u00ebrshtatet plot\u00ebsisht me tonet e l\u00ebkur\u00ebs nga mesatare n\u00eb t\u00eb err\u00ebt. I krijuar [&hellip;]","og_url":"https:\/\/vitanet.al\/sq\/product\/australian-gold-botanical-spf50-locion-mineral-me-ngjyre-per-fytyren-medium-tan-89-ml\/","og_site_name":"VITANET ALBANIA","article_modified_time":"2026-03-09T15:23:57+00:00","og_image":[{"width":1080,"height":1080,"url":"https:\/\/vitanet.al\/wp-content\/uploads\/2026\/02\/ALB_4314-e1773069676203.jpg","type":"image\/jpeg"}],"twitter_card":"summary_large_image","twitter_misc":{"Est. reading time":"1 minute"},"schema":{"@context":"https:\/\/schema.org","@graph":[{"@type":"WebPage","@id":"https:\/\/vitanet.al\/sq\/product\/australian-gold-botanical-spf50-locion-mineral-me-ngjyre-per-fytyren-medium-tan-89-ml\/","url":"https:\/\/vitanet.al\/sq\/product\/australian-gold-botanical-spf50-locion-mineral-me-ngjyre-per-fytyren-medium-tan-89-ml\/","name":"AUSTRALIAN GOLD BOTANICAL SPF50 TINTED FACE MINERAL LOTION - MEDIUM TAN 89 ML - VITANET ALBANIA","isPartOf":{"@id":"https:\/\/vitanet.al\/sq\/#website"},"primaryImageOfPage":{"@id":"https:\/\/vitanet.al\/sq\/product\/australian-gold-botanical-spf50-locion-mineral-me-ngjyre-per-fytyren-medium-tan-89-ml\/#primaryimage"},"image":{"@id":"https:\/\/vitanet.al\/sq\/product\/australian-gold-botanical-spf50-locion-mineral-me-ngjyre-per-fytyren-medium-tan-89-ml\/#primaryimage"},"thumbnailUrl":"https:\/\/vitanet.al\/wp-content\/uploads\/2026\/02\/ALB_4314-e1773069676203.jpg","datePublished":"2026-02-15T15:36:04+00:00","dateModified":"2026-03-09T15:23:57+00:00","breadcrumb":{"@id":"https:\/\/vitanet.al\/sq\/product\/australian-gold-botanical-spf50-locion-mineral-me-ngjyre-per-fytyren-medium-tan-89-ml\/#breadcrumb"},"inLanguage":"sq-AL","potentialAction":[{"@type":"ReadAction","target":["https:\/\/vitanet.al\/sq\/product\/australian-gold-botanical-spf50-locion-mineral-me-ngjyre-per-fytyren-medium-tan-89-ml\/"]}]},{"@type":"ImageObject","inLanguage":"sq-AL","@id":"https:\/\/vitanet.al\/sq\/product\/australian-gold-botanical-spf50-locion-mineral-me-ngjyre-per-fytyren-medium-tan-89-ml\/#primaryimage","url":"https:\/\/vitanet.al\/wp-content\/uploads\/2026\/02\/ALB_4314-e1773069676203.jpg","contentUrl":"https:\/\/vitanet.al\/wp-content\/uploads\/2026\/02\/ALB_4314-e1773069676203.jpg","width":1080,"height":1080},{"@type":"BreadcrumbList","@id":"https:\/\/vitanet.al\/sq\/product\/australian-gold-botanical-spf50-locion-mineral-me-ngjyre-per-fytyren-medium-tan-89-ml\/#breadcrumb","itemListElement":[{"@type":"ListItem","position":1,"name":"Home","item":"https:\/\/vitanet.al\/sq\/"},{"@type":"ListItem","position":2,"name":"Shop","item":"https:\/\/vitanet.al\/sq\/shop\/"},{"@type":"ListItem","position":3,"name":"AUSTRALIAN GOLD BOTANICAL SPF50 TINTED FACE MINERAL LOTION &#8211; MEDIUM TAN 89 ML"}]},{"@type":"WebSite","@id":"https:\/\/vitanet.al\/sq\/#website","url":"https:\/\/vitanet.al\/sq\/","name":"VITANET ALBANIA","description":"","publisher":{"@id":"https:\/\/vitanet.al\/sq\/#organization"},"potentialAction":[{"@type":"SearchAction","target":{"@type":"EntryPoint","urlTemplate":"https:\/\/vitanet.al\/sq\/?s={search_term_string}"},"query-input":{"@type":"PropertyValueSpecification","valueRequired":true,"valueName":"search_term_string"}}],"inLanguage":"sq-AL"},{"@type":"Organization","@id":"https:\/\/vitanet.al\/sq\/#organization","name":"VITANET ALBANIA","url":"https:\/\/vitanet.al\/sq\/","logo":{"@type":"ImageObject","inLanguage":"sq-AL","@id":"https:\/\/vitanet.al\/sq\/#\/schema\/logo\/image\/","url":"https:\/\/vitanet.al\/wp-content\/uploads\/2022\/02\/Vitanet_Logo-scaled.webp","contentUrl":"https:\/\/vitanet.al\/wp-content\/uploads\/2022\/02\/Vitanet_Logo-scaled.webp","width":2560,"height":714,"caption":"VITANET ALBANIA"},"image":{"@id":"https:\/\/vitanet.al\/sq\/#\/schema\/logo\/image\/"}}]}},"_links":{"self":[{"href":"https:\/\/vitanet.al\/sq\/wp-json\/wp\/v2\/product\/8002","targetHints":{"allow":["GET"]}}],"collection":[{"href":"https:\/\/vitanet.al\/sq\/wp-json\/wp\/v2\/product"}],"about":[{"href":"https:\/\/vitanet.al\/sq\/wp-json\/wp\/v2\/types\/product"}],"version-history":[{"count":1,"href":"https:\/\/vitanet.al\/sq\/wp-json\/wp\/v2\/product\/8002\/revisions"}],"predecessor-version":[{"id":8213,"href":"https:\/\/vitanet.al\/sq\/wp-json\/wp\/v2\/product\/8002\/revisions\/8213"}],"wp:featuredmedia":[{"embeddable":true,"href":"https:\/\/vitanet.al\/sq\/wp-json\/wp\/v2\/media\/8207"}],"wp:attachment":[{"href":"https:\/\/vitanet.al\/sq\/wp-json\/wp\/v2\/media?parent=8002"}],"wp:term":[{"taxonomy":"product_brand","embeddable":true,"href":"https:\/\/vitanet.al\/sq\/wp-json\/wp\/v2\/product_brand?post=8002"},{"taxonomy":"product_cat","embeddable":true,"href":"https:\/\/vitanet.al\/sq\/wp-json\/wp\/v2\/product_cat?post=8002"},{"taxonomy":"product_tag","embeddable":true,"href":"https:\/\/vitanet.al\/sq\/wp-json\/wp\/v2\/product_tag?post=8002"}],"curies":[{"name":"wp","href":"https:\/\/api.w.org\/{rel}","templated":true}]}}