{"id":8009,"date":"2026-02-15T15:36:49","date_gmt":"2026-02-15T15:36:49","guid":{"rendered":"https:\/\/vitanet.al\/product\/australian-gold-spf30-balsam-per-buzet-4-2gr\/"},"modified":"2026-03-05T14:09:57","modified_gmt":"2026-03-05T14:09:57","slug":"australian-gold-spf30-balsam-per-buzet-4-2gr","status":"publish","type":"product","link":"https:\/\/vitanet.al\/sq\/product\/australian-gold-spf30-balsam-per-buzet-4-2gr\/","title":{"rendered":"AUSTRALIAN GOLD SPF30 BALSAM P\u00cbR BUZ\u00cbT 4.2GR"},"content":{"rendered":"<p>Mbro dhe hidrato buz\u00ebt me balsamin Australian Gold\u00ae SPF 30. I pasur me antioksidant\u00eb, me shije kokosi. Pa gluten. Aplikoje para ekspozimit n\u00eb diell. Riaplikoje shpesh p\u00ebr t\u00eb ruajtur mbrojtjen, sidomos pas djersitjes, notit ose fshirjes me peshqir.<br \/>\nPaketimi: stick 4,2 g    <\/p>\n","protected":false},"excerpt":{"rendered":"<p>Mbro dhe hidrato buz\u00ebt me balsamin Australian Gold\u00ae SPF 30. I pasur me antioksidant\u00eb, me shije kokosi. Pa gluten. Aplikoje para ekspozimit n\u00eb diell. Riaplikoje shpesh p\u00ebr t\u00eb ruajtur mbrojtjen, sidomos pas djersitjes, notit ose fshirjes me peshqir. Paketimi: stick 4,2 g<\/p>\n","protected":false},"featured_media":8205,"template":"","meta":[],"product_brand":[],"product_cat":[129,103,119],"product_tag":[],"class_list":{"0":"post-8009","1":"product","2":"type-product","3":"status-publish","4":"has-post-thumbnail","6":"product_cat-australian-gold","7":"product_cat-locion-vete-bronzues","8":"product_cat-markat-tona","10":"first","11":"instock","12":"shipping-taxable","13":"purchasable","14":"product-type-simple"},"yoast_head":"<!-- This site is optimized with the Yoast SEO plugin v27.4 - https:\/\/yoast.com\/product\/yoast-seo-wordpress\/ -->\n<title>AUSTRALIAN GOLD SPF30 BALSAM P\u00cbR BUZ\u00cbT 4.2GR - VITANET ALBANIA<\/title>\n<meta name=\"robots\" content=\"index, follow, max-snippet:-1, max-image-preview:large, max-video-preview:-1\" \/>\n<link rel=\"canonical\" href=\"https:\/\/vitanet.al\/sq\/product\/australian-gold-spf30-balsam-per-buzet-4-2gr\/\" \/>\n<meta property=\"og:locale\" content=\"sq_AL\" \/>\n<meta property=\"og:type\" content=\"article\" \/>\n<meta property=\"og:title\" content=\"AUSTRALIAN GOLD SPF30 BALSAM P\u00cbR BUZ\u00cbT 4.2GR - VITANET ALBANIA\" \/>\n<meta property=\"og:description\" content=\"Mbro dhe hidrato buz\u00ebt me balsamin Australian Gold\u00ae SPF 30. I pasur me antioksidant\u00eb, me shije kokosi. Pa gluten. Aplikoje para ekspozimit n\u00eb diell. Riaplikoje shpesh p\u00ebr t\u00eb ruajtur mbrojtjen, sidomos pas djersitjes, notit ose fshirjes me peshqir. Paketimi: stick 4,2 g\" \/>\n<meta property=\"og:url\" content=\"https:\/\/vitanet.al\/sq\/product\/australian-gold-spf30-balsam-per-buzet-4-2gr\/\" \/>\n<meta property=\"og:site_name\" content=\"VITANET ALBANIA\" \/>\n<meta property=\"article:modified_time\" content=\"2026-03-05T14:09:57+00:00\" \/>\n<meta property=\"og:image\" content=\"https:\/\/vitanet.al\/wp-content\/uploads\/2026\/02\/ALB_4320-1-e1773069525484.jpg\" \/>\n\t<meta property=\"og:image:width\" content=\"1080\" \/>\n\t<meta property=\"og:image:height\" content=\"1080\" \/>\n\t<meta property=\"og:image:type\" content=\"image\/jpeg\" \/>\n<meta name=\"twitter:card\" content=\"summary_large_image\" \/>\n<script type=\"application\/ld+json\" class=\"yoast-schema-graph\">{\"@context\":\"https:\\\/\\\/schema.org\",\"@graph\":[{\"@type\":\"WebPage\",\"@id\":\"https:\\\/\\\/vitanet.al\\\/sq\\\/product\\\/australian-gold-spf30-balsam-per-buzet-4-2gr\\\/\",\"url\":\"https:\\\/\\\/vitanet.al\\\/sq\\\/product\\\/australian-gold-spf30-balsam-per-buzet-4-2gr\\\/\",\"name\":\"AUSTRALIAN GOLD SPF30 BALSAM P\u00cbR BUZ\u00cbT 4.2GR - VITANET ALBANIA\",\"isPartOf\":{\"@id\":\"https:\\\/\\\/vitanet.al\\\/sq\\\/#website\"},\"primaryImageOfPage\":{\"@id\":\"https:\\\/\\\/vitanet.al\\\/sq\\\/product\\\/australian-gold-spf30-balsam-per-buzet-4-2gr\\\/#primaryimage\"},\"image\":{\"@id\":\"https:\\\/\\\/vitanet.al\\\/sq\\\/product\\\/australian-gold-spf30-balsam-per-buzet-4-2gr\\\/#primaryimage\"},\"thumbnailUrl\":\"https:\\\/\\\/vitanet.al\\\/wp-content\\\/uploads\\\/2026\\\/02\\\/ALB_4320-1-e1773069525484.jpg\",\"datePublished\":\"2026-02-15T15:36:49+00:00\",\"dateModified\":\"2026-03-05T14:09:57+00:00\",\"breadcrumb\":{\"@id\":\"https:\\\/\\\/vitanet.al\\\/sq\\\/product\\\/australian-gold-spf30-balsam-per-buzet-4-2gr\\\/#breadcrumb\"},\"inLanguage\":\"sq-AL\",\"potentialAction\":[{\"@type\":\"ReadAction\",\"target\":[\"https:\\\/\\\/vitanet.al\\\/sq\\\/product\\\/australian-gold-spf30-balsam-per-buzet-4-2gr\\\/\"]}]},{\"@type\":\"ImageObject\",\"inLanguage\":\"sq-AL\",\"@id\":\"https:\\\/\\\/vitanet.al\\\/sq\\\/product\\\/australian-gold-spf30-balsam-per-buzet-4-2gr\\\/#primaryimage\",\"url\":\"https:\\\/\\\/vitanet.al\\\/wp-content\\\/uploads\\\/2026\\\/02\\\/ALB_4320-1-e1773069525484.jpg\",\"contentUrl\":\"https:\\\/\\\/vitanet.al\\\/wp-content\\\/uploads\\\/2026\\\/02\\\/ALB_4320-1-e1773069525484.jpg\",\"width\":1080,\"height\":1080},{\"@type\":\"BreadcrumbList\",\"@id\":\"https:\\\/\\\/vitanet.al\\\/sq\\\/product\\\/australian-gold-spf30-balsam-per-buzet-4-2gr\\\/#breadcrumb\",\"itemListElement\":[{\"@type\":\"ListItem\",\"position\":1,\"name\":\"Home\",\"item\":\"https:\\\/\\\/vitanet.al\\\/sq\\\/\"},{\"@type\":\"ListItem\",\"position\":2,\"name\":\"Shop\",\"item\":\"https:\\\/\\\/vitanet.al\\\/sq\\\/shop\\\/\"},{\"@type\":\"ListItem\",\"position\":3,\"name\":\"AUSTRALIAN GOLD SPF30 BALSAM P\u00cbR BUZ\u00cbT 4.2GR\"}]},{\"@type\":\"WebSite\",\"@id\":\"https:\\\/\\\/vitanet.al\\\/sq\\\/#website\",\"url\":\"https:\\\/\\\/vitanet.al\\\/sq\\\/\",\"name\":\"VITANET ALBANIA\",\"description\":\"\",\"publisher\":{\"@id\":\"https:\\\/\\\/vitanet.al\\\/sq\\\/#organization\"},\"potentialAction\":[{\"@type\":\"SearchAction\",\"target\":{\"@type\":\"EntryPoint\",\"urlTemplate\":\"https:\\\/\\\/vitanet.al\\\/sq\\\/?s={search_term_string}\"},\"query-input\":{\"@type\":\"PropertyValueSpecification\",\"valueRequired\":true,\"valueName\":\"search_term_string\"}}],\"inLanguage\":\"sq-AL\"},{\"@type\":\"Organization\",\"@id\":\"https:\\\/\\\/vitanet.al\\\/sq\\\/#organization\",\"name\":\"VITANET ALBANIA\",\"url\":\"https:\\\/\\\/vitanet.al\\\/sq\\\/\",\"logo\":{\"@type\":\"ImageObject\",\"inLanguage\":\"sq-AL\",\"@id\":\"https:\\\/\\\/vitanet.al\\\/sq\\\/#\\\/schema\\\/logo\\\/image\\\/\",\"url\":\"https:\\\/\\\/vitanet.al\\\/wp-content\\\/uploads\\\/2022\\\/02\\\/Vitanet_Logo-scaled.webp\",\"contentUrl\":\"https:\\\/\\\/vitanet.al\\\/wp-content\\\/uploads\\\/2022\\\/02\\\/Vitanet_Logo-scaled.webp\",\"width\":2560,\"height\":714,\"caption\":\"VITANET ALBANIA\"},\"image\":{\"@id\":\"https:\\\/\\\/vitanet.al\\\/sq\\\/#\\\/schema\\\/logo\\\/image\\\/\"}}]}<\/script>\n<!-- \/ Yoast SEO plugin. -->","yoast_head_json":{"title":"AUSTRALIAN GOLD SPF30 BALSAM P\u00cbR BUZ\u00cbT 4.2GR - VITANET ALBANIA","robots":{"index":"index","follow":"follow","max-snippet":"max-snippet:-1","max-image-preview":"max-image-preview:large","max-video-preview":"max-video-preview:-1"},"canonical":"https:\/\/vitanet.al\/sq\/product\/australian-gold-spf30-balsam-per-buzet-4-2gr\/","og_locale":"sq_AL","og_type":"article","og_title":"AUSTRALIAN GOLD SPF30 BALSAM P\u00cbR BUZ\u00cbT 4.2GR - VITANET ALBANIA","og_description":"Mbro dhe hidrato buz\u00ebt me balsamin Australian Gold\u00ae SPF 30. I pasur me antioksidant\u00eb, me shije kokosi. Pa gluten. Aplikoje para ekspozimit n\u00eb diell. Riaplikoje shpesh p\u00ebr t\u00eb ruajtur mbrojtjen, sidomos pas djersitjes, notit ose fshirjes me peshqir. Paketimi: stick 4,2 g","og_url":"https:\/\/vitanet.al\/sq\/product\/australian-gold-spf30-balsam-per-buzet-4-2gr\/","og_site_name":"VITANET ALBANIA","article_modified_time":"2026-03-05T14:09:57+00:00","og_image":[{"width":1080,"height":1080,"url":"https:\/\/vitanet.al\/wp-content\/uploads\/2026\/02\/ALB_4320-1-e1773069525484.jpg","type":"image\/jpeg"}],"twitter_card":"summary_large_image","schema":{"@context":"https:\/\/schema.org","@graph":[{"@type":"WebPage","@id":"https:\/\/vitanet.al\/sq\/product\/australian-gold-spf30-balsam-per-buzet-4-2gr\/","url":"https:\/\/vitanet.al\/sq\/product\/australian-gold-spf30-balsam-per-buzet-4-2gr\/","name":"AUSTRALIAN GOLD SPF30 BALSAM P\u00cbR BUZ\u00cbT 4.2GR - VITANET ALBANIA","isPartOf":{"@id":"https:\/\/vitanet.al\/sq\/#website"},"primaryImageOfPage":{"@id":"https:\/\/vitanet.al\/sq\/product\/australian-gold-spf30-balsam-per-buzet-4-2gr\/#primaryimage"},"image":{"@id":"https:\/\/vitanet.al\/sq\/product\/australian-gold-spf30-balsam-per-buzet-4-2gr\/#primaryimage"},"thumbnailUrl":"https:\/\/vitanet.al\/wp-content\/uploads\/2026\/02\/ALB_4320-1-e1773069525484.jpg","datePublished":"2026-02-15T15:36:49+00:00","dateModified":"2026-03-05T14:09:57+00:00","breadcrumb":{"@id":"https:\/\/vitanet.al\/sq\/product\/australian-gold-spf30-balsam-per-buzet-4-2gr\/#breadcrumb"},"inLanguage":"sq-AL","potentialAction":[{"@type":"ReadAction","target":["https:\/\/vitanet.al\/sq\/product\/australian-gold-spf30-balsam-per-buzet-4-2gr\/"]}]},{"@type":"ImageObject","inLanguage":"sq-AL","@id":"https:\/\/vitanet.al\/sq\/product\/australian-gold-spf30-balsam-per-buzet-4-2gr\/#primaryimage","url":"https:\/\/vitanet.al\/wp-content\/uploads\/2026\/02\/ALB_4320-1-e1773069525484.jpg","contentUrl":"https:\/\/vitanet.al\/wp-content\/uploads\/2026\/02\/ALB_4320-1-e1773069525484.jpg","width":1080,"height":1080},{"@type":"BreadcrumbList","@id":"https:\/\/vitanet.al\/sq\/product\/australian-gold-spf30-balsam-per-buzet-4-2gr\/#breadcrumb","itemListElement":[{"@type":"ListItem","position":1,"name":"Home","item":"https:\/\/vitanet.al\/sq\/"},{"@type":"ListItem","position":2,"name":"Shop","item":"https:\/\/vitanet.al\/sq\/shop\/"},{"@type":"ListItem","position":3,"name":"AUSTRALIAN GOLD SPF30 BALSAM P\u00cbR BUZ\u00cbT 4.2GR"}]},{"@type":"WebSite","@id":"https:\/\/vitanet.al\/sq\/#website","url":"https:\/\/vitanet.al\/sq\/","name":"VITANET ALBANIA","description":"","publisher":{"@id":"https:\/\/vitanet.al\/sq\/#organization"},"potentialAction":[{"@type":"SearchAction","target":{"@type":"EntryPoint","urlTemplate":"https:\/\/vitanet.al\/sq\/?s={search_term_string}"},"query-input":{"@type":"PropertyValueSpecification","valueRequired":true,"valueName":"search_term_string"}}],"inLanguage":"sq-AL"},{"@type":"Organization","@id":"https:\/\/vitanet.al\/sq\/#organization","name":"VITANET ALBANIA","url":"https:\/\/vitanet.al\/sq\/","logo":{"@type":"ImageObject","inLanguage":"sq-AL","@id":"https:\/\/vitanet.al\/sq\/#\/schema\/logo\/image\/","url":"https:\/\/vitanet.al\/wp-content\/uploads\/2022\/02\/Vitanet_Logo-scaled.webp","contentUrl":"https:\/\/vitanet.al\/wp-content\/uploads\/2022\/02\/Vitanet_Logo-scaled.webp","width":2560,"height":714,"caption":"VITANET ALBANIA"},"image":{"@id":"https:\/\/vitanet.al\/sq\/#\/schema\/logo\/image\/"}}]}},"_links":{"self":[{"href":"https:\/\/vitanet.al\/sq\/wp-json\/wp\/v2\/product\/8009","targetHints":{"allow":["GET"]}}],"collection":[{"href":"https:\/\/vitanet.al\/sq\/wp-json\/wp\/v2\/product"}],"about":[{"href":"https:\/\/vitanet.al\/sq\/wp-json\/wp\/v2\/types\/product"}],"version-history":[{"count":1,"href":"https:\/\/vitanet.al\/sq\/wp-json\/wp\/v2\/product\/8009\/revisions"}],"predecessor-version":[{"id":8108,"href":"https:\/\/vitanet.al\/sq\/wp-json\/wp\/v2\/product\/8009\/revisions\/8108"}],"wp:featuredmedia":[{"embeddable":true,"href":"https:\/\/vitanet.al\/sq\/wp-json\/wp\/v2\/media\/8205"}],"wp:attachment":[{"href":"https:\/\/vitanet.al\/sq\/wp-json\/wp\/v2\/media?parent=8009"}],"wp:term":[{"taxonomy":"product_brand","embeddable":true,"href":"https:\/\/vitanet.al\/sq\/wp-json\/wp\/v2\/product_brand?post=8009"},{"taxonomy":"product_cat","embeddable":true,"href":"https:\/\/vitanet.al\/sq\/wp-json\/wp\/v2\/product_cat?post=8009"},{"taxonomy":"product_tag","embeddable":true,"href":"https:\/\/vitanet.al\/sq\/wp-json\/wp\/v2\/product_tag?post=8009"}],"curies":[{"name":"wp","href":"https:\/\/api.w.org\/{rel}","templated":true}]}}