{"id":8340,"date":"2026-03-18T14:24:04","date_gmt":"2026-03-18T14:24:04","guid":{"rendered":"https:\/\/vitanet.al\/product\/ksm-66-ashwagandha-400-mg\/"},"modified":"2026-03-18T14:24:04","modified_gmt":"2026-03-18T14:24:04","slug":"ksm-66-ashwagandha-400-mg","status":"publish","type":"product","link":"https:\/\/vitanet.al\/sq\/product\/ksm-66-ashwagandha-400-mg\/","title":{"rendered":"KSM-66 ASHWAGANDHA 400 mg"},"content":{"rendered":"<p>Ashwagandha \u00ebsht\u00eb nj\u00eb bim\u00eb mjek\u00ebsore jasht\u00ebzakonisht e sh\u00ebndetshme. Klasifikohet si \u201eadaptogjen\u201c. Shum\u00eb nga p\u00ebrfitimet e saj sh\u00ebndet\u00ebsore i atribuohen p\u00ebrqendrimit t\u00eb lart\u00eb t\u00eb withanolideve. Ashwagandha p\u00ebrmban substanca q\u00eb ndihmojn\u00eb n\u00eb qet\u00ebsimin e trurit, uljen e \u00ebnjtjes, uljen e presionit t\u00eb gjakut dhe rregullimin e sistemit imunitar. Ajo ul ndjesh\u00ebm stresin, p\u00ebrmir\u00ebson gjumin, redukton lodhjen dhe ul nivelet e kortizolit (hormonit t\u00eb stresit).<br \/>\nP\u00ebrdorimi: Merr 1 kapsul\u00eb n\u00eb dit\u00eb, mund\u00ebsisht gjat\u00eb vaktit, si shtes\u00eb ushqimore.<br \/>\nPaketimi: 30 kapsula    <\/p>\n","protected":false},"excerpt":{"rendered":"<p>Ashwagandha \u00ebsht\u00eb nj\u00eb bim\u00eb mjek\u00ebsore jasht\u00ebzakonisht e sh\u00ebndetshme. Klasifikohet si \u201eadaptogjen\u201c. Shum\u00eb nga p\u00ebrfitimet e saj sh\u00ebndet\u00ebsore i atribuohen p\u00ebrqendrimit t\u00eb lart\u00eb t\u00eb withanolideve. Ashwagandha p\u00ebrmban substanca q\u00eb ndihmojn\u00eb n\u00eb qet\u00ebsimin e trurit, uljen e \u00ebnjtjes, uljen e presionit t\u00eb gjakut dhe rregullimin e sistemit imunitar. Ajo ul ndjesh\u00ebm stresin, p\u00ebrmir\u00ebson gjumin, redukton lodhjen dhe [&hellip;]<\/p>\n","protected":false},"featured_media":8338,"template":"","meta":[],"product_brand":[],"product_cat":[100],"product_tag":[],"class_list":{"0":"post-8340","1":"product","2":"type-product","3":"status-publish","4":"has-post-thumbnail","6":"product_cat-uncategorized-sq","8":"first","9":"instock","10":"shipping-taxable","11":"purchasable","12":"product-type-simple"},"yoast_head":"<!-- This site is optimized with the Yoast SEO plugin v27.3 - https:\/\/yoast.com\/product\/yoast-seo-wordpress\/ -->\n<title>KSM-66 ASHWAGANDHA 400 mg - VITANET ALBANIA<\/title>\n<meta name=\"robots\" content=\"index, follow, max-snippet:-1, max-image-preview:large, max-video-preview:-1\" \/>\n<link rel=\"canonical\" href=\"https:\/\/vitanet.al\/sq\/product\/ksm-66-ashwagandha-400-mg\/\" \/>\n<meta property=\"og:locale\" content=\"sq_AL\" \/>\n<meta property=\"og:type\" content=\"article\" \/>\n<meta property=\"og:title\" content=\"KSM-66 ASHWAGANDHA 400 mg - VITANET ALBANIA\" \/>\n<meta property=\"og:description\" content=\"Ashwagandha \u00ebsht\u00eb nj\u00eb bim\u00eb mjek\u00ebsore jasht\u00ebzakonisht e sh\u00ebndetshme. Klasifikohet si \u201eadaptogjen\u201c. Shum\u00eb nga p\u00ebrfitimet e saj sh\u00ebndet\u00ebsore i atribuohen p\u00ebrqendrimit t\u00eb lart\u00eb t\u00eb withanolideve. Ashwagandha p\u00ebrmban substanca q\u00eb ndihmojn\u00eb n\u00eb qet\u00ebsimin e trurit, uljen e \u00ebnjtjes, uljen e presionit t\u00eb gjakut dhe rregullimin e sistemit imunitar. Ajo ul ndjesh\u00ebm stresin, p\u00ebrmir\u00ebson gjumin, redukton lodhjen dhe [&hellip;]\" \/>\n<meta property=\"og:url\" content=\"https:\/\/vitanet.al\/sq\/product\/ksm-66-ashwagandha-400-mg\/\" \/>\n<meta property=\"og:site_name\" content=\"VITANET ALBANIA\" \/>\n<meta property=\"og:image\" content=\"https:\/\/vitanet.al\/wp-content\/uploads\/2026\/03\/ashwagandha.png\" \/>\n\t<meta property=\"og:image:width\" content=\"500\" \/>\n\t<meta property=\"og:image:height\" content=\"500\" \/>\n\t<meta property=\"og:image:type\" content=\"image\/png\" \/>\n<meta name=\"twitter:card\" content=\"summary_large_image\" \/>\n<script type=\"application\/ld+json\" class=\"yoast-schema-graph\">{\"@context\":\"https:\\\/\\\/schema.org\",\"@graph\":[{\"@type\":\"WebPage\",\"@id\":\"https:\\\/\\\/vitanet.al\\\/sq\\\/product\\\/ksm-66-ashwagandha-400-mg\\\/\",\"url\":\"https:\\\/\\\/vitanet.al\\\/sq\\\/product\\\/ksm-66-ashwagandha-400-mg\\\/\",\"name\":\"KSM-66 ASHWAGANDHA 400 mg - VITANET ALBANIA\",\"isPartOf\":{\"@id\":\"https:\\\/\\\/vitanet.al\\\/sq\\\/#website\"},\"primaryImageOfPage\":{\"@id\":\"https:\\\/\\\/vitanet.al\\\/sq\\\/product\\\/ksm-66-ashwagandha-400-mg\\\/#primaryimage\"},\"image\":{\"@id\":\"https:\\\/\\\/vitanet.al\\\/sq\\\/product\\\/ksm-66-ashwagandha-400-mg\\\/#primaryimage\"},\"thumbnailUrl\":\"https:\\\/\\\/vitanet.al\\\/wp-content\\\/uploads\\\/2026\\\/03\\\/ashwagandha.png\",\"datePublished\":\"2026-03-18T14:24:04+00:00\",\"breadcrumb\":{\"@id\":\"https:\\\/\\\/vitanet.al\\\/sq\\\/product\\\/ksm-66-ashwagandha-400-mg\\\/#breadcrumb\"},\"inLanguage\":\"sq-AL\",\"potentialAction\":[{\"@type\":\"ReadAction\",\"target\":[\"https:\\\/\\\/vitanet.al\\\/sq\\\/product\\\/ksm-66-ashwagandha-400-mg\\\/\"]}]},{\"@type\":\"ImageObject\",\"inLanguage\":\"sq-AL\",\"@id\":\"https:\\\/\\\/vitanet.al\\\/sq\\\/product\\\/ksm-66-ashwagandha-400-mg\\\/#primaryimage\",\"url\":\"https:\\\/\\\/vitanet.al\\\/wp-content\\\/uploads\\\/2026\\\/03\\\/ashwagandha.png\",\"contentUrl\":\"https:\\\/\\\/vitanet.al\\\/wp-content\\\/uploads\\\/2026\\\/03\\\/ashwagandha.png\",\"width\":500,\"height\":500},{\"@type\":\"BreadcrumbList\",\"@id\":\"https:\\\/\\\/vitanet.al\\\/sq\\\/product\\\/ksm-66-ashwagandha-400-mg\\\/#breadcrumb\",\"itemListElement\":[{\"@type\":\"ListItem\",\"position\":1,\"name\":\"Home\",\"item\":\"https:\\\/\\\/vitanet.al\\\/sq\\\/\"},{\"@type\":\"ListItem\",\"position\":2,\"name\":\"Shop\",\"item\":\"https:\\\/\\\/vitanet.al\\\/sq\\\/shop\\\/\"},{\"@type\":\"ListItem\",\"position\":3,\"name\":\"KSM-66 ASHWAGANDHA 400 mg\"}]},{\"@type\":\"WebSite\",\"@id\":\"https:\\\/\\\/vitanet.al\\\/sq\\\/#website\",\"url\":\"https:\\\/\\\/vitanet.al\\\/sq\\\/\",\"name\":\"VITANET ALBANIA\",\"description\":\"\",\"publisher\":{\"@id\":\"https:\\\/\\\/vitanet.al\\\/sq\\\/#organization\"},\"potentialAction\":[{\"@type\":\"SearchAction\",\"target\":{\"@type\":\"EntryPoint\",\"urlTemplate\":\"https:\\\/\\\/vitanet.al\\\/sq\\\/?s={search_term_string}\"},\"query-input\":{\"@type\":\"PropertyValueSpecification\",\"valueRequired\":true,\"valueName\":\"search_term_string\"}}],\"inLanguage\":\"sq-AL\"},{\"@type\":\"Organization\",\"@id\":\"https:\\\/\\\/vitanet.al\\\/sq\\\/#organization\",\"name\":\"VITANET ALBANIA\",\"url\":\"https:\\\/\\\/vitanet.al\\\/sq\\\/\",\"logo\":{\"@type\":\"ImageObject\",\"inLanguage\":\"sq-AL\",\"@id\":\"https:\\\/\\\/vitanet.al\\\/sq\\\/#\\\/schema\\\/logo\\\/image\\\/\",\"url\":\"https:\\\/\\\/vitanet.al\\\/wp-content\\\/uploads\\\/2022\\\/02\\\/Vitanet_Logo-scaled.webp\",\"contentUrl\":\"https:\\\/\\\/vitanet.al\\\/wp-content\\\/uploads\\\/2022\\\/02\\\/Vitanet_Logo-scaled.webp\",\"width\":2560,\"height\":714,\"caption\":\"VITANET ALBANIA\"},\"image\":{\"@id\":\"https:\\\/\\\/vitanet.al\\\/sq\\\/#\\\/schema\\\/logo\\\/image\\\/\"}}]}<\/script>\n<!-- \/ Yoast SEO plugin. -->","yoast_head_json":{"title":"KSM-66 ASHWAGANDHA 400 mg - VITANET ALBANIA","robots":{"index":"index","follow":"follow","max-snippet":"max-snippet:-1","max-image-preview":"max-image-preview:large","max-video-preview":"max-video-preview:-1"},"canonical":"https:\/\/vitanet.al\/sq\/product\/ksm-66-ashwagandha-400-mg\/","og_locale":"sq_AL","og_type":"article","og_title":"KSM-66 ASHWAGANDHA 400 mg - VITANET ALBANIA","og_description":"Ashwagandha \u00ebsht\u00eb nj\u00eb bim\u00eb mjek\u00ebsore jasht\u00ebzakonisht e sh\u00ebndetshme. Klasifikohet si \u201eadaptogjen\u201c. Shum\u00eb nga p\u00ebrfitimet e saj sh\u00ebndet\u00ebsore i atribuohen p\u00ebrqendrimit t\u00eb lart\u00eb t\u00eb withanolideve. Ashwagandha p\u00ebrmban substanca q\u00eb ndihmojn\u00eb n\u00eb qet\u00ebsimin e trurit, uljen e \u00ebnjtjes, uljen e presionit t\u00eb gjakut dhe rregullimin e sistemit imunitar. Ajo ul ndjesh\u00ebm stresin, p\u00ebrmir\u00ebson gjumin, redukton lodhjen dhe [&hellip;]","og_url":"https:\/\/vitanet.al\/sq\/product\/ksm-66-ashwagandha-400-mg\/","og_site_name":"VITANET ALBANIA","og_image":[{"width":500,"height":500,"url":"https:\/\/vitanet.al\/wp-content\/uploads\/2026\/03\/ashwagandha.png","type":"image\/png"}],"twitter_card":"summary_large_image","schema":{"@context":"https:\/\/schema.org","@graph":[{"@type":"WebPage","@id":"https:\/\/vitanet.al\/sq\/product\/ksm-66-ashwagandha-400-mg\/","url":"https:\/\/vitanet.al\/sq\/product\/ksm-66-ashwagandha-400-mg\/","name":"KSM-66 ASHWAGANDHA 400 mg - VITANET ALBANIA","isPartOf":{"@id":"https:\/\/vitanet.al\/sq\/#website"},"primaryImageOfPage":{"@id":"https:\/\/vitanet.al\/sq\/product\/ksm-66-ashwagandha-400-mg\/#primaryimage"},"image":{"@id":"https:\/\/vitanet.al\/sq\/product\/ksm-66-ashwagandha-400-mg\/#primaryimage"},"thumbnailUrl":"https:\/\/vitanet.al\/wp-content\/uploads\/2026\/03\/ashwagandha.png","datePublished":"2026-03-18T14:24:04+00:00","breadcrumb":{"@id":"https:\/\/vitanet.al\/sq\/product\/ksm-66-ashwagandha-400-mg\/#breadcrumb"},"inLanguage":"sq-AL","potentialAction":[{"@type":"ReadAction","target":["https:\/\/vitanet.al\/sq\/product\/ksm-66-ashwagandha-400-mg\/"]}]},{"@type":"ImageObject","inLanguage":"sq-AL","@id":"https:\/\/vitanet.al\/sq\/product\/ksm-66-ashwagandha-400-mg\/#primaryimage","url":"https:\/\/vitanet.al\/wp-content\/uploads\/2026\/03\/ashwagandha.png","contentUrl":"https:\/\/vitanet.al\/wp-content\/uploads\/2026\/03\/ashwagandha.png","width":500,"height":500},{"@type":"BreadcrumbList","@id":"https:\/\/vitanet.al\/sq\/product\/ksm-66-ashwagandha-400-mg\/#breadcrumb","itemListElement":[{"@type":"ListItem","position":1,"name":"Home","item":"https:\/\/vitanet.al\/sq\/"},{"@type":"ListItem","position":2,"name":"Shop","item":"https:\/\/vitanet.al\/sq\/shop\/"},{"@type":"ListItem","position":3,"name":"KSM-66 ASHWAGANDHA 400 mg"}]},{"@type":"WebSite","@id":"https:\/\/vitanet.al\/sq\/#website","url":"https:\/\/vitanet.al\/sq\/","name":"VITANET ALBANIA","description":"","publisher":{"@id":"https:\/\/vitanet.al\/sq\/#organization"},"potentialAction":[{"@type":"SearchAction","target":{"@type":"EntryPoint","urlTemplate":"https:\/\/vitanet.al\/sq\/?s={search_term_string}"},"query-input":{"@type":"PropertyValueSpecification","valueRequired":true,"valueName":"search_term_string"}}],"inLanguage":"sq-AL"},{"@type":"Organization","@id":"https:\/\/vitanet.al\/sq\/#organization","name":"VITANET ALBANIA","url":"https:\/\/vitanet.al\/sq\/","logo":{"@type":"ImageObject","inLanguage":"sq-AL","@id":"https:\/\/vitanet.al\/sq\/#\/schema\/logo\/image\/","url":"https:\/\/vitanet.al\/wp-content\/uploads\/2022\/02\/Vitanet_Logo-scaled.webp","contentUrl":"https:\/\/vitanet.al\/wp-content\/uploads\/2022\/02\/Vitanet_Logo-scaled.webp","width":2560,"height":714,"caption":"VITANET ALBANIA"},"image":{"@id":"https:\/\/vitanet.al\/sq\/#\/schema\/logo\/image\/"}}]}},"_links":{"self":[{"href":"https:\/\/vitanet.al\/sq\/wp-json\/wp\/v2\/product\/8340","targetHints":{"allow":["GET"]}}],"collection":[{"href":"https:\/\/vitanet.al\/sq\/wp-json\/wp\/v2\/product"}],"about":[{"href":"https:\/\/vitanet.al\/sq\/wp-json\/wp\/v2\/types\/product"}],"version-history":[{"count":0,"href":"https:\/\/vitanet.al\/sq\/wp-json\/wp\/v2\/product\/8340\/revisions"}],"wp:featuredmedia":[{"embeddable":true,"href":"https:\/\/vitanet.al\/sq\/wp-json\/wp\/v2\/media\/8338"}],"wp:attachment":[{"href":"https:\/\/vitanet.al\/sq\/wp-json\/wp\/v2\/media?parent=8340"}],"wp:term":[{"taxonomy":"product_brand","embeddable":true,"href":"https:\/\/vitanet.al\/sq\/wp-json\/wp\/v2\/product_brand?post=8340"},{"taxonomy":"product_cat","embeddable":true,"href":"https:\/\/vitanet.al\/sq\/wp-json\/wp\/v2\/product_cat?post=8340"},{"taxonomy":"product_tag","embeddable":true,"href":"https:\/\/vitanet.al\/sq\/wp-json\/wp\/v2\/product_tag?post=8340"}],"curies":[{"name":"wp","href":"https:\/\/api.w.org\/{rel}","templated":true}]}}