{"id":8348,"date":"2026-03-18T15:40:50","date_gmt":"2026-03-18T15:40:50","guid":{"rendered":"https:\/\/vitanet.al\/product\/levozhge-psyllium-500-mg\/"},"modified":"2026-03-18T15:42:11","modified_gmt":"2026-03-18T15:42:11","slug":"levozhge-psyllium-500-mg","status":"publish","type":"product","link":"https:\/\/vitanet.al\/sq\/product\/levozhge-psyllium-500-mg\/","title":{"rendered":"L\u00cbVOZHG\u00cb PSYLLIUM 500 mg"},"content":{"rendered":"<p>Psyllium \u00ebsht\u00eb fara e bim\u00ebs Plantago ovata, e cila rritet kryesisht n\u00eb Indi. \u00cbsht\u00eb e pasur me fibra, t\u00eb cilat kan\u00eb veti t\u00eb dobishme p\u00ebr trupin e njeriut.<br \/>\nP\u00ebrdorimi: Merr 2 kapsula n\u00eb dit\u00eb, si shtes\u00eb ushqimore ose sipas udh\u00ebzimeve t\u00eb mjekut t\u00ebnd.<br \/>\nPaketimi: 30 kapsula <\/p>\n","protected":false},"excerpt":{"rendered":"<p>Psyllium \u00ebsht\u00eb fara e bim\u00ebs Plantago ovata, e cila rritet kryesisht n\u00eb Indi. \u00cbsht\u00eb e pasur me fibra, t\u00eb cilat kan\u00eb veti t\u00eb dobishme p\u00ebr trupin e njeriut. P\u00ebrdorimi: Merr 2 kapsula n\u00eb dit\u00eb, si shtes\u00eb ushqimore ose sipas udh\u00ebzimeve t\u00eb mjekut t\u00ebnd. Paketimi: 30 kapsula<\/p>\n","protected":false},"featured_media":8346,"template":"","meta":[],"product_brand":[],"product_cat":[120,102,122,100],"product_tag":[136,134,135,141],"class_list":{"0":"post-8348","1":"product","2":"type-product","3":"status-publish","4":"has-post-thumbnail","6":"product_cat-power-health","7":"product_cat-suplemente","8":"product_cat-suplemente-dhe-vitamina","9":"product_cat-uncategorized-sq","10":"product_tag-gama-platinum","11":"product_tag-power-health","12":"product_tag-power-of-nature","13":"product_tag-psillium","15":"first","16":"instock","17":"shipping-taxable","18":"purchasable","19":"product-type-simple"},"yoast_head":"<!-- This site is optimized with the Yoast SEO plugin v27.3 - https:\/\/yoast.com\/product\/yoast-seo-wordpress\/ -->\n<title>L\u00cbVOZHG\u00cb PSYLLIUM 500 mg - VITANET ALBANIA<\/title>\n<meta name=\"robots\" content=\"index, follow, max-snippet:-1, max-image-preview:large, max-video-preview:-1\" \/>\n<link rel=\"canonical\" href=\"https:\/\/vitanet.al\/sq\/product\/levozhge-psyllium-500-mg\/\" \/>\n<meta property=\"og:locale\" content=\"sq_AL\" \/>\n<meta property=\"og:type\" content=\"article\" \/>\n<meta property=\"og:title\" content=\"L\u00cbVOZHG\u00cb PSYLLIUM 500 mg - VITANET ALBANIA\" \/>\n<meta property=\"og:description\" content=\"Psyllium \u00ebsht\u00eb fara e bim\u00ebs Plantago ovata, e cila rritet kryesisht n\u00eb Indi. \u00cbsht\u00eb e pasur me fibra, t\u00eb cilat kan\u00eb veti t\u00eb dobishme p\u00ebr trupin e njeriut. P\u00ebrdorimi: Merr 2 kapsula n\u00eb dit\u00eb, si shtes\u00eb ushqimore ose sipas udh\u00ebzimeve t\u00eb mjekut t\u00ebnd. Paketimi: 30 kapsula\" \/>\n<meta property=\"og:url\" content=\"https:\/\/vitanet.al\/sq\/product\/levozhge-psyllium-500-mg\/\" \/>\n<meta property=\"og:site_name\" content=\"VITANET ALBANIA\" \/>\n<meta property=\"article:modified_time\" content=\"2026-03-18T15:42:11+00:00\" \/>\n<meta property=\"og:image\" content=\"https:\/\/vitanet.al\/wp-content\/uploads\/2026\/03\/psyllium_husk.png\" \/>\n\t<meta property=\"og:image:width\" content=\"500\" \/>\n\t<meta property=\"og:image:height\" content=\"500\" \/>\n\t<meta property=\"og:image:type\" content=\"image\/png\" \/>\n<meta name=\"twitter:card\" content=\"summary_large_image\" \/>\n<script type=\"application\/ld+json\" class=\"yoast-schema-graph\">{\"@context\":\"https:\\\/\\\/schema.org\",\"@graph\":[{\"@type\":\"WebPage\",\"@id\":\"https:\\\/\\\/vitanet.al\\\/sq\\\/product\\\/levozhge-psyllium-500-mg\\\/\",\"url\":\"https:\\\/\\\/vitanet.al\\\/sq\\\/product\\\/levozhge-psyllium-500-mg\\\/\",\"name\":\"L\u00cbVOZHG\u00cb PSYLLIUM 500 mg - VITANET ALBANIA\",\"isPartOf\":{\"@id\":\"https:\\\/\\\/vitanet.al\\\/sq\\\/#website\"},\"primaryImageOfPage\":{\"@id\":\"https:\\\/\\\/vitanet.al\\\/sq\\\/product\\\/levozhge-psyllium-500-mg\\\/#primaryimage\"},\"image\":{\"@id\":\"https:\\\/\\\/vitanet.al\\\/sq\\\/product\\\/levozhge-psyllium-500-mg\\\/#primaryimage\"},\"thumbnailUrl\":\"https:\\\/\\\/vitanet.al\\\/wp-content\\\/uploads\\\/2026\\\/03\\\/psyllium_husk.png\",\"datePublished\":\"2026-03-18T15:40:50+00:00\",\"dateModified\":\"2026-03-18T15:42:11+00:00\",\"breadcrumb\":{\"@id\":\"https:\\\/\\\/vitanet.al\\\/sq\\\/product\\\/levozhge-psyllium-500-mg\\\/#breadcrumb\"},\"inLanguage\":\"sq-AL\",\"potentialAction\":[{\"@type\":\"ReadAction\",\"target\":[\"https:\\\/\\\/vitanet.al\\\/sq\\\/product\\\/levozhge-psyllium-500-mg\\\/\"]}]},{\"@type\":\"ImageObject\",\"inLanguage\":\"sq-AL\",\"@id\":\"https:\\\/\\\/vitanet.al\\\/sq\\\/product\\\/levozhge-psyllium-500-mg\\\/#primaryimage\",\"url\":\"https:\\\/\\\/vitanet.al\\\/wp-content\\\/uploads\\\/2026\\\/03\\\/psyllium_husk.png\",\"contentUrl\":\"https:\\\/\\\/vitanet.al\\\/wp-content\\\/uploads\\\/2026\\\/03\\\/psyllium_husk.png\",\"width\":500,\"height\":500},{\"@type\":\"BreadcrumbList\",\"@id\":\"https:\\\/\\\/vitanet.al\\\/sq\\\/product\\\/levozhge-psyllium-500-mg\\\/#breadcrumb\",\"itemListElement\":[{\"@type\":\"ListItem\",\"position\":1,\"name\":\"Home\",\"item\":\"https:\\\/\\\/vitanet.al\\\/sq\\\/\"},{\"@type\":\"ListItem\",\"position\":2,\"name\":\"Shop\",\"item\":\"https:\\\/\\\/vitanet.al\\\/sq\\\/shop\\\/\"},{\"@type\":\"ListItem\",\"position\":3,\"name\":\"L\u00cbVOZHG\u00cb PSYLLIUM 500 mg\"}]},{\"@type\":\"WebSite\",\"@id\":\"https:\\\/\\\/vitanet.al\\\/sq\\\/#website\",\"url\":\"https:\\\/\\\/vitanet.al\\\/sq\\\/\",\"name\":\"VITANET ALBANIA\",\"description\":\"\",\"publisher\":{\"@id\":\"https:\\\/\\\/vitanet.al\\\/sq\\\/#organization\"},\"potentialAction\":[{\"@type\":\"SearchAction\",\"target\":{\"@type\":\"EntryPoint\",\"urlTemplate\":\"https:\\\/\\\/vitanet.al\\\/sq\\\/?s={search_term_string}\"},\"query-input\":{\"@type\":\"PropertyValueSpecification\",\"valueRequired\":true,\"valueName\":\"search_term_string\"}}],\"inLanguage\":\"sq-AL\"},{\"@type\":\"Organization\",\"@id\":\"https:\\\/\\\/vitanet.al\\\/sq\\\/#organization\",\"name\":\"VITANET ALBANIA\",\"url\":\"https:\\\/\\\/vitanet.al\\\/sq\\\/\",\"logo\":{\"@type\":\"ImageObject\",\"inLanguage\":\"sq-AL\",\"@id\":\"https:\\\/\\\/vitanet.al\\\/sq\\\/#\\\/schema\\\/logo\\\/image\\\/\",\"url\":\"https:\\\/\\\/vitanet.al\\\/wp-content\\\/uploads\\\/2022\\\/02\\\/Vitanet_Logo-scaled.webp\",\"contentUrl\":\"https:\\\/\\\/vitanet.al\\\/wp-content\\\/uploads\\\/2022\\\/02\\\/Vitanet_Logo-scaled.webp\",\"width\":2560,\"height\":714,\"caption\":\"VITANET ALBANIA\"},\"image\":{\"@id\":\"https:\\\/\\\/vitanet.al\\\/sq\\\/#\\\/schema\\\/logo\\\/image\\\/\"}}]}<\/script>\n<!-- \/ Yoast SEO plugin. -->","yoast_head_json":{"title":"L\u00cbVOZHG\u00cb PSYLLIUM 500 mg - VITANET ALBANIA","robots":{"index":"index","follow":"follow","max-snippet":"max-snippet:-1","max-image-preview":"max-image-preview:large","max-video-preview":"max-video-preview:-1"},"canonical":"https:\/\/vitanet.al\/sq\/product\/levozhge-psyllium-500-mg\/","og_locale":"sq_AL","og_type":"article","og_title":"L\u00cbVOZHG\u00cb PSYLLIUM 500 mg - VITANET ALBANIA","og_description":"Psyllium \u00ebsht\u00eb fara e bim\u00ebs Plantago ovata, e cila rritet kryesisht n\u00eb Indi. \u00cbsht\u00eb e pasur me fibra, t\u00eb cilat kan\u00eb veti t\u00eb dobishme p\u00ebr trupin e njeriut. P\u00ebrdorimi: Merr 2 kapsula n\u00eb dit\u00eb, si shtes\u00eb ushqimore ose sipas udh\u00ebzimeve t\u00eb mjekut t\u00ebnd. Paketimi: 30 kapsula","og_url":"https:\/\/vitanet.al\/sq\/product\/levozhge-psyllium-500-mg\/","og_site_name":"VITANET ALBANIA","article_modified_time":"2026-03-18T15:42:11+00:00","og_image":[{"width":500,"height":500,"url":"https:\/\/vitanet.al\/wp-content\/uploads\/2026\/03\/psyllium_husk.png","type":"image\/png"}],"twitter_card":"summary_large_image","schema":{"@context":"https:\/\/schema.org","@graph":[{"@type":"WebPage","@id":"https:\/\/vitanet.al\/sq\/product\/levozhge-psyllium-500-mg\/","url":"https:\/\/vitanet.al\/sq\/product\/levozhge-psyllium-500-mg\/","name":"L\u00cbVOZHG\u00cb PSYLLIUM 500 mg - VITANET ALBANIA","isPartOf":{"@id":"https:\/\/vitanet.al\/sq\/#website"},"primaryImageOfPage":{"@id":"https:\/\/vitanet.al\/sq\/product\/levozhge-psyllium-500-mg\/#primaryimage"},"image":{"@id":"https:\/\/vitanet.al\/sq\/product\/levozhge-psyllium-500-mg\/#primaryimage"},"thumbnailUrl":"https:\/\/vitanet.al\/wp-content\/uploads\/2026\/03\/psyllium_husk.png","datePublished":"2026-03-18T15:40:50+00:00","dateModified":"2026-03-18T15:42:11+00:00","breadcrumb":{"@id":"https:\/\/vitanet.al\/sq\/product\/levozhge-psyllium-500-mg\/#breadcrumb"},"inLanguage":"sq-AL","potentialAction":[{"@type":"ReadAction","target":["https:\/\/vitanet.al\/sq\/product\/levozhge-psyllium-500-mg\/"]}]},{"@type":"ImageObject","inLanguage":"sq-AL","@id":"https:\/\/vitanet.al\/sq\/product\/levozhge-psyllium-500-mg\/#primaryimage","url":"https:\/\/vitanet.al\/wp-content\/uploads\/2026\/03\/psyllium_husk.png","contentUrl":"https:\/\/vitanet.al\/wp-content\/uploads\/2026\/03\/psyllium_husk.png","width":500,"height":500},{"@type":"BreadcrumbList","@id":"https:\/\/vitanet.al\/sq\/product\/levozhge-psyllium-500-mg\/#breadcrumb","itemListElement":[{"@type":"ListItem","position":1,"name":"Home","item":"https:\/\/vitanet.al\/sq\/"},{"@type":"ListItem","position":2,"name":"Shop","item":"https:\/\/vitanet.al\/sq\/shop\/"},{"@type":"ListItem","position":3,"name":"L\u00cbVOZHG\u00cb PSYLLIUM 500 mg"}]},{"@type":"WebSite","@id":"https:\/\/vitanet.al\/sq\/#website","url":"https:\/\/vitanet.al\/sq\/","name":"VITANET ALBANIA","description":"","publisher":{"@id":"https:\/\/vitanet.al\/sq\/#organization"},"potentialAction":[{"@type":"SearchAction","target":{"@type":"EntryPoint","urlTemplate":"https:\/\/vitanet.al\/sq\/?s={search_term_string}"},"query-input":{"@type":"PropertyValueSpecification","valueRequired":true,"valueName":"search_term_string"}}],"inLanguage":"sq-AL"},{"@type":"Organization","@id":"https:\/\/vitanet.al\/sq\/#organization","name":"VITANET ALBANIA","url":"https:\/\/vitanet.al\/sq\/","logo":{"@type":"ImageObject","inLanguage":"sq-AL","@id":"https:\/\/vitanet.al\/sq\/#\/schema\/logo\/image\/","url":"https:\/\/vitanet.al\/wp-content\/uploads\/2022\/02\/Vitanet_Logo-scaled.webp","contentUrl":"https:\/\/vitanet.al\/wp-content\/uploads\/2022\/02\/Vitanet_Logo-scaled.webp","width":2560,"height":714,"caption":"VITANET ALBANIA"},"image":{"@id":"https:\/\/vitanet.al\/sq\/#\/schema\/logo\/image\/"}}]}},"_links":{"self":[{"href":"https:\/\/vitanet.al\/sq\/wp-json\/wp\/v2\/product\/8348","targetHints":{"allow":["GET"]}}],"collection":[{"href":"https:\/\/vitanet.al\/sq\/wp-json\/wp\/v2\/product"}],"about":[{"href":"https:\/\/vitanet.al\/sq\/wp-json\/wp\/v2\/types\/product"}],"version-history":[{"count":1,"href":"https:\/\/vitanet.al\/sq\/wp-json\/wp\/v2\/product\/8348\/revisions"}],"predecessor-version":[{"id":8349,"href":"https:\/\/vitanet.al\/sq\/wp-json\/wp\/v2\/product\/8348\/revisions\/8349"}],"wp:featuredmedia":[{"embeddable":true,"href":"https:\/\/vitanet.al\/sq\/wp-json\/wp\/v2\/media\/8346"}],"wp:attachment":[{"href":"https:\/\/vitanet.al\/sq\/wp-json\/wp\/v2\/media?parent=8348"}],"wp:term":[{"taxonomy":"product_brand","embeddable":true,"href":"https:\/\/vitanet.al\/sq\/wp-json\/wp\/v2\/product_brand?post=8348"},{"taxonomy":"product_cat","embeddable":true,"href":"https:\/\/vitanet.al\/sq\/wp-json\/wp\/v2\/product_cat?post=8348"},{"taxonomy":"product_tag","embeddable":true,"href":"https:\/\/vitanet.al\/sq\/wp-json\/wp\/v2\/product_tag?post=8348"}],"curies":[{"name":"wp","href":"https:\/\/api.w.org\/{rel}","templated":true}]}}