{"id":8468,"date":"2026-03-25T13:18:03","date_gmt":"2026-03-25T13:18:03","guid":{"rendered":"https:\/\/vitanet.al\/product\/plastra-scholl-per-heqjen-e-kallove\/"},"modified":"2026-03-25T13:18:03","modified_gmt":"2026-03-25T13:18:03","slug":"plastra-scholl-per-heqjen-e-kallove","status":"publish","type":"product","link":"https:\/\/vitanet.al\/sq\/product\/plastra-scholl-per-heqjen-e-kallove\/","title":{"rendered":"PLASTRA SCHOLL P\u00cbR HEQJEN E KALLOVE"},"content":{"rendered":"<p>PLASTRA SCHOLL P\u00cbR KALLOT. Me efekt mbrojt\u00ebs dhe eliminues. T\u00eb p\u00ebrshtatshme p\u00ebr t\u00eb gjitha llojet e kallove n\u00eb shput\u00eb. Ideale p\u00ebr kallot te gishtat dhe thembra.<br \/>\nP\u00ebrmban: acid salicilik.<br \/>\nP\u00ebrmban 4 plastra rezistente ndaj ujit dhe 4 disqe me solucion. Jan\u00eb t\u00eb sigurta dhe efektive p\u00ebr heqjen e kallove.<br \/>\nP\u00ebrdorimi: Pasi t\u00eb kesh pastruar dhe thar\u00eb k\u00ebmb\u00ebt, merr nj\u00eb nga disqet e vegj\u00ebl dhe vendose mbi kallo, shtype dhe sip\u00ebr vendos plastr\u00ebn rezistente ndaj ujit. P\u00ebrdore \u00e7do dit\u00eb derisa kalloja t\u00eb hiqet.<br \/>\nNuk rekomandohet n\u00ebse ke diabet, probleme me qarkullimin e gjakut ose d\u00ebmtime neurologjike, n\u00ebse ke mbindjeshm\u00ebri ndaj aspirin\u00ebs ose ndonj\u00eb p\u00ebrb\u00ebr\u00ebsi tjet\u00ebr, ose n\u00ebse rreth kallos ka flluska. Mos e apliko n\u00eb l\u00ebkur\u00eb t\u00eb sh\u00ebndetshme. Mos e p\u00ebrdor p\u00ebr m\u00eb shum\u00eb se dy jav\u00eb dhe te f\u00ebmij\u00ebt n\u00ebn 16 vje\u00e7, p\u00ebrve\u00e7se me k\u00ebshill\u00ebn e mjekut t\u00ebnd. Shmange p\u00ebrdorimin gjat\u00eb shtatz\u00ebnis\u00eb ose ushqyerjes me gji, p\u00ebrve\u00e7se me k\u00ebshill\u00ebn e mjekut t\u00ebnd.<br \/>\nPaketimi: 4 plastra + 4 disqe      <\/p>\n","protected":false},"excerpt":{"rendered":"<p>PLASTRA SCHOLL P\u00cbR KALLOT. Me efekt mbrojt\u00ebs dhe eliminues. T\u00eb p\u00ebrshtatshme p\u00ebr t\u00eb gjitha llojet e kallove n\u00eb shput\u00eb. Ideale p\u00ebr kallot te gishtat dhe thembra. P\u00ebrmban: acid salicilik. P\u00ebrmban 4 plastra rezistente ndaj ujit dhe 4 disqe me solucion. Jan\u00eb t\u00eb sigurta dhe efektive p\u00ebr heqjen e kallove. P\u00ebrdorimi: Pasi t\u00eb kesh pastruar dhe [&hellip;]<\/p>\n","protected":false},"featured_media":8461,"template":"","meta":[],"product_brand":[],"product_cat":[182,181],"product_tag":[187,183,188,186,185,184],"class_list":{"0":"post-8468","1":"product","2":"type-product","3":"status-publish","4":"has-post-thumbnail","6":"product_cat-kujdesi-personal","7":"product_cat-scholl","8":"product_tag-kembe","9":"product_tag-kujdesi-per-kembet","10":"product_tag-mirembajtje","11":"product_tag-perkujdesi","12":"product_tag-plastra-per-kallo","13":"product_tag-scholl","15":"first","16":"instock","17":"shipping-taxable","18":"purchasable","19":"product-type-simple"},"yoast_head":"<!-- This site is optimized with the Yoast SEO plugin v27.3 - https:\/\/yoast.com\/product\/yoast-seo-wordpress\/ -->\n<title>PLASTRA SCHOLL P\u00cbR HEQJEN E KALLOVE - VITANET ALBANIA<\/title>\n<meta name=\"robots\" content=\"index, follow, max-snippet:-1, max-image-preview:large, max-video-preview:-1\" \/>\n<link rel=\"canonical\" href=\"https:\/\/vitanet.al\/sq\/product\/plastra-scholl-per-heqjen-e-kallove\/\" \/>\n<meta property=\"og:locale\" content=\"sq_AL\" \/>\n<meta property=\"og:type\" content=\"article\" \/>\n<meta property=\"og:title\" content=\"PLASTRA SCHOLL P\u00cbR HEQJEN E KALLOVE - VITANET ALBANIA\" \/>\n<meta property=\"og:description\" content=\"PLASTRA SCHOLL P\u00cbR KALLOT. Me efekt mbrojt\u00ebs dhe eliminues. T\u00eb p\u00ebrshtatshme p\u00ebr t\u00eb gjitha llojet e kallove n\u00eb shput\u00eb. Ideale p\u00ebr kallot te gishtat dhe thembra. P\u00ebrmban: acid salicilik. P\u00ebrmban 4 plastra rezistente ndaj ujit dhe 4 disqe me solucion. Jan\u00eb t\u00eb sigurta dhe efektive p\u00ebr heqjen e kallove. P\u00ebrdorimi: Pasi t\u00eb kesh pastruar dhe [&hellip;]\" \/>\n<meta property=\"og:url\" content=\"https:\/\/vitanet.al\/sq\/product\/plastra-scholl-per-heqjen-e-kallove\/\" \/>\n<meta property=\"og:site_name\" content=\"VITANET ALBANIA\" \/>\n<meta property=\"og:image\" content=\"https:\/\/vitanet.al\/wp-content\/uploads\/2026\/03\/ALB_4185-e1774444551324.jpg\" \/>\n\t<meta property=\"og:image:width\" content=\"1080\" \/>\n\t<meta property=\"og:image:height\" content=\"1080\" \/>\n\t<meta property=\"og:image:type\" content=\"image\/jpeg\" \/>\n<meta name=\"twitter:card\" content=\"summary_large_image\" \/>\n<meta name=\"twitter:label1\" content=\"Est. reading time\" \/>\n\t<meta name=\"twitter:data1\" content=\"1 minute\" \/>\n<script type=\"application\/ld+json\" class=\"yoast-schema-graph\">{\"@context\":\"https:\\\/\\\/schema.org\",\"@graph\":[{\"@type\":\"WebPage\",\"@id\":\"https:\\\/\\\/vitanet.al\\\/sq\\\/product\\\/plastra-scholl-per-heqjen-e-kallove\\\/\",\"url\":\"https:\\\/\\\/vitanet.al\\\/sq\\\/product\\\/plastra-scholl-per-heqjen-e-kallove\\\/\",\"name\":\"PLASTRA SCHOLL P\u00cbR HEQJEN E KALLOVE - VITANET ALBANIA\",\"isPartOf\":{\"@id\":\"https:\\\/\\\/vitanet.al\\\/sq\\\/#website\"},\"primaryImageOfPage\":{\"@id\":\"https:\\\/\\\/vitanet.al\\\/sq\\\/product\\\/plastra-scholl-per-heqjen-e-kallove\\\/#primaryimage\"},\"image\":{\"@id\":\"https:\\\/\\\/vitanet.al\\\/sq\\\/product\\\/plastra-scholl-per-heqjen-e-kallove\\\/#primaryimage\"},\"thumbnailUrl\":\"https:\\\/\\\/vitanet.al\\\/wp-content\\\/uploads\\\/2026\\\/03\\\/ALB_4185-e1774444551324.jpg\",\"datePublished\":\"2026-03-25T13:18:03+00:00\",\"breadcrumb\":{\"@id\":\"https:\\\/\\\/vitanet.al\\\/sq\\\/product\\\/plastra-scholl-per-heqjen-e-kallove\\\/#breadcrumb\"},\"inLanguage\":\"sq-AL\",\"potentialAction\":[{\"@type\":\"ReadAction\",\"target\":[\"https:\\\/\\\/vitanet.al\\\/sq\\\/product\\\/plastra-scholl-per-heqjen-e-kallove\\\/\"]}]},{\"@type\":\"ImageObject\",\"inLanguage\":\"sq-AL\",\"@id\":\"https:\\\/\\\/vitanet.al\\\/sq\\\/product\\\/plastra-scholl-per-heqjen-e-kallove\\\/#primaryimage\",\"url\":\"https:\\\/\\\/vitanet.al\\\/wp-content\\\/uploads\\\/2026\\\/03\\\/ALB_4185-e1774444551324.jpg\",\"contentUrl\":\"https:\\\/\\\/vitanet.al\\\/wp-content\\\/uploads\\\/2026\\\/03\\\/ALB_4185-e1774444551324.jpg\",\"width\":1080,\"height\":1080},{\"@type\":\"BreadcrumbList\",\"@id\":\"https:\\\/\\\/vitanet.al\\\/sq\\\/product\\\/plastra-scholl-per-heqjen-e-kallove\\\/#breadcrumb\",\"itemListElement\":[{\"@type\":\"ListItem\",\"position\":1,\"name\":\"Home\",\"item\":\"https:\\\/\\\/vitanet.al\\\/sq\\\/\"},{\"@type\":\"ListItem\",\"position\":2,\"name\":\"Shop\",\"item\":\"https:\\\/\\\/vitanet.al\\\/sq\\\/shop\\\/\"},{\"@type\":\"ListItem\",\"position\":3,\"name\":\"PLASTRA SCHOLL P\u00cbR HEQJEN E KALLOVE\"}]},{\"@type\":\"WebSite\",\"@id\":\"https:\\\/\\\/vitanet.al\\\/sq\\\/#website\",\"url\":\"https:\\\/\\\/vitanet.al\\\/sq\\\/\",\"name\":\"VITANET ALBANIA\",\"description\":\"\",\"publisher\":{\"@id\":\"https:\\\/\\\/vitanet.al\\\/sq\\\/#organization\"},\"potentialAction\":[{\"@type\":\"SearchAction\",\"target\":{\"@type\":\"EntryPoint\",\"urlTemplate\":\"https:\\\/\\\/vitanet.al\\\/sq\\\/?s={search_term_string}\"},\"query-input\":{\"@type\":\"PropertyValueSpecification\",\"valueRequired\":true,\"valueName\":\"search_term_string\"}}],\"inLanguage\":\"sq-AL\"},{\"@type\":\"Organization\",\"@id\":\"https:\\\/\\\/vitanet.al\\\/sq\\\/#organization\",\"name\":\"VITANET ALBANIA\",\"url\":\"https:\\\/\\\/vitanet.al\\\/sq\\\/\",\"logo\":{\"@type\":\"ImageObject\",\"inLanguage\":\"sq-AL\",\"@id\":\"https:\\\/\\\/vitanet.al\\\/sq\\\/#\\\/schema\\\/logo\\\/image\\\/\",\"url\":\"https:\\\/\\\/vitanet.al\\\/wp-content\\\/uploads\\\/2022\\\/02\\\/Vitanet_Logo-scaled.webp\",\"contentUrl\":\"https:\\\/\\\/vitanet.al\\\/wp-content\\\/uploads\\\/2022\\\/02\\\/Vitanet_Logo-scaled.webp\",\"width\":2560,\"height\":714,\"caption\":\"VITANET ALBANIA\"},\"image\":{\"@id\":\"https:\\\/\\\/vitanet.al\\\/sq\\\/#\\\/schema\\\/logo\\\/image\\\/\"}}]}<\/script>\n<!-- \/ Yoast SEO plugin. -->","yoast_head_json":{"title":"PLASTRA SCHOLL P\u00cbR HEQJEN E KALLOVE - VITANET ALBANIA","robots":{"index":"index","follow":"follow","max-snippet":"max-snippet:-1","max-image-preview":"max-image-preview:large","max-video-preview":"max-video-preview:-1"},"canonical":"https:\/\/vitanet.al\/sq\/product\/plastra-scholl-per-heqjen-e-kallove\/","og_locale":"sq_AL","og_type":"article","og_title":"PLASTRA SCHOLL P\u00cbR HEQJEN E KALLOVE - VITANET ALBANIA","og_description":"PLASTRA SCHOLL P\u00cbR KALLOT. Me efekt mbrojt\u00ebs dhe eliminues. T\u00eb p\u00ebrshtatshme p\u00ebr t\u00eb gjitha llojet e kallove n\u00eb shput\u00eb. Ideale p\u00ebr kallot te gishtat dhe thembra. P\u00ebrmban: acid salicilik. P\u00ebrmban 4 plastra rezistente ndaj ujit dhe 4 disqe me solucion. Jan\u00eb t\u00eb sigurta dhe efektive p\u00ebr heqjen e kallove. P\u00ebrdorimi: Pasi t\u00eb kesh pastruar dhe [&hellip;]","og_url":"https:\/\/vitanet.al\/sq\/product\/plastra-scholl-per-heqjen-e-kallove\/","og_site_name":"VITANET ALBANIA","og_image":[{"width":1080,"height":1080,"url":"https:\/\/vitanet.al\/wp-content\/uploads\/2026\/03\/ALB_4185-e1774444551324.jpg","type":"image\/jpeg"}],"twitter_card":"summary_large_image","twitter_misc":{"Est. reading time":"1 minute"},"schema":{"@context":"https:\/\/schema.org","@graph":[{"@type":"WebPage","@id":"https:\/\/vitanet.al\/sq\/product\/plastra-scholl-per-heqjen-e-kallove\/","url":"https:\/\/vitanet.al\/sq\/product\/plastra-scholl-per-heqjen-e-kallove\/","name":"PLASTRA SCHOLL P\u00cbR HEQJEN E KALLOVE - VITANET ALBANIA","isPartOf":{"@id":"https:\/\/vitanet.al\/sq\/#website"},"primaryImageOfPage":{"@id":"https:\/\/vitanet.al\/sq\/product\/plastra-scholl-per-heqjen-e-kallove\/#primaryimage"},"image":{"@id":"https:\/\/vitanet.al\/sq\/product\/plastra-scholl-per-heqjen-e-kallove\/#primaryimage"},"thumbnailUrl":"https:\/\/vitanet.al\/wp-content\/uploads\/2026\/03\/ALB_4185-e1774444551324.jpg","datePublished":"2026-03-25T13:18:03+00:00","breadcrumb":{"@id":"https:\/\/vitanet.al\/sq\/product\/plastra-scholl-per-heqjen-e-kallove\/#breadcrumb"},"inLanguage":"sq-AL","potentialAction":[{"@type":"ReadAction","target":["https:\/\/vitanet.al\/sq\/product\/plastra-scholl-per-heqjen-e-kallove\/"]}]},{"@type":"ImageObject","inLanguage":"sq-AL","@id":"https:\/\/vitanet.al\/sq\/product\/plastra-scholl-per-heqjen-e-kallove\/#primaryimage","url":"https:\/\/vitanet.al\/wp-content\/uploads\/2026\/03\/ALB_4185-e1774444551324.jpg","contentUrl":"https:\/\/vitanet.al\/wp-content\/uploads\/2026\/03\/ALB_4185-e1774444551324.jpg","width":1080,"height":1080},{"@type":"BreadcrumbList","@id":"https:\/\/vitanet.al\/sq\/product\/plastra-scholl-per-heqjen-e-kallove\/#breadcrumb","itemListElement":[{"@type":"ListItem","position":1,"name":"Home","item":"https:\/\/vitanet.al\/sq\/"},{"@type":"ListItem","position":2,"name":"Shop","item":"https:\/\/vitanet.al\/sq\/shop\/"},{"@type":"ListItem","position":3,"name":"PLASTRA SCHOLL P\u00cbR HEQJEN E KALLOVE"}]},{"@type":"WebSite","@id":"https:\/\/vitanet.al\/sq\/#website","url":"https:\/\/vitanet.al\/sq\/","name":"VITANET ALBANIA","description":"","publisher":{"@id":"https:\/\/vitanet.al\/sq\/#organization"},"potentialAction":[{"@type":"SearchAction","target":{"@type":"EntryPoint","urlTemplate":"https:\/\/vitanet.al\/sq\/?s={search_term_string}"},"query-input":{"@type":"PropertyValueSpecification","valueRequired":true,"valueName":"search_term_string"}}],"inLanguage":"sq-AL"},{"@type":"Organization","@id":"https:\/\/vitanet.al\/sq\/#organization","name":"VITANET ALBANIA","url":"https:\/\/vitanet.al\/sq\/","logo":{"@type":"ImageObject","inLanguage":"sq-AL","@id":"https:\/\/vitanet.al\/sq\/#\/schema\/logo\/image\/","url":"https:\/\/vitanet.al\/wp-content\/uploads\/2022\/02\/Vitanet_Logo-scaled.webp","contentUrl":"https:\/\/vitanet.al\/wp-content\/uploads\/2022\/02\/Vitanet_Logo-scaled.webp","width":2560,"height":714,"caption":"VITANET ALBANIA"},"image":{"@id":"https:\/\/vitanet.al\/sq\/#\/schema\/logo\/image\/"}}]}},"_links":{"self":[{"href":"https:\/\/vitanet.al\/sq\/wp-json\/wp\/v2\/product\/8468","targetHints":{"allow":["GET"]}}],"collection":[{"href":"https:\/\/vitanet.al\/sq\/wp-json\/wp\/v2\/product"}],"about":[{"href":"https:\/\/vitanet.al\/sq\/wp-json\/wp\/v2\/types\/product"}],"version-history":[{"count":0,"href":"https:\/\/vitanet.al\/sq\/wp-json\/wp\/v2\/product\/8468\/revisions"}],"wp:featuredmedia":[{"embeddable":true,"href":"https:\/\/vitanet.al\/sq\/wp-json\/wp\/v2\/media\/8461"}],"wp:attachment":[{"href":"https:\/\/vitanet.al\/sq\/wp-json\/wp\/v2\/media?parent=8468"}],"wp:term":[{"taxonomy":"product_brand","embeddable":true,"href":"https:\/\/vitanet.al\/sq\/wp-json\/wp\/v2\/product_brand?post=8468"},{"taxonomy":"product_cat","embeddable":true,"href":"https:\/\/vitanet.al\/sq\/wp-json\/wp\/v2\/product_cat?post=8468"},{"taxonomy":"product_tag","embeddable":true,"href":"https:\/\/vitanet.al\/sq\/wp-json\/wp\/v2\/product_tag?post=8468"}],"curies":[{"name":"wp","href":"https:\/\/api.w.org\/{rel}","templated":true}]}}