{"id":8474,"date":"2026-03-25T13:21:41","date_gmt":"2026-03-25T13:21:41","guid":{"rendered":"https:\/\/vitanet.al\/product\/balsam-scholl-per-thembra-te-plasaritura\/"},"modified":"2026-03-25T13:21:41","modified_gmt":"2026-03-25T13:21:41","slug":"balsam-scholl-per-thembra-te-plasaritura","status":"publish","type":"product","link":"https:\/\/vitanet.al\/sq\/product\/balsam-scholl-per-thembra-te-plasaritura\/","title":{"rendered":"BALSAM SCHOLL P\u00cbR THEMBRA T\u00cb PLASARITURA"},"content":{"rendered":"<p>SCHOLL KREM P\u00cbR THEMBRAT E PLASARITURA<br \/>\nP\u00ebrmban: Active Repair K+, uj\u00eb, ure, decyl oleate, dimethicone, lanolin\u00eb etj. Vet\u00ebm p\u00ebr p\u00ebrdorim t\u00eb jasht\u00ebm. P\u00ebrdorimi: Rekomandohet t\u00eb p\u00ebrdoret dy her\u00eb n\u00eb dit\u00eb pas pastrimit dhe tharjes s\u00eb k\u00ebmb\u00ebve. Rezultatet jan\u00eb t\u00eb dukshme pas 3 dit\u00ebsh. Pas nj\u00eb jave mund t\u00eb kesh s\u00ebrish thembra t\u00eb l\u00ebmuara dhe t\u00eb buta. Pa arom\u00eb. Shmang p\u00ebrdorimin n\u00eb l\u00ebkur\u00eb t\u00eb d\u00ebmtuar, t\u00eb irrituar ose t\u00eb inflamuar. N\u00eb rast irritimi, nd\u00ebrprit aplikimin. Mbaje larg f\u00ebmij\u00ebve. Shmang kontaktin me syt\u00eb. Ruaje n\u00eb temperatur\u00eb n\u00ebn 25 \u00b0C.<br \/>\nPaketimi: tubet 60 ml<\/p>\n","protected":false},"excerpt":{"rendered":"<p>SCHOLL KREM P\u00cbR THEMBRAT E PLASARITURA P\u00ebrmban: Active Repair K+, uj\u00eb, ure, decyl oleate, dimethicone, lanolin\u00eb etj. Vet\u00ebm p\u00ebr p\u00ebrdorim t\u00eb jasht\u00ebm. P\u00ebrdorimi: Rekomandohet t\u00eb p\u00ebrdoret dy her\u00eb n\u00eb dit\u00eb pas pastrimit dhe tharjes s\u00eb k\u00ebmb\u00ebve. Rezultatet jan\u00eb t\u00eb dukshme pas 3 dit\u00ebsh. Pas nj\u00eb jave mund t\u00eb kesh s\u00ebrish thembra t\u00eb l\u00ebmuara dhe t\u00eb [&hellip;]<\/p>\n","protected":false},"featured_media":8470,"template":"","meta":[],"product_brand":[],"product_cat":[182,181],"product_tag":[191,184,192],"class_list":{"0":"post-8474","1":"product","2":"type-product","3":"status-publish","4":"has-post-thumbnail","6":"product_cat-kujdesi-personal","7":"product_cat-scholl","8":"product_tag-kujdes-personal","9":"product_tag-scholl","10":"product_tag-thembra-te-plasaritura","12":"first","13":"instock","14":"shipping-taxable","15":"purchasable","16":"product-type-simple"},"yoast_head":"<!-- This site is optimized with the Yoast SEO plugin v27.3 - https:\/\/yoast.com\/product\/yoast-seo-wordpress\/ -->\n<title>BALSAM SCHOLL P\u00cbR THEMBRA T\u00cb PLASARITURA - VITANET ALBANIA<\/title>\n<meta name=\"robots\" content=\"index, follow, max-snippet:-1, max-image-preview:large, max-video-preview:-1\" \/>\n<link rel=\"canonical\" href=\"https:\/\/vitanet.al\/sq\/product\/balsam-scholl-per-thembra-te-plasaritura\/\" \/>\n<meta property=\"og:locale\" content=\"sq_AL\" \/>\n<meta property=\"og:type\" content=\"article\" \/>\n<meta property=\"og:title\" content=\"BALSAM SCHOLL P\u00cbR THEMBRA T\u00cb PLASARITURA - VITANET ALBANIA\" \/>\n<meta property=\"og:description\" content=\"SCHOLL KREM P\u00cbR THEMBRAT E PLASARITURA P\u00ebrmban: Active Repair K+, uj\u00eb, ure, decyl oleate, dimethicone, lanolin\u00eb etj. Vet\u00ebm p\u00ebr p\u00ebrdorim t\u00eb jasht\u00ebm. P\u00ebrdorimi: Rekomandohet t\u00eb p\u00ebrdoret dy her\u00eb n\u00eb dit\u00eb pas pastrimit dhe tharjes s\u00eb k\u00ebmb\u00ebve. Rezultatet jan\u00eb t\u00eb dukshme pas 3 dit\u00ebsh. Pas nj\u00eb jave mund t\u00eb kesh s\u00ebrish thembra t\u00eb l\u00ebmuara dhe t\u00eb [&hellip;]\" \/>\n<meta property=\"og:url\" content=\"https:\/\/vitanet.al\/sq\/product\/balsam-scholl-per-thembra-te-plasaritura\/\" \/>\n<meta property=\"og:site_name\" content=\"VITANET ALBANIA\" \/>\n<meta property=\"og:image\" content=\"https:\/\/vitanet.al\/wp-content\/uploads\/2026\/03\/ALB_4202-e1774444847782.jpg\" \/>\n\t<meta property=\"og:image:width\" content=\"1080\" \/>\n\t<meta property=\"og:image:height\" content=\"1080\" \/>\n\t<meta property=\"og:image:type\" content=\"image\/jpeg\" \/>\n<meta name=\"twitter:card\" content=\"summary_large_image\" \/>\n<meta name=\"twitter:label1\" content=\"Est. reading time\" \/>\n\t<meta name=\"twitter:data1\" content=\"1 minute\" \/>\n<script type=\"application\/ld+json\" class=\"yoast-schema-graph\">{\"@context\":\"https:\\\/\\\/schema.org\",\"@graph\":[{\"@type\":\"WebPage\",\"@id\":\"https:\\\/\\\/vitanet.al\\\/sq\\\/product\\\/balsam-scholl-per-thembra-te-plasaritura\\\/\",\"url\":\"https:\\\/\\\/vitanet.al\\\/sq\\\/product\\\/balsam-scholl-per-thembra-te-plasaritura\\\/\",\"name\":\"BALSAM SCHOLL P\u00cbR THEMBRA T\u00cb PLASARITURA - VITANET ALBANIA\",\"isPartOf\":{\"@id\":\"https:\\\/\\\/vitanet.al\\\/sq\\\/#website\"},\"primaryImageOfPage\":{\"@id\":\"https:\\\/\\\/vitanet.al\\\/sq\\\/product\\\/balsam-scholl-per-thembra-te-plasaritura\\\/#primaryimage\"},\"image\":{\"@id\":\"https:\\\/\\\/vitanet.al\\\/sq\\\/product\\\/balsam-scholl-per-thembra-te-plasaritura\\\/#primaryimage\"},\"thumbnailUrl\":\"https:\\\/\\\/vitanet.al\\\/wp-content\\\/uploads\\\/2026\\\/03\\\/ALB_4202-e1774444847782.jpg\",\"datePublished\":\"2026-03-25T13:21:41+00:00\",\"breadcrumb\":{\"@id\":\"https:\\\/\\\/vitanet.al\\\/sq\\\/product\\\/balsam-scholl-per-thembra-te-plasaritura\\\/#breadcrumb\"},\"inLanguage\":\"sq-AL\",\"potentialAction\":[{\"@type\":\"ReadAction\",\"target\":[\"https:\\\/\\\/vitanet.al\\\/sq\\\/product\\\/balsam-scholl-per-thembra-te-plasaritura\\\/\"]}]},{\"@type\":\"ImageObject\",\"inLanguage\":\"sq-AL\",\"@id\":\"https:\\\/\\\/vitanet.al\\\/sq\\\/product\\\/balsam-scholl-per-thembra-te-plasaritura\\\/#primaryimage\",\"url\":\"https:\\\/\\\/vitanet.al\\\/wp-content\\\/uploads\\\/2026\\\/03\\\/ALB_4202-e1774444847782.jpg\",\"contentUrl\":\"https:\\\/\\\/vitanet.al\\\/wp-content\\\/uploads\\\/2026\\\/03\\\/ALB_4202-e1774444847782.jpg\",\"width\":1080,\"height\":1080},{\"@type\":\"BreadcrumbList\",\"@id\":\"https:\\\/\\\/vitanet.al\\\/sq\\\/product\\\/balsam-scholl-per-thembra-te-plasaritura\\\/#breadcrumb\",\"itemListElement\":[{\"@type\":\"ListItem\",\"position\":1,\"name\":\"Home\",\"item\":\"https:\\\/\\\/vitanet.al\\\/sq\\\/\"},{\"@type\":\"ListItem\",\"position\":2,\"name\":\"Shop\",\"item\":\"https:\\\/\\\/vitanet.al\\\/sq\\\/shop\\\/\"},{\"@type\":\"ListItem\",\"position\":3,\"name\":\"BALSAM SCHOLL P\u00cbR THEMBRA T\u00cb PLASARITURA\"}]},{\"@type\":\"WebSite\",\"@id\":\"https:\\\/\\\/vitanet.al\\\/sq\\\/#website\",\"url\":\"https:\\\/\\\/vitanet.al\\\/sq\\\/\",\"name\":\"VITANET ALBANIA\",\"description\":\"\",\"publisher\":{\"@id\":\"https:\\\/\\\/vitanet.al\\\/sq\\\/#organization\"},\"potentialAction\":[{\"@type\":\"SearchAction\",\"target\":{\"@type\":\"EntryPoint\",\"urlTemplate\":\"https:\\\/\\\/vitanet.al\\\/sq\\\/?s={search_term_string}\"},\"query-input\":{\"@type\":\"PropertyValueSpecification\",\"valueRequired\":true,\"valueName\":\"search_term_string\"}}],\"inLanguage\":\"sq-AL\"},{\"@type\":\"Organization\",\"@id\":\"https:\\\/\\\/vitanet.al\\\/sq\\\/#organization\",\"name\":\"VITANET ALBANIA\",\"url\":\"https:\\\/\\\/vitanet.al\\\/sq\\\/\",\"logo\":{\"@type\":\"ImageObject\",\"inLanguage\":\"sq-AL\",\"@id\":\"https:\\\/\\\/vitanet.al\\\/sq\\\/#\\\/schema\\\/logo\\\/image\\\/\",\"url\":\"https:\\\/\\\/vitanet.al\\\/wp-content\\\/uploads\\\/2022\\\/02\\\/Vitanet_Logo-scaled.webp\",\"contentUrl\":\"https:\\\/\\\/vitanet.al\\\/wp-content\\\/uploads\\\/2022\\\/02\\\/Vitanet_Logo-scaled.webp\",\"width\":2560,\"height\":714,\"caption\":\"VITANET ALBANIA\"},\"image\":{\"@id\":\"https:\\\/\\\/vitanet.al\\\/sq\\\/#\\\/schema\\\/logo\\\/image\\\/\"}}]}<\/script>\n<!-- \/ Yoast SEO plugin. -->","yoast_head_json":{"title":"BALSAM SCHOLL P\u00cbR THEMBRA T\u00cb PLASARITURA - VITANET ALBANIA","robots":{"index":"index","follow":"follow","max-snippet":"max-snippet:-1","max-image-preview":"max-image-preview:large","max-video-preview":"max-video-preview:-1"},"canonical":"https:\/\/vitanet.al\/sq\/product\/balsam-scholl-per-thembra-te-plasaritura\/","og_locale":"sq_AL","og_type":"article","og_title":"BALSAM SCHOLL P\u00cbR THEMBRA T\u00cb PLASARITURA - VITANET ALBANIA","og_description":"SCHOLL KREM P\u00cbR THEMBRAT E PLASARITURA P\u00ebrmban: Active Repair K+, uj\u00eb, ure, decyl oleate, dimethicone, lanolin\u00eb etj. Vet\u00ebm p\u00ebr p\u00ebrdorim t\u00eb jasht\u00ebm. P\u00ebrdorimi: Rekomandohet t\u00eb p\u00ebrdoret dy her\u00eb n\u00eb dit\u00eb pas pastrimit dhe tharjes s\u00eb k\u00ebmb\u00ebve. Rezultatet jan\u00eb t\u00eb dukshme pas 3 dit\u00ebsh. Pas nj\u00eb jave mund t\u00eb kesh s\u00ebrish thembra t\u00eb l\u00ebmuara dhe t\u00eb [&hellip;]","og_url":"https:\/\/vitanet.al\/sq\/product\/balsam-scholl-per-thembra-te-plasaritura\/","og_site_name":"VITANET ALBANIA","og_image":[{"width":1080,"height":1080,"url":"https:\/\/vitanet.al\/wp-content\/uploads\/2026\/03\/ALB_4202-e1774444847782.jpg","type":"image\/jpeg"}],"twitter_card":"summary_large_image","twitter_misc":{"Est. reading time":"1 minute"},"schema":{"@context":"https:\/\/schema.org","@graph":[{"@type":"WebPage","@id":"https:\/\/vitanet.al\/sq\/product\/balsam-scholl-per-thembra-te-plasaritura\/","url":"https:\/\/vitanet.al\/sq\/product\/balsam-scholl-per-thembra-te-plasaritura\/","name":"BALSAM SCHOLL P\u00cbR THEMBRA T\u00cb PLASARITURA - VITANET ALBANIA","isPartOf":{"@id":"https:\/\/vitanet.al\/sq\/#website"},"primaryImageOfPage":{"@id":"https:\/\/vitanet.al\/sq\/product\/balsam-scholl-per-thembra-te-plasaritura\/#primaryimage"},"image":{"@id":"https:\/\/vitanet.al\/sq\/product\/balsam-scholl-per-thembra-te-plasaritura\/#primaryimage"},"thumbnailUrl":"https:\/\/vitanet.al\/wp-content\/uploads\/2026\/03\/ALB_4202-e1774444847782.jpg","datePublished":"2026-03-25T13:21:41+00:00","breadcrumb":{"@id":"https:\/\/vitanet.al\/sq\/product\/balsam-scholl-per-thembra-te-plasaritura\/#breadcrumb"},"inLanguage":"sq-AL","potentialAction":[{"@type":"ReadAction","target":["https:\/\/vitanet.al\/sq\/product\/balsam-scholl-per-thembra-te-plasaritura\/"]}]},{"@type":"ImageObject","inLanguage":"sq-AL","@id":"https:\/\/vitanet.al\/sq\/product\/balsam-scholl-per-thembra-te-plasaritura\/#primaryimage","url":"https:\/\/vitanet.al\/wp-content\/uploads\/2026\/03\/ALB_4202-e1774444847782.jpg","contentUrl":"https:\/\/vitanet.al\/wp-content\/uploads\/2026\/03\/ALB_4202-e1774444847782.jpg","width":1080,"height":1080},{"@type":"BreadcrumbList","@id":"https:\/\/vitanet.al\/sq\/product\/balsam-scholl-per-thembra-te-plasaritura\/#breadcrumb","itemListElement":[{"@type":"ListItem","position":1,"name":"Home","item":"https:\/\/vitanet.al\/sq\/"},{"@type":"ListItem","position":2,"name":"Shop","item":"https:\/\/vitanet.al\/sq\/shop\/"},{"@type":"ListItem","position":3,"name":"BALSAM SCHOLL P\u00cbR THEMBRA T\u00cb PLASARITURA"}]},{"@type":"WebSite","@id":"https:\/\/vitanet.al\/sq\/#website","url":"https:\/\/vitanet.al\/sq\/","name":"VITANET ALBANIA","description":"","publisher":{"@id":"https:\/\/vitanet.al\/sq\/#organization"},"potentialAction":[{"@type":"SearchAction","target":{"@type":"EntryPoint","urlTemplate":"https:\/\/vitanet.al\/sq\/?s={search_term_string}"},"query-input":{"@type":"PropertyValueSpecification","valueRequired":true,"valueName":"search_term_string"}}],"inLanguage":"sq-AL"},{"@type":"Organization","@id":"https:\/\/vitanet.al\/sq\/#organization","name":"VITANET ALBANIA","url":"https:\/\/vitanet.al\/sq\/","logo":{"@type":"ImageObject","inLanguage":"sq-AL","@id":"https:\/\/vitanet.al\/sq\/#\/schema\/logo\/image\/","url":"https:\/\/vitanet.al\/wp-content\/uploads\/2022\/02\/Vitanet_Logo-scaled.webp","contentUrl":"https:\/\/vitanet.al\/wp-content\/uploads\/2022\/02\/Vitanet_Logo-scaled.webp","width":2560,"height":714,"caption":"VITANET ALBANIA"},"image":{"@id":"https:\/\/vitanet.al\/sq\/#\/schema\/logo\/image\/"}}]}},"_links":{"self":[{"href":"https:\/\/vitanet.al\/sq\/wp-json\/wp\/v2\/product\/8474","targetHints":{"allow":["GET"]}}],"collection":[{"href":"https:\/\/vitanet.al\/sq\/wp-json\/wp\/v2\/product"}],"about":[{"href":"https:\/\/vitanet.al\/sq\/wp-json\/wp\/v2\/types\/product"}],"version-history":[{"count":0,"href":"https:\/\/vitanet.al\/sq\/wp-json\/wp\/v2\/product\/8474\/revisions"}],"wp:featuredmedia":[{"embeddable":true,"href":"https:\/\/vitanet.al\/sq\/wp-json\/wp\/v2\/media\/8470"}],"wp:attachment":[{"href":"https:\/\/vitanet.al\/sq\/wp-json\/wp\/v2\/media?parent=8474"}],"wp:term":[{"taxonomy":"product_brand","embeddable":true,"href":"https:\/\/vitanet.al\/sq\/wp-json\/wp\/v2\/product_brand?post=8474"},{"taxonomy":"product_cat","embeddable":true,"href":"https:\/\/vitanet.al\/sq\/wp-json\/wp\/v2\/product_cat?post=8474"},{"taxonomy":"product_tag","embeddable":true,"href":"https:\/\/vitanet.al\/sq\/wp-json\/wp\/v2\/product_tag?post=8474"}],"curies":[{"name":"wp","href":"https:\/\/api.w.org\/{rel}","templated":true}]}}