{"id":8476,"date":"2026-03-25T13:23:24","date_gmt":"2026-03-25T13:23:24","guid":{"rendered":"https:\/\/vitanet.al\/product\/scholl-pediamask\/"},"modified":"2026-03-25T13:25:04","modified_gmt":"2026-03-25T13:25:04","slug":"scholl-pediamask","status":"publish","type":"product","link":"https:\/\/vitanet.al\/sq\/product\/scholl-pediamask\/","title":{"rendered":"SCHOLL PEDIAMASK"},"content":{"rendered":"<p>SCHOLL PEDIMASK MASK\u00cb HIDRATUESE, ZBUT\u00cbSE DHE RIPARUESE P\u00cbR K\u00cbMB\u00cbT. P\u00ebrmban: vaj makadamia, ure, gjalp\u00eb shea, uj\u00eb, glicerin\u00eb, dimetikon, gliceril stearat, etj.<br \/>\nP\u00ebrdorimi: Hiqe mask\u00ebn nga paketimi dhe prite te vendi i sh\u00ebnuar n\u00eb pjes\u00ebn e sip\u00ebrme t\u00eb \u00e7orapes. Vishe secil\u00ebn \u00e7orape n\u00eb k\u00ebmb\u00eb t\u00eb pastra e t\u00eb thara, duke e fiksuar me shiritin ngjit\u00ebs. Mbaje p\u00ebr 20 minuta dhe masazho k\u00ebmb\u00ebt p\u00ebr p\u00ebrthithje m\u00eb t\u00eb mir\u00eb. Shmang p\u00ebrdorimin n\u00eb l\u00ebkur\u00eb t\u00eb d\u00ebmtuar, t\u00eb irrituar ose t\u00eb pezmatuar. N\u00eb rast irritimi, nd\u00ebrprite p\u00ebrdorimin. Mbaje larg f\u00ebmij\u00ebve. Shmang kontaktin me syt\u00eb. Ruaje n\u00eb vend t\u00eb fresk\u00ebt dhe t\u00eb that\u00eb. Mos ec me mask\u00eb sepse mund t\u00eb rr\u00ebshqas\u00ebsh. Paketimi: 1 pal\u00eb<\/p>\n","protected":false},"excerpt":{"rendered":"<p>SCHOLL PEDIMASK MASK\u00cb HIDRATUESE, ZBUT\u00cbSE DHE RIPARUESE P\u00cbR K\u00cbMB\u00cbT. P\u00ebrmban: vaj makadamia, ure, gjalp\u00eb shea, uj\u00eb, glicerin\u00eb, dimetikon, gliceril stearat, etj. P\u00ebrdorimi: Hiqe mask\u00ebn nga paketimi dhe prite te vendi i sh\u00ebnuar n\u00eb pjes\u00ebn e sip\u00ebrme t\u00eb \u00e7orapes. Vishe secil\u00ebn \u00e7orape n\u00eb k\u00ebmb\u00eb t\u00eb pastra e t\u00eb thara, duke e fiksuar me shiritin ngjit\u00ebs. Mbaje [&hellip;]<\/p>\n","protected":false},"featured_media":8478,"template":"","meta":[],"product_brand":[],"product_cat":[182,181,100],"product_tag":[191,183,195,196,184],"class_list":{"0":"post-8476","1":"product","2":"type-product","3":"status-publish","4":"has-post-thumbnail","6":"product_cat-kujdesi-personal","7":"product_cat-scholl","8":"product_cat-uncategorized-sq","9":"product_tag-kujdes-personal","10":"product_tag-kujdesi-per-kembet","11":"product_tag-maske","12":"product_tag-maske-per-kembet","13":"product_tag-scholl","15":"first","16":"instock","17":"shipping-taxable","18":"purchasable","19":"product-type-simple"},"yoast_head":"<!-- This site is optimized with the Yoast SEO plugin v27.3 - https:\/\/yoast.com\/product\/yoast-seo-wordpress\/ -->\n<title>SCHOLL PEDIAMASK - VITANET ALBANIA<\/title>\n<meta name=\"robots\" content=\"index, follow, max-snippet:-1, max-image-preview:large, max-video-preview:-1\" \/>\n<link rel=\"canonical\" href=\"https:\/\/vitanet.al\/sq\/product\/scholl-pediamask\/\" \/>\n<meta property=\"og:locale\" content=\"sq_AL\" \/>\n<meta property=\"og:type\" content=\"article\" \/>\n<meta property=\"og:title\" content=\"SCHOLL PEDIAMASK - VITANET ALBANIA\" \/>\n<meta property=\"og:description\" content=\"SCHOLL PEDIMASK MASK\u00cb HIDRATUESE, ZBUT\u00cbSE DHE RIPARUESE P\u00cbR K\u00cbMB\u00cbT. P\u00ebrmban: vaj makadamia, ure, gjalp\u00eb shea, uj\u00eb, glicerin\u00eb, dimetikon, gliceril stearat, etj. P\u00ebrdorimi: Hiqe mask\u00ebn nga paketimi dhe prite te vendi i sh\u00ebnuar n\u00eb pjes\u00ebn e sip\u00ebrme t\u00eb \u00e7orapes. Vishe secil\u00ebn \u00e7orape n\u00eb k\u00ebmb\u00eb t\u00eb pastra e t\u00eb thara, duke e fiksuar me shiritin ngjit\u00ebs. Mbaje [&hellip;]\" \/>\n<meta property=\"og:url\" content=\"https:\/\/vitanet.al\/sq\/product\/scholl-pediamask\/\" \/>\n<meta property=\"og:site_name\" content=\"VITANET ALBANIA\" \/>\n<meta property=\"article:modified_time\" content=\"2026-03-25T13:25:04+00:00\" \/>\n<meta property=\"og:image\" content=\"https:\/\/vitanet.al\/wp-content\/uploads\/2026\/03\/ALB_4191-e1774445076150.jpg\" \/>\n\t<meta property=\"og:image:width\" content=\"1080\" \/>\n\t<meta property=\"og:image:height\" content=\"1080\" \/>\n\t<meta property=\"og:image:type\" content=\"image\/jpeg\" \/>\n<meta name=\"twitter:card\" content=\"summary_large_image\" \/>\n<meta name=\"twitter:label1\" content=\"Est. reading time\" \/>\n\t<meta name=\"twitter:data1\" content=\"1 minute\" \/>\n<script type=\"application\/ld+json\" class=\"yoast-schema-graph\">{\"@context\":\"https:\\\/\\\/schema.org\",\"@graph\":[{\"@type\":\"WebPage\",\"@id\":\"https:\\\/\\\/vitanet.al\\\/sq\\\/product\\\/scholl-pediamask\\\/\",\"url\":\"https:\\\/\\\/vitanet.al\\\/sq\\\/product\\\/scholl-pediamask\\\/\",\"name\":\"SCHOLL PEDIAMASK - VITANET ALBANIA\",\"isPartOf\":{\"@id\":\"https:\\\/\\\/vitanet.al\\\/sq\\\/#website\"},\"primaryImageOfPage\":{\"@id\":\"https:\\\/\\\/vitanet.al\\\/sq\\\/product\\\/scholl-pediamask\\\/#primaryimage\"},\"image\":{\"@id\":\"https:\\\/\\\/vitanet.al\\\/sq\\\/product\\\/scholl-pediamask\\\/#primaryimage\"},\"thumbnailUrl\":\"https:\\\/\\\/vitanet.al\\\/wp-content\\\/uploads\\\/2026\\\/03\\\/ALB_4191-e1774445076150.jpg\",\"datePublished\":\"2026-03-25T13:23:24+00:00\",\"dateModified\":\"2026-03-25T13:25:04+00:00\",\"breadcrumb\":{\"@id\":\"https:\\\/\\\/vitanet.al\\\/sq\\\/product\\\/scholl-pediamask\\\/#breadcrumb\"},\"inLanguage\":\"sq-AL\",\"potentialAction\":[{\"@type\":\"ReadAction\",\"target\":[\"https:\\\/\\\/vitanet.al\\\/sq\\\/product\\\/scholl-pediamask\\\/\"]}]},{\"@type\":\"ImageObject\",\"inLanguage\":\"sq-AL\",\"@id\":\"https:\\\/\\\/vitanet.al\\\/sq\\\/product\\\/scholl-pediamask\\\/#primaryimage\",\"url\":\"https:\\\/\\\/vitanet.al\\\/wp-content\\\/uploads\\\/2026\\\/03\\\/ALB_4191-e1774445076150.jpg\",\"contentUrl\":\"https:\\\/\\\/vitanet.al\\\/wp-content\\\/uploads\\\/2026\\\/03\\\/ALB_4191-e1774445076150.jpg\",\"width\":1080,\"height\":1080},{\"@type\":\"BreadcrumbList\",\"@id\":\"https:\\\/\\\/vitanet.al\\\/sq\\\/product\\\/scholl-pediamask\\\/#breadcrumb\",\"itemListElement\":[{\"@type\":\"ListItem\",\"position\":1,\"name\":\"Home\",\"item\":\"https:\\\/\\\/vitanet.al\\\/sq\\\/\"},{\"@type\":\"ListItem\",\"position\":2,\"name\":\"Shop\",\"item\":\"https:\\\/\\\/vitanet.al\\\/sq\\\/shop\\\/\"},{\"@type\":\"ListItem\",\"position\":3,\"name\":\"SCHOLL PEDIAMASK\"}]},{\"@type\":\"WebSite\",\"@id\":\"https:\\\/\\\/vitanet.al\\\/sq\\\/#website\",\"url\":\"https:\\\/\\\/vitanet.al\\\/sq\\\/\",\"name\":\"VITANET ALBANIA\",\"description\":\"\",\"publisher\":{\"@id\":\"https:\\\/\\\/vitanet.al\\\/sq\\\/#organization\"},\"potentialAction\":[{\"@type\":\"SearchAction\",\"target\":{\"@type\":\"EntryPoint\",\"urlTemplate\":\"https:\\\/\\\/vitanet.al\\\/sq\\\/?s={search_term_string}\"},\"query-input\":{\"@type\":\"PropertyValueSpecification\",\"valueRequired\":true,\"valueName\":\"search_term_string\"}}],\"inLanguage\":\"sq-AL\"},{\"@type\":\"Organization\",\"@id\":\"https:\\\/\\\/vitanet.al\\\/sq\\\/#organization\",\"name\":\"VITANET ALBANIA\",\"url\":\"https:\\\/\\\/vitanet.al\\\/sq\\\/\",\"logo\":{\"@type\":\"ImageObject\",\"inLanguage\":\"sq-AL\",\"@id\":\"https:\\\/\\\/vitanet.al\\\/sq\\\/#\\\/schema\\\/logo\\\/image\\\/\",\"url\":\"https:\\\/\\\/vitanet.al\\\/wp-content\\\/uploads\\\/2022\\\/02\\\/Vitanet_Logo-scaled.webp\",\"contentUrl\":\"https:\\\/\\\/vitanet.al\\\/wp-content\\\/uploads\\\/2022\\\/02\\\/Vitanet_Logo-scaled.webp\",\"width\":2560,\"height\":714,\"caption\":\"VITANET ALBANIA\"},\"image\":{\"@id\":\"https:\\\/\\\/vitanet.al\\\/sq\\\/#\\\/schema\\\/logo\\\/image\\\/\"}}]}<\/script>\n<!-- \/ Yoast SEO plugin. -->","yoast_head_json":{"title":"SCHOLL PEDIAMASK - VITANET ALBANIA","robots":{"index":"index","follow":"follow","max-snippet":"max-snippet:-1","max-image-preview":"max-image-preview:large","max-video-preview":"max-video-preview:-1"},"canonical":"https:\/\/vitanet.al\/sq\/product\/scholl-pediamask\/","og_locale":"sq_AL","og_type":"article","og_title":"SCHOLL PEDIAMASK - VITANET ALBANIA","og_description":"SCHOLL PEDIMASK MASK\u00cb HIDRATUESE, ZBUT\u00cbSE DHE RIPARUESE P\u00cbR K\u00cbMB\u00cbT. P\u00ebrmban: vaj makadamia, ure, gjalp\u00eb shea, uj\u00eb, glicerin\u00eb, dimetikon, gliceril stearat, etj. P\u00ebrdorimi: Hiqe mask\u00ebn nga paketimi dhe prite te vendi i sh\u00ebnuar n\u00eb pjes\u00ebn e sip\u00ebrme t\u00eb \u00e7orapes. Vishe secil\u00ebn \u00e7orape n\u00eb k\u00ebmb\u00eb t\u00eb pastra e t\u00eb thara, duke e fiksuar me shiritin ngjit\u00ebs. Mbaje [&hellip;]","og_url":"https:\/\/vitanet.al\/sq\/product\/scholl-pediamask\/","og_site_name":"VITANET ALBANIA","article_modified_time":"2026-03-25T13:25:04+00:00","og_image":[{"width":1080,"height":1080,"url":"https:\/\/vitanet.al\/wp-content\/uploads\/2026\/03\/ALB_4191-e1774445076150.jpg","type":"image\/jpeg"}],"twitter_card":"summary_large_image","twitter_misc":{"Est. reading time":"1 minute"},"schema":{"@context":"https:\/\/schema.org","@graph":[{"@type":"WebPage","@id":"https:\/\/vitanet.al\/sq\/product\/scholl-pediamask\/","url":"https:\/\/vitanet.al\/sq\/product\/scholl-pediamask\/","name":"SCHOLL PEDIAMASK - VITANET ALBANIA","isPartOf":{"@id":"https:\/\/vitanet.al\/sq\/#website"},"primaryImageOfPage":{"@id":"https:\/\/vitanet.al\/sq\/product\/scholl-pediamask\/#primaryimage"},"image":{"@id":"https:\/\/vitanet.al\/sq\/product\/scholl-pediamask\/#primaryimage"},"thumbnailUrl":"https:\/\/vitanet.al\/wp-content\/uploads\/2026\/03\/ALB_4191-e1774445076150.jpg","datePublished":"2026-03-25T13:23:24+00:00","dateModified":"2026-03-25T13:25:04+00:00","breadcrumb":{"@id":"https:\/\/vitanet.al\/sq\/product\/scholl-pediamask\/#breadcrumb"},"inLanguage":"sq-AL","potentialAction":[{"@type":"ReadAction","target":["https:\/\/vitanet.al\/sq\/product\/scholl-pediamask\/"]}]},{"@type":"ImageObject","inLanguage":"sq-AL","@id":"https:\/\/vitanet.al\/sq\/product\/scholl-pediamask\/#primaryimage","url":"https:\/\/vitanet.al\/wp-content\/uploads\/2026\/03\/ALB_4191-e1774445076150.jpg","contentUrl":"https:\/\/vitanet.al\/wp-content\/uploads\/2026\/03\/ALB_4191-e1774445076150.jpg","width":1080,"height":1080},{"@type":"BreadcrumbList","@id":"https:\/\/vitanet.al\/sq\/product\/scholl-pediamask\/#breadcrumb","itemListElement":[{"@type":"ListItem","position":1,"name":"Home","item":"https:\/\/vitanet.al\/sq\/"},{"@type":"ListItem","position":2,"name":"Shop","item":"https:\/\/vitanet.al\/sq\/shop\/"},{"@type":"ListItem","position":3,"name":"SCHOLL PEDIAMASK"}]},{"@type":"WebSite","@id":"https:\/\/vitanet.al\/sq\/#website","url":"https:\/\/vitanet.al\/sq\/","name":"VITANET ALBANIA","description":"","publisher":{"@id":"https:\/\/vitanet.al\/sq\/#organization"},"potentialAction":[{"@type":"SearchAction","target":{"@type":"EntryPoint","urlTemplate":"https:\/\/vitanet.al\/sq\/?s={search_term_string}"},"query-input":{"@type":"PropertyValueSpecification","valueRequired":true,"valueName":"search_term_string"}}],"inLanguage":"sq-AL"},{"@type":"Organization","@id":"https:\/\/vitanet.al\/sq\/#organization","name":"VITANET ALBANIA","url":"https:\/\/vitanet.al\/sq\/","logo":{"@type":"ImageObject","inLanguage":"sq-AL","@id":"https:\/\/vitanet.al\/sq\/#\/schema\/logo\/image\/","url":"https:\/\/vitanet.al\/wp-content\/uploads\/2022\/02\/Vitanet_Logo-scaled.webp","contentUrl":"https:\/\/vitanet.al\/wp-content\/uploads\/2022\/02\/Vitanet_Logo-scaled.webp","width":2560,"height":714,"caption":"VITANET ALBANIA"},"image":{"@id":"https:\/\/vitanet.al\/sq\/#\/schema\/logo\/image\/"}}]}},"_links":{"self":[{"href":"https:\/\/vitanet.al\/sq\/wp-json\/wp\/v2\/product\/8476","targetHints":{"allow":["GET"]}}],"collection":[{"href":"https:\/\/vitanet.al\/sq\/wp-json\/wp\/v2\/product"}],"about":[{"href":"https:\/\/vitanet.al\/sq\/wp-json\/wp\/v2\/types\/product"}],"version-history":[{"count":1,"href":"https:\/\/vitanet.al\/sq\/wp-json\/wp\/v2\/product\/8476\/revisions"}],"predecessor-version":[{"id":8479,"href":"https:\/\/vitanet.al\/sq\/wp-json\/wp\/v2\/product\/8476\/revisions\/8479"}],"wp:featuredmedia":[{"embeddable":true,"href":"https:\/\/vitanet.al\/sq\/wp-json\/wp\/v2\/media\/8478"}],"wp:attachment":[{"href":"https:\/\/vitanet.al\/sq\/wp-json\/wp\/v2\/media?parent=8476"}],"wp:term":[{"taxonomy":"product_brand","embeddable":true,"href":"https:\/\/vitanet.al\/sq\/wp-json\/wp\/v2\/product_brand?post=8476"},{"taxonomy":"product_cat","embeddable":true,"href":"https:\/\/vitanet.al\/sq\/wp-json\/wp\/v2\/product_cat?post=8476"},{"taxonomy":"product_tag","embeddable":true,"href":"https:\/\/vitanet.al\/sq\/wp-json\/wp\/v2\/product_tag?post=8476"}],"curies":[{"name":"wp","href":"https:\/\/api.w.org\/{rel}","templated":true}]}}