{"id":8487,"date":"2026-03-25T13:28:19","date_gmt":"2026-03-25T13:28:19","guid":{"rendered":"https:\/\/vitanet.al\/product\/scholl-pediamask-2\/"},"modified":"2026-03-25T13:28:19","modified_gmt":"2026-03-25T13:28:19","slug":"scholl-pediamask-2","status":"publish","type":"product","link":"https:\/\/vitanet.al\/sq\/product\/scholl-pediamask-2\/","title":{"rendered":"SCHOLL PEDIAMASK"},"content":{"rendered":"<p>SCHOLL PEDIMASK MASK\u00cb HIDRATUESE RIGJENERUESE DHE RIPARUESE P\u00cbR K\u00cbMB\u00cbT. P\u00ebrmban: mjalt\u00eb manuka, ure, gjalp\u00eb shea, uj\u00eb, glicerin\u00eb, dimetikon, gliceril stearat, etj. P\u00ebrdorimi: Hiqe mask\u00ebn nga ambalazhi, preje n\u00eb vendin e caktuar n\u00eb pjes\u00ebn e sip\u00ebrme t\u00eb \u00e7orapes. Vishe secil\u00ebn \u00e7orape n\u00eb k\u00ebmb\u00eb t\u00eb pastra dhe t\u00eb thara paraprakisht, duke e fiksuar me pjes\u00ebn ngjit\u00ebse. Mbaje p\u00ebr 20 minuta dhe masazho k\u00ebmb\u00ebt p\u00ebr nj\u00eb p\u00ebrthithje m\u00eb t\u00eb mir\u00eb. Evito p\u00ebrdorimin n\u00eb l\u00ebkur\u00eb t\u00eb d\u00ebmtuar, t\u00eb irrituar ose t\u00eb inflamuar. N\u00eb rast irritimi, nd\u00ebrprite aplikimin. Mbaje larg f\u00ebmij\u00ebve. Evito kontaktin me syt\u00eb. Ruaje n\u00eb vend t\u00eb fresk\u00ebt dhe t\u00eb that\u00eb. Mos ec me mask\u00ebn pasi mund t\u00eb rr\u00ebshqas\u00ebsh. Paketimi: 1 Pal\u00eb           <\/p>\n","protected":false},"excerpt":{"rendered":"<p>SCHOLL PEDIMASK MASK\u00cb HIDRATUESE RIGJENERUESE DHE RIPARUESE P\u00cbR K\u00cbMB\u00cbT. P\u00ebrmban: mjalt\u00eb manuka, ure, gjalp\u00eb shea, uj\u00eb, glicerin\u00eb, dimetikon, gliceril stearat, etj. P\u00ebrdorimi: Hiqe mask\u00ebn nga ambalazhi, preje n\u00eb vendin e caktuar n\u00eb pjes\u00ebn e sip\u00ebrme t\u00eb \u00e7orapes. Vishe secil\u00ebn \u00e7orape n\u00eb k\u00ebmb\u00eb t\u00eb pastra dhe t\u00eb thara paraprakisht, duke e fiksuar me pjes\u00ebn ngjit\u00ebse. Mbaje [&hellip;]<\/p>\n","protected":false},"featured_media":8484,"template":"","meta":[],"product_brand":[],"product_cat":[182,181],"product_tag":[191,183,196,186,184],"class_list":{"0":"post-8487","1":"product","2":"type-product","3":"status-publish","4":"has-post-thumbnail","6":"product_cat-kujdesi-personal","7":"product_cat-scholl","8":"product_tag-kujdes-personal","9":"product_tag-kujdesi-per-kembet","10":"product_tag-maske-per-kembet","11":"product_tag-perkujdesi","12":"product_tag-scholl","14":"first","15":"instock","16":"shipping-taxable","17":"purchasable","18":"product-type-simple"},"yoast_head":"<!-- This site is optimized with the Yoast SEO plugin v27.3 - https:\/\/yoast.com\/product\/yoast-seo-wordpress\/ -->\n<title>SCHOLL PEDIAMASK - VITANET ALBANIA<\/title>\n<meta name=\"robots\" content=\"index, follow, max-snippet:-1, max-image-preview:large, max-video-preview:-1\" \/>\n<link rel=\"canonical\" href=\"https:\/\/vitanet.al\/sq\/product\/scholl-pediamask-2\/\" \/>\n<meta property=\"og:locale\" content=\"sq_AL\" \/>\n<meta property=\"og:type\" content=\"article\" \/>\n<meta property=\"og:title\" content=\"SCHOLL PEDIAMASK - VITANET ALBANIA\" \/>\n<meta property=\"og:description\" content=\"SCHOLL PEDIMASK MASK\u00cb HIDRATUESE RIGJENERUESE DHE RIPARUESE P\u00cbR K\u00cbMB\u00cbT. P\u00ebrmban: mjalt\u00eb manuka, ure, gjalp\u00eb shea, uj\u00eb, glicerin\u00eb, dimetikon, gliceril stearat, etj. P\u00ebrdorimi: Hiqe mask\u00ebn nga ambalazhi, preje n\u00eb vendin e caktuar n\u00eb pjes\u00ebn e sip\u00ebrme t\u00eb \u00e7orapes. Vishe secil\u00ebn \u00e7orape n\u00eb k\u00ebmb\u00eb t\u00eb pastra dhe t\u00eb thara paraprakisht, duke e fiksuar me pjes\u00ebn ngjit\u00ebse. Mbaje [&hellip;]\" \/>\n<meta property=\"og:url\" content=\"https:\/\/vitanet.al\/sq\/product\/scholl-pediamask-2\/\" \/>\n<meta property=\"og:site_name\" content=\"VITANET ALBANIA\" \/>\n<meta property=\"og:image\" content=\"https:\/\/vitanet.al\/wp-content\/uploads\/2026\/03\/ALB_4190-e1774445262491.jpg\" \/>\n\t<meta property=\"og:image:width\" content=\"1080\" \/>\n\t<meta property=\"og:image:height\" content=\"1080\" \/>\n\t<meta property=\"og:image:type\" content=\"image\/jpeg\" \/>\n<meta name=\"twitter:card\" content=\"summary_large_image\" \/>\n<meta name=\"twitter:label1\" content=\"Est. reading time\" \/>\n\t<meta name=\"twitter:data1\" content=\"1 minute\" \/>\n<script type=\"application\/ld+json\" class=\"yoast-schema-graph\">{\"@context\":\"https:\\\/\\\/schema.org\",\"@graph\":[{\"@type\":\"WebPage\",\"@id\":\"https:\\\/\\\/vitanet.al\\\/sq\\\/product\\\/scholl-pediamask-2\\\/\",\"url\":\"https:\\\/\\\/vitanet.al\\\/sq\\\/product\\\/scholl-pediamask-2\\\/\",\"name\":\"SCHOLL PEDIAMASK - VITANET ALBANIA\",\"isPartOf\":{\"@id\":\"https:\\\/\\\/vitanet.al\\\/sq\\\/#website\"},\"primaryImageOfPage\":{\"@id\":\"https:\\\/\\\/vitanet.al\\\/sq\\\/product\\\/scholl-pediamask-2\\\/#primaryimage\"},\"image\":{\"@id\":\"https:\\\/\\\/vitanet.al\\\/sq\\\/product\\\/scholl-pediamask-2\\\/#primaryimage\"},\"thumbnailUrl\":\"https:\\\/\\\/vitanet.al\\\/wp-content\\\/uploads\\\/2026\\\/03\\\/ALB_4190-e1774445262491.jpg\",\"datePublished\":\"2026-03-25T13:28:19+00:00\",\"breadcrumb\":{\"@id\":\"https:\\\/\\\/vitanet.al\\\/sq\\\/product\\\/scholl-pediamask-2\\\/#breadcrumb\"},\"inLanguage\":\"sq-AL\",\"potentialAction\":[{\"@type\":\"ReadAction\",\"target\":[\"https:\\\/\\\/vitanet.al\\\/sq\\\/product\\\/scholl-pediamask-2\\\/\"]}]},{\"@type\":\"ImageObject\",\"inLanguage\":\"sq-AL\",\"@id\":\"https:\\\/\\\/vitanet.al\\\/sq\\\/product\\\/scholl-pediamask-2\\\/#primaryimage\",\"url\":\"https:\\\/\\\/vitanet.al\\\/wp-content\\\/uploads\\\/2026\\\/03\\\/ALB_4190-e1774445262491.jpg\",\"contentUrl\":\"https:\\\/\\\/vitanet.al\\\/wp-content\\\/uploads\\\/2026\\\/03\\\/ALB_4190-e1774445262491.jpg\",\"width\":1080,\"height\":1080},{\"@type\":\"BreadcrumbList\",\"@id\":\"https:\\\/\\\/vitanet.al\\\/sq\\\/product\\\/scholl-pediamask-2\\\/#breadcrumb\",\"itemListElement\":[{\"@type\":\"ListItem\",\"position\":1,\"name\":\"Home\",\"item\":\"https:\\\/\\\/vitanet.al\\\/sq\\\/\"},{\"@type\":\"ListItem\",\"position\":2,\"name\":\"Shop\",\"item\":\"https:\\\/\\\/vitanet.al\\\/sq\\\/shop\\\/\"},{\"@type\":\"ListItem\",\"position\":3,\"name\":\"SCHOLL PEDIAMASK\"}]},{\"@type\":\"WebSite\",\"@id\":\"https:\\\/\\\/vitanet.al\\\/sq\\\/#website\",\"url\":\"https:\\\/\\\/vitanet.al\\\/sq\\\/\",\"name\":\"VITANET ALBANIA\",\"description\":\"\",\"publisher\":{\"@id\":\"https:\\\/\\\/vitanet.al\\\/sq\\\/#organization\"},\"potentialAction\":[{\"@type\":\"SearchAction\",\"target\":{\"@type\":\"EntryPoint\",\"urlTemplate\":\"https:\\\/\\\/vitanet.al\\\/sq\\\/?s={search_term_string}\"},\"query-input\":{\"@type\":\"PropertyValueSpecification\",\"valueRequired\":true,\"valueName\":\"search_term_string\"}}],\"inLanguage\":\"sq-AL\"},{\"@type\":\"Organization\",\"@id\":\"https:\\\/\\\/vitanet.al\\\/sq\\\/#organization\",\"name\":\"VITANET ALBANIA\",\"url\":\"https:\\\/\\\/vitanet.al\\\/sq\\\/\",\"logo\":{\"@type\":\"ImageObject\",\"inLanguage\":\"sq-AL\",\"@id\":\"https:\\\/\\\/vitanet.al\\\/sq\\\/#\\\/schema\\\/logo\\\/image\\\/\",\"url\":\"https:\\\/\\\/vitanet.al\\\/wp-content\\\/uploads\\\/2022\\\/02\\\/Vitanet_Logo-scaled.webp\",\"contentUrl\":\"https:\\\/\\\/vitanet.al\\\/wp-content\\\/uploads\\\/2022\\\/02\\\/Vitanet_Logo-scaled.webp\",\"width\":2560,\"height\":714,\"caption\":\"VITANET ALBANIA\"},\"image\":{\"@id\":\"https:\\\/\\\/vitanet.al\\\/sq\\\/#\\\/schema\\\/logo\\\/image\\\/\"}}]}<\/script>\n<!-- \/ Yoast SEO plugin. -->","yoast_head_json":{"title":"SCHOLL PEDIAMASK - VITANET ALBANIA","robots":{"index":"index","follow":"follow","max-snippet":"max-snippet:-1","max-image-preview":"max-image-preview:large","max-video-preview":"max-video-preview:-1"},"canonical":"https:\/\/vitanet.al\/sq\/product\/scholl-pediamask-2\/","og_locale":"sq_AL","og_type":"article","og_title":"SCHOLL PEDIAMASK - VITANET ALBANIA","og_description":"SCHOLL PEDIMASK MASK\u00cb HIDRATUESE RIGJENERUESE DHE RIPARUESE P\u00cbR K\u00cbMB\u00cbT. P\u00ebrmban: mjalt\u00eb manuka, ure, gjalp\u00eb shea, uj\u00eb, glicerin\u00eb, dimetikon, gliceril stearat, etj. P\u00ebrdorimi: Hiqe mask\u00ebn nga ambalazhi, preje n\u00eb vendin e caktuar n\u00eb pjes\u00ebn e sip\u00ebrme t\u00eb \u00e7orapes. Vishe secil\u00ebn \u00e7orape n\u00eb k\u00ebmb\u00eb t\u00eb pastra dhe t\u00eb thara paraprakisht, duke e fiksuar me pjes\u00ebn ngjit\u00ebse. Mbaje [&hellip;]","og_url":"https:\/\/vitanet.al\/sq\/product\/scholl-pediamask-2\/","og_site_name":"VITANET ALBANIA","og_image":[{"width":1080,"height":1080,"url":"https:\/\/vitanet.al\/wp-content\/uploads\/2026\/03\/ALB_4190-e1774445262491.jpg","type":"image\/jpeg"}],"twitter_card":"summary_large_image","twitter_misc":{"Est. reading time":"1 minute"},"schema":{"@context":"https:\/\/schema.org","@graph":[{"@type":"WebPage","@id":"https:\/\/vitanet.al\/sq\/product\/scholl-pediamask-2\/","url":"https:\/\/vitanet.al\/sq\/product\/scholl-pediamask-2\/","name":"SCHOLL PEDIAMASK - VITANET ALBANIA","isPartOf":{"@id":"https:\/\/vitanet.al\/sq\/#website"},"primaryImageOfPage":{"@id":"https:\/\/vitanet.al\/sq\/product\/scholl-pediamask-2\/#primaryimage"},"image":{"@id":"https:\/\/vitanet.al\/sq\/product\/scholl-pediamask-2\/#primaryimage"},"thumbnailUrl":"https:\/\/vitanet.al\/wp-content\/uploads\/2026\/03\/ALB_4190-e1774445262491.jpg","datePublished":"2026-03-25T13:28:19+00:00","breadcrumb":{"@id":"https:\/\/vitanet.al\/sq\/product\/scholl-pediamask-2\/#breadcrumb"},"inLanguage":"sq-AL","potentialAction":[{"@type":"ReadAction","target":["https:\/\/vitanet.al\/sq\/product\/scholl-pediamask-2\/"]}]},{"@type":"ImageObject","inLanguage":"sq-AL","@id":"https:\/\/vitanet.al\/sq\/product\/scholl-pediamask-2\/#primaryimage","url":"https:\/\/vitanet.al\/wp-content\/uploads\/2026\/03\/ALB_4190-e1774445262491.jpg","contentUrl":"https:\/\/vitanet.al\/wp-content\/uploads\/2026\/03\/ALB_4190-e1774445262491.jpg","width":1080,"height":1080},{"@type":"BreadcrumbList","@id":"https:\/\/vitanet.al\/sq\/product\/scholl-pediamask-2\/#breadcrumb","itemListElement":[{"@type":"ListItem","position":1,"name":"Home","item":"https:\/\/vitanet.al\/sq\/"},{"@type":"ListItem","position":2,"name":"Shop","item":"https:\/\/vitanet.al\/sq\/shop\/"},{"@type":"ListItem","position":3,"name":"SCHOLL PEDIAMASK"}]},{"@type":"WebSite","@id":"https:\/\/vitanet.al\/sq\/#website","url":"https:\/\/vitanet.al\/sq\/","name":"VITANET ALBANIA","description":"","publisher":{"@id":"https:\/\/vitanet.al\/sq\/#organization"},"potentialAction":[{"@type":"SearchAction","target":{"@type":"EntryPoint","urlTemplate":"https:\/\/vitanet.al\/sq\/?s={search_term_string}"},"query-input":{"@type":"PropertyValueSpecification","valueRequired":true,"valueName":"search_term_string"}}],"inLanguage":"sq-AL"},{"@type":"Organization","@id":"https:\/\/vitanet.al\/sq\/#organization","name":"VITANET ALBANIA","url":"https:\/\/vitanet.al\/sq\/","logo":{"@type":"ImageObject","inLanguage":"sq-AL","@id":"https:\/\/vitanet.al\/sq\/#\/schema\/logo\/image\/","url":"https:\/\/vitanet.al\/wp-content\/uploads\/2022\/02\/Vitanet_Logo-scaled.webp","contentUrl":"https:\/\/vitanet.al\/wp-content\/uploads\/2022\/02\/Vitanet_Logo-scaled.webp","width":2560,"height":714,"caption":"VITANET ALBANIA"},"image":{"@id":"https:\/\/vitanet.al\/sq\/#\/schema\/logo\/image\/"}}]}},"_links":{"self":[{"href":"https:\/\/vitanet.al\/sq\/wp-json\/wp\/v2\/product\/8487","targetHints":{"allow":["GET"]}}],"collection":[{"href":"https:\/\/vitanet.al\/sq\/wp-json\/wp\/v2\/product"}],"about":[{"href":"https:\/\/vitanet.al\/sq\/wp-json\/wp\/v2\/types\/product"}],"version-history":[{"count":0,"href":"https:\/\/vitanet.al\/sq\/wp-json\/wp\/v2\/product\/8487\/revisions"}],"wp:featuredmedia":[{"embeddable":true,"href":"https:\/\/vitanet.al\/sq\/wp-json\/wp\/v2\/media\/8484"}],"wp:attachment":[{"href":"https:\/\/vitanet.al\/sq\/wp-json\/wp\/v2\/media?parent=8487"}],"wp:term":[{"taxonomy":"product_brand","embeddable":true,"href":"https:\/\/vitanet.al\/sq\/wp-json\/wp\/v2\/product_brand?post=8487"},{"taxonomy":"product_cat","embeddable":true,"href":"https:\/\/vitanet.al\/sq\/wp-json\/wp\/v2\/product_cat?post=8487"},{"taxonomy":"product_tag","embeddable":true,"href":"https:\/\/vitanet.al\/sq\/wp-json\/wp\/v2\/product_tag?post=8487"}],"curies":[{"name":"wp","href":"https:\/\/api.w.org\/{rel}","templated":true}]}}