{"id":8505,"date":"2026-03-25T14:12:09","date_gmt":"2026-03-25T14:12:09","guid":{"rendered":"https:\/\/vitanet.al\/product\/sfungjere-scholl-per-kallot\/"},"modified":"2026-03-25T14:12:09","modified_gmt":"2026-03-25T14:12:09","slug":"sfungjere-scholl-per-kallot","status":"publish","type":"product","link":"https:\/\/vitanet.al\/sq\/product\/sfungjere-scholl-per-kallot\/","title":{"rendered":"SFUNGJER\u00cb SCHOLL P\u00cbR KALLOT"},"content":{"rendered":"<p>Sfungjer\u00ebt p\u00ebr mbrojtjen e kallove kan\u00eb form\u00eb optimale, duke u p\u00ebrshtatur mir\u00eb dhe duke zbutur kallot e forta. Fal\u00eb ngjit\u00ebsit hipoalergjik, jan\u00eb t\u00eb p\u00ebrshtatsh\u00ebm p\u00ebr l\u00ebkur\u00eb t\u00eb ndjeshme. Struktura me dy shtresa p\u00ebrb\u00ebhet nga dy shkuma t\u00eb buta me dend\u00ebsi t\u00eb ndryshme q\u00eb garantojn\u00eb mbrojtje maksimale dhe leht\u00ebsim t\u00eb presionit. Pjes\u00eb e gam\u00ebs Scholl p\u00ebr leht\u00ebsimin maksimal nga kallot, gungat dhe pikat e ndjeshme n\u00eb k\u00ebmb\u00eb. P\u00ebrdorimi: 1. Hiqe sfungjerin nga letra mbrojt\u00ebse dhe vendose n\u00eb qend\u00ebr mbi kallo (me an\u00ebn ngjit\u00ebse posht\u00eb), n\u00eb m\u00ebnyr\u00eb q\u00eb forma ovale t\u00eb jet\u00eb p\u00ebrgjat\u00eb gishtit. 2. Shtype leht\u00eb p\u00ebr pak sekonda q\u00eb t\u00eb ngjitet mir\u00eb. 3. Vendos nj\u00eb sfungjer t\u00eb ri \u00e7do dit\u00eb.       <\/p>\n","protected":false},"excerpt":{"rendered":"<p>Sfungjer\u00ebt p\u00ebr mbrojtjen e kallove kan\u00eb form\u00eb optimale, duke u p\u00ebrshtatur mir\u00eb dhe duke zbutur kallot e forta. Fal\u00eb ngjit\u00ebsit hipoalergjik, jan\u00eb t\u00eb p\u00ebrshtatsh\u00ebm p\u00ebr l\u00ebkur\u00eb t\u00eb ndjeshme. Struktura me dy shtresa p\u00ebrb\u00ebhet nga dy shkuma t\u00eb buta me dend\u00ebsi t\u00eb ndryshme q\u00eb garantojn\u00eb mbrojtje maksimale dhe leht\u00ebsim t\u00eb presionit. Pjes\u00eb e gam\u00ebs Scholl p\u00ebr [&hellip;]<\/p>\n","protected":false},"featured_media":8500,"template":"","meta":[],"product_brand":[],"product_cat":[100],"product_tag":[],"class_list":{"0":"post-8505","1":"product","2":"type-product","3":"status-publish","4":"has-post-thumbnail","6":"product_cat-uncategorized-sq","8":"first","9":"instock","10":"shipping-taxable","11":"purchasable","12":"product-type-simple"},"yoast_head":"<!-- This site is optimized with the Yoast SEO plugin v27.3 - https:\/\/yoast.com\/product\/yoast-seo-wordpress\/ -->\n<title>SFUNGJER\u00cb SCHOLL P\u00cbR KALLOT - VITANET ALBANIA<\/title>\n<meta name=\"robots\" content=\"index, follow, max-snippet:-1, max-image-preview:large, max-video-preview:-1\" \/>\n<link rel=\"canonical\" href=\"https:\/\/vitanet.al\/sq\/product\/sfungjere-scholl-per-kallot\/\" \/>\n<meta property=\"og:locale\" content=\"sq_AL\" \/>\n<meta property=\"og:type\" content=\"article\" \/>\n<meta property=\"og:title\" content=\"SFUNGJER\u00cb SCHOLL P\u00cbR KALLOT - VITANET ALBANIA\" \/>\n<meta property=\"og:description\" content=\"Sfungjer\u00ebt p\u00ebr mbrojtjen e kallove kan\u00eb form\u00eb optimale, duke u p\u00ebrshtatur mir\u00eb dhe duke zbutur kallot e forta. Fal\u00eb ngjit\u00ebsit hipoalergjik, jan\u00eb t\u00eb p\u00ebrshtatsh\u00ebm p\u00ebr l\u00ebkur\u00eb t\u00eb ndjeshme. Struktura me dy shtresa p\u00ebrb\u00ebhet nga dy shkuma t\u00eb buta me dend\u00ebsi t\u00eb ndryshme q\u00eb garantojn\u00eb mbrojtje maksimale dhe leht\u00ebsim t\u00eb presionit. Pjes\u00eb e gam\u00ebs Scholl p\u00ebr [&hellip;]\" \/>\n<meta property=\"og:url\" content=\"https:\/\/vitanet.al\/sq\/product\/sfungjere-scholl-per-kallot\/\" \/>\n<meta property=\"og:site_name\" content=\"VITANET ALBANIA\" \/>\n<meta property=\"og:image\" content=\"https:\/\/vitanet.al\/wp-content\/uploads\/2026\/03\/ALB_4193-e1774447919589.jpg\" \/>\n\t<meta property=\"og:image:width\" content=\"1080\" \/>\n\t<meta property=\"og:image:height\" content=\"1080\" \/>\n\t<meta property=\"og:image:type\" content=\"image\/jpeg\" \/>\n<meta name=\"twitter:card\" content=\"summary_large_image\" \/>\n<meta name=\"twitter:label1\" content=\"Est. reading time\" \/>\n\t<meta name=\"twitter:data1\" content=\"1 minute\" \/>\n<script type=\"application\/ld+json\" class=\"yoast-schema-graph\">{\"@context\":\"https:\\\/\\\/schema.org\",\"@graph\":[{\"@type\":\"WebPage\",\"@id\":\"https:\\\/\\\/vitanet.al\\\/sq\\\/product\\\/sfungjere-scholl-per-kallot\\\/\",\"url\":\"https:\\\/\\\/vitanet.al\\\/sq\\\/product\\\/sfungjere-scholl-per-kallot\\\/\",\"name\":\"SFUNGJER\u00cb SCHOLL P\u00cbR KALLOT - VITANET ALBANIA\",\"isPartOf\":{\"@id\":\"https:\\\/\\\/vitanet.al\\\/sq\\\/#website\"},\"primaryImageOfPage\":{\"@id\":\"https:\\\/\\\/vitanet.al\\\/sq\\\/product\\\/sfungjere-scholl-per-kallot\\\/#primaryimage\"},\"image\":{\"@id\":\"https:\\\/\\\/vitanet.al\\\/sq\\\/product\\\/sfungjere-scholl-per-kallot\\\/#primaryimage\"},\"thumbnailUrl\":\"https:\\\/\\\/vitanet.al\\\/wp-content\\\/uploads\\\/2026\\\/03\\\/ALB_4193-e1774447919589.jpg\",\"datePublished\":\"2026-03-25T14:12:09+00:00\",\"breadcrumb\":{\"@id\":\"https:\\\/\\\/vitanet.al\\\/sq\\\/product\\\/sfungjere-scholl-per-kallot\\\/#breadcrumb\"},\"inLanguage\":\"sq-AL\",\"potentialAction\":[{\"@type\":\"ReadAction\",\"target\":[\"https:\\\/\\\/vitanet.al\\\/sq\\\/product\\\/sfungjere-scholl-per-kallot\\\/\"]}]},{\"@type\":\"ImageObject\",\"inLanguage\":\"sq-AL\",\"@id\":\"https:\\\/\\\/vitanet.al\\\/sq\\\/product\\\/sfungjere-scholl-per-kallot\\\/#primaryimage\",\"url\":\"https:\\\/\\\/vitanet.al\\\/wp-content\\\/uploads\\\/2026\\\/03\\\/ALB_4193-e1774447919589.jpg\",\"contentUrl\":\"https:\\\/\\\/vitanet.al\\\/wp-content\\\/uploads\\\/2026\\\/03\\\/ALB_4193-e1774447919589.jpg\",\"width\":1080,\"height\":1080},{\"@type\":\"BreadcrumbList\",\"@id\":\"https:\\\/\\\/vitanet.al\\\/sq\\\/product\\\/sfungjere-scholl-per-kallot\\\/#breadcrumb\",\"itemListElement\":[{\"@type\":\"ListItem\",\"position\":1,\"name\":\"Home\",\"item\":\"https:\\\/\\\/vitanet.al\\\/sq\\\/\"},{\"@type\":\"ListItem\",\"position\":2,\"name\":\"Shop\",\"item\":\"https:\\\/\\\/vitanet.al\\\/sq\\\/shop\\\/\"},{\"@type\":\"ListItem\",\"position\":3,\"name\":\"SFUNGJER\u00cb SCHOLL P\u00cbR KALLOT\"}]},{\"@type\":\"WebSite\",\"@id\":\"https:\\\/\\\/vitanet.al\\\/sq\\\/#website\",\"url\":\"https:\\\/\\\/vitanet.al\\\/sq\\\/\",\"name\":\"VITANET ALBANIA\",\"description\":\"\",\"publisher\":{\"@id\":\"https:\\\/\\\/vitanet.al\\\/sq\\\/#organization\"},\"potentialAction\":[{\"@type\":\"SearchAction\",\"target\":{\"@type\":\"EntryPoint\",\"urlTemplate\":\"https:\\\/\\\/vitanet.al\\\/sq\\\/?s={search_term_string}\"},\"query-input\":{\"@type\":\"PropertyValueSpecification\",\"valueRequired\":true,\"valueName\":\"search_term_string\"}}],\"inLanguage\":\"sq-AL\"},{\"@type\":\"Organization\",\"@id\":\"https:\\\/\\\/vitanet.al\\\/sq\\\/#organization\",\"name\":\"VITANET ALBANIA\",\"url\":\"https:\\\/\\\/vitanet.al\\\/sq\\\/\",\"logo\":{\"@type\":\"ImageObject\",\"inLanguage\":\"sq-AL\",\"@id\":\"https:\\\/\\\/vitanet.al\\\/sq\\\/#\\\/schema\\\/logo\\\/image\\\/\",\"url\":\"https:\\\/\\\/vitanet.al\\\/wp-content\\\/uploads\\\/2022\\\/02\\\/Vitanet_Logo-scaled.webp\",\"contentUrl\":\"https:\\\/\\\/vitanet.al\\\/wp-content\\\/uploads\\\/2022\\\/02\\\/Vitanet_Logo-scaled.webp\",\"width\":2560,\"height\":714,\"caption\":\"VITANET ALBANIA\"},\"image\":{\"@id\":\"https:\\\/\\\/vitanet.al\\\/sq\\\/#\\\/schema\\\/logo\\\/image\\\/\"}}]}<\/script>\n<!-- \/ Yoast SEO plugin. -->","yoast_head_json":{"title":"SFUNGJER\u00cb SCHOLL P\u00cbR KALLOT - VITANET ALBANIA","robots":{"index":"index","follow":"follow","max-snippet":"max-snippet:-1","max-image-preview":"max-image-preview:large","max-video-preview":"max-video-preview:-1"},"canonical":"https:\/\/vitanet.al\/sq\/product\/sfungjere-scholl-per-kallot\/","og_locale":"sq_AL","og_type":"article","og_title":"SFUNGJER\u00cb SCHOLL P\u00cbR KALLOT - VITANET ALBANIA","og_description":"Sfungjer\u00ebt p\u00ebr mbrojtjen e kallove kan\u00eb form\u00eb optimale, duke u p\u00ebrshtatur mir\u00eb dhe duke zbutur kallot e forta. Fal\u00eb ngjit\u00ebsit hipoalergjik, jan\u00eb t\u00eb p\u00ebrshtatsh\u00ebm p\u00ebr l\u00ebkur\u00eb t\u00eb ndjeshme. Struktura me dy shtresa p\u00ebrb\u00ebhet nga dy shkuma t\u00eb buta me dend\u00ebsi t\u00eb ndryshme q\u00eb garantojn\u00eb mbrojtje maksimale dhe leht\u00ebsim t\u00eb presionit. Pjes\u00eb e gam\u00ebs Scholl p\u00ebr [&hellip;]","og_url":"https:\/\/vitanet.al\/sq\/product\/sfungjere-scholl-per-kallot\/","og_site_name":"VITANET ALBANIA","og_image":[{"width":1080,"height":1080,"url":"https:\/\/vitanet.al\/wp-content\/uploads\/2026\/03\/ALB_4193-e1774447919589.jpg","type":"image\/jpeg"}],"twitter_card":"summary_large_image","twitter_misc":{"Est. reading time":"1 minute"},"schema":{"@context":"https:\/\/schema.org","@graph":[{"@type":"WebPage","@id":"https:\/\/vitanet.al\/sq\/product\/sfungjere-scholl-per-kallot\/","url":"https:\/\/vitanet.al\/sq\/product\/sfungjere-scholl-per-kallot\/","name":"SFUNGJER\u00cb SCHOLL P\u00cbR KALLOT - VITANET ALBANIA","isPartOf":{"@id":"https:\/\/vitanet.al\/sq\/#website"},"primaryImageOfPage":{"@id":"https:\/\/vitanet.al\/sq\/product\/sfungjere-scholl-per-kallot\/#primaryimage"},"image":{"@id":"https:\/\/vitanet.al\/sq\/product\/sfungjere-scholl-per-kallot\/#primaryimage"},"thumbnailUrl":"https:\/\/vitanet.al\/wp-content\/uploads\/2026\/03\/ALB_4193-e1774447919589.jpg","datePublished":"2026-03-25T14:12:09+00:00","breadcrumb":{"@id":"https:\/\/vitanet.al\/sq\/product\/sfungjere-scholl-per-kallot\/#breadcrumb"},"inLanguage":"sq-AL","potentialAction":[{"@type":"ReadAction","target":["https:\/\/vitanet.al\/sq\/product\/sfungjere-scholl-per-kallot\/"]}]},{"@type":"ImageObject","inLanguage":"sq-AL","@id":"https:\/\/vitanet.al\/sq\/product\/sfungjere-scholl-per-kallot\/#primaryimage","url":"https:\/\/vitanet.al\/wp-content\/uploads\/2026\/03\/ALB_4193-e1774447919589.jpg","contentUrl":"https:\/\/vitanet.al\/wp-content\/uploads\/2026\/03\/ALB_4193-e1774447919589.jpg","width":1080,"height":1080},{"@type":"BreadcrumbList","@id":"https:\/\/vitanet.al\/sq\/product\/sfungjere-scholl-per-kallot\/#breadcrumb","itemListElement":[{"@type":"ListItem","position":1,"name":"Home","item":"https:\/\/vitanet.al\/sq\/"},{"@type":"ListItem","position":2,"name":"Shop","item":"https:\/\/vitanet.al\/sq\/shop\/"},{"@type":"ListItem","position":3,"name":"SFUNGJER\u00cb SCHOLL P\u00cbR KALLOT"}]},{"@type":"WebSite","@id":"https:\/\/vitanet.al\/sq\/#website","url":"https:\/\/vitanet.al\/sq\/","name":"VITANET ALBANIA","description":"","publisher":{"@id":"https:\/\/vitanet.al\/sq\/#organization"},"potentialAction":[{"@type":"SearchAction","target":{"@type":"EntryPoint","urlTemplate":"https:\/\/vitanet.al\/sq\/?s={search_term_string}"},"query-input":{"@type":"PropertyValueSpecification","valueRequired":true,"valueName":"search_term_string"}}],"inLanguage":"sq-AL"},{"@type":"Organization","@id":"https:\/\/vitanet.al\/sq\/#organization","name":"VITANET ALBANIA","url":"https:\/\/vitanet.al\/sq\/","logo":{"@type":"ImageObject","inLanguage":"sq-AL","@id":"https:\/\/vitanet.al\/sq\/#\/schema\/logo\/image\/","url":"https:\/\/vitanet.al\/wp-content\/uploads\/2022\/02\/Vitanet_Logo-scaled.webp","contentUrl":"https:\/\/vitanet.al\/wp-content\/uploads\/2022\/02\/Vitanet_Logo-scaled.webp","width":2560,"height":714,"caption":"VITANET ALBANIA"},"image":{"@id":"https:\/\/vitanet.al\/sq\/#\/schema\/logo\/image\/"}}]}},"_links":{"self":[{"href":"https:\/\/vitanet.al\/sq\/wp-json\/wp\/v2\/product\/8505","targetHints":{"allow":["GET"]}}],"collection":[{"href":"https:\/\/vitanet.al\/sq\/wp-json\/wp\/v2\/product"}],"about":[{"href":"https:\/\/vitanet.al\/sq\/wp-json\/wp\/v2\/types\/product"}],"version-history":[{"count":0,"href":"https:\/\/vitanet.al\/sq\/wp-json\/wp\/v2\/product\/8505\/revisions"}],"wp:featuredmedia":[{"embeddable":true,"href":"https:\/\/vitanet.al\/sq\/wp-json\/wp\/v2\/media\/8500"}],"wp:attachment":[{"href":"https:\/\/vitanet.al\/sq\/wp-json\/wp\/v2\/media?parent=8505"}],"wp:term":[{"taxonomy":"product_brand","embeddable":true,"href":"https:\/\/vitanet.al\/sq\/wp-json\/wp\/v2\/product_brand?post=8505"},{"taxonomy":"product_cat","embeddable":true,"href":"https:\/\/vitanet.al\/sq\/wp-json\/wp\/v2\/product_cat?post=8505"},{"taxonomy":"product_tag","embeddable":true,"href":"https:\/\/vitanet.al\/sq\/wp-json\/wp\/v2\/product_tag?post=8505"}],"curies":[{"name":"wp","href":"https:\/\/api.w.org\/{rel}","templated":true}]}}