{"id":8520,"date":"2026-03-25T14:23:26","date_gmt":"2026-03-25T14:23:26","guid":{"rendered":"https:\/\/vitanet.al\/product\/scholl-fresh-step\/"},"modified":"2026-03-25T14:23:26","modified_gmt":"2026-03-25T14:23:26","slug":"scholl-fresh-step","status":"publish","type":"product","link":"https:\/\/vitanet.al\/sq\/product\/scholl-fresh-step\/","title":{"rendered":"SCHOLL FRESH STEP"},"content":{"rendered":"<p>DEODORANT SPRAY P\u00cbR K\u00cbMB\u00cbT SCHOLL EXPERTCARE. Formuluar p\u00ebr efekt t\u00eb trefisht\u00eb: neutralizon aromat, i mban k\u00ebmb\u00ebt e thata dhe i mbron nga era e keqe p\u00ebr 24 or\u00eb. I testuar dermatologjikisht. P\u00ebrmban: alkool i denatyruar, butan, isobutan, propan, klorhidrat alumini, parfum, eugenol etj. P\u00ebrdorimi: Tunde mir\u00eb para p\u00ebrdorimit. Sp\u00ebrkate n\u00eb m\u00ebnyr\u00eb uniforme nga nj\u00eb distanc\u00eb 10\u201315 cm n\u00eb l\u00ebkur\u00eb t\u00eb that\u00eb, sidomos n\u00eb shput\u00eb dhe mes gishtave. Mund t\u00eb p\u00ebrdoret edhe nga diabetik\u00ebt dhe personat me probleme t\u00eb qarkullimit t\u00eb gjakut. Kujdes: Mos e p\u00ebrdor n\u00eb l\u00ebkur\u00eb t\u00eb d\u00ebmtuar, t\u00eb irrituar ose t\u00eb inflamuar. N\u00eb rast irritimi, nd\u00ebrprite p\u00ebrdorimin. Mbaje larg f\u00ebmij\u00ebve. Shmange kontaktin me syt\u00eb. Produkt i ndezsh\u00ebm; mbaje larg nxeht\u00ebsis\u00eb dhe rrezeve t\u00eb diellit. Mos e ekspozo n\u00eb temperatura mbi 50 \u00b0C. Mos e d\u00ebmto ose digj paketimin, edhe pas p\u00ebrdorimit. Paketimi: 150 ml<\/p>\n","protected":false},"excerpt":{"rendered":"<p>DEODORANT SPRAY P\u00cbR K\u00cbMB\u00cbT SCHOLL EXPERTCARE. Formuluar p\u00ebr efekt t\u00eb trefisht\u00eb: neutralizon aromat, i mban k\u00ebmb\u00ebt e thata dhe i mbron nga era e keqe p\u00ebr 24 or\u00eb. I testuar dermatologjikisht. P\u00ebrmban: alkool i denatyruar, butan, isobutan, propan, klorhidrat alumini, parfum, eugenol etj. P\u00ebrdorimi: Tunde mir\u00eb para p\u00ebrdorimit. Sp\u00ebrkate n\u00eb m\u00ebnyr\u00eb uniforme nga nj\u00eb distanc\u00eb [&hellip;]<\/p>\n","protected":false},"featured_media":8516,"template":"","meta":[],"product_brand":[],"product_cat":[182,181],"product_tag":[191,183,196,186,184],"class_list":{"0":"post-8520","1":"product","2":"type-product","3":"status-publish","4":"has-post-thumbnail","6":"product_cat-kujdesi-personal","7":"product_cat-scholl","8":"product_tag-kujdes-personal","9":"product_tag-kujdesi-per-kembet","10":"product_tag-maske-per-kembet","11":"product_tag-perkujdesi","12":"product_tag-scholl","14":"first","15":"instock","16":"shipping-taxable","17":"purchasable","18":"product-type-simple"},"yoast_head":"<!-- This site is optimized with the Yoast SEO plugin v27.3 - https:\/\/yoast.com\/product\/yoast-seo-wordpress\/ -->\n<title>SCHOLL FRESH STEP - VITANET ALBANIA<\/title>\n<meta name=\"robots\" content=\"index, follow, max-snippet:-1, max-image-preview:large, max-video-preview:-1\" \/>\n<link rel=\"canonical\" href=\"https:\/\/vitanet.al\/sq\/product\/scholl-fresh-step\/\" \/>\n<meta property=\"og:locale\" content=\"sq_AL\" \/>\n<meta property=\"og:type\" content=\"article\" \/>\n<meta property=\"og:title\" content=\"SCHOLL FRESH STEP - VITANET ALBANIA\" \/>\n<meta property=\"og:description\" content=\"DEODORANT SPRAY P\u00cbR K\u00cbMB\u00cbT SCHOLL EXPERTCARE. Formuluar p\u00ebr efekt t\u00eb trefisht\u00eb: neutralizon aromat, i mban k\u00ebmb\u00ebt e thata dhe i mbron nga era e keqe p\u00ebr 24 or\u00eb. I testuar dermatologjikisht. P\u00ebrmban: alkool i denatyruar, butan, isobutan, propan, klorhidrat alumini, parfum, eugenol etj. P\u00ebrdorimi: Tunde mir\u00eb para p\u00ebrdorimit. Sp\u00ebrkate n\u00eb m\u00ebnyr\u00eb uniforme nga nj\u00eb distanc\u00eb [&hellip;]\" \/>\n<meta property=\"og:url\" content=\"https:\/\/vitanet.al\/sq\/product\/scholl-fresh-step\/\" \/>\n<meta property=\"og:site_name\" content=\"VITANET ALBANIA\" \/>\n<meta property=\"og:image\" content=\"https:\/\/vitanet.al\/wp-content\/uploads\/2026\/03\/ALB_4208-e1774448543398.jpg\" \/>\n\t<meta property=\"og:image:width\" content=\"1080\" \/>\n\t<meta property=\"og:image:height\" content=\"1080\" \/>\n\t<meta property=\"og:image:type\" content=\"image\/jpeg\" \/>\n<meta name=\"twitter:card\" content=\"summary_large_image\" \/>\n<meta name=\"twitter:label1\" content=\"Est. reading time\" \/>\n\t<meta name=\"twitter:data1\" content=\"1 minute\" \/>\n<script type=\"application\/ld+json\" class=\"yoast-schema-graph\">{\"@context\":\"https:\\\/\\\/schema.org\",\"@graph\":[{\"@type\":\"WebPage\",\"@id\":\"https:\\\/\\\/vitanet.al\\\/sq\\\/product\\\/scholl-fresh-step\\\/\",\"url\":\"https:\\\/\\\/vitanet.al\\\/sq\\\/product\\\/scholl-fresh-step\\\/\",\"name\":\"SCHOLL FRESH STEP - VITANET ALBANIA\",\"isPartOf\":{\"@id\":\"https:\\\/\\\/vitanet.al\\\/sq\\\/#website\"},\"primaryImageOfPage\":{\"@id\":\"https:\\\/\\\/vitanet.al\\\/sq\\\/product\\\/scholl-fresh-step\\\/#primaryimage\"},\"image\":{\"@id\":\"https:\\\/\\\/vitanet.al\\\/sq\\\/product\\\/scholl-fresh-step\\\/#primaryimage\"},\"thumbnailUrl\":\"https:\\\/\\\/vitanet.al\\\/wp-content\\\/uploads\\\/2026\\\/03\\\/ALB_4208-e1774448543398.jpg\",\"datePublished\":\"2026-03-25T14:23:26+00:00\",\"breadcrumb\":{\"@id\":\"https:\\\/\\\/vitanet.al\\\/sq\\\/product\\\/scholl-fresh-step\\\/#breadcrumb\"},\"inLanguage\":\"sq-AL\",\"potentialAction\":[{\"@type\":\"ReadAction\",\"target\":[\"https:\\\/\\\/vitanet.al\\\/sq\\\/product\\\/scholl-fresh-step\\\/\"]}]},{\"@type\":\"ImageObject\",\"inLanguage\":\"sq-AL\",\"@id\":\"https:\\\/\\\/vitanet.al\\\/sq\\\/product\\\/scholl-fresh-step\\\/#primaryimage\",\"url\":\"https:\\\/\\\/vitanet.al\\\/wp-content\\\/uploads\\\/2026\\\/03\\\/ALB_4208-e1774448543398.jpg\",\"contentUrl\":\"https:\\\/\\\/vitanet.al\\\/wp-content\\\/uploads\\\/2026\\\/03\\\/ALB_4208-e1774448543398.jpg\",\"width\":1080,\"height\":1080},{\"@type\":\"BreadcrumbList\",\"@id\":\"https:\\\/\\\/vitanet.al\\\/sq\\\/product\\\/scholl-fresh-step\\\/#breadcrumb\",\"itemListElement\":[{\"@type\":\"ListItem\",\"position\":1,\"name\":\"Home\",\"item\":\"https:\\\/\\\/vitanet.al\\\/sq\\\/\"},{\"@type\":\"ListItem\",\"position\":2,\"name\":\"Shop\",\"item\":\"https:\\\/\\\/vitanet.al\\\/sq\\\/shop\\\/\"},{\"@type\":\"ListItem\",\"position\":3,\"name\":\"SCHOLL FRESH STEP\"}]},{\"@type\":\"WebSite\",\"@id\":\"https:\\\/\\\/vitanet.al\\\/sq\\\/#website\",\"url\":\"https:\\\/\\\/vitanet.al\\\/sq\\\/\",\"name\":\"VITANET ALBANIA\",\"description\":\"\",\"publisher\":{\"@id\":\"https:\\\/\\\/vitanet.al\\\/sq\\\/#organization\"},\"potentialAction\":[{\"@type\":\"SearchAction\",\"target\":{\"@type\":\"EntryPoint\",\"urlTemplate\":\"https:\\\/\\\/vitanet.al\\\/sq\\\/?s={search_term_string}\"},\"query-input\":{\"@type\":\"PropertyValueSpecification\",\"valueRequired\":true,\"valueName\":\"search_term_string\"}}],\"inLanguage\":\"sq-AL\"},{\"@type\":\"Organization\",\"@id\":\"https:\\\/\\\/vitanet.al\\\/sq\\\/#organization\",\"name\":\"VITANET ALBANIA\",\"url\":\"https:\\\/\\\/vitanet.al\\\/sq\\\/\",\"logo\":{\"@type\":\"ImageObject\",\"inLanguage\":\"sq-AL\",\"@id\":\"https:\\\/\\\/vitanet.al\\\/sq\\\/#\\\/schema\\\/logo\\\/image\\\/\",\"url\":\"https:\\\/\\\/vitanet.al\\\/wp-content\\\/uploads\\\/2022\\\/02\\\/Vitanet_Logo-scaled.webp\",\"contentUrl\":\"https:\\\/\\\/vitanet.al\\\/wp-content\\\/uploads\\\/2022\\\/02\\\/Vitanet_Logo-scaled.webp\",\"width\":2560,\"height\":714,\"caption\":\"VITANET ALBANIA\"},\"image\":{\"@id\":\"https:\\\/\\\/vitanet.al\\\/sq\\\/#\\\/schema\\\/logo\\\/image\\\/\"}}]}<\/script>\n<!-- \/ Yoast SEO plugin. -->","yoast_head_json":{"title":"SCHOLL FRESH STEP - VITANET ALBANIA","robots":{"index":"index","follow":"follow","max-snippet":"max-snippet:-1","max-image-preview":"max-image-preview:large","max-video-preview":"max-video-preview:-1"},"canonical":"https:\/\/vitanet.al\/sq\/product\/scholl-fresh-step\/","og_locale":"sq_AL","og_type":"article","og_title":"SCHOLL FRESH STEP - VITANET ALBANIA","og_description":"DEODORANT SPRAY P\u00cbR K\u00cbMB\u00cbT SCHOLL EXPERTCARE. Formuluar p\u00ebr efekt t\u00eb trefisht\u00eb: neutralizon aromat, i mban k\u00ebmb\u00ebt e thata dhe i mbron nga era e keqe p\u00ebr 24 or\u00eb. I testuar dermatologjikisht. P\u00ebrmban: alkool i denatyruar, butan, isobutan, propan, klorhidrat alumini, parfum, eugenol etj. P\u00ebrdorimi: Tunde mir\u00eb para p\u00ebrdorimit. Sp\u00ebrkate n\u00eb m\u00ebnyr\u00eb uniforme nga nj\u00eb distanc\u00eb [&hellip;]","og_url":"https:\/\/vitanet.al\/sq\/product\/scholl-fresh-step\/","og_site_name":"VITANET ALBANIA","og_image":[{"width":1080,"height":1080,"url":"https:\/\/vitanet.al\/wp-content\/uploads\/2026\/03\/ALB_4208-e1774448543398.jpg","type":"image\/jpeg"}],"twitter_card":"summary_large_image","twitter_misc":{"Est. reading time":"1 minute"},"schema":{"@context":"https:\/\/schema.org","@graph":[{"@type":"WebPage","@id":"https:\/\/vitanet.al\/sq\/product\/scholl-fresh-step\/","url":"https:\/\/vitanet.al\/sq\/product\/scholl-fresh-step\/","name":"SCHOLL FRESH STEP - VITANET ALBANIA","isPartOf":{"@id":"https:\/\/vitanet.al\/sq\/#website"},"primaryImageOfPage":{"@id":"https:\/\/vitanet.al\/sq\/product\/scholl-fresh-step\/#primaryimage"},"image":{"@id":"https:\/\/vitanet.al\/sq\/product\/scholl-fresh-step\/#primaryimage"},"thumbnailUrl":"https:\/\/vitanet.al\/wp-content\/uploads\/2026\/03\/ALB_4208-e1774448543398.jpg","datePublished":"2026-03-25T14:23:26+00:00","breadcrumb":{"@id":"https:\/\/vitanet.al\/sq\/product\/scholl-fresh-step\/#breadcrumb"},"inLanguage":"sq-AL","potentialAction":[{"@type":"ReadAction","target":["https:\/\/vitanet.al\/sq\/product\/scholl-fresh-step\/"]}]},{"@type":"ImageObject","inLanguage":"sq-AL","@id":"https:\/\/vitanet.al\/sq\/product\/scholl-fresh-step\/#primaryimage","url":"https:\/\/vitanet.al\/wp-content\/uploads\/2026\/03\/ALB_4208-e1774448543398.jpg","contentUrl":"https:\/\/vitanet.al\/wp-content\/uploads\/2026\/03\/ALB_4208-e1774448543398.jpg","width":1080,"height":1080},{"@type":"BreadcrumbList","@id":"https:\/\/vitanet.al\/sq\/product\/scholl-fresh-step\/#breadcrumb","itemListElement":[{"@type":"ListItem","position":1,"name":"Home","item":"https:\/\/vitanet.al\/sq\/"},{"@type":"ListItem","position":2,"name":"Shop","item":"https:\/\/vitanet.al\/sq\/shop\/"},{"@type":"ListItem","position":3,"name":"SCHOLL FRESH STEP"}]},{"@type":"WebSite","@id":"https:\/\/vitanet.al\/sq\/#website","url":"https:\/\/vitanet.al\/sq\/","name":"VITANET ALBANIA","description":"","publisher":{"@id":"https:\/\/vitanet.al\/sq\/#organization"},"potentialAction":[{"@type":"SearchAction","target":{"@type":"EntryPoint","urlTemplate":"https:\/\/vitanet.al\/sq\/?s={search_term_string}"},"query-input":{"@type":"PropertyValueSpecification","valueRequired":true,"valueName":"search_term_string"}}],"inLanguage":"sq-AL"},{"@type":"Organization","@id":"https:\/\/vitanet.al\/sq\/#organization","name":"VITANET ALBANIA","url":"https:\/\/vitanet.al\/sq\/","logo":{"@type":"ImageObject","inLanguage":"sq-AL","@id":"https:\/\/vitanet.al\/sq\/#\/schema\/logo\/image\/","url":"https:\/\/vitanet.al\/wp-content\/uploads\/2022\/02\/Vitanet_Logo-scaled.webp","contentUrl":"https:\/\/vitanet.al\/wp-content\/uploads\/2022\/02\/Vitanet_Logo-scaled.webp","width":2560,"height":714,"caption":"VITANET ALBANIA"},"image":{"@id":"https:\/\/vitanet.al\/sq\/#\/schema\/logo\/image\/"}}]}},"_links":{"self":[{"href":"https:\/\/vitanet.al\/sq\/wp-json\/wp\/v2\/product\/8520","targetHints":{"allow":["GET"]}}],"collection":[{"href":"https:\/\/vitanet.al\/sq\/wp-json\/wp\/v2\/product"}],"about":[{"href":"https:\/\/vitanet.al\/sq\/wp-json\/wp\/v2\/types\/product"}],"version-history":[{"count":0,"href":"https:\/\/vitanet.al\/sq\/wp-json\/wp\/v2\/product\/8520\/revisions"}],"wp:featuredmedia":[{"embeddable":true,"href":"https:\/\/vitanet.al\/sq\/wp-json\/wp\/v2\/media\/8516"}],"wp:attachment":[{"href":"https:\/\/vitanet.al\/sq\/wp-json\/wp\/v2\/media?parent=8520"}],"wp:term":[{"taxonomy":"product_brand","embeddable":true,"href":"https:\/\/vitanet.al\/sq\/wp-json\/wp\/v2\/product_brand?post=8520"},{"taxonomy":"product_cat","embeddable":true,"href":"https:\/\/vitanet.al\/sq\/wp-json\/wp\/v2\/product_cat?post=8520"},{"taxonomy":"product_tag","embeddable":true,"href":"https:\/\/vitanet.al\/sq\/wp-json\/wp\/v2\/product_tag?post=8520"}],"curies":[{"name":"wp","href":"https:\/\/api.w.org\/{rel}","templated":true}]}}